{"id":51769,"date":"2020-08-26T13:00:52","date_gmt":"2020-08-26T11:00:52","guid":{"rendered":"https:\/\/obera.fr\/%d0%b1%d1%80%d0%be%d1%98%d0%b0%d1%87-%d0%bd%d0%b0-%d1%87%d0%b5%d1%81%d1%82%d0%b8%d1%87%d0%ba%d0%b8\/"},"modified":"2025-06-03T15:22:12","modified_gmt":"2025-06-03T13:22:12","slug":"compteur-particules","status":"publish","type":"page","link":"https:\/\/obera.fr\/mk\/produits\/analyseurs-air\/compteur-particules\/","title":{"rendered":"\u0411\u0440\u043e\u0458\u0430\u0447 \u043d\u0430 \u0447\u0435\u0441\u0442\u0438\u0447\u043a\u0438"},"content":{"rendered":"\n<h2 class=\"wp-block-heading\">\u0421\u043b\u0435\u0434\u0435\u045a\u0435 \u043d\u0430 \u043d\u0438\u0432\u043e\u0442\u043e \u043d\u0430 \u043f\u0440\u0430\u0448\u0438\u043d\u0430<\/h2>\n\n\n\n<div class=\"wp-block-columns is-layout-flex wp-container-core-columns-is-layout-28f84493 wp-block-columns-is-layout-flex\">\n<div class=\"wp-block-column is-layout-flow wp-block-column-is-layout-flow\" style=\"flex-basis:33.33%\">\n<figure class=\"wp-block-image aligncenter size-thumbnail\"><img decoding=\"async\" width=\"150\" height=\"150\" src=\"https:\/\/obera.fr\/wp-content\/uploads\/2020\/08\/compteur-de-particules-150x150.png\" alt=\"\u0411\u0440\u043e\u0458\u0430\u0447 \u043d\u0430 \u0447\u0435\u0441\u0442\u0438\u0447\u043a\u0438\" class=\"wp-image-714\" srcset=\"https:\/\/obera.fr\/wp-content\/uploads\/2020\/08\/compteur-de-particules-150x150.png 150w, https:\/\/obera.fr\/wp-content\/uploads\/2020\/08\/compteur-de-particules-300x300.png 300w, https:\/\/obera.fr\/wp-content\/uploads\/2020\/08\/compteur-de-particules.png 433w\" sizes=\"(max-width: 150px) 100vw, 150px\" \/><figcaption class=\"wp-element-caption\">\u0411\u0440\u043e\u0458\u0430\u0447 \u043d\u0430 \u0447\u0435\u0441\u0442\u0438\u0447\u043a\u0438<\/figcaption><\/figure>\n<\/div>\n\n\n\n<div class=\"wp-block-column is-layout-flow wp-block-column-is-layout-flow\" style=\"flex-basis:66.66%\">\n<p><strong>\u0411\u0440\u043e\u0458\u0430\u0447\u043e\u0442 \u043d\u0430 \u0447\u0435\u0441\u0442\u0438\u0447\u043a\u0438 OberA<\/strong> \u0435 \u0443\u043d\u0438\u0432\u0435\u0440\u0437\u0430\u043b\u0435\u043d \u0438\u043d\u0441\u0442\u0440\u0443\u043c\u0435\u043d\u0442 \u0437\u0430 \u0431\u0440\u043e\u0435\u045a\u0435 \u0447\u0435\u0441\u0442\u0438\u0447\u043a\u0438 \u0432\u043e \u0432\u043e\u0437\u0434\u0443\u0445\u043e\u0442.  <\/p>\n\n\n\n<p>\u0422\u043e\u0458 \u0435 \u0441\u043f\u043e\u0441\u043e\u0431\u0435\u043d \u0434\u0430 \u043f\u0440\u0435\u0441\u043c\u0435\u0442\u0443\u0432\u0430 \u0448\u0435\u0441\u0442 \u0440\u0430\u0437\u043b\u0438\u0447\u043d\u0438 \u0444\u0440\u0430\u043a\u0446\u0438\u0438 \u0441\u043e \u0433\u043e\u043b\u0435\u043c\u0438\u043d\u0430 \u043d\u0430 \u0447\u0435\u0441\u0442\u0438\u0447\u043a\u0438 \u043e\u0434 \u043f\u0440\u0430\u0448\u0438\u043d\u0430 (\u0447\u0435\u0441\u0442\u0438\u0447\u043a\u0438 \u043e\u0434 0,3 \u0434\u043e 10 \u00b5m), \u043a\u0430\u043a\u043e \u0438 \u0434\u0430 \u0458\u0430 \u043c\u0435\u0440\u0438 \u0432\u043b\u0430\u0436\u043d\u043e\u0441\u0442\u0430 \u0438 \u0442\u0435\u043c\u043f\u0435\u0440\u0430\u0442\u0443\u0440\u0430\u0442\u0430 \u043d\u0430 \u043e\u043a\u043e\u043b\u0438\u043d\u0430\u0442\u0430.  <\/p>\n\n\n\n<p>\u041e\u0432\u0430 \u0433\u043e \u043f\u0440\u0430\u0432\u0438 \u043e\u0432\u043e\u0458 \u0431\u0440\u043e\u0458\u0430\u0447 \u043d\u0430 \u0447\u0435\u0441\u0442\u0438\u0447\u043a\u0438 \u0443\u043d\u0438\u0432\u0435\u0440\u0437\u0430\u043b\u043d\u0430 \u043e\u043f\u0440\u0435\u043c\u0430.<\/p>\n\n\n\n<hr class=\"wp-block-separator has-text-color has-black-color has-css-opacity has-black-background-color has-background is-style-dots\"\/>\n\n\n\n<div class=\"wp-block-columns is-layout-flex wp-container-core-columns-is-layout-28f84493 wp-block-columns-is-layout-flex\">\n<div class=\"wp-block-column is-layout-flow wp-block-column-is-layout-flow\" style=\"flex-basis:33.33%\">\n<div class=\"wp-block-buttons is-layout-flex wp-block-buttons-is-layout-flex\">\n<div class=\"wp-block-button\"><a class=\"wp-block-button__link wp-element-button\" href=\"https:\/\/obera.fr\/wp-content\/uploads\/2025\/04\/brochure-obdt-9883m-en.pdf\"><strong>\u041f\u0420\u0415\u0417\u0415\u041c\u0418<\/strong> \u0408\u0410 <strong>\u0411\u0420\u041e\u0428\u0423\u0420\u0410\u0422\u0410<\/strong><\/a><\/div>\n<\/div>\n<\/div>\n\n\n\n<div class=\"wp-block-column is-layout-flow wp-block-column-is-layout-flow\" style=\"flex-basis:33.34%\">\n<div class=\"wp-block-buttons is-horizontal is-content-justification-center is-layout-flex wp-container-core-buttons-is-layout-03627597 wp-block-buttons-is-layout-flex\">\n<div class=\"wp-block-button has-custom-width wp-block-button__width-100\"><a class=\"wp-block-button__link wp-element-button\" href=\"https:\/\/obera.fr\/mk\/%D0%BA%D0%BE%D0%BD%D1%82%D0%B0%D0%BA%D1%82%D0%B8%D1%80%D0%B0%D1%98%D1%82%D0%B5-%D0%BD%D0%B5\/\">\u0414\u043e\u0437\u043d\u0430\u0458\u0442\u0435 \u043f\u043e\u0432\u0435\u045c\u0435<\/a><\/div>\n<\/div>\n<\/div>\n\n\n\n<div class=\"wp-block-column is-layout-flow wp-block-column-is-layout-flow\" style=\"flex-basis:33.34%\">\n<div class=\"wp-block-buttons is-content-justification-center is-layout-flex wp-container-core-buttons-is-layout-a89b3969 wp-block-buttons-is-layout-flex\">\n<div class=\"wp-block-button btn-devis-source\"><a class=\"wp-block-button__link wp-element-button\" href=\"https:\/\/obera.fr\/mk\/devis\/\">\u0411\u0430\u0440\u0430\u045a\u0435 \u0437\u0430 \u043f\u043e\u043d\u0443\u0434\u0430<\/a><\/div>\n<\/div>\n\n\n<script>\r\ndocument.addEventListener('DOMContentLoaded', function() {\r\n    \/\/ 1. On cherche le titre H1 de la page\r\n    var h1 = document.querySelector('h1');\r\n    var productTitle = h1 ? h1.innerText.trim() : \"\";\r\n\r\n    \/\/ 2. On cherche les boutons via la classe CSS .btn-devis-source\r\n    var buttons = document.querySelectorAll('.btn-devis-source a');\r\n\r\n    \/\/ 3. Si on a le titre et les boutons, on ajoute le param\u00e8tre\r\n    if (buttons.length > 0 && productTitle !== \"\") {\r\n        var encodedTitle = encodeURIComponent(productTitle);\r\n\r\n        buttons.forEach(function(btn) {\r\n            var currentHref = btn.getAttribute('href');\r\n            \r\n            \/\/ S\u00e9curit\u00e9 pour ne pas ajouter le param\u00e8tre 2 fois\r\n            if (currentHref.indexOf('sujet=') === -1) {\r\n                var separator = currentHref.indexOf('?') !== -1 ? '&' : '?';\r\n                var newLink = currentHref + separator + 'sujet=' + encodedTitle;\r\n                \r\n                btn.setAttribute('href', newLink);\r\n            }\r\n        });\r\n    }\r\n});\r\n<\/script><\/div>\n<\/div>\n\n\n\n<p><\/p>\n<\/div>\n<\/div>\n\n\n\n<h2 class=\"wp-block-heading\">\u041f\u0440\u0435\u0434\u043d\u043e\u0441\u0442\u0438\u0442\u0435 \u043d\u0430 \u0431\u0440\u043e\u0458\u0430\u0447\u043e\u0442 \u043d\u0430 \u0447\u0435\u0441\u0442\u0438\u0447\u043a\u0438<\/h2>\n\n\n\n<div class=\"wp-block-columns is-layout-flex wp-container-core-columns-is-layout-28f84493 wp-block-columns-is-layout-flex\">\n<div class=\"wp-block-column is-layout-flow wp-block-column-is-layout-flow\">\n<h3 class=\"wp-block-heading has-text-align-center\"><strong>\u041f\u0440\u0438\u0434\u043e\u0431\u0438\u0432\u043a\u0438<\/strong><\/h3>\n\n\n\n<ul class=\"wp-block-list\">\n<li>\u041e\u0442\u043a\u0440\u0438\u0432\u0430 6 \u0433\u043e\u043b\u0435\u043c\u0438\u043d\u0438 (0,3\/0,5\/1,0\/2,5\/5,0\/10 \u03bcm)<\/li>\n\n\n\n<li>\u041c\u0435\u0440\u0435\u045a\u0435 \u043d\u0430 \u0442\u0435\u043c\u043f\u0435\u0440\u0430\u0442\u0443\u0440\u0430 \u0438 \u0432\u043b\u0430\u0436\u043d\u043e\u0441\u0442<\/li>\n\n\n\n<li>\u0412\u0433\u0440\u0430\u0434\u0435\u043d\u0430 \u043a\u0430\u043c\u0435\u0440\u0430 \u0437\u0430 \u0441\u043d\u0438\u043c\u0430\u045a\u0435 \u0441\u043b\u0438\u043a\u0438 \u0438 \u0432\u0438\u0434\u0435\u043e<\/li>\n<\/ul>\n<\/div>\n\n\n\n<div class=\"wp-block-column is-layout-flow wp-block-column-is-layout-flow\">\n<h3 class=\"wp-block-heading has-text-align-center\"><strong>\u041f\u0440\u0438\u043c\u0435\u0440\u0438 \u043d\u0430 \u043a\u043e\u0440\u0438\u0441\u043d\u0438\u0447\u043a\u0438 \u0438\u043d\u0434\u0443\u0441\u0442\u0440\u0438\u0438<\/strong><\/h3>\n\n\n\n<ul class=\"wp-block-list\">\n<li>\u0421\u0438\u0432\u0438 \u0441\u043e\u0431\u0438<\/li>\n\n\n\n<li>\u041c\u0430\u0448\u0438\u043d\u0441\u043a\u0430 \u0438\u043d\u0434\u0443\u0441\u0442\u0440\u0438\u0458\u0430<\/li>\n\n\n\n<li>\u041c\u0435\u0442\u0430\u043b\u0443\u0440\u0433\u0438\u0458\u0430<\/li>\n\n\n\n<li>\u041f\u043b\u0430\u0441\u0442\u0438\u043a\u0430<\/li>\n\n\n\n<li>\u041f\u0438\u0458\u0442\u0435<\/li>\n\n\n\n<li>\u041f\u0435\u0442\u0440\u043e\u0445\u0435\u043c\u0438\u043a\u0430\u043b\u0438\u0438<\/li>\n\n\n\n<li>\u041e\u0431\u0440\u0430\u0431\u043e\u0442\u043a\u0430 \u043d\u0430 \u043f\u043e\u043b\u0438\u043c\u0435\u0440 \u0438 \u043f\u043b\u0430\u0441\u0442\u0438\u043a\u0430<\/li>\n\n\n\n<li>\u0424\u0430\u0440\u043c\u0430\u0446\u0435\u0432\u0442\u0441\u043a\u0438<\/li>\n\n\n\n<li>\u0410\u0433\u0440\u043e-\u0445\u0440\u0430\u043d\u0430<\/li>\n<\/ul>\n<\/div>\n<\/div>\n\n\n\n<h2 class=\"wp-block-heading\">\u0418\u0437\u043c\u0435\u0440\u0435\u043d\u0438 \u0437\u0430\u0433\u0430\u0434\u0443\u0432\u0430\u0447\u0438<\/h2>\n\n\n\n<div class=\"wp-block-columns is-layout-flex wp-container-core-columns-is-layout-28f84493 wp-block-columns-is-layout-flex\">\n<div class=\"wp-block-column is-layout-flow wp-block-column-is-layout-flow\">\n<h3 class=\"wp-block-heading\"><strong>\u0421\u0435\u043d\u0437\u043e\u0440 \u0437\u0430 \u043f\u0440\u0430\u0448\u0438\u043d\u0430 PM 0,3 \u0434\u043e PM 10<\/strong><\/h3>\n\n\n\n<p>(\u0447\u0435\u0441\u0442\u0438\u0447\u043a\u0438 \u043f\u043e\u0433\u043e\u043b\u0435\u043c\u0438 \u043e\u0434 0,3 \u00b5g \u0434\u043e 10 \u00b5m)<\/p>\n\n\n\n<p>\u0410\u043d\u0430\u043b\u0438\u0437\u0430\u0442\u043e\u0440\u043e\u0442 \u043d\u0430 \u0447\u0435\u0441\u0442\u0438\u0447\u043a\u0438 oberA \u0435 \u0441\u043f\u043e\u0441\u043e\u0431\u0435\u043d \u0434\u0430 \u043c\u0435\u0440\u0438 6 \u0433\u043e\u043b\u0435\u043c\u0438\u043d\u0438 \u043d\u0430 \u0447\u0435\u0441\u0442\u0438\u0447\u043a\u0438 \u0438\u0441\u0442\u043e\u0432\u0440\u0435\u043c\u0435\u043d\u043e. :<\/p>\n\n\n\n<p>0,3 \u00b5m \/ 0,5 \u00b5m \/ 1 \u00b5m \/ 2,5 \u00b5m \/ 5 \u00b5m \/ 10 \u00b5m<\/p>\n<\/div>\n\n\n\n<div class=\"wp-block-column is-layout-flow wp-block-column-is-layout-flow\">\n<h3 class=\"wp-block-heading\"><strong>\u0421\u0435\u043d\u0437\u043e\u0440 \u0437\u0430 \u0442\u0435\u043c\u043f\u0435\u0440\u0430\u0442\u0443\u0440\u0430<\/strong><\/h3>\n\n\n\n<p>\u0418\u0437\u043c\u0435\u0440\u0435\u043d \u043e\u043f\u0441\u0435\u0433 \u043e\u0434 -0 \u0434\u043e +50\u00b0C<\/p>\n<\/div>\n\n\n\n<div class=\"wp-block-column is-layout-flow wp-block-column-is-layout-flow\">\n<h3 class=\"wp-block-heading\"><strong>\u0420\u0435\u043b\u0430\u0442\u0438\u0432\u043d\u0430 \u0441\u0442\u0430\u043f\u043a\u0430 \u043d\u0430 \u0432\u043b\u0430\u0436\u043d\u043e\u0441\u0442<\/strong><\/h3>\n\n\n\n<p>\u041c\u0435\u0440\u0435\u045a\u0435 \u043e\u0434 0 \u0434\u043e 100% \u0440\u0435\u043b\u0430\u0442\u0438\u0432\u043d\u0430 \u0432\u043b\u0430\u0436\u043d\u043e\u0441\u0442<\/p>\n<\/div>\n<\/div>\n\n\n\n<div class=\"wp-block-buttons is-horizontal is-content-justification-center is-layout-flex wp-container-core-buttons-is-layout-03627597 wp-block-buttons-is-layout-flex\">\n<div class=\"wp-block-button\"><a class=\"wp-block-button__link wp-element-button\" href=\"https:\/\/obera.fr\/wp-content\/uploads\/2024\/02\/brochure-compteur-de-particules-.pdf\">\u041f\u0440\u0435\u0437\u0435\u043c\u0435\u0442\u0435 \u0433\u043e \u043b\u0438\u0441\u0442\u043e\u0442 \u0441\u043e \u043f\u0440\u043e\u0438\u0437\u0432\u043e\u0434\u043e\u0442<\/a><\/div>\n<\/div>\n\n\n\n<hr class=\"wp-block-separator has-css-opacity is-style-dots\"\/>\n\n\n\n<h2 class=\"wp-block-heading\">\u0414\u0440\u0443\u0433\u0438 \u0430\u043d\u0430\u043b\u0438\u0437\u0430\u0442\u043e\u0440\u0438 \u043d\u0430 \u0432\u043e\u0437\u0434\u0443\u0445 OberA<\/h2>\n\n\n\n<div class=\"wp-block-columns is-layout-flex wp-container-core-columns-is-layout-28f84493 wp-block-columns-is-layout-flex\">\n<div class=\"wp-block-column is-layout-flow wp-block-column-is-layout-flow\"><\/div>\n\n\n\n<div class=\"wp-block-column is-layout-flow wp-block-column-is-layout-flow\">\n<figure class=\"wp-block-image aligncenter size-medium is-resized\"><a href=\"https:\/\/obera.fr\/produits\/analyseurs-air\/capteur-co2-obcare\/\"><img decoding=\"async\" width=\"300\" height=\"212\" src=\"https:\/\/obera.fr\/wp-content\/uploads\/2021\/09\/Capteur_CO2_OBCARE-2-300x212.png\" alt=\"obcare CO2 \u0441\u0435\u043d\u0437\u043e\u0440\" class=\"wp-image-6918\" srcset=\"https:\/\/obera.fr\/wp-content\/uploads\/2021\/09\/Capteur_CO2_OBCARE-2-300x212.png 300w, https:\/\/obera.fr\/wp-content\/uploads\/2021\/09\/Capteur_CO2_OBCARE-2-768x542.png 768w, https:\/\/obera.fr\/wp-content\/uploads\/2021\/09\/Capteur_CO2_OBCARE-2.png 921w\" sizes=\"(max-width: 300px) 100vw, 300px\" \/><\/a><figcaption class=\"wp-element-caption\">\u0412\u041d\u0418\u041c\u0410\u0412\u0410\u0408\u0422\u0415<\/figcaption><\/figure>\n<\/div>\n\n\n\n<div class=\"wp-block-column is-layout-flow wp-block-column-is-layout-flow\"><\/div>\n\n\n\n<div class=\"wp-block-column is-layout-flow wp-block-column-is-layout-flow\"><\/div>\n<\/div>\n\n\n\n<p><\/p>\n","protected":false},"excerpt":{"rendered":"<p>\u0421\u043b\u0435\u0434\u0435\u045a\u0435 \u043d\u0430 \u043d\u0438\u0432\u043e\u0442\u043e \u043d\u0430 \u043f\u0440\u0430\u0448\u0438\u043d\u0430 \u0411\u0440\u043e\u0458\u0430\u0447\u043e\u0442 \u043d\u0430 \u0447\u0435\u0441\u0442\u0438\u0447\u043a\u0438 OberA \u0435 \u0443\u043d\u0438\u0432\u0435\u0440\u0437\u0430\u043b\u0435\u043d \u0438\u043d\u0441\u0442\u0440\u0443\u043c\u0435\u043d\u0442 \u0437\u0430 \u0431\u0440\u043e\u0435\u045a\u0435 \u0447\u0435\u0441\u0442\u0438\u0447\u043a\u0438 \u0432\u043e \u0432\u043e\u0437\u0434\u0443\u0445\u043e\u0442. \u0422\u043e\u0458 \u0435 \u0441\u043f\u043e\u0441\u043e\u0431\u0435\u043d \u0434\u0430 \u043f\u0440\u0435\u0441\u043c\u0435\u0442\u0443\u0432\u0430 \u0448\u0435\u0441\u0442 \u0440\u0430\u0437\u043b\u0438\u0447\u043d\u0438 \u0444\u0440\u0430\u043a\u0446\u0438\u0438 \u0441\u043e \u0433\u043e\u043b\u0435\u043c\u0438\u043d\u0430 \u043d\u0430 \u0447\u0435\u0441\u0442\u0438\u0447\u043a\u0438 \u043e\u0434 \u043f\u0440\u0430\u0448\u0438\u043d\u0430 (\u0447\u0435\u0441\u0442\u0438\u0447\u043a\u0438 \u043e\u0434 0,3 \u0434\u043e 10 \u00b5m), \u043a\u0430\u043a\u043e \u0438 \u0434\u0430 \u0458\u0430 \u043c\u0435\u0440\u0438 \u0432\u043b\u0430\u0436\u043d\u043e\u0441\u0442\u0430 \u0438 \u0442\u0435\u043c\u043f\u0435\u0440\u0430\u0442\u0443\u0440\u0430\u0442\u0430 \u043d\u0430 \u043e\u043a\u043e\u043b\u0438\u043d\u0430\u0442\u0430. \u041e\u0432\u0430 \u0433\u043e \u043f\u0440\u0430\u0432\u0438 \u043e\u0432\u043e\u0458 \u0431\u0440\u043e\u0458\u0430\u0447 \u043d\u0430 \u0447\u0435\u0441\u0442\u0438\u0447\u043a\u0438 \u0443\u043d\u0438\u0432\u0435\u0440\u0437\u0430\u043b\u043d\u0430 \u043e\u043f\u0440\u0435\u043c\u0430. \u041f\u0440\u0435\u0434\u043d\u043e\u0441\u0442\u0438\u0442\u0435 \u043d\u0430 \u0431\u0440\u043e\u0458\u0430\u0447\u043e\u0442 \u043d\u0430 \u0447\u0435\u0441\u0442\u0438\u0447\u043a\u0438 \u041f\u0440\u0438\u0434\u043e\u0431\u0438\u0432\u043a\u0438 \u041f\u0440\u0438\u043c\u0435\u0440\u0438 \u043d\u0430 \u043a\u043e\u0440\u0438\u0441\u043d\u0438\u0447\u043a\u0438 \u0438\u043d\u0434\u0443\u0441\u0442\u0440\u0438\u0438 \u0418\u0437\u043c\u0435\u0440\u0435\u043d\u0438 \u0437\u0430\u0433\u0430\u0434\u0443\u0432\u0430\u0447\u0438 \u0421\u0435\u043d\u0437\u043e\u0440 \u0437\u0430 \u043f\u0440\u0430\u0448\u0438\u043d\u0430 PM 0,3 \u0434\u043e PM 10 (\u0447\u0435\u0441\u0442\u0438\u0447\u043a\u0438 \u043f\u043e\u0433\u043e\u043b\u0435\u043c\u0438 \u043e\u0434 0,3 \u00b5g \u0434\u043e 10 \u00b5m) \u0410\u043d\u0430\u043b\u0438\u0437\u0430\u0442\u043e\u0440\u043e\u0442 \u043d\u0430 \u0447\u0435\u0441\u0442\u0438\u0447\u043a\u0438 oberA \u0435 \u0441\u043f\u043e\u0441\u043e\u0431\u0435\u043d \u0434\u0430 \u043c\u0435\u0440\u0438 6 \u0433\u043e\u043b\u0435\u043c\u0438\u043d\u0438 \u043d\u0430 \u0447\u0435\u0441\u0442\u0438\u0447\u043a\u0438 \u0438\u0441\u0442\u043e\u0432\u0440\u0435\u043c\u0435\u043d\u043e. : 0,3 \u00b5m &#8230; <\/p>\n<p class=\"read-more-container\"><a title=\"\u0411\u0440\u043e\u0458\u0430\u0447 \u043d\u0430 \u0447\u0435\u0441\u0442\u0438\u0447\u043a\u0438\" class=\"read-more button\" href=\"https:\/\/obera.fr\/mk\/produits\/analyseurs-air\/compteur-particules\/#more-51769\" aria-label=\"Read more about \u0411\u0440\u043e\u0458\u0430\u0447 \u043d\u0430 \u0447\u0435\u0441\u0442\u0438\u0447\u043a\u0438\">Lire la suite<\/a><\/p>\n","protected":false},"author":4,"featured_media":83745,"parent":52183,"menu_order":0,"comment_status":"closed","ping_status":"closed","template":"","meta":{"_acf_changed":false,"_seopress_robots_primary_cat":"","_seopress_titles_title":"Compteur de particules de poussi\u00e8res dans l'air","_seopress_titles_desc":"Le compteur oberA permet de compter des particules dans l\u2019air. Il est capable de calculer six fractions granulom\u00e9triques de poussi\u00e8res diff\u00e9rentes.","_seopress_robots_index":"","footnotes":""},"class_list":{"0":"post-51769","1":"page","2":"type-page","3":"status-publish","4":"has-post-thumbnail","6":"no-featured-image-padding","7":"resize-featured-image"},"acf":[],"_links":{"self":[{"href":"https:\/\/obera.fr\/mk\/wp-json\/wp\/v2\/pages\/51769","targetHints":{"allow":["GET"]}}],"collection":[{"href":"https:\/\/obera.fr\/mk\/wp-json\/wp\/v2\/pages"}],"about":[{"href":"https:\/\/obera.fr\/mk\/wp-json\/wp\/v2\/types\/page"}],"author":[{"embeddable":true,"href":"https:\/\/obera.fr\/mk\/wp-json\/wp\/v2\/users\/4"}],"replies":[{"embeddable":true,"href":"https:\/\/obera.fr\/mk\/wp-json\/wp\/v2\/comments?post=51769"}],"version-history":[{"count":3,"href":"https:\/\/obera.fr\/mk\/wp-json\/wp\/v2\/pages\/51769\/revisions"}],"predecessor-version":[{"id":108456,"href":"https:\/\/obera.fr\/mk\/wp-json\/wp\/v2\/pages\/51769\/revisions\/108456"}],"up":[{"embeddable":true,"href":"https:\/\/obera.fr\/mk\/wp-json\/wp\/v2\/pages\/52183"}],"wp:featuredmedia":[{"embeddable":true,"href":"https:\/\/obera.fr\/mk\/wp-json\/wp\/v2\/media\/83745"}],"wp:attachment":[{"href":"https:\/\/obera.fr\/mk\/wp-json\/wp\/v2\/media?parent=51769"}],"curies":[{"name":"wp","href":"https:\/\/api.w.org\/{rel}","templated":true}]}}