{"id":115328,"date":"2025-06-26T12:05:10","date_gmt":"2025-06-26T10:05:10","guid":{"rendered":"https:\/\/obera.fr\/clearbox\/"},"modified":"2025-06-26T12:07:55","modified_gmt":"2025-06-26T10:07:55","slug":"clearbox","status":"publish","type":"page","link":"https:\/\/obera.fr\/nl\/clearbox\/","title":{"rendered":"Clearbox"},"content":{"rendered":"\n<div class=\"wp-block-columns is-layout-flex wp-container-core-columns-is-layout-28f84493 wp-block-columns-is-layout-flex\">\n<div class=\"wp-block-column is-layout-flow wp-block-column-is-layout-flow\" style=\"flex-basis:33.33%\">\n<figure class=\"wp-block-image aligncenter size-medium\"><img decoding=\"async\" width=\"300\" height=\"267\" src=\"https:\/\/obera.fr\/wp-content\/uploads\/2025\/06\/clearbox-300x267.png\" alt=\"clearbox\" class=\"wp-image-109012\" srcset=\"https:\/\/obera.fr\/wp-content\/uploads\/2025\/06\/clearbox-300x267.png 300w, https:\/\/obera.fr\/wp-content\/uploads\/2025\/06\/clearbox.png 534w\" sizes=\"(max-width: 300px) 100vw, 300px\" \/><figcaption class=\"wp-element-caption\">Clearbox<\/figcaption><\/figure>\n<\/div>\n\n\n\n<div class=\"wp-block-column is-layout-flow wp-block-column-is-layout-flow\" style=\"flex-basis:66.66%\">\n<p class=\"has-drop-cap\"><\/p>\n\n\n\n<hr class=\"wp-block-separator has-text-color has-black-color has-css-opacity has-black-background-color has-background is-style-dots\"\/>\n\n\n\n<div class=\"wp-block-columns is-layout-flex wp-container-core-columns-is-layout-28f84493 wp-block-columns-is-layout-flex\">\n<div class=\"wp-block-column is-layout-flow wp-block-column-is-layout-flow\" style=\"flex-basis:33.33%\">\n<div class=\"wp-block-buttons is-layout-flex wp-block-buttons-is-layout-flex\">\n<div class=\"wp-block-button\"><a class=\"wp-block-button__link wp-element-button\" href=\"https:\/\/obera.fr\/wp-content\/uploads\/2025\/06\/fr-caisson-mobile-daspiration-clearbox-1.pdf\">DOWNLOAD DE BROCHURE<\/a><\/div>\n<\/div>\n<\/div>\n\n\n\n<div class=\"wp-block-column is-layout-flow wp-block-column-is-layout-flow\" style=\"flex-basis:33.34%\">\n<div class=\"wp-block-buttons is-horizontal is-content-justification-center is-layout-flex wp-container-core-buttons-is-layout-03627597 wp-block-buttons-is-layout-flex\">\n<div class=\"wp-block-button has-custom-width wp-block-button__width-100\"><a class=\"wp-block-button__link wp-element-button\" href=\"https:\/\/obera.fr\/nl\/neem-contact-met-ons-op\/\">Meer informatie<\/a><\/div>\n<\/div>\n<\/div>\n\n\n\n<div class=\"wp-block-column is-layout-flow wp-block-column-is-layout-flow\" style=\"flex-basis:33.34%\">\n<div class=\"wp-block-buttons is-content-justification-center is-layout-flex wp-container-core-buttons-is-layout-a89b3969 wp-block-buttons-is-layout-flex\">\n<div class=\"wp-block-button btn-devis-source\"><a class=\"wp-block-button__link wp-element-button\" href=\"https:\/\/obera.fr\/nl\/devis\/\">Een offerte aanvragen<\/a><\/div>\n<\/div>\n\n\n<script>\r\ndocument.addEventListener('DOMContentLoaded', function() {\r\n    \/\/ 1. On cherche le titre H1 de la page\r\n    var h1 = document.querySelector('h1');\r\n    var productTitle = h1 ? h1.innerText.trim() : \"\";\r\n\r\n    \/\/ 2. On cherche les boutons via la classe CSS .btn-devis-source\r\n    var buttons = document.querySelectorAll('.btn-devis-source a');\r\n\r\n    \/\/ 3. Si on a le titre et les boutons, on ajoute le param\u00e8tre\r\n    if (buttons.length > 0 && productTitle !== \"\") {\r\n        var encodedTitle = encodeURIComponent(productTitle);\r\n\r\n        buttons.forEach(function(btn) {\r\n            var currentHref = btn.getAttribute('href');\r\n            \r\n            \/\/ S\u00e9curit\u00e9 pour ne pas ajouter le param\u00e8tre 2 fois\r\n            if (currentHref.indexOf('sujet=') === -1) {\r\n                var separator = currentHref.indexOf('?') !== -1 ? '&' : '?';\r\n                var newLink = currentHref + separator + 'sujet=' + encodedTitle;\r\n                \r\n                btn.setAttribute('href', newLink);\r\n            }\r\n        });\r\n    }\r\n});\r\n<\/script><\/div>\n<\/div>\n\n\n\n<p><\/p>\n<\/div>\n<\/div>\n\n<p>De Clearbox is een in Frankrijk geproduceerde <strong>mobiele afzuigunit<\/strong> met 5 jaar garantie en een hoog debiet. Het is speciaal ontworpen voor de behandeling van vluchtige organische stoffen (VOC&#8217;s), gassen, geuren, oplosmiddelen, stof en dampen.   <\/p>\n\n<p><\/p>\n\n<p>Dit apparaat biedt verschillende filtratieniveaus, van 2 tot 3 fasen, en kan worden geconfigureerd op basis van je specifieke behoeften, zodat een optimale effici\u00ebntie bij het<strong>verwijderen van verontreinigende stoffen<\/strong> wordt gegarandeerd. Het is uitgerust met een G4 voorfilter, F9 tot H14 verzadigingsfilters voor stof en rook, en kan actieve kool bevatten voor de <strong>behandeling van gassen en VOC&#8217;s<\/strong>.   <\/p>\n\n<p><\/p>\n\n<p>Bovendien is hij verkrijgbaar in drie versies: met een zuigarm, met een buisinlaat of in <strong>de vorm van een zuigtafel<\/strong>. Er is ook een ATEX-stofversie verkrijgbaar. <\/p>\n\n<div class=\"wp-block-columns is-layout-flex wp-container-core-columns-is-layout-28f84493 wp-block-columns-is-layout-flex\">\n<div class=\"wp-block-column is-layout-flow wp-block-column-is-layout-flow\">\n<h2 class=\"wp-block-heading has-text-align-center\"><strong>Voordelen<\/strong><\/h2>\n\n\n\n<ul class=\"wp-block-list\">\n<li>Zeer hoge ventilator<\/li>\n\n\n\n<li>prestaties<\/li>\n\n\n\n<li>Geluiddemper<\/li>\n\n\n\n<li>Mobiel, lichtgewicht en gemakkelijk te hanteren<br\/><\/li>\n\n\n\n<li>Kleine voetafdruk<br\/><\/li>\n\n\n\n<li>Eenvoudig onderhoud<br\/>van filters<\/li>\n\n\n\n<li>Debiet instelbaar van 0 tot<br\/>100%.<\/li>\n\n\n\n<li>Stroomvoorziening met<br\/>standaard 230V stopcontact<\/li>\n<\/ul>\n<\/div>\n\n\n\n<div class=\"wp-block-column is-layout-flow wp-block-column-is-layout-flow\">\n<h2 class=\"wp-block-heading has-text-align-center\"><strong>Speciale functies<\/strong><\/h2>\n\n\n\n<ul class=\"wp-block-list\">\n<li>Vervanging van<\/li>\n\n\n\n<li>hoogwaardige filtermedia<\/li>\n\n\n\n<li>eenvoudig<\/li>\n\n\n\n<li>Upgradebaar en configureerbaar<br\/><\/li>\n\n\n\n<li>Hoge adsorptiecapaciteit<br\/><\/li>\n\n\n\n<li>Urenteller<\/li>\n\n\n\n<li>Meting<br\/>van vuil op<br\/>filters<\/li>\n\n\n\n<li>Debietinstelling van<br\/>0 tot 100%.<\/li>\n\n\n\n<li>Plug &amp; Play systeem<\/li>\n\n\n\n<li>ATEX-optie<br\/>stof<\/li>\n<\/ul>\n<\/div>\n\n\n\n<div class=\"wp-block-column is-layout-flow wp-block-column-is-layout-flow\">\n<h2 class=\"wp-block-heading has-text-align-center\"><strong>Kenmerken<\/strong><\/h2>\n\n\n\n<ul class=\"wp-block-list\">\n<li>Max. stroom :<\/li>\n\n\n\n<li>2000m3\/u<\/li>\n\n\n\n<li>Ge\u00efnstalleerd vermogen:<br\/>750W<\/li>\n\n\n\n<li>Stroomvoorziening: 230V<\/li>\n\n\n\n<li>Afmetingen: 710 x<br\/>710 x 2050<\/li>\n\n\n\n<li>Gewicht: 70 kg<\/li>\n\n\n\n<li>Geluidsniveau:<br\/>72Db<\/li>\n<\/ul>\n<\/div>\n<\/div>\n\n<h2 class=\"wp-block-heading\">Waar worden ze voor gebruikt?<\/h2>\n\n<p>De <strong>Clearbox is een handig <\/strong>, compact <strong>apparaat <\/strong>dat ontworpen is om verontreinigende gassen, geuren, stof en dampen effectief op te vangen en te behandelen. Hij is uitgerust met wieltjes, <strong>past<\/strong> dus <strong>gemakkelijk in elke werkruimte<\/strong> en kan zowel vaste als mobiele werkplekken behandelen. <\/p>\n\n<p><br\/>De Clearbox is uitgerust met een <strong>G4 voorfilter, F9 tot H14 verzadigingsfilters <\/strong>en, indien nodig, actieve kool. Hij is ook verkrijgbaar in ATEX-stofuitvoering. Regelmatig filteronderhoud is essentieel voor een goede werking van het apparaat.  <\/p>\n\n<div class=\"wp-block-columns is-layout-flex wp-container-core-columns-is-layout-28f84493 wp-block-columns-is-layout-flex\">\n<div class=\"wp-block-column is-layout-flow wp-block-column-is-layout-flow\">\n<h3 class=\"wp-block-heading has-text-align-center\">Verontreinigende stoffen<\/h3>\n\n\n\n<hr class=\"wp-block-separator has-css-opacity is-style-wide\"\/>\n\n\n\n<div class=\"wp-block-columns is-layout-flex wp-container-core-columns-is-layout-28f84493 wp-block-columns-is-layout-flex\">\n<div class=\"wp-block-column is-layout-flow wp-block-column-is-layout-flow\">\n<figure class=\"wp-block-image aligncenter size-large\"><img decoding=\"async\" width=\"70\" height=\"70\" src=\"https:\/\/obera.fr\/wp-content\/uploads\/2020\/08\/industrie-fumees.jpg\" alt=\"Industrie Rook\" class=\"wp-image-722\"\/><figcaption class=\"wp-element-caption\">Dampen<\/figcaption><\/figure>\n<\/div>\n\n\n\n<div class=\"wp-block-column is-layout-flow wp-block-column-is-layout-flow\">\n<figure class=\"wp-block-image aligncenter size-large\"><img decoding=\"async\" width=\"70\" height=\"70\" src=\"https:\/\/obera.fr\/wp-content\/uploads\/2020\/08\/polluants-poussieres.jpg\" alt=\"Verontreinigende stoffen Stof\" class=\"wp-image-675\"\/><figcaption class=\"wp-element-caption\">Stof<\/figcaption><\/figure>\n<\/div>\n<\/div>\n\n\n\n<div class=\"wp-block-columns is-layout-flex wp-container-core-columns-is-layout-28f84493 wp-block-columns-is-layout-flex\">\n<div class=\"wp-block-column is-layout-flow wp-block-column-is-layout-flow\">\n<figure class=\"wp-block-image aligncenter size-large\"><img decoding=\"async\" width=\"70\" height=\"70\" src=\"https:\/\/obera.fr\/wp-content\/uploads\/2020\/08\/industrie-odeur.jpg\" alt=\"Industrie Geur\" class=\"wp-image-723\"\/><figcaption class=\"wp-element-caption\">Geuren<\/figcaption><\/figure>\n<\/div>\n\n\n\n<div class=\"wp-block-column is-layout-flow wp-block-column-is-layout-flow\">\n<figure class=\"wp-block-image aligncenter size-large is-resized\"><img decoding=\"async\" width=\"70\" height=\"70\" src=\"https:\/\/obera.fr\/wp-content\/uploads\/2020\/10\/industrie-aerosols.jpg\" alt=\"Industrie spuitbussen\" class=\"wp-image-1201\" style=\"width:70px;height:auto\"\/><figcaption class=\"wp-element-caption\">VOCS<\/figcaption><\/figure>\n<\/div>\n<\/div>\n<\/div>\n\n\n\n<div class=\"wp-block-column is-layout-flow wp-block-column-is-layout-flow\">\n<h3 class=\"wp-block-heading has-text-align-center\">Industrie<\/h3>\n\n\n\n<hr class=\"wp-block-separator has-css-opacity is-style-wide\"\/>\n\n\n\n<div class=\"wp-block-columns is-layout-flex wp-container-core-columns-is-layout-28f84493 wp-block-columns-is-layout-flex\">\n<div class=\"wp-block-column is-layout-flow wp-block-column-is-layout-flow\" style=\"flex-basis:100%\">\n<div style=\"height:47px\" aria-hidden=\"true\" class=\"wp-block-spacer\"><\/div>\n\n\n\n<p class=\"has-text-align-center\">Geschikt voor alle soorten industrie<\/p>\n<\/div>\n\n\n\n<div class=\"wp-block-column is-layout-flow wp-block-column-is-layout-flow\"><\/div>\n<\/div>\n<\/div>\n<\/div>\n\n<div class=\"wp-block-buttons is-horizontal is-content-justification-center is-layout-flex wp-container-core-buttons-is-layout-03627597 wp-block-buttons-is-layout-flex\">\n<div class=\"wp-block-button has-custom-width wp-block-button__width-100\"><a class=\"wp-block-button__link wp-element-button\" href=\"https:\/\/obera.fr\/nl\/neem-contact-met-ons-op\/\">Meer informatie<\/a><\/div>\n<\/div>\n\n<h2 class=\"wp-block-heading\">Wat zijn de functies van de Clearbox?<\/h2>\n\n<p>De Clearbox is een in Frankrijk geproduceerde <strong>mobiele afzuiger<\/strong> met 5 jaar garantie en een krachtig debiet van 2000 m\u00b3\/u. Hij beschikt over 3 filtratieniveaus met hoge prestaties, die naar wens kunnen worden geconfigureerd. Het is verkrijgbaar in 2 <strong>filtratieniveaus met een G4 voorfilter <\/strong>en een F9 tot H14 verzadigingsfilter, of in 3 niveaus met actieve kool.    <\/p>\n\n<p><\/p>\n\n<p>Bovendien is hij verkrijgbaar in drie versies: met een zuigarm, met een buisinlaat of in de <strong>vorm van een zuigtafel<\/strong>, en hij kan ook worden aangepast aan een ATEX-stofversie. Dankzij de hoge adsorptiecapaciteit verwijdert hij een maximaal aantal verontreinigende stoffen.   <\/p>\n\n<p><\/p>\n\n<p>Het regelmatig vervangen van filters is essentieel om het apparaat soepel te laten werken. Een ingebouwd <strong>meetsysteem voor filterverstopping<\/strong> geeft aan wanneer het tijd is om de filters te vervangen en het vervangen van de filtermedia is eenvoudig. <\/p>\n\n<p><\/p>\n\n<p>Hij is plug-and-play, dus eenvoudig te installeren. Uitgerust met wielen en een <strong>bijzonder compact ontwerp<\/strong>, is hij gemakkelijk te manoeuvreren en past hij zich aan elke werkomgeving aan. <\/p>\n\n<p><\/p>\n\n<figure class=\"wp-block-table\"><table class=\"has-fixed-layout\"><tbody><tr><td><strong>Apparaat  <\/strong><\/td><td><\/td><td><strong>Met arm  <\/strong><\/td><td><strong>Ingang met buizen  <\/strong><\/td><td><strong>Tabel<\/strong><\/td><\/tr><tr><td>Maximale stroom  <\/td><td>m3\/u  <\/td><td>2000  <\/td><td>2500  <\/td><td>5000<\/td><\/tr><tr><td>Stroomregeling<\/td><td>%\u00a0<\/td><td>0-100  <\/td><td>0-100  <\/td><td>0-100<\/td><\/tr><tr><td>Ge\u00efnstalleerde capaciteit<\/td><td>W  <\/td><td>750  <\/td><td>750  <\/td><td>750<\/td><\/tr><tr><td>Stroomvoorziening  <\/td><td>V  <\/td><td>230  <\/td><td>230  <\/td><td>230<\/td><\/tr><tr><td>Totale afmetingen (BxLxH)<\/td><td>mm  <\/td><td>710x710x2050  <\/td><td>710x710x2050  <\/td><td>710x710x2050<\/td><\/tr><tr><td>Gewicht  <\/td><td>kg  <\/td><td>70  <\/td><td>75  <\/td><td>75<\/td><\/tr><tr><td>Geluidsniveau  <\/td><td>dB  <\/td><td>72  <\/td><td>72  <\/td><td>72<\/td><\/tr><\/tbody><\/table><\/figure>\n","protected":false},"excerpt":{"rendered":"<p>De Clearbox is een in Frankrijk geproduceerde mobiele afzuigunit met 5 jaar garantie en een hoog debiet. Het is speciaal ontworpen voor de behandeling van vluchtige organische stoffen (VOC&#8217;s), gassen, geuren, oplosmiddelen, stof en dampen. Dit apparaat biedt verschillende filtratieniveaus, van 2 tot 3 fasen, en kan worden geconfigureerd op basis van je specifieke behoeften, zodat een optimale effici\u00ebntie bij hetverwijderen van verontreinigende stoffen wordt gegarandeerd. Het is uitgerust met een G4 voorfilter, F9 tot H14 verzadigingsfilters voor stof en rook, en kan actieve kool bevatten voor de behandeling van gassen en VOC&#8217;s. Bovendien is hij verkrijgbaar in drie versies: &#8230; <\/p>\n<p class=\"read-more-container\"><a title=\"Clearbox\" class=\"read-more button\" href=\"https:\/\/obera.fr\/nl\/clearbox\/#more-115328\" aria-label=\"Lees meer over Clearbox\">Lire la suite<\/a><\/p>\n","protected":false},"author":4,"featured_media":0,"parent":0,"menu_order":0,"comment_status":"closed","ping_status":"closed","template":"","meta":{"_acf_changed":false,"_seopress_robots_primary_cat":"","_seopress_titles_title":"Clearbox: Mobiele afzuigeenheid met hoge prestaties","_seopress_titles_desc":"Ontdek Clearbox, de krachtige mobiele afzuigunit voor VOC's, gassen, rook en stof. Gemaakt in Frankrijk, met 5 jaar garantie, configureerbaar en compact. ","_seopress_robots_index":"","footnotes":""},"class_list":{"0":"post-115328","1":"page","2":"type-page","3":"status-publish","5":"no-featured-image-padding"},"acf":[],"_links":{"self":[{"href":"https:\/\/obera.fr\/nl\/wp-json\/wp\/v2\/pages\/115328","targetHints":{"allow":["GET"]}}],"collection":[{"href":"https:\/\/obera.fr\/nl\/wp-json\/wp\/v2\/pages"}],"about":[{"href":"https:\/\/obera.fr\/nl\/wp-json\/wp\/v2\/types\/page"}],"author":[{"embeddable":true,"href":"https:\/\/obera.fr\/nl\/wp-json\/wp\/v2\/users\/4"}],"replies":[{"embeddable":true,"href":"https:\/\/obera.fr\/nl\/wp-json\/wp\/v2\/comments?post=115328"}],"version-history":[{"count":1,"href":"https:\/\/obera.fr\/nl\/wp-json\/wp\/v2\/pages\/115328\/revisions"}],"predecessor-version":[{"id":115329,"href":"https:\/\/obera.fr\/nl\/wp-json\/wp\/v2\/pages\/115328\/revisions\/115329"}],"wp:attachment":[{"href":"https:\/\/obera.fr\/nl\/wp-json\/wp\/v2\/media?parent=115328"}],"curies":[{"name":"wp","href":"https:\/\/api.w.org\/{rel}","templated":true}]}}