{"id":115415,"date":"2025-06-26T12:11:21","date_gmt":"2025-06-26T10:11:21","guid":{"rendered":"https:\/\/obera.fr\/produits\/caissons-mobiles-aspiration\/clearbox\/"},"modified":"2025-07-08T12:03:31","modified_gmt":"2025-07-08T10:03:31","slug":"clearbox","status":"publish","type":"page","link":"https:\/\/obera.fr\/nl\/produits\/caissons-mobiles-aspiration\/clearbox\/","title":{"rendered":"Clearbox"},"content":{"rendered":"\n<p>De Clearbox is een <strong>in Frankrijk geproduceerde mobiele afzuigunit<\/strong> met 5 jaar garantie en een hoog debiet. Het is speciaal ontworpen voor de behandeling van vluchtige organische stoffen (VOC&#8217;s), gassen, geuren, oplosmiddelen, stof en dampen. <\/p>\n\n\n<div class=\"wp-block-columns is-layout-flex wp-container-core-columns-is-layout-28f84493 wp-block-columns-is-layout-flex\">\n<div class=\"wp-block-column is-layout-flow wp-block-column-is-layout-flow\">\n<p>Dit apparaat <strong>biedt verschillende filtratieniveaus<\/strong>, van 2 tot 3 fasen, en kan worden geconfigureerd op basis van je specifieke behoeften, zodat een optimale effici\u00ebntie bij het verwijderen van verontreinigende stoffen wordt gegarandeerd. Het is uitgerust met een G4 voorfilter, F9 tot H14 verzadigingsfilters voor stof en rook, en kan actieve kool bevatten voor de <strong>behandeling van gassen en VOC&#8217;s<\/strong>. <\/p>\n\n\n\n<p><br\/>Bovendien is hij verkrijgbaar in drie versies: met een zuigarm, met een buisinlaat of in de vorm van een zuigtafel. Er is ook een <strong>ATEX-stofversie<\/strong> verkrijgbaar. <\/p>\n\n\n\n<div class=\"wp-block-columns is-layout-flex wp-container-core-columns-is-layout-28f84493 wp-block-columns-is-layout-flex\">\n<div class=\"wp-block-column is-layout-flow wp-block-column-is-layout-flow\">\n<figure class=\"wp-block-image aligncenter size-large\"><img decoding=\"async\" width=\"1024\" height=\"1024\" src=\"https:\/\/obera.fr\/wp-content\/uploads\/2025\/07\/clearbox-bras-1024x1024.png\" alt=\"clearbox-arm\" class=\"wp-image-120328\" srcset=\"https:\/\/obera.fr\/wp-content\/uploads\/2025\/07\/clearbox-bras-1024x1024.png 1024w, https:\/\/obera.fr\/wp-content\/uploads\/2025\/07\/clearbox-bras-300x300.png 300w, https:\/\/obera.fr\/wp-content\/uploads\/2025\/07\/clearbox-bras-150x150.png 150w, https:\/\/obera.fr\/wp-content\/uploads\/2025\/07\/clearbox-bras-768x768.png 768w, https:\/\/obera.fr\/wp-content\/uploads\/2025\/07\/clearbox-bras.png 1200w\" sizes=\"(max-width: 1024px) 100vw, 1024px\" \/><figcaption class=\"wp-element-caption\">CLEARBOX BRS<\/figcaption><\/figure>\n<\/div>\n\n\n\n<div class=\"wp-block-column is-layout-flow wp-block-column-is-layout-flow\">\n<figure class=\"wp-block-image aligncenter size-large\"><img decoding=\"async\" width=\"1024\" height=\"1024\" src=\"https:\/\/obera.fr\/wp-content\/uploads\/2025\/07\/clearbox-entree-tubee-82-1-1024x1024.png\" alt=\"inlaat clearbox 82\" class=\"wp-image-120351\" srcset=\"https:\/\/obera.fr\/wp-content\/uploads\/2025\/07\/clearbox-entree-tubee-82-1-1024x1024.png 1024w, https:\/\/obera.fr\/wp-content\/uploads\/2025\/07\/clearbox-entree-tubee-82-1-300x300.png 300w, https:\/\/obera.fr\/wp-content\/uploads\/2025\/07\/clearbox-entree-tubee-82-1-150x150.png 150w, https:\/\/obera.fr\/wp-content\/uploads\/2025\/07\/clearbox-entree-tubee-82-1-768x768.png 768w, https:\/\/obera.fr\/wp-content\/uploads\/2025\/07\/clearbox-entree-tubee-82-1.png 1200w\" sizes=\"(max-width: 1024px) 100vw, 1024px\" \/><figcaption class=\"wp-element-caption\">CLEARBOX TB<\/figcaption><\/figure>\n<\/div>\n\n\n\n<div class=\"wp-block-column is-layout-flow wp-block-column-is-layout-flow\">\n<figure class=\"wp-block-image aligncenter size-large\"><img decoding=\"async\" width=\"1024\" height=\"1024\" src=\"https:\/\/obera.fr\/wp-content\/uploads\/2025\/07\/clearbox-table-1024x1024.png\" alt=\"clearbox tafel\" class=\"wp-image-120374\" srcset=\"https:\/\/obera.fr\/wp-content\/uploads\/2025\/07\/clearbox-table-1024x1024.png 1024w, https:\/\/obera.fr\/wp-content\/uploads\/2025\/07\/clearbox-table-300x300.png 300w, https:\/\/obera.fr\/wp-content\/uploads\/2025\/07\/clearbox-table-150x150.png 150w, https:\/\/obera.fr\/wp-content\/uploads\/2025\/07\/clearbox-table-768x768.png 768w, https:\/\/obera.fr\/wp-content\/uploads\/2025\/07\/clearbox-table.png 1200w\" sizes=\"(max-width: 1024px) 100vw, 1024px\" \/><figcaption class=\"wp-element-caption\">CLEARBOX TSP<\/figcaption><\/figure>\n<\/div>\n<\/div>\n\n\n\n<p><\/p>\n\n\n\n<hr class=\"wp-block-separator has-css-opacity is-style-dots\"\/>\n\n\n\n<div class=\"wp-block-columns is-layout-flex wp-container-core-columns-is-layout-28f84493 wp-block-columns-is-layout-flex\">\n<div class=\"wp-block-column is-layout-flow wp-block-column-is-layout-flow\" style=\"flex-basis:33.33%\">\n<div class=\"wp-block-buttons is-layout-flex wp-block-buttons-is-layout-flex\">\n<div class=\"wp-block-button\"><a class=\"wp-block-button__link wp-element-button\" href=\"https:\/\/obera.fr\/wp-content\/uploads\/2025\/06\/fr-caisson-mobile-daspiration-clearbox.pdf\">DOWNLOAD DE BROCHURE<\/a><\/div>\n<\/div>\n<\/div>\n\n\n\n<div class=\"wp-block-column is-layout-flow wp-block-column-is-layout-flow\" style=\"flex-basis:33.34%\">\n<div class=\"wp-block-buttons is-horizontal is-content-justification-center is-layout-flex wp-container-core-buttons-is-layout-03627597 wp-block-buttons-is-layout-flex\">\n<div class=\"wp-block-button has-custom-width wp-block-button__width-100\"><a class=\"wp-block-button__link wp-element-button\" href=\"https:\/\/obera.fr\/nl\/neem-contact-met-ons-op\/\">Meer informatie<\/a><\/div>\n<\/div>\n<\/div>\n\n\n\n<div class=\"wp-block-column is-layout-flow wp-block-column-is-layout-flow\" style=\"flex-basis:33.34%\">\n<div class=\"wp-block-buttons is-content-justification-center is-layout-flex wp-container-core-buttons-is-layout-a89b3969 wp-block-buttons-is-layout-flex\">\n<div class=\"wp-block-button btn-devis-source\"><a class=\"wp-block-button__link wp-element-button\" href=\"https:\/\/obera.fr\/nl\/devis\/\">Een offerte aanvragen<\/a><\/div>\n<\/div>\n\n\n<script>\r\ndocument.addEventListener('DOMContentLoaded', function() {\r\n    \/\/ 1. On cherche le titre H1 de la page\r\n    var h1 = document.querySelector('h1');\r\n    var productTitle = h1 ? h1.innerText.trim() : \"\";\r\n\r\n    \/\/ 2. On cherche les boutons via la classe CSS .btn-devis-source\r\n    var buttons = document.querySelectorAll('.btn-devis-source a');\r\n\r\n    \/\/ 3. Si on a le titre et les boutons, on ajoute le param\u00e8tre\r\n    if (buttons.length > 0 && productTitle !== \"\") {\r\n        var encodedTitle = encodeURIComponent(productTitle);\r\n\r\n        buttons.forEach(function(btn) {\r\n            var currentHref = btn.getAttribute('href');\r\n            \r\n            \/\/ S\u00e9curit\u00e9 pour ne pas ajouter le param\u00e8tre 2 fois\r\n            if (currentHref.indexOf('sujet=') === -1) {\r\n                var separator = currentHref.indexOf('?') !== -1 ? '&' : '?';\r\n                var newLink = currentHref + separator + 'sujet=' + encodedTitle;\r\n                \r\n                btn.setAttribute('href', newLink);\r\n            }\r\n        });\r\n    }\r\n});\r\n<\/script><\/div>\n<\/div>\n<\/div>\n<\/div>\n\n<div class=\"wp-block-columns is-layout-flex wp-container-core-columns-is-layout-28f84493 wp-block-columns-is-layout-flex\">\n<div class=\"wp-block-column is-layout-flow wp-block-column-is-layout-flow\" style=\"flex-basis:33.34%\">\n<p><\/p>\n\n\n\n<h3 class=\"wp-block-heading\">Voordelen<\/h3>\n\n\n\n<ul class=\"wp-block-list\">\n<li>Zeer effici\u00ebnte ventilator<\/li>\n\n\n\n<li>Geluiddemper<\/li>\n\n\n\n<li>Mobiel, licht en gemakkelijk te hanteren<\/li>\n\n\n\n<li>Kleine voetafdruk<\/li>\n\n\n\n<li>Eenvoudig filteronderhoud<\/li>\n\n\n\n<li>Debiet instelbaar van 0 tot 100%.<\/li>\n\n\n\n<li>Stroomvoorziening met standaard 230V stopcontact<\/li>\n<\/ul>\n<\/div>\n\n\n\n<div class=\"wp-block-column is-layout-flow wp-block-column-is-layout-flow\" style=\"flex-basis:33.34%\">\n<p><\/p>\n\n\n\n<h3 class=\"wp-block-heading\">Speciale functies<\/h3>\n\n\n\n<ul class=\"wp-block-list\">\n<li>Eenvoudig vervangen van filtermedia<\/li>\n\n\n\n<li>Upgradebaar en configureerbaar<\/li>\n\n\n\n<li>Hoge adsorptiecapaciteit<\/li>\n\n\n\n<li>Urenteller<\/li>\n\n\n\n<li>Filterverstoppingsmeting<\/li>\n\n\n\n<li>Debiet instelbaar van 0 tot 100%.<\/li>\n\n\n\n<li>Plug &amp; Play systeem<\/li>\n\n\n\n<li>ATEX stofoptie<\/li>\n<\/ul>\n<\/div>\n\n\n\n<div class=\"wp-block-column is-layout-flow wp-block-column-is-layout-flow\" style=\"flex-basis:33.33%\">\n<p><\/p>\n\n\n\n<h3 class=\"wp-block-heading\">Kenmerken<\/h3>\n\n\n\n<ul class=\"wp-block-list\">\n<li>Max. debiet : 2000m3\/h<\/li>\n\n\n\n<li>Ge\u00efnstalleerd vermogen: 750W<\/li>\n\n\n\n<li>Stroomvoorziening: 230V<\/li>\n\n\n\n<li>Afmetingen: 710 x710 x 2050<\/li>\n\n\n\n<li>Gewicht: 70 kg<\/li>\n\n\n\n<li>Geluidsniveau: 72Db<\/li>\n<\/ul>\n<\/div>\n<\/div>\n\n<h2 class=\"wp-block-heading\">Waar worden ze voor gebruikt?<\/h2>\n\n<p>De <strong>Clearbox is een handig, compact apparaat<\/strong> dat ontworpen is om verontreinigende gassen, geuren, stof en dampen effectief op te vangen en te behandelen. Hij is uitgerust met wieltjes, past dus gemakkelijk in elke werkruimte en kan <strong>zowel vaste als mobiele werkplekken behandelen<\/strong>. <\/p>\n\n<p><br\/>De <strong>Clearbox is uitgerust met een G4 voorfilter<\/strong>, F9 tot H14 verzadigingsfilters en, indien nodig, actieve kool. Hij is ook verkrijgbaar in ATEX-stofuitvoering. Regelmatig filteronderhoud is essentieel voor een goede werking van het apparaat.  <\/p>\n\n<div class=\"wp-block-columns is-layout-flex wp-container-core-columns-is-layout-28f84493 wp-block-columns-is-layout-flex\">\n<div class=\"wp-block-column is-layout-flow wp-block-column-is-layout-flow\">\n<h3 class=\"wp-block-heading has-text-align-center\">Verontreinigende stoffen<\/h3>\n\n\n\n<div class=\"wp-block-columns is-layout-flex wp-container-core-columns-is-layout-28f84493 wp-block-columns-is-layout-flex\">\n<div class=\"wp-block-column is-layout-flow wp-block-column-is-layout-flow\">\n<figure class=\"wp-block-image aligncenter size-large\"><img decoding=\"async\" width=\"70\" height=\"70\" src=\"https:\/\/obera.fr\/wp-content\/uploads\/2021\/03\/industrie-fumees.jpg\" alt=\"industri&#xEB;le dampen\" class=\"wp-image-4971\"\/><figcaption class=\"wp-element-caption\">Dampen<\/figcaption><\/figure>\n\n\n\n<figure class=\"wp-block-image aligncenter size-large\"><img decoding=\"async\" width=\"70\" height=\"70\" src=\"https:\/\/obera.fr\/wp-content\/uploads\/2020\/09\/cov.png\" alt=\"Cov\" class=\"wp-image-959\"\/><figcaption class=\"wp-element-caption\">VOCS<\/figcaption><\/figure>\n<\/div>\n\n\n\n<div class=\"wp-block-column is-layout-flow wp-block-column-is-layout-flow\">\n<figure class=\"wp-block-image aligncenter size-large\"><img decoding=\"async\" width=\"70\" height=\"70\" src=\"https:\/\/obera.fr\/wp-content\/uploads\/2021\/03\/polluants-poussieres-1.jpg\" alt=\"stofverontreinigingen 1\" class=\"wp-image-4969\"\/><figcaption class=\"wp-element-caption\">Stof<\/figcaption><\/figure>\n\n\n\n<figure class=\"wp-block-image aligncenter size-full is-resized\"><img decoding=\"async\" width=\"512\" height=\"512\" src=\"https:\/\/obera.fr\/wp-content\/uploads\/2025\/06\/gaz-naturel.png\" alt=\"aardgas\" class=\"wp-image-108886\" style=\"width:75px;height:auto\" srcset=\"https:\/\/obera.fr\/wp-content\/uploads\/2025\/06\/gaz-naturel.png 512w, https:\/\/obera.fr\/wp-content\/uploads\/2025\/06\/gaz-naturel-300x300.png 300w, https:\/\/obera.fr\/wp-content\/uploads\/2025\/06\/gaz-naturel-150x150.png 150w\" sizes=\"(max-width: 512px) 100vw, 512px\" \/><figcaption class=\"wp-element-caption\">Gas<\/figcaption><\/figure>\n<\/div>\n<\/div>\n<\/div>\n\n\n\n<div class=\"wp-block-column is-layout-flow wp-block-column-is-layout-flow\">\n<h3 class=\"wp-block-heading has-text-align-center\">industrie\u00ebn<\/h3>\n\n\n\n<div class=\"wp-block-columns is-layout-flex wp-container-core-columns-is-layout-28f84493 wp-block-columns-is-layout-flex\">\n<div class=\"wp-block-column is-layout-flow wp-block-column-is-layout-flow\">\n<figure class=\"wp-block-image aligncenter size-large\"><img decoding=\"async\" width=\"70\" height=\"70\" src=\"https:\/\/obera.fr\/wp-content\/uploads\/2020\/08\/industrie-metallurgie.jpg\" alt=\"Metaalindustrie\" class=\"wp-image-673\"\/><figcaption class=\"wp-element-caption\">Metaalkunde<\/figcaption><\/figure>\n\n\n\n<figure class=\"wp-block-image aligncenter size-large\"><img decoding=\"async\" width=\"70\" height=\"70\" src=\"https:\/\/obera.fr\/wp-content\/uploads\/2020\/08\/industrie-plastique.jpg\" alt=\"Kunststofindustrie\" class=\"wp-image-669\"\/><figcaption class=\"wp-element-caption\">Kunststoffen<\/figcaption><\/figure>\n\n\n\n<figure class=\"wp-block-image aligncenter size-large\"><img decoding=\"async\" width=\"70\" height=\"70\" src=\"https:\/\/obera.fr\/wp-content\/uploads\/2020\/08\/industrie-minerai.jpg\" alt=\"Ertsindustrie\" class=\"wp-image-724\"\/><figcaption class=\"wp-element-caption\">Mineralen<\/figcaption><\/figure>\n\n\n\n<figure class=\"wp-block-image aligncenter size-large\"><img decoding=\"async\" width=\"70\" height=\"70\" src=\"https:\/\/obera.fr\/wp-content\/uploads\/2020\/08\/industrie-papier-carton.jpg\" alt=\"Papier- en kartonindustrie\" class=\"wp-image-670\"\/><figcaption class=\"wp-element-caption\">Papier\/karton<\/figcaption><\/figure>\n<\/div>\n\n\n\n<div class=\"wp-block-column is-layout-flow wp-block-column-is-layout-flow\">\n<figure class=\"wp-block-image aligncenter size-large\"><img decoding=\"async\" width=\"70\" height=\"70\" src=\"https:\/\/obera.fr\/wp-content\/uploads\/2020\/08\/industrie-bois.jpg\" alt=\"Houtindustrie\" class=\"wp-image-672\"\/><figcaption class=\"wp-element-caption\">Houtbewerking<\/figcaption><\/figure>\n\n\n\n<figure class=\"wp-block-image aligncenter size-large\"><img decoding=\"async\" width=\"70\" height=\"70\" src=\"https:\/\/obera.fr\/wp-content\/uploads\/2020\/08\/industrie-textile.jpg\" alt=\"Textielindustrie\" class=\"wp-image-671\"\/><figcaption class=\"wp-element-caption\">Textiel<\/figcaption><\/figure>\n\n\n\n<figure class=\"wp-block-image aligncenter size-large\"><img decoding=\"async\" width=\"70\" height=\"70\" src=\"https:\/\/obera.fr\/wp-content\/uploads\/2020\/08\/industrie-chimie.jpg\" alt=\"Chemische industrie\" class=\"wp-image-725\"\/><figcaption class=\"wp-element-caption\">Chemie\/Petrochemie<\/figcaption><\/figure>\n\n\n\n<figure class=\"wp-block-image aligncenter size-large\"><img decoding=\"async\" width=\"70\" height=\"70\" src=\"https:\/\/obera.fr\/wp-content\/uploads\/2020\/08\/industrie-dechets.jpg\" alt=\"Industrieel afval\" class=\"wp-image-726\"\/><figcaption class=\"wp-element-caption\">Afvalinzameling en -sortering<\/figcaption><\/figure>\n<\/div>\n<\/div>\n<\/div>\n<\/div>\n\n<h2 class=\"wp-block-heading\">Wat zijn de functies van de Clearbox?<\/h2>\n\n<p><br\/>De <strong>Clearbox is een<\/strong> in Frankrijk geproduceerde <strong>mobiele zuigeenheid<\/strong> met 5 jaar garantie en een krachtig debiet van 2000 m3\/u. Hij beschikt over 3 filtratieniveaus met hoge prestaties, die naar wens kunnen worden geconfigureerd. Hij is verkrijgbaar in <strong>2 filtratieniveaus met een G4 voorfilter<\/strong> en een F9 tot H14 verzadigingsfilter, of in 3 niveaus met actieve kool.  <\/p>\n\n<p><br\/>Bovendien is hij verkrijgbaar in drie versies: met een<strong> zuigarm<\/strong>, met een buisinlaat of in de vorm van een <strong>zuigtafel<\/strong>, en hij kan ook worden aangepast aan een ATEX-stofversie. Dankzij de hoge adsorptiecapaciteit verwijdert hij een maximaal aantal verontreinigende stoffen. <\/p>\n\n<p><br\/><strong> Het regelmatig vervangen van filters<\/strong> is essentieel om het apparaat soepel te laten werken. Een ingebouwd meetsysteem voor filterverstopping geeft aan wanneer het tijd is om de filters te vervangen en het vervangen van de filtermedia is eenvoudig. <\/p>\n\n<p><\/p>\n\n<p>Hij is <strong>plug-and-play<\/strong>, dus eenvoudig te installeren. Uitgerust met wielen en een bijzonder compact ontwerp, is hij gemakkelijk te manoeuvreren en past hij zich aan elke werkomgeving aan. <\/p>\n\n<figure class=\"wp-block-table\"><table class=\"has-fixed-layout\"><thead><tr><th class=\"has-text-align-center\" data-align=\"center\">Apparaat<\/th><th class=\"has-text-align-center\" data-align=\"center\"><\/th><th class=\"has-text-align-center\" data-align=\"center\">Met arm<\/th><th class=\"has-text-align-center\" data-align=\"center\">Ingang met buizen<\/th><th class=\"has-text-align-center\" data-align=\"center\">Tabel<\/th><\/tr><\/thead><tbody><tr><td class=\"has-text-align-center\" data-align=\"center\">Maximale stroom<\/td><td class=\"has-text-align-center\" data-align=\"center\">m3\/u<\/td><td class=\"has-text-align-center\" data-align=\"center\">2000<\/td><td class=\"has-text-align-center\" data-align=\"center\">2500<\/td><td class=\"has-text-align-center\" data-align=\"center\">5000<\/td><\/tr><tr><td class=\"has-text-align-center\" data-align=\"center\">Stroomregeling<\/td><td class=\"has-text-align-center\" data-align=\"center\">%<\/td><td class=\"has-text-align-center\" data-align=\"center\">0-100<\/td><td class=\"has-text-align-center\" data-align=\"center\">0-100<\/td><td class=\"has-text-align-center\" data-align=\"center\">0-100<\/td><\/tr><tr><td class=\"has-text-align-center\" data-align=\"center\">Ge\u00efnstalleerde capaciteit<\/td><td class=\"has-text-align-center\" data-align=\"center\">W<\/td><td class=\"has-text-align-center\" data-align=\"center\">750<\/td><td class=\"has-text-align-center\" data-align=\"center\">750<\/td><td class=\"has-text-align-center\" data-align=\"center\">750<\/td><\/tr><tr><td class=\"has-text-align-center\" data-align=\"center\">Stroomvoorziening<\/td><td class=\"has-text-align-center\" data-align=\"center\">V<\/td><td class=\"has-text-align-center\" data-align=\"center\">230<\/td><td class=\"has-text-align-center\" data-align=\"center\">230<\/td><td class=\"has-text-align-center\" data-align=\"center\">230<\/td><\/tr><tr><td class=\"has-text-align-center\" data-align=\"center\">Totale afmetingen (BxLxH)<\/td><td class=\"has-text-align-center\" data-align=\"center\">Mm<\/td><td class=\"has-text-align-center\" data-align=\"center\">710x710x2050<\/td><td class=\"has-text-align-center\" data-align=\"center\">710x710x2050<\/td><td class=\"has-text-align-center\" data-align=\"center\">710x710x2050<\/td><\/tr><tr><td class=\"has-text-align-center\" data-align=\"center\">Gewicht<\/td><td class=\"has-text-align-center\" data-align=\"center\">kg<\/td><td class=\"has-text-align-center\" data-align=\"center\">70<\/td><td class=\"has-text-align-center\" data-align=\"center\">75<\/td><td class=\"has-text-align-center\" data-align=\"center\">75<\/td><\/tr><tr><td class=\"has-text-align-center\" data-align=\"center\">Geluidsniveau<\/td><td class=\"has-text-align-center\" data-align=\"center\">dB<\/td><td class=\"has-text-align-center\" data-align=\"center\">72<\/td><td class=\"has-text-align-center\" data-align=\"center\">72<\/td><td class=\"has-text-align-center\" data-align=\"center\">72<\/td><\/tr><\/tbody><\/table><\/figure>\n\n<p><\/p>\n","protected":false},"excerpt":{"rendered":"<p>De Clearbox is een in Frankrijk geproduceerde mobiele afzuigunit met 5 jaar garantie en een hoog debiet. Het is speciaal ontworpen voor de behandeling van vluchtige organische stoffen (VOC&#8217;s), gassen, geuren, oplosmiddelen, stof en dampen. Dit apparaat biedt verschillende filtratieniveaus, van 2 tot 3 fasen, en kan worden geconfigureerd op basis van je specifieke behoeften, zodat een optimale effici\u00ebntie bij het verwijderen van verontreinigende stoffen wordt gegarandeerd. Het is uitgerust met een G4 voorfilter, F9 tot H14 verzadigingsfilters voor stof en rook, en kan actieve kool bevatten voor de behandeling van gassen en VOC&#8217;s. Bovendien is hij verkrijgbaar in drie &#8230; <\/p>\n<p class=\"read-more-container\"><a title=\"Clearbox\" class=\"read-more button\" href=\"https:\/\/obera.fr\/nl\/produits\/caissons-mobiles-aspiration\/clearbox\/#more-115415\" aria-label=\"Lees meer over Clearbox\">Lire la suite<\/a><\/p>\n","protected":false},"author":4,"featured_media":103615,"parent":39648,"menu_order":0,"comment_status":"closed","ping_status":"closed","template":"","meta":{"_acf_changed":false,"_seopress_robots_primary_cat":"","_seopress_titles_title":"Clearbox: mobiele VOC-extractie-eenheid","_seopress_titles_desc":"Clearbox mobiele afzuigunit: zeer effici\u00ebnte filtratie van VOC's, dampen en geuren. Compact, stil, configureerbaar en 5 jaar garantie. ","_seopress_robots_index":"","footnotes":""},"class_list":{"0":"post-115415","1":"page","2":"type-page","3":"status-publish","4":"has-post-thumbnail","6":"no-featured-image-padding","7":"resize-featured-image"},"acf":[],"_links":{"self":[{"href":"https:\/\/obera.fr\/nl\/wp-json\/wp\/v2\/pages\/115415","targetHints":{"allow":["GET"]}}],"collection":[{"href":"https:\/\/obera.fr\/nl\/wp-json\/wp\/v2\/pages"}],"about":[{"href":"https:\/\/obera.fr\/nl\/wp-json\/wp\/v2\/types\/page"}],"author":[{"embeddable":true,"href":"https:\/\/obera.fr\/nl\/wp-json\/wp\/v2\/users\/4"}],"replies":[{"embeddable":true,"href":"https:\/\/obera.fr\/nl\/wp-json\/wp\/v2\/comments?post=115415"}],"version-history":[{"count":4,"href":"https:\/\/obera.fr\/nl\/wp-json\/wp\/v2\/pages\/115415\/revisions"}],"predecessor-version":[{"id":120429,"href":"https:\/\/obera.fr\/nl\/wp-json\/wp\/v2\/pages\/115415\/revisions\/120429"}],"up":[{"embeddable":true,"href":"https:\/\/obera.fr\/nl\/wp-json\/wp\/v2\/pages\/39648"}],"wp:featuredmedia":[{"embeddable":true,"href":"https:\/\/obera.fr\/nl\/wp-json\/wp\/v2\/media\/103615"}],"wp:attachment":[{"href":"https:\/\/obera.fr\/nl\/wp-json\/wp\/v2\/media?parent=115415"}],"curies":[{"name":"wp","href":"https:\/\/api.w.org\/{rel}","templated":true}]}}