{"id":38346,"date":"2022-10-15T01:42:46","date_gmt":"2022-10-14T23:42:46","guid":{"rendered":"https:\/\/obera.fr\/onze-producten\/armen-en-opraapapparaten\/"},"modified":"2025-04-22T09:37:39","modified_gmt":"2025-04-22T07:37:39","slug":"bras-dispositifs-captation","status":"publish","type":"page","link":"https:\/\/obera.fr\/nl\/produits\/bras-dispositifs-captation\/","title":{"rendered":"Armen en opraapapparaten"},"content":{"rendered":"\n<p>Onze <strong>industri\u00eble afzuig- en verzamelapparatuur<\/strong> bestaat uit afzuig- en verzamelarmen, afzuigtafels, afzuigachterwanden en verschillende afzuigkappen. Met deze industri\u00eble luchtafvangsystemen kunnen verontreinigende stoffen effici\u00ebnt en nauwkeurig worden afgezogen en opgevangen, direct bij de bron. <\/p>\n\n\n<h2 class=\"wp-block-heading\">In ons assortiment industri\u00eble zuig- en opvangapparatuur<\/h2>\n\n<div class=\"wp-block-columns is-layout-flex wp-container-core-columns-is-layout-28f84493 wp-block-columns-is-layout-flex\">\n<div class=\"wp-block-column is-layout-flow wp-block-column-is-layout-flow\">\n<h3 class=\"wp-block-heading has-text-align-center\"><br\/>Laboratorium arm industrieel<\/h3>\n\n\n\n<figure class=\"wp-block-image aligncenter size-medium is-resized\"><a href=\"https:\/\/obera.fr\/produits\/bras-dispositifs-captation\/bras-de-laboratoire\/\"><img decoding=\"async\" width=\"300\" height=\"300\" src=\"https:\/\/obera.fr\/wp-content\/uploads\/2022\/12\/bras-laboratoire-fumees-gar-odeur-600x600-1-300x300.png\" alt=\"rook en geur laboratorium arm 600x600 1\" class=\"wp-image-16559\" srcset=\"https:\/\/obera.fr\/wp-content\/uploads\/2022\/12\/bras-laboratoire-fumees-gar-odeur-600x600-1-300x300.png 300w, https:\/\/obera.fr\/wp-content\/uploads\/2022\/12\/bras-laboratoire-fumees-gar-odeur-600x600-1-150x150.png 150w, https:\/\/obera.fr\/wp-content\/uploads\/2022\/12\/bras-laboratoire-fumees-gar-odeur-600x600-1.png 600w\" sizes=\"(max-width: 300px) 100vw, 300px\" \/><\/a><figcaption class=\"wp-element-caption\">Laboratoriumarmen<\/figcaption><\/figure>\n\n\n\n<p>Ons assortiment <a href=\"https:\/\/obera.fr\/nl\/produits\/bras-dispositifs-captation\/bras-de-laboratoire\/\" data-type=\"page\" data-id=\"497\">laboratoriumarmen<\/a> is de ideale oplossing voor het afzuigen en opvangen van dampen van vaste werkplekken (werkbanken, laboratoria). Ze zijn gemakkelijk te hanteren en kunnen zo dicht mogelijk bij de vervuilingsbron worden geplaatst. Ons assortiment laboratoriumarmen kan worden geleverd met een aantal accessoires, waaronder een muurbeugel en een ronde of rechthoekige kap.  <\/p>\n\n\n\n<p>Onze laboratoriumarmen zijn verkrijgbaar in :<\/p>\n\n\n\n<ul class=\"wp-block-list\">\n<li>Aluminium, voor de meeste toepassingen.<\/li>\n\n\n\n<li>Antistatisch (ATEX), voor gevoelige en explosieve omgevingen.<\/li>\n\n\n\n<li>Anti-corrosie, voor corrosieve omgevingen.<\/li>\n<\/ul>\n\n\n\n<p>De industri\u00eble zuig- en opvangarmen kunnen ook worden aangepast aan <a href=\"https:\/\/obera.fr\/nl\/produits\/atex\/\">de ATEX-normen<\/a> (als optie) voor gebruik in explosiegevaarlijke omgevingen of voor het opzuigen van explosieve mengsels.<\/p>\n<\/div>\n\n\n\n<div class=\"wp-block-column is-layout-flow wp-block-column-is-layout-flow\">\n<h3 class=\"wp-block-heading has-text-align-center\"><br\/>Ovale afzuigkap met afzuigarm en rechthoekige afzuigkappen<\/h3>\n\n\n\n<figure class=\"wp-block-image aligncenter size-medium is-resized\"><a href=\"https:\/\/obera.fr\/produits\/bras-dispositifs-captation\/bras-hotte-ovale-rectangulaire\/\"><img decoding=\"async\" width=\"300\" height=\"300\" src=\"https:\/\/obera.fr\/wp-content\/uploads\/2022\/12\/bras-laboratoire-industriel-fumees-poussieres-600x600-2-300x300.png\" alt=\"industri&#xEB;le rook en stof laboratorium arm 600x600 2\" class=\"wp-image-16562\" srcset=\"https:\/\/obera.fr\/wp-content\/uploads\/2022\/12\/bras-laboratoire-industriel-fumees-poussieres-600x600-2-300x300.png 300w, https:\/\/obera.fr\/wp-content\/uploads\/2022\/12\/bras-laboratoire-industriel-fumees-poussieres-600x600-2-150x150.png 150w, https:\/\/obera.fr\/wp-content\/uploads\/2022\/12\/bras-laboratoire-industriel-fumees-poussieres-600x600-2.png 600w\" sizes=\"(max-width: 300px) 100vw, 300px\" \/><\/a><figcaption class=\"wp-element-caption\">Ophaalarm<\/figcaption><\/figure>\n\n\n\n<p>Onze <strong>industri\u00eble zuig- en opvangarmen<\/strong>, verkrijgbaar met een <a href=\"https:\/\/obera.fr\/nl\/produits\/bras-dispositifs-captation\/bras-hotte-ovale-rectangulaire\/\" data-type=\"URL\" data-id=\"https:\/\/obera.fr\/produits\/bras-dispositifs-captation\/bras-hotte-ovale-rectangulaire\/\">ovale of rechthoekige kap<\/a>. Deze industri\u00eble zuig- en opvangarmen zijn ideaal voor het verzamelen van stof en spaanders, lasrook, dampen, gassen, geuren en olienevels. <\/p>\n\n\n\n<p>Ze kunnen eenvoudig worden aangesloten op een opvangnetwerk, een <a href=\"https:\/\/obera.fr\/nl\/produits\/depoussiereurs-industriels\/mobiles\/aspiration-poussiere-dustomat-10\/\">mobiele stofafscheider<\/a>, een <a href=\"https:\/\/obera.fr\/nl\/produits\/depoussiereurs-industriels\/\">industri\u00eble stofafscheider<\/a> of een centraal afzuigsysteem.<\/p>\n\n\n\n<p>Uitgerust met pneumatische veren zijn ze gemakkelijk te hanteren en zo dicht mogelijk bij de vervuilende uitstoot te plaatsen. Voor optimaal comfort en effici\u00ebntie zijn industri\u00eble zuig- en opvangarmen verkrijgbaar in een groot aantal lengtes en diameters. <\/p>\n\n\n\n<p>De externe stroomafnemerstructuur beperkt de stroming in de pijp niet en is uiterst robuust en gemakkelijk te hanteren. De industri\u00eble versie van de verzamel- en zuigarmen is verkrijgbaar in diameters van 50 tot 200, met werkradii van 1,50 tot 8 meter. <\/p>\n\n\n\n<div style=\"height:45px\" aria-hidden=\"true\" class=\"wp-block-spacer\"><\/div>\n<\/div>\n<\/div>\n\n<div class=\"wp-block-columns is-layout-flex wp-container-core-columns-is-layout-28f84493 wp-block-columns-is-layout-flex\">\n<div class=\"wp-block-column is-layout-flow wp-block-column-is-layout-flow\">\n<h3 class=\"wp-block-heading has-text-align-center\">Spatschermen met industri\u00eble afzuiging<\/h3>\n\n\n\n<figure class=\"wp-block-image aligncenter size-medium is-resized\"><a href=\"https:\/\/obera.fr\/produits\/bras-dispositifs-captation\/dosserets-aspirants\/\"><img decoding=\"async\" width=\"300\" height=\"300\" src=\"https:\/\/obera.fr\/wp-content\/uploads\/2022\/12\/dosserets-apirants-600x600-1-300x300.png\" alt=\"ademende spatschermen 600x600 1\" class=\"wp-image-16565\" style=\"object-fit:cover;width:150px;height:150px\" srcset=\"https:\/\/obera.fr\/wp-content\/uploads\/2022\/12\/dosserets-apirants-600x600-1-300x300.png 300w, https:\/\/obera.fr\/wp-content\/uploads\/2022\/12\/dosserets-apirants-600x600-1-150x150.png 150w, https:\/\/obera.fr\/wp-content\/uploads\/2022\/12\/dosserets-apirants-600x600-1.png 600w\" sizes=\"(max-width: 300px) 100vw, 300px\" \/><\/a><figcaption class=\"wp-element-caption\">Achterwanden  <\/figcaption><\/figure>\n\n\n\n<p>Ons assortiment <a href=\"https:\/\/obera.fr\/nl\/produits\/bras-dispositifs-captation\/dosserets-aspirants\/\" data-type=\"URL\" data-id=\"https:\/\/obera.fr\/produits\/bras-dispositifs-captation\/dosserets-aspirants\/\">industri\u00eble afzuigspatschermen<\/a>,<strong> <\/strong>Deze achterwanden zijn zeer effectief voor het behandelen van dampen, gassen, stof en rook. <\/p>\n\n\n\n<p>Er kunnen ook twee zijschermen aan deze installatie worden toegevoegd, evenals een horizontaal vizier om de operator op zijn werkplek te houden en de afzuiging en opvang effectiever te maken.<\/p>\n\n\n\n<p>Het is de bedoeling <strong>dat de lucht van achter de operator en voor hem wordt aangezogen<\/strong>, zodat zijn luchtwegen niet in contact komen met het stof of de verontreiniging die we proberen op te vangen.<\/p>\n\n\n\n<p>Onze afzuigplashbacks worden meestal aangesloten op een bestaand afzuigsysteem, een vaste of mobiele industri\u00eble stofzuiger, een industri\u00eble afzuigventilator of een industri\u00eble stofzuiger. Het reinigen van industri\u00eble afzuigplashbacks is snel en eenvoudig. Ze zijn verkrijgbaar in gelakt staal of in verschillende industri\u00eble of voedselveilige roestvrijstalen materialen.  <\/p>\n\n\n\n<div style=\"height:69px\" aria-hidden=\"true\" class=\"wp-block-spacer\"><\/div>\n<\/div>\n\n\n\n<div class=\"wp-block-column is-layout-flow wp-block-column-is-layout-flow\">\n<h3 class=\"wp-block-heading has-text-align-center\">Industri\u00eble vacu\u00fcmtafels<\/h3>\n\n\n\n<figure class=\"wp-block-image aligncenter size-medium is-resized\"><a href=\"https:\/\/obera.fr\/produits\/tables-aspirantes\/table-aspirante-a-at\/\"><img decoding=\"async\" width=\"300\" height=\"300\" src=\"https:\/\/obera.fr\/wp-content\/uploads\/2022\/12\/tables-aspirantes-aat-300x300.jpg\" alt=\"a&amp;amp;at afzuigtafels\" class=\"wp-image-16617\" style=\"object-fit:cover;width:150px;height:150px\" srcset=\"https:\/\/obera.fr\/wp-content\/uploads\/2022\/12\/tables-aspirantes-aat-300x300.jpg 300w, https:\/\/obera.fr\/wp-content\/uploads\/2022\/12\/tables-aspirantes-aat-150x150.jpg 150w, https:\/\/obera.fr\/wp-content\/uploads\/2022\/12\/tables-aspirantes-aat.jpg 600w\" sizes=\"(max-width: 300px) 100vw, 300px\" \/><\/a><figcaption class=\"wp-element-caption\">Afzuigtafels<\/figcaption><\/figure>\n\n\n\n<p>Ons assortiment <a href=\"https:\/\/obera.fr\/nl\/produits\/afzuigtafels\/\" data-type=\"URL\" data-id=\"https:\/\/obera.fr\/produits\/bras-dispositifs-captation\/tables-aspirantes\/\">industri\u00eble vacu\u00fcmtafels<\/a> is speciaal ontworpen voor het effectief afzuigen van schuurstof, slijpstof, lasdampen, dampen, oplosmiddelen en vluchtige organische stoffen van lijm- of lakwerkzaamheden. Het is de ideale oplossing voor een veilige en gezonde werkplek voor de gebruiker.   <\/p>\n\n\n\n<p>Onze <strong>industri\u00eble vacu\u00fcmtafels<\/strong> kunnen worden aangesloten op een ventilator, een stofcollector of een mobiele stofzuiger, of op een gecentraliseerd industrieel vacu\u00fcmsysteem. Onze industri\u00eble tafels kunnen gekozen worden met een zuigrugleuning en intrekbare zijpanelen. Door hun stevige, industri\u00eble constructie zijn ze zeer schokbestendig en kunnen ze ook worden uitgerust met een industri\u00eble bankschroef of draaitafel. Het tafelblad kan worden gekozen uit industri\u00eble roosters, houten latten of synthetische vezels. De tafels zijn voorzien van een lade voor het opvangen van grof industrieel stof om te voorkomen dat dit wordt opgezogen door het vacu\u00fcmsysteem.    <\/p>\n\n\n\n<div style=\"height:45px\" aria-hidden=\"true\" class=\"wp-block-spacer\"><\/div>\n<\/div>\n<\/div>\n\n<div class=\"wp-block-columns is-layout-flex wp-container-core-columns-is-layout-28f84493 wp-block-columns-is-layout-flex\">\n<div class=\"wp-block-column is-layout-flow wp-block-column-is-layout-flow\">\n<h3 class=\"wp-block-heading has-text-align-center\">Industri\u00eble rechthoekige zuurkasten<\/h3>\n\n\n\n<figure class=\"wp-block-image aligncenter size-full is-resized\"><a href=\"https:\/\/obera.fr\/produits\/bras-dispositifs-captation\/hotte-rectangulaire\/\"><img decoding=\"async\" width=\"1280\" height=\"1280\" src=\"https:\/\/obera.fr\/wp-content\/uploads\/2024\/06\/hotte-de-captation-rectangulaire-industrielle-600x600-1.png\" alt=\"industri&#xEB;le rechthoekige zuurkast 600x600 1\" class=\"wp-image-31483\" style=\"object-fit:cover;width:182px;height:auto\" srcset=\"https:\/\/obera.fr\/wp-content\/uploads\/2024\/06\/hotte-de-captation-rectangulaire-industrielle-600x600-1.png 1280w, https:\/\/obera.fr\/wp-content\/uploads\/2024\/06\/hotte-de-captation-rectangulaire-industrielle-600x600-1-300x300.png 300w, https:\/\/obera.fr\/wp-content\/uploads\/2024\/06\/hotte-de-captation-rectangulaire-industrielle-600x600-1-1024x1024.png 1024w, https:\/\/obera.fr\/wp-content\/uploads\/2024\/06\/hotte-de-captation-rectangulaire-industrielle-600x600-1-150x150.png 150w, https:\/\/obera.fr\/wp-content\/uploads\/2024\/06\/hotte-de-captation-rectangulaire-industrielle-600x600-1-768x768.png 768w\" sizes=\"(max-width: 1280px) 100vw, 1280px\" \/><\/a><figcaption class=\"wp-element-caption\">Rechthoekige afzuigkap  <\/figcaption><\/figure>\n\n\n\n<p>Ons assortiment <a href=\"https:\/\/obera.fr\/nl\/produits\/bras-dispositifs-captation\/hotte-rectangulaire\/\" data-type=\"URL\" data-id=\"https:\/\/obera.fr\/produits\/bras-dispositifs-captation\/hotte-rectangulaire\/\">industri\u00eble rechthoekige afzuigkappen<\/a> is ideaal om rook, stof en andere gasvormige verontreinigingen direct bij de bron af te vangen.  <\/p>\n\n\n\n<p>Deze <strong>industri\u00eble afzuigkappen<\/strong> zijn verkrijgbaar in twee maten (500&#215;500 en 600&#215;600).  <\/p>\n\n\n\n<p>Ze passen perfect bij onze industri\u00eble zuig- en opvangarmen, of kunnen onafhankelijk van elkaar op een werkplek worden gemonteerd.<\/p>\n<\/div>\n\n\n\n<div class=\"wp-block-column is-layout-flow wp-block-column-is-layout-flow\">\n<h3 class=\"wp-block-heading has-text-align-center\"><br\/>Modulaire zuurkasten industrieel<\/h3>\n\n\n\n<figure class=\"wp-block-image aligncenter size-full is-resized\"><a href=\"https:\/\/obera.fr\/de\/produits\/bras-dispositifs-captation\/hotte-modulaire\/\"><img decoding=\"async\" width=\"1200\" height=\"1200\" src=\"https:\/\/obera.fr\/wp-content\/uploads\/2024\/12\/1.jpg\" alt=\"Modulaire kap\" class=\"wp-image-56959\" style=\"object-fit:cover;width:150px;height:150px\" srcset=\"https:\/\/obera.fr\/wp-content\/uploads\/2024\/12\/1.jpg 1200w, https:\/\/obera.fr\/wp-content\/uploads\/2024\/12\/1-300x300.jpg 300w, https:\/\/obera.fr\/wp-content\/uploads\/2024\/12\/1-1024x1024.jpg 1024w, https:\/\/obera.fr\/wp-content\/uploads\/2024\/12\/1-150x150.jpg 150w, https:\/\/obera.fr\/wp-content\/uploads\/2024\/12\/1-768x768.jpg 768w, https:\/\/obera.fr\/wp-content\/uploads\/2024\/12\/1-400x400.jpg 400w, https:\/\/obera.fr\/wp-content\/uploads\/2024\/12\/1-600x600.jpg 600w\" sizes=\"(max-width: 1200px) 100vw, 1200px\" \/><\/a><figcaption class=\"wp-element-caption\">Modulaire afzuigkap<\/figcaption><\/figure>\n\n\n\n<p>Ons assortiment modulaire industri\u00eble <a href=\"https:\/\/obera.fr\/nl\/produits\/bras-dispositifs-captation\/hotte-modulaire\/\" data-type=\"URL\" data-id=\"https:\/\/obera.fr\/produits\/bras-dispositifs-captation\/hotte-modulaire\/\">afzuigkappen<\/a> is verkrijgbaar in een groot aantal maten (van 950 mm x 950 mm tot 3.950 mm x 1.950 mm), met afzuigdebieten van 1.000 m3\/u tot 20.000 m3\/u. Dit brede scala aan beschikbare maten maakt het eenvoudig om een machine, een werkstation of een industri\u00eble lasrobot in te sluiten, te omsluiten of af te dekken.   <\/p>\n\n\n\n<p>Deze <strong>modulaire industri\u00eble afzuigkappen<\/strong> kunnen worden aangepast aan de meeste configuraties voor optimale afzuiging en afzuiging van dampen en stof. Onze afzuigkappen zijn de ideale oplossing voor het afvangen en afzuigen van alle soorten gasvormige verontreinigingen, stof en industri\u00eble dampen. Ze kunnen eenvoudig zo dicht mogelijk bij de verontreinigende uitstoot worden geplaatst. Steunvoeten en spatlappen (optioneel) kunnen ook worden toegevoegd om open oppervlakken te verkleinen en afzuigsnelheden te forceren naar de gewenste gebieden.     <\/p>\n\n\n\n<p>Voor de metaalsector kunnen onze modulaire zuurkasten worden uitgerust met een voorscheider voor gloeiende deeltjes.<\/p>\n\n\n\n<div style=\"height:45px\" aria-hidden=\"true\" class=\"wp-block-spacer\"><\/div>\n<\/div>\n<\/div>\n\n<div class=\"wp-block-columns is-layout-flex wp-container-core-columns-is-layout-28f84493 wp-block-columns-is-layout-flex\">\n<div class=\"wp-block-column is-layout-flow wp-block-column-is-layout-flow\">\n<h3 class=\"wp-block-heading has-text-align-center\"><br\/>INDUSTRI\u00cbLE AFZUIGKAPPEN EN OPVANGKAPPEN<\/h3>\n\n\n\n<figure class=\"wp-block-image aligncenter size-medium is-resized\"><a href=\"https:\/\/obera.fr\/produits\/bras-dispositifs-captation\/capot-industriel\/\"><img decoding=\"async\" width=\"300\" height=\"300\" src=\"https:\/\/obera.fr\/wp-content\/uploads\/2022\/12\/capot-daspiration-et-de-captation-600x600-1-300x300.png\" alt=\"zuig- en opvangmuts 600x600 1\" class=\"wp-image-16550\" style=\"width:150px\" srcset=\"https:\/\/obera.fr\/wp-content\/uploads\/2022\/12\/capot-daspiration-et-de-captation-600x600-1-300x300.png 300w, https:\/\/obera.fr\/wp-content\/uploads\/2022\/12\/capot-daspiration-et-de-captation-600x600-1-150x150.png 150w, https:\/\/obera.fr\/wp-content\/uploads\/2022\/12\/capot-daspiration-et-de-captation-600x600-1.png 600w\" sizes=\"(max-width: 300px) 100vw, 300px\" \/><\/a><figcaption class=\"wp-element-caption\">Zuig- en opvangmuts<\/figcaption><\/figure>\n\n\n\n<p>Ons assortiment <a href=\"https:\/\/obera.fr\/nl\/produits\/bras-dispositifs-captation\/capot-industriel\/\" data-type=\"URL\" data-id=\"https:\/\/obera.fr\/produits\/bras-dispositifs-captation\/capot-industriel\/\">industri\u00eble zuig- en opvangkappen<\/a> is de ideale oplossing om werkstations of industri\u00eble machines uit te rusten met effici\u00ebnte, nauwkeurige afzuiging.<\/p>\n\n\n\n<p>Onze <strong>industri\u00eble zuig- en opvangmaskers<\/strong> zijn verkrijgbaar in verschillende maten en vormen en passen zich perfect aan uw problemen met dampen, stof, spanen en andere gasvormige verontreinigingen aan.<\/p>\n\n\n\n<p>Ons assortiment industri\u00eble opvangringen kan worden aangepast aan verschillende opvangconfiguraties.<\/p>\n<\/div>\n\n\n\n<div class=\"wp-block-column is-layout-flow wp-block-column-is-layout-flow\">\n<h3 class=\"wp-block-heading has-text-align-center\"><br\/>ring vang lob ringen<\/h3>\n\n\n\n<p><\/p>\n\n\n\n<figure class=\"wp-block-image aligncenter size-medium is-resized\"><a href=\"https:\/\/obera.fr\/produits\/bras-dispositifs-captation\/anneaux-de-pouyes\/\"><img decoding=\"async\" width=\"300\" height=\"300\" src=\"https:\/\/obera.fr\/wp-content\/uploads\/2022\/12\/anneaux-de-pouyes-600x600-1-300x300.png\" alt=\"voeringringen 600x600 1\" class=\"wp-image-16553\" style=\"width:124px;height:auto\" srcset=\"https:\/\/obera.fr\/wp-content\/uploads\/2022\/12\/anneaux-de-pouyes-600x600-1-300x300.png 300w, https:\/\/obera.fr\/wp-content\/uploads\/2022\/12\/anneaux-de-pouyes-600x600-1-150x150.png 150w, https:\/\/obera.fr\/wp-content\/uploads\/2022\/12\/anneaux-de-pouyes-600x600-1.png 600w\" sizes=\"(max-width: 300px) 100vw, 300px\" \/><\/a><figcaption class=\"wp-element-caption\">Ringvormige vangringen<\/figcaption><\/figure>\n\n\n\n<p><a href=\"https:\/\/obera.fr\/nl\/produits\/bras-dispositifs-captation\/anneaux-de-pouyes\/\" data-type=\"page\" data-id=\"14477\">De trechterringen van OberA<\/a> zijn ontworpen om verontreinigende stoffen die vrijkomen bij het laden\/lossen van poeders of fijnstof direct bij de bron op te vangen. Door hun ontwerp zijn ze eenvoudig te reinigen. <\/p>\n<\/div>\n<\/div>\n\n<p><\/p>\n\n<h2 class=\"wp-block-heading\">Welke industri\u00eble sectoren gebruiken onze apparatuur?<\/h2>\n\n<p>Onze industri\u00eble zuig- en opvangapparatuur kan worden gebruikt in <strong>een groot aantal industrie\u00ebn<\/strong>, waaronder :<\/p>\n\n<div class=\"wp-block-columns is-layout-flex wp-container-core-columns-is-layout-28f84493 wp-block-columns-is-layout-flex\">\n<div class=\"wp-block-column is-layout-flow wp-block-column-is-layout-flow\">\n<ul class=\"wp-block-list\">\n<li>Chemische industrie<\/li>\n\n\n\n<li>De voedingsmiddelenindustrie<\/li>\n\n\n\n<li>De farmaceutische industrie<\/li>\n<\/ul>\n<\/div>\n\n\n\n<div class=\"wp-block-column is-layout-flow wp-block-column-is-layout-flow\">\n<ul class=\"wp-block-list\">\n<li>De metaalverwerkende industrie<\/li>\n\n\n\n<li>De kunststofindustrie<\/li>\n\n\n\n<li>De houtindustrie<\/li>\n<\/ul>\n<\/div>\n\n\n\n<div class=\"wp-block-column is-layout-flow wp-block-column-is-layout-flow\">\n<ul class=\"wp-block-list\">\n<li>De elektronica-industrie<\/li>\n\n\n\n<li>Enz&#8230;<\/li>\n<\/ul>\n<\/div>\n<\/div>\n\n<p><\/p>\n\n<h2 class=\"wp-block-heading\">Waarom kiezen voor een afzuig- en opvangsysteem aan de bron in plaats van zuivering of luchtzuivering in de ruimte?<\/h2>\n\n<p><br\/>Het verdient de voorkeur om zoveel mogelijk af te zuigen en af te vangen aan de bron. Dit voorkomt dat verontreinigende stoffen zich door de werkruimte verspreiden, waardoor werknemers zoveel mogelijk worden beschermd. Wanneer het niet mogelijk is om verontreinigende stoffen of stof aan de bron af te vangen, of wanneer een veelheid aan stofbronnen afzuiging aan de bron onmogelijk maakt, is het raadzaam om te kiezen voor een oplossing voor luchtzuivering.    <\/p>\n\n<p>Bovendien vormt luchtbehandeling in sommige gevallen een effectieve aanvulling op bestaande bronafzuigingssystemen om de concentratie van verontreinigende stoffen op de werkplek aanzienlijk te verminderen, met name in het geval van stof of gasvormige verontreinigende stoffen die als CMR zijn geclassificeerd.<\/p>\n\n<h2 class=\"wp-block-heading\">Hoe kies je het juiste industri\u00eble afzuig- en opvangsysteem?<\/h2>\n\n<p>Het is essentieel om <strong>je industri\u00eble afzuig- en opvangsysteem zorgvuldig te kiezen<\/strong>, omdat dit kan leiden tot een lagere effici\u00ebntie van de luchtbehandeling. Als je zelf op onderzoek uitgaat, zorg er dan voor dat je meer te weten komt over de verschillende aspecten die een rol spelen: <\/p>\n\n<ul class=\"wp-block-list\">\n<li>De afzuigsnelheden die nodig zijn om stof en verontreinigende stoffen effectief af te vangen,<\/li>\n\n\n\n<li>De afstand tussen de bron van de vervuilende stoffen en het gekozen afvangapparaat,<\/li>\n\n\n\n<li>Het <a href=\"https:\/\/obera.fr\/nl\/conseils\/comment-calculer-debit-air-systeme-aspiration\/\">vereiste aanzuigdebiet<\/a>,<\/li>\n\n\n\n<li>Het drukverlies van het opvangapparaat,<\/li>\n\n\n\n<li>De beschikbare druk en luchtstroom van je stofafscheider of bestaand afzuigsysteem.<\/li>\n<\/ul>\n\n<p>Doe een beroep op onze experts, zij kunnen je helpen je problemen op te lossen en je het juiste product aanbieden.<\/p>\n\n<div class=\"wp-block-buttons is-horizontal is-content-justification-center is-layout-flex wp-container-core-buttons-is-layout-03627597 wp-block-buttons-is-layout-flex\">\n<div class=\"wp-block-button has-custom-width wp-block-button__width-100\"><a class=\"wp-block-button__link wp-element-button\" href=\"https:\/\/obera.fr\/nl\/neem-contact-met-ons-op\/\">Meer informatie<\/a><\/div>\n<\/div>\n","protected":false},"excerpt":{"rendered":"<p>Onze industri\u00eble afzuig- en verzamelapparatuur bestaat uit afzuig- en verzamelarmen, afzuigtafels, afzuigachterwanden en verschillende afzuigkappen. Met deze industri\u00eble luchtafvangsystemen kunnen verontreinigende stoffen effici\u00ebnt en nauwkeurig worden afgezogen en opgevangen, direct bij de bron. In ons assortiment industri\u00eble zuig- en opvangapparatuur Laboratorium arm industrieel Ons assortiment laboratoriumarmen is de ideale oplossing voor het afzuigen en opvangen van dampen van vaste werkplekken (werkbanken, laboratoria). Ze zijn gemakkelijk te hanteren en kunnen zo dicht mogelijk bij de vervuilingsbron worden geplaatst. Ons assortiment laboratoriumarmen kan worden geleverd met een aantal accessoires, waaronder een muurbeugel en een ronde of rechthoekige kap. Onze laboratoriumarmen zijn verkrijgbaar &#8230; <\/p>\n<p class=\"read-more-container\"><a title=\"Armen en opraapapparaten\" class=\"read-more button\" href=\"https:\/\/obera.fr\/nl\/produits\/bras-dispositifs-captation\/#more-38346\" aria-label=\"Lees meer over Armen en opraapapparaten\">Lire la suite<\/a><\/p>\n","protected":false},"author":4,"featured_media":83736,"parent":38144,"menu_order":0,"comment_status":"closed","ping_status":"closed","template":"","meta":{"_acf_changed":false,"_seopress_robots_primary_cat":"","_seopress_titles_title":"Bras et dispositifs de captation: tables, dosserets, hottes aspirantes","_seopress_titles_desc":"Notre gamme est compos\u00e9e de bras d\u2019aspiration et captation, de tables aspirantes, de dosserets aspirants et d'hottes de captation et d\u2019extraction d\u2019air.","_seopress_robots_index":"","footnotes":""},"class_list":{"0":"post-38346","1":"page","2":"type-page","3":"status-publish","4":"has-post-thumbnail","6":"no-featured-image-padding","7":"resize-featured-image"},"acf":[],"_links":{"self":[{"href":"https:\/\/obera.fr\/nl\/wp-json\/wp\/v2\/pages\/38346","targetHints":{"allow":["GET"]}}],"collection":[{"href":"https:\/\/obera.fr\/nl\/wp-json\/wp\/v2\/pages"}],"about":[{"href":"https:\/\/obera.fr\/nl\/wp-json\/wp\/v2\/types\/page"}],"author":[{"embeddable":true,"href":"https:\/\/obera.fr\/nl\/wp-json\/wp\/v2\/users\/4"}],"replies":[{"embeddable":true,"href":"https:\/\/obera.fr\/nl\/wp-json\/wp\/v2\/comments?post=38346"}],"version-history":[{"count":3,"href":"https:\/\/obera.fr\/nl\/wp-json\/wp\/v2\/pages\/38346\/revisions"}],"predecessor-version":[{"id":70947,"href":"https:\/\/obera.fr\/nl\/wp-json\/wp\/v2\/pages\/38346\/revisions\/70947"}],"up":[{"embeddable":true,"href":"https:\/\/obera.fr\/nl\/wp-json\/wp\/v2\/pages\/38144"}],"wp:featuredmedia":[{"embeddable":true,"href":"https:\/\/obera.fr\/nl\/wp-json\/wp\/v2\/media\/83736"}],"wp:attachment":[{"href":"https:\/\/obera.fr\/nl\/wp-json\/wp\/v2\/media?parent=38346"}],"curies":[{"name":"wp","href":"https:\/\/api.w.org\/{rel}","templated":true}]}}