{"id":38711,"date":"2022-09-13T10:52:39","date_gmt":"2022-09-13T08:52:39","guid":{"rendered":"https:\/\/obera.fr\/onze-producten\/armen-en-opraapapparaten\/pouyes-ringen\/"},"modified":"2025-08-29T09:26:47","modified_gmt":"2025-08-29T07:26:47","slug":"anneaux-de-pouyes","status":"publish","type":"page","link":"https:\/\/obera.fr\/nl\/produits\/bras-dispositifs-captation\/anneaux-de-pouyes\/","title":{"rendered":"Pouy\u00e8s ringen"},"content":{"rendered":"\n<h2 class=\"wp-block-heading\">Zuig- en ringsensoren<\/h2>\n\n<p>Om de werkomgeving schoon en gezond te houden en zo de gezondheid van de operators te beschermen, moeten verontreinigende stoffen worden afgevangen zodra ze worden geproduceerd, zo dicht mogelijk bij de emissiebron en zo effici\u00ebnt mogelijk. Hierbij wordt rekening gehouden met de aard, kenmerken en concentratie van de verontreinigende stof zelf. Afhankelijk van de eisen van de klant ontwerpt OberA verschillende Pouyes-ringen en aanzuigsensoren volgens plan.<\/p>\n\n<p><\/p>\n\n<div class=\"wp-block-columns is-layout-flex wp-container-core-columns-is-layout-28f84493 wp-block-columns-is-layout-flex\">\n<div class=\"wp-block-column is-vertically-aligned-top is-layout-flow wp-block-column-is-layout-flow\" style=\"flex-basis:33.33%\">\n<p><\/p>\n\n\n\n<figure class=\"wp-block-image aligncenter size-large\"><img decoding=\"async\" width=\"1024\" height=\"768\" src=\"https:\/\/obera.fr\/wp-content\/uploads\/2025\/08\/img_20250827_130840-1024x768.jpg\" alt=\"afbeelding 20250827 130840\" class=\"wp-image-127390\" srcset=\"https:\/\/obera.fr\/wp-content\/uploads\/2025\/08\/img_20250827_130840-1024x768.jpg 1024w, https:\/\/obera.fr\/wp-content\/uploads\/2025\/08\/img_20250827_130840-300x225.jpg 300w, https:\/\/obera.fr\/wp-content\/uploads\/2025\/08\/img_20250827_130840-768x576.jpg 768w, https:\/\/obera.fr\/wp-content\/uploads\/2025\/08\/img_20250827_130840-1536x1152.jpg 1536w, https:\/\/obera.fr\/wp-content\/uploads\/2025\/08\/img_20250827_130840-2048x1536.jpg 2048w\" sizes=\"(max-width: 1024px) 100vw, 1024px\" \/><\/figure>\n<\/div>\n\n\n\n<div class=\"wp-block-column is-vertically-aligned-center is-layout-flow wp-block-column-is-layout-flow\" style=\"flex-basis:66.66%\">\n<h3 class=\"wp-block-heading\">RINGENSOREN<\/h3>\n\n\n\n<p>Pouy\u00e8s ringen of ringvormige collectoren zijn zeer effectieve middelen om energie op te vangen bij de bron. Ze zijn ontworpen voor een optimale zuigsnelheid en een gelijkmatige luchtstroom, terwijl de ruimte boven het werkgebied vrij blijft.<\/p>\n\n\n\n<h3 class=\"wp-block-heading\">hoe een pouy\u00e8s-ring werkt<\/h3>\n\n\n\n<p>Dankzij de negatieve druk die door de ventilator wordt gecre\u00eberd, worden de vluchtige verontreinigende stoffen zo dicht mogelijk bij de emissiebron opgevangen, vanwaar ze via de aanzuigsleuven naar de collector worden getransporteerd die verbonden is met het filtratiesysteem.<\/p>\n\n\n\n<h3 class=\"wp-block-heading\">VOORDELEN<\/h3>\n\n\n\n<p class=\"has-contrast-color has-text-color\">De Pouy\u00e8s ringen beschermen niet alleen de gezondheid van de gebruikers en hun werkomgeving, maar<span class=\"JsGRdQ\" style=\"color: rgb(33, 45, 87); font-weight: 400; font-style: normal; text-decoration: none;\"> optimaliseren ook de afzuigcapaciteit en zorgen voor echte energiebesparingen<\/span>. Vanuit ergonomisch oogpunt vermijden de Pouy\u00e8s ringen elk ongemak voor de operator. In combinatie met een zaksteun maakt de Pouy\u00e8s-ring het dagelijkse werk gemakkelijker en comfortabeler voor de gebruiker. Het ontwerp maakt ook het onderhoud snel en eenvoudig.   <\/p>\n\n\n\n<div class=\"wp-block-columns is-layout-flex wp-container-core-columns-is-layout-28f84493 wp-block-columns-is-layout-flex\">\n<div class=\"wp-block-column is-vertically-aligned-top is-layout-flow wp-block-column-is-layout-flow\">\n<div class=\"wp-block-buttons is-content-justification-center is-layout-flex wp-container-core-buttons-is-layout-a89b3969 wp-block-buttons-is-layout-flex\">\n<div class=\"wp-block-button is-style-fill\"><a class=\"wp-block-button__link wp-element-button\" href=\"https:\/\/obera.fr\/wp-content\/uploads\/2025\/06\/brochure-anneaux-de-pouyes.pdf\">Download de brochure<\/a><\/div>\n<\/div>\n<\/div>\n\n\n\n<div class=\"wp-block-column is-vertically-aligned-top is-layout-flow wp-block-column-is-layout-flow\">\n<div class=\"wp-block-buttons is-horizontal is-content-justification-center is-layout-flex wp-container-core-buttons-is-layout-03627597 wp-block-buttons-is-layout-flex\">\n<div class=\"wp-block-button has-custom-width wp-block-button__width-100\"><a class=\"wp-block-button__link wp-element-button\" href=\"https:\/\/obera.fr\/nl\/neem-contact-met-ons-op\/\">Meer informatie<\/a><\/div>\n<\/div>\n<\/div>\n\n\n\n<div class=\"wp-block-column is-layout-flow wp-block-column-is-layout-flow\">\n<div class=\"wp-block-buttons is-content-justification-center is-layout-flex wp-container-core-buttons-is-layout-a89b3969 wp-block-buttons-is-layout-flex\">\n<div class=\"wp-block-button btn-devis-source\"><a class=\"wp-block-button__link wp-element-button\" href=\"https:\/\/obera.fr\/nl\/devis\/\">Een offerte aanvragen<\/a><\/div>\n<\/div>\n\n\n<script>\r\ndocument.addEventListener('DOMContentLoaded', function() {\r\n    \/\/ 1. On cherche le titre H1 de la page\r\n    var h1 = document.querySelector('h1');\r\n    var productTitle = h1 ? h1.innerText.trim() : \"\";\r\n\r\n    \/\/ 2. On cherche les boutons via la classe CSS .btn-devis-source\r\n    var buttons = document.querySelectorAll('.btn-devis-source a');\r\n\r\n    \/\/ 3. Si on a le titre et les boutons, on ajoute le param\u00e8tre\r\n    if (buttons.length > 0 && productTitle !== \"\") {\r\n        var encodedTitle = encodeURIComponent(productTitle);\r\n\r\n        buttons.forEach(function(btn) {\r\n            var currentHref = btn.getAttribute('href');\r\n            \r\n            \/\/ S\u00e9curit\u00e9 pour ne pas ajouter le param\u00e8tre 2 fois\r\n            if (currentHref.indexOf('sujet=') === -1) {\r\n                var separator = currentHref.indexOf('?') !== -1 ? '&' : '?';\r\n                var newLink = currentHref + separator + 'sujet=' + encodedTitle;\r\n                \r\n                btn.setAttribute('href', newLink);\r\n            }\r\n        });\r\n    }\r\n});\r\n<\/script><\/div>\n<\/div>\n<\/div>\n<\/div>\n\n<h2 class=\"wp-block-heading\">Welke vervuilende stoffen kan ik behandelen met Pouy\u00e8s ringen?<\/h2>\n\n<p><\/p>\n\n<div class=\"wp-block-columns is-layout-flex wp-container-core-columns-is-layout-28f84493 wp-block-columns-is-layout-flex\">\n<div class=\"wp-block-column is-layout-flow wp-block-column-is-layout-flow\" style=\"flex-basis:33.33%\">\n<figure class=\"wp-block-image aligncenter size-full is-resized\"><img decoding=\"async\" width=\"500\" height=\"500\" src=\"https:\/\/obera.fr\/wp-content\/uploads\/2024\/05\/anneau-de-pouyes-2-1.jpg\" alt=\"anneau de pouyes 2 1\" class=\"wp-image-31088\" style=\"width:169px;height:auto\" srcset=\"https:\/\/obera.fr\/wp-content\/uploads\/2024\/05\/anneau-de-pouyes-2-1.jpg 500w, https:\/\/obera.fr\/wp-content\/uploads\/2024\/05\/anneau-de-pouyes-2-1-300x300.jpg 300w, https:\/\/obera.fr\/wp-content\/uploads\/2024\/05\/anneau-de-pouyes-2-1-150x150.jpg 150w\" sizes=\"(max-width: 500px) 100vw, 500px\" \/><\/figure>\n<\/div>\n\n\n\n<div class=\"wp-block-column is-layout-flow wp-block-column-is-layout-flow\" style=\"flex-basis:66.66%\">\n<div class=\"wp-block-columns is-layout-flex wp-container-core-columns-is-layout-28f84493 wp-block-columns-is-layout-flex\">\n<div class=\"wp-block-column is-layout-flow wp-block-column-is-layout-flow\"><\/div>\n<\/div>\n\n\n\n<div class=\"wp-block-columns is-layout-flex wp-container-core-columns-is-layout-28f84493 wp-block-columns-is-layout-flex\">\n<div class=\"wp-block-column is-layout-flow wp-block-column-is-layout-flow\"><\/div>\n<\/div>\n\n\n\n<p>Ringvormige sensoren kunnen in diverse industri\u00eble sectoren worden gebruikt en worden met name aanbevolen voor mengen en bemonsteren, verpakken, vullen, legen, malen en zeven, reactorbelading en wegen.<\/p>\n\n\n\n<div class=\"wp-block-columns is-layout-flex wp-container-core-columns-is-layout-28f84493 wp-block-columns-is-layout-flex\">\n<div class=\"wp-block-column is-layout-flow wp-block-column-is-layout-flow\"><\/div>\n<\/div>\n<\/div>\n<\/div>\n\n<div class=\"wp-block-columns is-layout-flex wp-container-core-columns-is-layout-28f84493 wp-block-columns-is-layout-flex\">\n<div class=\"wp-block-column is-layout-flow wp-block-column-is-layout-flow\"><\/div>\n<\/div>\n\n<div class=\"wp-block-columns is-layout-flex wp-container-core-columns-is-layout-28f84493 wp-block-columns-is-layout-flex\">\n<div class=\"wp-block-column is-layout-flow wp-block-column-is-layout-flow\"><\/div>\n\n\n\n<div class=\"wp-block-column is-layout-flow wp-block-column-is-layout-flow\"><\/div>\n<\/div>\n\n<h3 class=\"wp-block-heading\">Sectoren van activiteit<\/h3>\n\n<div class=\"wp-block-columns is-layout-flex wp-container-core-columns-is-layout-28f84493 wp-block-columns-is-layout-flex\">\n<div class=\"wp-block-column is-layout-flow wp-block-column-is-layout-flow\">\n<figure class=\"wp-block-image aligncenter size-full\"><img decoding=\"async\" width=\"150\" height=\"150\" src=\"https:\/\/obera.fr\/wp-content\/uploads\/2022\/02\/Chimie.png\" alt=\"scheikunde\" class=\"wp-image-8846\"\/><figcaption class=\"wp-element-caption\">Scheikunde<\/figcaption><\/figure>\n<\/div>\n\n\n\n<div class=\"wp-block-column is-layout-flow wp-block-column-is-layout-flow\">\n<figure class=\"wp-block-image aligncenter size-full\"><img decoding=\"async\" width=\"150\" height=\"150\" src=\"https:\/\/obera.fr\/wp-content\/uploads\/2022\/09\/Sans-titre-2022-09-13T095047.797.jpg\" alt=\"Cosmetica\" class=\"wp-image-14491\"\/><figcaption class=\"wp-element-caption\">Cosmetica<\/figcaption><\/figure>\n<\/div>\n\n\n\n<div class=\"wp-block-column is-layout-flow wp-block-column-is-layout-flow\">\n<figure class=\"wp-block-image aligncenter size-full\"><img decoding=\"async\" width=\"150\" height=\"150\" src=\"https:\/\/obera.fr\/wp-content\/uploads\/2022\/02\/AGROALIMENTAIRE.png\" alt=\"agrovoeding\" class=\"wp-image-8844\"\/><figcaption class=\"wp-element-caption\">Voedselindustrie<\/figcaption><\/figure>\n<\/div>\n\n\n\n<div class=\"wp-block-column is-layout-flow wp-block-column-is-layout-flow\">\n<figure class=\"wp-block-image aligncenter size-full\"><img decoding=\"async\" width=\"150\" height=\"150\" src=\"https:\/\/obera.fr\/wp-content\/uploads\/2022\/09\/Sans-titre-2022-09-13T095545.356.jpg\" alt=\"Farmaceutica\" class=\"wp-image-14497\"\/><figcaption class=\"wp-element-caption\">Farmaceutica<\/figcaption><\/figure>\n<\/div>\n\n\n\n<div class=\"wp-block-column is-layout-flow wp-block-column-is-layout-flow\">\n<figure class=\"wp-block-image aligncenter size-full\"><img decoding=\"async\" width=\"150\" height=\"150\" src=\"https:\/\/obera.fr\/wp-content\/uploads\/2022\/09\/Sans-titre-2022-09-13T095819.046.jpg\" alt=\"Werktuigbouwkunde\" class=\"wp-image-14500\"\/><figcaption class=\"wp-element-caption\">Werktuigbouwkunde<\/figcaption><\/figure>\n<\/div>\n<\/div>\n\n<h2 class=\"wp-block-heading\">Wat zijn de kenmerken?<\/h2>\n\n<p>Ringcollectoren kunnen op maat worden gemaakt van gegalvaniseerd staal, gelakt staal, roestvrij staal 304L en roestvrij staal 316L. Afhankelijk van de toepassing en specifieke vereisten zijn ze verkrijgbaar in industri\u00eble of farmaceutische afwerkingen en in versies uit \u00e9\u00e9n stuk of demonteerbare versies.<\/p>\n\n<figure class=\"wp-block-image aligncenter size-large is-resized\"><img decoding=\"async\" width=\"1024\" height=\"342\" src=\"https:\/\/obera.fr\/wp-content\/uploads\/2022\/09\/Sans-titre-2022-09-13T102420.496-1024x342.jpg\" alt=\"Kenmerken van Pouy&#xE8;s OberA ringen\" class=\"wp-image-14505\" style=\"width:768px;height:257px\" srcset=\"https:\/\/obera.fr\/wp-content\/uploads\/2022\/09\/Sans-titre-2022-09-13T102420.496-1024x342.jpg 1024w, https:\/\/obera.fr\/wp-content\/uploads\/2022\/09\/Sans-titre-2022-09-13T102420.496-300x100.jpg 300w, https:\/\/obera.fr\/wp-content\/uploads\/2022\/09\/Sans-titre-2022-09-13T102420.496-768x256.jpg 768w, https:\/\/obera.fr\/wp-content\/uploads\/2022\/09\/Sans-titre-2022-09-13T102420.496-1536x512.jpg 1536w, https:\/\/obera.fr\/wp-content\/uploads\/2022\/09\/Sans-titre-2022-09-13T102420.496.jpg 2000w\" sizes=\"(max-width: 1024px) 100vw, 1024px\" \/><\/figure>\n\n<h2 class=\"wp-block-heading\">Andere OberA afzuig- en opvangapparatuur<\/h2>\n\n<div class=\"wp-block-columns is-layout-flex wp-container-core-columns-is-layout-28f84493 wp-block-columns-is-layout-flex\">\n<div class=\"wp-block-column is-layout-flow wp-block-column-is-layout-flow\">\n<figure class=\"wp-block-image aligncenter size-full is-resized\"><a href=\"https:\/\/obera.fr\/?page_id=489\"><img decoding=\"async\" width=\"433\" height=\"433\" src=\"https:\/\/obera.fr\/wp-content\/uploads\/2020\/10\/table-SF.png\" alt=\"Lassen - Rook\" class=\"wp-image-1179\" style=\"object-fit:cover;width:120px;height:120px\" srcset=\"https:\/\/obera.fr\/wp-content\/uploads\/2020\/10\/table-SF.png 433w, https:\/\/obera.fr\/wp-content\/uploads\/2020\/10\/table-SF-300x300.png 300w, https:\/\/obera.fr\/wp-content\/uploads\/2020\/10\/table-SF-150x150.png 150w\" sizes=\"(max-width: 433px) 100vw, 433px\" \/><\/a><figcaption class=\"wp-element-caption\">Afzuigtafel<\/figcaption><\/figure>\n<\/div>\n\n\n\n<div class=\"wp-block-column is-layout-flow wp-block-column-is-layout-flow\">\n<figure class=\"wp-block-image aligncenter size-large is-resized\"><a href=\"https:\/\/obera.fr\/produits\/bras-dispositifs-captation\/bras-de-laboratoire\/\"><img decoding=\"async\" width=\"1024\" height=\"1024\" src=\"https:\/\/obera.fr\/wp-content\/uploads\/2020\/11\/22-bras-de-labo-1024x1024.jpg\" alt=\"Fumex - Laboratorium\" class=\"wp-image-1662\" style=\"object-fit:cover;width:120px;height:120px\" srcset=\"https:\/\/obera.fr\/wp-content\/uploads\/2020\/11\/22-bras-de-labo-1024x1024.jpg 1024w, https:\/\/obera.fr\/wp-content\/uploads\/2020\/11\/22-bras-de-labo-300x300.jpg 300w, https:\/\/obera.fr\/wp-content\/uploads\/2020\/11\/22-bras-de-labo-150x150.jpg 150w, https:\/\/obera.fr\/wp-content\/uploads\/2020\/11\/22-bras-de-labo-768x768.jpg 768w, https:\/\/obera.fr\/wp-content\/uploads\/2020\/11\/22-bras-de-labo.jpg 1500w\" sizes=\"(max-width: 1024px) 100vw, 1024px\" \/><\/a><figcaption class=\"wp-element-caption\">Laboratoriumarmen<\/figcaption><\/figure>\n<\/div>\n\n\n\n<div class=\"wp-block-column is-layout-flow wp-block-column-is-layout-flow\">\n<figure class=\"wp-block-image aligncenter size-thumbnail is-resized\"><a href=\"https:\/\/obera.fr\/produits\/bras-dispositifs-captation\/dosserets-aspirants\/\"><img decoding=\"async\" width=\"150\" height=\"150\" src=\"https:\/\/obera.fr\/wp-content\/uploads\/2020\/10\/Dosserets-oberA-150x150.png\" alt=\"Product - Productontwerp\" class=\"wp-image-1174\" style=\"object-fit:cover;width:120px;height:120px\"\/><\/a><figcaption class=\"wp-element-caption\">Zuigende achterwanden<\/figcaption><\/figure>\n<\/div>\n<\/div>\n\n<div class=\"wp-block-columns is-layout-flex wp-container-core-columns-is-layout-28f84493 wp-block-columns-is-layout-flex\">\n<div class=\"wp-block-column is-layout-flow wp-block-column-is-layout-flow\">\n<figure class=\"wp-block-image aligncenter size-thumbnail is-resized\"><img decoding=\"async\" width=\"150\" height=\"150\" src=\"https:\/\/obera.fr\/wp-content\/uploads\/2024\/06\/hotte-de-captation-rectangulaire-industrielle-600x600-1-1-150x150.png\" alt=\"industri&#xEB;le rechthoekige zuurkast 600x600 1 1\" class=\"wp-image-31520\" style=\"object-fit:cover;width:120px;height:120px\" srcset=\"https:\/\/obera.fr\/wp-content\/uploads\/2024\/06\/hotte-de-captation-rectangulaire-industrielle-600x600-1-1-150x150.png 150w, https:\/\/obera.fr\/wp-content\/uploads\/2024\/06\/hotte-de-captation-rectangulaire-industrielle-600x600-1-1-300x300.png 300w, https:\/\/obera.fr\/wp-content\/uploads\/2024\/06\/hotte-de-captation-rectangulaire-industrielle-600x600-1-1-1024x1024.png 1024w, https:\/\/obera.fr\/wp-content\/uploads\/2024\/06\/hotte-de-captation-rectangulaire-industrielle-600x600-1-1-768x768.png 768w, https:\/\/obera.fr\/wp-content\/uploads\/2024\/06\/hotte-de-captation-rectangulaire-industrielle-600x600-1-1.png 1280w\" sizes=\"(max-width: 150px) 100vw, 150px\" \/><figcaption class=\"wp-element-caption\">Industri\u00eble rechthoekige afzuigkap<\/figcaption><\/figure>\n<\/div>\n\n\n\n<div class=\"wp-block-column is-layout-flow wp-block-column-is-layout-flow\">\n<figure class=\"wp-block-image aligncenter size-thumbnail is-resized\"><img decoding=\"async\" width=\"150\" height=\"150\" src=\"https:\/\/obera.fr\/wp-content\/uploads\/2024\/06\/hotte-de-captation-modulaire-600x600-1-150x150.png\" alt=\"modulaire zuurkast 600x600 1\" class=\"wp-image-31479\" style=\"object-fit:cover;width:120px;height:120px\" srcset=\"https:\/\/obera.fr\/wp-content\/uploads\/2024\/06\/hotte-de-captation-modulaire-600x600-1-150x150.png 150w, https:\/\/obera.fr\/wp-content\/uploads\/2024\/06\/hotte-de-captation-modulaire-600x600-1-300x300.png 300w, https:\/\/obera.fr\/wp-content\/uploads\/2024\/06\/hotte-de-captation-modulaire-600x600-1-1024x1024.png 1024w, https:\/\/obera.fr\/wp-content\/uploads\/2024\/06\/hotte-de-captation-modulaire-600x600-1-768x768.png 768w, https:\/\/obera.fr\/wp-content\/uploads\/2024\/06\/hotte-de-captation-modulaire-600x600-1.png 1280w\" sizes=\"(max-width: 150px) 100vw, 150px\" \/><figcaption class=\"wp-element-caption\">Modulaire afzuigkappen<\/figcaption><\/figure>\n<\/div>\n\n\n\n<div class=\"wp-block-column is-layout-flow wp-block-column-is-layout-flow\">\n<figure class=\"wp-block-image aligncenter size-full is-resized\"><a href=\"https:\/\/obera.fr\/produits\/bras-dispositifs-captation\/capot-industriel\/\"><img decoding=\"async\" width=\"150\" height=\"150\" src=\"https:\/\/obera.fr\/wp-content\/uploads\/2020\/10\/capots.png\" alt=\"RAL-kleurstandaard - Lak\" class=\"wp-image-1173\" style=\"object-fit:cover;width:120px;height:120px\"\/><\/a><figcaption class=\"wp-element-caption\">Zuig- en opvangmuts<\/figcaption><\/figure>\n<\/div>\n<\/div>\n","protected":false},"excerpt":{"rendered":"<p>Zuig- en ringsensoren Om de werkomgeving schoon en gezond te houden en zo de gezondheid van de operators te beschermen, moeten verontreinigende stoffen worden afgevangen zodra ze worden geproduceerd, zo dicht mogelijk bij de emissiebron en zo effici\u00ebnt mogelijk. Hierbij wordt rekening gehouden met de aard, kenmerken en concentratie van de verontreinigende stof zelf. Afhankelijk van de eisen van de klant ontwerpt OberA verschillende Pouyes-ringen en aanzuigsensoren volgens plan. RINGENSOREN Pouy\u00e8s ringen of ringvormige collectoren zijn zeer effectieve middelen om energie op te vangen bij de bron. Ze zijn ontworpen voor een optimale zuigsnelheid en een gelijkmatige luchtstroom, terwijl de &#8230; <\/p>\n<p class=\"read-more-container\"><a title=\"Pouy\u00e8s ringen\" class=\"read-more button\" href=\"https:\/\/obera.fr\/nl\/produits\/bras-dispositifs-captation\/anneaux-de-pouyes\/#more-38711\" aria-label=\"Lees meer over Pouy\u00e8s ringen\">Lire la suite<\/a><\/p>\n","protected":false},"author":4,"featured_media":83736,"parent":38346,"menu_order":0,"comment_status":"closed","ping_status":"closed","template":"","meta":{"_acf_changed":false,"_seopress_robots_primary_cat":"","_seopress_titles_title":"Ontdek de uitzonderlijke voordelen van Pouy\u00e8s ringen","_seopress_titles_desc":"Ontdek waarom Pouy\u00e8s Ringen de essenti\u00eble sleutel zijn tot de meest effici\u00ebnte luchtreinigers voor een betere luchtkwaliteit binnenshuis.","_seopress_robots_index":"","_seopress_analysis_target_kw":"","footnotes":""},"class_list":{"0":"post-38711","1":"page","2":"type-page","3":"status-publish","4":"has-post-thumbnail","6":"no-featured-image-padding","7":"resize-featured-image"},"acf":[],"_links":{"self":[{"href":"https:\/\/obera.fr\/nl\/wp-json\/wp\/v2\/pages\/38711","targetHints":{"allow":["GET"]}}],"collection":[{"href":"https:\/\/obera.fr\/nl\/wp-json\/wp\/v2\/pages"}],"about":[{"href":"https:\/\/obera.fr\/nl\/wp-json\/wp\/v2\/types\/page"}],"author":[{"embeddable":true,"href":"https:\/\/obera.fr\/nl\/wp-json\/wp\/v2\/users\/4"}],"replies":[{"embeddable":true,"href":"https:\/\/obera.fr\/nl\/wp-json\/wp\/v2\/comments?post=38711"}],"version-history":[{"count":9,"href":"https:\/\/obera.fr\/nl\/wp-json\/wp\/v2\/pages\/38711\/revisions"}],"predecessor-version":[{"id":127542,"href":"https:\/\/obera.fr\/nl\/wp-json\/wp\/v2\/pages\/38711\/revisions\/127542"}],"up":[{"embeddable":true,"href":"https:\/\/obera.fr\/nl\/wp-json\/wp\/v2\/pages\/38346"}],"wp:featuredmedia":[{"embeddable":true,"href":"https:\/\/obera.fr\/nl\/wp-json\/wp\/v2\/media\/83736"}],"wp:attachment":[{"href":"https:\/\/obera.fr\/nl\/wp-json\/wp\/v2\/media?parent=38711"}],"curies":[{"name":"wp","href":"https:\/\/api.w.org\/{rel}","templated":true}]}}