{"id":39560,"date":"2020-10-19T23:22:37","date_gmt":"2020-10-19T21:22:37","guid":{"rendered":"https:\/\/obera.fr\/onze-producten\/armen-en-opraapapparaten\/industriele-rechthoekige-afzuigkap\/"},"modified":"2025-11-15T17:19:11","modified_gmt":"2025-11-15T15:19:11","slug":"hotte-rectangulaire","status":"publish","type":"page","link":"https:\/\/obera.fr\/nl\/produits\/bras-dispositifs-captation\/hotte-rectangulaire\/","title":{"rendered":"Industri\u00eble rechthoekige afzuigkap"},"content":{"rendered":"\n<h2 class=\"wp-block-heading\">Ons assortiment rechthoekige zuurkasten<\/h2>\n\n<div class=\"wp-block-columns is-layout-flex wp-container-core-columns-is-layout-28f84493 wp-block-columns-is-layout-flex\">\n<div class=\"wp-block-column is-layout-flow wp-block-column-is-layout-flow\" style=\"flex-basis:33.33%\">\n<figure class=\"wp-block-image aligncenter size-full\"><img decoding=\"async\" width=\"1200\" height=\"1200\" src=\"https:\/\/obera.fr\/wp-content\/uploads\/2024\/06\/image-hotte-captation.jpg\" alt=\"afbeeldingskap\" class=\"wp-image-31878\" srcset=\"https:\/\/obera.fr\/wp-content\/uploads\/2024\/06\/image-hotte-captation.jpg 1200w, https:\/\/obera.fr\/wp-content\/uploads\/2024\/06\/image-hotte-captation-300x300.jpg 300w, https:\/\/obera.fr\/wp-content\/uploads\/2024\/06\/image-hotte-captation-1024x1024.jpg 1024w, https:\/\/obera.fr\/wp-content\/uploads\/2024\/06\/image-hotte-captation-150x150.jpg 150w, https:\/\/obera.fr\/wp-content\/uploads\/2024\/06\/image-hotte-captation-768x768.jpg 768w\" sizes=\"(max-width: 1200px) 100vw, 1200px\" \/><figcaption class=\"wp-element-caption\">Industri\u00eble rechthoekige afzuigkap<\/figcaption><\/figure>\n<\/div>\n\n\n\n<div class=\"wp-block-column is-layout-flow wp-block-column-is-layout-flow\" style=\"flex-basis:66.66%\">\n<p>De <strong>rechthoekige OBERA-afzuigkappen<\/strong> zijn perfect voor het opvangen van stof, rook en gasvormige verontreinigingen bij de bron. Er zijn ook <a href=\"https:\/\/obera.fr\/nl\/produits\/bras-dispositifs-captation\/hotte-modulaire\/\">modulaire afzuigkappen<\/a> die geschikt zijn voor deze situaties. <\/p>\n\n\n\n<p>De industri\u00eble OBERA-afzuigkappen moeten worden aangesloten op een afzuignetwerk of een ontstoffingsinstallatie. Beschikbaar in twee verschillende maten, waardoor ze geschikt zijn voor de meeste afzuigconfiguraties.<\/p>\n\n\n\n<p>Het gebruik van <a href=\"https:\/\/obera.fr\/nl\/produits\/bras-dispositifs-captation\/\">scharnierende afzuigarmen<\/a> verbetert de flexibiliteit en effici\u00ebntie van het opvangen van verontreinigingen, zelfs in moeilijk bereikbare zones. De <a href=\"https:\/\/obera.fr\/nl\/produits\/bras-dispositifs-captation\/capot-industriel\/\">industri\u00eble afzuigkap<\/a>, ontworpen om bestand te zijn tegen de meest veeleisende omgevingen, zorgt voor verhoogde bescherming en duurzaamheid van de apparatuur. Deze kenmerken maken de OBERA-afzuigkappen tot een complete en betrouwbare oplossing voor luchtkwaliteitsbeheer in industri\u00eble omgevingen.<\/p>\n\n\n\n<hr class=\"wp-block-separator has-text-color has-black-color has-css-opacity has-black-background-color has-background is-style-dots\"\/>\n\n\n\n<div class=\"wp-block-columns is-layout-flex wp-container-core-columns-is-layout-28f84493 wp-block-columns-is-layout-flex\">\n<div class=\"wp-block-column is-layout-flow wp-block-column-is-layout-flow\" style=\"flex-basis:50%\">\n<div class=\"wp-block-buttons is-horizontal is-content-justification-center is-layout-flex wp-container-core-buttons-is-layout-03627597 wp-block-buttons-is-layout-flex\">\n<div class=\"wp-block-button has-custom-width wp-block-button__width-100\"><a class=\"wp-block-button__link wp-element-button\" href=\"https:\/\/obera.fr\/nl\/neem-contact-met-ons-op\/\">Meer informatie<\/a><\/div>\n<\/div>\n<\/div>\n\n\n\n<div class=\"wp-block-column is-layout-flow wp-block-column-is-layout-flow\" style=\"flex-basis:50%\">\n<div class=\"wp-block-buttons is-content-justification-center is-layout-flex wp-container-core-buttons-is-layout-a89b3969 wp-block-buttons-is-layout-flex\">\n<div class=\"wp-block-button btn-devis-source\"><a class=\"wp-block-button__link wp-element-button\" href=\"https:\/\/obera.fr\/nl\/devis\/\">Een offerte aanvragen<\/a><\/div>\n<\/div>\n\n\n<script>\r\ndocument.addEventListener('DOMContentLoaded', function() {\r\n    \/\/ 1. On cherche le titre H1 de la page\r\n    var h1 = document.querySelector('h1');\r\n    var productTitle = h1 ? h1.innerText.trim() : \"\";\r\n\r\n    \/\/ 2. On cherche les boutons via la classe CSS .btn-devis-source\r\n    var buttons = document.querySelectorAll('.btn-devis-source a');\r\n\r\n    \/\/ 3. Si on a le titre et les boutons, on ajoute le param\u00e8tre\r\n    if (buttons.length > 0 && productTitle !== \"\") {\r\n        var encodedTitle = encodeURIComponent(productTitle);\r\n\r\n        buttons.forEach(function(btn) {\r\n            var currentHref = btn.getAttribute('href');\r\n            \r\n            \/\/ S\u00e9curit\u00e9 pour ne pas ajouter le param\u00e8tre 2 fois\r\n            if (currentHref.indexOf('sujet=') === -1) {\r\n                var separator = currentHref.indexOf('?') !== -1 ? '&' : '?';\r\n                var newLink = currentHref + separator + 'sujet=' + encodedTitle;\r\n                \r\n                btn.setAttribute('href', newLink);\r\n            }\r\n        });\r\n    }\r\n});\r\n<\/script><\/div>\n<\/div>\n<\/div>\n<\/div>\n\n<h2 class=\"wp-block-heading\">De voordelen<\/h2>\n\n<div class=\"wp-block-columns is-layout-flex wp-container-core-columns-is-layout-28f84493 wp-block-columns-is-layout-flex\">\n<div class=\"wp-block-column is-layout-flow wp-block-column-is-layout-flow\">\n<h3 class=\"wp-block-heading has-text-align-center\"><strong>Voordelen<\/strong><\/h3>\n\n\n\n<ul class=\"wp-block-list\">\n<li>Voor perfecte afzuiging van dampen, oplosmiddelen en stof bij de bron<\/li>\n\n\n\n<li>Stofzuigen van een of meer werkstations<\/li>\n\n\n\n<li>Om aan te sluiten op een opvangnetwerk of een stofafscheider<\/li>\n<\/ul>\n<\/div>\n\n\n\n<div class=\"wp-block-column is-layout-flow wp-block-column-is-layout-flow\">\n<h3 class=\"wp-block-heading has-text-align-center\"><strong>Speciale functies<\/strong><\/h3>\n\n\n\n<ul class=\"wp-block-list\">\n<li>Eenvoudig te ontwerpen<\/li>\n\n\n\n<li>Eenvoudig te installeren<\/li>\n<\/ul>\n<\/div>\n\n\n\n<div class=\"wp-block-column is-layout-flow wp-block-column-is-layout-flow\">\n<h3 class=\"wp-block-heading has-text-align-center\"><strong>Kenmerken<\/strong><\/h3>\n\n\n\n<ul class=\"wp-block-list\">\n<li>Twee maatopties<\/li>\n\n\n\n<li>Gemakkelijk te gebruiken en te verplaatsen<\/li>\n\n\n\n<li>Zuig zo dicht mogelijk bij de bron<\/li>\n<\/ul>\n<\/div>\n<\/div>\n\n<h2 class=\"wp-block-heading\">Toepassingen<\/h2>\n\n<div class=\"wp-block-columns is-layout-flex wp-container-core-columns-is-layout-28f84493 wp-block-columns-is-layout-flex\">\n<div class=\"wp-block-column is-layout-flow wp-block-column-is-layout-flow\">\n<h3 class=\"wp-block-heading has-text-align-center\">Verontreinigende stoffen<\/h3>\n\n\n\n<hr class=\"wp-block-separator has-css-opacity is-style-wide\"\/>\n\n\n\n<div class=\"wp-block-columns is-layout-flex wp-container-core-columns-is-layout-28f84493 wp-block-columns-is-layout-flex\">\n<div class=\"wp-block-column is-layout-flow wp-block-column-is-layout-flow\">\n<figure class=\"wp-block-image aligncenter size-large\"><img decoding=\"async\" width=\"70\" height=\"70\" src=\"https:\/\/obera.fr\/wp-content\/uploads\/2020\/08\/polluants-poussieres.jpg\" alt=\"Verontreinigende stoffen Stof\" class=\"wp-image-675\"\/><figcaption class=\"wp-element-caption\">Dampen<\/figcaption><\/figure>\n\n\n\n<figure class=\"wp-block-image aligncenter size-large\"><img decoding=\"async\" width=\"70\" height=\"70\" src=\"https:\/\/obera.fr\/wp-content\/uploads\/2020\/08\/industrie-odeur.jpg\" alt=\"Industrie Geur\" class=\"wp-image-723\"\/><figcaption class=\"wp-element-caption\">Geuren<\/figcaption><\/figure>\n\n\n\n<figure class=\"wp-block-image aligncenter size-large\"><img decoding=\"async\" width=\"70\" height=\"70\" src=\"https:\/\/obera.fr\/wp-content\/uploads\/2020\/08\/industrie-brouillard-huile.jpg\" alt=\"Industrie Mist Olie\" class=\"wp-image-721\"\/><figcaption class=\"wp-element-caption\">Olienevel<\/figcaption><\/figure>\n<\/div>\n\n\n\n<div class=\"wp-block-column is-layout-flow wp-block-column-is-layout-flow\">\n<figure class=\"wp-block-image aligncenter size-large\"><img decoding=\"async\" width=\"70\" height=\"70\" src=\"https:\/\/obera.fr\/wp-content\/uploads\/2020\/08\/industrie-fumees.jpg\" alt=\"Industrie Rook\" class=\"wp-image-722\"\/><figcaption class=\"wp-element-caption\">Dampen<\/figcaption><\/figure>\n\n\n\n<figure class=\"wp-block-image aligncenter size-large\"><img decoding=\"async\" width=\"70\" height=\"70\" src=\"https:\/\/obera.fr\/wp-content\/uploads\/2020\/09\/cov.png\" alt=\"Cov\" class=\"wp-image-959\"\/><figcaption class=\"wp-element-caption\">VOCS<\/figcaption><\/figure>\n<\/div>\n<\/div>\n\n\n\n<p><\/p>\n<\/div>\n\n\n\n<div class=\"wp-block-column is-layout-flow wp-block-column-is-layout-flow\">\n<h3 class=\"wp-block-heading has-text-align-center\">Industrie<\/h3>\n\n\n\n<hr class=\"wp-block-separator has-css-opacity is-style-wide\"\/>\n\n\n\n<div class=\"wp-block-columns is-layout-flex wp-container-core-columns-is-layout-28f84493 wp-block-columns-is-layout-flex\">\n<div class=\"wp-block-column is-layout-flow wp-block-column-is-layout-flow\">\n<figure class=\"wp-block-image aligncenter size-large\"><img decoding=\"async\" width=\"70\" height=\"70\" src=\"https:\/\/obera.fr\/wp-content\/uploads\/2020\/08\/industrie-metallurgie.jpg\" alt=\"Metaalindustrie\" class=\"wp-image-673\"\/><figcaption class=\"wp-element-caption\">Metaalkunde<\/figcaption><\/figure>\n\n\n\n<figure class=\"wp-block-image aligncenter size-large\"><img decoding=\"async\" width=\"70\" height=\"70\" src=\"https:\/\/obera.fr\/wp-content\/uploads\/2020\/08\/industrie-chimie.jpg\" alt=\"Chemische industrie\" class=\"wp-image-725\"\/><figcaption class=\"wp-element-caption\">Chemie\/Petrochemie<\/figcaption><\/figure>\n\n\n\n<figure class=\"wp-block-image aligncenter size-large\"><img decoding=\"async\" width=\"70\" height=\"70\" src=\"https:\/\/obera.fr\/wp-content\/uploads\/2020\/08\/industrie-textile.jpg\" alt=\"Textielindustrie\" class=\"wp-image-671\"\/><figcaption class=\"wp-element-caption\">Textiel<\/figcaption><\/figure>\n\n\n\n<figure class=\"wp-block-image aligncenter size-large\"><img decoding=\"async\" width=\"70\" height=\"70\" src=\"https:\/\/obera.fr\/wp-content\/uploads\/2020\/08\/industrie-minerai.jpg\" alt=\"Ertsindustrie\" class=\"wp-image-724\"\/><figcaption class=\"wp-element-caption\">Mineralen<\/figcaption><\/figure>\n<\/div>\n\n\n\n<div class=\"wp-block-column is-layout-flow wp-block-column-is-layout-flow\">\n<figure class=\"wp-block-image aligncenter size-large\"><img decoding=\"async\" width=\"70\" height=\"70\" src=\"https:\/\/obera.fr\/wp-content\/uploads\/2020\/08\/industrie-plastique.jpg\" alt=\"Kunststofindustrie\" class=\"wp-image-669\"\/><figcaption class=\"wp-element-caption\">Kunststoffen<\/figcaption><\/figure>\n\n\n\n<figure class=\"wp-block-image aligncenter size-large\"><img decoding=\"async\" width=\"70\" height=\"70\" src=\"https:\/\/obera.fr\/wp-content\/uploads\/2020\/08\/industrie-bois.jpg\" alt=\"Houtindustrie\" class=\"wp-image-672\"\/><figcaption class=\"wp-element-caption\">Houtbewerking<\/figcaption><\/figure>\n\n\n\n<figure class=\"wp-block-image aligncenter size-large\"><img decoding=\"async\" width=\"70\" height=\"70\" src=\"https:\/\/obera.fr\/wp-content\/uploads\/2020\/08\/industrie-papier-carton.jpg\" alt=\"Papier- en kartonindustrie\" class=\"wp-image-670\"\/><figcaption class=\"wp-element-caption\">Papier\/karton<\/figcaption><\/figure>\n\n\n\n<figure class=\"wp-block-image aligncenter size-large\"><img decoding=\"async\" width=\"70\" height=\"70\" src=\"https:\/\/obera.fr\/wp-content\/uploads\/2020\/08\/industrie-dechets.jpg\" alt=\"Industrieel afval\" class=\"wp-image-726\"\/><figcaption class=\"wp-element-caption\">Afvalinzameling en -sortering<\/figcaption><\/figure>\n<\/div>\n<\/div>\n<\/div>\n<\/div>\n\n<h2 class=\"wp-block-heading\">Technische specificaties<\/h2>\n\n<figure class=\"wp-block-table\"><table class=\"has-fixed-layout\"><tbody><tr><td>Rechthoekige kappen<\/td><td>500&#215;500<\/td><td>600&#215;600<\/td><\/tr><tr><td>Materiaal<\/td><td>Aluminium<\/td><td>Aluminium<\/td><\/tr><tr><td>Gewicht (kg)<\/td><td>2,7<\/td><td>3<\/td><\/tr><tr><td>Aansluiting (mm)<\/td><td>\u00f8 150 standaard (andere diameters beschikbaar)<\/td><td>\u00f8 160 standaard (andere diameters beschikbaar)<\/td><\/tr><\/tbody><\/table><\/figure>\n\n<div class=\"wp-block-buttons is-horizontal is-content-justification-center is-layout-flex wp-container-core-buttons-is-layout-03627597 wp-block-buttons-is-layout-flex\">\n<div class=\"wp-block-button has-custom-width wp-block-button__width-100\"><a class=\"wp-block-button__link wp-element-button\" href=\"https:\/\/obera.fr\/nl\/neem-contact-met-ons-op\/\">Meer informatie<\/a><\/div>\n<\/div>\n\n<hr class=\"wp-block-separator has-css-opacity is-style-dots\"\/>\n\n<h2 class=\"wp-block-heading\">Andere afzuig- en opvangproducten van OberA<\/h2>\n\n<div class=\"wp-block-columns is-layout-flex wp-container-core-columns-is-layout-28f84493 wp-block-columns-is-layout-flex\">\n<div class=\"wp-block-column is-layout-flow wp-block-column-is-layout-flow\">\n<figure class=\"wp-block-image aligncenter size-thumbnail is-resized\"><a href=\"https:\/\/obera.fr\/nl\/produits\/bras-dispositifs-captation\/bras-hotte-ovale-rectangulaire\/\"><img decoding=\"async\" width=\"150\" height=\"150\" src=\"https:\/\/obera.fr\/wp-content\/uploads\/2020\/09\/Bras-SF-150x150.jpg\" alt=\"Zuigarm\" class=\"wp-image-969\" style=\"object-fit:cover;width:120px;height:120px\" srcset=\"https:\/\/obera.fr\/wp-content\/uploads\/2020\/09\/Bras-SF-150x150.jpg 150w, https:\/\/obera.fr\/wp-content\/uploads\/2020\/09\/Bras-SF-300x300.jpg 300w, https:\/\/obera.fr\/wp-content\/uploads\/2020\/09\/Bras-SF.jpg 433w\" sizes=\"(max-width: 150px) 100vw, 150px\" \/><\/a><figcaption class=\"wp-element-caption\">Zuigarm<\/figcaption><\/figure>\n<\/div>\n\n\n\n<div class=\"wp-block-column is-layout-flow wp-block-column-is-layout-flow\">\n<figure class=\"wp-block-image aligncenter size-thumbnail is-resized\"><a href=\"https:\/\/obera.fr\/nl\/produits\/bras-dispositifs-captation\/bras-de-laboratoire\/\"><img decoding=\"async\" width=\"150\" height=\"150\" src=\"https:\/\/obera.fr\/wp-content\/uploads\/2020\/11\/22-bras-de-labo-150x150.jpg\" alt=\"Laboratoriumarmen\" class=\"wp-image-1662\" style=\"object-fit:cover;width:120px;height:120px\" srcset=\"https:\/\/obera.fr\/wp-content\/uploads\/2020\/11\/22-bras-de-labo-150x150.jpg 150w, https:\/\/obera.fr\/wp-content\/uploads\/2020\/11\/22-bras-de-labo-300x300.jpg 300w, https:\/\/obera.fr\/wp-content\/uploads\/2020\/11\/22-bras-de-labo-1024x1024.jpg 1024w, https:\/\/obera.fr\/wp-content\/uploads\/2020\/11\/22-bras-de-labo-768x768.jpg 768w, https:\/\/obera.fr\/wp-content\/uploads\/2020\/11\/22-bras-de-labo.jpg 1500w\" sizes=\"(max-width: 150px) 100vw, 150px\" \/><\/a><figcaption class=\"wp-element-caption\">Laboratoriumarmen<\/figcaption><\/figure>\n<\/div>\n\n\n\n<div class=\"wp-block-column is-layout-flow wp-block-column-is-layout-flow\">\n<figure class=\"wp-block-image aligncenter size-thumbnail is-resized\"><a href=\"https:\/\/obera.fr\/nl\/produits\/bras-dispositifs-captation\/dosserets-aspirants\/\"><img decoding=\"async\" width=\"150\" height=\"150\" src=\"https:\/\/obera.fr\/wp-content\/uploads\/2020\/10\/Dosserets-oberA-150x150.png\" alt=\"Obera spatschermen\" class=\"wp-image-1174\" style=\"object-fit:cover;width:120px;height:120px\"\/><\/a><figcaption class=\"wp-element-caption\">Zuigende achterwanden<\/figcaption><\/figure>\n<\/div>\n\n\n\n<div class=\"wp-block-column is-layout-flow wp-block-column-is-layout-flow\">\n<figure class=\"wp-block-image aligncenter size-thumbnail is-resized\"><a href=\"https:\/\/obera.fr\/nl\/produits\/bras-dispositifs-captation\/anneaux-de-pouyes\/\"><img decoding=\"async\" width=\"150\" height=\"150\" src=\"https:\/\/obera.fr\/wp-content\/uploads\/2022\/09\/Anneau-de-pouyes-2-150x150.jpg\" alt=\"Kipringen\" class=\"wp-image-14482\" style=\"object-fit:cover;width:120px;height:120px\" srcset=\"https:\/\/obera.fr\/wp-content\/uploads\/2022\/09\/Anneau-de-pouyes-2-150x150.jpg 150w, https:\/\/obera.fr\/wp-content\/uploads\/2022\/09\/Anneau-de-pouyes-2-300x300.jpg 300w, https:\/\/obera.fr\/wp-content\/uploads\/2022\/09\/Anneau-de-pouyes-2.jpg 500w\" sizes=\"(max-width: 150px) 100vw, 150px\" \/><\/a><figcaption class=\"wp-element-caption\">Kipringen<\/figcaption><\/figure>\n<\/div>\n<\/div>\n\n<div class=\"wp-block-columns is-layout-flex wp-container-core-columns-is-layout-28f84493 wp-block-columns-is-layout-flex\">\n<div class=\"wp-block-column is-layout-flow wp-block-column-is-layout-flow\">\n<figure class=\"wp-block-image aligncenter size-thumbnail is-resized\"><a href=\"https:\/\/obera.fr\/nl\/produits\/tables-aspirantes\/\"><img decoding=\"async\" width=\"150\" height=\"150\" src=\"https:\/\/obera.fr\/wp-content\/uploads\/2020\/10\/table-SF-150x150.png\" alt=\"Afzuigtafels\" class=\"wp-image-1179\" style=\"object-fit:cover;width:120px;height:120px\" srcset=\"https:\/\/obera.fr\/wp-content\/uploads\/2020\/10\/table-SF-150x150.png 150w, https:\/\/obera.fr\/wp-content\/uploads\/2020\/10\/table-SF-300x300.png 300w, https:\/\/obera.fr\/wp-content\/uploads\/2020\/10\/table-SF.png 433w\" sizes=\"(max-width: 150px) 100vw, 150px\" \/><\/a><figcaption class=\"wp-element-caption\">Afzuigtafels<\/figcaption><\/figure>\n<\/div>\n\n\n\n<div class=\"wp-block-column is-layout-flow wp-block-column-is-layout-flow\">\n<figure class=\"wp-block-image aligncenter size-thumbnail is-resized\"><img decoding=\"async\" width=\"150\" height=\"150\" src=\"https:\/\/obera.fr\/wp-content\/uploads\/2024\/06\/hotte-de-captation-modulaire-600x600-1-150x150.png\" alt=\"modulaire zuurkast 600x600 1\" class=\"wp-image-31479\" style=\"object-fit:cover;width:120px;height:120px\" srcset=\"https:\/\/obera.fr\/wp-content\/uploads\/2024\/06\/hotte-de-captation-modulaire-600x600-1-150x150.png 150w, https:\/\/obera.fr\/wp-content\/uploads\/2024\/06\/hotte-de-captation-modulaire-600x600-1-300x300.png 300w, https:\/\/obera.fr\/wp-content\/uploads\/2024\/06\/hotte-de-captation-modulaire-600x600-1-1024x1024.png 1024w, https:\/\/obera.fr\/wp-content\/uploads\/2024\/06\/hotte-de-captation-modulaire-600x600-1-768x768.png 768w, https:\/\/obera.fr\/wp-content\/uploads\/2024\/06\/hotte-de-captation-modulaire-600x600-1.png 1280w\" sizes=\"(max-width: 150px) 100vw, 150px\" \/><figcaption class=\"wp-element-caption\">Modulaire afzuigkappen<\/figcaption><\/figure>\n<\/div>\n\n\n\n<div class=\"wp-block-column is-layout-flow wp-block-column-is-layout-flow\">\n<figure class=\"wp-block-image aligncenter size-full is-resized\"><a href=\"https:\/\/obera.fr\/nl\/produits\/bras-dispositifs-captation\/capot-industriel\/\"><img decoding=\"async\" width=\"150\" height=\"150\" src=\"https:\/\/obera.fr\/wp-content\/uploads\/2020\/10\/capots.png\" alt=\"Zuigmonden\" class=\"wp-image-1173\" style=\"object-fit:cover;width:120px;height:120px\"\/><\/a><figcaption class=\"wp-element-caption\">Zuig- en opvangmuts<\/figcaption><\/figure>\n<\/div>\n\n\n\n<div class=\"wp-block-column is-layout-flow wp-block-column-is-layout-flow\"><\/div>\n<\/div>\n","protected":false},"excerpt":{"rendered":"<p>Ons assortiment rechthoekige zuurkasten De rechthoekige OBERA-afzuigkappen zijn perfect voor het opvangen van stof, rook en gasvormige verontreinigingen bij de bron. Er zijn ook modulaire afzuigkappen die geschikt zijn voor deze situaties. De industri\u00eble OBERA-afzuigkappen moeten worden aangesloten op een afzuignetwerk of een ontstoffingsinstallatie. Beschikbaar in twee verschillende maten, waardoor ze geschikt zijn voor de meeste afzuigconfiguraties. Het gebruik van scharnierende afzuigarmen verbetert de flexibiliteit en effici\u00ebntie van het opvangen van verontreinigingen, zelfs in moeilijk bereikbare zones. De industri\u00eble afzuigkap, ontworpen om bestand te zijn tegen de meest veeleisende omgevingen, zorgt voor verhoogde bescherming en duurzaamheid van de apparatuur. Deze &#8230; <\/p>\n<p class=\"read-more-container\"><a title=\"Industri\u00eble rechthoekige afzuigkap\" class=\"read-more button\" href=\"https:\/\/obera.fr\/nl\/produits\/bras-dispositifs-captation\/hotte-rectangulaire\/#more-39560\" aria-label=\"Lees meer over Industri\u00eble rechthoekige afzuigkap\">Lire la suite<\/a><\/p>\n","protected":false},"author":4,"featured_media":83736,"parent":38346,"menu_order":0,"comment_status":"closed","ping_status":"closed","template":"","meta":{"_acf_changed":false,"_seopress_robots_primary_cat":"","_seopress_titles_title":"oberA industri\u00eble rechthoekige afzuigkap","_seopress_titles_desc":"oberA rechthoekige afzuigkappen zijn ideaal voor het opvangen van stof, rook en gasvormige verontreinigingen bij de bron.","_seopress_robots_index":"","footnotes":""},"class_list":{"0":"post-39560","1":"page","2":"type-page","3":"status-publish","4":"has-post-thumbnail","6":"no-featured-image-padding","7":"resize-featured-image"},"acf":[],"_links":{"self":[{"href":"https:\/\/obera.fr\/nl\/wp-json\/wp\/v2\/pages\/39560","targetHints":{"allow":["GET"]}}],"collection":[{"href":"https:\/\/obera.fr\/nl\/wp-json\/wp\/v2\/pages"}],"about":[{"href":"https:\/\/obera.fr\/nl\/wp-json\/wp\/v2\/types\/page"}],"author":[{"embeddable":true,"href":"https:\/\/obera.fr\/nl\/wp-json\/wp\/v2\/users\/4"}],"replies":[{"embeddable":true,"href":"https:\/\/obera.fr\/nl\/wp-json\/wp\/v2\/comments?post=39560"}],"version-history":[{"count":7,"href":"https:\/\/obera.fr\/nl\/wp-json\/wp\/v2\/pages\/39560\/revisions"}],"predecessor-version":[{"id":132551,"href":"https:\/\/obera.fr\/nl\/wp-json\/wp\/v2\/pages\/39560\/revisions\/132551"}],"up":[{"embeddable":true,"href":"https:\/\/obera.fr\/nl\/wp-json\/wp\/v2\/pages\/38346"}],"wp:featuredmedia":[{"embeddable":true,"href":"https:\/\/obera.fr\/nl\/wp-json\/wp\/v2\/media\/83736"}],"wp:attachment":[{"href":"https:\/\/obera.fr\/nl\/wp-json\/wp\/v2\/media?parent=39560"}],"curies":[{"name":"wp","href":"https:\/\/api.w.org\/{rel}","templated":true}]}}