{"id":42968,"date":"2024-05-07T09:40:58","date_gmt":"2024-05-07T07:40:58","guid":{"rendered":"https:\/\/obera.fr\/onze-producten\/mobiele-zuigeenheden\/mobiele-tafel-epurbox-tsp\/"},"modified":"2025-06-30T14:00:00","modified_gmt":"2025-06-30T12:00:00","slug":"epurbox-tsp","status":"publish","type":"page","link":"https:\/\/obera.fr\/nl\/produits\/caissons-mobiles-aspiration\/epurbox-tsp\/","title":{"rendered":"EpurBox TSP"},"content":{"rendered":"\n<div class=\"wp-block-columns is-layout-flex wp-container-core-columns-is-layout-28f84493 wp-block-columns-is-layout-flex\">\n<div class=\"wp-block-column is-vertically-aligned-top is-layout-flow wp-block-column-is-layout-flow\" style=\"flex-basis:33.33%\">\n<figure class=\"wp-block-image aligncenter size-full is-resized\"><img decoding=\"async\" width=\"1200\" height=\"1200\" src=\"https:\/\/obera.fr\/wp-content\/uploads\/2024\/05\/epurbox-tsp.png\" alt=\"epurbox tsp afzuigtafel\" class=\"wp-image-30348\" style=\"width:296px;height:346px\" srcset=\"https:\/\/obera.fr\/wp-content\/uploads\/2024\/05\/epurbox-tsp.png 1200w, https:\/\/obera.fr\/wp-content\/uploads\/2024\/05\/epurbox-tsp-300x300.png 300w, https:\/\/obera.fr\/wp-content\/uploads\/2024\/05\/epurbox-tsp-1024x1024.png 1024w, https:\/\/obera.fr\/wp-content\/uploads\/2024\/05\/epurbox-tsp-150x150.png 150w, https:\/\/obera.fr\/wp-content\/uploads\/2024\/05\/epurbox-tsp-768x768.png 768w\" sizes=\"(max-width: 1200px) 100vw, 1200px\" \/><figcaption class=\"wp-element-caption\">ePURbox TSP<\/figcaption><\/figure>\n<\/div>\n\n\n\n<div class=\"wp-block-column is-layout-flow wp-block-column-is-layout-flow\" style=\"flex-basis:66.66%\">\n<p>De <strong>ePURBOX afzuigtafel<\/strong> is direct ge\u00efntegreerd in het ePURBOX apparaat. Hij heeft zijn eigen filtersysteem en zijn eigen ventilator voor het behandelen van geuren en VOC&#8217;s. De bekleding van de achterwand zorgt voor een zeer effici\u00ebnte afzuiging en opvang van vervuilende stoffen over het hele oppervlak van de afzuigtafel.  <\/p>\n\n\n\n<p>Grove deeltjes worden stroomopwaarts gefilterd door een ge\u00efntegreerd voorfilter (G4) om de levensduur van de actieve koolpatronen te verlengen.<\/p>\n\n\n\n<p>De bekleding van de zijwanden zorgt voor een zeer hoge geurvangst op het tafeloppervlak. Tot slot wordt de proceslucht gefilterd door actieve kool (type A) en kan deze opnieuw in de werkruimte worden gebracht. <\/p>\n\n\n\n<hr class=\"wp-block-separator has-css-opacity is-style-dots\"\/>\n\n\n\n<div class=\"wp-block-columns is-layout-flex wp-container-core-columns-is-layout-28f84493 wp-block-columns-is-layout-flex\">\n<div class=\"wp-block-column is-layout-flow wp-block-column-is-layout-flow\" style=\"flex-basis:33.33%\">\n<div class=\"wp-block-buttons is-layout-flex wp-block-buttons-is-layout-flex\">\n<div class=\"wp-block-button\"><a class=\"wp-block-button__link wp-element-button\" href=\"https:\/\/obera.fr\/wp-content\/uploads\/2025\/04\/brochure-epurbox-tsp-atex-fr.pdf\">DOWNLOAD DE BROCHURE<\/a><\/div>\n<\/div>\n<\/div>\n\n\n\n<div class=\"wp-block-column is-layout-flow wp-block-column-is-layout-flow\" style=\"flex-basis:33.34%\">\n<div class=\"wp-block-buttons is-horizontal is-content-justification-center is-layout-flex wp-container-core-buttons-is-layout-03627597 wp-block-buttons-is-layout-flex\">\n<div class=\"wp-block-button has-custom-width wp-block-button__width-100\"><a class=\"wp-block-button__link wp-element-button\" href=\"https:\/\/obera.fr\/nl\/neem-contact-met-ons-op\/\">Meer informatie<\/a><\/div>\n<\/div>\n<\/div>\n\n\n\n<div class=\"wp-block-column is-layout-flow wp-block-column-is-layout-flow\" style=\"flex-basis:33.34%\">\n<div class=\"wp-block-buttons is-content-justification-center is-layout-flex wp-container-core-buttons-is-layout-a89b3969 wp-block-buttons-is-layout-flex\">\n<div class=\"wp-block-button btn-devis-source\"><a class=\"wp-block-button__link wp-element-button\" href=\"https:\/\/obera.fr\/nl\/devis\/\">Een offerte aanvragen<\/a><\/div>\n<\/div>\n\n\n<script>\r\ndocument.addEventListener('DOMContentLoaded', function() {\r\n    \/\/ 1. On cherche le titre H1 de la page\r\n    var h1 = document.querySelector('h1');\r\n    var productTitle = h1 ? h1.innerText.trim() : \"\";\r\n\r\n    \/\/ 2. On cherche les boutons via la classe CSS .btn-devis-source\r\n    var buttons = document.querySelectorAll('.btn-devis-source a');\r\n\r\n    \/\/ 3. Si on a le titre et les boutons, on ajoute le param\u00e8tre\r\n    if (buttons.length > 0 && productTitle !== \"\") {\r\n        var encodedTitle = encodeURIComponent(productTitle);\r\n\r\n        buttons.forEach(function(btn) {\r\n            var currentHref = btn.getAttribute('href');\r\n            \r\n            \/\/ S\u00e9curit\u00e9 pour ne pas ajouter le param\u00e8tre 2 fois\r\n            if (currentHref.indexOf('sujet=') === -1) {\r\n                var separator = currentHref.indexOf('?') !== -1 ? '&' : '?';\r\n                var newLink = currentHref + separator + 'sujet=' + encodedTitle;\r\n                \r\n                btn.setAttribute('href', newLink);\r\n            }\r\n        });\r\n    }\r\n});\r\n<\/script><\/div>\n<\/div>\n\n\n\n<div style=\"height:45px\" aria-hidden=\"true\" class=\"wp-block-spacer\"><\/div>\n<\/div>\n<\/div>\n\n<div class=\"wp-block-columns is-layout-flex wp-container-core-columns-is-layout-28f84493 wp-block-columns-is-layout-flex\">\n<div class=\"wp-block-column is-layout-flow wp-block-column-is-layout-flow\" style=\"flex-basis:33.34%\">\n<h3 class=\"wp-block-heading\">Voordelen<\/h3>\n\n\n\n<ul class=\"wp-block-list\">\n<li>Zeer effici\u00ebnte ventilator<\/li>\n\n\n\n<li>Geluiddemper<\/li>\n\n\n\n<li>Mobiel, lichtgewicht, gemakkelijk te hanteren<\/li>\n\n\n\n<li>Kleine voetafdruk<\/li>\n\n\n\n<li>Eenvoudig filteronderhoud<\/li>\n\n\n\n<li>Debiet instelbaar van 0 tot 100%.<\/li>\n\n\n\n<li>Plug &amp; Play systeem<\/li>\n<\/ul>\n<\/div>\n\n\n\n<div class=\"wp-block-column is-layout-flow wp-block-column-is-layout-flow\" style=\"flex-basis:33.34%\">\n<h3 class=\"wp-block-heading\">Speciale functies<\/h3>\n\n\n\n<ul class=\"wp-block-list\">\n<li>Eenvoudig vervangen van filtermedia<\/li>\n\n\n\n<li>Upgradebaar en configureerbaar<\/li>\n\n\n\n<li>Atex 2 gas \/ Atex 22 stof<\/li>\n\n\n\n<li>Hoge adsorptiecapaciteit<\/li>\n\n\n\n<li>Urenteller<\/li>\n\n\n\n<li>Indicator vuil filter<\/li>\n\n\n\n<li>220V<\/li>\n<\/ul>\n<\/div>\n\n\n\n<div class=\"wp-block-column is-layout-flow wp-block-column-is-layout-flow\" style=\"flex-basis:33.33%\">\n<h3 class=\"wp-block-heading\">Kenmerken<\/h3>\n\n\n\n<ul class=\"wp-block-list\">\n<li>Max. debiet 1200 m3\/u<\/li>\n\n\n\n<li>diameter inlaat 140 mm<\/li>\n\n\n\n<li>Maximaal vacu\u00fcm 1350 Pa<\/li>\n\n\n\n<li>Vermogen 0,75 kW<\/li>\n\n\n\n<li>15 kg actieve koolfilter<\/li>\n\n\n\n<li>Afmetingen: 700 x 710 x 1060 mm<\/li>\n\n\n\n<li>Gewicht 90 kg<\/li>\n\n\n\n<li>Geluidsniveau 68 db<\/li>\n<\/ul>\n<\/div>\n<\/div>\n\n<h3 class=\"wp-block-heading\">Voordelen<\/h3>\n\n<p>De ePURBOX afzuigtafel is ontworpen voor <strong>mobiel gebruik en is geschikt voor continu gebruik<\/strong>. De robuuste constructie zorgt voor een compacte, gemakkelijk te hanteren afzuigtafel. Onder het rooster bevindt zich een lade voor eenvoudige, schone verwijdering van het afval dat tijdens het proces wordt verzameld. De EC-technologie zorgt voor<strong> een stille <\/strong>, zuinige<strong> werking <\/strong>.   <\/p>\n\n<h3 class=\"wp-block-heading\">Speciale functies<\/h3>\n\n<p>De ePURBOX afzuigtafel heeft een continue luchtstroomregelknop. <strong>Je kunt de luchtstroom handmatig aanpassen <\/strong>met een <strong>draaiknop <\/strong>. Er is ook een bedrijfsurenteller zodat je weet hoe lang de filters bijvoorbeeld al in de tafel zitten, zodat je weet wanneer je ze moet vervangen.  <\/p>\n\n<h3 class=\"wp-block-heading\">Kenmerken<\/h3>\n\n<p>De materialen die gebruikt zijn bij het ontwerp van de<strong> ePURBOX-zuigtafel<\/strong> maken hem robuust en gemakkelijk hanteerbaar. Zijn mobiliteit en afmetingen maken van deze tafel een effici\u00ebnte werkplek. <\/p>\n\n<h3 class=\"wp-block-heading\">Welke vervuilende stoffen kunnen worden behandeld met de ePURBOX tafel?<\/h3>\n\n<p>De ePURBOX TSP afzuigtafel is effectief tegen .<\/p>\n\n<ul class=\"wp-block-list\">\n<li>Deeltjes die vrijkomen bij schuren en slijpen.<\/li>\n\n\n\n<li>Fijn en ultrafijn stof ;<\/li>\n\n\n\n<li>Metaaldampen ;<\/li>\n\n\n\n<li>Schadelijke gassen en dampen ;<\/li>\n<\/ul>\n\n<p><\/p>\n\n<div class=\"wp-block-columns is-layout-flex wp-container-core-columns-is-layout-28f84493 wp-block-columns-is-layout-flex\">\n<div class=\"wp-block-column is-layout-flow wp-block-column-is-layout-flow\" style=\"flex-basis:25%\"><\/div>\n\n\n\n<div class=\"wp-block-column is-layout-flow wp-block-column-is-layout-flow\" style=\"flex-basis:50%\">\n<figure class=\"wp-block-embed is-type-video is-provider-youtube wp-block-embed-youtube wp-embed-aspect-16-9 wp-has-aspect-ratio\"><div class=\"wp-block-embed__wrapper\">\n<iframe title=\"Caisson mobile d&#039;aspiration - ePURbox Atex - OberA\" width=\"1200\" height=\"675\" src=\"https:\/\/www.youtube.com\/embed\/vpDttbOwJGQ?start=1&#038;feature=oembed\" frameborder=\"0\" allow=\"accelerometer; autoplay; clipboard-write; encrypted-media; gyroscope; picture-in-picture; web-share\" referrerpolicy=\"strict-origin-when-cross-origin\" allowfullscreen><\/iframe>\n<\/div><\/figure>\n\n\n\n<p><\/p>\n<\/div>\n\n\n\n<div class=\"wp-block-column is-layout-flow wp-block-column-is-layout-flow\" style=\"flex-basis:25%\"><\/div>\n<\/div>\n\n<h2 class=\"wp-block-heading\">Industri\u00eble toepassingen van ATEX-zuigtafels<\/h2>\n\n<div class=\"wp-block-columns is-layout-flex wp-container-core-columns-is-layout-28f84493 wp-block-columns-is-layout-flex\">\n<div class=\"wp-block-column is-layout-flow wp-block-column-is-layout-flow\">\n<h3 class=\"wp-block-heading has-text-align-center\">Verontreinigende stoffen<\/h3>\n\n\n\n<div class=\"wp-block-columns is-layout-flex wp-container-core-columns-is-layout-28f84493 wp-block-columns-is-layout-flex\">\n<div class=\"wp-block-column is-layout-flow wp-block-column-is-layout-flow\">\n<figure class=\"wp-block-image aligncenter size-large\"><img decoding=\"async\" width=\"70\" height=\"70\" src=\"https:\/\/obera.fr\/wp-content\/uploads\/2021\/03\/industrie-fumees.jpg\" alt=\"industri&#xEB;le dampen\" class=\"wp-image-4971\"\/><figcaption class=\"wp-element-caption\">Dampen<\/figcaption><\/figure>\n\n\n\n<figure class=\"wp-block-image aligncenter size-large\"><img decoding=\"async\" width=\"70\" height=\"70\" src=\"https:\/\/obera.fr\/wp-content\/uploads\/2021\/03\/industrie-odeur-2.jpg\" alt=\"stankindustrie 2\" class=\"wp-image-4972\"\/><figcaption class=\"wp-element-caption\">Geuren<\/figcaption><\/figure>\n<\/div>\n\n\n\n<div class=\"wp-block-column is-layout-flow wp-block-column-is-layout-flow\">\n<figure class=\"wp-block-image aligncenter size-large\"><img decoding=\"async\" width=\"70\" height=\"70\" src=\"https:\/\/obera.fr\/wp-content\/uploads\/2021\/03\/polluants-poussieres-1.jpg\" alt=\"stofverontreinigingen 1\" class=\"wp-image-4969\"\/><figcaption class=\"wp-element-caption\">Stof<\/figcaption><\/figure>\n<\/div>\n<\/div>\n\n\n\n<p><\/p>\n<\/div>\n\n\n\n<div class=\"wp-block-column is-layout-flow wp-block-column-is-layout-flow\">\n<h3 class=\"wp-block-heading has-text-align-center\">industrie\u00ebn<\/h3>\n\n\n\n<div class=\"wp-block-columns is-layout-flex wp-container-core-columns-is-layout-28f84493 wp-block-columns-is-layout-flex\">\n<div class=\"wp-block-column is-layout-flow wp-block-column-is-layout-flow\">\n<figure class=\"wp-block-image aligncenter size-large\"><img decoding=\"async\" width=\"70\" height=\"70\" src=\"https:\/\/obera.fr\/wp-content\/uploads\/2021\/03\/industrie-metallurgie-1.jpg\" alt=\"metallurgie-industrie 1\" class=\"wp-image-4975\"\/><figcaption class=\"wp-element-caption\">Metaalkunde<\/figcaption><\/figure>\n\n\n\n<figure class=\"wp-block-image aligncenter size-large\"><img decoding=\"async\" width=\"70\" height=\"70\" src=\"https:\/\/obera.fr\/wp-content\/uploads\/2021\/03\/industrie-textile.jpg\" alt=\"textielindustrie\" class=\"wp-image-4980\"\/><figcaption class=\"wp-element-caption\">Textiel<\/figcaption><\/figure>\n\n\n\n<figure class=\"wp-block-image aligncenter size-large\"><img decoding=\"async\" width=\"70\" height=\"70\" src=\"https:\/\/obera.fr\/wp-content\/uploads\/2021\/03\/industrie-chimie-1.jpg\" alt=\"chemische industrie 1\" class=\"wp-image-4981\"\/><figcaption class=\"wp-element-caption\">Scheikunde<\/figcaption><\/figure>\n\n\n\n<figure class=\"wp-block-image aligncenter size-large\"><img decoding=\"async\" width=\"70\" height=\"70\" src=\"https:\/\/obera.fr\/wp-content\/uploads\/2021\/03\/industrie-minerai.jpg\" alt=\"minerale industrie\" class=\"wp-image-4977\"\/><figcaption class=\"wp-element-caption\">Mineralen<\/figcaption><\/figure>\n<\/div>\n\n\n\n<div class=\"wp-block-column is-layout-flow wp-block-column-is-layout-flow\">\n<figure class=\"wp-block-image aligncenter size-large\"><img decoding=\"async\" width=\"70\" height=\"70\" src=\"https:\/\/obera.fr\/wp-content\/uploads\/2020\/08\/industrie-bois.jpg\" alt=\"INSTITUTE OF PARAMEDICAL SCIENCE AND MANAGEMENT - Management\" class=\"wp-image-672\"\/><figcaption class=\"wp-element-caption\">Houtbewerking<\/figcaption><\/figure>\n\n\n\n<figure class=\"wp-block-image aligncenter size-large\"><img decoding=\"async\" width=\"70\" height=\"70\" src=\"https:\/\/obera.fr\/wp-content\/uploads\/2021\/03\/industrie-plastique.jpg\" alt=\"plasticindustrie\" class=\"wp-image-4976\"\/><figcaption class=\"wp-element-caption\">Kunststoffen<\/figcaption><\/figure>\n\n\n\n<figure class=\"wp-block-image aligncenter size-large\"><img decoding=\"async\" width=\"70\" height=\"70\" src=\"https:\/\/obera.fr\/wp-content\/uploads\/2021\/03\/industrie-papier-carton.jpg\" alt=\"papier- en kartonindustrie\" class=\"wp-image-4982\"\/><figcaption class=\"wp-element-caption\">Papier\/karton<\/figcaption><\/figure>\n\n\n\n<figure class=\"wp-block-image aligncenter size-large\"><img decoding=\"async\" width=\"70\" height=\"70\" src=\"https:\/\/obera.fr\/wp-content\/uploads\/2020\/08\/industrie-dechets.jpg\" alt=\"Product - Merk\" class=\"wp-image-726\"\/><figcaption class=\"wp-element-caption\">Afvalinzameling en -sortering<\/figcaption><\/figure>\n<\/div>\n<\/div>\n<\/div>\n<\/div>\n\n<p>In de luchtvaartindustrie wordt de <strong>ePURbox TSP mobiele stofafzuiging<\/strong> gebruikt voor het schuren van aluminium onderdelen, waarbij fijn stof vrijkomt. Deze aluminiumpoeders vormen gezondheidsrisico&#8217;s voor operators, evenals <strong>ATEX-risico&#8217;s<\/strong>. Door te kiezen voor het ePURbox ATEX TSP-model heeft de fabrikant de risico&#8217;s in verband met brandbaar stof aanzienlijk verminderd en voldaan aan zijn behoefte aan flexibiliteit door te kiezen voor mobiele apparatuur.  <\/p>\n\n<div class=\"wp-block-buttons is-horizontal is-content-justification-center is-layout-flex wp-container-core-buttons-is-layout-03627597 wp-block-buttons-is-layout-flex\">\n<div class=\"wp-block-button has-custom-width wp-block-button__width-100\"><a class=\"wp-block-button__link wp-element-button\" href=\"https:\/\/obera.fr\/nl\/neem-contact-met-ons-op\/\">Meer informatie<\/a><\/div>\n<\/div>\n\n<figure class=\"wp-block-table\"><table class=\"has-fixed-layout\"><thead><tr><th>Product<\/th><th><\/th><th>ePURbox<\/th><\/tr><\/thead><tbody><tr><td>Max. luchtstroom<\/td><td>m3\/u<\/td><td>1200<\/td><\/tr><tr><td>Voedingsspanning<\/td><td>V<\/td><td>220<\/td><\/tr><tr><td>Stroom<\/td><td>kW<\/td><td>0.75<\/td><\/tr><tr><td>Zuigoppervlak<\/td><td>mm<\/td><td>570 x 460<\/td><\/tr><tr><td>Actief koolstoffilter<\/td><td>kg<\/td><td>15<\/td><\/tr><tr><td>Afmetingen<\/td><td>mm (L x B x H)<\/td><td>700 x 710 x 1060 mm<\/td><\/tr><tr><td>Gewicht<\/td><td>kg<\/td><td>90<\/td><\/tr><tr><td>Geluidsniveau<\/td><td>dB(A)<\/td><td>68<\/td><\/tr><\/tbody><\/table><\/figure>\n","protected":false},"excerpt":{"rendered":"<p>De ePURBOX afzuigtafel is direct ge\u00efntegreerd in het ePURBOX apparaat. Hij heeft zijn eigen filtersysteem en zijn eigen ventilator voor het behandelen van geuren en VOC&#8217;s. De bekleding van de achterwand zorgt voor een zeer effici\u00ebnte afzuiging en opvang van vervuilende stoffen over het hele oppervlak van de afzuigtafel. Grove deeltjes worden stroomopwaarts gefilterd door een ge\u00efntegreerd voorfilter (G4) om de levensduur van de actieve koolpatronen te verlengen. De bekleding van de zijwanden zorgt voor een zeer hoge geurvangst op het tafeloppervlak. Tot slot wordt de proceslucht gefilterd door actieve kool (type A) en kan deze opnieuw in de werkruimte &#8230; <\/p>\n<p class=\"read-more-container\"><a title=\"EpurBox TSP\" class=\"read-more button\" href=\"https:\/\/obera.fr\/nl\/produits\/caissons-mobiles-aspiration\/epurbox-tsp\/#more-42968\" aria-label=\"Lees meer over EpurBox TSP\">Lire la suite<\/a><\/p>\n","protected":false},"author":4,"featured_media":83736,"parent":39648,"menu_order":0,"comment_status":"closed","ping_status":"closed","template":"","meta":{"_acf_changed":false,"_seopress_robots_primary_cat":"","_seopress_titles_title":"Table mobile ePURBOX TSP - oberA","_seopress_titles_desc":"","_seopress_robots_index":"","footnotes":""},"class_list":{"0":"post-42968","1":"page","2":"type-page","3":"status-publish","4":"has-post-thumbnail","6":"no-featured-image-padding","7":"resize-featured-image"},"acf":[],"_links":{"self":[{"href":"https:\/\/obera.fr\/nl\/wp-json\/wp\/v2\/pages\/42968","targetHints":{"allow":["GET"]}}],"collection":[{"href":"https:\/\/obera.fr\/nl\/wp-json\/wp\/v2\/pages"}],"about":[{"href":"https:\/\/obera.fr\/nl\/wp-json\/wp\/v2\/types\/page"}],"author":[{"embeddable":true,"href":"https:\/\/obera.fr\/nl\/wp-json\/wp\/v2\/users\/4"}],"replies":[{"embeddable":true,"href":"https:\/\/obera.fr\/nl\/wp-json\/wp\/v2\/comments?post=42968"}],"version-history":[{"count":25,"href":"https:\/\/obera.fr\/nl\/wp-json\/wp\/v2\/pages\/42968\/revisions"}],"predecessor-version":[{"id":116243,"href":"https:\/\/obera.fr\/nl\/wp-json\/wp\/v2\/pages\/42968\/revisions\/116243"}],"up":[{"embeddable":true,"href":"https:\/\/obera.fr\/nl\/wp-json\/wp\/v2\/pages\/39648"}],"wp:featuredmedia":[{"embeddable":true,"href":"https:\/\/obera.fr\/nl\/wp-json\/wp\/v2\/media\/83736"}],"wp:attachment":[{"href":"https:\/\/obera.fr\/nl\/wp-json\/wp\/v2\/media?parent=42968"}],"curies":[{"name":"wp","href":"https:\/\/api.w.org\/{rel}","templated":true}]}}