{"id":43981,"date":"2024-10-01T16:55:25","date_gmt":"2024-10-01T14:55:25","guid":{"rendered":"https:\/\/obera.fr\/zelfstandige-afzuigtafels\/"},"modified":"2025-06-30T10:17:19","modified_gmt":"2025-06-30T08:17:19","slug":"table-autonome","status":"publish","type":"page","link":"https:\/\/obera.fr\/nl\/produits\/tables-aspirantes\/table-autonome\/","title":{"rendered":"Zelfstandige afzuigtafels"},"content":{"rendered":"\n<h2 class=\"wp-block-heading\">Waarom kiezen voor een autonome vacu\u00fcmtafel?<\/h2>\n\n<div class=\"wp-block-columns are-vertically-aligned-center is-layout-flex wp-container-core-columns-is-layout-28f84493 wp-block-columns-is-layout-flex\">\n<div class=\"wp-block-column is-vertically-aligned-center is-layout-flow wp-block-column-is-layout-flow\" style=\"flex-basis:33.33%\">\n<figure class=\"wp-block-image aligncenter size-full is-resized\"><img decoding=\"async\" width=\"800\" height=\"800\" src=\"https:\/\/obera.fr\/wp-content\/uploads\/2022\/05\/Sans-titre-61.jpg\" alt=\"Zelfstandige afzuigtafels\" class=\"wp-image-12901\" srcset=\"https:\/\/obera.fr\/wp-content\/uploads\/2022\/05\/Sans-titre-61.jpg 800w, https:\/\/obera.fr\/wp-content\/uploads\/2022\/05\/Sans-titre-61-300x300.jpg 300w, https:\/\/obera.fr\/wp-content\/uploads\/2022\/05\/Sans-titre-61-150x150.jpg 150w, https:\/\/obera.fr\/wp-content\/uploads\/2022\/05\/Sans-titre-61-768x768.jpg 768w\" sizes=\"(max-width: 800px) 100vw, 800px\" \/><\/figure>\n\n\n\n<div class=\"wp-block-columns is-layout-flex wp-container-core-columns-is-layout-28f84493 wp-block-columns-is-layout-flex\">\n<div class=\"wp-block-column is-layout-flow wp-block-column-is-layout-flow\">\n<figure class=\"wp-block-image size-full is-resized\"><img decoding=\"async\" width=\"800\" height=\"800\" src=\"https:\/\/obera.fr\/wp-content\/uploads\/2022\/05\/Sans-titre-59.jpg\" alt=\"Autonome vacu&#xFC;mtafels 1\" class=\"wp-image-12904\" srcset=\"https:\/\/obera.fr\/wp-content\/uploads\/2022\/05\/Sans-titre-59.jpg 800w, https:\/\/obera.fr\/wp-content\/uploads\/2022\/05\/Sans-titre-59-300x300.jpg 300w, https:\/\/obera.fr\/wp-content\/uploads\/2022\/05\/Sans-titre-59-150x150.jpg 150w, https:\/\/obera.fr\/wp-content\/uploads\/2022\/05\/Sans-titre-59-768x768.jpg 768w\" sizes=\"(max-width: 800px) 100vw, 800px\" \/><\/figure>\n<\/div>\n\n\n\n<div class=\"wp-block-column is-layout-flow wp-block-column-is-layout-flow\">\n<figure class=\"wp-block-image size-medium is-resized\"><img decoding=\"async\" width=\"300\" height=\"300\" src=\"https:\/\/obera.fr\/wp-content\/uploads\/2022\/05\/Sans-titre-63-300x300.jpg\" alt=\"Autonome vacu&#xFC;mtafels 2\" class=\"wp-image-12895\" srcset=\"https:\/\/obera.fr\/wp-content\/uploads\/2022\/05\/Sans-titre-63-300x300.jpg 300w, https:\/\/obera.fr\/wp-content\/uploads\/2022\/05\/Sans-titre-63-150x150.jpg 150w, https:\/\/obera.fr\/wp-content\/uploads\/2022\/05\/Sans-titre-63-768x768.jpg 768w, https:\/\/obera.fr\/wp-content\/uploads\/2022\/05\/Sans-titre-63.jpg 800w\" sizes=\"(max-width: 300px) 100vw, 300px\" \/><\/figure>\n<\/div>\n\n\n\n<div class=\"wp-block-column is-layout-flow wp-block-column-is-layout-flow\">\n<figure class=\"wp-block-image size-full is-resized\"><img decoding=\"async\" width=\"800\" height=\"800\" src=\"https:\/\/obera.fr\/wp-content\/uploads\/2022\/05\/Sans-titre-64.jpg\" alt=\"Autonome vacu&#xFC;mtafels 3\" class=\"wp-image-12892\" srcset=\"https:\/\/obera.fr\/wp-content\/uploads\/2022\/05\/Sans-titre-64.jpg 800w, https:\/\/obera.fr\/wp-content\/uploads\/2022\/05\/Sans-titre-64-300x300.jpg 300w, https:\/\/obera.fr\/wp-content\/uploads\/2022\/05\/Sans-titre-64-150x150.jpg 150w, https:\/\/obera.fr\/wp-content\/uploads\/2022\/05\/Sans-titre-64-768x768.jpg 768w\" sizes=\"(max-width: 800px) 100vw, 800px\" \/><\/figure>\n<\/div>\n<\/div>\n<\/div>\n\n\n\n<div class=\"wp-block-column is-vertically-aligned-center is-layout-flow wp-block-column-is-layout-flow\" style=\"flex-basis:66.66%\">\n<h3 class=\"wp-block-heading\">HOE werkt het?  <\/h3>\n\n\n\n<p>Om een vervuilingsvrije omgeving te behouden, moeten vervuilende deeltjes effici\u00ebnt worden opgevangen door de afzuigunit. Dankzij de gelijkmatige filtratie aan de onder- en voorkant ademt de gebruiker geen giftige stoffen in. De werkbank kan worden aangepast met verschillende soorten platforms en roosters, afhankelijk van het uit te voeren werk, om een effectieve behandeling van verontreinigende stoffen te garanderen. In tegenstelling tot <a href=\"https:\/\/obera.fr\/nl\/produits\/tables-aspirantes\/\" data-type=\"page\" data-id=\"489\">conventionele afzuigtafels<\/a> hebben deze een ingebouwd afzuigsysteem en hoeven ze niet te worden aangesloten op een luchtbehandelingskast.   <\/p>\n\n\n\n<p><\/p>\n\n\n\n<h3 class=\"wp-block-heading\">Automatische filterreiniging<\/h3>\n\n\n\n<p>De autonome vacu\u00fcmtafel is uitgerust met een automatisch filterreinigingssysteem. Met behulp van een persluchttank wordt het filterpatroon gereinigd, waardoor het werkproces voor de operator eenvoudiger wordt en tijd wordt bespaard. HEPA-filtratie is optioneel.  <\/p>\n\n\n\n<div class=\"wp-block-columns is-layout-flex wp-container-core-columns-is-layout-28f84493 wp-block-columns-is-layout-flex\">\n<div class=\"wp-block-column is-layout-flow wp-block-column-is-layout-flow\">\n<div class=\"wp-block-buttons is-content-justification-center is-layout-flex wp-container-core-buttons-is-layout-a89b3969 wp-block-buttons-is-layout-flex\">\n<div class=\"wp-block-button is-style-fill\"><a class=\"wp-block-button__link wp-element-button\" href=\"https:\/\/obera.fr\/wp-content\/uploads\/2025\/08\/brochure-table-aspirante-autonome-en.pdf\">Download het productblad<\/a><\/div>\n<\/div>\n<\/div>\n\n\n\n<div class=\"wp-block-column is-layout-flow wp-block-column-is-layout-flow\">\n<div class=\"wp-block-buttons is-horizontal is-content-justification-center is-layout-flex wp-container-core-buttons-is-layout-03627597 wp-block-buttons-is-layout-flex\">\n<div class=\"wp-block-button has-custom-width wp-block-button__width-100\"><a class=\"wp-block-button__link wp-element-button\" href=\"https:\/\/obera.fr\/nl\/neem-contact-met-ons-op\/\">Meer informatie<\/a><\/div>\n<\/div>\n<\/div>\n\n\n\n<div class=\"wp-block-column is-layout-flow wp-block-column-is-layout-flow\">\n<div class=\"wp-block-buttons is-content-justification-center is-layout-flex wp-container-core-buttons-is-layout-a89b3969 wp-block-buttons-is-layout-flex\">\n<div class=\"wp-block-button btn-devis-source\"><a class=\"wp-block-button__link wp-element-button\" href=\"https:\/\/obera.fr\/nl\/devis\/\">Een offerte aanvragen<\/a><\/div>\n<\/div>\n\n\n<script>\r\ndocument.addEventListener('DOMContentLoaded', function() {\r\n    \/\/ 1. On cherche le titre H1 de la page\r\n    var h1 = document.querySelector('h1');\r\n    var productTitle = h1 ? h1.innerText.trim() : \"\";\r\n\r\n    \/\/ 2. On cherche les boutons via la classe CSS .btn-devis-source\r\n    var buttons = document.querySelectorAll('.btn-devis-source a');\r\n\r\n    \/\/ 3. Si on a le titre et les boutons, on ajoute le param\u00e8tre\r\n    if (buttons.length > 0 && productTitle !== \"\") {\r\n        var encodedTitle = encodeURIComponent(productTitle);\r\n\r\n        buttons.forEach(function(btn) {\r\n            var currentHref = btn.getAttribute('href');\r\n            \r\n            \/\/ S\u00e9curit\u00e9 pour ne pas ajouter le param\u00e8tre 2 fois\r\n            if (currentHref.indexOf('sujet=') === -1) {\r\n                var separator = currentHref.indexOf('?') !== -1 ? '&' : '?';\r\n                var newLink = currentHref + separator + 'sujet=' + encodedTitle;\r\n                \r\n                btn.setAttribute('href', newLink);\r\n            }\r\n        });\r\n    }\r\n});\r\n<\/script><\/div>\n<\/div>\n<\/div>\n<\/div>\n\n<div class=\"wp-block-columns is-layout-flex wp-container-core-columns-is-layout-28f84493 wp-block-columns-is-layout-flex\">\n<div class=\"wp-block-column is-layout-flow wp-block-column-is-layout-flow\" style=\"flex-basis:25%\"><\/div>\n\n\n\n<div class=\"wp-block-column is-layout-flow wp-block-column-is-layout-flow\" style=\"flex-basis:50%\">\n<figure class=\"wp-block-embed is-type-video is-provider-youtube wp-block-embed-youtube wp-embed-aspect-16-9 wp-has-aspect-ratio\"><div class=\"wp-block-embed__wrapper\">\n<iframe title=\"Table Aspirante Autonome - Obera\" width=\"1200\" height=\"675\" src=\"https:\/\/www.youtube.com\/embed\/CvznCWlnJBA?feature=oembed\" frameborder=\"0\" allow=\"accelerometer; autoplay; clipboard-write; encrypted-media; gyroscope; picture-in-picture; web-share\" referrerpolicy=\"strict-origin-when-cross-origin\" allowfullscreen><\/iframe>\n<\/div><\/figure>\n<\/div>\n\n\n\n<div class=\"wp-block-column is-layout-flow wp-block-column-is-layout-flow\" style=\"flex-basis:25%\"><\/div>\n<\/div>\n\n<p><\/p>\n\n<h2 class=\"wp-block-heading\">Waar worden ze voor gebruikt?<\/h2>\n\n<p>Stand-alone vacu\u00fcmtafels zijn de ideale oplossing voor slijpen, lassen, verven, lijmen en alle processen waarbij dampen en stof vrijkomen die bij inademing schadelijk kunnen zijn voor de gezondheid van de gebruiker.<\/p>\n\n<div class=\"wp-block-columns is-layout-flex wp-container-core-columns-is-layout-28f84493 wp-block-columns-is-layout-flex\">\n<div class=\"wp-block-column is-layout-flow wp-block-column-is-layout-flow\">\n<figure class=\"wp-block-image aligncenter size-full is-resized\"><img decoding=\"async\" width=\"800\" height=\"500\" src=\"https:\/\/obera.fr\/wp-content\/uploads\/2022\/05\/Sffans-titre.png\" alt=\"sffans titel\" class=\"wp-image-12913\" srcset=\"https:\/\/obera.fr\/wp-content\/uploads\/2022\/05\/Sffans-titre.png 800w, https:\/\/obera.fr\/wp-content\/uploads\/2022\/05\/Sffans-titre-300x188.png 300w, https:\/\/obera.fr\/wp-content\/uploads\/2022\/05\/Sffans-titre-768x480.png 768w\" sizes=\"(max-width: 800px) 100vw, 800px\" \/><\/figure>\n<\/div>\n\n\n\n<div class=\"wp-block-column is-layout-flow wp-block-column-is-layout-flow\">\n<figure class=\"wp-block-image aligncenter size-full is-resized\"><img decoding=\"async\" width=\"800\" height=\"500\" src=\"https:\/\/obera.fr\/wp-content\/uploads\/2022\/05\/dfSans-titre.png\" alt=\"dfs zonder titel\" class=\"wp-image-12919\" srcset=\"https:\/\/obera.fr\/wp-content\/uploads\/2022\/05\/dfSans-titre.png 800w, https:\/\/obera.fr\/wp-content\/uploads\/2022\/05\/dfSans-titre-300x188.png 300w, https:\/\/obera.fr\/wp-content\/uploads\/2022\/05\/dfSans-titre-768x480.png 768w\" sizes=\"(max-width: 800px) 100vw, 800px\" \/><\/figure>\n<\/div>\n\n\n\n<div class=\"wp-block-column is-layout-flow wp-block-column-is-layout-flow\">\n<figure class=\"wp-block-image aligncenter size-full is-resized\"><img decoding=\"async\" width=\"800\" height=\"500\" src=\"https:\/\/obera.fr\/wp-content\/uploads\/2022\/05\/Sans-titre.png\" alt=\"zonder titel\" class=\"wp-image-12916\" srcset=\"https:\/\/obera.fr\/wp-content\/uploads\/2022\/05\/Sans-titre.png 800w, https:\/\/obera.fr\/wp-content\/uploads\/2022\/05\/Sans-titre-300x188.png 300w, https:\/\/obera.fr\/wp-content\/uploads\/2022\/05\/Sans-titre-768x480.png 768w\" sizes=\"(max-width: 800px) 100vw, 800px\" \/><\/figure>\n<\/div>\n<\/div>\n\n<div class=\"wp-block-columns is-layout-flex wp-container-core-columns-is-layout-28f84493 wp-block-columns-is-layout-flex\">\n<div class=\"wp-block-column is-layout-flow wp-block-column-is-layout-flow\">\n<div style=\"height:42px\" aria-hidden=\"true\" class=\"wp-block-spacer\"><\/div>\n\n\n\n<h3 class=\"wp-block-heading has-text-align-center\" id=\"polluants\">Verontreinigende stoffen<\/h3>\n\n\n\n<hr class=\"wp-block-separator has-css-opacity is-style-wide\"\/>\n\n\n\n<div class=\"wp-block-columns is-layout-flex wp-container-core-columns-is-layout-28f84493 wp-block-columns-is-layout-flex\">\n<div class=\"wp-block-column is-layout-flow wp-block-column-is-layout-flow\">\n<figure class=\"wp-block-image aligncenter size-large\"><img decoding=\"async\" width=\"70\" height=\"70\" src=\"https:\/\/obera.fr\/wp-content\/uploads\/2020\/08\/polluants-poussieres.jpg\" alt=\"Verontreinigende stoffen Stof\" class=\"wp-image-675\"\/><figcaption class=\"wp-element-caption\">Stof<\/figcaption><\/figure>\n\n\n\n<figure class=\"wp-block-image aligncenter size-large\"><img decoding=\"async\" width=\"70\" height=\"70\" src=\"https:\/\/obera.fr\/wp-content\/uploads\/2020\/08\/industrie-fumees.jpg\" alt=\"Industrie Rook\" class=\"wp-image-722\"\/><figcaption class=\"wp-element-caption\">Dampen<\/figcaption><\/figure>\n\n\n\n<figure class=\"wp-block-image aligncenter size-large\"><img decoding=\"async\" width=\"70\" height=\"70\" src=\"https:\/\/obera.fr\/wp-content\/uploads\/2020\/08\/industrie-brouillard-huile.jpg\" alt=\"Industrie Mist Olie\" class=\"wp-image-721\"\/><figcaption class=\"wp-element-caption\">Olienevel<\/figcaption><\/figure>\n<\/div>\n\n\n\n<div class=\"wp-block-column is-layout-flow wp-block-column-is-layout-flow\">\n<figure class=\"wp-block-image aligncenter size-large\"><img decoding=\"async\" width=\"70\" height=\"70\" src=\"https:\/\/obera.fr\/wp-content\/uploads\/2020\/08\/polluants-copeaux-bois.jpg\" alt=\"Verontreinigende stoffen Houtsnippers\" class=\"wp-image-674\"\/><figcaption class=\"wp-element-caption\">Chips<\/figcaption><\/figure>\n\n\n\n<figure class=\"wp-block-image aligncenter size-large\"><img decoding=\"async\" width=\"70\" height=\"70\" src=\"https:\/\/obera.fr\/wp-content\/uploads\/2020\/08\/industrie-odeur.jpg\" alt=\"Industrie Geur\" class=\"wp-image-723\"\/><figcaption class=\"wp-element-caption\">Geuren<\/figcaption><\/figure>\n\n\n\n<figure class=\"wp-block-image aligncenter size-large\"><img decoding=\"async\" width=\"70\" height=\"70\" src=\"https:\/\/obera.fr\/wp-content\/uploads\/2020\/09\/cov.png\" alt=\"Cov\" class=\"wp-image-959\"\/><figcaption class=\"wp-element-caption\">VOCS<\/figcaption><\/figure>\n<\/div>\n<\/div>\n<\/div>\n\n\n\n<div class=\"wp-block-column is-layout-flow wp-block-column-is-layout-flow\">\n<div style=\"height:42px\" aria-hidden=\"true\" class=\"wp-block-spacer\"><\/div>\n\n\n\n<h3 class=\"wp-block-heading has-text-align-center\" id=\"industries\">Industrie<\/h3>\n\n\n\n<hr class=\"wp-block-separator has-css-opacity is-style-wide\"\/>\n\n\n\n<div class=\"wp-block-columns is-layout-flex wp-container-core-columns-is-layout-28f84493 wp-block-columns-is-layout-flex\">\n<div class=\"wp-block-column is-layout-flow wp-block-column-is-layout-flow\">\n<figure class=\"wp-block-image aligncenter size-large\"><img decoding=\"async\" width=\"70\" height=\"70\" src=\"https:\/\/obera.fr\/wp-content\/uploads\/2020\/08\/industrie-metallurgie.jpg\" alt=\"Metaalindustrie\" class=\"wp-image-673\"\/><figcaption class=\"wp-element-caption\">Metaalkunde<\/figcaption><\/figure>\n\n\n\n<figure class=\"wp-block-image aligncenter size-large\"><img decoding=\"async\" width=\"70\" height=\"70\" src=\"https:\/\/obera.fr\/wp-content\/uploads\/2020\/08\/industrie-plastique.jpg\" alt=\"Kunststofindustrie\" class=\"wp-image-669\"\/><figcaption class=\"wp-element-caption\">Kunststoffen<\/figcaption><\/figure>\n\n\n\n<figure class=\"wp-block-image aligncenter size-large\"><img decoding=\"async\" width=\"70\" height=\"70\" src=\"https:\/\/obera.fr\/wp-content\/uploads\/2020\/08\/industrie-minerai.jpg\" alt=\"Ertsindustrie\" class=\"wp-image-724\"\/><figcaption class=\"wp-element-caption\">Mineralen<\/figcaption><\/figure>\n\n\n\n<figure class=\"wp-block-image aligncenter size-large\"><img decoding=\"async\" width=\"70\" height=\"70\" src=\"https:\/\/obera.fr\/wp-content\/uploads\/2020\/08\/industrie-papier-carton.jpg\" alt=\"Papier- en kartonindustrie\" class=\"wp-image-670\"\/><figcaption class=\"wp-element-caption\">Papier\/karton<\/figcaption><\/figure>\n<\/div>\n\n\n\n<div class=\"wp-block-column is-layout-flow wp-block-column-is-layout-flow\">\n<figure class=\"wp-block-image aligncenter size-large\"><img decoding=\"async\" width=\"70\" height=\"70\" src=\"https:\/\/obera.fr\/wp-content\/uploads\/2020\/08\/industrie-bois.jpg\" alt=\"Houtindustrie\" class=\"wp-image-672\"\/><figcaption class=\"wp-element-caption\">Houtbewerking<\/figcaption><\/figure>\n\n\n\n<figure class=\"wp-block-image aligncenter size-large\"><img decoding=\"async\" width=\"70\" height=\"70\" src=\"https:\/\/obera.fr\/wp-content\/uploads\/2020\/08\/industrie-textile.jpg\" alt=\"Textielindustrie\" class=\"wp-image-671\"\/><figcaption class=\"wp-element-caption\">Textiel<\/figcaption><\/figure>\n\n\n\n<figure class=\"wp-block-image aligncenter size-large\"><img decoding=\"async\" width=\"70\" height=\"70\" src=\"https:\/\/obera.fr\/wp-content\/uploads\/2020\/08\/industrie-chimie.jpg\" alt=\"Chemische industrie\" class=\"wp-image-725\"\/><figcaption class=\"wp-element-caption\">Chemie\/Petrochemie<\/figcaption><\/figure>\n\n\n\n<figure class=\"wp-block-image aligncenter size-large\"><img decoding=\"async\" width=\"70\" height=\"70\" src=\"https:\/\/obera.fr\/wp-content\/uploads\/2020\/08\/industrie-dechets.jpg\" alt=\"Industrieel afval\" class=\"wp-image-726\"\/><figcaption class=\"wp-element-caption\">Afvalinzameling en -sortering<\/figcaption><\/figure>\n<\/div>\n<\/div>\n<\/div>\n<\/div>\n\n<h2 class=\"wp-block-heading\">Kenmerken van onze vrijstaande zuigtafels<\/h2>\n\n<p>Onze autonome zuigtafels zijn gemaakt van uitstekende materialen en zijn extreem robuust. Ze vari\u00ebren in grootte afhankelijk van het model. Ze bieden een werkoppervlak (L x B) van 1000 x 1500 mm tot 1000 x 2500 mm. Het onderste deel van de tafel is voorzien van lades voor het verzamelen van grof afval. De tafel kan aangepast worden met verschillende soorten platforms en roosters, afhankelijk van het werk dat gedaan moet worden.    <\/p>\n\n<h3 class=\"wp-block-heading\">Automatische filterreiniging<\/h3>\n\n<p>De autonome afzuigtafels zijn uitgerust met een patroonfilter met een geschikt filteroppervlak. Het reinigingssysteem is automatisch: een persluchttank reinigt het patroon, wat het werkproces voor de operator vergemakkelijkt en tijd bespaart. Eindfiltratie met HEPA-filter is optioneel. <\/p>\n\n<h3 class=\"wp-block-heading\">De vonkscheider<\/h3>\n\n<p>De standaard gemonteerde vonkenscheider met dezelfde lengte als het werkblad speelt een essenti\u00eble rol. Hij beschermt het patroon tegen vonken en stompe voorwerpen. Hij voorkomt ook dat opgezogen deeltjes het filter verstoppen. De ge\u00efntegreerde ventilator van de BAS-V maakt het een complete en veelzijdige machine.   <\/p>\n\n<h3 class=\"wp-block-heading\">OPTIONEEL<\/h3>\n\n<ul class=\"wp-block-list\">\n<li>Conform ATEX 20-22<\/li>\n\n\n\n<li>HEPA-filtratie<\/li>\n\n\n\n<li>304\/316 roestvrij staal<\/li>\n\n\n\n<li>Verf bestand tegen ruwe omgevingen<\/li>\n\n\n\n<li>Uitvoering met speciaal staal (Corten)<\/li>\n\n\n\n<li>Brandbeveiligingssysteem<\/li>\n\n\n\n<li>Stil.<\/li>\n<\/ul>\n\n<div class=\"wp-block-buttons is-content-justification-center is-layout-flex wp-container-core-buttons-is-layout-a89b3969 wp-block-buttons-is-layout-flex\">\n<div class=\"wp-block-button is-style-fill\"><a class=\"wp-block-button__link wp-element-button\" href=\"https:\/\/obera.fr\/wp-content\/uploads\/2025\/08\/brochure-table-aspirante-autonome-en.pdf\">Download het productblad<\/a><\/div>\n<\/div>\n\n<h2 class=\"wp-block-heading\">Wat zijn de voordelen van onze autonome afzuigtafels?<\/h2>\n\n<p>Autonome afzuigtafels beschermen operators tegen de risico&#8217;s van ademhalings- en huidaandoeningen. Ze zijn verkrijgbaar in verschillende maten voor een gezonde werkplek die is aangepast aan de behoeften van de operator.   <\/p>\n\n<p>Respecteer de <a href=\"https:\/\/obera.fr\/nl\/ons-advies\/reglementation-vlep-evaluation-risque-chimique-lieu-de-travail\/\" data-type=\"post\" data-id=\"6575\">grenswaarden voor beroepsmatige blootstelling<\/a> (OELV&#8217;s) en bescherm je operators op hun werkplek.  <\/p>\n\n<div class=\"wp-block-columns is-layout-flex wp-container-core-columns-is-layout-28f84493 wp-block-columns-is-layout-flex\">\n<div class=\"wp-block-column is-layout-flow wp-block-column-is-layout-flow\">\n<h3 class=\"wp-block-heading has-text-align-center\" id=\"avantages\">Voordelen<\/h3>\n\n\n\n<ul class=\"wp-block-list\">\n<li>Geen aansluiting op een ventilator of stofafscheider nodig<\/li>\n\n\n\n<li>Ideaal voor het ontbramen, slijpen, schuren of lassen van werkstukken<\/li>\n\n\n\n<li>Geschikt voor lijmen, vernissen, enz.<\/li>\n<\/ul>\n<\/div>\n\n\n\n<div class=\"wp-block-column is-layout-flow wp-block-column-is-layout-flow\">\n<h3 class=\"wp-block-heading has-text-align-center\" id=\"particularites\">Speciale functies<\/h3>\n\n\n\n<ul class=\"wp-block-list\">\n<li>Automatische filterreiniging<\/li>\n\n\n\n<li>De vonkscheider<\/li>\n\n\n\n<li>Grofvuil opvanglade<\/li>\n<\/ul>\n<\/div>\n\n\n\n<div class=\"wp-block-column is-layout-flow wp-block-column-is-layout-flow\">\n<h3 class=\"wp-block-heading has-text-align-center\" id=\"caracteristiques\">Kenmerken<\/h3>\n\n\n\n<ul class=\"wp-block-list\">\n<li>Beveiligd werkstation<\/li>\n\n\n\n<li>Compacte oplossing<\/li>\n\n\n\n<li>Ruim werkoppervlak<\/li>\n\n\n\n<li>Robuuste materialen<\/li>\n\n\n\n<li>Grof afval gemakkelijk te verwijderen<\/li>\n<\/ul>\n<\/div>\n<\/div>\n\n<div class=\"wp-block-buttons is-horizontal is-content-justification-center is-layout-flex wp-container-core-buttons-is-layout-03627597 wp-block-buttons-is-layout-flex\">\n<div class=\"wp-block-button has-custom-width wp-block-button__width-100\"><a class=\"wp-block-button__link wp-element-button\" href=\"https:\/\/obera.fr\/nl\/neem-contact-met-ons-op\/\">Meer informatie<\/a><\/div>\n<\/div>\n\n<h2 class=\"wp-block-heading\">Andere oberA afzuigtafels<\/h2>\n\n<div class=\"wp-block-columns is-layout-flex wp-container-core-columns-is-layout-28f84493 wp-block-columns-is-layout-flex\">\n<div class=\"wp-block-column is-layout-flow wp-block-column-is-layout-flow\">\n<figure class=\"wp-block-image aligncenter size-thumbnail is-resized\"><a href=\"https:\/\/obera.fr\/produits\/tables-aspirantes\/table-rotative-360\/\"><img decoding=\"async\" width=\"150\" height=\"150\" src=\"https:\/\/obera.fr\/wp-content\/uploads\/2021\/03\/Table_aspirante_360-150x150.png\" alt=\"360&#xB0; afzuigtafel\" class=\"wp-image-4952\"\/><\/a><figcaption class=\"wp-element-caption\">360\u00b0 afzuigtafel<\/figcaption><\/figure>\n<\/div>\n\n\n\n<div class=\"wp-block-column is-layout-flow wp-block-column-is-layout-flow\">\n<figure class=\"wp-block-image aligncenter size-thumbnail is-resized\"><a href=\"https:\/\/obera.fr\/produits\/tables-aspirantes\/table-aspirante-a-at\/\"><img decoding=\"async\" width=\"150\" height=\"150\" src=\"https:\/\/obera.fr\/wp-content\/uploads\/2020\/10\/table-SF-150x150.png\" alt=\"afzuigtafels\" class=\"wp-image-1179\" srcset=\"https:\/\/obera.fr\/wp-content\/uploads\/2020\/10\/table-SF-150x150.png 150w, https:\/\/obera.fr\/wp-content\/uploads\/2020\/10\/table-SF-300x300.png 300w, https:\/\/obera.fr\/wp-content\/uploads\/2020\/10\/table-SF.png 433w\" sizes=\"(max-width: 150px) 100vw, 150px\" \/><\/a><figcaption class=\"wp-element-caption\">A &amp; AT afzuigtafel<\/figcaption><\/figure>\n<\/div>\n\n\n\n<div class=\"wp-block-column is-layout-flow wp-block-column-is-layout-flow\">\n<figure class=\"wp-block-image aligncenter size-thumbnail\"><img decoding=\"async\" width=\"150\" height=\"150\" src=\"https:\/\/obera.fr\/wp-content\/uploads\/2024\/05\/epurbox-tsp-150x150.png\" alt=\"epurbox tsp\" class=\"wp-image-30348\" srcset=\"https:\/\/obera.fr\/wp-content\/uploads\/2024\/05\/epurbox-tsp-150x150.png 150w, https:\/\/obera.fr\/wp-content\/uploads\/2024\/05\/epurbox-tsp-300x300.png 300w, https:\/\/obera.fr\/wp-content\/uploads\/2024\/05\/epurbox-tsp-1024x1024.png 1024w, https:\/\/obera.fr\/wp-content\/uploads\/2024\/05\/epurbox-tsp-768x768.png 768w, https:\/\/obera.fr\/wp-content\/uploads\/2024\/05\/epurbox-tsp.png 1200w\" sizes=\"(max-width: 150px) 100vw, 150px\" \/><figcaption class=\"wp-element-caption\">ePURBOX Atex<\/figcaption><\/figure>\n<\/div>\n<\/div>\n","protected":false},"excerpt":{"rendered":"<p>Waarom kiezen voor een autonome vacu\u00fcmtafel? HOE werkt het? Om een vervuilingsvrije omgeving te behouden, moeten vervuilende deeltjes effici\u00ebnt worden opgevangen door de afzuigunit. Dankzij de gelijkmatige filtratie aan de onder- en voorkant ademt de gebruiker geen giftige stoffen in. De werkbank kan worden aangepast met verschillende soorten platforms en roosters, afhankelijk van het uit te voeren werk, om een effectieve behandeling van verontreinigende stoffen te garanderen. In tegenstelling tot conventionele afzuigtafels hebben deze een ingebouwd afzuigsysteem en hoeven ze niet te worden aangesloten op een luchtbehandelingskast. Automatische filterreiniging De autonome vacu\u00fcmtafel is uitgerust met een automatisch filterreinigingssysteem. Met behulp &#8230; <\/p>\n<p class=\"read-more-container\"><a title=\"Zelfstandige afzuigtafels\" class=\"read-more button\" href=\"https:\/\/obera.fr\/nl\/produits\/tables-aspirantes\/table-autonome\/#more-43981\" aria-label=\"Lees meer over Zelfstandige afzuigtafels\">Lire la suite<\/a><\/p>\n","protected":false},"author":4,"featured_media":83736,"parent":44571,"menu_order":0,"comment_status":"closed","ping_status":"closed","template":"","meta":{"_acf_changed":false,"_seopress_robots_primary_cat":"","_seopress_titles_title":"Onafhankelijke afzuigtafels beschermen operators","_seopress_titles_desc":"Ontdek de autonome vacu\u00fcmtafels van OberA. Deze vacu\u00fcmtafels hebben geen stofafzuiging nodig en beschermen operators op hun werkplek. ","_seopress_robots_index":"","footnotes":""},"class_list":{"0":"post-43981","1":"page","2":"type-page","3":"status-publish","4":"has-post-thumbnail","6":"no-featured-image-padding","7":"resize-featured-image"},"acf":[],"_links":{"self":[{"href":"https:\/\/obera.fr\/nl\/wp-json\/wp\/v2\/pages\/43981","targetHints":{"allow":["GET"]}}],"collection":[{"href":"https:\/\/obera.fr\/nl\/wp-json\/wp\/v2\/pages"}],"about":[{"href":"https:\/\/obera.fr\/nl\/wp-json\/wp\/v2\/types\/page"}],"author":[{"embeddable":true,"href":"https:\/\/obera.fr\/nl\/wp-json\/wp\/v2\/users\/4"}],"replies":[{"embeddable":true,"href":"https:\/\/obera.fr\/nl\/wp-json\/wp\/v2\/comments?post=43981"}],"version-history":[{"count":5,"href":"https:\/\/obera.fr\/nl\/wp-json\/wp\/v2\/pages\/43981\/revisions"}],"predecessor-version":[{"id":117838,"href":"https:\/\/obera.fr\/nl\/wp-json\/wp\/v2\/pages\/43981\/revisions\/117838"}],"up":[{"embeddable":true,"href":"https:\/\/obera.fr\/nl\/wp-json\/wp\/v2\/pages\/44571"}],"wp:featuredmedia":[{"embeddable":true,"href":"https:\/\/obera.fr\/nl\/wp-json\/wp\/v2\/media\/83736"}],"wp:attachment":[{"href":"https:\/\/obera.fr\/nl\/wp-json\/wp\/v2\/media?parent=43981"}],"curies":[{"name":"wp","href":"https:\/\/api.w.org\/{rel}","templated":true}]}}