{"id":44129,"date":"2020-08-26T12:38:40","date_gmt":"2020-08-26T10:38:40","guid":{"rendered":"https:\/\/obera.fr\/onze-producten\/industriele-luchtreinigers\/filtower-luchtreiniger\/"},"modified":"2025-03-07T16:26:19","modified_gmt":"2025-03-07T14:26:19","slug":"filtower","status":"publish","type":"page","link":"https:\/\/obera.fr\/nl\/produits\/purificateurs-air\/filtower\/","title":{"rendered":"Filtower luchtreiniger"},"content":{"rendered":"\n\n\n\n<h2 class=\"wp-block-heading\" id=\"centrale-de-traitement-d-air-sans-tuyauterie-ni-montage\">Luchtbehandelingskast zonder leidingen of montage<\/h2>\n\n\n\n<div class=\"wp-block-columns is-layout-flex wp-container-core-columns-is-layout-28f84493 wp-block-columns-is-layout-flex\">\n<div class=\"wp-block-column is-layout-flow wp-block-column-is-layout-flow\" style=\"flex-basis:33.33%\">\n<figure class=\"wp-block-image aligncenter size-medium\"><img decoding=\"async\" width=\"184\" height=\"300\" src=\"https:\/\/obera.fr\/wp-content\/uploads\/2024\/02\/design-sans-titre-1-184x300.png\" alt=\"ontwerp zonder titel 1\" class=\"wp-image-28336\" srcset=\"https:\/\/obera.fr\/wp-content\/uploads\/2024\/02\/design-sans-titre-1-184x300.png 184w, https:\/\/obera.fr\/wp-content\/uploads\/2024\/02\/design-sans-titre-1.png 496w\" sizes=\"(max-width: 184px) 100vw, 184px\" \/><\/figure>\n<\/div>\n\n\n\n<div class=\"wp-block-column is-layout-flow wp-block-column-is-layout-flow\" style=\"flex-basis:66.66%\">\n<p>De FILTOWER <a href=\"https:\/\/obera.fr\/nl\/produits\/purificateurs-air\/\" data-type=\"page\" data-id=\"26\">luchtreiniger<\/a> wordt vaak gebruikt, in combinatie met een afzuigsysteem aan de bron, om stof, lasrook en olienevel af te zuigen en te filteren.<\/p>\n\n\n\n<p>FILTOWER wordt gebruikt voor :<\/p>\n\n\n\n<ul class=\"wp-block-list\">\n<li>De luchtkwaliteit in de werkplaats aanzienlijk verbeteren.<\/li>\n\n\n\n<li>Voldoe aan de wettelijke waarden op de werkplek.<\/li>\n\n\n\n<li>Voltooi een bronopnamesysteem.<\/li>\n\n\n\n<li>Lasprocessen waarbij bronafvang niet mogelijk of niet erg effectief is.<\/li>\n\n\n\n<li>Vang diffuse emissies op.<\/li>\n<\/ul>\n\n\n\n<p>Units in de <strong>FILTOWER<\/strong> serie kunnen tot 70% besparen op verwarmingskosten, omdat de warmte van de gefilterde lucht weer in het gebouw wordt gebracht.<\/p>\n\n\n\n<div class=\"wp-block-columns is-layout-flex wp-container-core-columns-is-layout-28f84493 wp-block-columns-is-layout-flex\">\n<div class=\"wp-block-column is-layout-flow wp-block-column-is-layout-flow\" style=\"flex-basis:33.34%\">\n<div class=\"wp-block-buttons is-content-justification-center is-layout-flex wp-container-core-buttons-is-layout-a89b3969 wp-block-buttons-is-layout-flex\">\n<div class=\"wp-block-button\"><a class=\"wp-block-button__link wp-element-button\" href=\"https:\/\/obera.fr\/wp-content\/uploads\/2025\/03\/en-brochure-filtower.pdf\">Download de brochure<\/a><\/div>\n<\/div>\n<\/div>\n\n\n\n<div class=\"wp-block-column is-layout-flow wp-block-column-is-layout-flow\" style=\"flex-basis:33.34%\">\n<div class=\"wp-block-buttons is-horizontal is-content-justification-center is-layout-flex wp-container-core-buttons-is-layout-03627597 wp-block-buttons-is-layout-flex\">\n<div class=\"wp-block-button has-custom-width wp-block-button__width-100\"><a class=\"wp-block-button__link wp-element-button\" href=\"https:\/\/obera.fr\/nl\/neem-contact-met-ons-op\/\">Meer informatie<\/a><\/div>\n<\/div>\n<\/div>\n\n\n\n<div class=\"wp-block-column is-layout-flow wp-block-column-is-layout-flow\" style=\"flex-basis:33.33%\">\n<div class=\"wp-block-buttons is-content-justification-center is-layout-flex wp-container-core-buttons-is-layout-a89b3969 wp-block-buttons-is-layout-flex\">\n<div class=\"wp-block-button btn-devis-source\"><a class=\"wp-block-button__link wp-element-button\" href=\"https:\/\/obera.fr\/nl\/devis\/\">Een offerte aanvragen<\/a><\/div>\n<\/div>\n\n\n<script>\r\ndocument.addEventListener('DOMContentLoaded', function() {\r\n    \/\/ 1. On cherche le titre H1 de la page\r\n    var h1 = document.querySelector('h1');\r\n    var productTitle = h1 ? h1.innerText.trim() : \"\";\r\n\r\n    \/\/ 2. On cherche les boutons via la classe CSS .btn-devis-source\r\n    var buttons = document.querySelectorAll('.btn-devis-source a');\r\n\r\n    \/\/ 3. Si on a le titre et les boutons, on ajoute le param\u00e8tre\r\n    if (buttons.length > 0 && productTitle !== \"\") {\r\n        var encodedTitle = encodeURIComponent(productTitle);\r\n\r\n        buttons.forEach(function(btn) {\r\n            var currentHref = btn.getAttribute('href');\r\n            \r\n            \/\/ S\u00e9curit\u00e9 pour ne pas ajouter le param\u00e8tre 2 fois\r\n            if (currentHref.indexOf('sujet=') === -1) {\r\n                var separator = currentHref.indexOf('?') !== -1 ? '&' : '?';\r\n                var newLink = currentHref + separator + 'sujet=' + encodedTitle;\r\n                \r\n                btn.setAttribute('href', newLink);\r\n            }\r\n        });\r\n    }\r\n});\r\n<\/script><\/div>\n<\/div>\n<\/div>\n<\/div>\n\n\n\n<figure class=\"wp-block-gallery has-nested-images columns-default is-cropped wp-block-gallery-1 is-layout-flex wp-block-gallery-is-layout-flex\">\n<figure class=\"wp-block-image size-large\"><img decoding=\"async\" width=\"1024\" height=\"683\" data-id=\"1247\" src=\"https:\/\/obera.fr\/wp-content\/uploads\/2020\/10\/FILTOWER-fonctionnement.jpg\" alt=\"Filtower Hoe het werkt\" class=\"wp-image-1247\" srcset=\"https:\/\/obera.fr\/wp-content\/uploads\/2020\/10\/FILTOWER-fonctionnement.jpg 1024w, https:\/\/obera.fr\/wp-content\/uploads\/2020\/10\/FILTOWER-fonctionnement-300x200.jpg 300w, https:\/\/obera.fr\/wp-content\/uploads\/2020\/10\/FILTOWER-fonctionnement-768x512.jpg 768w\" sizes=\"(max-width: 1024px) 100vw, 1024px\" \/><figcaption class=\"wp-element-caption\">Hoe het werkt<\/figcaption><\/figure>\n\n\n\n<figure class=\"wp-block-image size-large\"><img decoding=\"async\" width=\"1024\" height=\"683\" data-id=\"1250\" src=\"https:\/\/obera.fr\/wp-content\/uploads\/2020\/10\/filtower-ouvert.jpg\" alt=\"Filtower Open\" class=\"wp-image-1250\" srcset=\"https:\/\/obera.fr\/wp-content\/uploads\/2020\/10\/filtower-ouvert.jpg 1024w, https:\/\/obera.fr\/wp-content\/uploads\/2020\/10\/filtower-ouvert-300x200.jpg 300w, https:\/\/obera.fr\/wp-content\/uploads\/2020\/10\/filtower-ouvert-768x512.jpg 768w\" sizes=\"(max-width: 1024px) 100vw, 1024px\" \/><figcaption class=\"wp-element-caption\">Open<\/figcaption><\/figure>\n\n\n\n<figure class=\"wp-block-image size-large\"><img decoding=\"async\" width=\"1024\" height=\"576\" data-id=\"1246\" src=\"https:\/\/obera.fr\/wp-content\/uploads\/2020\/10\/FILTOWER-BAC.jpg\" alt=\"Filtreerapparaat Bac\" class=\"wp-image-1246\" srcset=\"https:\/\/obera.fr\/wp-content\/uploads\/2020\/10\/FILTOWER-BAC.jpg 1024w, https:\/\/obera.fr\/wp-content\/uploads\/2020\/10\/FILTOWER-BAC-300x169.jpg 300w, https:\/\/obera.fr\/wp-content\/uploads\/2020\/10\/FILTOWER-BAC-768x432.jpg 768w\" sizes=\"(max-width: 1024px) 100vw, 1024px\" \/><figcaption class=\"wp-element-caption\">Bakken<\/figcaption><\/figure>\n<\/figure>\n\n\n\n<div class=\"wp-block-columns is-layout-flex wp-container-core-columns-is-layout-28f84493 wp-block-columns-is-layout-flex\">\n<div class=\"wp-block-column is-layout-flow wp-block-column-is-layout-flow\">\n<h3 class=\"wp-block-heading has-text-align-center\" id=\"avantages\">Voordelen<\/h3>\n\n\n\n<ul class=\"wp-block-list\">\n<li>Plug &amp; Play: je sluit hem aan op de voeding, de perslucht en dat is het.<\/li>\n\n\n\n<li>Krachtig en stil<\/li>\n\n\n\n<li>Geen afzuigkanalen<\/li>\n\n\n\n<li>Ontworpen om gemakkelijk te verplaatsen met een vorkheftruck of rolbrug<\/li>\n\n\n\n<li>Lage onderhoudskosten dankzij automatische filterpatroonreiniging<\/li>\n<\/ul>\n<\/div>\n\n\n\n<div class=\"wp-block-column is-layout-flow wp-block-column-is-layout-flow\">\n<h3 class=\"wp-block-heading has-text-align-center\" id=\"particularites\">Speciale functies<\/h3>\n\n\n\n<ul class=\"wp-block-list\">\n<li>Tot 70% besparing op verwarming<\/li>\n\n\n\n<li>Eenvoudig vervangen van filters zonder stof<\/li>\n\n\n\n<li>Duurzame filterpatronen<\/li>\n\n\n\n<li>Nanovezels voor een filtratie-effici\u00ebntie van meer dan 99,95%<\/li>\n\n\n\n<li>Gepatenteerd voorafscheidingssysteem voor deeltjes<\/li>\n\n\n\n<li>Lage uitwerpsnelheid van gefilterde lucht<\/li>\n\n\n\n<li>Gemakkelijke, schone afvoer van afgezogen stof<\/li>\n<\/ul>\n<\/div>\n\n\n\n<div class=\"wp-block-column is-layout-flow wp-block-column-is-layout-flow\">\n<h3 class=\"wp-block-heading has-text-align-center\" id=\"caracteristiques\">Kenmerken<\/h3>\n\n\n\n<ul class=\"wp-block-list\">\n<li>Verbetert de luchtkwaliteit in productiewerkplaatsen aanzienlijk en vult bestaande systemen aan<\/li>\n<\/ul>\n<\/div>\n<\/div>\n\n\n\n<h2 class=\"wp-block-heading\" id=\"applications\">Toepassingen<\/h2>\n\n\n\n<div class=\"wp-block-columns is-layout-flex wp-container-core-columns-is-layout-28f84493 wp-block-columns-is-layout-flex\">\n<div class=\"wp-block-column is-layout-flow wp-block-column-is-layout-flow\">\n<h3 class=\"wp-block-heading has-text-align-center\" id=\"polluants\">Verontreinigende stoffen<\/h3>\n\n\n\n<hr class=\"wp-block-separator has-css-opacity is-style-wide\"\/>\n\n\n\n<div class=\"wp-block-columns is-layout-flex wp-container-core-columns-is-layout-28f84493 wp-block-columns-is-layout-flex\">\n<div class=\"wp-block-column is-layout-flow wp-block-column-is-layout-flow\">\n<figure class=\"wp-block-image aligncenter size-large\"><img decoding=\"async\" width=\"70\" height=\"70\" src=\"https:\/\/obera.fr\/wp-content\/uploads\/2020\/08\/polluants-poussieres.jpg\" alt=\"Verontreinigende stoffen Stof\" class=\"wp-image-675\"\/><figcaption class=\"wp-element-caption\">Stof<\/figcaption><\/figure>\n\n\n\n<figure class=\"wp-block-image aligncenter size-large\"><img decoding=\"async\" width=\"70\" height=\"70\" src=\"https:\/\/obera.fr\/wp-content\/uploads\/2020\/08\/industrie-fumees.jpg\" alt=\"Industrie Rook\" class=\"wp-image-722\"\/><figcaption class=\"wp-element-caption\">Dampen<\/figcaption><\/figure>\n\n\n\n<figure class=\"wp-block-image aligncenter size-large\"><img decoding=\"async\" width=\"70\" height=\"70\" src=\"https:\/\/obera.fr\/wp-content\/uploads\/2020\/09\/cov.png\" alt=\"Cov\" class=\"wp-image-959\"\/><figcaption class=\"wp-element-caption\">VOCS<\/figcaption><\/figure>\n<\/div>\n\n\n\n<div class=\"wp-block-column is-layout-flow wp-block-column-is-layout-flow\">\n<figure class=\"wp-block-image aligncenter size-large\"><img decoding=\"async\" width=\"70\" height=\"70\" src=\"https:\/\/obera.fr\/wp-content\/uploads\/2020\/08\/industrie-odeur.jpg\" alt=\"Industrie Geur\" class=\"wp-image-723\"\/><figcaption class=\"wp-element-caption\">Geuren<\/figcaption><\/figure>\n\n\n\n<figure class=\"wp-block-image aligncenter size-large\"><img decoding=\"async\" width=\"70\" height=\"70\" src=\"https:\/\/obera.fr\/wp-content\/uploads\/2020\/08\/industrie-brouillard-huile.jpg\" alt=\"Industrie Mist Olie\" class=\"wp-image-721\"\/><figcaption class=\"wp-element-caption\">Olienevel<\/figcaption><\/figure>\n<\/div>\n<\/div>\n<\/div>\n\n\n\n<div class=\"wp-block-column is-layout-flow wp-block-column-is-layout-flow\">\n<h3 class=\"wp-block-heading has-text-align-center\" id=\"industries\">Industrie<\/h3>\n\n\n\n<hr class=\"wp-block-separator has-css-opacity is-style-wide\"\/>\n\n\n\n<div class=\"wp-block-columns is-layout-flex wp-container-core-columns-is-layout-28f84493 wp-block-columns-is-layout-flex\">\n<div class=\"wp-block-column is-layout-flow wp-block-column-is-layout-flow\">\n<figure class=\"wp-block-image aligncenter size-large\"><img decoding=\"async\" width=\"70\" height=\"70\" src=\"https:\/\/obera.fr\/wp-content\/uploads\/2020\/08\/industrie-metallurgie.jpg\" alt=\"Metaalindustrie\" class=\"wp-image-673\"\/><figcaption class=\"wp-element-caption\">Metaalkunde<\/figcaption><\/figure>\n\n\n\n<figure class=\"wp-block-image aligncenter size-large\"><img decoding=\"async\" width=\"70\" height=\"70\" src=\"https:\/\/obera.fr\/wp-content\/uploads\/2020\/08\/industrie-plastique.jpg\" alt=\"Kunststofindustrie\" class=\"wp-image-669\"\/><figcaption class=\"wp-element-caption\">Kunststoffen<\/figcaption><\/figure>\n\n\n\n<figure class=\"wp-block-image aligncenter size-large\"><img decoding=\"async\" width=\"70\" height=\"70\" src=\"https:\/\/obera.fr\/wp-content\/uploads\/2020\/08\/industrie-chimie.jpg\" alt=\"Chemische industrie\" class=\"wp-image-725\"\/><figcaption class=\"wp-element-caption\">Chemie\/Petrochemie<\/figcaption><\/figure>\n<\/div>\n\n\n\n<div class=\"wp-block-column is-layout-flow wp-block-column-is-layout-flow\">\n<figure class=\"wp-block-image aligncenter size-large\"><img decoding=\"async\" width=\"70\" height=\"70\" src=\"https:\/\/obera.fr\/wp-content\/uploads\/2020\/08\/industrie-bois.jpg\" alt=\"Houtindustrie\" class=\"wp-image-672\"\/><figcaption class=\"wp-element-caption\">Houtbewerking<\/figcaption><\/figure>\n\n\n\n<figure class=\"wp-block-image aligncenter size-large\"><img decoding=\"async\" width=\"70\" height=\"70\" src=\"https:\/\/obera.fr\/wp-content\/uploads\/2020\/08\/industrie-papier-carton.jpg\" alt=\"Papier- en kartonindustrie\" class=\"wp-image-670\"\/><figcaption class=\"wp-element-caption\">Papier\/karton<\/figcaption><\/figure>\n\n\n\n<figure class=\"wp-block-image aligncenter size-large\"><img decoding=\"async\" width=\"70\" height=\"70\" src=\"https:\/\/obera.fr\/wp-content\/uploads\/2020\/08\/industrie-minerai.jpg\" alt=\"Ertsindustrie\" class=\"wp-image-724\"\/><figcaption class=\"wp-element-caption\">Mineralen<\/figcaption><\/figure>\n<\/div>\n<\/div>\n<\/div>\n<\/div>\n\n\n\n<h2 class=\"wp-block-heading\" id=\"caracteristiques-techniques\">Technische specificaties<\/h2>\n\n\n\n<figure class=\"wp-block-table\"><table class=\"has-fixed-layout\"><thead><tr><th>Apparaat<\/th><th><\/th><th>FILTOWER 100<\/th><th>FILTOWER 160<\/th><th>FILTOWER 200<\/th><\/tr><\/thead><tbody><tr><td>Stroom<\/td><td>m3\/u<\/td><td>10 000<\/td><td>15 000<\/td><td>20 000<\/td><\/tr><tr><td>maximale onderdruk<\/td><td>Pa<\/td><td>2 800<\/td><td>2 800<\/td><td>2 800<\/td><\/tr><tr><td>Voedingsspanning<\/td><td>V<\/td><td>400<\/td><td>400<\/td><td>400<\/td><\/tr><tr><td>Stroom<\/td><td>kW<\/td><td>2 x 3.0<\/td><td>2 x 4.0<\/td><td>2 x 7.5<\/td><\/tr><tr><td>Filteroppervlak<\/td><td>m\u00b2<\/td><td>100<\/td><td>160<\/td><td>200<\/td><\/tr><tr><td>Aantal filters<\/td><td>Deel<\/td><td>4<\/td><td>4<\/td><td>4<\/td><\/tr><tr><td>Stofopslagcapaciteit<\/td><td>l<\/td><td>150<\/td><td>150<\/td><td>150<\/td><\/tr><tr><td>Afmetingen<\/td><td>l\/L\/h (mm)<\/td><td>2060x1510x2950<\/td><td>2060 x 1510 x 3350<\/td><td>2060 x 1510 x 3850<\/td><\/tr><tr><td>Gewicht<\/td><td>kg<\/td><td>1 100<\/td><td>1 200<\/td><td>1 500<\/td><\/tr><tr><td>Geluidsniveau<\/td><td>dB(A)<\/td><td>71<\/td><td>75<\/td><td>77<\/td><\/tr><\/tbody><\/table><\/figure>\n\n\n\n<h3 class=\"wp-block-heading\" id=\"en-option\">Optioneel<\/h3>\n\n\n\n<div class=\"wp-block-columns is-layout-flex wp-container-core-columns-is-layout-28f84493 wp-block-columns-is-layout-flex\">\n<div class=\"wp-block-column is-layout-flow wp-block-column-is-layout-flow\">\n<figure class=\"wp-block-image aligncenter size-large\"><img decoding=\"async\" width=\"100\" height=\"100\" src=\"https:\/\/obera.fr\/wp-content\/uploads\/2020\/09\/Appareil-de-controle.jpg\" alt=\"Controleapparaat\" class=\"wp-image-961\"\/><figcaption class=\"wp-element-caption\">Continue meting<\/figcaption><\/figure>\n<\/div>\n\n\n\n<div class=\"wp-block-column is-layout-flow wp-block-column-is-layout-flow\">\n<figure class=\"wp-block-image aligncenter size-large\"><img decoding=\"async\" width=\"100\" height=\"100\" src=\"https:\/\/obera.fr\/wp-content\/uploads\/2020\/09\/Charbon-actif-100x100-1.jpg\" alt=\"Actieve kool 100x100\" class=\"wp-image-963\"\/><\/figure>\n\n\n\n<p class=\"has-text-align-center\">Actief koolstoffilter<\/p>\n<\/div>\n\n\n\n<div class=\"wp-block-column is-layout-flow wp-block-column-is-layout-flow\">\n<figure class=\"wp-block-image aligncenter size-large\"><img decoding=\"async\" width=\"150\" height=\"150\" src=\"https:\/\/obera.fr\/wp-content\/uploads\/2020\/11\/4-industrie-4-0.jpg\" alt=\"4 Industrie 4 0\" class=\"wp-image-1641\"\/><figcaption class=\"wp-element-caption\">Industrie 4.0<\/figcaption><\/figure>\n<\/div>\n<\/div>\n\n\n\n<hr class=\"wp-block-separator has-css-opacity is-style-dots\"\/>\n\n\n\n<div class=\"wp-block-buttons is-horizontal is-content-justification-center is-layout-flex wp-container-core-buttons-is-layout-03627597 wp-block-buttons-is-layout-flex\">\n<div class=\"wp-block-button has-custom-width wp-block-button__width-100\"><a class=\"wp-block-button__link wp-element-button\" href=\"https:\/\/obera.fr\/nl\/neem-contact-met-ons-op\/\">Meer informatie<\/a><\/div>\n<\/div>\n\n\n\n<h2 class=\"wp-block-heading\" id=\"les-autres-purificateurs-d-air\">Andere luchtreinigers<\/h2>\n\n\n\n<div class=\"wp-block-columns is-layout-flex wp-container-core-columns-is-layout-28f84493 wp-block-columns-is-layout-flex\">\n<div class=\"wp-block-column is-vertically-aligned-center is-layout-flow wp-block-column-is-layout-flow\">\n<figure class=\"wp-block-image aligncenter size-thumbnail\"><a href=\"https:\/\/obera.fr\/produits\/purificateurs-air\/poussieres-epur-b01-ecoprime\/\"><img decoding=\"async\" width=\"150\" height=\"150\" src=\"https:\/\/obera.fr\/wp-content\/uploads\/2020\/09\/epur-b01-ecoprime-150x150.jpg\" alt=\"Epur B01 Ecoprime\" class=\"wp-image-1008\" srcset=\"https:\/\/obera.fr\/wp-content\/uploads\/2020\/09\/epur-b01-ecoprime-150x150.jpg 150w, https:\/\/obera.fr\/wp-content\/uploads\/2020\/09\/epur-b01-ecoprime-300x300.jpg 300w, https:\/\/obera.fr\/wp-content\/uploads\/2020\/09\/epur-b01-ecoprime.jpg 433w\" sizes=\"(max-width: 150px) 100vw, 150px\" \/><\/a><figcaption class=\"wp-element-caption\">ePUR B01 Ecoprime<\/figcaption><\/figure>\n<\/div>\n\n\n\n<div class=\"wp-block-column is-layout-flow wp-block-column-is-layout-flow\">\n<figure class=\"wp-block-image aligncenter size-medium is-resized\"><a href=\"https:\/\/obera.fr\/produits\/purificateurs-air\/professionnel-epur-ca\/\"><img decoding=\"async\" width=\"300\" height=\"300\" src=\"https:\/\/obera.fr\/wp-content\/uploads\/2020\/09\/gamme-epur-ca-300x300.jpg\" alt=\"Epur Ca-reeks\" class=\"wp-image-1015\" style=\"width:150px;height:150px\" srcset=\"https:\/\/obera.fr\/wp-content\/uploads\/2020\/09\/gamme-epur-ca-300x300.jpg 300w, https:\/\/obera.fr\/wp-content\/uploads\/2020\/09\/gamme-epur-ca-150x150.jpg 150w, https:\/\/obera.fr\/wp-content\/uploads\/2020\/09\/gamme-epur-ca.jpg 433w\" sizes=\"(max-width: 300px) 100vw, 300px\" \/><\/a><figcaption class=\"wp-element-caption\">ePUR CA<\/figcaption><\/figure>\n<\/div>\n\n\n\n<div class=\"wp-block-column is-layout-flow wp-block-column-is-layout-flow\">\n<figure class=\"wp-block-image aligncenter size-full\"><a href=\"https:\/\/obera.fr\/produits\/purificateurs-air\/industriel-epur\/\"><img decoding=\"async\" width=\"150\" height=\"150\" src=\"https:\/\/obera.fr\/wp-content\/uploads\/2023\/05\/gamme-epur.png\" alt=\"Assortiment epur\" class=\"wp-image-22632\"\/><\/a><figcaption class=\"wp-element-caption\">ePUR<\/figcaption><\/figure>\n<\/div>\n\n\n\n<div class=\"wp-block-column is-layout-flow wp-block-column-is-layout-flow\">\n<figure class=\"wp-block-image aligncenter size-full is-resized\"><a href=\"https:\/\/obera.fr\/produits\/purificateurs-air\/purificateur-rafraichisseur-epur150-fresh\/\"><img decoding=\"async\" width=\"150\" height=\"150\" src=\"https:\/\/obera.fr\/wp-content\/uploads\/2023\/04\/epur150-fresh-4.png\" alt=\"epur150 vers (4)\" class=\"wp-image-22427\" style=\"width:150px;height:150px\"\/><\/a><figcaption class=\"wp-element-caption\">ePUR150 FRESH<\/figcaption><\/figure>\n<\/div>\n<\/div>\n","protected":false},"excerpt":{"rendered":"<p>Luchtbehandelingskast zonder leidingen of montage De FILTOWER luchtreiniger wordt vaak gebruikt, in combinatie met een afzuigsysteem aan de bron, om stof, lasrook en olienevel af te zuigen en te filteren. FILTOWER wordt gebruikt voor : Units in de FILTOWER serie kunnen tot 70% besparen op verwarmingskosten, omdat de warmte van de gefilterde lucht weer in het gebouw wordt gebracht. Voordelen Speciale functies Kenmerken Toepassingen Verontreinigende stoffen Industrie Technische specificaties Apparaat FILTOWER 100 FILTOWER 160 FILTOWER 200 Stroom m3\/u 10 000 15 000 20 000 maximale onderdruk Pa 2 800 2 800 2 800 Voedingsspanning V 400 400 400 Stroom kW &#8230; <\/p>\n<p class=\"read-more-container\"><a title=\"Filtower luchtreiniger\" class=\"read-more button\" href=\"https:\/\/obera.fr\/nl\/produits\/purificateurs-air\/filtower\/#more-44129\" aria-label=\"Lees meer over Filtower luchtreiniger\">Lire la suite<\/a><\/p>\n","protected":false},"author":4,"featured_media":83736,"parent":37684,"menu_order":0,"comment_status":"closed","ping_status":"closed","template":"","meta":{"_acf_changed":false,"_seopress_robots_primary_cat":"","_seopress_titles_title":"Ontdek de Filtower luchtreiniger van OberA","_seopress_titles_desc":"oberA's FILTOWER luchtreiniger wordt gebruikt om stof, lasrook en olienevel af te zuigen en te filteren.","_seopress_robots_index":"","footnotes":""},"class_list":{"0":"post-44129","1":"page","2":"type-page","3":"status-publish","4":"has-post-thumbnail","6":"no-featured-image-padding","7":"resize-featured-image"},"acf":[],"_links":{"self":[{"href":"https:\/\/obera.fr\/nl\/wp-json\/wp\/v2\/pages\/44129","targetHints":{"allow":["GET"]}}],"collection":[{"href":"https:\/\/obera.fr\/nl\/wp-json\/wp\/v2\/pages"}],"about":[{"href":"https:\/\/obera.fr\/nl\/wp-json\/wp\/v2\/types\/page"}],"author":[{"embeddable":true,"href":"https:\/\/obera.fr\/nl\/wp-json\/wp\/v2\/users\/4"}],"replies":[{"embeddable":true,"href":"https:\/\/obera.fr\/nl\/wp-json\/wp\/v2\/comments?post=44129"}],"version-history":[{"count":4,"href":"https:\/\/obera.fr\/nl\/wp-json\/wp\/v2\/pages\/44129\/revisions"}],"predecessor-version":[{"id":71693,"href":"https:\/\/obera.fr\/nl\/wp-json\/wp\/v2\/pages\/44129\/revisions\/71693"}],"up":[{"embeddable":true,"href":"https:\/\/obera.fr\/nl\/wp-json\/wp\/v2\/pages\/37684"}],"wp:featuredmedia":[{"embeddable":true,"href":"https:\/\/obera.fr\/nl\/wp-json\/wp\/v2\/media\/83736"}],"wp:attachment":[{"href":"https:\/\/obera.fr\/nl\/wp-json\/wp\/v2\/media?parent=44129"}],"curies":[{"name":"wp","href":"https:\/\/api.w.org\/{rel}","templated":true}]}}