{"id":44156,"date":"2020-08-26T12:41:56","date_gmt":"2020-08-26T10:41:56","guid":{"rendered":"https:\/\/obera.fr\/onze-producten\/industriele-luchtreinigers\/epur-b01-ecoprime-stof-luchtreiniger\/"},"modified":"2025-03-07T16:38:44","modified_gmt":"2025-03-07T14:38:44","slug":"epur-b01-ecoprime-stof-luchtreiniger","status":"publish","type":"page","link":"https:\/\/obera.fr\/nl\/produits\/purificateurs-air\/epur-b01-ecoprime-stof-luchtreiniger\/","title":{"rendered":"ePUR B01 Ecoprime stof luchtreiniger"},"content":{"rendered":"\n<p><strong>ePUR B01 Ecoprime<\/strong> is een <a href=\"https:\/\/obera.fr\/nl\/produits\/purificateurs-air\/\" data-type=\"page\" data-id=\"26\">professionele luchtreiniger<\/a> voor kleine volumes.<\/p>\n\n\n\n\n\n\n<h2 class=\"wp-block-heading\" id=\"comment-fonctionne-notre-purificateur-d-air\">Hoe werkt onze luchtreiniger?<\/h2>\n\n\n\n<div class=\"wp-block-columns is-layout-flex wp-container-core-columns-is-layout-28f84493 wp-block-columns-is-layout-flex\">\n<div class=\"wp-block-column is-layout-flow wp-block-column-is-layout-flow\" style=\"flex-basis:33.33%\">\n<figure class=\"wp-block-image aligncenter size-medium\"><img decoding=\"async\" width=\"300\" height=\"300\" src=\"https:\/\/obera.fr\/wp-content\/uploads\/2020\/09\/epur-b01-ecoprime-300x300.jpg\" alt=\"Epur B01 Ecoprime\" class=\"wp-image-1008\" srcset=\"https:\/\/obera.fr\/wp-content\/uploads\/2020\/09\/epur-b01-ecoprime-300x300.jpg 300w, https:\/\/obera.fr\/wp-content\/uploads\/2020\/09\/epur-b01-ecoprime-150x150.jpg 150w, https:\/\/obera.fr\/wp-content\/uploads\/2020\/09\/epur-b01-ecoprime.jpg 433w\" sizes=\"(max-width: 300px) 100vw, 300px\" \/><\/figure>\n<\/div>\n\n\n\n<div class=\"wp-block-column is-layout-flow wp-block-column-is-layout-flow\" style=\"flex-basis:66.66%\">\n<p>De manier waarop het werkt is eenvoudig: vervuilde lucht wordt aangezogen aan de bovenkant van de unit, gaat dan door verschillende lagen van filtratie binnenin de unit, voordat het aan de onderkant rechtstreeks in je werkruimte wordt afgevoerd.<\/p>\n\n\n\n<h3 class=\"wp-block-heading\" id=\"a-quelles-utilisations-convient-il\">Wat zijn de toepassingen?<\/h3>\n\n\n\n<p>Deze <strong>luchtbehandelingsunit<\/strong> is geschikt voor vrijwel alle soorten bedrijven. Het zal effectief zijn in kleine en middelgrote ruimtes, zoals kantoren, vergaderzalen, kapsalons, nagelsalons, hotels, stomerijen, sporthallen, dokterspraktijken, tandartsen, EPHAD, ambachtslieden en scholen, enz. <\/p>\n\n\n\n<div class=\"wp-block-columns is-layout-flex wp-container-core-columns-is-layout-28f84493 wp-block-columns-is-layout-flex\">\n<div class=\"wp-block-column is-layout-flow wp-block-column-is-layout-flow\" style=\"flex-basis:33.34%\">\n<div class=\"wp-block-buttons is-content-justification-center is-layout-flex wp-container-core-buttons-is-layout-a89b3969 wp-block-buttons-is-layout-flex\">\n<div class=\"wp-block-button\"><a class=\"wp-block-button__link wp-element-button\" href=\"https:\/\/obera.fr\/wp-content\/uploads\/2025\/03\/ecoprime-en.pdf\">Download de brochure<\/a><\/div>\n<\/div>\n<\/div>\n\n\n\n<div class=\"wp-block-column is-layout-flow wp-block-column-is-layout-flow\" style=\"flex-basis:33.34%\">\n<div class=\"wp-block-buttons is-horizontal is-content-justification-center is-layout-flex wp-container-core-buttons-is-layout-03627597 wp-block-buttons-is-layout-flex\">\n<div class=\"wp-block-button\"><a class=\"wp-block-button__link\" href=\"https:\/\/boutique.obera.fr\/22-acheter-purificateur-air-epur-b01-ecoprime-poussieres.html\" target=\"_blank\" rel=\"noreferrer noopener\">Acheter Epur B01 Ecoprime \u00e0 880,80\u20ac TTC<\/a><\/div>\n<\/div>\n<\/div>\n\n\n\n<div class=\"wp-block-column is-layout-flow wp-block-column-is-layout-flow\" style=\"flex-basis:33.33%\">\n<div class=\"wp-block-buttons is-content-justification-center is-layout-flex wp-container-core-buttons-is-layout-a89b3969 wp-block-buttons-is-layout-flex\">\n<div class=\"wp-block-button btn-devis-source\"><a class=\"wp-block-button__link wp-element-button\" href=\"https:\/\/obera.fr\/nl\/devis\/\">Een offerte aanvragen<\/a><\/div>\n<\/div>\n\n\n<script>\r\ndocument.addEventListener('DOMContentLoaded', function() {\r\n    \/\/ 1. On cherche le titre H1 de la page\r\n    var h1 = document.querySelector('h1');\r\n    var productTitle = h1 ? h1.innerText.trim() : \"\";\r\n\r\n    \/\/ 2. On cherche les boutons via la classe CSS .btn-devis-source\r\n    var buttons = document.querySelectorAll('.btn-devis-source a');\r\n\r\n    \/\/ 3. Si on a le titre et les boutons, on ajoute le param\u00e8tre\r\n    if (buttons.length > 0 && productTitle !== \"\") {\r\n        var encodedTitle = encodeURIComponent(productTitle);\r\n\r\n        buttons.forEach(function(btn) {\r\n            var currentHref = btn.getAttribute('href');\r\n            \r\n            \/\/ S\u00e9curit\u00e9 pour ne pas ajouter le param\u00e8tre 2 fois\r\n            if (currentHref.indexOf('sujet=') === -1) {\r\n                var separator = currentHref.indexOf('?') !== -1 ? '&' : '?';\r\n                var newLink = currentHref + separator + 'sujet=' + encodedTitle;\r\n                \r\n                btn.setAttribute('href', newLink);\r\n            }\r\n        });\r\n    }\r\n});\r\n<\/script><\/div>\n<\/div>\n<\/div>\n<\/div>\n\n\n\n<h2 class=\"wp-block-heading\" id=\"quels-polluants-puis-je-traiter-avec-le-purificateur-d-air-epur-b01-ecoprime\">Welke vervuilende stoffen kan ik behandelen met de ePUR B01 Ecoprime luchtreiniger?<\/h2>\n\n\n\n<p>De ePUR B01 Ecoprime luchtreiniger kan worden uitgerust met verschillende filterconfiguraties. Standaard bevat het een moleculaire filtratiefase met actieve kool voor <strong>gasvormige verontreinigingen<\/strong> (VOC&#8217;s, geuren, formaldehyden, enz.) en een <strong>filtratiefase met deeltjes (<\/strong> klasse F tot HEPA verzadigingsfilter) om fijn stof, gasvormige verontreinigingen, geuren, VOC&#8217;s en in de lucht aanwezige virussen en bacteri\u00ebn te behandelen. <\/p>\n\n\n\n<div class=\"wp-block-buttons is-horizontal is-content-justification-center is-layout-flex wp-container-core-buttons-is-layout-03627597 wp-block-buttons-is-layout-flex\">\n<div class=\"wp-block-button has-custom-width wp-block-button__width-100\"><a class=\"wp-block-button__link wp-element-button\" href=\"https:\/\/obera.fr\/nl\/neem-contact-met-ons-op\/\">Meer informatie<\/a><\/div>\n<\/div>\n\n\n\n<div style=\"height:20px\" aria-hidden=\"true\" class=\"wp-block-spacer\"><\/div>\n\n\n\n<div class=\"wp-block-columns is-layout-flex wp-container-core-columns-is-layout-28f84493 wp-block-columns-is-layout-flex\">\n<div class=\"wp-block-column is-layout-flow wp-block-column-is-layout-flow\">\n<h3 class=\"wp-block-heading has-text-align-center\" id=\"polluants\">Verontreinigende stoffen<\/h3>\n\n\n\n<hr class=\"wp-block-separator has-css-opacity is-style-wide\"\/>\n\n\n\n<div class=\"wp-block-columns is-layout-flex wp-container-core-columns-is-layout-28f84493 wp-block-columns-is-layout-flex\">\n<div class=\"wp-block-column is-layout-flow wp-block-column-is-layout-flow\">\n<figure class=\"wp-block-image aligncenter size-large\"><img decoding=\"async\" width=\"70\" height=\"70\" src=\"https:\/\/obera.fr\/wp-content\/uploads\/2020\/08\/polluants-poussieres.jpg\" alt=\"Verontreinigende stoffen Stof\" class=\"wp-image-675\"\/><figcaption class=\"wp-element-caption\">Stof<\/figcaption><\/figure>\n<\/div>\n\n\n\n<div class=\"wp-block-column is-layout-flow wp-block-column-is-layout-flow\">\n<figure class=\"wp-block-image aligncenter size-large\"><img decoding=\"async\" width=\"70\" height=\"70\" src=\"https:\/\/obera.fr\/wp-content\/uploads\/2020\/10\/industrie-aerosols.jpg\" alt=\"Industrie spuitbussen\" class=\"wp-image-1201\"\/><figcaption class=\"wp-element-caption\">Spuitbussen<\/figcaption><\/figure>\n<\/div>\n<\/div>\n\n\n\n<p><\/p>\n<\/div>\n\n\n\n<div class=\"wp-block-column is-layout-flow wp-block-column-is-layout-flow\">\n<h3 class=\"wp-block-heading has-text-align-center\" id=\"industries\">Industrie<\/h3>\n\n\n\n<hr class=\"wp-block-separator has-css-opacity is-style-wide\"\/>\n\n\n\n<p>Geschikt voor alle soorten bedrijven en onmisbaar in :<\/p>\n\n\n\n<ul class=\"wp-block-list\">\n<li>Kantoren en vergaderzalen<\/li>\n\n\n\n<li>Open ruimtes<\/li>\n\n\n\n<li>Ambachtslieden<\/li>\n\n\n\n<li>Kappers<\/li>\n\n\n\n<li>Nagelkunst<\/li>\n\n\n\n<li>Handel in elektronische sigaretten en e-sigaretvloeistoffen<\/li>\n\n\n\n<li>Medische praktijken<\/li>\n\n\n\n<li>Tandartsen<\/li>\n\n\n\n<li>Tandtechnici<\/li>\n\n\n\n<li>EPHAD<\/li>\n\n\n\n<li>Opticiens<\/li>\n\n\n\n<li>Hotels<\/li>\n\n\n\n<li>Restaurants<\/li>\n\n\n\n<li>Confectiewinkels<\/li>\n\n\n\n<li>Druk op<\/li>\n\n\n\n<li>Sport- en fitnesscentra<\/li>\n\n\n\n<li>Primeurs<\/li>\n\n\n\n<li>Kinderdagverblijven en scholen<\/li>\n<\/ul>\n<\/div>\n<\/div>\n\n\n\n<h2 class=\"wp-block-heading\" id=\"quelles-sont-les-caracteristiques-du-purificateur-d-air-epur-b01-ecoprime\">Wat zijn de kenmerken van de ePUR B01 Ecoprime luchtreiniger?<\/h2>\n\n\n\n<figure class=\"wp-block-image alignright size-medium\"><img decoding=\"async\" width=\"300\" height=\"206\" src=\"https:\/\/obera.fr\/wp-content\/uploads\/2020\/10\/epur-ecoprime-300x206.jpg\" alt=\"Epur Ecoprime\" class=\"wp-image-1240\" srcset=\"https:\/\/obera.fr\/wp-content\/uploads\/2020\/10\/epur-ecoprime-300x206.jpg 300w, https:\/\/obera.fr\/wp-content\/uploads\/2020\/10\/epur-ecoprime-768x528.jpg 768w, https:\/\/obera.fr\/wp-content\/uploads\/2020\/10\/epur-ecoprime.jpg 900w\" sizes=\"(max-width: 300px) 100vw, 300px\" \/><figcaption class=\"wp-element-caption\">EcoPrime<\/figcaption><\/figure>\n\n\n\n<p>Dit apparaat heeft een <strong>hoogrendement deeltjesfilter ge\u00efmpregneerd met koolstof<\/strong>, waardoor het meer dan 99,9% van de stofdeeltjes en gasvormige verontreinigingen opvangt. Het vermogen is volledig regelbaar, zodat je het debiet kunt aanpassen aan je behoeften. Dankzij de compacte afmetingen van 25x25x33 cm past het apparaat zelfs in de kleinste werkomgeving.    <\/p>\n\n\n\n<p>Het kan effectief verontreinigingen behandelen van een oppervlakte tot 60m\u00b2. Hij is energiezuinig, met een A+ rating van slechts 14W. De ePUR B01 Ecoprime luchtreiniger is <strong>stil<\/strong>, met een laag geluidsniveau van 48db op vol vermogen, zodat je hem zo dicht mogelijk bij je kunt plaatsen zonder je te storen.  <\/p>\n\n\n\n<h2 class=\"wp-block-heading\" id=\"quels-sont-ses-avantages\"><strong>Wat zijn de voordelen?<\/strong><\/h2>\n\n\n\n<p>Ten eerste beschermt de luchtreiniger werknemers tegen fijne deeltjes en andere gasvormige verontreinigingen, waardoor alle soorten long- en hartaandoeningen worden voorkomen. <strong>HEPA-filtratie<\/strong> elimineert ook virussen, bacteri\u00ebn en sporen om epidemie\u00ebn veroorzaakt door ziekteverwekkers, in de lucht zwevende agentia en allergenen te beperken. <\/p>\n\n\n\n<p>Er is ook een voordeel op het gebied van schoonmaakkosten. Het apparaat behandelt stof en andere vervuilende stoffen die zich anders in je werkruimte zouden nestelen. Bovendien vereist het vrijwel geen onderhoud. Afhankelijk van het gebruik en de hoeveelheid verontreinigende stoffen in de ruimte, hoeven de filters maar \u00e9\u00e9n keer per jaar vervangen te worden. Deze compacte luchtreiniger met zijn slanke, moderne design zal in elke kamer goed staan.    <\/p>\n\n\n\n<p>In sommige gevallen wordt onze professionele luchtreiniger gebruikt om te voldoen aan de grenswaarde voor beroepsmatige blootstelling (OEL).<\/p>\n\n\n\n<div class=\"wp-block-columns is-layout-flex wp-container-core-columns-is-layout-28f84493 wp-block-columns-is-layout-flex\">\n<div class=\"wp-block-column is-layout-flow wp-block-column-is-layout-flow\">\n<h3 class=\"wp-block-heading has-text-align-center\" id=\"avantages\">Voordelen<\/h3>\n\n\n\n<ul class=\"wp-block-list\">\n<li>Synthetisch HEPA-filter ge\u00efmpregneerd met zeer effici\u00ebnte actieve kool.<\/li>\n\n\n\n<li>Energiebesparing: max. 14W <\/li>\n\n\n\n<li>Maximale effici\u00ebntie tot 60m\u00b2.<\/li>\n<\/ul>\n<\/div>\n\n\n\n<div class=\"wp-block-column is-layout-flow wp-block-column-is-layout-flow\">\n<h3 class=\"wp-block-heading has-text-align-center\" id=\"particularites\">Speciale functies<\/h3>\n\n\n\n<ul class=\"wp-block-list\">\n<li>Vermogen instelbaar van 0 tot 100%.<\/li>\n\n\n\n<li>Een modern, overzichtelijk ontwerp<\/li>\n\n\n\n<li>Compact 25cm x 25cm x 33cm<\/li>\n\n\n\n<li>Stil: max. 48 dB bij vol vermogen <\/li>\n<\/ul>\n<\/div>\n\n\n\n<div class=\"wp-block-column is-layout-flow wp-block-column-is-layout-flow\">\n<h3 class=\"wp-block-heading has-text-align-center\" id=\"caracteristiques\">Kenmerken<\/h3>\n\n\n\n<ul class=\"wp-block-list\">\n<li>Meer dan 99,9% filtratie van fijne deeltjes en vluchtige organische stoffen (VOC&#8217;s)<\/li>\n\n\n\n<li>Filtert virussen, bacteri\u00ebn en sporen uit: helpt epidemie\u00ebn veroorzaakt door ziekteverwekkers in de lucht te beperken<\/li>\n<\/ul>\n<\/div>\n<\/div>\n\n\n\n<div class=\"wp-block-buttons is-horizontal is-content-justification-center is-layout-flex wp-container-core-buttons-is-layout-03627597 wp-block-buttons-is-layout-flex\">\n<div class=\"wp-block-button has-custom-width wp-block-button__width-100\"><a class=\"wp-block-button__link wp-element-button\" href=\"https:\/\/obera.fr\/nl\/neem-contact-met-ons-op\/\">Meer informatie<\/a><\/div>\n<\/div>\n\n\n\n<h2 class=\"wp-block-heading\" id=\"exemples-de-domaine-d-application-pour-le-epur-b01-ecoprime\">Voorbeelden van toepassingen voor ePUR B01 Ecoprime :<\/h2>\n\n\n\n<h3 class=\"wp-block-heading\" id=\"secteur-medical-hopitaux-ehpad-veterinaires-pedicures-podologues-dentistes-et-prothesistes-dentaires-cabinets-medicaux-espaces-funeraires\">Medische sector (ziekenhuizen, verpleeghuizen, dierenartsen, podologen, tandartsen en tandtechnici, dokterspraktijken, begrafenisondernemingen)<\/h3>\n\n\n\n<p>De behoeften zijn divers:<\/p>\n\n\n\n<ul class=\"wp-block-list\">\n<li>Verbetering van de luchtkwaliteit om <strong>besmetting via de lucht te verminderen<\/strong>(virussen, bacteri\u00ebn)<\/li>\n\n\n\n<li>Desinfecteer en <strong>voorkom de verspreiding van virussen<\/strong>, bacteri\u00ebn, enz.<\/li>\n\n\n\n<li>Vervelende geuren elimineren en <strong>verschillende vormen van geurvervuiling neutraliseren<\/strong><\/li>\n\n\n\n<li><strong>Stofniveaus<\/strong> van stofproducerende activiteiten <strong>verminderen<\/strong> <\/li>\n<\/ul>\n\n\n\n<h2 class=\"wp-block-heading\" id=\"les-autres-purificateur-d-air-de-la-marque-obera\">Andere luchtreinigers van het merk oberA<\/h2>\n\n\n\n<div class=\"wp-block-columns is-layout-flex wp-container-core-columns-is-layout-28f84493 wp-block-columns-is-layout-flex\">\n<div class=\"wp-block-column is-layout-flow wp-block-column-is-layout-flow\">\n<figure class=\"wp-block-image aligncenter size-medium is-resized\"><a href=\"https:\/\/obera.fr\/nl\/produits\/purificateurs-air\/filtower\/\"><img decoding=\"async\" width=\"300\" height=\"300\" src=\"https:\/\/obera.fr\/wp-content\/uploads\/2020\/09\/FILTOWER-SF-300x300.png\" alt=\"Filtower Sf\" class=\"wp-image-1017\" style=\"width:150px;height:150px\" srcset=\"https:\/\/obera.fr\/wp-content\/uploads\/2020\/09\/FILTOWER-SF-300x300.png 300w, https:\/\/obera.fr\/wp-content\/uploads\/2020\/09\/FILTOWER-SF-150x150.png 150w, https:\/\/obera.fr\/wp-content\/uploads\/2020\/09\/FILTOWER-SF.png 600w\" sizes=\"(max-width: 300px) 100vw, 300px\" \/><\/a><figcaption class=\"wp-element-caption\">Filtower<\/figcaption><\/figure>\n<\/div>\n\n\n\n<div class=\"wp-block-column is-layout-flow wp-block-column-is-layout-flow\">\n<figure class=\"wp-block-image aligncenter size-medium is-resized\"><a href=\"https:\/\/obera.fr\/nl\/produits\/purificateurs-air\/professionnel-epur-ca\/\"><img decoding=\"async\" width=\"300\" height=\"300\" src=\"https:\/\/obera.fr\/wp-content\/uploads\/2020\/09\/gamme-epur-ca-300x300.jpg\" alt=\"Epur Ca-reeks\" class=\"wp-image-1015\" style=\"width:150px;height:150px\" srcset=\"https:\/\/obera.fr\/wp-content\/uploads\/2020\/09\/gamme-epur-ca-300x300.jpg 300w, https:\/\/obera.fr\/wp-content\/uploads\/2020\/09\/gamme-epur-ca-150x150.jpg 150w, https:\/\/obera.fr\/wp-content\/uploads\/2020\/09\/gamme-epur-ca.jpg 433w\" sizes=\"(max-width: 300px) 100vw, 300px\" \/><\/a><figcaption class=\"wp-element-caption\">ePUR CA<\/figcaption><\/figure>\n<\/div>\n\n\n\n<div class=\"wp-block-column is-layout-flow wp-block-column-is-layout-flow\">\n<figure class=\"wp-block-image aligncenter size-full\"><a href=\"https:\/\/obera.fr\/nl\/produits\/purificateurs-air\/industriel-epur\/\"><img decoding=\"async\" width=\"150\" height=\"150\" src=\"https:\/\/obera.fr\/wp-content\/uploads\/2023\/05\/gamme-epur.png\" alt=\"Assortiment epur\" class=\"wp-image-22632\"\/><\/a><figcaption class=\"wp-element-caption\">ePUR<\/figcaption><\/figure>\n<\/div>\n\n\n\n<div class=\"wp-block-column is-layout-flow wp-block-column-is-layout-flow\">\n<figure class=\"wp-block-image aligncenter size-full\"><a href=\"https:\/\/obera.fr\/nl\/produits\/purificateurs-air\/purificateur-rafraichisseur-epur150-fresh\/\"><img decoding=\"async\" width=\"150\" height=\"150\" src=\"https:\/\/obera.fr\/wp-content\/uploads\/2023\/04\/epur150-fresh-4.png\" alt=\"epur150 vers (4)\" class=\"wp-image-22427\"\/><\/a><figcaption class=\"wp-element-caption\">ePUR150 FRESH<\/figcaption><\/figure>\n<\/div>\n<\/div>\n","protected":false},"excerpt":{"rendered":"<p>ePUR B01 Ecoprime is een professionele luchtreiniger voor kleine volumes. Hoe werkt onze luchtreiniger? De manier waarop het werkt is eenvoudig: vervuilde lucht wordt aangezogen aan de bovenkant van de unit, gaat dan door verschillende lagen van filtratie binnenin de unit, voordat het aan de onderkant rechtstreeks in je werkruimte wordt afgevoerd. Wat zijn de toepassingen? Deze luchtbehandelingsunit is geschikt voor vrijwel alle soorten bedrijven. Het zal effectief zijn in kleine en middelgrote ruimtes, zoals kantoren, vergaderzalen, kapsalons, nagelsalons, hotels, stomerijen, sporthallen, dokterspraktijken, tandartsen, EPHAD, ambachtslieden en scholen, enz. Welke vervuilende stoffen kan ik behandelen met de ePUR B01 Ecoprime &#8230; <\/p>\n<p class=\"read-more-container\"><a title=\"ePUR B01 Ecoprime stof luchtreiniger\" class=\"read-more button\" href=\"https:\/\/obera.fr\/nl\/produits\/purificateurs-air\/epur-b01-ecoprime-stof-luchtreiniger\/#more-44156\" aria-label=\"Lees meer over ePUR B01 Ecoprime stof luchtreiniger\">Lire la suite<\/a><\/p>\n","protected":false},"author":4,"featured_media":83736,"parent":37684,"menu_order":0,"comment_status":"closed","ping_status":"closed","template":"","meta":{"_acf_changed":false,"_seopress_robots_primary_cat":"","_seopress_titles_title":"ePUR B01 Ecoprime stof luchtreiniger - oberA","_seopress_titles_desc":"De Ecoprime ePUR B01 luchtreiniger is uitgerust met verschillende filterconfiguraties. Deze luchtreiniger is geschikt voor alle bedrijven","_seopress_robots_index":"","footnotes":""},"class_list":{"0":"post-44156","1":"page","2":"type-page","3":"status-publish","4":"has-post-thumbnail","6":"no-featured-image-padding","7":"resize-featured-image"},"acf":[],"_links":{"self":[{"href":"https:\/\/obera.fr\/nl\/wp-json\/wp\/v2\/pages\/44156","targetHints":{"allow":["GET"]}}],"collection":[{"href":"https:\/\/obera.fr\/nl\/wp-json\/wp\/v2\/pages"}],"about":[{"href":"https:\/\/obera.fr\/nl\/wp-json\/wp\/v2\/types\/page"}],"author":[{"embeddable":true,"href":"https:\/\/obera.fr\/nl\/wp-json\/wp\/v2\/users\/4"}],"replies":[{"embeddable":true,"href":"https:\/\/obera.fr\/nl\/wp-json\/wp\/v2\/comments?post=44156"}],"version-history":[{"count":2,"href":"https:\/\/obera.fr\/nl\/wp-json\/wp\/v2\/pages\/44156\/revisions"}],"predecessor-version":[{"id":71713,"href":"https:\/\/obera.fr\/nl\/wp-json\/wp\/v2\/pages\/44156\/revisions\/71713"}],"up":[{"embeddable":true,"href":"https:\/\/obera.fr\/nl\/wp-json\/wp\/v2\/pages\/37684"}],"wp:featuredmedia":[{"embeddable":true,"href":"https:\/\/obera.fr\/nl\/wp-json\/wp\/v2\/media\/83736"}],"wp:attachment":[{"href":"https:\/\/obera.fr\/nl\/wp-json\/wp\/v2\/media?parent=44156"}],"curies":[{"name":"wp","href":"https:\/\/api.w.org\/{rel}","templated":true}]}}