{"id":45142,"date":"2024-04-05T22:55:29","date_gmt":"2024-04-05T20:55:29","guid":{"rendered":"https:\/\/obera.fr\/w2-xr-industriele-stofzuiger\/"},"modified":"2025-11-15T17:24:09","modified_gmt":"2025-11-15T15:24:09","slug":"w2-xr-atex-22","status":"publish","type":"page","link":"https:\/\/obera.fr\/nl\/produits\/aspirateurs-industriels\/w2-xr-atex-22\/","title":{"rendered":"W2 XR industri\u00eble stofzuiger"},"content":{"rendered":"\n<p>Ontdek de W2 XR industri\u00eble stofzuiger voor explosiebestendig zuigen van vaste stoffen en vloeistoffen. Compacte, mobiele apparatuur met hoge prestaties om het risico op ontsteking en explosie in uw productie-eenheden te verminderen.<\/p>\n\n<h2 class=\"wp-block-heading\">W2 XR industri\u00eble stofzuiger met ATEX Zone 22 certificering: principe en toepassing<\/h2>\n\n<div class=\"wp-block-columns is-layout-flex wp-container-core-columns-is-layout-28f84493 wp-block-columns-is-layout-flex\">\n<div class=\"wp-block-column is-layout-flow wp-block-column-is-layout-flow\" style=\"flex-basis:33.33%\">\n<figure class=\"wp-block-image size-full is-resized\"><img decoding=\"async\" width=\"566\" height=\"671\" src=\"https:\/\/obera.fr\/wp-content\/uploads\/2024\/10\/w2-xr-2.png\" alt=\"Industri&#xEB;le stofzuigers\" class=\"wp-image-35431\" style=\"object-fit:cover;width:300px;height:300px\" srcset=\"https:\/\/obera.fr\/wp-content\/uploads\/2024\/10\/w2-xr-2.png 566w, https:\/\/obera.fr\/wp-content\/uploads\/2024\/10\/w2-xr-2-253x300.png 253w\" sizes=\"(max-width: 566px) 100vw, 566px\" \/><\/figure>\n<\/div>\n\n\n\n<div class=\"wp-block-column is-layout-flow wp-block-column-is-layout-flow\" style=\"flex-basis:66.66%\">\n<p>De <strong>industri\u00eble nat- en droogzuiger W2 XR<\/strong> is ontworpen voor het opzuigen van explosieveilige vaste en vloeibare materialen. De constructie is ontworpen om de opbouw van statische elektriciteit te voorkomen dankzij het antistatische polyester zakkenfilter (bescherming van de filtereenheid). Om oververhitting te voorkomen, beschikt het apparaat over een borstelloze eenfasemotor, die minder warmte en wrijving genereert dan een borstelmotor. Een ontwerp dat volledig voldoet aan de ATEX-regelgeving in zones van klasse 22.<\/p>\n\n\n\n<p>Voor welk gebruik? De W2 XR-serie is gekalibreerd om risico&#8217;s in explosieve atmosferen te minimaliseren: chemische fabrieken, voedselverwerkende bedrijven, houtverwerkende bedrijven, metaalverwerkende bedrijven, energieproductie&#8230; De industri\u00eble stofzuiger W2 XR voldoet aan de eisen van alle soorten industrie\u00ebn die brandbaar stof genereren dat bovendien schadelijk is voor de gezondheid van de operators.<\/p>\n\n\n\n<div class=\"wp-block-columns is-layout-flex wp-container-core-columns-is-layout-28f84493 wp-block-columns-is-layout-flex\">\n<div class=\"wp-block-column is-layout-flow wp-block-column-is-layout-flow\">\n<div class=\"wp-block-buttons is-layout-flex wp-block-buttons-is-layout-flex\">\n<div class=\"wp-block-button\"><a class=\"wp-block-button__link wp-element-button\" href=\"https:\/\/obera.fr\/wp-content\/uploads\/2025\/06\/brochure-w2-xr-fr.pdf\">DOWNLOAD DE BROCHURE<\/a><\/div>\n<\/div>\n<\/div>\n\n\n\n<div class=\"wp-block-column is-layout-flow wp-block-column-is-layout-flow\">\n<div class=\"wp-block-buttons is-layout-flex wp-block-buttons-is-layout-flex\">\n<div class=\"wp-block-button\"><a class=\"wp-block-button__link wp-element-button\" href=\"https:\/\/obera.fr\/nl\/contact\/\">PERSOONLIJK ADVIES NODIG?<\/a><\/div>\n<\/div>\n<\/div>\n\n\n\n<div class=\"wp-block-column is-layout-flow wp-block-column-is-layout-flow\">\n<div class=\"wp-block-buttons is-content-justification-center is-layout-flex wp-container-core-buttons-is-layout-a89b3969 wp-block-buttons-is-layout-flex\">\n<div class=\"wp-block-button btn-devis-source\"><a class=\"wp-block-button__link wp-element-button\" href=\"https:\/\/obera.fr\/nl\/devis\/\">Een offerte aanvragen<\/a><\/div>\n<\/div>\n\n\n<script>\r\ndocument.addEventListener('DOMContentLoaded', function() {\r\n    \/\/ 1. On cherche le titre H1 de la page\r\n    var h1 = document.querySelector('h1');\r\n    var productTitle = h1 ? h1.innerText.trim() : \"\";\r\n\r\n    \/\/ 2. On cherche les boutons via la classe CSS .btn-devis-source\r\n    var buttons = document.querySelectorAll('.btn-devis-source a');\r\n\r\n    \/\/ 3. Si on a le titre et les boutons, on ajoute le param\u00e8tre\r\n    if (buttons.length > 0 && productTitle !== \"\") {\r\n        var encodedTitle = encodeURIComponent(productTitle);\r\n\r\n        buttons.forEach(function(btn) {\r\n            var currentHref = btn.getAttribute('href');\r\n            \r\n            \/\/ S\u00e9curit\u00e9 pour ne pas ajouter le param\u00e8tre 2 fois\r\n            if (currentHref.indexOf('sujet=') === -1) {\r\n                var separator = currentHref.indexOf('?') !== -1 ? '&' : '?';\r\n                var newLink = currentHref + separator + 'sujet=' + encodedTitle;\r\n                \r\n                btn.setAttribute('href', newLink);\r\n            }\r\n        });\r\n    }\r\n});\r\n<\/script><\/div>\n<\/div>\n<\/div>\n<\/div>\n\n<h2 class=\"wp-block-heading\">Wat zijn de technische specificaties van de W2 XR industri\u00eble stofzuiger?<\/h2>\n\n<p>De industri\u00eble stofzuiger W2 XR produceert een luchtstroom tot 215 m\u00b3\/u en een vermogen van 1,1 kW, wat hem een hoge zuigkracht geeft. Hij is uitgerust met een verticaal bewegend filterreinigingssysteem om het reinigen te vergemakkelijken en een maximale levensduur te garanderen. De <a href=\"https:\/\/obera.fr\/nl\/produits\/aspirateurs-industriels\/\" data-type=\"page\" data-id=\"41\">stofzuiger<\/a> heeft een tank van 40 L en is voorzien van een afneembaar leegsysteem om de container naar het afvalverwijderingspunt te verplaatsen. Om aan de eisen van alle industrie\u00ebn te voldoen, zijn de zuig-, filter- en opvangeenheden van roestvrij staal.<\/p>\n\n<p>Binnenin is de zuigeenheid geluiddempend en wordt de filtereenheid beschermd door een antistatisch polyester zakfilter. Het afzuigsysteem heeft een inlaat met een diameter van 50 cm die onder het filter is geplaatst, waardoor het tegelijkertijd stof, vaste stoffen en vloeistoffen kan opzuigen.<\/p>\n\n<p>Bonus voor schoonmaakprofessionals: de stofzuiger wordt geleverd met accessoires zoals een flexibele zuigslang, telescoopsteel, borstels en kierenzuiger.<\/p>\n\n<blockquote class=\"wp-block-quote is-layout-flow wp-block-quote-is-layout-flow\">\n<p>Wat zijn de opties? De ATEX-versie van de W2 XR stofzuiger heeft een aantal opties om aan je behoeften te voldoen: nomex filter (hittebestendig tot 250\u00b0), Hepa H14 absoluut filter, accessoirekorf, klasse M filter, M PTFE, M water-oleofoob Teflon, klasse L en M antistatisch, roestvrijstalen container en filterkamer, aarding. Vraag onze teams om advies over de meest geschikte opties voor uw branche.<\/p>\n<\/blockquote>\n\n<h3 class=\"wp-block-heading has-text-align-center\">BEDRIJVEN<\/h3>\n\n<div class=\"wp-block-columns is-layout-flex wp-container-core-columns-is-layout-28f84493 wp-block-columns-is-layout-flex\">\n<div class=\"wp-block-column is-layout-flow wp-block-column-is-layout-flow\">\n<hr class=\"wp-block-separator has-alpha-channel-opacity\"\/>\n\n\n\n<div class=\"wp-block-columns is-layout-flex wp-container-core-columns-is-layout-28f84493 wp-block-columns-is-layout-flex\">\n<div class=\"wp-block-column is-layout-flow wp-block-column-is-layout-flow\">\n<figure class=\"wp-block-image aligncenter size-thumbnail is-resized\"><img decoding=\"async\" width=\"150\" height=\"150\" src=\"https:\/\/obera.fr\/wp-content\/uploads\/2022\/02\/Textile-150x150.png\" alt=\"textiel\" class=\"wp-image-8855\"\/><figcaption class=\"wp-element-caption\">Textiel<\/figcaption><\/figure>\n\n\n\n<figure class=\"wp-block-image aligncenter size-thumbnail is-resized\"><img decoding=\"async\" width=\"150\" height=\"150\" src=\"https:\/\/obera.fr\/wp-content\/uploads\/2022\/02\/Plastique-150x150.png\" alt=\"kunststof\" class=\"wp-image-8854\"\/><figcaption class=\"wp-element-caption\">Kunststof<\/figcaption><\/figure>\n<\/div>\n\n\n\n<div class=\"wp-block-column is-layout-flow wp-block-column-is-layout-flow\">\n<figure class=\"wp-block-image aligncenter size-thumbnail is-resized\"><img decoding=\"async\" width=\"150\" height=\"150\" src=\"https:\/\/obera.fr\/wp-content\/uploads\/2022\/02\/MINERAIS-150x150.png\" alt=\"ertsen\" class=\"wp-image-8847\"\/><figcaption class=\"wp-element-caption\">Mineralen<\/figcaption><\/figure>\n\n\n\n<figure class=\"wp-block-image aligncenter size-thumbnail is-resized\"><img decoding=\"async\" width=\"150\" height=\"150\" src=\"https:\/\/obera.fr\/wp-content\/uploads\/2022\/02\/Metalurgie-150x150.png\" alt=\"metallurgie\" class=\"wp-image-8857\"\/><figcaption class=\"wp-element-caption\">Metaalkunde<\/figcaption><\/figure>\n\n\n\n<figure class=\"wp-block-image aligncenter size-thumbnail is-resized\"><img decoding=\"async\" width=\"150\" height=\"150\" src=\"https:\/\/obera.fr\/wp-content\/uploads\/2023\/02\/sans-titre-2023-02-14t102211.641-150x150.png\" alt=\"Landbouw\" class=\"wp-image-18828\"\/><figcaption class=\"wp-element-caption\">Landbouw<\/figcaption><\/figure>\n<\/div>\n<\/div>\n<\/div>\n\n\n\n<div class=\"wp-block-column is-layout-flow wp-block-column-is-layout-flow\">\n<hr class=\"wp-block-separator has-alpha-channel-opacity\"\/>\n\n\n\n<div class=\"wp-block-columns is-layout-flex wp-container-core-columns-is-layout-28f84493 wp-block-columns-is-layout-flex\">\n<div class=\"wp-block-column is-layout-flow wp-block-column-is-layout-flow\">\n<figure class=\"wp-block-image aligncenter size-thumbnail is-resized\"><img decoding=\"async\" width=\"150\" height=\"150\" src=\"https:\/\/obera.fr\/wp-content\/uploads\/2022\/02\/Chimie-150x150.png\" alt=\"scheikunde\" class=\"wp-image-8846\"\/><figcaption class=\"wp-element-caption\">Scheikunde<\/figcaption><\/figure>\n\n\n\n<figure class=\"wp-block-image aligncenter size-thumbnail is-resized\"><img decoding=\"async\" width=\"150\" height=\"150\" src=\"https:\/\/obera.fr\/wp-content\/uploads\/2022\/02\/Travail-du-bois-150x150.png\" alt=\"houtbewerking\" class=\"wp-image-8856\"\/><figcaption class=\"wp-element-caption\">Houtbewerking<\/figcaption><\/figure>\n\n\n\n<figure class=\"wp-block-image aligncenter size-thumbnail is-resized\"><img decoding=\"async\" width=\"150\" height=\"150\" src=\"https:\/\/obera.fr\/wp-content\/uploads\/2023\/02\/sans-titre-2023-02-14t101920.185-150x150.png\" alt=\"Luchtvaart\" class=\"wp-image-18831\"\/><figcaption class=\"wp-element-caption\">Luchtvaart<\/figcaption><\/figure>\n<\/div>\n\n\n\n<div class=\"wp-block-column is-layout-flow wp-block-column-is-layout-flow\">\n<figure class=\"wp-block-image aligncenter size-thumbnail is-resized\"><img decoding=\"async\" width=\"150\" height=\"150\" src=\"https:\/\/obera.fr\/wp-content\/uploads\/2022\/02\/AGROALIMENTAIRE-150x150.png\" alt=\"agrovoeding\" class=\"wp-image-8844\"\/><figcaption class=\"wp-element-caption\">Voedselindustrie<\/figcaption><\/figure>\n\n\n\n<figure class=\"wp-block-image aligncenter size-thumbnail is-resized\"><img decoding=\"async\" width=\"150\" height=\"150\" src=\"https:\/\/obera.fr\/wp-content\/uploads\/2022\/02\/Papier-carton-150x150.png\" alt=\"papier en karton\" class=\"wp-image-8853\"\/><figcaption class=\"wp-element-caption\">Papier\/karton<\/figcaption><\/figure>\n\n\n\n<figure class=\"wp-block-image aligncenter size-thumbnail is-resized\"><img decoding=\"async\" width=\"150\" height=\"150\" src=\"https:\/\/obera.fr\/wp-content\/uploads\/2023\/02\/sans-titre-2023-02-14t101712.416-150x150.png\" alt=\"Automotive\" class=\"wp-image-18834\"\/><figcaption class=\"wp-element-caption\">Automotive<\/figcaption><\/figure>\n<\/div>\n<\/div>\n<\/div>\n<\/div>\n\n<table id=\"tablepress-198\" class=\"tablepress tablepress-id-198\">\n<tbody class=\"row-striping row-hover\">\n<tr class=\"row-1\">\n\t<td class=\"column-1\">Zones ATEX<\/td><td class=\"column-2\"><\/td><td class=\"column-3\">22<\/td>\n<\/tr>\n<tr class=\"row-2\">\n\t<td class=\"column-1\">Marquage<\/td><td class=\"column-2\"><\/td><td class=\"column-3\">EX II 3D Ex tc IIIB T135\u00b0C X Dc<\/td>\n<\/tr>\n<tr class=\"row-3\">\n\t<td class=\"column-1\">Tension<\/td><td class=\"column-2\">V-HZ<\/td><td class=\"column-3\">230<\/td>\n<\/tr>\n<tr class=\"row-4\">\n\t<td class=\"column-1\">Puissance<\/td><td class=\"column-2\">kW<\/td><td class=\"column-3\">1.1<\/td>\n<\/tr>\n<tr class=\"row-5\">\n\t<td class=\"column-1\">Protection \u00e9lectrique<\/td><td class=\"column-2\">IP<\/td><td class=\"column-3\">55<\/td>\n<\/tr>\n<tr class=\"row-6\">\n\t<td class=\"column-1\">D\u00e9pression maximum<\/td><td class=\"column-2\">Pa<\/td><td class=\"column-3\">2.250 Pa<\/td>\n<\/tr>\n<tr class=\"row-7\">\n\t<td class=\"column-1\">D\u00e9bit d\u2019air max<\/td><td class=\"column-2\">m3\/h<\/td><td class=\"column-3\">215<\/td>\n<\/tr>\n<tr class=\"row-8\">\n\t<td class=\"column-1\">Diam\u00e8tre embouchure<\/td><td class=\"column-2\">mm<\/td><td class=\"column-3\">50<\/td>\n<\/tr>\n<tr class=\"row-9\">\n\t<td class=\"column-1\">Type de filtre<\/td><td class=\"column-2\"><\/td><td class=\"column-3\">\u00c0 poches en \u00e9toile<\/td>\n<\/tr>\n<tr class=\"row-10\">\n\t<td class=\"column-1\">Surface<\/td><td class=\"column-2\">cm2<\/td><td class=\"column-3\">20.000<\/td>\n<\/tr>\n<tr class=\"row-11\">\n\t<td class=\"column-1\">Syst\u00e8me de nettoyage<\/td><td class=\"column-2\"><\/td><td class=\"column-3\">Manuel<\/td>\n<\/tr>\n<tr class=\"row-12\">\n\t<td class=\"column-1\">Bac de r\u00e9colte<\/td><td class=\"column-2\"><\/td><td class=\"column-3\">Acier<\/td>\n<\/tr>\n<tr class=\"row-13\">\n\t<td class=\"column-1\">Syst\u00e8me de vidange<\/td><td class=\"column-2\"><\/td><td class=\"column-3\">Bac d\u00e9crochable<\/td>\n<\/tr>\n<tr class=\"row-14\">\n\t<td class=\"column-1\">Capacit\u00e9<\/td><td class=\"column-2\">litre<\/td><td class=\"column-3\">40<\/td>\n<\/tr>\n<tr class=\"row-15\">\n\t<td class=\"column-1\">Dimensions<\/td><td class=\"column-2\">cm<\/td><td class=\"column-3\">55x63x124<\/td>\n<\/tr>\n<\/tbody>\n<\/table>\n\n\n<div class=\"wp-block-buttons is-content-justification-center is-layout-flex wp-container-core-buttons-is-layout-a89b3969 wp-block-buttons-is-layout-flex\">\n<div class=\"wp-block-button\"><a class=\"wp-block-button__link wp-element-button\" href=\"https:\/\/obera.fr\/wp-content\/uploads\/2024\/04\/obera_brochure-w2-xr-fr.pdf\">PRODUCTGEGEVENS DOWNLOADEN<\/a><\/div>\n<\/div>\n\n<h2 class=\"wp-block-heading\">W2 XR stofzuiger: de voordelen van een compacte stofzuiger met hoge filtereffici\u00ebntie<\/h2>\n\n<p>De W2 XR industri\u00eble stofzuiger biedt alle voordelen van de W2-serie, namelijk een grote mobiliteit voor eenvoudig en comfortabel gebruik door de gebruiker. Een geluidsabsorberende bekleding rond de motor om het geluid zo veel mogelijk te beperken en te voorkomen dat de bemanning wordt gestoord.  <\/p>\n\n<p>De veelzijdigheid is uiteraard een belangrijk criterium voor industri\u00eblen, aangezien de nat-droogtechnologie in combinatie met de ATEX-conformiteit betekent dat de machine stof, vaste stoffen en explosieveilige vloeistoffen aankan. Hij is ook makkelijk te onderhouden, dankzij de ingebouwde filterschudder die schoonmaken een fluitje van een cent maakt. Het enige wat de gebruiker hoeft te doen is de schudhendel te activeren voor onmiddellijke handmatige reiniging.<\/p>\n\n<p>Tot slot is het belangrijkste voordeel van de W2 XR-serie de ATEX zone 22-certificering. Met deze industri\u00eble stofzuiger voldoet u aan uw conformiteitsverplichtingen. Het gebruik van een ATEX-gecertificeerde stofzuiger in zone 22 is essentieel om de veiligheid van uw teams en uw eigendommen te garanderen.<\/p>\n\n<div class=\"wp-block-columns is-layout-flex wp-container-core-columns-is-layout-28f84493 wp-block-columns-is-layout-flex\">\n<div class=\"wp-block-column is-layout-flow wp-block-column-is-layout-flow\" style=\"flex-basis:33.34%\">\n<h3 class=\"wp-block-heading\">Voordelen :<\/h3>\n\n\n\n<ul class=\"wp-block-list\">\n<li>Compacte en mobiele stofzuiger;<\/li>\n\n\n\n<li>Minder risico op allergie\u00ebn en aandoeningen aan de luchtwegen;<\/li>\n\n\n\n<li>Voldoet aan de ATEX-voorschriften.<\/li>\n<\/ul>\n<\/div>\n\n\n\n<div class=\"wp-block-column is-layout-flow wp-block-column-is-layout-flow\" style=\"flex-basis:33.34%\">\n<h3 class=\"wp-block-heading\">Speciale functies:<\/h3>\n\n\n\n<ul class=\"wp-block-list\">\n<li>Voldoet aan ATEX Zone 22, explosieveilige aanzuiging van deeltjes, vaste stoffen en vloeistoffen.<\/li>\n<\/ul>\n<\/div>\n\n\n\n<div class=\"wp-block-column is-layout-flow wp-block-column-is-layout-flow\" style=\"flex-basis:33.33%\">\n<h3 class=\"wp-block-heading\">Kenmerken :<\/h3>\n\n\n\n<ul class=\"wp-block-list\">\n<li>Antistatische polyester zakfilter ;<\/li>\n\n\n\n<li>Eenfase borstelloze motor ;<\/li>\n\n\n\n<li>Verstoppingssysteem met indicatielampje.<\/li>\n<\/ul>\n<\/div>\n<\/div>\n\n<h2 class=\"wp-block-heading\">Twijfel je nog steeds over de effici\u00ebntie van de W2 XR stofzuiger voor jouw sector?<\/h2>\n\n<p>Bij OberA weten we dat het explosierisico in zone 22 varieert volgens een aantal factoren: soort stof, hoeveelheid, ontstekingsbronnen, enz. Om de juiste afzuigoplossing te kiezen, voeren we een diagnose uit in uw werkplaatsen en bieden we u een test van de apparatuur met aankoopoptie.<\/p>\n\n<div class=\"wp-block-buttons is-content-justification-center is-layout-flex wp-container-core-buttons-is-layout-a89b3969 wp-block-buttons-is-layout-flex\">\n<div class=\"wp-block-button\"><a class=\"wp-block-button__link wp-element-button\" href=\"https:\/\/obera.fr\/nl\/contact\/\">TEST DE W2 XR STOFZUIGER<\/a><\/div>\n<\/div>\n\n<h2 class=\"wp-block-heading\">Andere industri\u00eble stofzuigers in het assortiment<\/h2>\n\n<div class=\"wp-block-columns is-layout-flex wp-container-core-columns-is-layout-28f84493 wp-block-columns-is-layout-flex\">\n<div class=\"wp-block-column is-layout-flow wp-block-column-is-layout-flow\">\n<figure class=\"wp-block-image aligncenter size-full is-resized\"><a href=\"https:\/\/obera.fr\/nl\/produits\/aspirateurs-industriels\/ventilateurs-aspiration-gamme-eurosog-rg-100-800\/\"><img decoding=\"async\" width=\"600\" height=\"600\" src=\"https:\/\/obera.fr\/wp-content\/uploads\/2024\/04\/obera-ventilateur-aspiration-rg-300-400.jpg\" alt=\"obera aanzuigventilator rg 300 400\" class=\"wp-image-29437\" style=\"width:349px;height:auto\" srcset=\"https:\/\/obera.fr\/wp-content\/uploads\/2024\/04\/obera-ventilateur-aspiration-rg-300-400.jpg 600w, https:\/\/obera.fr\/wp-content\/uploads\/2024\/04\/obera-ventilateur-aspiration-rg-300-400-300x300.jpg 300w, https:\/\/obera.fr\/wp-content\/uploads\/2024\/04\/obera-ventilateur-aspiration-rg-300-400-150x150.jpg 150w\" sizes=\"(max-width: 600px) 100vw, 600px\" \/><\/a><figcaption class=\"wp-element-caption\">RG 300\/400<\/figcaption><\/figure>\n<\/div>\n\n\n\n<div class=\"wp-block-column is-layout-flow wp-block-column-is-layout-flow\">\n<figure class=\"wp-block-image aligncenter size-full is-resized\"><a href=\"https:\/\/obera.fr\/nl\/produits\/aspirateurs-industriels\/w2-haute-filtration-polyvalence\/\"><img decoding=\"async\" width=\"711\" height=\"622\" src=\"https:\/\/obera.fr\/wp-content\/uploads\/2024\/10\/w2.png\" alt=\"Industri&#xEB;le stofzuigers\" class=\"wp-image-35424\" style=\"object-fit:cover;width:300px;height:300px\" srcset=\"https:\/\/obera.fr\/wp-content\/uploads\/2024\/10\/w2.png 711w, https:\/\/obera.fr\/wp-content\/uploads\/2024\/10\/w2-300x262.png 300w\" sizes=\"(max-width: 711px) 100vw, 711px\" \/><\/a><figcaption class=\"wp-element-caption\">W2<\/figcaption><\/figure>\n<\/div>\n\n\n\n<div class=\"wp-block-column is-layout-flow wp-block-column-is-layout-flow\">\n<figure class=\"wp-block-image aligncenter size-full is-resized\"><a href=\"https:\/\/obera.fr\/nl\/produits\/aspirateurs-industriels\/w3-pour-nettoyage-general\/\"><img decoding=\"async\" width=\"658\" height=\"652\" src=\"https:\/\/obera.fr\/wp-content\/uploads\/2024\/10\/w3.png\" alt=\"w3\" class=\"wp-image-35427\" style=\"object-fit:cover;width:300px;height:300px\" srcset=\"https:\/\/obera.fr\/wp-content\/uploads\/2024\/10\/w3.png 658w, https:\/\/obera.fr\/wp-content\/uploads\/2024\/10\/w3-300x297.png 300w, https:\/\/obera.fr\/wp-content\/uploads\/2024\/10\/w3-150x150.png 150w, https:\/\/obera.fr\/wp-content\/uploads\/2024\/10\/w3-24x24.png 24w, https:\/\/obera.fr\/wp-content\/uploads\/2024\/10\/w3-48x48.png 48w, https:\/\/obera.fr\/wp-content\/uploads\/2024\/10\/w3-96x96.png 96w\" sizes=\"(max-width: 658px) 100vw, 658px\" \/><\/a><figcaption class=\"wp-element-caption\">W3<\/figcaption><\/figure>\n<\/div>\n<\/div>\n","protected":false},"excerpt":{"rendered":"<p>Ontdek de W2 XR industri\u00eble stofzuiger voor explosiebestendig zuigen van vaste stoffen en vloeistoffen. Compacte, mobiele apparatuur met hoge prestaties om het risico op ontsteking en explosie in uw productie-eenheden te verminderen. W2 XR industri\u00eble stofzuiger met ATEX Zone 22 certificering: principe en toepassing De industri\u00eble nat- en droogzuiger W2 XR is ontworpen voor het opzuigen van explosieveilige vaste en vloeibare materialen. De constructie is ontworpen om de opbouw van statische elektriciteit te voorkomen dankzij het antistatische polyester zakkenfilter (bescherming van de filtereenheid). Om oververhitting te voorkomen, beschikt het apparaat over een borstelloze eenfasemotor, die minder warmte en wrijving genereert &#8230; <\/p>\n<p class=\"read-more-container\"><a title=\"W2 XR industri\u00eble stofzuiger\" class=\"read-more button\" href=\"https:\/\/obera.fr\/nl\/produits\/aspirateurs-industriels\/w2-xr-atex-22\/#more-45142\" aria-label=\"Lees meer over W2 XR industri\u00eble stofzuiger\">Lire la suite<\/a><\/p>\n","protected":false},"author":4,"featured_media":83736,"parent":48414,"menu_order":0,"comment_status":"closed","ping_status":"closed","template":"","meta":{"_acf_changed":false,"_seopress_robots_primary_cat":"","_seopress_titles_title":"Industri\u00eble stofzuiger W2 XR ATEX 22 oberA","_seopress_titles_desc":"Ontdek de compacte en krachtige W2 XR-serie voor het opzuigen van vaste stoffen en explosieveilige vloeistoffen. Apparatuur die je kunt testen met een koopoptie dankzij OberA.","_seopress_robots_index":"","footnotes":""},"class_list":{"0":"post-45142","1":"page","2":"type-page","3":"status-publish","4":"has-post-thumbnail","6":"no-featured-image-padding","7":"resize-featured-image"},"acf":[],"_links":{"self":[{"href":"https:\/\/obera.fr\/nl\/wp-json\/wp\/v2\/pages\/45142","targetHints":{"allow":["GET"]}}],"collection":[{"href":"https:\/\/obera.fr\/nl\/wp-json\/wp\/v2\/pages"}],"about":[{"href":"https:\/\/obera.fr\/nl\/wp-json\/wp\/v2\/types\/page"}],"author":[{"embeddable":true,"href":"https:\/\/obera.fr\/nl\/wp-json\/wp\/v2\/users\/4"}],"replies":[{"embeddable":true,"href":"https:\/\/obera.fr\/nl\/wp-json\/wp\/v2\/comments?post=45142"}],"version-history":[{"count":14,"href":"https:\/\/obera.fr\/nl\/wp-json\/wp\/v2\/pages\/45142\/revisions"}],"predecessor-version":[{"id":132908,"href":"https:\/\/obera.fr\/nl\/wp-json\/wp\/v2\/pages\/45142\/revisions\/132908"}],"up":[{"embeddable":true,"href":"https:\/\/obera.fr\/nl\/wp-json\/wp\/v2\/pages\/48414"}],"wp:featuredmedia":[{"embeddable":true,"href":"https:\/\/obera.fr\/nl\/wp-json\/wp\/v2\/media\/83736"}],"wp:attachment":[{"href":"https:\/\/obera.fr\/nl\/wp-json\/wp\/v2\/media?parent=45142"}],"curies":[{"name":"wp","href":"https:\/\/api.w.org\/{rel}","templated":true}]}}