{"id":45208,"date":"2024-04-05T23:01:46","date_gmt":"2024-04-05T21:01:46","guid":{"rendered":"https:\/\/obera.fr\/w3-industriele-stofzuiger\/"},"modified":"2025-11-15T17:23:10","modified_gmt":"2025-11-15T15:23:10","slug":"w3-pour-nettoyage-general","status":"publish","type":"page","link":"https:\/\/obera.fr\/nl\/produits\/aspirateurs-industriels\/w3-pour-nettoyage-general\/","title":{"rendered":"W3 industri\u00eble stofzuiger"},"content":{"rendered":"\n<p>De W3 industri\u00eble stofzuiger is een hoogwaardige, gebruiksvriendelijke <a href=\"https:\/\/obera.fr\/nl\/produits\/aspirateurs-industriels\/\" data-type=\"page\" data-id=\"41\">oplossing voor<\/a> algemene reiniging die kan worden aangepast aan elke behoefte.<\/p>\n\n<h2 class=\"wp-block-heading\">Principe en toepassing van de W3 industri\u00eble stofzuiger<\/h2>\n\n<div class=\"wp-block-columns is-layout-flex wp-container-core-columns-is-layout-28f84493 wp-block-columns-is-layout-flex\">\n<div class=\"wp-block-column is-layout-flow wp-block-column-is-layout-flow\" style=\"flex-basis:33.33%\">\n<figure class=\"wp-block-image aligncenter size-full is-resized\"><img decoding=\"async\" width=\"658\" height=\"652\" src=\"https:\/\/obera.fr\/wp-content\/uploads\/2024\/10\/w3.png\" alt=\"Industri&#xEB;le stofzuigers\" class=\"wp-image-35427\" style=\"object-fit:cover;width:300px;height:300px\" srcset=\"https:\/\/obera.fr\/wp-content\/uploads\/2024\/10\/w3.png 658w, https:\/\/obera.fr\/wp-content\/uploads\/2024\/10\/w3-300x297.png 300w, https:\/\/obera.fr\/wp-content\/uploads\/2024\/10\/w3-150x150.png 150w, https:\/\/obera.fr\/wp-content\/uploads\/2024\/10\/w3-24x24.png 24w, https:\/\/obera.fr\/wp-content\/uploads\/2024\/10\/w3-48x48.png 48w, https:\/\/obera.fr\/wp-content\/uploads\/2024\/10\/w3-96x96.png 96w\" sizes=\"(max-width: 658px) 100vw, 658px\" \/><\/figure>\n<\/div>\n\n\n\n<div class=\"wp-block-column is-layout-flow wp-block-column-is-layout-flow\" style=\"flex-basis:66.66%\">\n<p>De <strong>industri\u00eble stofzuiger W3<\/strong> staat bekend om zijn veelzijdigheid en stille werking. Hij overtuigt door zijn praktische karakter en integreert drie krachtige bypass-motoren waarvan het principe is om lucht aan te zuigen en deze in twee stromen te verdelen: \u00e9\u00e9n stroom wordt gebruikt om de motor te koelen, de tweede om stof en vaste stoffen aan te zuigen. Een zuigsysteem dat er niet alleen voor zorgt dat de motor niet vervuild raakt, maar ook fijne deeltjes tegenhoudt door de luchtstroom door het stoffilter te leiden. De bypass-motoren van de W3-serie bieden zo een hoge zuigkracht, minder onderhoud en verlengen de levensduur van de apparatuur (minder risico op oververhitting en vervuiling).<\/p>\n\n\n\n<p>Voor welk toepassingsgebied? De veelzijdige, wendbare en praktische W3 eenfasige stofzuiger is ideaal voor algemene reiniging: vloeren, muren, bouwterreinen, werkplaatsen, productiemachines, enz. Hij is ook een uitstekende keuze voor het opzuigen van fijn stof en allergene deeltjes. Dankzij de constructie en het brede scala aan aanpassingsopties kan de machine eenvoudig worden aangepast aan elke industri\u00eble sector. Het is bijzonder effectief bij het afzuigen van stof en vaste stoffen uit mechanische werkplaatsen, voedselverwerkende fabrieken, schrijnwerkplaatsen, ambachtelijke werkplaatsen, zandstralen, cementfabrieken en oppervlaktebehandeling.<\/p>\n\n\n\n<div class=\"wp-block-columns is-layout-flex wp-container-core-columns-is-layout-28f84493 wp-block-columns-is-layout-flex\">\n<div class=\"wp-block-column is-layout-flow wp-block-column-is-layout-flow\">\n<div class=\"wp-block-buttons is-layout-flex wp-block-buttons-is-layout-flex\">\n<div class=\"wp-block-button\"><a class=\"wp-block-button__link wp-element-button\" href=\"https:\/\/obera.fr\/wp-content\/uploads\/2025\/06\/brochure-w3-fr.pdf\">DOWNLOAD DE BROCHURE<\/a><\/div>\n<\/div>\n<\/div>\n\n\n\n<div class=\"wp-block-column is-layout-flow wp-block-column-is-layout-flow\">\n<div class=\"wp-block-buttons is-layout-flex wp-block-buttons-is-layout-flex\">\n<div class=\"wp-block-button\"><a class=\"wp-block-button__link wp-element-button\" href=\"https:\/\/obera.fr\/nl\/contact\/\">PERSOONLIJK ADVIES NODIG?<\/a><\/div>\n<\/div>\n<\/div>\n\n\n\n<div class=\"wp-block-column is-layout-flow wp-block-column-is-layout-flow\">\n<div class=\"wp-block-buttons is-content-justification-center is-layout-flex wp-container-core-buttons-is-layout-a89b3969 wp-block-buttons-is-layout-flex\">\n<div class=\"wp-block-button btn-devis-source\"><a class=\"wp-block-button__link wp-element-button\" href=\"https:\/\/obera.fr\/nl\/devis\/\">Een offerte aanvragen<\/a><\/div>\n<\/div>\n\n\n<script>\r\ndocument.addEventListener('DOMContentLoaded', function() {\r\n    \/\/ 1. On cherche le titre H1 de la page\r\n    var h1 = document.querySelector('h1');\r\n    var productTitle = h1 ? h1.innerText.trim() : \"\";\r\n\r\n    \/\/ 2. On cherche les boutons via la classe CSS .btn-devis-source\r\n    var buttons = document.querySelectorAll('.btn-devis-source a');\r\n\r\n    \/\/ 3. Si on a le titre et les boutons, on ajoute le param\u00e8tre\r\n    if (buttons.length > 0 && productTitle !== \"\") {\r\n        var encodedTitle = encodeURIComponent(productTitle);\r\n\r\n        buttons.forEach(function(btn) {\r\n            var currentHref = btn.getAttribute('href');\r\n            \r\n            \/\/ S\u00e9curit\u00e9 pour ne pas ajouter le param\u00e8tre 2 fois\r\n            if (currentHref.indexOf('sujet=') === -1) {\r\n                var separator = currentHref.indexOf('?') !== -1 ? '&' : '?';\r\n                var newLink = currentHref + separator + 'sujet=' + encodedTitle;\r\n                \r\n                btn.setAttribute('href', newLink);\r\n            }\r\n        });\r\n    }\r\n});\r\n<\/script><\/div>\n<\/div>\n<\/div>\n<\/div>\n\n<h2 class=\"wp-block-heading\">Algemene reiniging: de functies van de W3 stofzuiger<\/h2>\n\n<p>De W3 industri\u00eble stofzuiger is verkrijgbaar in twee versies. Hij is uitgerust met 3 eenfasemotoren van 1,1 kW in de versie met 65 liter en 1,3 kW in de versie met 100 liter. Deze specifieke technische eigenschap maakt de machine bijzonder effectief voor het opzuigen van materialen met een hoog soortelijk gewicht (grind, zand, spijkers, schroeven, glasafval). De stofzuiger biedt een maximaal vacu\u00fcm tussen 2.400 en 3.600 Pa en een maximaal debiet tussen 540 m3\/u en 450 m3\/u, afhankelijk van de gekozen versie.<\/p>\n\n<p>Ondanks de 3 by-pass motoren is de W3 industri\u00eble stofzuiger stil. De zuigeenheid is geluiddicht om het geluid tot een minimum te beperken.<\/p>\n\n<p>Het robuuste zuigapparaat heeft een massief stalen kop. De filtereenheid is ook gemaakt van roestvrij staal (filterkamer), net als de verrijdbare bak en het chassis.  <\/p>\n\n<p>Tot slot is de filtereenheid uitgerust met een polyester zakfilter voor bescherming en hoge stofretentie. Het grote oppervlak van 2m2 en de hoge filtratie-effici\u00ebntie (3 micron) garanderen ook de zuiverheid van de uitgaande lucht.<\/p>\n\n<p>De W3 stofzuiger bevat accessoires speciaal voor schoonmaakprofessionals: flexibele zuigslang, borstels, kierenzuiger, enz.<\/p>\n\n<blockquote class=\"wp-block-quote is-layout-flow wp-block-quote-is-layout-flow\">\n<p>Beschikbare versies: de W3 industri\u00eble stofzuiger is verkrijgbaar in twee versies! E\u00e9n met een inhoud van 65 liter, de tweede met een inhoud van 100 liter. Hij is ook verkrijgbaar met 3 enkelfasige, 3-traps motoren voor het opzuigen van materialen met een hoog soortelijk gewicht.<\/p>\n<\/blockquote>\n\n<h3 class=\"wp-block-heading has-text-align-center\">Optioneel<\/h3>\n\n<div class=\"wp-block-columns is-layout-flex wp-container-core-columns-is-layout-28f84493 wp-block-columns-is-layout-flex\">\n<div class=\"wp-block-column is-layout-flow wp-block-column-is-layout-flow\" style=\"flex-basis:50%\">\n<ul class=\"wp-block-list\">\n<li>Nomex filter &#8211; hittebestendig tot 250\u00b0;<\/li>\n\n\n\n<li>Hepa H14 absoluut filter ;<\/li>\n\n\n\n<li>Klasse M PTFE-filter ;<\/li>\n\n\n\n<li>Klasse M water-oleofoob teflonfilter ;  <\/li>\n\n\n\n<li>Klasse M antistatisch filter ;<\/li>\n<\/ul>\n<\/div>\n\n\n\n<div class=\"wp-block-column is-layout-flow wp-block-column-is-layout-flow\" style=\"flex-basis:50%\">\n<ul class=\"wp-block-list\">\n<li>Roestvrijstalen container en filterkamer;<\/li>\n\n\n\n<li>Aarding ;<\/li>\n\n\n\n<li>Grillkorf met afvoerklep en niveau-indicator ;<\/li>\n\n\n\n<li>Opzakcontainer lange mat 20mt ;<\/li>\n\n\n\n<li>Cycloon voor filterbescherming.<\/li>\n<\/ul>\n<\/div>\n<\/div>\n\n<h3 class=\"wp-block-heading has-text-align-center\">BEDRIJVEN<\/h3>\n\n<div class=\"wp-block-columns is-layout-flex wp-container-core-columns-is-layout-28f84493 wp-block-columns-is-layout-flex\">\n<div class=\"wp-block-column is-layout-flow wp-block-column-is-layout-flow\">\n<hr class=\"wp-block-separator has-alpha-channel-opacity\"\/>\n\n\n\n<div class=\"wp-block-columns is-layout-flex wp-container-core-columns-is-layout-28f84493 wp-block-columns-is-layout-flex\">\n<div class=\"wp-block-column is-layout-flow wp-block-column-is-layout-flow\">\n<figure class=\"wp-block-image aligncenter size-thumbnail is-resized\"><img decoding=\"async\" width=\"150\" height=\"150\" src=\"https:\/\/obera.fr\/wp-content\/uploads\/2022\/02\/Textile-150x150.png\" alt=\"textiel\" class=\"wp-image-8855\"\/><figcaption class=\"wp-element-caption\">Textiel<\/figcaption><\/figure>\n\n\n\n<figure class=\"wp-block-image aligncenter size-thumbnail is-resized\"><img decoding=\"async\" width=\"150\" height=\"150\" src=\"https:\/\/obera.fr\/wp-content\/uploads\/2022\/02\/Plastique-150x150.png\" alt=\"kunststof\" class=\"wp-image-8854\"\/><figcaption class=\"wp-element-caption\">Kunststof<\/figcaption><\/figure>\n<\/div>\n\n\n\n<div class=\"wp-block-column is-layout-flow wp-block-column-is-layout-flow\">\n<figure class=\"wp-block-image aligncenter size-thumbnail is-resized\"><img decoding=\"async\" width=\"150\" height=\"150\" src=\"https:\/\/obera.fr\/wp-content\/uploads\/2022\/02\/MINERAIS-150x150.png\" alt=\"ertsen\" class=\"wp-image-8847\"\/><figcaption class=\"wp-element-caption\">Mineralen<\/figcaption><\/figure>\n\n\n\n<figure class=\"wp-block-image aligncenter size-thumbnail is-resized\"><img decoding=\"async\" width=\"150\" height=\"150\" src=\"https:\/\/obera.fr\/wp-content\/uploads\/2022\/02\/Metalurgie-150x150.png\" alt=\"metallurgie\" class=\"wp-image-8857\"\/><figcaption class=\"wp-element-caption\">Metaalkunde<\/figcaption><\/figure>\n\n\n\n<figure class=\"wp-block-image aligncenter size-thumbnail is-resized\"><img decoding=\"async\" width=\"150\" height=\"150\" src=\"https:\/\/obera.fr\/wp-content\/uploads\/2023\/02\/sans-titre-2023-02-14t102211.641-150x150.png\" alt=\"Landbouw\" class=\"wp-image-18828\"\/><figcaption class=\"wp-element-caption\">Landbouw<\/figcaption><\/figure>\n<\/div>\n<\/div>\n<\/div>\n\n\n\n<div class=\"wp-block-column is-layout-flow wp-block-column-is-layout-flow\">\n<hr class=\"wp-block-separator has-alpha-channel-opacity\"\/>\n\n\n\n<div class=\"wp-block-columns is-layout-flex wp-container-core-columns-is-layout-28f84493 wp-block-columns-is-layout-flex\">\n<div class=\"wp-block-column is-layout-flow wp-block-column-is-layout-flow\">\n<figure class=\"wp-block-image aligncenter size-thumbnail is-resized\"><img decoding=\"async\" width=\"150\" height=\"150\" src=\"https:\/\/obera.fr\/wp-content\/uploads\/2022\/02\/Chimie-150x150.png\" alt=\"scheikunde\" class=\"wp-image-8846\"\/><figcaption class=\"wp-element-caption\">Scheikunde<\/figcaption><\/figure>\n\n\n\n<figure class=\"wp-block-image aligncenter size-thumbnail is-resized\"><img decoding=\"async\" width=\"150\" height=\"150\" src=\"https:\/\/obera.fr\/wp-content\/uploads\/2022\/02\/Travail-du-bois-150x150.png\" alt=\"houtbewerking\" class=\"wp-image-8856\"\/><figcaption class=\"wp-element-caption\">Houtbewerking<\/figcaption><\/figure>\n\n\n\n<figure class=\"wp-block-image aligncenter size-thumbnail is-resized\"><img decoding=\"async\" width=\"150\" height=\"150\" src=\"https:\/\/obera.fr\/wp-content\/uploads\/2023\/02\/sans-titre-2023-02-14t101920.185-150x150.png\" alt=\"Luchtvaart\" class=\"wp-image-18831\"\/><figcaption class=\"wp-element-caption\">Luchtvaart<\/figcaption><\/figure>\n<\/div>\n\n\n\n<div class=\"wp-block-column is-layout-flow wp-block-column-is-layout-flow\">\n<figure class=\"wp-block-image aligncenter size-thumbnail is-resized\"><img decoding=\"async\" width=\"150\" height=\"150\" src=\"https:\/\/obera.fr\/wp-content\/uploads\/2022\/02\/AGROALIMENTAIRE-150x150.png\" alt=\"agrovoeding\" class=\"wp-image-8844\"\/><figcaption class=\"wp-element-caption\">Voedselindustrie<\/figcaption><\/figure>\n\n\n\n<figure class=\"wp-block-image aligncenter size-thumbnail is-resized\"><img decoding=\"async\" width=\"150\" height=\"150\" src=\"https:\/\/obera.fr\/wp-content\/uploads\/2022\/02\/Papier-carton-150x150.png\" alt=\"papier en karton\" class=\"wp-image-8853\"\/><figcaption class=\"wp-element-caption\">Papier\/karton<\/figcaption><\/figure>\n\n\n\n<figure class=\"wp-block-image aligncenter size-thumbnail is-resized\"><img decoding=\"async\" width=\"150\" height=\"150\" src=\"https:\/\/obera.fr\/wp-content\/uploads\/2023\/02\/sans-titre-2023-02-14t101712.416-150x150.png\" alt=\"Automotive\" class=\"wp-image-18834\"\/><figcaption class=\"wp-element-caption\">Automotive<\/figcaption><\/figure>\n<\/div>\n<\/div>\n<\/div>\n<\/div>\n\n<figure class=\"wp-block-table\"><table class=\"has-fixed-layout\"><tbody><tr><td>Spanning<\/td><td>V-HZ<\/td><td>230<\/td><td>230-50<\/td><\/tr><tr><td>Stroom<\/td><td>kW<\/td><td>3&#215;1.1<\/td><td>3&#215;1.3<\/td><\/tr><tr><td>Maximale depressie<\/td><td>Pa<\/td><td>2.400 Pa<\/td><td>3.600 Pa<\/td><\/tr><tr><td>Maximale luchtstroom<\/td><td>m3\/u<\/td><td>540<\/td><td>450<\/td><\/tr><tr><td>Diameter mondstuk<\/td><td>mm<\/td><td>80<\/td><td>80<\/td><\/tr><tr><td>Type filter<\/td><td><\/td><td>Met sterzakken<\/td><td>Met sterzakken<\/td><\/tr><tr><td>Oppervlak<\/td><td>cm2<\/td><td>20.000<\/td><td>20.000<\/td><\/tr><tr><td>Schoonmaaksysteem<\/td><td><\/td><td>Manuel<\/td><td>Manuel<\/td><\/tr><tr><td>Oogstbak<\/td><td><\/td><td>Staal<\/td><td>Staal<\/td><\/tr><tr><td>Afvoersysteem<\/td><td><\/td><td>Verwijderbare bak<\/td><td>Verwijderbare bak<\/td><\/tr><tr><td>Capaciteit<\/td><td>liter<\/td><td>65\/100<\/td><td>65\/100<\/td><\/tr><tr><td>Afmetingen<\/td><td>cm<\/td><td>58x60x135cm<\/td><td>58x60x145cm<\/td><\/tr><tr><td>Filterapparatuur &#8211; klasse<\/td><td><\/td><td><\/td><td>Polyester-L<\/td><\/tr><\/tbody><\/table><\/figure>\n\n<div class=\"wp-block-buttons is-content-justification-center is-layout-flex wp-container-core-buttons-is-layout-a89b3969 wp-block-buttons-is-layout-flex\">\n<div class=\"wp-block-button\"><a class=\"wp-block-button__link wp-element-button\" href=\"https:\/\/obera.fr\/wp-content\/uploads\/2024\/04\/obera_brochure-w3-fr.pdf\">PRODUCTGEGEVENS DOWNLOADEN<\/a><\/div>\n<\/div>\n\n<h2 class=\"wp-block-heading\">De voordelen van de W3 stofzuiger<\/h2>\n\n<p>De W3-serie is vooral populair vanwege het gebruiksgemak. Alles is ontworpen om de algemene reinigingsdienst van de operator zoveel mogelijk te vereenvoudigen. Hij is voorzien van een vacu\u00fcmmeter met indicatielampje om eventuele verzadiging van het filter te detecteren. Er zitten twee handgrepen op de motorkop om het filter gemakkelijk te kunnen verwisselen. De eenfasige stofzuiger heeft ook een handmatig ontstoppingssysteem dat met een druk op de knop kan worden geactiveerd, zodat oppervlaktetechnici kunnen genieten van maximale stofzuigprestaties.<\/p>\n\n<div class=\"wp-block-columns is-layout-flex wp-container-core-columns-is-layout-28f84493 wp-block-columns-is-layout-flex\">\n<div class=\"wp-block-column is-layout-flow wp-block-column-is-layout-flow\" style=\"flex-basis:33.34%\">\n<h3 class=\"wp-block-heading\">Voordelen :<\/h3>\n\n\n\n<ul class=\"wp-block-list\">\n<li>Vacu\u00fcmmeter met indicatielampje om te anticiperen op filterverzadiging;<\/li>\n\n\n\n<li>Luchtafvoer naar beneden ;<\/li>\n\n\n\n<li>Compact, mobiel en gemakkelijk te hanteren;<\/li>\n\n\n\n<li>Veelzijdig en stil.<\/li>\n<\/ul>\n<\/div>\n\n\n\n<div class=\"wp-block-column is-layout-flow wp-block-column-is-layout-flow\" style=\"flex-basis:33.34%\">\n<h3 class=\"wp-block-heading\">Speciale functies:<\/h3>\n\n\n\n<ul class=\"wp-block-list\">\n<li>Drie enkelfasige shuntmotoren met onafhankelijke schakelaars;<\/li>\n\n\n\n<li>Polyester sterfilter ;<\/li>\n\n\n\n<li>Breed assortiment filters beschikbaar.<\/li>\n<\/ul>\n<\/div>\n\n\n\n<div class=\"wp-block-column is-layout-flow wp-block-column-is-layout-flow\" style=\"flex-basis:33.33%\">\n<h3 class=\"wp-block-heading\">Kenmerken :<\/h3>\n\n\n\n<ul class=\"wp-block-list\">\n<li>Verkrijgbaar in versies van 65 liter of 100 liter;<\/li>\n\n\n\n<li>3-traps versie beschikbaar;<\/li>\n\n\n\n<li>Bescherming van de zuigeenheid met sterfilter (polyester).<\/li>\n<\/ul>\n<\/div>\n<\/div>\n\n<h2 class=\"wp-block-heading\">Test de eenfasige industri\u00eble stofzuiger voor algemene reiniging<\/h2>\n\n<p>We bieden een test op ware grootte in je werkplaats met een aankoopoptie over een periode van gemiddeld 1 maand.<\/p>\n\n<div class=\"wp-block-buttons is-content-justification-center is-layout-flex wp-container-core-buttons-is-layout-a89b3969 wp-block-buttons-is-layout-flex\">\n<div class=\"wp-block-button\"><a class=\"wp-block-button__link wp-element-button\" href=\"https:\/\/obera.fr\/nl\/contact\/\">TEST DE W2 STOFZUIGER<\/a><\/div>\n<\/div>\n\n<h2 class=\"wp-block-heading\">Andere industri\u00eble stofzuigers in het assortiment<\/h2>\n\n<div class=\"wp-block-columns is-layout-flex wp-container-core-columns-is-layout-28f84493 wp-block-columns-is-layout-flex\">\n<div class=\"wp-block-column is-layout-flow wp-block-column-is-layout-flow\">\n<figure class=\"wp-block-image aligncenter size-full is-resized\"><a href=\"https:\/\/obera.fr\/nl\/produits\/aspirateurs-industriels\/w2-xr-atex-22\/\"><img decoding=\"async\" width=\"566\" height=\"671\" src=\"https:\/\/obera.fr\/wp-content\/uploads\/2024\/10\/w2-xr-2.png\" alt=\"Industri&#xEB;le stofzuigers\" class=\"wp-image-35431\" style=\"object-fit:cover;width:300px;height:300px\" srcset=\"https:\/\/obera.fr\/wp-content\/uploads\/2024\/10\/w2-xr-2.png 566w, https:\/\/obera.fr\/wp-content\/uploads\/2024\/10\/w2-xr-2-253x300.png 253w\" sizes=\"(max-width: 566px) 100vw, 566px\" \/><\/a><figcaption class=\"wp-element-caption\">W2 XR<\/figcaption><\/figure>\n<\/div>\n\n\n\n<div class=\"wp-block-column is-layout-flow wp-block-column-is-layout-flow\">\n<figure class=\"wp-block-image aligncenter size-full is-resized\"><a href=\"https:\/\/obera.fr\/nl\/produits\/aspirateurs-industriels\/w2-haute-filtration-polyvalence\/\"><img decoding=\"async\" width=\"711\" height=\"622\" src=\"https:\/\/obera.fr\/wp-content\/uploads\/2024\/10\/w2.png\" alt=\"Industri&#xEB;le stofzuigers\" class=\"wp-image-35424\" style=\"width:343px;height:auto\" srcset=\"https:\/\/obera.fr\/wp-content\/uploads\/2024\/10\/w2.png 711w, https:\/\/obera.fr\/wp-content\/uploads\/2024\/10\/w2-300x262.png 300w\" sizes=\"(max-width: 711px) 100vw, 711px\" \/><\/a><figcaption class=\"wp-element-caption\">W2<\/figcaption><\/figure>\n<\/div>\n\n\n\n<div class=\"wp-block-column is-layout-flow wp-block-column-is-layout-flow\">\n<figure class=\"wp-block-image aligncenter size-full is-resized\"><a href=\"https:\/\/obera.fr\/nl\/produits\/aspirateurs-industriels\/ventilateurs-aspiration-gamme-eurosog-rg-100-800\/\"><img decoding=\"async\" width=\"600\" height=\"600\" src=\"https:\/\/obera.fr\/wp-content\/uploads\/2024\/04\/obera-ventilateur-aspiration-rg-300-400.jpg\" alt=\"obera aanzuigventilator rg 300 400\" class=\"wp-image-29437\" style=\"object-fit:cover;width:300px;height:300px\" srcset=\"https:\/\/obera.fr\/wp-content\/uploads\/2024\/04\/obera-ventilateur-aspiration-rg-300-400.jpg 600w, https:\/\/obera.fr\/wp-content\/uploads\/2024\/04\/obera-ventilateur-aspiration-rg-300-400-300x300.jpg 300w, https:\/\/obera.fr\/wp-content\/uploads\/2024\/04\/obera-ventilateur-aspiration-rg-300-400-150x150.jpg 150w\" sizes=\"(max-width: 600px) 100vw, 600px\" \/><\/a><figcaption class=\"wp-element-caption\">RG 300\/400<\/figcaption><\/figure>\n<\/div>\n<\/div>\n","protected":false},"excerpt":{"rendered":"<p>De W3 industri\u00eble stofzuiger is een hoogwaardige, gebruiksvriendelijke oplossing voor algemene reiniging die kan worden aangepast aan elke behoefte. Principe en toepassing van de W3 industri\u00eble stofzuiger De industri\u00eble stofzuiger W3 staat bekend om zijn veelzijdigheid en stille werking. Hij overtuigt door zijn praktische karakter en integreert drie krachtige bypass-motoren waarvan het principe is om lucht aan te zuigen en deze in twee stromen te verdelen: \u00e9\u00e9n stroom wordt gebruikt om de motor te koelen, de tweede om stof en vaste stoffen aan te zuigen. Een zuigsysteem dat er niet alleen voor zorgt dat de motor niet vervuild raakt, maar &#8230; <\/p>\n<p class=\"read-more-container\"><a title=\"W3 industri\u00eble stofzuiger\" class=\"read-more button\" href=\"https:\/\/obera.fr\/nl\/produits\/aspirateurs-industriels\/w3-pour-nettoyage-general\/#more-45208\" aria-label=\"Lees meer over W3 industri\u00eble stofzuiger\">Lire la suite<\/a><\/p>\n","protected":false},"author":4,"featured_media":83736,"parent":48414,"menu_order":0,"comment_status":"closed","ping_status":"closed","template":"","meta":{"_acf_changed":false,"_seopress_robots_primary_cat":"","_seopress_titles_title":"W3 industri\u00eble stofzuiger voor algemene reiniging OberA","_seopress_titles_desc":"De W3-serie is onmisbaar voor algemene reiniging en heeft 3 eenfasemotoren die prestaties en gebruiksgemak combineren.","_seopress_robots_index":"","footnotes":""},"class_list":{"0":"post-45208","1":"page","2":"type-page","3":"status-publish","4":"has-post-thumbnail","6":"no-featured-image-padding","7":"resize-featured-image"},"acf":[],"_links":{"self":[{"href":"https:\/\/obera.fr\/nl\/wp-json\/wp\/v2\/pages\/45208","targetHints":{"allow":["GET"]}}],"collection":[{"href":"https:\/\/obera.fr\/nl\/wp-json\/wp\/v2\/pages"}],"about":[{"href":"https:\/\/obera.fr\/nl\/wp-json\/wp\/v2\/types\/page"}],"author":[{"embeddable":true,"href":"https:\/\/obera.fr\/nl\/wp-json\/wp\/v2\/users\/4"}],"replies":[{"embeddable":true,"href":"https:\/\/obera.fr\/nl\/wp-json\/wp\/v2\/comments?post=45208"}],"version-history":[{"count":10,"href":"https:\/\/obera.fr\/nl\/wp-json\/wp\/v2\/pages\/45208\/revisions"}],"predecessor-version":[{"id":132885,"href":"https:\/\/obera.fr\/nl\/wp-json\/wp\/v2\/pages\/45208\/revisions\/132885"}],"up":[{"embeddable":true,"href":"https:\/\/obera.fr\/nl\/wp-json\/wp\/v2\/pages\/48414"}],"wp:featuredmedia":[{"embeddable":true,"href":"https:\/\/obera.fr\/nl\/wp-json\/wp\/v2\/media\/83736"}],"wp:attachment":[{"href":"https:\/\/obera.fr\/nl\/wp-json\/wp\/v2\/media?parent=45208"}],"curies":[{"name":"wp","href":"https:\/\/api.w.org\/{rel}","templated":true}]}}