{"id":46028,"date":"2020-08-26T12:43:50","date_gmt":"2020-08-26T10:43:50","guid":{"rendered":"https:\/\/obera.fr\/onze-producten\/voc-en-geurbehandeling\/epur010-b-ca-industrieel-stof-geur-en-voc-filter\/"},"modified":"2025-04-24T10:05:06","modified_gmt":"2025-04-24T08:05:06","slug":"filtre-anti-poussiere-epur010-b-ca","status":"publish","type":"page","link":"https:\/\/obera.fr\/nl\/produits\/traitement-cov\/filtre-anti-poussiere-epur010-b-ca\/","title":{"rendered":"ePUR010 B CA industrieel stof-, geur- en VOC-filter"},"content":{"rendered":"\n<p>Onze <strong>ePUR010 B CA industri\u00eble stof- en VOC-filter<\/strong> is een mobiele afzuigeenheid met actieve kool die een luchtstroom kan verwerken die stof, fijne deeltjes en verontreinigende gassen bevat.<\/p>\n\n\n\n\n\n\n<h2 class=\"wp-block-heading\" id=\"comment-fonctionne-notre-appareil\"><strong>Hoe werkt ons apparaat?<\/strong><\/h2>\n\n\n\n<div class=\"wp-block-columns is-layout-flex wp-container-core-columns-is-layout-28f84493 wp-block-columns-is-layout-flex\">\n<div class=\"wp-block-column is-layout-flow wp-block-column-is-layout-flow\" style=\"flex-basis:33.33%\">\n<figure class=\"wp-block-image aligncenter size-medium\"><img decoding=\"async\" width=\"300\" height=\"300\" src=\"https:\/\/obera.fr\/wp-content\/uploads\/2020\/09\/ePUR010B-CA-300x300.png\" alt=\"ePUR010 B CA\" class=\"wp-image-1038\" srcset=\"https:\/\/obera.fr\/wp-content\/uploads\/2020\/09\/ePUR010B-CA-300x300.png 300w, https:\/\/obera.fr\/wp-content\/uploads\/2020\/09\/ePUR010B-CA-150x150.png 150w, https:\/\/obera.fr\/wp-content\/uploads\/2020\/09\/ePUR010B-CA.png 433w\" sizes=\"(max-width: 300px) 100vw, 300px\" \/><figcaption class=\"wp-element-caption\">ePUR010 B CA<\/figcaption><\/figure>\n<\/div>\n\n\n\n<div class=\"wp-block-column is-layout-flow wp-block-column-is-layout-flow\" style=\"flex-basis:66.66%\">\n<p>De werking van deze industri\u00eble filter is eenvoudig: de vervuilde lucht wordt aan de bron opgevangen via <strong>een flexibele slang, een kanaal, een afzuigarm of een afzuigkap<\/strong>. Het systeem heeft 2 of 3 filtratiefasen. Deeltjes en stof worden tegengehouden door de eerste 2 stadia van instelbare filtratie (voorfilter instelbaar van G3 tot F7) en een hoofdfilter (instelbaar van F8 tot absolute HEPA H14-filtratie).    <\/p>\n\n\n\n<p>De <strong><a href=\"https:\/\/obera.fr\/nl\/produits\/traitement-cov\/\" data-type=\"URL\" data-id=\"https:\/\/obera.fr\/produits\/traitement-cov\/\">verontreinigende gassen, geuren en VOC&#8217;s<\/a><\/strong> worden behandeld door een terminal actief koolfilter. De gezuiverde lucht wordt vervolgens via de onderkant van het apparaat in de werkruimte geblazen. Verstopping van de eerste twee filterstadia (voorfilter en hoofdfilter) wordt gecontroleerd door middel van een drukvalmeting.  <\/p>\n\n\n\n<p>Als de mate van verstopping de ingestelde drempel (drukval) overschrijdt, gaat er een rood waarschuwingslampje branden om aan te geven dat het filtermedium moet worden vervangen. Dit industri\u00eble filtersysteem is uitgerust met een <strong>zeer effici\u00ebnte, elektronisch gecommuteerde ventilator<\/strong> waarmee de luchtstroomsnelheid kan worden ingesteld van 0 tot 100%. <\/p>\n\n\n\n<hr class=\"wp-block-separator has-css-opacity is-style-dots\"\/>\n\n\n\n<div class=\"wp-block-columns is-layout-flex wp-container-core-columns-is-layout-28f84493 wp-block-columns-is-layout-flex\">\n<div class=\"wp-block-column is-layout-flow wp-block-column-is-layout-flow\" style=\"flex-basis:33.33%\">\n<div class=\"wp-block-buttons is-layout-flex wp-block-buttons-is-layout-flex\">\n<div class=\"wp-block-button\"><a class=\"wp-block-button__link wp-element-button\" href=\"https:\/\/obera.fr\/wp-content\/uploads\/2025\/04\/en-brochure-epur-10-bca.pdf\">DOWNLOAD DE BROCHURE<\/a><\/div>\n<\/div>\n<\/div>\n\n\n\n<div class=\"wp-block-column is-layout-flow wp-block-column-is-layout-flow\" style=\"flex-basis:33.34%\">\n<div class=\"wp-block-buttons is-horizontal is-content-justification-center is-layout-flex wp-container-core-buttons-is-layout-03627597 wp-block-buttons-is-layout-flex\">\n<div class=\"wp-block-button has-custom-width wp-block-button__width-100\"><a class=\"wp-block-button__link wp-element-button\" href=\"https:\/\/obera.fr\/nl\/neem-contact-met-ons-op\/\">Meer informatie<\/a><\/div>\n<\/div>\n<\/div>\n\n\n\n<div class=\"wp-block-column is-layout-flow wp-block-column-is-layout-flow\" style=\"flex-basis:33.34%\">\n<div class=\"wp-block-buttons is-content-justification-center is-layout-flex wp-container-core-buttons-is-layout-a89b3969 wp-block-buttons-is-layout-flex\">\n<div class=\"wp-block-button btn-devis-source\"><a class=\"wp-block-button__link wp-element-button\" href=\"https:\/\/obera.fr\/nl\/devis\/\">Een offerte aanvragen<\/a><\/div>\n<\/div>\n\n\n<script>\r\ndocument.addEventListener('DOMContentLoaded', function() {\r\n    \/\/ 1. On cherche le titre H1 de la page\r\n    var h1 = document.querySelector('h1');\r\n    var productTitle = h1 ? h1.innerText.trim() : \"\";\r\n\r\n    \/\/ 2. On cherche les boutons via la classe CSS .btn-devis-source\r\n    var buttons = document.querySelectorAll('.btn-devis-source a');\r\n\r\n    \/\/ 3. Si on a le titre et les boutons, on ajoute le param\u00e8tre\r\n    if (buttons.length > 0 && productTitle !== \"\") {\r\n        var encodedTitle = encodeURIComponent(productTitle);\r\n\r\n        buttons.forEach(function(btn) {\r\n            var currentHref = btn.getAttribute('href');\r\n            \r\n            \/\/ S\u00e9curit\u00e9 pour ne pas ajouter le param\u00e8tre 2 fois\r\n            if (currentHref.indexOf('sujet=') === -1) {\r\n                var separator = currentHref.indexOf('?') !== -1 ? '&' : '?';\r\n                var newLink = currentHref + separator + 'sujet=' + encodedTitle;\r\n                \r\n                btn.setAttribute('href', newLink);\r\n            }\r\n        });\r\n    }\r\n});\r\n<\/script><\/div>\n<\/div>\n<\/div>\n<\/div>\n\n\n\n<h2 class=\"wp-block-heading\" id=\"quels-polluants-traiter-avec-notre-filtre-industriel-anti-poussiere-odeurs-et-cov\">Welke vervuilende stoffen kunnen worden behandeld met onze industri\u00eble stof-, geur- en VOC-filters?<\/h2>\n\n\n\n<p>De ePUR010 B CA is speciaal ontworpen voor de <strong>gecombineerde behandeling van stof, geuren, rook, VOC&#8217;s en andere verontreinigende gassen<\/strong>.<\/p>\n\n\n\n<blockquote class=\"wp-block-quote is-layout-flow wp-block-quote-is-layout-flow\">\n<p>Lees ook: <a href=\"https:\/\/obera.fr\/nl\/ons-advies\/traitement-odeurs-industrielles\/\" data-type=\"post\" data-id=\"8636\">Hoe kunnen industri\u00eble geuren en VOC&#8217;s worden behandeld?<\/a><\/p>\n<\/blockquote>\n\n\n\n<h2 class=\"wp-block-heading\" id=\"pour-quelles-utilisations-est-prevu-notre-appareil-de-filtration-anti-poussiere-odeurs-et-cov\">Waar zijn onze stof-, geur- en VOC-filtratie-units voor ontworpen?<\/h2>\n\n\n\n<p>Het is perfect geschikt voor <strong>alle soorten industrie\u00ebn<\/strong> en heeft zijn waarde al bewezen in de <strong>elektronica-industrie<\/strong>, de <strong>leerindustrie<\/strong>, de <strong>luxegoederen-<\/strong> en kledingindustrie, de <strong>cosmetica-<\/strong> en <strong>juwelenindustrie<\/strong>, <strong>laboratoria<\/strong>, de <strong>onderwijssector<\/strong>, <strong>musea<\/strong> en <strong>kunstrestauratieateliers<\/strong> en industrie\u00ebn voor processen zoals :<\/p>\n\n\n\n<ul class=\"wp-block-list\">\n<li>Laserdampen<\/li>\n\n\n\n<li>Lijmen<\/li>\n\n\n\n<li>Opening<\/li>\n\n\n\n<li>Schoonmaken met oplosmiddelen<\/li>\n\n\n\n<li>Strippen<\/li>\n\n\n\n<li>Polijsten<\/li>\n\n\n\n<li>Ontbramen, enz&#8230;<\/li>\n<\/ul>\n\n\n\n<div class=\"wp-block-columns is-layout-flex wp-container-core-columns-is-layout-28f84493 wp-block-columns-is-layout-flex\">\n<div class=\"wp-block-column is-layout-flow wp-block-column-is-layout-flow\">\n<h3 class=\"wp-block-heading has-text-align-center\" id=\"polluants\">Verontreinigende stoffen<\/h3>\n\n\n\n<hr class=\"wp-block-separator has-css-opacity is-style-wide\"\/>\n\n\n\n<div class=\"wp-block-columns is-layout-flex wp-container-core-columns-is-layout-28f84493 wp-block-columns-is-layout-flex\">\n<div class=\"wp-block-column is-layout-flow wp-block-column-is-layout-flow\">\n<figure class=\"wp-block-image aligncenter size-large\"><img decoding=\"async\" width=\"70\" height=\"70\" src=\"https:\/\/obera.fr\/wp-content\/uploads\/2020\/08\/polluants-poussieres.jpg\" alt=\"Verontreinigende stoffen Stof\" class=\"wp-image-675\"\/><figcaption class=\"wp-element-caption\">Chemische stof<\/figcaption><\/figure>\n\n\n\n<figure class=\"wp-block-image aligncenter size-large\"><img decoding=\"async\" width=\"70\" height=\"70\" src=\"https:\/\/obera.fr\/wp-content\/uploads\/2020\/08\/industrie-fumees.jpg\" alt=\"Industrie Rook\" class=\"wp-image-722\"\/><figcaption class=\"wp-element-caption\">Dampen<\/figcaption><\/figure>\n<\/div>\n\n\n\n<div class=\"wp-block-column is-layout-flow wp-block-column-is-layout-flow\">\n<figure class=\"wp-block-image aligncenter size-large\"><img decoding=\"async\" width=\"70\" height=\"70\" src=\"https:\/\/obera.fr\/wp-content\/uploads\/2020\/10\/industrie-aerosols.jpg\" alt=\"Industrie spuitbussen\" class=\"wp-image-1201\"\/><figcaption class=\"wp-element-caption\">VOCS<\/figcaption><\/figure>\n\n\n\n<figure class=\"wp-block-image aligncenter size-large\"><img decoding=\"async\" width=\"70\" height=\"70\" src=\"https:\/\/obera.fr\/wp-content\/uploads\/2020\/08\/industrie-odeur.jpg\" alt=\"Industrie Geur\" class=\"wp-image-723\"\/><figcaption class=\"wp-element-caption\">Geuren<\/figcaption><\/figure>\n<\/div>\n<\/div>\n<\/div>\n\n\n\n<div class=\"wp-block-column is-layout-flow wp-block-column-is-layout-flow\">\n<h3 class=\"wp-block-heading has-text-align-center\" id=\"industries\">Industrie<\/h3>\n\n\n\n<hr class=\"wp-block-separator has-css-opacity is-style-wide\"\/>\n\n\n\n<div class=\"wp-block-columns is-layout-flex wp-container-core-columns-is-layout-28f84493 wp-block-columns-is-layout-flex\">\n<div class=\"wp-block-column is-layout-flow wp-block-column-is-layout-flow\">\n<figure class=\"wp-block-image aligncenter size-large\"><img decoding=\"async\" width=\"70\" height=\"70\" src=\"https:\/\/obera.fr\/wp-content\/uploads\/2020\/08\/industrie-metallurgie.jpg\" alt=\"Metaalindustrie\" class=\"wp-image-673\"\/><figcaption class=\"wp-element-caption\">Metaalkunde<\/figcaption><\/figure>\n\n\n\n<figure class=\"wp-block-image aligncenter size-large\"><img decoding=\"async\" width=\"70\" height=\"70\" src=\"https:\/\/obera.fr\/wp-content\/uploads\/2020\/08\/industrie-bois.jpg\" alt=\"Houtindustrie\" class=\"wp-image-672\"\/><figcaption class=\"wp-element-caption\">Houtbewerking<\/figcaption><\/figure>\n<\/div>\n\n\n\n<div class=\"wp-block-column is-layout-flow wp-block-column-is-layout-flow\">\n<figure class=\"wp-block-image aligncenter size-large\"><img decoding=\"async\" width=\"70\" height=\"70\" src=\"https:\/\/obera.fr\/wp-content\/uploads\/2020\/08\/industrie-chimie.jpg\" alt=\"Chemische industrie\" class=\"wp-image-725\"\/><figcaption class=\"wp-element-caption\">Chemie\/Petrochemie<\/figcaption><\/figure>\n<\/div>\n<\/div>\n<\/div>\n<\/div>\n\n\n\n<h2 class=\"wp-block-heading\" id=\"quelles-sont-les-caracteristiques-de-notre-filtre-anti-poussiere-odeurs-et-cov-industriel\">Wat zijn de kenmerken van ons industrieel stof-, geur- en VOC-filter?<\/h2>\n\n\n\n<p>Ons <strong>industrieel stof-, geur- en VOC-filter<\/strong> is ontworpen om een hoge zuigkracht te leveren, waardoor het tot 1000 m3\/u kan verwerken zonder arm en 150 m3\/u met arm. Het geluidsniveau is bijzonder laag (63 dB). <\/p>\n\n\n\n<p>Het bestaat uit een voorfiltratiefase en twee filtratiefasen (1 hoofdstoffilter + 1 hoofdactiefkoolfilter). Fijnstoffilters zijn verzadigingsfilters en moeten dus worden vervangen als ze verzadigd zijn. Als de hoeveelheid stof te groot is, kan dit type filtermedia ongeschikt blijken. Het is dan raadzaam om een model stofafscheider te kiezen met een reinigingssysteem en regenereerbare filtermedia.  <\/p>\n\n\n\n<p>De mogelijke filterconfiguraties op dit apparaat zijn als volgt:<\/p>\n\n\n\n<div class=\"wp-block-columns is-layout-flex wp-container-core-columns-is-layout-28f84493 wp-block-columns-is-layout-flex\">\n<div class=\"wp-block-column is-layout-flow wp-block-column-is-layout-flow\">\n<h3 class=\"wp-block-heading\" id=\"prefiltration\">Voorfiltratie<\/h3>\n\n\n\n<ul class=\"wp-block-list\">\n<li><strong>ISO Grof 50% luchtfilter<\/strong> (effici\u00ebntie voormalige filterklasse G3) afwasbaar metalen gaas in aluminium of staal, bijzonder geschikt voor oli\u00ebn, vetten en kleverig stof of voor het afscheiden van vonken.<\/li>\n\n\n\n<li><strong>Luchtfilter ISO Coarse 90% tot ISO PM10 85%<\/strong> (effici\u00ebntie vroeger klasse G4, M5 en F7) filter en frame in polyestervezel. Deze luchtfilters scheiden fijn en grof stof en deeltjes af om de filters van de volgende trappen te beschermen. <\/li>\n<\/ul>\n<\/div>\n\n\n\n<div class=\"wp-block-column is-layout-flow wp-block-column-is-layout-flow\">\n<h3 class=\"wp-block-heading\" id=\"filtre-principal-1\">Hoofdfilter 1<\/h3>\n\n\n\n<ul class=\"wp-block-list\">\n<li><strong>Luchtfilter ISO PM1 65% tot ISO PM1 85%<\/strong> (effici\u00ebntie vroegere filtratieklasse F8 en F9) 100% polyester filter, volledig recyclebaar, voor effici\u00ebnte filtratie zonder mogelijk vrijkomen van glasvezels.<\/li>\n\n\n\n<li><strong>Hoogrendementsluchtfilter<\/strong> (HEPA E11 tot H14 absolute filtereffici\u00ebntie) voor effectieve filtratie van ultrafijne deeltjes en mogelijk CMR-stof. E11-filters hebben een zeer lage drukval en zijn gemaakt van 100% polyester om gezonde lucht te garanderen zonder dat er glasvezeldeeltjes vrijkomen. Boven E11 zijn absolute filters gemaakt van glasvezel.  <\/li>\n<\/ul>\n\n\n\n<h3 class=\"wp-block-heading\" id=\"filtre-principal-2\">Hoofdfilter 2<\/h3>\n\n\n\n<ul class=\"wp-block-list\">\n<li>Er is een <strong>brede waaier aan adsorptiemiddelen met hoog rendement<\/strong> beschikbaar om een brede waaier aan VOC&#8217;s, geuren en andere gasvormige verontreinigingen te behandelen. De hoeveelheid actieve kool varieert van 6,5 kg tot 15 kg. Cartridges zijn herbruikbaar en recyclebaar.  <\/li>\n<\/ul>\n<\/div>\n<\/div>\n\n\n\n<p>De voorfiltratiefase scheidt grove deeltjes af en beschermt zo de hoofdfilter met actieve kool. Je kunt het type actieve kool kiezen in functie van de te behandelen vervuilende stoffen, voor een optimale effici\u00ebntie. Het apparaat staat op wieltjes en weegt slechts 20 kg, waardoor het gemakkelijk te manoeuvreren is.  <\/p>\n\n\n\n<p>Het ePUR 10 B CA stof-, geur- en VOC-filter is een <strong>lichtgewicht<\/strong> (volledig gemaakt van aluminium), mobiel (op wielen) <strong>industrieel systeem<\/strong> dat gemakkelijk zo dicht mogelijk bij de productiemiddelen kan worden geplaatst om de verontreinigende stoffen bij de bron op te vangen en zo de lucht zo dicht mogelijk bij de operator te reinigen.<\/p>\n\n\n\n<figure class=\"wp-block-table\"><table class=\"has-fixed-layout\"><thead><tr><th>Apparaat<\/th><th><\/th><th>ePUR010B CA<br>Met arm<\/th><th>ePUR010B CA<br>Zonder arm<\/th><\/tr><\/thead><tbody><tr><td>Stroom<\/td><td>m3\/u<\/td><td>150<\/td><td>1 000<\/td><\/tr><tr><td>Intensiteit<\/td><td>A<\/td><td>0.7<\/td><td>0.7<\/td><\/tr><tr><td>Voedingsspanning<\/td><td>V<\/td><td>230<\/td><td>230<\/td><\/tr><tr><td>Stroom<\/td><td>kW<\/td><td>0.08<\/td><td>0.08<\/td><\/tr><tr><td>Afmetingen<\/td><td>l\/L\/h (mm)<\/td><td>660 x 370 x 780 mm<\/td><td>660 x 370 x 780 mm<\/td><\/tr><tr><td>Lading actieve kool<\/td><td>kg<\/td><td>7.5<\/td><td>7.5<\/td><\/tr><tr><td>Geluidsniveau<\/td><td>dB(A)<\/td><td>63<\/td><td>63<\/td><\/tr><\/tbody><\/table><\/figure>\n\n\n\n<div class=\"wp-block-buttons is-horizontal is-content-justification-center is-layout-flex wp-container-core-buttons-is-layout-03627597 wp-block-buttons-is-layout-flex\">\n<div class=\"wp-block-button\"><a class=\"wp-block-button__link wp-element-button\" href=\"https:\/\/obera.fr\/wp-content\/uploads\/2024\/02\/brochure-epur-10-bca.pdf\">productgegevens downloaden<\/a><\/div>\n<\/div>\n\n\n\n<h2 class=\"wp-block-heading\" id=\"quels-sont-les-avantages-de-notre-filtre-anti-poussiere-odeurs-et-cov-industriel\">Wat zijn de voordelen van onze industri\u00eble stof-, geur- en VOC-filters?<\/h2>\n\n\n\n<p>Deze filtratiesystemen verbeteren de luchtkwaliteit op werkplekken aanzienlijk, waardoor het risico op blootstelling van werknemers afneemt. Een ander voordeel is de <strong>bescherming van productiemachines<\/strong>, wat leidt tot <strong>minder storingen<\/strong> en een langere levensduur van machines.   <\/p>\n\n\n\n<blockquote class=\"wp-block-quote is-layout-flow wp-block-quote-is-layout-flow\">\n<p>Deze luchtbehandelingssystemen zijn <strong>bijzonder stil<\/strong>, waardoor ze direct in de werkruimte kunnen worden ge\u00efnstalleerd.  <\/p>\n<\/blockquote>\n\n\n\n<p>Het voorfilter beschermt het hoofdfilter van actieve kool tegen grove deeltjes, zodat het lang meegaat. De filters kunnen snel en eenvoudig worden vervangen met een enkele inbussleutel. Dankzij de wielen en het gewicht van 20 kg is hij gemakkelijk te manoeuvreren. Zoals de regelgeving vereist, kunt u met onze apparatuur voldoen aan de grenswaarden voor beroepsmatige blootstelling<a href=\"https:\/\/obera.fr\/conseils\/reglementation-vlep-evaluation-risque-chimique-lieu-de-travail\/\" data-type=\"post\" data-id=\"6575\">(OELV&#8217;s<\/a>), waardoor <a href=\"https:\/\/obera.fr\/conseils\/qualite-l-air-interieur-critere-essentiel-industrie\/\" data-type=\"post\" data-id=\"5884\">de luchtkwaliteit verbetert<\/a>.   <\/p>\n\n\n\n<div class=\"wp-block-columns is-layout-flex wp-container-core-columns-is-layout-28f84493 wp-block-columns-is-layout-flex\">\n<div class=\"wp-block-column is-layout-flow wp-block-column-is-layout-flow\">\n<h3 class=\"wp-block-heading has-text-align-center\" id=\"avantages\">Voordelen<\/h3>\n\n\n\n<ul class=\"wp-block-list\">\n<li>Plug &amp; Play: steek de stekker in het stopcontact en hij is klaar voor gebruik<\/li>\n\n\n\n<li>Krachtig en stil<\/li>\n\n\n\n<li>Geen installatie- of afzuigkanalen<\/li>\n\n\n\n<li>Ontworpen om gemakkelijk te verplaatsen dankzij de wielen<\/li>\n\n\n\n<li>Zeer laag verbruik (ze verbruiken minder dan een huishoudelijke stofzuiger)<\/li>\n<\/ul>\n<\/div>\n\n\n\n<div class=\"wp-block-column is-layout-flow wp-block-column-is-layout-flow\">\n<h3 class=\"wp-block-heading has-text-align-center\" id=\"particularites\">Speciale functies<\/h3>\n\n\n\n<ul class=\"wp-block-list\">\n<li>Patronen geladen met actieve kool, geselecteerd op basis van de te behandelen verontreinigende stoffen.<\/li>\n\n\n\n<li>Herbruikbare en recyclebare cartridges<\/li>\n\n\n\n<li>Vervang je filtermedia zelf in slechts 5 minuten met slechts \u00e9\u00e9n inbussleutel.<\/li>\n\n\n\n<li>Steek de stekker in een standaard 220V stopcontact<\/li>\n<\/ul>\n<\/div>\n\n\n\n<div class=\"wp-block-column is-layout-flow wp-block-column-is-layout-flow\">\n<h3 class=\"wp-block-heading has-text-align-center\" id=\"caracteristiques\">Kenmerken<\/h3>\n\n\n\n<ul class=\"wp-block-list\">\n<li>Verbetert de luchtkwaliteit in productiewerkplaatsen aanzienlijk door bestaande systemen aan te vullen<\/li>\n\n\n\n<li>Vangt vervuilende stoffen bij de bron op<\/li>\n\n\n\n<li>Kan worden uitgerust met verschillende kappen of modulaire kappen<\/li>\n<\/ul>\n<\/div>\n<\/div>\n\n\n\n<div class=\"wp-block-buttons is-horizontal is-content-justification-center is-layout-flex wp-container-core-buttons-is-layout-03627597 wp-block-buttons-is-layout-flex\">\n<div class=\"wp-block-button has-custom-width wp-block-button__width-100\"><a class=\"wp-block-button__link wp-element-button\" href=\"https:\/\/obera.fr\/nl\/neem-contact-met-ons-op\/\">Meer informatie<\/a><\/div>\n<\/div>\n\n\n\n<h2 class=\"wp-block-heading\" id=\"les-autres-produits-de-traitement-des-polluants-gazeux-obera\">Andere oberA gasvormige verontreinigende behandelingsproducten<\/h2>\n\n\n\n<div class=\"wp-block-columns is-layout-flex wp-container-core-columns-is-layout-28f84493 wp-block-columns-is-layout-flex\">\n<div class=\"wp-block-column is-layout-flow wp-block-column-is-layout-flow\">\n<figure class=\"wp-block-image aligncenter size-medium is-resized\"><a href=\"https:\/\/obera.fr\/produits\/traitement-cov\/aspiration-mobile-odeurs-epur-box\/\"><img decoding=\"async\" width=\"300\" height=\"300\" src=\"https:\/\/obera.fr\/wp-content\/uploads\/2020\/09\/ePUR-BOX-SF-300x300.png\" alt=\"Epur Doos Sf\" class=\"wp-image-1036\" srcset=\"https:\/\/obera.fr\/wp-content\/uploads\/2020\/09\/ePUR-BOX-SF-300x300.png 300w, https:\/\/obera.fr\/wp-content\/uploads\/2020\/09\/ePUR-BOX-SF-150x150.png 150w, https:\/\/obera.fr\/wp-content\/uploads\/2020\/09\/ePUR-BOX-SF.png 600w\" sizes=\"(max-width: 300px) 100vw, 300px\" \/><\/a><figcaption class=\"wp-element-caption\">ePUR BOX<\/figcaption><\/figure>\n\n\n\n<figure class=\"wp-block-image aligncenter size-full is-resized\"><a href=\"https:\/\/obera.fr\/produits\/purificateurs-air\/professionnel-epur-ca\/\"><img decoding=\"async\" width=\"500\" height=\"500\" src=\"https:\/\/obera.fr\/wp-content\/uploads\/2022\/02\/EPUR30-CA.png\" alt=\"epur30 ca\" class=\"wp-image-8923\" srcset=\"https:\/\/obera.fr\/wp-content\/uploads\/2022\/02\/EPUR30-CA.png 500w, https:\/\/obera.fr\/wp-content\/uploads\/2022\/02\/EPUR30-CA-300x300.png 300w, https:\/\/obera.fr\/wp-content\/uploads\/2022\/02\/EPUR30-CA-150x150.png 150w\" sizes=\"(max-width: 500px) 100vw, 500px\" \/><\/a><figcaption class=\"wp-element-caption\">ePUR CA<\/figcaption><\/figure>\n<\/div>\n\n\n\n<div class=\"wp-block-column is-layout-flow wp-block-column-is-layout-flow\">\n<figure class=\"wp-block-image aligncenter size-full is-resized\"><a href=\"https:\/\/obera.fr\/produits\/depoussiereurs-industriels\/petits\/aspiration-fumees-soudage-laser-epur-b-ex\/\"><img decoding=\"async\" width=\"600\" height=\"600\" src=\"https:\/\/obera.fr\/wp-content\/uploads\/2023\/10\/epurb-ex-1000-3000-5000.png\" alt=\"oberA epur b ex 1000 3000 5000\" class=\"wp-image-25016\" srcset=\"https:\/\/obera.fr\/wp-content\/uploads\/2023\/10\/epurb-ex-1000-3000-5000.png 600w, https:\/\/obera.fr\/wp-content\/uploads\/2023\/10\/epurb-ex-1000-3000-5000-300x300.png 300w, https:\/\/obera.fr\/wp-content\/uploads\/2023\/10\/epurb-ex-1000-3000-5000-150x150.png 150w\" sizes=\"(max-width: 600px) 100vw, 600px\" \/><\/a><figcaption class=\"wp-element-caption\">ePUR B EX<\/figcaption><\/figure>\n<\/div>\n\n\n\n<div class=\"wp-block-column is-layout-flow wp-block-column-is-layout-flow\">\n<figure class=\"wp-block-image aligncenter size-full is-resized\"><a href=\"https:\/\/obera.fr\/produits\/traitement-cov\/filtre-atex-mobile-mobfan-4500\/\"><img decoding=\"async\" width=\"500\" height=\"500\" src=\"https:\/\/obera.fr\/wp-content\/uploads\/2022\/03\/Filtre-mobile-ATEX-MOBFAN4500.png\" alt=\"atex mobiel filter mobfan4500\" class=\"wp-image-9464\" srcset=\"https:\/\/obera.fr\/wp-content\/uploads\/2022\/03\/Filtre-mobile-ATEX-MOBFAN4500.png 500w, https:\/\/obera.fr\/wp-content\/uploads\/2022\/03\/Filtre-mobile-ATEX-MOBFAN4500-300x300.png 300w, https:\/\/obera.fr\/wp-content\/uploads\/2022\/03\/Filtre-mobile-ATEX-MOBFAN4500-150x150.png 150w\" sizes=\"(max-width: 500px) 100vw, 500px\" \/><\/a><figcaption class=\"wp-element-caption\">MOBFAN 4500<\/figcaption><\/figure>\n<\/div>\n<\/div>\n\n\n\n<p><\/p>\n","protected":false},"excerpt":{"rendered":"<p>Onze ePUR010 B CA industri\u00eble stof- en VOC-filter is een mobiele afzuigeenheid met actieve kool die een luchtstroom kan verwerken die stof, fijne deeltjes en verontreinigende gassen bevat. Hoe werkt ons apparaat? De werking van deze industri\u00eble filter is eenvoudig: de vervuilde lucht wordt aan de bron opgevangen via een flexibele slang, een kanaal, een afzuigarm of een afzuigkap. Het systeem heeft 2 of 3 filtratiefasen. Deeltjes en stof worden tegengehouden door de eerste 2 stadia van instelbare filtratie (voorfilter instelbaar van G3 tot F7) en een hoofdfilter (instelbaar van F8 tot absolute HEPA H14-filtratie). De verontreinigende gassen, geuren en &#8230; <\/p>\n<p class=\"read-more-container\"><a title=\"ePUR010 B CA industrieel stof-, geur- en VOC-filter\" class=\"read-more button\" href=\"https:\/\/obera.fr\/nl\/produits\/traitement-cov\/filtre-anti-poussiere-epur010-b-ca\/#more-46028\" aria-label=\"Lees meer over ePUR010 B CA industrieel stof-, geur- en VOC-filter\">Lire la suite<\/a><\/p>\n","protected":false},"author":4,"featured_media":83736,"parent":44633,"menu_order":0,"comment_status":"closed","ping_status":"closed","template":"","meta":{"_acf_changed":false,"_seopress_robots_primary_cat":"","_seopress_titles_title":"ePUR010 B CA industrieel stof-, geur- en VOC-filter","_seopress_titles_desc":"De ePUR010 B CA industri\u00eble filter is een mobiele actievekoolafzuiger die lucht behandelt die stof, fijne deeltjes en verontreinigende gassen bevat.","_seopress_robots_index":"","footnotes":""},"class_list":{"0":"post-46028","1":"page","2":"type-page","3":"status-publish","4":"has-post-thumbnail","6":"no-featured-image-padding","7":"resize-featured-image"},"acf":[],"_links":{"self":[{"href":"https:\/\/obera.fr\/nl\/wp-json\/wp\/v2\/pages\/46028","targetHints":{"allow":["GET"]}}],"collection":[{"href":"https:\/\/obera.fr\/nl\/wp-json\/wp\/v2\/pages"}],"about":[{"href":"https:\/\/obera.fr\/nl\/wp-json\/wp\/v2\/types\/page"}],"author":[{"embeddable":true,"href":"https:\/\/obera.fr\/nl\/wp-json\/wp\/v2\/users\/4"}],"replies":[{"embeddable":true,"href":"https:\/\/obera.fr\/nl\/wp-json\/wp\/v2\/comments?post=46028"}],"version-history":[{"count":12,"href":"https:\/\/obera.fr\/nl\/wp-json\/wp\/v2\/pages\/46028\/revisions"}],"predecessor-version":[{"id":87905,"href":"https:\/\/obera.fr\/nl\/wp-json\/wp\/v2\/pages\/46028\/revisions\/87905"}],"up":[{"embeddable":true,"href":"https:\/\/obera.fr\/nl\/wp-json\/wp\/v2\/pages\/44633"}],"wp:featuredmedia":[{"embeddable":true,"href":"https:\/\/obera.fr\/nl\/wp-json\/wp\/v2\/media\/83736"}],"wp:attachment":[{"href":"https:\/\/obera.fr\/nl\/wp-json\/wp\/v2\/media?parent=46028"}],"curies":[{"name":"wp","href":"https:\/\/api.w.org\/{rel}","templated":true}]}}