{"id":46099,"date":"2022-11-23T11:48:48","date_gmt":"2022-11-23T09:48:48","guid":{"rendered":"https:\/\/obera.fr\/dustomat-hydro-vaste-stofafscheider-voor-nat-stof\/"},"modified":"2025-11-15T17:23:12","modified_gmt":"2025-11-15T15:23:12","slug":"depoussiereur-a-voie-humide-dustomat-hydro","status":"publish","type":"page","link":"https:\/\/obera.fr\/nl\/produits\/depoussiereurs-industriels\/fixes\/depoussiereur-a-voie-humide-dustomat-hydro\/","title":{"rendered":"DUSTOMAT HYDRO : vaste stofafscheider voor nat stof"},"content":{"rendered":"\n<p>Ontdek ons gamma <strong>DUSTOMAT HYDRO stofafscheiders voor nat stof<\/strong>, die prestaties en effici\u00ebntie combineren voor de afzuiging van licht ontvlambare stoffen.<\/p>\n\n<h2 class=\"wp-block-heading\">DUSTOMAT HYDRO industri\u00eble stofafscheider: hoe werkt het en hoe gebruik je het?<\/h2>\n\n<div class=\"wp-block-columns is-layout-flex wp-container-core-columns-is-layout-28f84493 wp-block-columns-is-layout-flex\">\n<div class=\"wp-block-column is-layout-flow wp-block-column-is-layout-flow\" style=\"flex-basis:33.33%\">\n<figure class=\"wp-block-image aligncenter size-full is-resized\"><img decoding=\"async\" width=\"600\" height=\"600\" src=\"https:\/\/obera.fr\/wp-content\/uploads\/2022\/11\/dustomat-hydro-1.png\" alt=\"hydro 1\" class=\"wp-image-15989\" style=\"width:300px;height:300px\" srcset=\"https:\/\/obera.fr\/wp-content\/uploads\/2022\/11\/dustomat-hydro-1.png 600w, https:\/\/obera.fr\/wp-content\/uploads\/2022\/11\/dustomat-hydro-1-300x300.png 300w, https:\/\/obera.fr\/wp-content\/uploads\/2022\/11\/dustomat-hydro-1-150x150.png 150w\" sizes=\"(max-width: 600px) 100vw, 600px\" \/><\/figure>\n<\/div>\n\n\n\n<div class=\"wp-block-column is-vertically-aligned-center is-layout-flow wp-block-column-is-layout-flow\" style=\"flex-basis:66.66%\">\n<p>De belangrijkste kracht van de DUSTOMAT HYDRO-serie ligt in een <strong>innovatieve meertraps scheidingstechnologie voor het afvangen van stof en vonken<\/strong>. De vervuilde lucht wordt aangezogen door een ventilator die in de stofafscheider is ge\u00efntegreerd. De luchtsnelheid wordt verminderd, waardoor zware deeltjes in een opvangbak vallen: dit is de eerste stap van de voorafscheiding van deeltjes. De lucht gaat vervolgens door een <strong>hydrocycloon<\/strong> die de centrifugale kracht gebruikt om fijne deeltjes van het water te scheiden. Deze deeltjes worden in het water opgevangen en vonken worden gekoeld om ze onschadelijk te maken. Tot slot vangt een laatste filtratiestap de laatste fijne deeltjes op, zodat schone lucht kan worden afgevoerd. Deze filtratietechnologie garandeert een hoge scheidingseffici\u00ebntie tot 99,995%.<\/p>\n\n\n\n<p>Voor welk gebruik? De <strong>natte afscheiders<\/strong> van de DUSTOMAT HYDRO-serie zijn ontworpen voor de afzuiging van zeer brandbare stoffen of in werkprocessen met vonken. Ze zijn geschikt voor afzuigsystemen met \u00e9\u00e9n of meerdere stations voor metaalstof, bijvoorbeeld tijdens het <strong>slijpen<\/strong>, <strong>borstelen<\/strong> en <strong>polijsten<\/strong>. De DUSTOMAT HYDRO voldoet ook aan de ATEX-norm voor effici\u00ebnt en veilig gebruik in explosiegevaarlijke omgevingen. Deze <a href=\"https:\/\/obera.fr\/nl\/produits\/depoussiereurs-industriels\/fixes\/\" data-type=\"page\" data-id=\"389\">vaste natte stofafscheiders<\/a> zijn dan ook populair in de <strong>metaalindustrie<\/strong>, <strong>chemische industrie<\/strong>, <strong>voedingsmiddelenindustrie<\/strong> of in de <strong>hout- en ambachtsindustrie<\/strong>.<\/p>\n\n\n\n<div class=\"wp-block-columns is-layout-flex wp-container-core-columns-is-layout-28f84493 wp-block-columns-is-layout-flex\">\n<div class=\"wp-block-column is-layout-flow wp-block-column-is-layout-flow\" style=\"flex-basis:33.33%\">\n<div class=\"wp-block-buttons is-layout-flex wp-block-buttons-is-layout-flex\">\n<div class=\"wp-block-button\"><a class=\"wp-block-button__link wp-element-button\" href=\"https:\/\/obera.fr\/wp-content\/uploads\/2025\/04\/brochure-dustomat-hydro-fr.pdf\">DOWNLOAD DE BROCHURE<\/a><\/div>\n<\/div>\n<\/div>\n\n\n\n<div class=\"wp-block-column is-layout-flow wp-block-column-is-layout-flow\" style=\"flex-basis:33.34%\">\n<div class=\"wp-block-buttons is-horizontal is-content-justification-center is-layout-flex wp-container-core-buttons-is-layout-03627597 wp-block-buttons-is-layout-flex\">\n<div class=\"wp-block-button has-custom-width wp-block-button__width-100\"><a class=\"wp-block-button__link wp-element-button\" href=\"https:\/\/obera.fr\/nl\/neem-contact-met-ons-op\/\">Meer informatie<\/a><\/div>\n<\/div>\n<\/div>\n\n\n\n<div class=\"wp-block-column is-layout-flow wp-block-column-is-layout-flow\" style=\"flex-basis:33.34%\">\n<div class=\"wp-block-buttons is-content-justification-center is-layout-flex wp-container-core-buttons-is-layout-a89b3969 wp-block-buttons-is-layout-flex\">\n<div class=\"wp-block-button btn-devis-source\"><a class=\"wp-block-button__link wp-element-button\" href=\"https:\/\/obera.fr\/nl\/devis\/\">Een offerte aanvragen<\/a><\/div>\n<\/div>\n\n\n<script>\r\ndocument.addEventListener('DOMContentLoaded', function() {\r\n    \/\/ 1. On cherche le titre H1 de la page\r\n    var h1 = document.querySelector('h1');\r\n    var productTitle = h1 ? h1.innerText.trim() : \"\";\r\n\r\n    \/\/ 2. On cherche les boutons via la classe CSS .btn-devis-source\r\n    var buttons = document.querySelectorAll('.btn-devis-source a');\r\n\r\n    \/\/ 3. Si on a le titre et les boutons, on ajoute le param\u00e8tre\r\n    if (buttons.length > 0 && productTitle !== \"\") {\r\n        var encodedTitle = encodeURIComponent(productTitle);\r\n\r\n        buttons.forEach(function(btn) {\r\n            var currentHref = btn.getAttribute('href');\r\n            \r\n            \/\/ S\u00e9curit\u00e9 pour ne pas ajouter le param\u00e8tre 2 fois\r\n            if (currentHref.indexOf('sujet=') === -1) {\r\n                var separator = currentHref.indexOf('?') !== -1 ? '&' : '?';\r\n                var newLink = currentHref + separator + 'sujet=' + encodedTitle;\r\n                \r\n                btn.setAttribute('href', newLink);\r\n            }\r\n        });\r\n    }\r\n});\r\n<\/script><\/div>\n<\/div>\n<\/div>\n<\/div>\n\n<div style=\"height:30px\" aria-hidden=\"true\" class=\"wp-block-spacer\"><\/div>\n\n<h2 class=\"wp-block-heading\">Kenmerken van DUSTOMAT HYDRO stofafscheiders voor nat stof<\/h2>\n\n<p>De DUSTOMAT HYDRO-serie omvat <strong>4 modellen natte stofafscheiders<\/strong> met een capaciteit vari\u00ebrend van een <strong>debiet van 2.300 tot 10.000 m3\/u<\/strong>. Ze bieden allemaal een breed scala aan toepassingen voor de afzuiging van metaalspanen, lasrook, aluminium-, staal-, titaniumstof, de afzuiging van explosieve materialen (optioneel conform de <a href=\"https:\/\/obera.fr\/nl\/ons-advies\/zone-atex-norme-atex-bases-protection-contre-risque-explosion\/\" data-type=\"post\" data-id=\"17925\">ATEX-norm<\/a>) en vonken genererend metaalstof. Een veelzijdigheid die deze serie bijzonder effectief maakt voor het afzuigen van deeltjes die worden gegenereerd door processen zoals schuren, polijsten, zagen, frezen of lassen.<\/p>\n\n<p>Bovendien is de DUSTOMAT HYDRO een stofafscheider die zich echt kan aanpassen aan de behoeften van industri\u00eble bedrijven. Naast de ATEX-conformiteit kan optioneel een speciale laklaag en een variabele positie van de <strong>afzuigmond<\/strong> worden toegevoegd. U heeft ook de keuze uit filtermedia (bijvoorbeeld HEPA H 14 filter voor kankerverwekkende deeltjes). Bovendien beschikken de <strong><a href=\"https:\/\/obera.fr\/nl\/produits\/depoussiereurs-industriels\/\" data-type=\"page\" data-id=\"31\">industri\u00eble stofafscheiders<\/a><\/strong> van deze serie over twee vermogensniveaus, een configureerbaar filtersysteem (tot 4 filtratieniveaus) en sensoren die de watervulling automatisch regelen.<\/p>\n\n<p>Een ander kenmerk van de DUSTOMAT HYDRO serie zijn <strong>de lage onderhoudskosten<\/strong>, omdat het filtratiesysteem voor fijne deeltjes zich stroomafwaarts bevindt.<\/p>\n\n<blockquote class=\"wp-block-quote is-layout-flow wp-block-quote-is-layout-flow\">\n<p>De innovatieve DUSTOMAT HYDRO-technologie: het op een hydrocycloon gebaseerde scheidingssysteem maakt vonken en brandbaar stof vrijwel volledig onschadelijk, en dit al vanaf het eerste filtratieniveau (scheidingsgraad van 98,7%). Zelfs de kleinste deeltjesfracties van \u2265 15 \u00b5m worden veilig gebonden in de waterturbulentiekamer, waardoor OberA de kwaliteit van de voorafscheiding naar een hoger niveau tilt. Gebruikers profiteren van een aanzienlijk effect: de filtermedia van het daaropvolgende droge scheidingssysteem worden ontzien, wat resulteert in een langere levensduur en lagere vervolgkosten.<\/p>\n<\/blockquote>\n\n<div class=\"wp-block-columns is-layout-flex wp-container-core-columns-is-layout-28f84493 wp-block-columns-is-layout-flex\">\n<div class=\"wp-block-column is-layout-flow wp-block-column-is-layout-flow\">\n<h3 class=\"wp-block-heading has-text-align-center\" id=\"industries\">Industrie<\/h3>\n\n\n\n<hr class=\"wp-block-separator has-css-opacity is-style-wide\"\/>\n\n\n\n<div class=\"wp-block-columns is-layout-flex wp-container-core-columns-is-layout-28f84493 wp-block-columns-is-layout-flex\">\n<div class=\"wp-block-column is-layout-flow wp-block-column-is-layout-flow\">\n<figure class=\"wp-block-image aligncenter size-full\"><img decoding=\"async\" width=\"150\" height=\"150\" src=\"https:\/\/obera.fr\/wp-content\/uploads\/2022\/02\/Metalurgie.png\" alt=\"metaalbewerking\" class=\"wp-image-8857\"\/><figcaption class=\"wp-element-caption\">Metaalbewerking<\/figcaption><\/figure>\n\n\n\n<figure class=\"wp-block-image aligncenter size-full\"><img decoding=\"async\" width=\"150\" height=\"150\" src=\"https:\/\/obera.fr\/wp-content\/uploads\/2022\/02\/Textile.png\" alt=\"textiel\" class=\"wp-image-8855\"\/><figcaption class=\"wp-element-caption\">Textiel<\/figcaption><\/figure>\n<\/div>\n\n\n\n<div class=\"wp-block-column is-layout-flow wp-block-column-is-layout-flow\">\n<figure class=\"wp-block-image aligncenter size-full\"><img decoding=\"async\" width=\"150\" height=\"150\" src=\"https:\/\/obera.fr\/wp-content\/uploads\/2022\/02\/Chimie.png\" alt=\"scheikunde\" class=\"wp-image-8846\"\/><figcaption class=\"wp-element-caption\">Scheikunde<\/figcaption><\/figure>\n\n\n\n<figure class=\"wp-block-image aligncenter size-full\"><img decoding=\"async\" width=\"150\" height=\"150\" src=\"https:\/\/obera.fr\/wp-content\/uploads\/2022\/02\/Plastique.png\" alt=\"kunststof\" class=\"wp-image-8854\"\/><figcaption class=\"wp-element-caption\">Kunststof<\/figcaption><\/figure>\n<\/div>\n\n\n\n<div class=\"wp-block-column is-layout-flow wp-block-column-is-layout-flow\">\n<figure class=\"wp-block-image aligncenter size-full\"><img decoding=\"async\" width=\"150\" height=\"150\" src=\"https:\/\/obera.fr\/wp-content\/uploads\/2022\/02\/MINERAIS.png\" alt=\"ertsen\" class=\"wp-image-8847\"\/><figcaption class=\"wp-element-caption\">Mineralen<\/figcaption><\/figure>\n\n\n\n<figure class=\"wp-block-image aligncenter size-full\"><img decoding=\"async\" width=\"150\" height=\"150\" src=\"https:\/\/obera.fr\/wp-content\/uploads\/2022\/02\/Papier-carton.png\" alt=\"papier en karton\" class=\"wp-image-8853\"\/><figcaption class=\"wp-element-caption\">Papier\/karton<\/figcaption><\/figure>\n<\/div>\n\n\n\n<div class=\"wp-block-column is-layout-flow wp-block-column-is-layout-flow\">\n<figure class=\"wp-block-image aligncenter size-full\"><img decoding=\"async\" width=\"150\" height=\"150\" src=\"https:\/\/obera.fr\/wp-content\/uploads\/2022\/02\/AGROALIMENTAIRE.png\" alt=\"agrovoeding\" class=\"wp-image-8844\"\/><figcaption class=\"wp-element-caption\">Voedselindustrie<\/figcaption><\/figure>\n<\/div>\n<\/div>\n<\/div>\n<\/div>\n\n<figure class=\"wp-block-table\"><table class=\"has-fixed-layout\"><tbody><tr><td><\/td><td><\/td><td><strong>DUSTOMAT HYDRO 2300<\/strong><\/td><td><strong>HYDRO 3500 DUSTOMAT<\/strong><\/td><td><strong>DUSTOMAT HYDRO 6000<\/strong><\/td><td><strong>HYDRO 10000<\/strong><\/td><\/tr><tr><td>Stroom<\/td><td>m3\/u<\/td><td>2 300<\/td><td>3 500<\/td><td>6 000<\/td><td>10 000<\/td><\/tr><tr><td>Max. vacu\u00fcm<\/td><td>Pa<\/td><td>2 500<\/td><td>3 400<\/td><td>3 950<\/td><td>4 800<\/td><\/tr><tr><td>Stroom<\/td><td>kW<\/td><td>3<\/td><td>5,5<\/td><td>7.5<\/td><td>15<\/td><\/tr><tr><td>Diameter inlaat<\/td><td>mm<\/td><td>180<\/td><td>224<\/td><td>280<\/td><td>400<\/td><\/tr><tr><td>Wateraansluiting<\/td><td>Inches<\/td><td>3\/4<\/td><td>3\/4<\/td><td>3\/4<\/td><td>3\/4<\/td><\/tr><tr><td>Afmetingen<\/td><td>l\/L\/h (mm)<\/td><td>850x850x2600<\/td><td>850x850x2600<\/td><td>1350 x 1550 x 3400<\/td><td>1350 x 1550 x 3400<\/td><\/tr><tr><td>Geluidsniveau<\/td><td>dB(A)<\/td><td>70*<\/td><td>72*<\/td><td>73.4<\/td><td>76.1<\/td><\/tr><tr><td>Gewicht<\/td><td>kg<\/td><td>340<\/td><td>380<\/td><td>750<\/td><td>870<\/td><\/tr><\/tbody><\/table><\/figure>\n\n<p>* zonder geluidsisolatiepakket: 75 db(A)<\/p>\n\n<div class=\"wp-block-columns is-layout-flex wp-container-core-columns-is-layout-28f84493 wp-block-columns-is-layout-flex\">\n<div class=\"wp-block-column is-layout-flow wp-block-column-is-layout-flow\"><\/div>\n\n\n\n<div class=\"wp-block-column is-layout-flow wp-block-column-is-layout-flow\">\n<div class=\"wp-block-buttons is-content-justification-center is-layout-flex wp-container-core-buttons-is-layout-a89b3969 wp-block-buttons-is-layout-flex\">\n<div class=\"wp-block-button btn-devis-source\"><a class=\"wp-block-button__link wp-element-button\" href=\"https:\/\/obera.fr\/nl\/devis\/\">Een offerte aanvragen<\/a><\/div>\n<\/div>\n\n\n<script>\r\ndocument.addEventListener('DOMContentLoaded', function() {\r\n    \/\/ 1. On cherche le titre H1 de la page\r\n    var h1 = document.querySelector('h1');\r\n    var productTitle = h1 ? h1.innerText.trim() : \"\";\r\n\r\n    \/\/ 2. On cherche les boutons via la classe CSS .btn-devis-source\r\n    var buttons = document.querySelectorAll('.btn-devis-source a');\r\n\r\n    \/\/ 3. Si on a le titre et les boutons, on ajoute le param\u00e8tre\r\n    if (buttons.length > 0 && productTitle !== \"\") {\r\n        var encodedTitle = encodeURIComponent(productTitle);\r\n\r\n        buttons.forEach(function(btn) {\r\n            var currentHref = btn.getAttribute('href');\r\n            \r\n            \/\/ S\u00e9curit\u00e9 pour ne pas ajouter le param\u00e8tre 2 fois\r\n            if (currentHref.indexOf('sujet=') === -1) {\r\n                var separator = currentHref.indexOf('?') !== -1 ? '&' : '?';\r\n                var newLink = currentHref + separator + 'sujet=' + encodedTitle;\r\n                \r\n                btn.setAttribute('href', newLink);\r\n            }\r\n        });\r\n    }\r\n});\r\n<\/script><\/div>\n\n\n\n<div class=\"wp-block-column is-layout-flow wp-block-column-is-layout-flow\">\n<div class=\"wp-block-buttons is-content-justification-center is-layout-flex wp-container-core-buttons-is-layout-a89b3969 wp-block-buttons-is-layout-flex\">\n<div class=\"wp-block-button\"><a class=\"wp-block-button__link wp-element-button\" href=\"https:\/\/obera.fr\/wp-content\/uploads\/2025\/04\/brochure-dustomat-hydro-fr.pdf\">Download de brochure<\/a><\/div>\n<\/div>\n<\/div>\n\n\n\n<div class=\"wp-block-column is-layout-flow wp-block-column-is-layout-flow\"><\/div>\n<\/div>\n\n<h2 class=\"wp-block-heading\">DUSTOMAT HYDRO: wat zijn de voordelen?  <\/h2>\n\n<p>De stofafscheiders van de DUSTOMAT HYDRO-serie pakken een <strong>primair probleem van luchtkwaliteit in de industrie<\/strong> aan, door de gezondheid en veiligheid van productieteams te verbeteren. <strong>Vermindering van blootstelling aan fijnstof<\/strong>, aan verontreinigende stoffen, verbetering van de luchtkwaliteit in de werkplaats\u2026 Kiezen voor een natte stofafscheider betekent het cre\u00ebren van een gezondere en aangenamere werkomgeving, naast het voldoen aan de geldende milieunormen. Om het comfort van de gebruikers te verbeteren, zijn de modellen van deze serie compact en stil. Om een ruimteprobleem op te lossen, kan het apparaat zowel binnen als buiten worden ge\u00efnstalleerd.<\/p>\n\n<p>Op het gebied van veiligheid maakt de innovatieve hydrocycloontechnologie <strong>werkplekken op<\/strong> twee manieren <strong>zo veilig mogelijk<\/strong>: door het risico op brand door stof te verminderen en door te voorkomen dat stof zich op apparatuur ophoopt en machines beschadigt.<\/p>\n\n<p>Wat betreft de investering die fabrikanten nodig hebben, <strong>is het systeem ontworpen om weinig waterenergie te verbruiken<\/strong>, wat besparingen op je energierekening betekent.<\/p>\n\n<div class=\"wp-block-columns is-layout-flex wp-container-core-columns-is-layout-28f84493 wp-block-columns-is-layout-flex\">\n<div class=\"wp-block-column is-layout-flow wp-block-column-is-layout-flow\">\n<h3 class=\"wp-block-heading\">Voordelen :<\/h3>\n\n\n\n<ul class=\"wp-block-list\">\n<li>Verhoogde veiligheid, zelfs in explosieve omgevingen;<\/li>\n\n\n\n<li>Laag energie- en waterverbruik dankzij waterregulering;<\/li>\n\n\n\n<li>Gemakkelijk te gebruiken dankzij het aanraakscherm;<\/li>\n\n\n\n<li><strong> <\/strong>Gebruiks- en onderhoudsvriendelijk, lage bedrijfskosten.<\/li>\n<\/ul>\n<\/div>\n\n\n\n<div class=\"wp-block-column is-layout-flow wp-block-column-is-layout-flow\">\n<h3 class=\"wp-block-heading\">Speciale functies:<\/h3>\n\n\n\n<ul class=\"wp-block-list\">\n<li>Een hoogwaardig meertraps scheidingssysteem voor fijnstof, brandbaar stof en vonken;<\/li>\n\n\n\n<li>Scheidingseffici\u00ebntie tot 99,995% ;<\/li>\n\n\n\n<li>Afzuiging met \u00e9\u00e9n of meerdere stations.<\/li>\n<\/ul>\n<\/div>\n\n\n\n<div class=\"wp-block-column is-layout-flow wp-block-column-is-layout-flow\">\n<h3 class=\"wp-block-heading\">Kenmerken :<\/h3>\n\n\n\n<ul class=\"wp-block-list\">\n<li>Voldoet aan de ATEX-norm ;<\/li>\n\n\n\n<li>Stille werking ;<\/li>\n\n\n\n<li>Optioneel: recirculatiewerking (verlaagt verwarmingskosten).<\/li>\n<\/ul>\n<\/div>\n<\/div>\n\n<div class=\"wp-block-columns is-layout-flex wp-container-core-columns-is-layout-28f84493 wp-block-columns-is-layout-flex\">\n<div class=\"wp-block-column is-layout-flow wp-block-column-is-layout-flow\">\n<figure class=\"wp-block-image size-full is-resized\"><img decoding=\"async\" width=\"600\" height=\"600\" src=\"https:\/\/obera.fr\/wp-content\/uploads\/2022\/11\/norme-atex.jpg\" alt=\"atex standaard\" class=\"wp-image-15992\" style=\"width:300px;height:300px\" srcset=\"https:\/\/obera.fr\/wp-content\/uploads\/2022\/11\/norme-atex.jpg 600w, https:\/\/obera.fr\/wp-content\/uploads\/2022\/11\/norme-atex-300x300.jpg 300w, https:\/\/obera.fr\/wp-content\/uploads\/2022\/11\/norme-atex-150x150.jpg 150w\" sizes=\"(max-width: 600px) 100vw, 600px\" \/><\/figure>\n<\/div>\n\n\n\n<div class=\"wp-block-column is-layout-flow wp-block-column-is-layout-flow\">\n<figure class=\"wp-block-image size-full is-resized\"><img decoding=\"async\" width=\"600\" height=\"600\" src=\"https:\/\/obera.fr\/wp-content\/uploads\/2022\/11\/dustomat-hydro-2.jpg\" alt=\"hydro 2\" class=\"wp-image-15995\" style=\"width:300px;height:300px\" srcset=\"https:\/\/obera.fr\/wp-content\/uploads\/2022\/11\/dustomat-hydro-2.jpg 600w, https:\/\/obera.fr\/wp-content\/uploads\/2022\/11\/dustomat-hydro-2-300x300.jpg 300w, https:\/\/obera.fr\/wp-content\/uploads\/2022\/11\/dustomat-hydro-2-150x150.jpg 150w\" sizes=\"(max-width: 600px) 100vw, 600px\" \/><\/figure>\n<\/div>\n\n\n\n<div class=\"wp-block-column is-layout-flow wp-block-column-is-layout-flow\">\n<figure class=\"wp-block-image size-full is-resized\"><img decoding=\"async\" width=\"600\" height=\"600\" src=\"https:\/\/obera.fr\/wp-content\/uploads\/2022\/11\/vanne-de-vidange.jpg\" alt=\"aftapkraan\" class=\"wp-image-15998\" style=\"width:300px;height:300px\" srcset=\"https:\/\/obera.fr\/wp-content\/uploads\/2022\/11\/vanne-de-vidange.jpg 600w, https:\/\/obera.fr\/wp-content\/uploads\/2022\/11\/vanne-de-vidange-300x300.jpg 300w, https:\/\/obera.fr\/wp-content\/uploads\/2022\/11\/vanne-de-vidange-150x150.jpg 150w\" sizes=\"(max-width: 600px) 100vw, 600px\" \/><\/figure>\n<\/div>\n<\/div>\n\n<div class=\"wp-block-buttons is-content-justification-center is-layout-flex wp-container-core-buttons-is-layout-a89b3969 wp-block-buttons-is-layout-flex\">\n<div class=\"wp-block-button\"><a class=\"wp-block-button__link wp-element-button\" href=\"https:\/\/obera.fr\/nl\/contact\/\">De DUSTOMAT HYDRO testen<\/a><\/div>\n<\/div>\n","protected":false},"excerpt":{"rendered":"<p>Ontdek ons gamma DUSTOMAT HYDRO stofafscheiders voor nat stof, die prestaties en effici\u00ebntie combineren voor de afzuiging van licht ontvlambare stoffen. DUSTOMAT HYDRO industri\u00eble stofafscheider: hoe werkt het en hoe gebruik je het? De belangrijkste kracht van de DUSTOMAT HYDRO-serie ligt in een innovatieve meertraps scheidingstechnologie voor het afvangen van stof en vonken. De vervuilde lucht wordt aangezogen door een ventilator die in de stofafscheider is ge\u00efntegreerd. De luchtsnelheid wordt verminderd, waardoor zware deeltjes in een opvangbak vallen: dit is de eerste stap van de voorafscheiding van deeltjes. De lucht gaat vervolgens door een hydrocycloon die de centrifugale kracht gebruikt &#8230; <\/p>\n<p class=\"read-more-container\"><a title=\"DUSTOMAT HYDRO : vaste stofafscheider voor nat stof\" class=\"read-more button\" href=\"https:\/\/obera.fr\/nl\/produits\/depoussiereurs-industriels\/fixes\/depoussiereur-a-voie-humide-dustomat-hydro\/#more-46099\" aria-label=\"Lees meer over DUSTOMAT HYDRO : vaste stofafscheider voor nat stof\">Lire la suite<\/a><\/p>\n","protected":false},"author":4,"featured_media":83736,"parent":47229,"menu_order":0,"comment_status":"closed","ping_status":"closed","template":"","meta":{"_acf_changed":false,"_seopress_robots_primary_cat":"","_seopress_titles_title":"DUSTOMAT HYDRO natwasser van oberA","_seopress_titles_desc":"Ontdek ons gamma DUSTOMAT HYDRO stofafscheiders voor nat stof, die prestaties en effici\u00ebntie combineren voor de afzuiging van licht ontvlambare stoffen.","_seopress_robots_index":"","footnotes":""},"class_list":{"0":"post-46099","1":"page","2":"type-page","3":"status-publish","4":"has-post-thumbnail","6":"no-featured-image-padding","7":"resize-featured-image"},"acf":[],"_links":{"self":[{"href":"https:\/\/obera.fr\/nl\/wp-json\/wp\/v2\/pages\/46099","targetHints":{"allow":["GET"]}}],"collection":[{"href":"https:\/\/obera.fr\/nl\/wp-json\/wp\/v2\/pages"}],"about":[{"href":"https:\/\/obera.fr\/nl\/wp-json\/wp\/v2\/types\/page"}],"author":[{"embeddable":true,"href":"https:\/\/obera.fr\/nl\/wp-json\/wp\/v2\/users\/4"}],"replies":[{"embeddable":true,"href":"https:\/\/obera.fr\/nl\/wp-json\/wp\/v2\/comments?post=46099"}],"version-history":[{"count":12,"href":"https:\/\/obera.fr\/nl\/wp-json\/wp\/v2\/pages\/46099\/revisions"}],"predecessor-version":[{"id":132882,"href":"https:\/\/obera.fr\/nl\/wp-json\/wp\/v2\/pages\/46099\/revisions\/132882"}],"up":[{"embeddable":true,"href":"https:\/\/obera.fr\/nl\/wp-json\/wp\/v2\/pages\/47229"}],"wp:featuredmedia":[{"embeddable":true,"href":"https:\/\/obera.fr\/nl\/wp-json\/wp\/v2\/media\/83736"}],"wp:attachment":[{"href":"https:\/\/obera.fr\/nl\/wp-json\/wp\/v2\/media?parent=46099"}],"curies":[{"name":"wp","href":"https:\/\/api.w.org\/{rel}","templated":true}]}}