{"id":46432,"date":"2020-08-26T12:42:28","date_gmt":"2020-08-26T10:42:28","guid":{"rendered":"https:\/\/obera.fr\/onze-producten\/voc-en-geurbehandeling\/epur-box\/"},"modified":"2025-04-24T13:11:24","modified_gmt":"2025-04-24T11:11:24","slug":"aspiration-mobile-odeurs-epur-box","status":"publish","type":"page","link":"https:\/\/obera.fr\/nl\/produits\/traitement-cov\/aspiration-mobile-odeurs-epur-box\/","title":{"rendered":"ePUR-BOX"},"content":{"rendered":"\n\n\n\n<h2 class=\"wp-block-heading\">Mobiele afzuigunit voor geuren en VOC&#8217;s<\/h2>\n\n\n\n<div class=\"wp-block-columns is-layout-flex wp-container-core-columns-is-layout-28f84493 wp-block-columns-is-layout-flex\">\n<div class=\"wp-block-column is-layout-flow wp-block-column-is-layout-flow\" style=\"flex-basis:33.33%\">\n<figure class=\"wp-block-image aligncenter size-full\"><img decoding=\"async\" width=\"1200\" height=\"1200\" src=\"https:\/\/obera.fr\/wp-content\/uploads\/2024\/05\/epurbox-brs.png\" alt=\"epurbox brs\" class=\"wp-image-30328\" srcset=\"https:\/\/obera.fr\/wp-content\/uploads\/2024\/05\/epurbox-brs.png 1200w, https:\/\/obera.fr\/wp-content\/uploads\/2024\/05\/epurbox-brs-300x300.png 300w, https:\/\/obera.fr\/wp-content\/uploads\/2024\/05\/epurbox-brs-1024x1024.png 1024w, https:\/\/obera.fr\/wp-content\/uploads\/2024\/05\/epurbox-brs-150x150.png 150w, https:\/\/obera.fr\/wp-content\/uploads\/2024\/05\/epurbox-brs-768x768.png 768w\" sizes=\"(max-width: 1200px) 100vw, 1200px\" \/><figcaption class=\"wp-element-caption\">ePURBOX  <\/figcaption><\/figure>\n<\/div>\n\n\n\n<div class=\"wp-block-column is-layout-flow wp-block-column-is-layout-flow\" style=\"flex-basis:66.66%\">\n<p><strong>ePUR-BOX<\/strong> is een handig, compact apparaat dat is uitgerust met actieve koolfiltratie om <a href=\"https:\/\/obera.fr\/nl\/produits\/traitement-cov\/\" data-type=\"URL\" data-id=\"https:\/\/obera.fr\/produits\/traitement-cov\/\">gasvormige verontreinigingen, VOC&#8217;s en geuren te behandelen<\/a>.<\/p>\n\n\n\n<p>De unit is uitgerust met een voorfilter voor stof en rook. Het hoofdfiltersysteem maakt gebruik van zeer effici\u00ebnte actieve-koolpatronen die kunnen worden aangepast aan de te behandelen verontreinigende stoffen. De gefilterde lucht wordt aangezogen door een zeer effici\u00ebnte EC-ventilator (elektronische commutatie met de nieuwste technologie).  <\/p>\n\n\n\n<p>De schone lucht wordt aan de onderkant van de eenheid aan 3 zijden afgevoerd. De EPURBOX is uitgerust met een roterende arm van 2 m voor een effectieve opvang aan de bron, zo dicht mogelijk bij de verontreinigende uitstoot. <\/p>\n\n\n\n<div class=\"wp-block-columns is-layout-flex wp-container-core-columns-is-layout-28f84493 wp-block-columns-is-layout-flex\">\n<div class=\"wp-block-column is-layout-flow wp-block-column-is-layout-flow\" style=\"flex-basis:33.34%\">\n<div class=\"wp-block-buttons is-content-justification-center is-layout-flex wp-container-core-buttons-is-layout-a89b3969 wp-block-buttons-is-layout-flex\">\n<div class=\"wp-block-button\"><a class=\"wp-block-button__link wp-element-button\" href=\"https:\/\/obera.fr\/wp-content\/uploads\/2025\/04\/brochure-epurbox-atex-brs-en.pdf\">Download de brochure<\/a><\/div>\n<\/div>\n<\/div>\n\n\n\n<div class=\"wp-block-column is-layout-flow wp-block-column-is-layout-flow\" style=\"flex-basis:33.34%\">\n<div class=\"wp-block-buttons is-horizontal is-content-justification-center is-layout-flex wp-container-core-buttons-is-layout-03627597 wp-block-buttons-is-layout-flex\">\n<div class=\"wp-block-button has-custom-width wp-block-button__width-100\"><a class=\"wp-block-button__link wp-element-button\" href=\"https:\/\/obera.fr\/nl\/neem-contact-met-ons-op\/\">Meer informatie<\/a><\/div>\n<\/div>\n<\/div>\n\n\n\n<div class=\"wp-block-column is-layout-flow wp-block-column-is-layout-flow\" style=\"flex-basis:33.33%\">\n<div class=\"wp-block-buttons is-content-justification-center is-layout-flex wp-container-core-buttons-is-layout-a89b3969 wp-block-buttons-is-layout-flex\">\n<div class=\"wp-block-button btn-devis-source\"><a class=\"wp-block-button__link wp-element-button\" href=\"https:\/\/obera.fr\/nl\/devis\/\">Een offerte aanvragen<\/a><\/div>\n<\/div>\n\n\n<script>\r\ndocument.addEventListener('DOMContentLoaded', function() {\r\n    \/\/ 1. On cherche le titre H1 de la page\r\n    var h1 = document.querySelector('h1');\r\n    var productTitle = h1 ? h1.innerText.trim() : \"\";\r\n\r\n    \/\/ 2. On cherche les boutons via la classe CSS .btn-devis-source\r\n    var buttons = document.querySelectorAll('.btn-devis-source a');\r\n\r\n    \/\/ 3. Si on a le titre et les boutons, on ajoute le param\u00e8tre\r\n    if (buttons.length > 0 && productTitle !== \"\") {\r\n        var encodedTitle = encodeURIComponent(productTitle);\r\n\r\n        buttons.forEach(function(btn) {\r\n            var currentHref = btn.getAttribute('href');\r\n            \r\n            \/\/ S\u00e9curit\u00e9 pour ne pas ajouter le param\u00e8tre 2 fois\r\n            if (currentHref.indexOf('sujet=') === -1) {\r\n                var separator = currentHref.indexOf('?') !== -1 ? '&' : '?';\r\n                var newLink = currentHref + separator + 'sujet=' + encodedTitle;\r\n                \r\n                btn.setAttribute('href', newLink);\r\n            }\r\n        });\r\n    }\r\n});\r\n<\/script><\/div>\n<\/div>\n<\/div>\n<\/div>\n\n\n\n<div class=\"wp-block-columns is-layout-flex wp-container-core-columns-is-layout-28f84493 wp-block-columns-is-layout-flex\">\n<div class=\"wp-block-column is-layout-flow wp-block-column-is-layout-flow\">\n<h3 class=\"wp-block-heading has-text-align-center\">Voordelen<\/h3>\n\n\n\n<ul class=\"wp-block-list\">\n<li>Effici\u00ebnte, nauwkeurige vastlegging bij de bron<\/li>\n\n\n\n<li>Zeer effici\u00ebnte EC-ventilator<\/li>\n\n\n\n<li>Geluiddemper<\/li>\n\n\n\n<li>Mobiel, licht en gemakkelijk te hanteren<\/li>\n\n\n\n<li>Kleine voetafdruk<\/li>\n\n\n\n<li>Eenvoudig filteronderhoud<\/li>\n<\/ul>\n<\/div>\n\n\n\n<div class=\"wp-block-column is-layout-flow wp-block-column-is-layout-flow\">\n<h3 class=\"wp-block-heading has-text-align-center\">Speciale functies<\/h3>\n\n\n\n<ul class=\"wp-block-list\">\n<li>Zeer effici\u00ebnte actieve kool<\/li>\n\n\n\n<li>Voorfiltratie voor stof en rook<\/li>\n\n\n\n<li>Zelfdragende zuigarm met structuur buiten de stroming<\/li>\n<\/ul>\n<\/div>\n\n\n\n<div class=\"wp-block-column is-layout-flow wp-block-column-is-layout-flow\">\n<h3 class=\"wp-block-heading has-text-align-center\">Kenmerken<\/h3>\n\n\n\n<ul class=\"wp-block-list\">\n<li>Hoge opvangeffici\u00ebntie<\/li>\n\n\n\n<li>Optioneel: specifieke filter voor hardsolderen en extra behandeling met actieve kool.<\/li>\n<\/ul>\n<\/div>\n<\/div>\n\n\n\n<h2 class=\"wp-block-heading\">Toepassingen<\/h2>\n\n\n\n<div class=\"wp-block-columns is-layout-flex wp-container-core-columns-is-layout-28f84493 wp-block-columns-is-layout-flex\">\n<div class=\"wp-block-column is-layout-flow wp-block-column-is-layout-flow\">\n<h3 class=\"wp-block-heading has-text-align-center\">Verontreinigende stoffen<\/h3>\n\n\n\n<hr class=\"wp-block-separator has-css-opacity is-style-wide\"\/>\n\n\n\n<div class=\"wp-block-columns is-layout-flex wp-container-core-columns-is-layout-28f84493 wp-block-columns-is-layout-flex\">\n<div class=\"wp-block-column is-layout-flow wp-block-column-is-layout-flow\">\n<figure class=\"wp-block-image aligncenter size-large is-resized\"><img decoding=\"async\" width=\"70\" height=\"70\" src=\"https:\/\/obera.fr\/wp-content\/uploads\/2020\/08\/polluants-poussieres.jpg\" alt=\"Verontreinigende stoffen Stof\" class=\"wp-image-675\" style=\"width:83px;height:undefinedpx\"\/><figcaption class=\"wp-element-caption\">Stof<\/figcaption><\/figure>\n\n\n\n<figure class=\"wp-block-image aligncenter size-large is-resized\"><img decoding=\"async\" width=\"70\" height=\"70\" src=\"https:\/\/obera.fr\/wp-content\/uploads\/2020\/09\/cov.png\" alt=\"Cov\" class=\"wp-image-959\" style=\"width:83px;height:undefinedpx\"\/><figcaption class=\"wp-element-caption\">VOCS<\/figcaption><\/figure>\n<\/div>\n\n\n\n<div class=\"wp-block-column is-layout-flow wp-block-column-is-layout-flow\">\n<figure class=\"wp-block-image aligncenter size-large is-resized\"><img decoding=\"async\" width=\"70\" height=\"70\" src=\"https:\/\/obera.fr\/wp-content\/uploads\/2020\/08\/industrie-odeur.jpg\" alt=\"Industrie Geur\" class=\"wp-image-723\" style=\"width:83px;height:undefinedpx\"\/><figcaption class=\"wp-element-caption\">Geuren<\/figcaption><\/figure>\n\n\n\n<figure class=\"wp-block-image aligncenter size-large is-resized\"><img decoding=\"async\" width=\"70\" height=\"70\" src=\"https:\/\/obera.fr\/wp-content\/uploads\/2020\/08\/polluants-copeaux-bois.jpg\" alt=\"Verontreinigende stoffen Houtsnippers\" class=\"wp-image-674\" style=\"width:83px;height:undefinedpx\"\/><figcaption class=\"wp-element-caption\">Chips<\/figcaption><\/figure>\n<\/div>\n<\/div>\n<\/div>\n\n\n\n<div class=\"wp-block-column is-layout-flow wp-block-column-is-layout-flow\">\n<h3 class=\"wp-block-heading has-text-align-center\">Industrie<\/h3>\n\n\n\n<hr class=\"wp-block-separator has-css-opacity is-style-wide\"\/>\n\n\n\n<div class=\"wp-block-columns is-layout-flex wp-container-core-columns-is-layout-28f84493 wp-block-columns-is-layout-flex\">\n<div class=\"wp-block-column is-layout-flow wp-block-column-is-layout-flow\">\n<figure class=\"wp-block-image aligncenter size-large is-resized\"><img decoding=\"async\" width=\"70\" height=\"70\" src=\"https:\/\/obera.fr\/wp-content\/uploads\/2020\/08\/industrie-metallurgie.jpg\" alt=\"Metaalindustrie\" class=\"wp-image-673\" style=\"width:83px;height:undefinedpx\"\/><figcaption class=\"wp-element-caption\">Metaalkunde<\/figcaption><\/figure>\n\n\n\n<figure class=\"wp-block-image aligncenter size-large is-resized\"><img decoding=\"async\" width=\"70\" height=\"70\" src=\"https:\/\/obera.fr\/wp-content\/uploads\/2020\/08\/industrie-plastique.jpg\" alt=\"Kunststofindustrie\" class=\"wp-image-669\" style=\"width:83px;height:undefinedpx\"\/><figcaption class=\"wp-element-caption\">Kunststoffen<\/figcaption><\/figure>\n<\/div>\n\n\n\n<div class=\"wp-block-column is-layout-flow wp-block-column-is-layout-flow\">\n<figure class=\"wp-block-image aligncenter size-large is-resized\"><img decoding=\"async\" width=\"70\" height=\"70\" src=\"https:\/\/obera.fr\/wp-content\/uploads\/2020\/10\/industrie-electronique.jpg\" alt=\"Elektronica-industrie\" class=\"wp-image-1283\" style=\"width:83px;height:undefinedpx\"\/><figcaption class=\"wp-element-caption\">Elektronica<\/figcaption><\/figure>\n<\/div>\n<\/div>\n<\/div>\n<\/div>\n\n\n\n<div class=\"wp-block-buttons is-horizontal is-content-justification-center is-layout-flex wp-container-core-buttons-is-layout-03627597 wp-block-buttons-is-layout-flex\">\n<div class=\"wp-block-button has-custom-width wp-block-button__width-100\"><a class=\"wp-block-button__link wp-element-button\" href=\"https:\/\/obera.fr\/nl\/neem-contact-met-ons-op\/\">Meer informatie<\/a><\/div>\n<\/div>\n\n\n\n<h2 class=\"wp-block-heading\">Technische specificaties<\/h2>\n\n\n\n<figure class=\"wp-block-table\"><table class=\"has-fixed-layout\"><thead><tr><th>Apparaat<\/th><th><\/th><th>ePUR-BOX<\/th><\/tr><\/thead><tbody><tr><td>Stroom<\/td><td>m3\/u<\/td><td>1 000<\/td><\/tr><tr><td>Diameter inlaat<\/td><td>mm<\/td><td>140<\/td><\/tr><tr><td>maximale onderdruk<\/td><td>Pa<\/td><td>1 350<\/td><\/tr><tr><td>Voedingsspanning<\/td><td>V<\/td><td>230<\/td><\/tr><tr><td>Stroom<\/td><td>kW<\/td><td>0.5<\/td><\/tr><tr><td>Hoeveelheid actieve kool<\/td><td>kg<\/td><td>13<\/td><\/tr><tr><td>Afmetingen<\/td><td>l\/L\/h (mm)<\/td><td>794 x 690 x 1 130<\/td><\/tr><tr><td>Gewicht (met armen)<\/td><td>kg<\/td><td>100<\/td><\/tr><tr><td>Geluidsniveau<\/td><td>dB(A)<\/td><td>74<\/td><\/tr><\/tbody><\/table><\/figure>\n\n\n\n<hr class=\"wp-block-separator has-css-opacity is-style-dots\"\/>\n\n\n\n<h2 class=\"wp-block-heading\">Andere industri\u00eble VOC- en geurvernietigers<\/h2>\n\n\n\n<div class=\"wp-block-columns is-layout-flex wp-container-core-columns-is-layout-28f84493 wp-block-columns-is-layout-flex\">\n<div class=\"wp-block-column is-layout-flow wp-block-column-is-layout-flow\">\n<figure class=\"wp-block-image aligncenter size-medium is-resized\"><a href=\"https:\/\/obera.fr\/produits\/purificateurs-air\/professionnel-epur-ca\/\"><img decoding=\"async\" width=\"300\" height=\"300\" src=\"https:\/\/obera.fr\/wp-content\/uploads\/2022\/02\/EPUR30-CA-300x300.png\" alt=\"epur30 ca\" class=\"wp-image-8923\" style=\"width:225px;height:225px\" srcset=\"https:\/\/obera.fr\/wp-content\/uploads\/2022\/02\/EPUR30-CA-300x300.png 300w, https:\/\/obera.fr\/wp-content\/uploads\/2022\/02\/EPUR30-CA-150x150.png 150w, https:\/\/obera.fr\/wp-content\/uploads\/2022\/02\/EPUR30-CA.png 500w\" sizes=\"(max-width: 300px) 100vw, 300px\" \/><\/a><figcaption class=\"wp-element-caption\">ePUR CA<\/figcaption><\/figure>\n<\/div>\n\n\n\n<div class=\"wp-block-column is-layout-flow wp-block-column-is-layout-flow\">\n<figure class=\"wp-block-image aligncenter size-medium is-resized\"><a href=\"https:\/\/obera.fr\/produits\/traitement-cov\/filtre-anti-poussiere-epur010-b-ca\/\"><img decoding=\"async\" width=\"300\" height=\"300\" src=\"https:\/\/obera.fr\/wp-content\/uploads\/2020\/09\/ePUR010B-CA-300x300.png\" alt=\"ePUR010 B CA\" class=\"wp-image-1038\" style=\"width:225px;height:225px\" srcset=\"https:\/\/obera.fr\/wp-content\/uploads\/2020\/09\/ePUR010B-CA-300x300.png 300w, https:\/\/obera.fr\/wp-content\/uploads\/2020\/09\/ePUR010B-CA-150x150.png 150w, https:\/\/obera.fr\/wp-content\/uploads\/2020\/09\/ePUR010B-CA.png 433w\" sizes=\"(max-width: 300px) 100vw, 300px\" \/><\/a><figcaption class=\"wp-element-caption\">ePUR010 B CA<\/figcaption><\/figure>\n\n\n\n<figure class=\"wp-block-image aligncenter size-medium is-resized\"><a href=\"https:\/\/obera.fr\/produits\/traitement-cov\/filtre-atex-mobile-mobfan-4500\/\"><img decoding=\"async\" width=\"300\" height=\"300\" src=\"https:\/\/obera.fr\/wp-content\/uploads\/2022\/03\/Filtre-mobile-ATEX-MOBFAN4500-300x300.png\" alt=\"atex mobiel filter mobfan4500\" class=\"wp-image-9464\" style=\"width:225px;height:225px\" srcset=\"https:\/\/obera.fr\/wp-content\/uploads\/2022\/03\/Filtre-mobile-ATEX-MOBFAN4500-300x300.png 300w, https:\/\/obera.fr\/wp-content\/uploads\/2022\/03\/Filtre-mobile-ATEX-MOBFAN4500-150x150.png 150w, https:\/\/obera.fr\/wp-content\/uploads\/2022\/03\/Filtre-mobile-ATEX-MOBFAN4500.png 500w\" sizes=\"(max-width: 300px) 100vw, 300px\" \/><\/a><figcaption class=\"wp-element-caption\">MOBFAN 4500<\/figcaption><\/figure>\n<\/div>\n\n\n\n<div class=\"wp-block-column is-layout-flow wp-block-column-is-layout-flow\">\n<figure class=\"wp-block-image aligncenter size-medium is-resized\"><a href=\"https:\/\/obera.fr\/produits\/depoussiereurs-industriels\/petits\/aspiration-fumees-soudage-laser-epur-b-ex\/\"><img decoding=\"async\" width=\"300\" height=\"300\" src=\"https:\/\/obera.fr\/wp-content\/uploads\/2023\/10\/epurb-ex-1000-3000-5000-300x300.png\" alt=\"oberA epur b ex 1000 3000 5000\" class=\"wp-image-25016\" style=\"width:225px;height:225px\" srcset=\"https:\/\/obera.fr\/wp-content\/uploads\/2023\/10\/epurb-ex-1000-3000-5000-300x300.png 300w, https:\/\/obera.fr\/wp-content\/uploads\/2023\/10\/epurb-ex-1000-3000-5000-150x150.png 150w, https:\/\/obera.fr\/wp-content\/uploads\/2023\/10\/epurb-ex-1000-3000-5000.png 600w\" sizes=\"(max-width: 300px) 100vw, 300px\" \/><\/a><figcaption class=\"wp-element-caption\">Epur B Ex<\/figcaption><\/figure>\n<\/div>\n<\/div>\n","protected":false},"excerpt":{"rendered":"<p>Mobiele afzuigunit voor geuren en VOC&#8217;s ePUR-BOX is een handig, compact apparaat dat is uitgerust met actieve koolfiltratie om gasvormige verontreinigingen, VOC&#8217;s en geuren te behandelen. De unit is uitgerust met een voorfilter voor stof en rook. Het hoofdfiltersysteem maakt gebruik van zeer effici\u00ebnte actieve-koolpatronen die kunnen worden aangepast aan de te behandelen verontreinigende stoffen. De gefilterde lucht wordt aangezogen door een zeer effici\u00ebnte EC-ventilator (elektronische commutatie met de nieuwste technologie). De schone lucht wordt aan de onderkant van de eenheid aan 3 zijden afgevoerd. De EPURBOX is uitgerust met een roterende arm van 2 m voor een effectieve opvang &#8230; <\/p>\n<p class=\"read-more-container\"><a title=\"ePUR-BOX\" class=\"read-more button\" href=\"https:\/\/obera.fr\/nl\/produits\/traitement-cov\/aspiration-mobile-odeurs-epur-box\/#more-46432\" aria-label=\"Lees meer over ePUR-BOX\">Lire la suite<\/a><\/p>\n","protected":false},"author":4,"featured_media":37339,"parent":44633,"menu_order":0,"comment_status":"closed","ping_status":"closed","template":"","meta":{"_acf_changed":false,"_seopress_robots_primary_cat":"","_seopress_titles_title":"ePUR-BOX: Mobiele afzuigeenheid voor geuren en VOC's","_seopress_titles_desc":"ePUR-BOX is een handig, compact toestel met verzadigingsfiltratie voor occasioneel laswerk.","_seopress_robots_index":"","footnotes":""},"class_list":{"0":"post-46432","1":"page","2":"type-page","3":"status-publish","4":"has-post-thumbnail","6":"no-featured-image-padding","7":"resize-featured-image"},"acf":[],"_links":{"self":[{"href":"https:\/\/obera.fr\/nl\/wp-json\/wp\/v2\/pages\/46432","targetHints":{"allow":["GET"]}}],"collection":[{"href":"https:\/\/obera.fr\/nl\/wp-json\/wp\/v2\/pages"}],"about":[{"href":"https:\/\/obera.fr\/nl\/wp-json\/wp\/v2\/types\/page"}],"author":[{"embeddable":true,"href":"https:\/\/obera.fr\/nl\/wp-json\/wp\/v2\/users\/4"}],"replies":[{"embeddable":true,"href":"https:\/\/obera.fr\/nl\/wp-json\/wp\/v2\/comments?post=46432"}],"version-history":[{"count":18,"href":"https:\/\/obera.fr\/nl\/wp-json\/wp\/v2\/pages\/46432\/revisions"}],"predecessor-version":[{"id":88776,"href":"https:\/\/obera.fr\/nl\/wp-json\/wp\/v2\/pages\/46432\/revisions\/88776"}],"up":[{"embeddable":true,"href":"https:\/\/obera.fr\/nl\/wp-json\/wp\/v2\/pages\/44633"}],"wp:featuredmedia":[{"embeddable":true,"href":"https:\/\/obera.fr\/nl\/wp-json\/wp\/v2\/media\/37339"}],"wp:attachment":[{"href":"https:\/\/obera.fr\/nl\/wp-json\/wp\/v2\/media?parent=46432"}],"curies":[{"name":"wp","href":"https:\/\/api.w.org\/{rel}","templated":true}]}}