{"id":47185,"date":"2021-02-02T16:59:47","date_gmt":"2021-02-02T14:59:47","guid":{"rendered":"https:\/\/obera.fr\/estmac-droge-stofafscheider\/"},"modified":"2025-11-15T17:19:15","modified_gmt":"2025-11-15T15:19:15","slug":"depoussiereur-a-sec-estmac","status":"publish","type":"page","link":"https:\/\/obera.fr\/nl\/produits\/depoussiereurs-industriels\/fixes\/depoussiereur-a-sec-estmac\/","title":{"rendered":"ESTMAC droge stofafscheider"},"content":{"rendered":"\n<p>ESTMAC is een serie <a href=\"https:\/\/obera.fr\/nl\/produits\/depoussiereurs-industriels\/\" data-type=\"page\" data-id=\"389\">vaste, compacte stofafscheiders<\/a> die een voordelige oplossing bieden voor het afzuigen van kleine en middelgrote hoeveelheden <strong>stof en spanen<\/strong>.  <\/p>\n\n<h2 class=\"wp-block-heading\" id=\"qu-est-ce-que-le-depoussiereur-estmac\">Wat is de ESTMAC stofafscheider?<\/h2>\n\n<div class=\"wp-block-columns is-layout-flex wp-container-core-columns-is-layout-28f84493 wp-block-columns-is-layout-flex\">\n<div class=\"wp-block-column is-layout-flow wp-block-column-is-layout-flow\" style=\"flex-basis:33.33%\">\n<figure class=\"wp-block-image aligncenter size-medium\"><img decoding=\"async\" width=\"300\" height=\"264\" src=\"https:\/\/obera.fr\/wp-content\/uploads\/2021\/02\/Depoussiereur-fixe-ESTMAC-300x264.png\" alt=\"Estmac vaste stofafscheider\" class=\"wp-image-4475\" srcset=\"https:\/\/obera.fr\/wp-content\/uploads\/2021\/02\/Depoussiereur-fixe-ESTMAC-300x264.png 300w, https:\/\/obera.fr\/wp-content\/uploads\/2021\/02\/Depoussiereur-fixe-ESTMAC.png 480w\" sizes=\"(max-width: 300px) 100vw, 300px\" \/><\/figure>\n<\/div>\n\n\n\n<div class=\"wp-block-column is-vertically-aligned-center is-layout-flow wp-block-column-is-layout-flow\" style=\"flex-basis:66.66%\">\n<p>Stofafscheiders zuigen <strong>droog stof en afvloeiend stof<\/strong> af en bieden een breed scala aan toepassingen voor vele sectoren.  <\/p>\n\n\n\n<p>Dankzij hun <strong>compacte afmetingen<\/strong> kunnen de droge stofafscheiders van ESTMAC flexibel worden ge\u00efnstalleerd op wisselende locaties.<\/p>\n\n\n\n<p>Ze zijn uitgerust met <strong>reinigbare filterpatronen van stofklasse &#8220;M&#8221;<\/strong>, die overeenkomen met een <strong>deeltjesafscheidingseffici\u00ebntie van 99,9%<\/strong>. De ge\u00efntegreerde voorafscheider verlengt de levensduur van de filterpatronen door grove deeltjes vooraf af te scheiden. Dit vermindert de belasting van de filters, die alleen nog maar het fijnste stof hoeven te filteren.<\/p>\n\n\n\n<p>De mobiele stofopvangbak kan worden gebruikt om <strong>vuil eenvoudig en veilig<\/strong> te verwijderen. De geluiddempende ventilatie-unit is zo ontworpen dat deze <strong>een maximale luchtstroom bij minimaal geluid<\/strong> levert. Dit zorgt voor een laag bedrijfsgeluid.<\/p>\n<\/div>\n<\/div>\n\n<div class=\"wp-block-columns is-layout-flex wp-container-core-columns-is-layout-28f84493 wp-block-columns-is-layout-flex\">\n<div class=\"wp-block-column is-layout-flow wp-block-column-is-layout-flow\" style=\"flex-basis:33.33%\"><\/div>\n\n\n\n<div class=\"wp-block-column is-layout-flow wp-block-column-is-layout-flow\" style=\"flex-basis:33.34%\">\n<div class=\"wp-block-buttons is-horizontal is-content-justification-center is-layout-flex wp-container-core-buttons-is-layout-03627597 wp-block-buttons-is-layout-flex\">\n<div class=\"wp-block-button has-custom-width wp-block-button__width-100\"><a class=\"wp-block-button__link wp-element-button\" href=\"https:\/\/obera.fr\/nl\/neem-contact-met-ons-op\/\">Meer informatie<\/a><\/div>\n<\/div>\n\n\n\n<p><\/p>\n\n\n\n<div class=\"wp-block-buttons is-content-justification-center is-layout-flex wp-container-core-buttons-is-layout-a89b3969 wp-block-buttons-is-layout-flex\">\n<div class=\"wp-block-button\"><a class=\"wp-block-button__link wp-element-button\" href=\"https:\/\/obera.fr\/wp-content\/uploads\/2025\/04\/brochure-estmac.pdf\">DOWNLOAD DE BROCHURE<\/a><\/div>\n<\/div>\n<\/div>\n\n\n\n<div class=\"wp-block-column is-layout-flow wp-block-column-is-layout-flow\" style=\"flex-basis:33.34%\">\n<div class=\"wp-block-buttons is-content-justification-center is-layout-flex wp-container-core-buttons-is-layout-a89b3969 wp-block-buttons-is-layout-flex\">\n<div class=\"wp-block-button btn-devis-source\"><a class=\"wp-block-button__link wp-element-button\" href=\"https:\/\/obera.fr\/nl\/devis\/\">Een offerte aanvragen<\/a><\/div>\n<\/div>\n\n\n<script>\r\ndocument.addEventListener('DOMContentLoaded', function() {\r\n    \/\/ 1. On cherche le titre H1 de la page\r\n    var h1 = document.querySelector('h1');\r\n    var productTitle = h1 ? h1.innerText.trim() : \"\";\r\n\r\n    \/\/ 2. On cherche les boutons via la classe CSS .btn-devis-source\r\n    var buttons = document.querySelectorAll('.btn-devis-source a');\r\n\r\n    \/\/ 3. Si on a le titre et les boutons, on ajoute le param\u00e8tre\r\n    if (buttons.length > 0 && productTitle !== \"\") {\r\n        var encodedTitle = encodeURIComponent(productTitle);\r\n\r\n        buttons.forEach(function(btn) {\r\n            var currentHref = btn.getAttribute('href');\r\n            \r\n            \/\/ S\u00e9curit\u00e9 pour ne pas ajouter le param\u00e8tre 2 fois\r\n            if (currentHref.indexOf('sujet=') === -1) {\r\n                var separator = currentHref.indexOf('?') !== -1 ? '&' : '?';\r\n                var newLink = currentHref + separator + 'sujet=' + encodedTitle;\r\n                \r\n                btn.setAttribute('href', newLink);\r\n            }\r\n        });\r\n    }\r\n});\r\n<\/script><\/div>\n<\/div>\n\n<h2 class=\"wp-block-heading\" id=\"pour-quelles-utilisations\">Waar worden ze voor gebruikt?<\/h2>\n\n<p>De <a href=\"https:\/\/obera.fr\/nl\/produits\/depoussiereurs-industriels\/petits\/\">kleine<\/a><strong> <\/strong>stofafscheiders zijn ontworpen voor het effici\u00ebnt afzuigen van kleine tot middelgrote hoeveelheden metaalstof en spaanders, kunststofstof en spaanders, mineraalstof, stof in de lucht en stof van composietmaterialen.<\/p>\n\n<blockquote class=\"wp-block-quote is-layout-flow wp-block-quote-is-layout-flow\">\n<p>Deze vaste stofafzuigers kunnen direct worden aangesloten op <strong>een of meerdere werkplekken<\/strong> of op <strong>een of meerdere productiemachines<\/strong>. Ze kunnen ook worden uitgerust met een<strong> <\/strong><a href=\"https:\/\/obera.fr\/nl\/produits\/bras-dispositifs-captation\/capot-industriel\/\">zuigarm<\/a> in het geval van bronaanzuiging.<\/p>\n<\/blockquote>\n\n<p>Deze verontreinigende stoffen ontstaan meestal tijdens het zagen, snijden, machinaal bewerken, frezen, schuren, polijsten of tijdens het scheiden of decanteren van materialen.  <\/p>\n\n<div class=\"wp-block-columns is-layout-flex wp-container-core-columns-is-layout-28f84493 wp-block-columns-is-layout-flex\">\n<div class=\"wp-block-column is-layout-flow wp-block-column-is-layout-flow\">\n<h3 class=\"wp-block-heading has-text-align-center\" id=\"polluants\">POLLUTANEN<\/h3>\n\n\n\n<hr class=\"wp-block-separator has-css-opacity aligncenter is-style-wide\"\/>\n\n\n\n<div style=\"height:20px\" aria-hidden=\"true\" class=\"wp-block-spacer\"><\/div>\n\n\n\n<div class=\"wp-block-columns is-layout-flex wp-container-core-columns-is-layout-28f84493 wp-block-columns-is-layout-flex\">\n<div class=\"wp-block-column is-layout-flow wp-block-column-is-layout-flow\">\n<figure class=\"wp-block-image aligncenter size-large\"><img decoding=\"async\" width=\"70\" height=\"70\" src=\"https:\/\/obera.fr\/wp-content\/uploads\/2020\/08\/polluants-poussieres.jpg\" alt=\"Meter - Product\" class=\"wp-image-675\"\/><figcaption class=\"wp-element-caption\">Stof<\/figcaption><\/figure>\n<\/div>\n\n\n\n<div class=\"wp-block-column is-layout-flow wp-block-column-is-layout-flow\">\n<figure class=\"wp-block-image aligncenter size-large\"><img decoding=\"async\" width=\"70\" height=\"70\" src=\"https:\/\/obera.fr\/wp-content\/uploads\/2020\/08\/polluants-copeaux-bois.jpg\" alt=\"Illustratie - Vectorafbeeldingen\" class=\"wp-image-674\"\/><figcaption class=\"wp-element-caption\">Chips<\/figcaption><\/figure>\n<\/div>\n<\/div>\n<\/div>\n\n\n\n<div class=\"wp-block-column is-layout-flow wp-block-column-is-layout-flow\">\n<h3 class=\"wp-block-heading has-text-align-center\" id=\"industries\">BEDRIJVEN<\/h3>\n\n\n\n<hr class=\"wp-block-separator has-css-opacity aligncenter is-style-wide\"\/>\n\n\n\n<div style=\"height:20px\" aria-hidden=\"true\" class=\"wp-block-spacer\"><\/div>\n\n\n\n<div class=\"wp-block-columns is-layout-flex wp-container-core-columns-is-layout-28f84493 wp-block-columns-is-layout-flex\">\n<div class=\"wp-block-column is-layout-flow wp-block-column-is-layout-flow\">\n<figure class=\"wp-block-image aligncenter size-large\"><img decoding=\"async\" width=\"70\" height=\"70\" src=\"https:\/\/obera.fr\/wp-content\/uploads\/2020\/08\/industrie-metallurgie.jpg\" alt=\"Metaalkunde\" class=\"wp-image-673\"\/><figcaption class=\"wp-element-caption\">Metaalkunde<\/figcaption><\/figure>\n\n\n\n<figure class=\"wp-block-image aligncenter size-large\"><img decoding=\"async\" width=\"70\" height=\"70\" src=\"https:\/\/obera.fr\/wp-content\/uploads\/2020\/08\/industrie-plastique.jpg\" alt=\"Kunststoffen\" class=\"wp-image-669\"\/><figcaption class=\"wp-element-caption\">Kunststoffen<\/figcaption><\/figure>\n\n\n\n<figure class=\"wp-block-image aligncenter size-large is-resized\"><img decoding=\"async\" width=\"100\" height=\"100\" src=\"https:\/\/obera.fr\/wp-content\/uploads\/2020\/11\/29-materiaux-composites.jpg\" alt=\"Samengestelde materialen\" class=\"wp-image-1671\"\/><figcaption class=\"wp-element-caption\">Samengestelde materialen<\/figcaption><\/figure>\n<\/div>\n\n\n\n<div class=\"wp-block-column is-layout-flow wp-block-column-is-layout-flow\">\n<figure class=\"wp-block-image aligncenter size-large\"><img decoding=\"async\" width=\"70\" height=\"70\" src=\"https:\/\/obera.fr\/wp-content\/uploads\/2020\/08\/industrie-bois.jpg\" alt=\"Houtbewerking\" class=\"wp-image-672\"\/><figcaption class=\"wp-element-caption\">Houtbewerking<\/figcaption><\/figure>\n\n\n\n<figure class=\"wp-block-image aligncenter size-large\"><img decoding=\"async\" width=\"70\" height=\"70\" src=\"https:\/\/obera.fr\/wp-content\/uploads\/2020\/08\/industrie-minerai.jpg\" alt=\"Mineralen\" class=\"wp-image-724\"\/><figcaption class=\"wp-element-caption\">Mineralen<\/figcaption><\/figure>\n\n\n\n<p><\/p>\n<\/div>\n<\/div>\n<\/div>\n<\/div>\n\n<h2 class=\"wp-block-heading\" id=\"quelles-sont-les-caracteristiques\">Wat zijn de kenmerken?<\/h2>\n\n<p>Deze serie industri\u00eble ontstoffers is ontworpen als stationaire versie maar is <strong>gemakkelijk verplaatsbaar<\/strong>. Met een luchtstroom tot <strong>1800 m3\/u<\/strong> kan het een gemiddelde hoeveelheid stof en spanen verwerken. De ESTMAC-serie is verkrijgbaar in twee modellen:<\/p>\n\n<ul class=\"wp-block-list\">\n<li><strong>ESTMAC 1500<\/strong> stofafscheider voor een luchtstroom van 1500 m3\/u.<\/li>\n\n\n\n<li><strong>ESTMAC 1800<\/strong> stofafscheider voor een luchtstroom van 1800 m3\/u.  <\/li>\n<\/ul>\n\n<p>Deze ontstoffers hebben een gunstige verhouding tussen vermogen en bedrijfsgeluid dankzij een <strong>geluiddempend ontwerp<\/strong> van de ventilatie-unit. De ESTMAC-serie is ook verkrijgbaar in H-klasse, waardoor <strong>gevaarlijk stof<\/strong> (CMR) kan worden behandeld. In dit geval is het apparaat uitgerust met een extra filtratieniveau met <strong>klasse H14<\/strong> verzadiging.<\/p>\n\n<p>Er kan ook een optionele vonkenscheider worden toegevoegd.<\/p>\n\n<div class=\"wp-block-columns is-layout-flex wp-container-core-columns-is-layout-28f84493 wp-block-columns-is-layout-flex\">\n<div class=\"wp-block-column is-layout-flow wp-block-column-is-layout-flow\" style=\"flex-basis:33.33%\">\n<figure class=\"wp-block-image alignleft size-medium\"><img decoding=\"async\" width=\"300\" height=\"169\" src=\"https:\/\/obera.fr\/wp-content\/uploads\/2021\/02\/Decolmatage-filtre-ESTMAC-300x169.png\" alt=\"Estmac filter ontstoppen\" class=\"wp-image-4478\" srcset=\"https:\/\/obera.fr\/wp-content\/uploads\/2021\/02\/Decolmatage-filtre-ESTMAC-300x169.png 300w, https:\/\/obera.fr\/wp-content\/uploads\/2021\/02\/Decolmatage-filtre-ESTMAC-1024x575.png 1024w, https:\/\/obera.fr\/wp-content\/uploads\/2021\/02\/Decolmatage-filtre-ESTMAC-768x432.png 768w, https:\/\/obera.fr\/wp-content\/uploads\/2021\/02\/Decolmatage-filtre-ESTMAC-1536x863.png 1536w, https:\/\/obera.fr\/wp-content\/uploads\/2021\/02\/Decolmatage-filtre-ESTMAC.png 1920w\" sizes=\"(max-width: 300px) 100vw, 300px\" \/><figcaption class=\"wp-element-caption\">Handmatige roterende ontstopping<\/figcaption><\/figure>\n<\/div>\n\n\n\n<div class=\"wp-block-column is-vertically-aligned-center is-layout-flow wp-block-column-is-layout-flow\" style=\"flex-basis:66.66%\">\n<p class=\"has-text-align-left\">De ESTMAC ontstoffers zijn voorzien van een <strong>handmatig roterend<\/strong> filterreinigingssysteem. Het filter wordt gelijkmatig schoongeblazen door een roterende sproeikop die is verbonden met het persluchtreservoir.<\/p>\n<\/div>\n<\/div>\n\n<figure class=\"wp-block-table\"><table class=\"has-fixed-layout\"><thead><tr><th>Apparaat<\/th><th><\/th><th>ESTMAC 1500<\/th><th>ESTMAC 1800<\/th><\/tr><\/thead><tbody><tr><td>Stroom<\/td><td>m3\/u<\/td><td>1 500<\/td><td>1 800<\/td><\/tr><tr><td>Diameter inlaat<\/td><td>mm<\/td><td>160<\/td><td>160<\/td><\/tr><tr><td>maximale onderdruk<\/td><td>Pa<\/td><td>2 040<\/td><td>2 650<\/td><\/tr><tr><td>Voedingsspanning<\/td><td>V<\/td><td>400<\/td><td>400<\/td><\/tr><tr><td>Stroom<\/td><td>kW<\/td><td>1.1<\/td><td>2.2<\/td><\/tr><tr><td>Filteroppervlak<\/td><td>m\u00b2<\/td><td>7.5<\/td><td>15<\/td><\/tr><tr><td>Stofopslagcapaciteit<\/td><td>l<\/td><td>40<\/td><td>40<\/td><\/tr><tr><td>Afmetingen<\/td><td>l\/L\/h (mm)<\/td><td>650 x 707 x 1490<\/td><td>650 x 707 x 1490<\/td><\/tr><tr><td>Gewicht<\/td><td>kg<\/td><td>170<\/td><td>180<\/td><\/tr><tr><td>Geluidsniveau<\/td><td>dB(A)<\/td><td>71,3<\/td><td>73.3<\/td><\/tr><\/tbody><\/table><\/figure>\n\n<div class=\"wp-block-buttons is-horizontal is-content-justification-center is-layout-flex wp-container-core-buttons-is-layout-03627597 wp-block-buttons-is-layout-flex\">\n<div class=\"wp-block-button\"><a class=\"wp-block-button__link wp-element-button\" href=\"https:\/\/obera.fr\/wp-content\/uploads\/2025\/04\/brochure-estmac.pdf\">productgegevens downloaden<\/a><\/div>\n<\/div>\n\n<h3 class=\"wp-block-heading\" id=\"quels-sont-les-avantages\">WAT ZIJN DE VOORDELEN?<\/h3>\n\n<p>De vaste stofafscheiders van ESTMAC zijn eenvoudig te gebruiken en te onderhouden. Bovendien kunnen ze, ondanks hun status als &#8220;vaste stofafscheider&#8221;, nog steeds zonder veel moeite worden verplaatst.  <\/p>\n\n<p>Dankzij het ontwerp van plaatstaal is het een robuuste stofafscheider met een lange levensduur. Het geluiddempende ontwerp van de ventilatoreenheden garandeert een laag bedrijfsgeluid van 71 tot 74 dB.<\/p>\n\n<p>Het handmatige roterende filterreinigingssysteem verlengt de levensduur van filterpatronen en verlaagt de kosten voor onderhoud en verbruiksartikelen.  <\/p>\n\n<blockquote class=\"wp-block-quote is-layout-flow wp-block-quote-is-layout-flow\">\n<p>De uitneembare stofopvangbak maakt stofverwijdering eenvoudig en veilig.<\/p>\n<\/blockquote>\n\n<p>Vaste stofafscheiders kunnen worden uitgerust met een absoluut HEPA-filter van klasse H, dat helpt om de luchtkwaliteit te verbeteren en te voldoen aan de grenswaarden voor beroepsmatige blootstelling<a href=\"https:\/\/obera.fr\/nl\/ons-advies\/reglementation-vlep-evaluation-risque-chimique-lieu-de-travail\/\" data-type=\"post\" data-id=\"6575\">(<\/a>OEL&#8217;s).<\/p>\n\n<div class=\"wp-block-columns is-layout-flex wp-container-core-columns-is-layout-28f84493 wp-block-columns-is-layout-flex\">\n<div class=\"wp-block-column is-layout-flow wp-block-column-is-layout-flow\">\n<h4 class=\"wp-block-heading has-text-align-center\" id=\"avantages\"><strong>Voordelen<\/strong><\/h4>\n\n\n\n<ul class=\"wp-block-list\">\n<li>Geschikt voor gebruik op verschillende wissellocaties<\/li>\n\n\n\n<li>Eenvoudig en veilig stof verwijderen<\/li>\n\n\n\n<li>Lage bedrijfs- en bewakingskosten<\/li>\n\n\n\n<li>Robuust plaatstalen ontwerp voor een lange levensduur<\/li>\n\n\n\n<li>Laag bedrijfsgeluid<\/li>\n\n\n\n<li>Gebruik filterpatronen getest op stofklasse &#8220;M&#8221;.<\/li>\n\n\n\n<li>Gebruiks- en onderhoudsvriendelijk<\/li>\n<\/ul>\n<\/div>\n\n\n\n<div class=\"wp-block-column is-layout-flow wp-block-column-is-layout-flow\">\n<h4 class=\"wp-block-heading has-text-align-center\" id=\"particularites\"><strong>Speciale functies<\/strong><\/h4>\n\n\n\n<ul class=\"wp-block-list\">\n<li>Ge\u00efntegreerde impactscheider voor grof stof<\/li>\n\n\n\n<li>Speciale modellen<\/li>\n\n\n\n<li>Filters reinigen met een handmatig roterend mondstuk<\/li>\n\n\n\n<li>Geluiddichte ventilatorbehuizing<\/li>\n\n\n\n<li>Krachtige centrifugaalventilator aan de schone luchtzijde<\/li>\n\n\n\n<li>Verwijderbare, mobiele stofopvanglade met een capaciteit van ongeveer 40 l<\/li>\n<\/ul>\n<\/div>\n\n\n\n<div class=\"wp-block-column is-layout-flow wp-block-column-is-layout-flow\">\n<h4 class=\"wp-block-heading has-text-align-center\" id=\"caracteristiques\"><strong>Kenmerken<\/strong><\/h4>\n\n\n\n<ul class=\"wp-block-list\">\n<li>Ideaal voor individuele werkstations en\/of productiemachines<\/li>\n\n\n\n<li>Zuigt stof en spaanders af van hout, kunststof, metaal en composietmaterialen<\/li>\n\n\n\n<li>Klasse H filtratie (optioneel) voor het werken met gevaarlijk stof (CMR)<\/li>\n\n\n\n<li>Mogelijkheid om een zuigarm te monteren<\/li>\n<\/ul>\n<\/div>\n<\/div>\n\n<h3 class=\"wp-block-heading\" id=\"en-option\">optioneel<\/h3>\n\n<div class=\"wp-block-columns is-layout-flex wp-container-core-columns-is-layout-28f84493 wp-block-columns-is-layout-flex\">\n<div class=\"wp-block-column is-layout-flow wp-block-column-is-layout-flow\">\n<figure class=\"wp-block-image aligncenter size-large\"><img decoding=\"async\" width=\"100\" height=\"100\" src=\"https:\/\/obera.fr\/wp-content\/uploads\/2020\/08\/certificat-poussieres-classe-H.jpg\" alt=\"Stofafscheider - stofzuiger\" class=\"wp-image-666\"\/><figcaption class=\"wp-element-caption\">Stofklasse H volgens EN 60-335-2-69<\/figcaption><\/figure>\n<\/div>\n\n\n\n<div class=\"wp-block-column is-layout-flow wp-block-column-is-layout-flow\">\n<figure class=\"wp-block-image aligncenter size-large\"><img decoding=\"async\" width=\"100\" height=\"100\" src=\"https:\/\/obera.fr\/wp-content\/uploads\/2020\/08\/pre-separateur.jpg\" alt=\"Stofafscheider - stof\" class=\"wp-image-683\"\/><figcaption class=\"wp-element-caption\">Extra voorafscheider voor vonken en spaanders<\/figcaption><\/figure>\n<\/div>\n\n\n\n<div class=\"wp-block-column is-layout-flow wp-block-column-is-layout-flow\">\n<figure class=\"wp-block-image aligncenter size-large\"><img decoding=\"async\" width=\"100\" height=\"100\" src=\"https:\/\/obera.fr\/wp-content\/uploads\/2020\/09\/Charbon-actif-100x100-1.jpg\" alt=\"Kolen - Kolenmijn\" class=\"wp-image-963\"\/><figcaption class=\"wp-element-caption\">Actief koolstoffilter<\/figcaption><\/figure>\n<\/div>\n<\/div>\n\n<h3 class=\"wp-block-heading\" id=\"accessoires\">accessoires<\/h3>\n\n<div class=\"wp-block-columns is-layout-flex wp-container-core-columns-is-layout-28f84493 wp-block-columns-is-layout-flex\">\n<div class=\"wp-block-column is-layout-flow wp-block-column-is-layout-flow\">\n<figure class=\"wp-block-image aligncenter size-full\"><img decoding=\"async\" width=\"100\" height=\"100\" src=\"https:\/\/obera.fr\/wp-content\/uploads\/2020\/08\/accessoires-adaptateur-de-gaines.jpg\" alt=\"Pijp - Pijp\" class=\"wp-image-664\"\/><figcaption class=\"wp-element-caption\">Adapter voor schede<\/figcaption><\/figure>\n<\/div>\n\n\n\n<div class=\"wp-block-column is-layout-flow wp-block-column-is-layout-flow\">\n<figure class=\"wp-block-image aligncenter size-full\"><img decoding=\"async\" width=\"100\" height=\"100\" src=\"https:\/\/obera.fr\/wp-content\/uploads\/2020\/08\/accessoires-gaines.jpg\" alt=\"Stofafscheider - Filtratie\" class=\"wp-image-665\"\/><figcaption class=\"wp-element-caption\">Leidingen<\/figcaption><\/figure>\n<\/div>\n\n\n\n<div class=\"wp-block-column is-layout-flow wp-block-column-is-layout-flow\">\n<figure class=\"wp-block-image aligncenter size-full\"><img decoding=\"async\" width=\"100\" height=\"100\" src=\"https:\/\/obera.fr\/wp-content\/uploads\/2020\/08\/accessoires-bras.jpg\" alt=\"Stofafscheider - Lassen\" class=\"wp-image-662\"\/><figcaption class=\"wp-element-caption\">Arm<\/figcaption><\/figure>\n<\/div>\n\n\n\n<div class=\"wp-block-column is-layout-flow wp-block-column-is-layout-flow\">\n<figure class=\"wp-block-image aligncenter size-full\"><img decoding=\"async\" width=\"100\" height=\"100\" src=\"https:\/\/obera.fr\/wp-content\/uploads\/2020\/08\/accessoires-hotte.jpg\" alt=\"Stofafscheider - Filter\" class=\"wp-image-663\"\/><figcaption class=\"wp-element-caption\">Kap<\/figcaption><\/figure>\n<\/div>\n<\/div>\n\n<div class=\"wp-block-buttons is-horizontal is-content-justification-center is-layout-flex wp-container-core-buttons-is-layout-03627597 wp-block-buttons-is-layout-flex\">\n<div class=\"wp-block-button has-custom-width wp-block-button__width-100\"><a class=\"wp-block-button__link wp-element-button\" href=\"https:\/\/obera.fr\/nl\/neem-contact-met-ons-op\/\">Meer informatie<\/a><\/div>\n<\/div>\n\n<h2 class=\"wp-block-heading\" id=\"les-autres-depoussiereurs-fixes-de-la-marque-obera\">Andere stationaire stofafscheiders van het merk oberA<\/h2>\n\n<div class=\"wp-block-columns is-layout-flex wp-container-core-columns-is-layout-28f84493 wp-block-columns-is-layout-flex\">\n<div class=\"wp-block-column is-layout-flow wp-block-column-is-layout-flow\">\n<figure class=\"wp-block-image aligncenter size-full is-resized\"><a href=\"https:\/\/obera.fr\/nl\/produits\/depoussiereurs-industriels\/fixes\/depoussiereur-a-voie-humide-dustomat-hydro\/\"><img decoding=\"async\" width=\"500\" height=\"500\" src=\"https:\/\/obera.fr\/wp-content\/uploads\/2023\/02\/dustomat-hydro.png\" alt=\"hydro\" class=\"wp-image-19014\" srcset=\"https:\/\/obera.fr\/wp-content\/uploads\/2023\/02\/dustomat-hydro.png 500w, https:\/\/obera.fr\/wp-content\/uploads\/2023\/02\/dustomat-hydro-300x300.png 300w, https:\/\/obera.fr\/wp-content\/uploads\/2023\/02\/dustomat-hydro-150x150.png 150w\" sizes=\"(max-width: 500px) 100vw, 500px\" \/><\/a><figcaption class=\"wp-element-caption\">Hydro Dustomat<\/figcaption><\/figure>\n<\/div>\n\n\n\n<div class=\"wp-block-column is-layout-flow wp-block-column-is-layout-flow\">\n<figure class=\"wp-block-image aligncenter size-large is-resized\"><a href=\"https:\/\/obera.fr\/nl\/produits\/depoussiereurs-industriels\/fixes\/aspiration-centralisee-industrielle-dustmac\/\"><img decoding=\"async\" width=\"600\" height=\"600\" src=\"https:\/\/obera.fr\/wp-content\/uploads\/2020\/08\/depoussiereur-centralise-filtres-a-manches-DUSTMAC-S.png\" alt=\"Systeem - Productontwerp\" class=\"wp-image-637\" srcset=\"https:\/\/obera.fr\/wp-content\/uploads\/2020\/08\/depoussiereur-centralise-filtres-a-manches-DUSTMAC-S.png 600w, https:\/\/obera.fr\/wp-content\/uploads\/2020\/08\/depoussiereur-centralise-filtres-a-manches-DUSTMAC-S-300x300.png 300w, https:\/\/obera.fr\/wp-content\/uploads\/2020\/08\/depoussiereur-centralise-filtres-a-manches-DUSTMAC-S-150x150.png 150w\" sizes=\"(max-width: 600px) 100vw, 600px\" \/><\/a><figcaption class=\"wp-element-caption\">DUSTMAC<\/figcaption><\/figure>\n<\/div>\n\n\n\n<div class=\"wp-block-column is-layout-flow wp-block-column-is-layout-flow\"><\/div>\n<\/div>\n","protected":false},"excerpt":{"rendered":"<p>ESTMAC is een serie vaste, compacte stofafscheiders die een voordelige oplossing bieden voor het afzuigen van kleine en middelgrote hoeveelheden stof en spanen. Wat is de ESTMAC stofafscheider? Stofafscheiders zuigen droog stof en afvloeiend stof af en bieden een breed scala aan toepassingen voor vele sectoren. Dankzij hun compacte afmetingen kunnen de droge stofafscheiders van ESTMAC flexibel worden ge\u00efnstalleerd op wisselende locaties. Ze zijn uitgerust met reinigbare filterpatronen van stofklasse &#8220;M&#8221;, die overeenkomen met een deeltjesafscheidingseffici\u00ebntie van 99,9%. De ge\u00efntegreerde voorafscheider verlengt de levensduur van de filterpatronen door grove deeltjes vooraf af te scheiden. Dit vermindert de belasting van de &#8230; <\/p>\n<p class=\"read-more-container\"><a title=\"ESTMAC droge stofafscheider\" class=\"read-more button\" href=\"https:\/\/obera.fr\/nl\/produits\/depoussiereurs-industriels\/fixes\/depoussiereur-a-sec-estmac\/#more-47185\" aria-label=\"Lees meer over ESTMAC droge stofafscheider\">Lire la suite<\/a><\/p>\n","protected":false},"author":4,"featured_media":37339,"parent":47229,"menu_order":0,"comment_status":"closed","ping_status":"closed","template":"","meta":{"_acf_changed":false,"_seopress_robots_primary_cat":"","_seopress_titles_title":"Ontdek de ESTMAC vaste droge stofafscheider van OberA","_seopress_titles_desc":"ESTMAC is een serie vaste, compacte stofafscheiders die droge en druppelende spanen en stof effici\u00ebnt kunnen afzuigen.","_seopress_robots_index":"","footnotes":""},"class_list":{"0":"post-47185","1":"page","2":"type-page","3":"status-publish","4":"has-post-thumbnail","6":"no-featured-image-padding","7":"resize-featured-image"},"acf":[],"_links":{"self":[{"href":"https:\/\/obera.fr\/nl\/wp-json\/wp\/v2\/pages\/47185","targetHints":{"allow":["GET"]}}],"collection":[{"href":"https:\/\/obera.fr\/nl\/wp-json\/wp\/v2\/pages"}],"about":[{"href":"https:\/\/obera.fr\/nl\/wp-json\/wp\/v2\/types\/page"}],"author":[{"embeddable":true,"href":"https:\/\/obera.fr\/nl\/wp-json\/wp\/v2\/users\/4"}],"replies":[{"embeddable":true,"href":"https:\/\/obera.fr\/nl\/wp-json\/wp\/v2\/comments?post=47185"}],"version-history":[{"count":13,"href":"https:\/\/obera.fr\/nl\/wp-json\/wp\/v2\/pages\/47185\/revisions"}],"predecessor-version":[{"id":132574,"href":"https:\/\/obera.fr\/nl\/wp-json\/wp\/v2\/pages\/47185\/revisions\/132574"}],"up":[{"embeddable":true,"href":"https:\/\/obera.fr\/nl\/wp-json\/wp\/v2\/pages\/47229"}],"wp:featuredmedia":[{"embeddable":true,"href":"https:\/\/obera.fr\/nl\/wp-json\/wp\/v2\/media\/37339"}],"wp:attachment":[{"href":"https:\/\/obera.fr\/nl\/wp-json\/wp\/v2\/media?parent=47185"}],"curies":[{"name":"wp","href":"https:\/\/api.w.org\/{rel}","templated":true}]}}