{"id":47211,"date":"2021-09-17T09:11:07","date_gmt":"2021-09-17T07:11:07","guid":{"rendered":"https:\/\/obera.fr\/obcare-co2-sensor\/"},"modified":"2025-11-15T17:20:38","modified_gmt":"2025-11-15T15:20:38","slug":"capteur-co2-obcare","status":"publish","type":"page","link":"https:\/\/obera.fr\/nl\/produits\/analyseurs-air\/capteur-co2-obcare\/","title":{"rendered":"OBCARE CO2-sensor"},"content":{"rendered":"\n<h2 class=\"wp-block-heading\">Luchtkwaliteit meten met verkeerslichten<\/h2>\n\n<div class=\"wp-block-columns is-layout-flex wp-container-core-columns-is-layout-28f84493 wp-block-columns-is-layout-flex\">\n<div class=\"wp-block-column is-layout-flow wp-block-column-is-layout-flow\" style=\"flex-basis:33.33%\">\n<figure class=\"wp-block-image aligncenter size-full is-resized\"><img decoding=\"async\" width=\"300\" height=\"212\" src=\"https:\/\/obera.fr\/wp-content\/uploads\/2021\/11\/Capteur_CO2_OBCARE.png\" alt=\"obcare co2 sensor\" class=\"wp-image-7611\" style=\"width:300px;height:212px\"\/><figcaption class=\"wp-element-caption\">OBCARE<\/figcaption><\/figure>\n<\/div>\n\n\n\n<div class=\"wp-block-column is-vertically-aligned-center is-layout-flow wp-block-column-is-layout-flow\" style=\"flex-basis:66.66%\">\n<p>De <strong>OBCARE<\/strong> CO2-sensor maakt het mogelijk om de luchtkwaliteit in gesloten ruimtes in real-time te monitoren. Het meerkleurige display met verkeerslichtindicatie geeft een onmiddellijk overzicht van de luchtkwaliteit en toont de <strong>CO2-concentratie in ppm<\/strong>. Deze lichten vormen duidelijke visuele indicatoren en waarschuwen gebruikers over de te nemen maatregelen: <strong>de lucht zuiveren<\/strong> door het plaatsen van mobiele luchtzuiveringsunits en\/of <strong>natuurlijk ventileren<\/strong> door te luchten.<\/p>\n\n\n\n<div class=\"wp-block-columns is-layout-flex wp-container-core-columns-is-layout-28f84493 wp-block-columns-is-layout-flex\">\n<div class=\"wp-block-column is-layout-flow wp-block-column-is-layout-flow\" style=\"flex-basis:33.34%\">\n<div class=\"wp-block-buttons is-content-justification-center is-layout-flex wp-container-core-buttons-is-layout-a89b3969 wp-block-buttons-is-layout-flex\">\n<div class=\"wp-block-button\"><a class=\"wp-block-button__link wp-element-button\" href=\"https:\/\/obera.fr\/wp-content\/uploads\/2025\/06\/brochure-obcare.pdf\">Download de brochure<\/a><\/div>\n<\/div>\n<\/div>\n\n\n\n<div class=\"wp-block-column is-layout-flow wp-block-column-is-layout-flow\" style=\"flex-basis:33.34%\">\n<div class=\"wp-block-buttons is-horizontal is-content-justification-center is-layout-flex wp-container-core-buttons-is-layout-03627597 wp-block-buttons-is-layout-flex\">\n<div class=\"wp-block-button\"><a class=\"wp-block-button__link wp-element-button\" href=\"https:\/\/boutique.obera.fr\/52-acheter-capteur-co2-obcare.html\" target=\"_blank\" rel=\"noreferrer noopener\">De OBCARE CO2-sensor kopen  <\/a><\/div>\n<\/div>\n<\/div>\n\n\n\n<div class=\"wp-block-column is-layout-flow wp-block-column-is-layout-flow\" style=\"flex-basis:33.33%\">\n<div class=\"wp-block-buttons is-content-justification-center is-layout-flex wp-container-core-buttons-is-layout-a89b3969 wp-block-buttons-is-layout-flex\">\n<div class=\"wp-block-button btn-devis-source\"><a class=\"wp-block-button__link wp-element-button\" href=\"https:\/\/obera.fr\/nl\/devis\/\">Een offerte aanvragen<\/a><\/div>\n<\/div>\n\n\n<script>\r\ndocument.addEventListener('DOMContentLoaded', function() {\r\n    \/\/ 1. On cherche le titre H1 de la page\r\n    var h1 = document.querySelector('h1');\r\n    var productTitle = h1 ? h1.innerText.trim() : \"\";\r\n\r\n    \/\/ 2. On cherche les boutons via la classe CSS .btn-devis-source\r\n    var buttons = document.querySelectorAll('.btn-devis-source a');\r\n\r\n    \/\/ 3. Si on a le titre et les boutons, on ajoute le param\u00e8tre\r\n    if (buttons.length > 0 && productTitle !== \"\") {\r\n        var encodedTitle = encodeURIComponent(productTitle);\r\n\r\n        buttons.forEach(function(btn) {\r\n            var currentHref = btn.getAttribute('href');\r\n            \r\n            \/\/ S\u00e9curit\u00e9 pour ne pas ajouter le param\u00e8tre 2 fois\r\n            if (currentHref.indexOf('sujet=') === -1) {\r\n                var separator = currentHref.indexOf('?') !== -1 ? '&' : '?';\r\n                var newLink = currentHref + separator + 'sujet=' + encodedTitle;\r\n                \r\n                btn.setAttribute('href', newLink);\r\n            }\r\n        });\r\n    }\r\n});\r\n<\/script><\/div>\n<\/div>\n<\/div>\n<\/div>\n\n<h2 class=\"wp-block-heading\">De voordelen van OBCARE<\/h2>\n\n<div class=\"wp-block-columns is-layout-flex wp-container-core-columns-is-layout-28f84493 wp-block-columns-is-layout-flex\">\n<div class=\"wp-block-column is-layout-flow wp-block-column-is-layout-flow\">\n<h3 class=\"wp-block-heading has-text-align-left\">CO2 caPter<\/h3>\n\n\n\n<p>De <strong>OBCARE<\/strong> CO2-sensor maakt het mogelijk om de luchtkwaliteit continu te meten. De informatie weergegeven in ppm wordt in real-time gegeven. Het apparaat is eenvoudig in gebruik te nemen en zeer gemakkelijk te verplaatsen. <\/p>\n<\/div>\n\n\n\n<div class=\"wp-block-column is-layout-flow wp-block-column-is-layout-flow\">\n<h3 class=\"wp-block-heading has-text-align-left\">VOORBEELDEN VAN SECTOREN<\/h3>\n\n\n\n<ul class=\"wp-block-list\">\n<li>ERP<\/li>\n\n\n\n<li>Kantoren<\/li>\n\n\n\n<li>Sporthallen  <\/li>\n\n\n\n<li>Wachtkamers<\/li>\n\n\n\n<li>Scholen<\/li>\n\n\n\n<li>Open ruimtes<\/li>\n\n\n\n<li>Aandelen<\/li>\n<\/ul>\n<\/div>\n<\/div>\n\n<h2 class=\"wp-block-heading\">Soorten assemblage<\/h2>\n\n<p>Het luchtkwaliteitsmeetapparaat kan op een tafel of aan de muur worden ge\u00efnstalleerd. De roestvrijstalen voet (<strong>optioneel verkrijgbaar<\/strong>) maakt het mogelijk om het optimaal in de ruimte te positioneren. Een goede positionering is essentieel en zal invloed hebben op de representativiteit van de metingen. Het is met name raadzaam om de sensoren niet bij ramen of in de directe nabijheid daarvan te plaatsen.<\/p>\n\n<blockquote class=\"wp-block-quote is-layout-flow wp-block-quote-is-layout-flow\">\n<p>We raden aan <strong>om \u00e9\u00e9n CO2-sensor per 40 m\u00b2 ruimte te installeren<\/strong>.<\/p>\n<\/blockquote>\n\n<div class=\"wp-block-buttons is-horizontal is-content-justification-center is-layout-flex wp-container-core-buttons-is-layout-03627597 wp-block-buttons-is-layout-flex\">\n<div class=\"wp-block-button has-custom-width wp-block-button__width-100\"><a class=\"wp-block-button__link wp-element-button\" href=\"https:\/\/obera.fr\/nl\/neem-contact-met-ons-op\/\">Meer informatie<\/a><\/div>\n<\/div>\n\n<h2 class=\"wp-block-heading\">Technische specificaties<\/h2>\n\n<figure class=\"wp-block-table\"><table class=\"has-fixed-layout\"><tbody><tr><td>CO2-sensor<\/td><td>NDIR-technologie (niet-dispersieve infraroodsensor) met autokalibratie<br\/>Meetbereik: 0 tot 5000 ppm (+- 60 ppm)<\/td><\/tr><tr><td>Vochtigheids- en temperatuursensor<\/td><td>Optioneel<\/td><\/tr><tr><td>Weergave groen\/geel\/rood verkeerslicht<\/td><td>Groen: &lt; 800 ppm<br\/>Geel: 800 &#8211; 2000 ppm<br\/>Rood &gt; 2000 ppm<\/td><\/tr><tr><td>Akoestisch alarm<\/td><td>Optie<br\/>Het alarm gaat elke minuut af wanneer de drempel wordt overschreden.<\/td><\/tr><tr><td>Stroomkabel<\/td><td>Inclusief 12V-voeding met EU-connector (lengte: 1,5 meter)<\/td><\/tr><tr><td>Stroomvoorziening<\/td><td>12V &#8211; 34V AC\/DC<\/td><\/tr><tr><td>Stroomverbruik<\/td><td>40 &#8211; 80 mA<\/td><\/tr><tr><td>Fysieke hoeveelheden gemeten<\/td><td>CO2 in ppm<\/td><\/tr><tr><td>Box<\/td><td>ABS behuizing, wit RAL 9010<br\/>Gaten voor wandmontage<br\/>Afmetingen 87,5 x 87,5 x 30mm<\/td><\/tr><tr><td>Standaard voor montage op bureau<\/td><td>Optionele displaystandaard<br\/>Roestvrijstalen basis<\/td><\/tr><tr><td>Beschermingsklasse<\/td><td>IP30<\/td><\/tr><\/tbody><\/table><\/figure>\n\n<div style=\"height:25px\" aria-hidden=\"true\" class=\"wp-block-spacer\"><\/div>\n\n<h2 class=\"wp-block-heading\">Andere OberA luchtanalysers<\/h2>\n\n<div class=\"wp-block-columns is-layout-flex wp-container-core-columns-is-layout-28f84493 wp-block-columns-is-layout-flex\">\n<div class=\"wp-block-column is-layout-flow wp-block-column-is-layout-flow\">\n<figure class=\"wp-block-image aligncenter size-thumbnail is-resized\"><a href=\"https:\/\/obera.fr\/nl\/produits\/analyseurs-air\/compteur-particules\/\"><img decoding=\"async\" width=\"150\" height=\"150\" src=\"https:\/\/obera.fr\/wp-content\/uploads\/2020\/08\/compteur-de-particules-150x150.png\" alt=\"Deeltjesteller Trotec PC220 - Deeltjesteller\" class=\"wp-image-714\" style=\"width:150px;height:150px\" srcset=\"https:\/\/obera.fr\/wp-content\/uploads\/2020\/08\/compteur-de-particules-150x150.png 150w, https:\/\/obera.fr\/wp-content\/uploads\/2020\/08\/compteur-de-particules-300x300.png 300w, https:\/\/obera.fr\/wp-content\/uploads\/2020\/08\/compteur-de-particules.png 433w\" sizes=\"(max-width: 150px) 100vw, 150px\" \/><\/a><figcaption class=\"wp-element-caption\">Deeltjesmeter<\/figcaption><\/figure>\n<\/div>\n<\/div>\n","protected":false},"excerpt":{"rendered":"<p>Luchtkwaliteit meten met verkeerslichten De OBCARE CO2-sensor maakt het mogelijk om de luchtkwaliteit in gesloten ruimtes in real-time te monitoren. Het meerkleurige display met verkeerslichtindicatie geeft een onmiddellijk overzicht van de luchtkwaliteit en toont de CO2-concentratie in ppm. Deze lichten vormen duidelijke visuele indicatoren en waarschuwen gebruikers over de te nemen maatregelen: de lucht zuiveren door het plaatsen van mobiele luchtzuiveringsunits en\/of natuurlijk ventileren door te luchten. De voordelen van OBCARE CO2 caPter De OBCARE CO2-sensor maakt het mogelijk om de luchtkwaliteit continu te meten. De informatie weergegeven in ppm wordt in real-time gegeven. Het apparaat is eenvoudig in gebruik &#8230; <\/p>\n<p class=\"read-more-container\"><a title=\"OBCARE CO2-sensor\" class=\"read-more button\" href=\"https:\/\/obera.fr\/nl\/produits\/analyseurs-air\/capteur-co2-obcare\/#more-47211\" aria-label=\"Lees meer over OBCARE CO2-sensor\">Lire la suite<\/a><\/p>\n","protected":false},"author":4,"featured_media":83736,"parent":48423,"menu_order":0,"comment_status":"closed","ping_status":"closed","template":"","meta":{"_acf_changed":false,"_seopress_robots_primary_cat":"","_seopress_titles_title":"OBCARE CO2-sensor voor het meten van de luchtkwaliteit","_seopress_titles_desc":"Ontdek onze CO2-sensor, ideaal als aanvulling op een behandeling tegen covid-19. Geeft CO2-niveaus aan in ppm en geeft live informatie over de luchtkwaliteit.","_seopress_robots_index":"","footnotes":""},"class_list":{"0":"post-47211","1":"page","2":"type-page","3":"status-publish","4":"has-post-thumbnail","6":"no-featured-image-padding","7":"resize-featured-image"},"acf":[],"_links":{"self":[{"href":"https:\/\/obera.fr\/nl\/wp-json\/wp\/v2\/pages\/47211","targetHints":{"allow":["GET"]}}],"collection":[{"href":"https:\/\/obera.fr\/nl\/wp-json\/wp\/v2\/pages"}],"about":[{"href":"https:\/\/obera.fr\/nl\/wp-json\/wp\/v2\/types\/page"}],"author":[{"embeddable":true,"href":"https:\/\/obera.fr\/nl\/wp-json\/wp\/v2\/users\/4"}],"replies":[{"embeddable":true,"href":"https:\/\/obera.fr\/nl\/wp-json\/wp\/v2\/comments?post=47211"}],"version-history":[{"count":6,"href":"https:\/\/obera.fr\/nl\/wp-json\/wp\/v2\/pages\/47211\/revisions"}],"predecessor-version":[{"id":132636,"href":"https:\/\/obera.fr\/nl\/wp-json\/wp\/v2\/pages\/47211\/revisions\/132636"}],"up":[{"embeddable":true,"href":"https:\/\/obera.fr\/nl\/wp-json\/wp\/v2\/pages\/48423"}],"wp:featuredmedia":[{"embeddable":true,"href":"https:\/\/obera.fr\/nl\/wp-json\/wp\/v2\/media\/83736"}],"wp:attachment":[{"href":"https:\/\/obera.fr\/nl\/wp-json\/wp\/v2\/media?parent=47211"}],"curies":[{"name":"wp","href":"https:\/\/api.w.org\/{rel}","templated":true}]}}