{"id":48233,"date":"2020-08-26T12:54:02","date_gmt":"2020-08-26T10:54:02","guid":{"rendered":"https:\/\/obera.fr\/onze-producten\/industriele-stofvangers\/kleine-industriele-stofafscheiders\/lasrook-en-laserafzuiging-epur-b-ex\/"},"modified":"2025-08-28T10:53:17","modified_gmt":"2025-08-28T08:53:17","slug":"aspiration-fumees-soudage-laser-epur-b-ex","status":"publish","type":"page","link":"https:\/\/obera.fr\/nl\/produits\/depoussiereurs-industriels\/petits\/aspiration-fumees-soudage-laser-epur-b-ex\/","title":{"rendered":"Lasrook- en laserafzuiging ePUR Ex"},"content":{"rendered":"\n<p><strong>EPUR Ex<\/strong> is een reeks van 3 ATEX-gecertificeerde<a href=\"https:\/\/obera.fr\/nl\/produits\/depoussiereurs-industriels\/petits\/\" data-type=\"page\" data-id=\"393\">mobiele luchtafzuigsystemen<\/a>.<\/p>\n\n\n<h2 class=\"wp-block-heading\">Hoe werkt las-\/laserdampenafzuiging?<\/h2>\n\n<div class=\"wp-block-columns is-layout-flex wp-container-core-columns-is-layout-28f84493 wp-block-columns-is-layout-flex\">\n<div class=\"wp-block-column is-layout-flow wp-block-column-is-layout-flow\" style=\"flex-basis:33.33%\">\n<figure class=\"wp-block-image aligncenter size-full\"><img decoding=\"async\" width=\"600\" height=\"600\" src=\"https:\/\/obera.fr\/wp-content\/uploads\/2023\/10\/epurb-ex-1000-3000-5000.png\" alt=\"epurb ex 1000 3000 5000\" class=\"wp-image-25016\" srcset=\"https:\/\/obera.fr\/wp-content\/uploads\/2023\/10\/epurb-ex-1000-3000-5000.png 600w, https:\/\/obera.fr\/wp-content\/uploads\/2023\/10\/epurb-ex-1000-3000-5000-300x300.png 300w, https:\/\/obera.fr\/wp-content\/uploads\/2023\/10\/epurb-ex-1000-3000-5000-150x150.png 150w\" sizes=\"(max-width: 600px) 100vw, 600px\" \/><\/figure>\n<\/div>\n\n\n\n<div class=\"wp-block-column is-layout-flow wp-block-column-is-layout-flow\" style=\"flex-basis:66.66%\">\n<p>De werking is eenvoudig: <strong>de vervuilde lucht wordt rechtstreeks aangezogen via een flexibele afzuigslang die is aangesloten op de machine<\/strong>, een afzuigarm, een afzuigkap of rechtstreeks op een productiemachine via een netwerk van kanalen.<\/p>\n\n\n\n<p>De<strong>vervuilde lucht<\/strong> wordt opgevangen en behandeld in verschillende filtratiefasen.<\/p>\n\n\n\n<p>De<strong>gezuiverde lucht<\/strong> wordt vervolgens via de onderkant van de unit rechtstreeks naar de werkruimte of naar buiten afgevoerd via een netwerk van afvoerkanalen.<\/p>\n\n\n\n<div style=\"height:15px\" aria-hidden=\"true\" class=\"wp-block-spacer\"><\/div>\n\n\n\n<div class=\"wp-block-columns is-layout-flex wp-container-core-columns-is-layout-28f84493 wp-block-columns-is-layout-flex\">\n<div class=\"wp-block-column is-layout-flow wp-block-column-is-layout-flow\" style=\"flex-basis:33.34%\">\n<div class=\"wp-block-buttons is-content-justification-center is-layout-flex wp-container-core-buttons-is-layout-a89b3969 wp-block-buttons-is-layout-flex\">\n<div class=\"wp-block-button\"><a class=\"wp-block-button__link wp-element-button\" href=\"https:\/\/obera.fr\/wp-content\/uploads\/2025\/04\/brochure-epur-ex-fr.pdf\">Download de brochure<\/a><\/div>\n<\/div>\n<\/div>\n\n\n\n<div class=\"wp-block-column is-layout-flow wp-block-column-is-layout-flow\" style=\"flex-basis:33.34%\">\n<div class=\"wp-block-buttons is-horizontal is-content-justification-center is-layout-flex wp-container-core-buttons-is-layout-03627597 wp-block-buttons-is-layout-flex\">\n<div class=\"wp-block-button has-custom-width wp-block-button__width-100\"><a class=\"wp-block-button__link wp-element-button\" href=\"https:\/\/obera.fr\/nl\/neem-contact-met-ons-op\/\">Meer informatie<\/a><\/div>\n<\/div>\n<\/div>\n\n\n\n<div class=\"wp-block-column is-layout-flow wp-block-column-is-layout-flow\" style=\"flex-basis:33.33%\">\n<div class=\"wp-block-buttons is-content-justification-center is-layout-flex wp-container-core-buttons-is-layout-a89b3969 wp-block-buttons-is-layout-flex\">\n<div class=\"wp-block-button btn-devis-source\"><a class=\"wp-block-button__link wp-element-button\" href=\"https:\/\/obera.fr\/nl\/devis\/\">Een offerte aanvragen<\/a><\/div>\n<\/div>\n\n\n<script>\r\ndocument.addEventListener('DOMContentLoaded', function() {\r\n    \/\/ 1. On cherche le titre H1 de la page\r\n    var h1 = document.querySelector('h1');\r\n    var productTitle = h1 ? h1.innerText.trim() : \"\";\r\n\r\n    \/\/ 2. On cherche les boutons via la classe CSS .btn-devis-source\r\n    var buttons = document.querySelectorAll('.btn-devis-source a');\r\n\r\n    \/\/ 3. Si on a le titre et les boutons, on ajoute le param\u00e8tre\r\n    if (buttons.length > 0 && productTitle !== \"\") {\r\n        var encodedTitle = encodeURIComponent(productTitle);\r\n\r\n        buttons.forEach(function(btn) {\r\n            var currentHref = btn.getAttribute('href');\r\n            \r\n            \/\/ S\u00e9curit\u00e9 pour ne pas ajouter le param\u00e8tre 2 fois\r\n            if (currentHref.indexOf('sujet=') === -1) {\r\n                var separator = currentHref.indexOf('?') !== -1 ? '&' : '?';\r\n                var newLink = currentHref + separator + 'sujet=' + encodedTitle;\r\n                \r\n                btn.setAttribute('href', newLink);\r\n            }\r\n        });\r\n    }\r\n});\r\n<\/script><\/div>\n<\/div>\n<\/div>\n<\/div>\n\n<h2 class=\"wp-block-heading\">Waar worden ze voor gebruikt?<\/h2>\n\n<p>Deze afzuigers zijn ontworpen om <strong>las-<\/strong> en <strong>soldeerdampen<\/strong>, <strong>stof<\/strong>, <strong>dampen<\/strong>, <strong>oplosmiddelen<\/strong>, <strong>gassen<\/strong>, <strong>geuren<\/strong> en alle soorten <strong>gasvormige verontreinigingen<\/strong> <strong>af te zuigen<\/strong>. De eenheden zijn gemonteerd op wielen en kunnen worden gebruikt voor de afzuiging van <a href=\"https:\/\/obera.fr\/nl\/produits\/depoussiereurs-industriels\/fixes\/\">vaste of mobiele werkstations<\/a> (maximaal 3 werkstations of productiemachines). Ze zijn compact en ruimtebesparend en geschikt voor alle soorten industrie. Ze zijn <a href=\"https:\/\/obera.fr\/nl\/produits\/atex\/\" data-type=\"page\" data-id=\"372\">ATEX-gecertificeerd<\/a> en ontworpen voor gebruik in ATEX22-zones.  <\/p>\n\n<p>De <strong>EPUR Ex serie<\/strong> is uitgerust met verzadigingsfilters (te vervangen bij verzadiging), wat betekent dat de stof- of rookbelasting relatief laag is. Voor hogere vervuilingsbelastingen en grote hoeveelheden stof moet worden gekozen voor regenereerbare (niet-verstoppende) filtermedia zoals de <a href=\"https:\/\/obera.fr\/nl\/produits\/depoussiereurs-industriels\/mobiles\/extracteur-poussiere-dustomat-4\/\" data-type=\"page\" data-id=\"440\">DUSTOMAT<\/a> of <a href=\"https:\/\/obera.fr\/nl\/produits\/depoussiereurs-industriels\/fixes\/aspiration-centralisee-industrielle-dustmac\/\" data-type=\"page\" data-id=\"467\">DUSTMAC<\/a>&#8230;. reeksen. <\/p>\n\n<div class=\"wp-block-columns is-layout-flex wp-container-core-columns-is-layout-28f84493 wp-block-columns-is-layout-flex\">\n<div class=\"wp-block-column is-layout-flow wp-block-column-is-layout-flow\">\n<h3 class=\"wp-block-heading has-text-align-center\">Verontreinigende stoffen<\/h3>\n\n\n\n<hr class=\"wp-block-separator has-css-opacity is-style-wide\"\/>\n\n\n\n<div class=\"wp-block-columns is-layout-flex wp-container-core-columns-is-layout-28f84493 wp-block-columns-is-layout-flex\">\n<div class=\"wp-block-column is-layout-flow wp-block-column-is-layout-flow\">\n<figure class=\"wp-block-image aligncenter size-large\"><img decoding=\"async\" width=\"70\" height=\"70\" src=\"https:\/\/obera.fr\/wp-content\/uploads\/2020\/08\/industrie-chimie.jpg\" alt=\"Chemische industrie\" class=\"wp-image-725\"\/><figcaption class=\"wp-element-caption\">Chemische stof<\/figcaption><\/figure>\n\n\n\n<figure class=\"wp-block-image aligncenter size-large\"><img decoding=\"async\" width=\"70\" height=\"70\" src=\"https:\/\/obera.fr\/wp-content\/uploads\/2020\/08\/industrie-odeur.jpg\" alt=\"Industrie Geur\" class=\"wp-image-723\"\/><figcaption class=\"wp-element-caption\">Geuren<\/figcaption><\/figure>\n<\/div>\n\n\n\n<div class=\"wp-block-column is-layout-flow wp-block-column-is-layout-flow\">\n<figure class=\"wp-block-image aligncenter size-large\"><img decoding=\"async\" width=\"70\" height=\"70\" src=\"https:\/\/obera.fr\/wp-content\/uploads\/2020\/08\/industrie-fumees.jpg\" alt=\"Industrie Rook\" class=\"wp-image-722\"\/><figcaption class=\"wp-element-caption\">Dampen<\/figcaption><\/figure>\n\n\n\n<figure class=\"wp-block-image aligncenter size-large\"><img decoding=\"async\" width=\"70\" height=\"70\" src=\"https:\/\/obera.fr\/wp-content\/uploads\/2020\/09\/cov.png\" alt=\"Cov\" class=\"wp-image-959\"\/><figcaption class=\"wp-element-caption\">VOCS<\/figcaption><\/figure>\n<\/div>\n<\/div>\n<\/div>\n\n\n\n<div class=\"wp-block-column is-layout-flow wp-block-column-is-layout-flow\">\n<h3 class=\"wp-block-heading has-text-align-center\">Industrie<\/h3>\n\n\n\n<hr class=\"wp-block-separator has-css-opacity is-style-wide\"\/>\n\n\n\n<p class=\"has-text-align-center\">Geschikt voor alle soorten industrie<\/p>\n<\/div>\n<\/div>\n\n<h2 class=\"wp-block-heading\">Wat zijn de kenmerken van ePUR Ex?<\/h2>\n\n<p>De <strong>ePUR Ex 1000, 3000 en 5000<\/strong> kunnen <strong>tot 3 trappen van filtratie met hoge prestaties bevatten<\/strong>. Er zijn verschillende configuraties mogelijk, ofwel 2 trappen met een HEPA 13\/14 filter en 6 kg actieve kool. Of in 3 fasen met een eerste filter dat kan worden geconfigureerd volgens uw behoeften, gevolgd door een ander filter dat voor de helft bestaat uit HEPA 13\/14 en voor de helft uit actieve kool (3 kg).  <\/p>\n\n<p>Voor de<strong>ePUR Ex 3000<\/strong>, het middelste apparaat in de serie, vindt u een eerste filter dat volledig naar wens kan worden geconfigureerd. De tweede filterkast is een HEPA 13\/14 met een filteroppervlak van 5,6m\u00b2. De derde filterkast ten slotte is een actieve-koolcassette van 6 kg. Het maximale debiet is <strong>260 m3\/u <\/strong>(onder belasting). Hij weegt 65 kg en is 99 cm hoog (gewicht zonder filter).    <\/p>\n\n<p>De<strong>ePUR Ex 5000<\/strong> onderscheidt zich door zijn zuigkracht, met een <strong>hoog debiet van 2800 m3\/u<\/strong>. Zijn filters zijn net zo aanpasbaar als die van de 2 vorige modellen. Standaard wordt het apparaat geleverd met een E10 voorfilter met een filteroppervlak van 19 m\u00b2 en een H14 HEPA filter met een filteroppervlak van 20 m\u00b2.  <\/p>\n\n<p>De ePUR Ex 1000 weegt 58 kg voor een hoogte van 63 cm en de ePUR Ex 5000 weegt 240 kg voor een hoogte van 159 cm (gewicht met filter).<\/p>\n\n<p>Het geluidsniveau tijdens gebruik is relatief laag (62db). Hun roestvrijstalen materialen maken ze robuust en betrouwbaar. Ze zijn ook uitgerust met een bedieningsscherm voor eenvoudige configuratie.<\/p>\n\n<figure class=\"wp-block-table\"><table class=\"has-fixed-layout\"><thead><tr><th>Apparaat<\/th><th><\/th><th>ePUR Ex 1000<\/th><th>ePUR Ex 3000<\/th><th>ePUR Ex 5000<\/th><\/tr><\/thead><tbody><tr><td>Stroom<\/td><td>m3\/u<\/td><td>350<\/td><td>460<\/td><td>2.800<\/td><\/tr><tr><td>Diameter inlaat<\/td><td>mm<\/td><td>50<\/td><td>50<\/td><td>150<\/td><\/tr><tr><td>maximale onderdruk<\/td><td>Pa<\/td><td>10 000<\/td><td>10 000<\/td><td>6000<\/td><\/tr><tr><td>Voedingsspanning<\/td><td>V<\/td><td>230 (of 110)<\/td><td>230 (of 110)<\/td><td>400<\/td><\/tr><tr><td>Stroom<\/td><td>kW<\/td><td>1.1<\/td><td>1.1<\/td><td>2.4<\/td><\/tr><tr><td>Filteroppervlak 1e verdieping<\/td><td>m\u00b2<\/td><td>2.2<\/td><td>2.5<\/td><td>19<\/td><\/tr><tr><td>Filteroppervlak 2e verdieping<\/td><td>m\u00b2<\/td><td>2.8<\/td><td>5.6<\/td><td>20<\/td><\/tr><tr><td>Hoeveelheid actieve kool 3e trap<\/td><td>kg<\/td><td>3<\/td><td>5.8<\/td><td>X<\/td><\/tr><tr><td>Afmetingen<\/td><td>l\/L\/h (mm)<\/td><td>436 x 527 x 638<\/td><td>430 x 400 x 996 mm<\/td><td>780 x 970 x 1590<\/td><\/tr><tr><td>Gewicht (zonder filters)<\/td><td>kg<\/td><td>58<\/td><td>65<\/td><td>240<\/td><\/tr><tr><td>Geluidsniveau<\/td><td>dB(A)<\/td><td>62<\/td><td>62<\/td><td>75<\/td><\/tr><\/tbody><\/table><\/figure>\n\n<h2 class=\"wp-block-heading\">Wat zijn de voordelen van onze apparatuur voor elektronische lasrookafzuiging?<\/h2>\n\n<p><\/p>\n\n<div class=\"wp-block-columns is-layout-flex wp-container-core-columns-is-layout-28f84493 wp-block-columns-is-layout-flex\">\n<div class=\"wp-block-column is-layout-flow wp-block-column-is-layout-flow\" style=\"flex-basis:25%\"><\/div>\n\n\n\n<div class=\"wp-block-column is-layout-flow wp-block-column-is-layout-flow\" style=\"flex-basis:50%\">\n<figure class=\"wp-block-embed is-type-video is-provider-youtube wp-block-embed-youtube wp-embed-aspect-16-9 wp-has-aspect-ratio\"><div class=\"wp-block-embed__wrapper\">\n<iframe title=\"TRAITEMENT COV, ODEURS, POUSSI\u00c8RES ET POLLUANTS GAZEUX - ePUR EX1000 - Obera\" width=\"1200\" height=\"675\" src=\"https:\/\/www.youtube.com\/embed\/05A45bNzFEY?feature=oembed\" frameborder=\"0\" allow=\"accelerometer; autoplay; clipboard-write; encrypted-media; gyroscope; picture-in-picture; web-share\" referrerpolicy=\"strict-origin-when-cross-origin\" allowfullscreen><\/iframe>\n<\/div><\/figure>\n\n\n\n<p><\/p>\n<\/div>\n\n\n\n<div class=\"wp-block-column is-layout-flow wp-block-column-is-layout-flow\" style=\"flex-basis:25%\"><\/div>\n<\/div>\n\n<p>Er zijn veel voordelen, maar eerst en vooral de <strong>bescherming van werknemers<\/strong> tegen de vele ademhalings- en huidziekten die ze kunnen oplopen. Een ander voordeel is de bescherming van productiegereedschap, wat minder storingen en een langere levensduur betekent. Door de verschillende beschikbare filterconfiguraties kunnen ze volledig worden aangepast aan het betreffende probleem.    <\/p>\n\n<blockquote class=\"wp-block-quote is-layout-flow wp-block-quote-is-layout-flow\">\n<p>Dankzij het lage werkingsgeluid kan hij direct in het werkgebied worden ge\u00efnstalleerd.  <\/p>\n<\/blockquote>\n\n<p>De apparaten zijn ontworpen met robuuste materialen zoals roestvrij staal, om ze bestendiger te maken. Filters kunnen snel en eenvoudig worden vervangen. Er worden <strong>elektronisch gecommuteerde EC-ventilatoren<\/strong> gebruikt voor optimale effici\u00ebntie en traploze aanpassing. Het bedieningspaneel biedt ook een groot aantal instellingen, waaronder afstandsbediening en weergave van de status van het apparaat (verstopt, doorboord filter, enz.) voor optimaal gebruiksgemak. Wettelijk gezien kunt u met onze apparaten voldoen aan de grenswaarde voor beroepsmatige blootstelling (OEL).    <\/p>\n\n<div class=\"wp-block-columns is-layout-flex wp-container-core-columns-is-layout-28f84493 wp-block-columns-is-layout-flex\">\n<div class=\"wp-block-column is-layout-flow wp-block-column-is-layout-flow\">\n<h3 class=\"wp-block-heading has-text-align-center\">Voordelen<\/h3>\n\n\n\n<ul class=\"wp-block-list\">\n<li>3 stadia van filtratie met hoge prestaties<\/li>\n\n\n\n<li>Geluiddemper<\/li>\n\n\n\n<li>Snelle en eenvoudige vervanging van filtratietrappen<\/li>\n\n\n\n<li>Mobiel en ruimtebesparend<\/li>\n\n\n\n<li>Kan worden gebruikt voor het afzuigen van maximaal 3 werkstations of productiemachines<\/li>\n<\/ul>\n<\/div>\n\n\n\n<div class=\"wp-block-column is-layout-flow wp-block-column-is-layout-flow\">\n<h3 class=\"wp-block-heading has-text-align-center\">Speciale functies<\/h3>\n\n\n\n<ul class=\"wp-block-list\">\n<li>ATEX-certificering<\/li>\n\n\n\n<li>Elektronisch gecommuteerde EC-ventilator voor optimale effici\u00ebntie en traploze instelbaarheid<\/li>\n\n\n\n<li>Configureerbaar met een groot aantal accessoires<\/li>\n<\/ul>\n<\/div>\n\n\n\n<div class=\"wp-block-column is-layout-flow wp-block-column-is-layout-flow\">\n<h3 class=\"wp-block-heading has-text-align-center\">Kenmerken<\/h3>\n\n\n\n<ul class=\"wp-block-list\">\n<li>Verbetert de luchtkwaliteit aanzienlijk door geuren, VOC&#8217;s en andere verontreinigende gassen te elimineren.<\/li>\n<\/ul>\n<\/div>\n<\/div>\n\n<h2 class=\"wp-block-heading\">Hoe kies ik het juiste stofverzamelingssysteem?<\/h2>\n\n<p>Het is essentieel om de juiste stofafscheider te kiezen om vroegtijdige slijtage te voorkomen die tot storingen kan leiden.<\/p>\n\n<p>De ePUR Ex serie is <strong>krachtig<\/strong>, <strong>eenvoudig<\/strong>, <strong>compact<\/strong> en uitgerust met verzadigingsfilters. U kunt de combinatie van filtratietrappen vrij en oordeelkundig kiezen om de levensduur van de media te optimaliseren. Zorg er wel voor dat de verzadigingsdeeltjesfilters geschikt zijn voor de hoeveelheden stof en rook die u wilt afzuigen. Andere units zijn verkrijgbaar met regeneratieve filtermedia.   <\/p>\n\n<p>Als je zelf op onderzoek uitgaat, informeer dan naar de filtercapaciteit van het apparaat. Deze hangt af van de vervuilende stof, de deeltjesgrootte, de toestand (vast of gasvormig) en de concentratie. Aan de hand van dit onderzoek kun je het ideale filtertype voor je stofafscheider kiezen. Zoek ten tweede uit hoe krachtig het apparaat is, met andere woorden, wat het debiet is. Nogmaals, het debiet van het apparaat hangt af van de hoeveelheid vervuilende stof en van de oppervlakte van de te behandelen ruimte.    Hoe groter de ruimte, hoe meer stroming je nodig hebt.<\/p>\n\n<p>De volgende stap is beslissen met welk accessoire de machine wordt uitgerust: een kanaal dat op de productiemachine wordt aangesloten of een<a href=\"https:\/\/obera.fr\/nl\/produits\/bras-dispositifs-captation\/capot-industriel\/\"> zuigarm<\/a> voor een werkstation.<\/p>\n\n<hr class=\"wp-block-separator has-css-opacity is-style-dots\"\/>\n\n<div class=\"wp-block-buttons is-horizontal is-content-justification-center is-layout-flex wp-container-core-buttons-is-layout-03627597 wp-block-buttons-is-layout-flex\">\n<div class=\"wp-block-button has-custom-width wp-block-button__width-100\"><a class=\"wp-block-button__link wp-element-button\" href=\"https:\/\/obera.fr\/nl\/neem-contact-met-ons-op\/\">Meer informatie<\/a><\/div>\n<\/div>\n\n<h2 class=\"wp-block-heading\">Andere kleine stofafscheiders van het merk OberA<\/h2>\n\n<div class=\"wp-block-columns is-layout-flex wp-container-core-columns-is-layout-28f84493 wp-block-columns-is-layout-flex\">\n<div class=\"wp-block-column is-layout-flow wp-block-column-is-layout-flow\">\n<figure class=\"wp-block-image aligncenter size-medium\"><a href=\"https:\/\/obera.fr\/produits\/depoussiereurs-industriels\/petits\/jumbo\/\"><img decoding=\"async\" width=\"300\" height=\"300\" src=\"https:\/\/obera.fr\/wp-content\/uploads\/2020\/10\/jumbo-300x300.png\" alt=\"Jumbo\" class=\"wp-image-1171\" srcset=\"https:\/\/obera.fr\/wp-content\/uploads\/2020\/10\/jumbo-300x300.png 300w, https:\/\/obera.fr\/wp-content\/uploads\/2020\/10\/jumbo-150x150.png 150w, https:\/\/obera.fr\/wp-content\/uploads\/2020\/10\/jumbo.png 500w\" sizes=\"(max-width: 300px) 100vw, 300px\" \/><\/a><figcaption class=\"wp-element-caption\">Jumbo<\/figcaption><\/figure>\n<\/div>\n\n\n\n<div class=\"wp-block-column is-layout-flow wp-block-column-is-layout-flow\">\n<figure class=\"wp-block-image aligncenter size-medium\"><a href=\"https:\/\/obera.fr\/produits\/depoussiereurs-industriels\/petits\/tk-serie\/\"><img decoding=\"async\" width=\"300\" height=\"300\" src=\"https:\/\/obera.fr\/wp-content\/uploads\/2020\/11\/tk-series-300x300.jpg\" alt=\"TK-serie\" class=\"wp-image-1607\" srcset=\"https:\/\/obera.fr\/wp-content\/uploads\/2020\/11\/tk-series-300x300.jpg 300w, https:\/\/obera.fr\/wp-content\/uploads\/2020\/11\/tk-series-150x150.jpg 150w, https:\/\/obera.fr\/wp-content\/uploads\/2020\/11\/tk-series.jpg 600w\" sizes=\"(max-width: 300px) 100vw, 300px\" \/><\/a><figcaption class=\"wp-element-caption\">TK-serie<\/figcaption><\/figure>\n<\/div>\n\n\n\n<div class=\"wp-block-column is-layout-flow wp-block-column-is-layout-flow\">\n<figure class=\"wp-block-image aligncenter size-medium\"><a href=\"https:\/\/obera.fr\/produits\/depoussiereurs-industriels\/petits\/srf-t\/\"><img decoding=\"async\" width=\"300\" height=\"300\" src=\"https:\/\/obera.fr\/wp-content\/uploads\/2020\/10\/SRF-T-SF-300x300.png\" alt=\"Srf T Sf\" class=\"wp-image-1310\" srcset=\"https:\/\/obera.fr\/wp-content\/uploads\/2020\/10\/SRF-T-SF-300x300.png 300w, https:\/\/obera.fr\/wp-content\/uploads\/2020\/10\/SRF-T-SF-150x150.png 150w, https:\/\/obera.fr\/wp-content\/uploads\/2020\/10\/SRF-T-SF.png 600w\" sizes=\"(max-width: 300px) 100vw, 300px\" \/><\/a><figcaption class=\"wp-element-caption\">SRF-T<\/figcaption><\/figure>\n<\/div>\n<\/div>\n","protected":false},"excerpt":{"rendered":"<p>EPUR Ex is een reeks van 3 ATEX-gecertificeerdemobiele luchtafzuigsystemen. Hoe werkt las-\/laserdampenafzuiging? De werking is eenvoudig: de vervuilde lucht wordt rechtstreeks aangezogen via een flexibele afzuigslang die is aangesloten op de machine, een afzuigarm, een afzuigkap of rechtstreeks op een productiemachine via een netwerk van kanalen. Devervuilde lucht wordt opgevangen en behandeld in verschillende filtratiefasen. Degezuiverde lucht wordt vervolgens via de onderkant van de unit rechtstreeks naar de werkruimte of naar buiten afgevoerd via een netwerk van afvoerkanalen. Waar worden ze voor gebruikt? Deze afzuigers zijn ontworpen om las- en soldeerdampen, stof, dampen, oplosmiddelen, gassen, geuren en alle soorten gasvormige &#8230; <\/p>\n<p class=\"read-more-container\"><a title=\"Lasrook- en laserafzuiging ePUR Ex\" class=\"read-more button\" href=\"https:\/\/obera.fr\/nl\/produits\/depoussiereurs-industriels\/petits\/aspiration-fumees-soudage-laser-epur-b-ex\/#more-48233\" aria-label=\"Lees meer over Lasrook- en laserafzuiging ePUR Ex\">Lire la suite<\/a><\/p>\n","protected":false},"author":4,"featured_media":83736,"parent":48157,"menu_order":0,"comment_status":"closed","ping_status":"closed","template":"","meta":{"_acf_changed":false,"_seopress_robots_primary_cat":"","_seopress_titles_title":"Lasrook- en laserafzuiging ePUR Ex oberA","_seopress_titles_desc":"ePUR Ex 1000 \/ 3000 \/ 5000 is een reeks van 3 ATEX-gecertificeerde mobiele luchtafzuigsystemen. oberEen kleine stofafscheider","_seopress_robots_index":"","footnotes":""},"class_list":{"0":"post-48233","1":"page","2":"type-page","3":"status-publish","4":"has-post-thumbnail","6":"no-featured-image-padding","7":"resize-featured-image"},"acf":[],"_links":{"self":[{"href":"https:\/\/obera.fr\/nl\/wp-json\/wp\/v2\/pages\/48233","targetHints":{"allow":["GET"]}}],"collection":[{"href":"https:\/\/obera.fr\/nl\/wp-json\/wp\/v2\/pages"}],"about":[{"href":"https:\/\/obera.fr\/nl\/wp-json\/wp\/v2\/types\/page"}],"author":[{"embeddable":true,"href":"https:\/\/obera.fr\/nl\/wp-json\/wp\/v2\/users\/4"}],"replies":[{"embeddable":true,"href":"https:\/\/obera.fr\/nl\/wp-json\/wp\/v2\/comments?post=48233"}],"version-history":[{"count":12,"href":"https:\/\/obera.fr\/nl\/wp-json\/wp\/v2\/pages\/48233\/revisions"}],"predecessor-version":[{"id":127282,"href":"https:\/\/obera.fr\/nl\/wp-json\/wp\/v2\/pages\/48233\/revisions\/127282"}],"up":[{"embeddable":true,"href":"https:\/\/obera.fr\/nl\/wp-json\/wp\/v2\/pages\/48157"}],"wp:featuredmedia":[{"embeddable":true,"href":"https:\/\/obera.fr\/nl\/wp-json\/wp\/v2\/media\/83736"}],"wp:attachment":[{"href":"https:\/\/obera.fr\/nl\/wp-json\/wp\/v2\/media?parent=48233"}],"curies":[{"name":"wp","href":"https:\/\/api.w.org\/{rel}","templated":true}]}}