{"id":65217,"date":"2024-04-05T22:42:52","date_gmt":"2024-04-05T20:42:52","guid":{"rendered":"https:\/\/obera.fr\/produits\/aspirateurs-industriels\/w2-haute-filtration-polyvalence\/"},"modified":"2025-11-15T17:25:09","modified_gmt":"2025-11-15T15:25:09","slug":"w2-haute-filtration-polyvalence","status":"publish","type":"page","link":"https:\/\/obera.fr\/nl\/produits\/aspirateurs-industriels\/w2-haute-filtration-polyvalence\/","title":{"rendered":"W2 industri\u00eble stofzuiger"},"content":{"rendered":"\n<p>De compacte en mobiele W2<a href=\"https:\/\/obera.fr\/nl\/produits\/aspirateurs-industriels\/\" data-type=\"page\" data-id=\"41\">industri\u00eble stofzuiger<\/a> is een van de meest effici\u00ebnte apparaten op de markt en staat bekend om zijn stevigheid, hoge filtratiecapaciteit en prestaties.<\/p>\n\n<h2 class=\"wp-block-heading\">W2 industri\u00eble stofzuigers voor nat en droog gebruik: hoe werken ze en waar worden ze gebruikt?<\/h2>\n\n<div class=\"wp-block-columns is-layout-flex wp-container-core-columns-is-layout-28f84493 wp-block-columns-is-layout-flex\">\n<div class=\"wp-block-column is-layout-flow wp-block-column-is-layout-flow\" style=\"flex-basis:33.33%\">\n<figure class=\"wp-block-image size-full is-resized\"><img decoding=\"async\" width=\"711\" height=\"622\" src=\"https:\/\/obera.fr\/wp-content\/uploads\/2024\/10\/w2.png\" alt=\"Industri&#xEB;le stofzuigers\" class=\"wp-image-35424\" style=\"object-fit:cover;width:300px;height:300px\" srcset=\"https:\/\/obera.fr\/wp-content\/uploads\/2024\/10\/w2.png 711w, https:\/\/obera.fr\/wp-content\/uploads\/2024\/10\/w2-300x262.png 300w\" sizes=\"(max-width: 711px) 100vw, 711px\" \/><\/figure>\n<\/div>\n\n\n\n<div class=\"wp-block-column is-layout-flow wp-block-column-is-layout-flow\" style=\"flex-basis:66.66%\">\n<p>De <strong>W2 nat- en droog industri\u00eble stofzuiger<\/strong> dankt zijn voornaamste voordeel aan zijn veelzijdigheid. Zijn zuigkracht maakt het mogelijk om vaste en vloeibare materialen gelijktijdig op te zuigen. Hij is uitgerust met twee eenfasige bypass-motoren, beschermd door een robuuste stalen motorkop en voorzien van een geluiddempende binnenbekleding. De stofzuiger is voorzien van een water\/stof-scheidingssysteem om vloeistoffen van droge deeltjes te scheiden. De opgezogen stofdeeltjes worden opgeslagen in een stalen bak, terwijl de vloeistoffen worden opgevangen in een reservoir.<\/p>\n\n\n\n<p>Wat het toepassingsgebied betreft, is het W2 industri\u00eble stofzuigermodel ideaal voor het <strong>reinigen<\/strong> en de <strong>verwerking<\/strong> van <strong>kleine en middelgrote hoeveelheden stof<\/strong>. Hij is ook effectief voor het opzuigen van vaste en vloeibare materialen. Een veelzijdigheid die hem een perfecte uitrusting maakt voor alle soorten industrie. Hij is bijzonder effectief in de chemische en farmaceutische industrie, de voedingsindustrie, de maalderij, evenals in bakkerijen en voor het reinigen van ovens.<\/p>\n\n\n\n<div class=\"wp-block-columns is-layout-flex wp-container-core-columns-is-layout-28f84493 wp-block-columns-is-layout-flex\">\n<div class=\"wp-block-column is-layout-flow wp-block-column-is-layout-flow\">\n<div class=\"wp-block-buttons is-layout-flex wp-block-buttons-is-layout-flex\">\n<div class=\"wp-block-button\"><a class=\"wp-block-button__link wp-element-button\" href=\"https:\/\/obera.fr\/wp-content\/uploads\/2025\/06\/brochure-w2-fr.pdf\">DOWNLOAD DE BROCHURE<\/a><\/div>\n<\/div>\n<\/div>\n\n\n\n<div class=\"wp-block-column is-layout-flow wp-block-column-is-layout-flow\">\n<div class=\"wp-block-buttons is-horizontal is-content-justification-center is-layout-flex wp-container-core-buttons-is-layout-03627597 wp-block-buttons-is-layout-flex\">\n<div class=\"wp-block-button has-custom-width wp-block-button__width-100\"><a class=\"wp-block-button__link wp-element-button\" href=\"https:\/\/obera.fr\/nl\/neem-contact-met-ons-op\/\">Meer informatie<\/a><\/div>\n<\/div>\n<\/div>\n\n\n\n<div class=\"wp-block-column is-layout-flow wp-block-column-is-layout-flow\">\n<div class=\"wp-block-buttons is-content-justification-center is-layout-flex wp-container-core-buttons-is-layout-a89b3969 wp-block-buttons-is-layout-flex\">\n<div class=\"wp-block-button btn-devis-source\"><a class=\"wp-block-button__link wp-element-button\" href=\"https:\/\/obera.fr\/nl\/devis\/\">Een offerte aanvragen<\/a><\/div>\n<\/div>\n\n\n<script>\r\ndocument.addEventListener('DOMContentLoaded', function() {\r\n    \/\/ 1. On cherche le titre H1 de la page\r\n    var h1 = document.querySelector('h1');\r\n    var productTitle = h1 ? h1.innerText.trim() : \"\";\r\n\r\n    \/\/ 2. On cherche les boutons via la classe CSS .btn-devis-source\r\n    var buttons = document.querySelectorAll('.btn-devis-source a');\r\n\r\n    \/\/ 3. Si on a le titre et les boutons, on ajoute le param\u00e8tre\r\n    if (buttons.length > 0 && productTitle !== \"\") {\r\n        var encodedTitle = encodeURIComponent(productTitle);\r\n\r\n        buttons.forEach(function(btn) {\r\n            var currentHref = btn.getAttribute('href');\r\n            \r\n            \/\/ S\u00e9curit\u00e9 pour ne pas ajouter le param\u00e8tre 2 fois\r\n            if (currentHref.indexOf('sujet=') === -1) {\r\n                var separator = currentHref.indexOf('?') !== -1 ? '&' : '?';\r\n                var newLink = currentHref + separator + 'sujet=' + encodedTitle;\r\n                \r\n                btn.setAttribute('href', newLink);\r\n            }\r\n        });\r\n    }\r\n});\r\n<\/script><\/div>\n<\/div>\n<\/div>\n<\/div>\n\n<h2 class=\"wp-block-heading\">W2 industri\u00eble stofzuiger: hoge filtratie, hoge mobiliteit&#8230; al zijn technische kenmerken<\/h2>\n\n<p>De W2 industri\u00eble stofzuiger hoeft niet onder te doen voor grotere modellen:<strong> zijn zuigkracht met een filteroppervlak van 20.000 cm2<\/strong> geeft deze uitrusting een hoge filtratie naast een hoge mobiliteit. Met een luchtdebiet van 360 m3\/u garandeert de stofzuiger een verhoogde filtratie om de omgevingsluchtkwaliteit te verbeteren en vuil sneller op te zuigen. <\/p>\n\n<p>Met een polyester zakfilter van 420 mm en een industrieel stalen ontwerp (motor, filterkamer, container en frame) biedt de apparatuur maximale duurzaamheid. De twee eenfasemotoren zijn geschikt voor continubedrijf, 24 uur per dag, 7 dagen per week. Een ander voordeel is dat de stofzuiger een ontstoppingssysteem heeft om afgezette materialen te verwijderen en te voorkomen dat het apparaat verstopt raakt.<\/p>\n\n<p>Nog een essentieel technisch kenmerk: de filtereffici\u00ebntie tot 3 micron en het pocketfilter, dat een hoge stofretentie garandeert, garanderen dat de W2 stofzuiger zuivere lucht uitblaast.<\/p>\n\n<p>De W2 nat- en droogzuiger wordt geleverd met <strong>accessoires die zijn ontworpen voor schoonmaakprofessionals<\/strong> (flexibele zuigslang, borstels, mondstuk, adapters).<\/p>\n\n<blockquote class=\"wp-block-quote is-layout-flow wp-block-quote-is-layout-flow\">\n<p>De opties: de W2 industri\u00eble stofzuiger is verkrijgbaar in een <strong>ATEX zone 22<\/strong>-versie om omgevingen die explosief stof genereren veilig te reinigen. Hij kan ook worden uitgerust met Nomex-filters (hittebestendigheid tot 250\u00b0), Hepa H14, klasse M PTFE, klasse L, M of M Teflon hydro-oleofoob. Afhankelijk van uw industrie zullen onze teams u adviseren over het meest geschikte filter voor uw productie-eenheden.<\/p>\n<\/blockquote>\n\n<h3 class=\"wp-block-heading has-text-align-center\">BEDRIJVEN<\/h3>\n\n<div class=\"wp-block-columns is-layout-flex wp-container-core-columns-is-layout-28f84493 wp-block-columns-is-layout-flex\">\n<div class=\"wp-block-column is-layout-flow wp-block-column-is-layout-flow\">\n<hr class=\"wp-block-separator has-alpha-channel-opacity\"\/>\n\n\n\n<div class=\"wp-block-columns is-layout-flex wp-container-core-columns-is-layout-28f84493 wp-block-columns-is-layout-flex\">\n<div class=\"wp-block-column is-layout-flow wp-block-column-is-layout-flow\">\n<figure class=\"wp-block-image aligncenter size-thumbnail is-resized\"><img decoding=\"async\" width=\"150\" height=\"150\" src=\"https:\/\/obera.fr\/wp-content\/uploads\/2022\/02\/Textile-150x150.png\" alt=\"textiel\" class=\"wp-image-8855\"\/><figcaption class=\"wp-element-caption\">Textiel<\/figcaption><\/figure>\n\n\n\n<figure class=\"wp-block-image aligncenter size-thumbnail is-resized\"><img decoding=\"async\" width=\"150\" height=\"150\" src=\"https:\/\/obera.fr\/wp-content\/uploads\/2022\/02\/Plastique-150x150.png\" alt=\"kunststof\" class=\"wp-image-8854\"\/><figcaption class=\"wp-element-caption\">Kunststof<\/figcaption><\/figure>\n<\/div>\n\n\n\n<div class=\"wp-block-column is-layout-flow wp-block-column-is-layout-flow\">\n<figure class=\"wp-block-image aligncenter size-thumbnail is-resized\"><img decoding=\"async\" width=\"150\" height=\"150\" src=\"https:\/\/obera.fr\/wp-content\/uploads\/2022\/02\/MINERAIS-150x150.png\" alt=\"ertsen\" class=\"wp-image-8847\"\/><figcaption class=\"wp-element-caption\">Mineralen<\/figcaption><\/figure>\n\n\n\n<figure class=\"wp-block-image aligncenter size-thumbnail is-resized\"><img decoding=\"async\" width=\"150\" height=\"150\" src=\"https:\/\/obera.fr\/wp-content\/uploads\/2022\/02\/Metalurgie-150x150.png\" alt=\"metallurgie\" class=\"wp-image-8857\"\/><figcaption class=\"wp-element-caption\">Metaalkunde<\/figcaption><\/figure>\n\n\n\n<figure class=\"wp-block-image aligncenter size-thumbnail is-resized\"><img decoding=\"async\" width=\"150\" height=\"150\" src=\"https:\/\/obera.fr\/wp-content\/uploads\/2023\/02\/sans-titre-2023-02-14t102211.641-150x150.png\" alt=\"Landbouw\" class=\"wp-image-18828\"\/><figcaption class=\"wp-element-caption\">Landbouw<\/figcaption><\/figure>\n<\/div>\n<\/div>\n<\/div>\n\n\n\n<div class=\"wp-block-column is-layout-flow wp-block-column-is-layout-flow\">\n<hr class=\"wp-block-separator has-alpha-channel-opacity\"\/>\n\n\n\n<div class=\"wp-block-columns is-layout-flex wp-container-core-columns-is-layout-28f84493 wp-block-columns-is-layout-flex\">\n<div class=\"wp-block-column is-layout-flow wp-block-column-is-layout-flow\">\n<figure class=\"wp-block-image aligncenter size-thumbnail is-resized\"><img decoding=\"async\" width=\"150\" height=\"150\" src=\"https:\/\/obera.fr\/wp-content\/uploads\/2022\/02\/Chimie-150x150.png\" alt=\"scheikunde\" class=\"wp-image-8846\"\/><figcaption class=\"wp-element-caption\">Scheikunde<\/figcaption><\/figure>\n\n\n\n<figure class=\"wp-block-image aligncenter size-thumbnail is-resized\"><img decoding=\"async\" width=\"150\" height=\"150\" src=\"https:\/\/obera.fr\/wp-content\/uploads\/2022\/02\/Travail-du-bois-150x150.png\" alt=\"houtbewerking\" class=\"wp-image-8856\"\/><figcaption class=\"wp-element-caption\">Houtbewerking<\/figcaption><\/figure>\n\n\n\n<figure class=\"wp-block-image aligncenter size-thumbnail is-resized\"><img decoding=\"async\" width=\"150\" height=\"150\" src=\"https:\/\/obera.fr\/wp-content\/uploads\/2023\/02\/sans-titre-2023-02-14t101920.185-150x150.png\" alt=\"Luchtvaart\" class=\"wp-image-18831\"\/><figcaption class=\"wp-element-caption\">Luchtvaart<\/figcaption><\/figure>\n<\/div>\n\n\n\n<div class=\"wp-block-column is-layout-flow wp-block-column-is-layout-flow\">\n<figure class=\"wp-block-image aligncenter size-thumbnail is-resized\"><img decoding=\"async\" width=\"150\" height=\"150\" src=\"https:\/\/obera.fr\/wp-content\/uploads\/2022\/02\/AGROALIMENTAIRE-150x150.png\" alt=\"agrovoeding\" class=\"wp-image-8844\"\/><figcaption class=\"wp-element-caption\">Voedselindustrie<\/figcaption><\/figure>\n\n\n\n<figure class=\"wp-block-image aligncenter size-thumbnail is-resized\"><img decoding=\"async\" width=\"150\" height=\"150\" src=\"https:\/\/obera.fr\/wp-content\/uploads\/2022\/02\/Papier-carton-150x150.png\" alt=\"papier en karton\" class=\"wp-image-8853\"\/><figcaption class=\"wp-element-caption\">Papier\/karton<\/figcaption><\/figure>\n\n\n\n<figure class=\"wp-block-image aligncenter size-thumbnail is-resized\"><img decoding=\"async\" width=\"150\" height=\"150\" src=\"https:\/\/obera.fr\/wp-content\/uploads\/2023\/02\/sans-titre-2023-02-14t101712.416-150x150.png\" alt=\"Automotive\" class=\"wp-image-18834\"\/><figcaption class=\"wp-element-caption\">Automotive<\/figcaption><\/figure>\n<\/div>\n<\/div>\n<\/div>\n<\/div>\n\n<figure class=\"wp-block-table\"><table class=\"has-fixed-layout\"><tbody><tr><td>Spanning<\/td><td>V-HZ<\/td><td>230-50<\/td><\/tr><tr><td>Stroom<\/td><td>kW<\/td><td>2&#215;1.1<\/td><\/tr><tr><td>Maximale depressie<\/td><td>Pa<\/td><td>2.400 Pa<\/td><\/tr><tr><td>Maximale luchtstroom<\/td><td>m3\/u<\/td><td>360<\/td><\/tr><tr><td>Diameter mondstuk<\/td><td>mm<\/td><td>50<\/td><\/tr><tr><td>Type filter<\/td><td><\/td><td>Met sterzakken<\/td><\/tr><tr><td>Oppervlak<\/td><td>cm2<\/td><td>20.000<\/td><\/tr><tr><td>Schoonmaaksysteem<\/td><td><\/td><td>Manuel<\/td><\/tr><tr><td>Oogstbak<\/td><td><\/td><td>Staal<\/td><\/tr><tr><td>Afvoersysteem<\/td><td><\/td><td>Verwijderbare bak<\/td><\/tr><tr><td>Capaciteit<\/td><td>liter<\/td><td>40<\/td><\/tr><tr><td>Afmetingen<\/td><td>cm<\/td><td>55x63x115<\/td><\/tr><\/tbody><\/table><\/figure>\n\n<div class=\"wp-block-buttons is-content-justification-center is-layout-flex wp-container-core-buttons-is-layout-a89b3969 wp-block-buttons-is-layout-flex\">\n<div class=\"wp-block-button\"><a class=\"wp-block-button__link wp-element-button\" href=\"https:\/\/obera.fr\/wp-content\/uploads\/2024\/04\/obera_brochure-w2-fr.pdf\">PRODUCTGEGEVENS DOWNLOADEN<\/a><\/div>\n<\/div>\n\n<h2 class=\"wp-block-heading\">Krachtig en veelzijdig: alle voordelen van de W2 stofzuiger<\/h2>\n\n<p>De W2 combineert het gebruiksgemak van een compacte machine met de kracht van een industri\u00eble stofzuiger. Naast de hoge mobiliteit en zuigprestaties minimaliseert de geluiddempende coating het geluid tijdens het gebruik, zodat de gebruiker of andere werknemers in de werkplaats er geen last van hebben. Voor gebruiksgemak voorkomt de naar beneden gerichte uitlaat ook dat stof wordt opgewerveld op het oppervlak en de gebruiker in de weg zit.<\/p>\n\n<p>De stofzuiger heeft geen onderhoud nodig en is uitgerust met een verticale filterschudder om verzadiging te voorkomen en vooral om handmatig schoonmaken te vergemakkelijken.<\/p>\n\n<p>En last but not least is de veelzijdigheid het belangrijkste voordeel, want door het opzuigen van vaste en vloeibare stoffen kan hij voor een groot aantal doeleinden worden gebruikt: vloeren, muren, bouwplaatsen, werkplaatsen, machines, cateringapparatuur, enz. schoonmaken.<\/p>\n\n<div class=\"wp-block-columns is-layout-flex wp-container-core-columns-is-layout-28f84493 wp-block-columns-is-layout-flex\">\n<div class=\"wp-block-column is-layout-flow wp-block-column-is-layout-flow\" style=\"flex-basis:33.34%\">\n<h3 class=\"wp-block-heading\">Voordelen :<\/h3>\n\n\n\n<ul class=\"wp-block-list\">\n<li>Hoog filtratiesysteem voor gelijktijdige afzuiging van vast en vloeibaar stof;<\/li>\n\n\n\n<li>Ultracompact en mobiel;<\/li>\n\n\n\n<li>Zeer stil in gebruik.  <\/li>\n<\/ul>\n<\/div>\n\n\n\n<div class=\"wp-block-column is-layout-flow wp-block-column-is-layout-flow\" style=\"flex-basis:33.34%\">\n<h3 class=\"wp-block-heading\">Speciale functies:<\/h3>\n\n\n\n<ul class=\"wp-block-list\">\n<li>Twee eenfasemotoren met onafhankelijke schakelaars;<\/li>\n\n\n\n<li>Optioneel: Hepa H14 filter, klasse M, L, M water-oleofoob Teflon, M PTFE, nomex filter;<\/li>\n\n\n\n<li>ATEX Zone 22 versie beschikbaar.<\/li>\n<\/ul>\n<\/div>\n\n\n\n<div class=\"wp-block-column is-layout-flow wp-block-column-is-layout-flow\" style=\"flex-basis:33.33%\">\n<h3 class=\"wp-block-heading\">Kenmerken :<\/h3>\n\n\n\n<ul class=\"wp-block-list\">\n<li>Controlelampje verstopt filter ;<\/li>\n\n\n\n<li>Bescherming van de zuigeenheid met sterfilter (polyester).<\/li>\n<\/ul>\n<\/div>\n<\/div>\n\n<h2 class=\"wp-block-heading\">Wilt u de W2 industri\u00eble stofzuiger testen op uw productielocatie?<\/h2>\n\n<p>Test de oplossing in je workshops! Voor al onze oplossingen bieden we een testfase met een aankoopoptie voor een periode van gemiddeld 1 maand. Aan het einde van de test neem je de oplossing over of stellen we een oplossing voor die beter bij je behoeften past.<\/p>\n\n<div class=\"wp-block-buttons is-content-justification-center is-layout-flex wp-container-core-buttons-is-layout-a89b3969 wp-block-buttons-is-layout-flex\">\n<div class=\"wp-block-button\"><a class=\"wp-block-button__link wp-element-button\" href=\"https:\/\/obera.fr\/nl\/contact\/\">TEST DE W2 STOFZUIGER<\/a><\/div>\n<\/div>\n\n<h2 class=\"wp-block-heading\">Andere industri\u00eble stofzuigers in het assortiment<\/h2>\n\n<div class=\"wp-block-columns is-layout-flex wp-container-core-columns-is-layout-28f84493 wp-block-columns-is-layout-flex\">\n<div class=\"wp-block-column is-layout-flow wp-block-column-is-layout-flow\">\n<figure class=\"wp-block-image aligncenter size-full is-resized\"><a href=\"https:\/\/obera.fr\/nl\/produits\/aspirateurs-industriels\/w2-xr-atex-22\/\"><img decoding=\"async\" width=\"566\" height=\"671\" src=\"https:\/\/obera.fr\/wp-content\/uploads\/2024\/10\/w2-xr-2.png\" alt=\"Industri&#xEB;le stofzuigers\" class=\"wp-image-35431\" style=\"object-fit:cover;width:300px;height:300px\" srcset=\"https:\/\/obera.fr\/wp-content\/uploads\/2024\/10\/w2-xr-2.png 566w, https:\/\/obera.fr\/wp-content\/uploads\/2024\/10\/w2-xr-2-253x300.png 253w\" sizes=\"(max-width: 566px) 100vw, 566px\" \/><\/a><figcaption class=\"wp-element-caption\">W2 XR<\/figcaption><\/figure>\n<\/div>\n\n\n\n<div class=\"wp-block-column is-layout-flow wp-block-column-is-layout-flow\">\n<figure class=\"wp-block-image aligncenter size-full\"><a href=\"https:\/\/obera.fr\/nl\/produits\/aspirateurs-industriels\/ventilateurs-aspiration-gamme-eurosog-rg-100-800\/\"><img decoding=\"async\" width=\"600\" height=\"600\" src=\"https:\/\/obera.fr\/wp-content\/uploads\/2024\/04\/obera-ventilateur-aspiration-rg-300-400.jpg\" alt=\"obera aanzuigventilator rg 300 400\" class=\"wp-image-29437\" srcset=\"https:\/\/obera.fr\/wp-content\/uploads\/2024\/04\/obera-ventilateur-aspiration-rg-300-400.jpg 600w, https:\/\/obera.fr\/wp-content\/uploads\/2024\/04\/obera-ventilateur-aspiration-rg-300-400-300x300.jpg 300w, https:\/\/obera.fr\/wp-content\/uploads\/2024\/04\/obera-ventilateur-aspiration-rg-300-400-150x150.jpg 150w\" sizes=\"(max-width: 600px) 100vw, 600px\" \/><\/a><figcaption class=\"wp-element-caption\">RG 300\/400<\/figcaption><\/figure>\n<\/div>\n\n\n\n<div class=\"wp-block-column is-layout-flow wp-block-column-is-layout-flow\">\n<figure class=\"wp-block-image aligncenter size-full is-resized\"><a href=\"https:\/\/obera.fr\/nl\/produits\/aspirateurs-industriels\/w3-pour-nettoyage-general\/\"><img decoding=\"async\" width=\"658\" height=\"652\" src=\"https:\/\/obera.fr\/wp-content\/uploads\/2024\/10\/w3.png\" alt=\"w3\" class=\"wp-image-35427\" style=\"object-fit:cover;width:300px;height:300px\" srcset=\"https:\/\/obera.fr\/wp-content\/uploads\/2024\/10\/w3.png 658w, https:\/\/obera.fr\/wp-content\/uploads\/2024\/10\/w3-300x297.png 300w, https:\/\/obera.fr\/wp-content\/uploads\/2024\/10\/w3-150x150.png 150w, https:\/\/obera.fr\/wp-content\/uploads\/2024\/10\/w3-24x24.png 24w, https:\/\/obera.fr\/wp-content\/uploads\/2024\/10\/w3-48x48.png 48w, https:\/\/obera.fr\/wp-content\/uploads\/2024\/10\/w3-96x96.png 96w\" sizes=\"(max-width: 658px) 100vw, 658px\" \/><\/a><figcaption class=\"wp-element-caption\">W3<\/figcaption><\/figure>\n<\/div>\n<\/div>\n","protected":false},"excerpt":{"rendered":"<p>De compacte en mobiele W2industri\u00eble stofzuiger is een van de meest effici\u00ebnte apparaten op de markt en staat bekend om zijn stevigheid, hoge filtratiecapaciteit en prestaties. W2 industri\u00eble stofzuigers voor nat en droog gebruik: hoe werken ze en waar worden ze gebruikt? De W2 nat- en droog industri\u00eble stofzuiger dankt zijn voornaamste voordeel aan zijn veelzijdigheid. Zijn zuigkracht maakt het mogelijk om vaste en vloeibare materialen gelijktijdig op te zuigen. Hij is uitgerust met twee eenfasige bypass-motoren, beschermd door een robuuste stalen motorkop en voorzien van een geluiddempende binnenbekleding. De stofzuiger is voorzien van een water\/stof-scheidingssysteem om vloeistoffen van droge &#8230; <\/p>\n<p class=\"read-more-container\"><a title=\"W2 industri\u00eble stofzuiger\" class=\"read-more button\" href=\"https:\/\/obera.fr\/nl\/produits\/aspirateurs-industriels\/w2-haute-filtration-polyvalence\/#more-65217\" aria-label=\"Lees meer over W2 industri\u00eble stofzuiger\">Lire la suite<\/a><\/p>\n","protected":false},"author":4,"featured_media":83736,"parent":48414,"menu_order":0,"comment_status":"closed","ping_status":"closed","template":"","meta":{"_acf_changed":false,"_seopress_robots_primary_cat":"","_seopress_titles_title":"W2 industri\u00eble stofzuiger: hoge filtratie en veelzijdigheid","_seopress_titles_desc":"Kies voor de W2 serie met zijn hoogfiltratiesysteem voor gelijktijdige afzuiging van vast en vloeibaar stof.","_seopress_robots_index":"","footnotes":""},"class_list":{"0":"post-65217","1":"page","2":"type-page","3":"status-publish","4":"has-post-thumbnail","6":"no-featured-image-padding","7":"resize-featured-image"},"acf":[],"_links":{"self":[{"href":"https:\/\/obera.fr\/nl\/wp-json\/wp\/v2\/pages\/65217","targetHints":{"allow":["GET"]}}],"collection":[{"href":"https:\/\/obera.fr\/nl\/wp-json\/wp\/v2\/pages"}],"about":[{"href":"https:\/\/obera.fr\/nl\/wp-json\/wp\/v2\/types\/page"}],"author":[{"embeddable":true,"href":"https:\/\/obera.fr\/nl\/wp-json\/wp\/v2\/users\/4"}],"replies":[{"embeddable":true,"href":"https:\/\/obera.fr\/nl\/wp-json\/wp\/v2\/comments?post=65217"}],"version-history":[{"count":9,"href":"https:\/\/obera.fr\/nl\/wp-json\/wp\/v2\/pages\/65217\/revisions"}],"predecessor-version":[{"id":132916,"href":"https:\/\/obera.fr\/nl\/wp-json\/wp\/v2\/pages\/65217\/revisions\/132916"}],"up":[{"embeddable":true,"href":"https:\/\/obera.fr\/nl\/wp-json\/wp\/v2\/pages\/48414"}],"wp:featuredmedia":[{"embeddable":true,"href":"https:\/\/obera.fr\/nl\/wp-json\/wp\/v2\/media\/83736"}],"wp:attachment":[{"href":"https:\/\/obera.fr\/nl\/wp-json\/wp\/v2\/media?parent=65217"}],"curies":[{"name":"wp","href":"https:\/\/api.w.org\/{rel}","templated":true}]}}