{"id":67259,"date":"2025-01-17T11:13:01","date_gmt":"2025-01-17T09:13:01","guid":{"rendered":"https:\/\/obera.fr\/produits\/depoussiereurs-industriels\/stoflicht\/"},"modified":"2025-07-11T11:18:49","modified_gmt":"2025-07-11T09:18:49","slug":"stoflicht","status":"publish","type":"page","link":"https:\/\/obera.fr\/nl\/produits\/depoussiereurs-industriels\/stoflicht\/","title":{"rendered":"Neem controle over uw werkomgeving met Dustlight"},"content":{"rendered":"\n<div class=\"wp-block-columns is-layout-flex wp-container-core-columns-is-layout-28f84493 wp-block-columns-is-layout-flex\">\n<div class=\"wp-block-column is-layout-flow wp-block-column-is-layout-flow\">\n<div class=\"wp-block-media-text has-media-on-the-right is-stacked-on-mobile\" style=\"grid-template-columns:auto 33%\"><div class=\"wp-block-media-text__content\">\n<p>OberA presenteert met trots de <strong>Dustlight<\/strong>, een innovatieve handheld analyser ontworpen om nauwkeurig fijnstof te detecteren en analyseren.  <\/p>\n\n\n\n<p>Dit compacte, betrouwbare en gebruiksvriendelijke apparaat is het ideale hulpmiddel voor professionals en industri\u00eblen die de luchtkwaliteit willen controleren en zwevende deeltjes willen identificeren.<\/p>\n<\/div><figure class=\"wp-block-media-text__media\"><img decoding=\"async\" src=\"https:\/\/lh7-rt.googleusercontent.com\/docsz\/AD_4nXePsRD5Y4gAIBhHibguQOn0U6fgzh-p6iUVppCy2PUUWG4S_QIvoTfNJeagK6httptlC4XtT9kmxghV9258tIgq2J0QFwvU7BowEB_Xe_4_rgzVdEW0mM97dpA7WZj9dGkQUsTtMadi1obMqCXsxII?key=QO8r7RmlolM9MhCfcv5-73XE\" alt=\"Preventie van stofgerelateerde risico&#039;s | Travail-emploi.gouv.fr | Minist\u00e8re du Travail, de la Sant\u00e9, des Solidarit\u00e9s et des Familles\"\/><\/figure><\/div>\n\n\n\n<div style=\"height:41px\" aria-hidden=\"true\" class=\"wp-block-spacer\"><\/div>\n\n\n\n<div class=\"wp-block-buttons is-content-justification-center is-layout-flex wp-container-core-buttons-is-layout-a89b3969 wp-block-buttons-is-layout-flex\">\n<div class=\"wp-block-button\"><a class=\"wp-block-button__link has-text-align-center wp-element-button\" href=\"https:\/\/obera.fr\/formulaire-dustlight\/\">GRATIS TEST VAN 20 DAGEN<\/a><\/div>\n<\/div>\n<\/div>\n<\/div>\n\n<p><\/p>\n\n<p><\/p>\n\n<h2 class=\"wp-block-heading\">Bescherm jezelf tegen het onzichtbare gevaar van inhaleerbaar stof op de werkplek<\/h2>\n\n<figure class=\"wp-block-image aligncenter is-resized\"><img decoding=\"async\" src=\"https:\/\/lh7-rt.googleusercontent.com\/docsz\/AD_4nXcOS0Hfg67TC29tD0YKTlwhEbY82uCB9DoKqHN4byLMiiWnWb6_cUR2kTh4CxjF9WQI7qzrJx1chS1E8L9qU3zGeBgcCaStWF9a7mYnCr73_ylzp9tDc1LItbkRpO8_Eg6aBoXNFQRLSfcDQnw1RmM?key=QO8r7RmlolM9MhCfcv5-73XE\" alt=\"Een afbeelding met tekst, Elektronische apparaten, Elektronische apparaten, Screenshot&#10;&#10;Automatisch gegenereerde beschrijving\" style=\"width:617px;height:auto\"\/><figcaption class=\"wp-element-caption\"><strong>Draagbare fijnstofanalysator<\/strong><\/figcaption><\/figure>\n\n<p>Gebruik het Dustlight meetapparaat om nauwkeurig stofconcentraties te meten  <\/p>\n\n<p>in industri\u00eble omgevingen en beschermen uw gezondheid en die van uw werknemers.<\/p>\n\n<p><\/p>\n\n<p>Inadembaar fijn stof kan ernstige gezondheidsproblemen veroorzaken, zoals ademhalingsaandoeningen, hart- en vaatproblemen en kanker.<\/p>\n\n<p><\/p>\n\n<p>Met <strong>Dustlight<\/strong> kunt u deze risico&#8217;s effectief minimaliseren door de blootstelling aan stof te meten en de juiste beschermende maatregelen te nemen.<\/p>\n\n<p><\/p>\n\n<p><strong>Dustlight<\/strong> meet elke seconde de blootstelling aan stof.  <\/p>\n\n<p>De waarden kunnen op onze smartphone en webapplicatie worden bekeken en als rapport worden gedownload.  <\/p>\n\n<p><\/p>\n\n<h2 class=\"wp-block-heading\">Cre\u00eber een veilige werkomgeving en investeer in de gezondheid van uw werknemers met de Dustlight stofmonitor.<\/h2>\n\n<p><\/p>\n\n<p><strong>Zet hem gewoon aan en werk in alle veiligheid!<\/strong><\/p>\n\n<p><\/p>\n\n<ul class=\"wp-block-list\">\n<li><strong>Stofconcentraties in realtime in kaart brengen en bewaken<\/strong>: <strong>PM10, PM2,5 en PM1 <\/strong> <\/li>\n\n\n\n<li><strong>Mensen snel waarschuwen dat ze adembescherming moeten dragen<\/strong><\/li>\n\n\n\n<li><strong>Het risico van blootstelling aan gevaarlijk stof (CMR) zichtbaar maken<\/strong><\/li>\n\n\n\n<li><strong>Bronnen van vervuiling identificeren en zichtbaar maken, zodat ze effectiever kunnen worden aangepakt<\/strong><\/li>\n\n\n\n<li><strong>Beschermen van operators in fabrieken en op bouwplaatsen<\/strong><\/li>\n\n\n\n<li><strong>Inadembaar stof identificeren<\/strong><\/li>\n\n\n\n<li><strong>Anticiperen op regelgevende maatregelen<\/strong><\/li>\n\n\n\n<li><strong>Een ge\u00efmplementeerde oplossing valideren<\/strong><\/li>\n<\/ul>\n\n<div class=\"wp-block-media-text has-media-on-the-right is-stacked-on-mobile\" style=\"grid-template-columns:auto 20%\"><div class=\"wp-block-media-text__content\">\n<p class=\"has-text-align-center\"><strong>Innovatieve oplossing  <\/strong><\/p>\n\n\n\n<p class=\"has-text-align-center\"><strong>Helpt kritieke situaties in realtime te identificeren,<\/strong> <strong>helpt de gezondheid van<\/strong> <strong>de gezondheid van werknemers: PREVENTIE <\/strong> <\/p>\n<\/div><figure class=\"wp-block-media-text__media\"><img decoding=\"async\" src=\"https:\/\/lh7-rt.googleusercontent.com\/docsz\/AD_4nXeMFP13jbj-PgQg3zsXKleNzM21nevJo4ZMdadvv0-GNt5HN84xZQB6mAnWebn-wFPR-rT_1JpVNez2htbLY9d4Ve75JkuKUHIqs0fLQs9OeMiTljWOFxzfyO-fptezwx-JAYi4g5NCkfxQYE6Rrw?key=QO8r7RmlolM9MhCfcv5-73XE\" alt=\"Klik Snel - Borstband\"\/><\/figure><\/div>\n\n<h3 class=\"wp-block-heading\">Eenvoudig, betrouwbaar en robuust<\/h3>\n\n<p>Onmiddellijke detectie: een zeer effectieve en nauwkeurige meting.<\/p>\n\n<p>Snelle beoordeling van stofbelasting met gekleurd display en hoorbare waarschuwing.<\/p>\n\n<p>Een verkeerslichtsysteem dat snel en duidelijk aangeeft wanneer grenswaarden worden overschreden, zodat je direct actie kunt ondernemen.<\/p>\n\n<h3 class=\"wp-block-heading\">Toepassingsgebieden<\/h3>\n\n<ul class=\"wp-block-list\">\n<li>Houtindustrie: speciaal algoritme voor het meten van stof van hardhout en zachthout<\/li>\n\n\n\n<li>Lassen: lasrook en metaalstof controleren.<\/li>\n\n\n\n<li>Meting geschikt voor stoffen zoals silica en poeders<\/li>\n\n\n\n<li>Voedselindustrie<\/li>\n\n\n\n<li>Configureerbaar voor specifieke toepassingen<\/li>\n<\/ul>\n\n<h3 class=\"wp-block-heading\">Technologie en innovatie<\/h3>\n\n<ul class=\"wp-block-list\">\n<li>Laser fotometrische sensor<\/li>\n\n\n\n<li>Snelle, nauwkeurige detectie van deeltjes<\/li>\n\n\n\n<li>Sensorbeveiliging<\/li>\n\n\n\n<li>Gefilterde luchtstroom en automatisch reinigingssysteem voor een langere levensduur.<\/li>\n<\/ul>\n\n<h3 class=\"wp-block-heading\">Getest en goedgekeurd<\/h3>\n\n<p>Gevalideerd door het Instituut voor Onderzoek naar Gevaarlijke Stoffen (IGF)  <\/p>\n\n<p><\/p>\n\n<figure class=\"wp-block-image aligncenter is-resized\"><img decoding=\"async\" src=\"https:\/\/lh7-rt.googleusercontent.com\/docsz\/AD_4nXdpqfRaq3oGk9dAXgZ7x3rjs5SzASfAHYKydUkBgvmnTjZ5JgpSdlKbZKnVxPfWPOjTUifc5SLMAcyDv4ciV6yYT5AQcLkpX61KeDgoaoVP7TC-bwCWL_w0JA6woMYYZDAlgg7ewWyzWQmlIVx4LA?key=QO8r7RmlolM9MhCfcv5-73XE\" alt=\"Dustlight respirabel stofmeetapparaat voor het bewaken van de luchtkwaliteit op de werkplek, robuust en draagbaar voor industrieel gebruik. Groene LED geeft aan dat de blootstelling aan stof onder de drempelwaarde ligt.\" style=\"width:458px;height:auto\"\/><\/figure>\n\n<h2 class=\"wp-block-heading\">Belangrijkste kenmerken<\/h2>\n\n<h3 class=\"wp-block-heading\">Nauwkeurige metingen<\/h3>\n\n<p>Monitoring van PM10, PM2,5 en PM1 stof met een resolutie van 1 \u00b5g\/m\u00b3.<\/p>\n\n<h3 class=\"wp-block-heading\">Visueel waarschuwingssysteem  <\/h3>\n\n<ul class=\"wp-block-list\">\n<li>LED-display en lichtsignaal (groen, geel, rood) op basis van grenswaarden<\/li>\n\n\n\n<li>TRGS 900 (gelijk aan VLEP in Duitsland)<\/li>\n\n\n\n<li>Weergave van huidige belasting met respirabel stof<\/li>\n\n\n\n<li>Batterijlevensduur tot 40 uur (eco-modus) + laadstatus<\/li>\n<\/ul>\n\n<h3 class=\"wp-block-heading\">Robuustheid<\/h3>\n\n<ul class=\"wp-block-list\">\n<li>Geavanceerde stofbeschermingsapparatuur  <\/li>\n\n\n\n<li>voor maximale levensduur (voorfilters, gefilterde lucht, zelfreiniging)<\/li>\n\n\n\n<li>Gepatenteerd beschermingssysteem voor permanent schone sensoren<\/li>\n\n\n\n<li>Stofdicht stopcontact<\/li>\n<\/ul>\n\n<h3 class=\"wp-block-heading\">Modulaire montage<\/h3>\n\n<ul class=\"wp-block-list\">\n<li>Gepatenteerd Klick-Fast aanpassingssysteem (clip, klittenbandstrip, patch)<\/li>\n<\/ul>\n\n<h3 class=\"wp-block-heading\">Technische gegevens<\/h3>\n\n<ul class=\"wp-block-list\">\n<li>Afmetingen: 69 x 69 x 32,5 mm (zonder clip)<\/li>\n\n\n\n<li>Gewicht: 149 g<\/li>\n\n\n\n<li>Batterij: Lithium-ion<\/li>\n\n\n\n<li>Beschermingsgraad: IP4X<\/li>\n\n\n\n<li>Bedrijfstemperatuur : -10 tot +50 \u00b0C<\/li>\n\n\n\n<li>Meetbereik: 0 &#8211; 10.000 \u00b5g\/m\u00b3.<\/li>\n\n\n\n<li>Verwante diensten<\/li>\n\n\n\n<li>Specifieke configuraties: Aanpassing voor specifieke omgevingen  <\/li>\n\n\n\n<li>(bijv. hout, lassen).<\/li>\n\n\n\n<li>Onderhoud: Jaarlijks onderhoud, inclusief schoonmaken, herkalibratie en software-updates.<\/li>\n<\/ul>\n\n<h2 class=\"wp-block-heading\">Dustlight is nu beschikbaar via de nieuwe webapplicatie en smartphone app.  <\/h2>\n\n<ul class=\"wp-block-list\">\n<li>Geavanceerde meettechnologie die stofniveaus tot op de seconde nauwkeurig registreert.  <\/li>\n\n\n\n<li>Ge\u00efntegreerd waarschuwingssysteem om te helpen voldoen aan de luchtkwaliteitsnormen<\/li>\n\n\n\n<li>Individuele aanpassing van grenswaarden in de applicatie en webapplicatie<\/li>\n\n\n\n<li>Hoorbare en gekleurde waarschuwingen zodra de grenswaarden die je zelf hebt ingesteld worden overschreden, zodat er in een vroeg stadium beslissingen kunnen worden genomen<\/li>\n\n\n\n<li>Geavanceerde rapportage en gegevensanalyse &#8211; risicobeoordelingsrapporten direct downloaden &#8211; belangrijke ondersteuning voor ESG-rapportage.\n<ul class=\"wp-block-list\">\n<li>CSV- of PDF-formaat<\/li>\n<\/ul>\n<\/li>\n<\/ul>\n\n<figure class=\"wp-block-image aligncenter is-resized\"><img decoding=\"async\" src=\"https:\/\/lh7-rt.googleusercontent.com\/docsz\/AD_4nXfpUeAu-RQ97rEMo0ogKOvI3id8fXZbwSMJwAgs-GtmaJ_Q5nyjpb40R12sTCs5kSWbL5tB4dLEl37jMKzpdX0-E-_fW3yQnN7Lb1c_7lYFSPlGmw0UjR5Ubi1ZHw8JTmPjIJIIkzYCGP9bS9qSE6Y?key=QO8r7RmlolM9MhCfcv5-73XE\" alt=\"Een afbeelding met tekst, multimedia, elektronische apparaten, software&#10;&#10;Beschrijving automatisch gegenereerd\" style=\"width:800px;height:auto\"\/><\/figure>\n\n<p class=\"has-text-align-center\"><strong>Bestel uw Dustlight vandaag  <\/strong><\/p>\n\n<p class=\"has-text-align-center\"><strong>en garanderen een veiligere werkomgeving!<\/strong><\/p>\n\n<div class=\"wp-block-buttons is-content-justification-center is-layout-flex wp-container-core-buttons-is-layout-a89b3969 wp-block-buttons-is-layout-flex\">\n<div class=\"wp-block-button\"><a class=\"wp-block-button__link has-text-align-center wp-element-button\" href=\"https:\/\/obera.fr\/formulaire-dustlight\/\">GRATIS TEST VAN 20 DAGEN<\/a><\/div>\n<\/div>\n","protected":false},"excerpt":{"rendered":"<p>OberA presenteert met trots de Dustlight, een innovatieve handheld analyser ontworpen om nauwkeurig fijnstof te detecteren en analyseren. Dit compacte, betrouwbare en gebruiksvriendelijke apparaat is het ideale hulpmiddel voor professionals en industri\u00eblen die de luchtkwaliteit willen controleren en zwevende deeltjes willen identificeren. Bescherm jezelf tegen het onzichtbare gevaar van inhaleerbaar stof op de werkplek Gebruik het Dustlight meetapparaat om nauwkeurig stofconcentraties te meten in industri\u00eble omgevingen en beschermen uw gezondheid en die van uw werknemers. Inadembaar fijn stof kan ernstige gezondheidsproblemen veroorzaken, zoals ademhalingsaandoeningen, hart- en vaatproblemen en kanker. Met Dustlight kunt u deze risico&#8217;s effectief minimaliseren door de blootstelling &#8230; <\/p>\n<p class=\"read-more-container\"><a title=\"Neem controle over uw werkomgeving met Dustlight\" class=\"read-more button\" href=\"https:\/\/obera.fr\/nl\/produits\/depoussiereurs-industriels\/stoflicht\/#more-67259\" aria-label=\"Lees meer over Neem controle over uw werkomgeving met Dustlight\">Lire la suite<\/a><\/p>\n","protected":false},"author":4,"featured_media":103615,"parent":45645,"menu_order":0,"comment_status":"closed","ping_status":"closed","template":"","meta":{"_acf_changed":false,"_seopress_robots_primary_cat":"","_seopress_titles_title":"Neem controle over uw werkomgeving met Dustlight","_seopress_titles_desc":"Ontdek OberA's Dustlight, een nauwkeurige en compacte handheld analyser voor het detecteren van fijnstof. Ideaal voor het bewaken van de luchtkwaliteit.","_seopress_robots_index":"","footnotes":""},"class_list":{"0":"post-67259","1":"page","2":"type-page","3":"status-publish","4":"has-post-thumbnail","6":"no-featured-image-padding","7":"resize-featured-image"},"acf":[],"_links":{"self":[{"href":"https:\/\/obera.fr\/nl\/wp-json\/wp\/v2\/pages\/67259","targetHints":{"allow":["GET"]}}],"collection":[{"href":"https:\/\/obera.fr\/nl\/wp-json\/wp\/v2\/pages"}],"about":[{"href":"https:\/\/obera.fr\/nl\/wp-json\/wp\/v2\/types\/page"}],"author":[{"embeddable":true,"href":"https:\/\/obera.fr\/nl\/wp-json\/wp\/v2\/users\/4"}],"replies":[{"embeddable":true,"href":"https:\/\/obera.fr\/nl\/wp-json\/wp\/v2\/comments?post=67259"}],"version-history":[{"count":2,"href":"https:\/\/obera.fr\/nl\/wp-json\/wp\/v2\/pages\/67259\/revisions"}],"predecessor-version":[{"id":121584,"href":"https:\/\/obera.fr\/nl\/wp-json\/wp\/v2\/pages\/67259\/revisions\/121584"}],"up":[{"embeddable":true,"href":"https:\/\/obera.fr\/nl\/wp-json\/wp\/v2\/pages\/45645"}],"wp:featuredmedia":[{"embeddable":true,"href":"https:\/\/obera.fr\/nl\/wp-json\/wp\/v2\/media\/103615"}],"wp:attachment":[{"href":"https:\/\/obera.fr\/nl\/wp-json\/wp\/v2\/media?parent=67259"}],"curies":[{"name":"wp","href":"https:\/\/api.w.org\/{rel}","templated":true}]}}