{"id":115342,"date":"2025-06-26T12:05:10","date_gmt":"2025-06-26T10:05:10","guid":{"rendered":"https:\/\/obera.fr\/clearbox\/"},"modified":"2025-06-26T12:08:58","modified_gmt":"2025-06-26T10:08:58","slug":"clearbox","status":"publish","type":"page","link":"https:\/\/obera.fr\/pl\/clearbox\/","title":{"rendered":"Clearbox"},"content":{"rendered":"\n<div class=\"wp-block-columns is-layout-flex wp-container-core-columns-is-layout-28f84493 wp-block-columns-is-layout-flex\">\n<div class=\"wp-block-column is-layout-flow wp-block-column-is-layout-flow\" style=\"flex-basis:33.33%\">\n<figure class=\"wp-block-image aligncenter size-medium\"><img decoding=\"async\" width=\"300\" height=\"267\" src=\"https:\/\/obera.fr\/wp-content\/uploads\/2025\/06\/clearbox-300x267.png\" alt=\"clearbox\" class=\"wp-image-109012\" srcset=\"https:\/\/obera.fr\/wp-content\/uploads\/2025\/06\/clearbox-300x267.png 300w, https:\/\/obera.fr\/wp-content\/uploads\/2025\/06\/clearbox.png 534w\" sizes=\"(max-width: 300px) 100vw, 300px\" \/><figcaption class=\"wp-element-caption\">Clearbox<\/figcaption><\/figure>\n<\/div>\n\n\n\n<div class=\"wp-block-column is-layout-flow wp-block-column-is-layout-flow\" style=\"flex-basis:66.66%\">\n<p class=\"has-drop-cap\"><\/p>\n\n\n\n<hr class=\"wp-block-separator has-text-color has-black-color has-css-opacity has-black-background-color has-background is-style-dots\"\/>\n\n\n\n<div class=\"wp-block-columns is-layout-flex wp-container-core-columns-is-layout-28f84493 wp-block-columns-is-layout-flex\">\n<div class=\"wp-block-column is-layout-flow wp-block-column-is-layout-flow\" style=\"flex-basis:33.33%\">\n<div class=\"wp-block-buttons is-layout-flex wp-block-buttons-is-layout-flex\">\n<div class=\"wp-block-button\"><a class=\"wp-block-button__link wp-element-button\" href=\"https:\/\/obera.fr\/wp-content\/uploads\/2025\/06\/fr-caisson-mobile-daspiration-clearbox-1.pdf\">POBIERZ BROSZUR\u0118<\/a><\/div>\n<\/div>\n<\/div>\n\n\n\n<div class=\"wp-block-column is-layout-flow wp-block-column-is-layout-flow\" style=\"flex-basis:33.34%\">\n<div class=\"wp-block-buttons is-horizontal is-content-justification-center is-layout-flex wp-container-core-buttons-is-layout-03627597 wp-block-buttons-is-layout-flex\">\n<div class=\"wp-block-button has-custom-width wp-block-button__width-100\"><a class=\"wp-block-button__link wp-element-button\" href=\"https:\/\/obera.fr\/pl\/skontaktuj-sie-z-nami\/\">Dowiedz si\u0119 wi\u0119cej<\/a><\/div>\n<\/div>\n<\/div>\n\n\n\n<div class=\"wp-block-column is-layout-flow wp-block-column-is-layout-flow\" style=\"flex-basis:33.34%\">\n<div class=\"wp-block-buttons is-content-justification-center is-layout-flex wp-container-core-buttons-is-layout-a89b3969 wp-block-buttons-is-layout-flex\">\n<div class=\"wp-block-button btn-devis-source\"><a class=\"wp-block-button__link wp-element-button\" href=\"https:\/\/obera.fr\/pl\/devis\/\">Popro\u015b o wycen\u0119<\/a><\/div>\n<\/div>\n\n\n<script>\r\ndocument.addEventListener('DOMContentLoaded', function() {\r\n    \/\/ 1. On cherche le titre H1 de la page\r\n    var h1 = document.querySelector('h1');\r\n    var productTitle = h1 ? h1.innerText.trim() : \"\";\r\n\r\n    \/\/ 2. On cherche les boutons via la classe CSS .btn-devis-source\r\n    var buttons = document.querySelectorAll('.btn-devis-source a');\r\n\r\n    \/\/ 3. Si on a le titre et les boutons, on ajoute le param\u00e8tre\r\n    if (buttons.length > 0 && productTitle !== \"\") {\r\n        var encodedTitle = encodeURIComponent(productTitle);\r\n\r\n        buttons.forEach(function(btn) {\r\n            var currentHref = btn.getAttribute('href');\r\n            \r\n            \/\/ S\u00e9curit\u00e9 pour ne pas ajouter le param\u00e8tre 2 fois\r\n            if (currentHref.indexOf('sujet=') === -1) {\r\n                var separator = currentHref.indexOf('?') !== -1 ? '&' : '?';\r\n                var newLink = currentHref + separator + 'sujet=' + encodedTitle;\r\n                \r\n                btn.setAttribute('href', newLink);\r\n            }\r\n        });\r\n    }\r\n});\r\n<\/script><\/div>\n<\/div>\n\n\n\n<p><\/p>\n<\/div>\n<\/div>\n\n<p>Clearbox to produkowane we Francji <strong>mobilne urz\u0105dzenie odci\u0105gowe<\/strong> z 5-letni\u0105 gwarancj\u0105 i wysok\u0105 wydajno\u015bci\u0105 przep\u0142ywu. Zosta\u0142 specjalnie zaprojektowany do usuwania lotnych zwi\u0105zk\u00f3w organicznych (LZO), gaz\u00f3w, zapach\u00f3w, rozpuszczalnik\u00f3w, py\u0142\u00f3w i opar\u00f3w.   <\/p>\n\n<p><\/p>\n\n<p>Jednostka ta oferuje r\u00f3\u017cne poziomy filtracji, od 2 do 3 stopni, i mo\u017ce by\u0107 skonfigurowana zgodnie z konkretnymi potrzebami, gwarantuj\u0105c optymaln\u0105 wydajno\u015b\u0107 w<strong>eliminacji zanieczyszcze\u0144<\/strong>. Jest wyposa\u017cony w filtr wst\u0119pny G4, filtry nasycenia F9 do H14 do py\u0142u i opar\u00f3w oraz mo\u017ce zawiera\u0107 w\u0119giel aktywny do <strong>oczyszczania gaz\u00f3w i lotnych zwi\u0105zk\u00f3w organicznych<\/strong>.   <\/p>\n\n<p><\/p>\n\n<p>Co wi\u0119cej, jest on dost\u0119pny w trzech wersjach: z ramieniem ss\u0105cym, z wlotem rurowym lub w <strong>formie sto\u0142u ss\u0105cego<\/strong>. Dost\u0119pna jest r\u00f3wnie\u017c wersja przeciwpy\u0142owa ATEX. <\/p>\n\n<div class=\"wp-block-columns is-layout-flex wp-container-core-columns-is-layout-28f84493 wp-block-columns-is-layout-flex\">\n<div class=\"wp-block-column is-layout-flow wp-block-column-is-layout-flow\">\n<h2 class=\"wp-block-heading has-text-align-center\"><strong>Korzy\u015bci<\/strong><\/h2>\n\n\n\n<ul class=\"wp-block-list\">\n<li>Bardzo wysoki wentylator<\/li>\n\n\n\n<li>wydajno\u015b\u0107<\/li>\n\n\n\n<li>T\u0142umik<\/li>\n\n\n\n<li>Mobilny, lekki i \u0142atwy w obs\u0142udze<br\/><\/li>\n\n\n\n<li>Ma\u0142y \u015blad<br\/><\/li>\n\n\n\n<li>\u0141atwa konserwacja<br\/>filtr\u00f3w<\/li>\n\n\n\n<li>Nat\u0119\u017cenie przep\u0142ywu regulowane w zakresie od 0 do<br\/>100%.<\/li>\n\n\n\n<li>Zasilacz ze standardowym gniazdem 230V<br\/><\/li>\n<\/ul>\n<\/div>\n\n\n\n<div class=\"wp-block-column is-layout-flow wp-block-column-is-layout-flow\">\n<h2 class=\"wp-block-heading has-text-align-center\"><strong>Funkcje specjalne<\/strong><\/h2>\n\n\n\n<ul class=\"wp-block-list\">\n<li>Wymiana<\/li>\n\n\n\n<li>wysokowydajne media filtracyjne<\/li>\n\n\n\n<li>\u0142atwy<\/li>\n\n\n\n<li>Mo\u017cliwo\u015b\u0107 rozbudowy i konfiguracji<br\/><\/li>\n\n\n\n<li>Wysoka zdolno\u015b\u0107 adsorpcji<br\/><\/li>\n\n\n\n<li>Licznik godzin<\/li>\n\n\n\n<li>Pomiar<br\/>zanieczyszcze\u0144 na filtrach<br\/><\/li>\n\n\n\n<li>Ustawienie nat\u0119\u017cenia przep\u0142ywu od<br\/>0 do 100%.<\/li>\n\n\n\n<li>System Plug &amp; Play<\/li>\n\n\n\n<li>Opcja ATEX<br\/>py\u0142<\/li>\n<\/ul>\n<\/div>\n\n\n\n<div class=\"wp-block-column is-layout-flow wp-block-column-is-layout-flow\">\n<h2 class=\"wp-block-heading has-text-align-center\"><strong>Cechy<\/strong><\/h2>\n\n\n\n<ul class=\"wp-block-list\">\n<li>Maks. przep\u0142yw :<\/li>\n\n\n\n<li>2000 m3\/h<\/li>\n\n\n\n<li>Zainstalowana moc:<br\/>750W<\/li>\n\n\n\n<li>Zasilanie: 230 V<\/li>\n\n\n\n<li>Wymiary: 710 x<br\/>710 x 2050<\/li>\n\n\n\n<li>Waga: 70 kg<\/li>\n\n\n\n<li>Poziom ha\u0142asu:<br\/>72Db<\/li>\n<\/ul>\n<\/div>\n<\/div>\n\n<h2 class=\"wp-block-heading\">Do jakich cel\u00f3w?<\/h2>\n\n<p><strong>Clearbox to por\u0119czne <\/strong>, kompaktowe <strong>urz\u0105dzenie <\/strong>zaprojektowane do skutecznego wychwytywania i oczyszczania zanieczyszcze\u0144 gazowych, zapach\u00f3w, py\u0142\u00f3w i opar\u00f3w. Wyposa\u017cony w k\u00f3\u0142ka, jest <strong>\u0142atwy do dopasowania do ka\u017cdej przestrzeni roboczej<\/strong> i mo\u017ce oczyszcza\u0107 zar\u00f3wno sta\u0142e, jak i mobilne stanowiska pracy. <\/p>\n\n<p><br\/>Clearbox jest wyposa\u017cony w <strong>filtr wst\u0119pny G4, filtry nasycenia F9 do H14 <\/strong>i, w razie potrzeby, w\u0119giel aktywny. Dost\u0119pny jest r\u00f3wnie\u017c w wersji przeciwpy\u0142owej ATEX. Regularna konserwacja filtra jest niezb\u0119dna do prawid\u0142owego dzia\u0142ania urz\u0105dzenia.  <\/p>\n\n<div class=\"wp-block-columns is-layout-flex wp-container-core-columns-is-layout-28f84493 wp-block-columns-is-layout-flex\">\n<div class=\"wp-block-column is-layout-flow wp-block-column-is-layout-flow\">\n<h3 class=\"wp-block-heading has-text-align-center\">Zanieczyszczenia<\/h3>\n\n\n\n<hr class=\"wp-block-separator has-css-opacity is-style-wide\"\/>\n\n\n\n<div class=\"wp-block-columns is-layout-flex wp-container-core-columns-is-layout-28f84493 wp-block-columns-is-layout-flex\">\n<div class=\"wp-block-column is-layout-flow wp-block-column-is-layout-flow\">\n<figure class=\"wp-block-image aligncenter size-large\"><img decoding=\"async\" width=\"70\" height=\"70\" src=\"https:\/\/obera.fr\/wp-content\/uploads\/2020\/08\/industrie-fumees.jpg\" alt=\"Dym przemys&#x142;owy\" class=\"wp-image-722\"\/><figcaption class=\"wp-element-caption\">Opary<\/figcaption><\/figure>\n<\/div>\n\n\n\n<div class=\"wp-block-column is-layout-flow wp-block-column-is-layout-flow\">\n<figure class=\"wp-block-image aligncenter size-large\"><img decoding=\"async\" width=\"70\" height=\"70\" src=\"https:\/\/obera.fr\/wp-content\/uploads\/2020\/08\/polluants-poussieres.jpg\" alt=\"Zanieczyszczenia Py&#x142;\" class=\"wp-image-675\"\/><figcaption class=\"wp-element-caption\">Py\u0142<\/figcaption><\/figure>\n<\/div>\n<\/div>\n\n\n\n<div class=\"wp-block-columns is-layout-flex wp-container-core-columns-is-layout-28f84493 wp-block-columns-is-layout-flex\">\n<div class=\"wp-block-column is-layout-flow wp-block-column-is-layout-flow\">\n<figure class=\"wp-block-image aligncenter size-large\"><img decoding=\"async\" width=\"70\" height=\"70\" src=\"https:\/\/obera.fr\/wp-content\/uploads\/2020\/08\/industrie-odeur.jpg\" alt=\"Zapach przemys&#x142;owy\" class=\"wp-image-723\"\/><figcaption class=\"wp-element-caption\">Zapachy<\/figcaption><\/figure>\n<\/div>\n\n\n\n<div class=\"wp-block-column is-layout-flow wp-block-column-is-layout-flow\">\n<figure class=\"wp-block-image aligncenter size-large is-resized\"><img decoding=\"async\" width=\"70\" height=\"70\" src=\"https:\/\/obera.fr\/wp-content\/uploads\/2020\/10\/industrie-aerosols.jpg\" alt=\"Aerozole przemys&#x142;owe\" class=\"wp-image-1201\" style=\"width:70px;height:auto\"\/><figcaption class=\"wp-element-caption\">VOCS<\/figcaption><\/figure>\n<\/div>\n<\/div>\n<\/div>\n\n\n\n<div class=\"wp-block-column is-layout-flow wp-block-column-is-layout-flow\">\n<h3 class=\"wp-block-heading has-text-align-center\">Bran\u017ce<\/h3>\n\n\n\n<hr class=\"wp-block-separator has-css-opacity is-style-wide\"\/>\n\n\n\n<div class=\"wp-block-columns is-layout-flex wp-container-core-columns-is-layout-28f84493 wp-block-columns-is-layout-flex\">\n<div class=\"wp-block-column is-layout-flow wp-block-column-is-layout-flow\" style=\"flex-basis:100%\">\n<div style=\"height:47px\" aria-hidden=\"true\" class=\"wp-block-spacer\"><\/div>\n\n\n\n<p class=\"has-text-align-center\">Odpowiedni dla wszystkich rodzaj\u00f3w przemys\u0142u<\/p>\n<\/div>\n\n\n\n<div class=\"wp-block-column is-layout-flow wp-block-column-is-layout-flow\"><\/div>\n<\/div>\n<\/div>\n<\/div>\n\n<div class=\"wp-block-buttons is-horizontal is-content-justification-center is-layout-flex wp-container-core-buttons-is-layout-03627597 wp-block-buttons-is-layout-flex\">\n<div class=\"wp-block-button has-custom-width wp-block-button__width-100\"><a class=\"wp-block-button__link wp-element-button\" href=\"https:\/\/obera.fr\/pl\/skontaktuj-sie-z-nami\/\">Dowiedz si\u0119 wi\u0119cej<\/a><\/div>\n<\/div>\n\n<h2 class=\"wp-block-heading\">Jakie s\u0105 funkcje Clearbox?<\/h2>\n\n<p>Clearbox to produkowana we Francji <strong>mobilna jednostka ss\u0105ca<\/strong> z 5-letni\u0105 gwarancj\u0105 i wydajnym przep\u0142ywem 2000 m\u00b3\/h. Posiada 3 poziomy wysokowydajnej filtracji, kt\u00f3re mo\u017cna skonfigurowa\u0107 zgodnie z w\u0142asnymi potrzebami. Jest dost\u0119pny w 2 poziomach <strong>filtracji z filtrem wst\u0119pnym G4 <\/strong>i filtrem nasycaj\u0105cym F9 do H14 lub w 3 poziomach z w\u0119glem aktywnym.    <\/p>\n\n<p><\/p>\n\n<p>Co wi\u0119cej, jest dost\u0119pny w trzech wersjach: z ramieniem ss\u0105cym, z wlotem rurowym lub w <strong>postaci sto\u0142u ss\u0105cego<\/strong>, a tak\u017ce mo\u017ce by\u0107 dostosowany do wersji przeciwpy\u0142owej ATEX. Dzi\u0119ki wysokiej zdolno\u015bci adsorpcyjnej eliminuje maksymaln\u0105 liczb\u0119 zanieczyszcze\u0144.   <\/p>\n\n<p><\/p>\n\n<p>Regularna wymiana filtr\u00f3w jest niezb\u0119dna do utrzymania p\u0142ynnej pracy urz\u0105dzenia. Wbudowany <strong>system pomiaru zapchania filtra<\/strong> wskazuje, kiedy nale\u017cy wymieni\u0107 filtry, a wymiana wk\u0142ad\u00f3w filtracyjnych jest prosta. <\/p>\n\n<p><\/p>\n\n<p>Jest to urz\u0105dzenie typu Plug and Play, a wi\u0119c \u0142atwe w instalacji. Wyposa\u017cony w k\u00f3\u0142ka i <strong>wyj\u0105tkowo kompaktow\u0105 konstrukcj\u0119<\/strong>, jest \u0142atwy w manewrowaniu i dostosowuje si\u0119 do ka\u017cdego \u015brodowiska pracy. <\/p>\n\n<p><\/p>\n\n<figure class=\"wp-block-table\"><table class=\"has-fixed-layout\"><tbody><tr><td><strong>Urz\u0105dzenie  <\/strong><\/td><td><\/td><td><strong>Z ramieniem  <\/strong><\/td><td><strong>Wej\u015bcie rurowe  <\/strong><\/td><td><strong>Tabela<\/strong><\/td><\/tr><tr><td>Maksymalny przep\u0142yw  <\/td><td>m3\/h  <\/td><td>2000  <\/td><td>2500  <\/td><td>5000<\/td><\/tr><tr><td>Regulacja przep\u0142ywu<\/td><td>%\u00a0<\/td><td>0-100  <\/td><td>0-100  <\/td><td>0-100<\/td><\/tr><tr><td>Zainstalowana wydajno\u015b\u0107<\/td><td>W  <\/td><td>750  <\/td><td>750  <\/td><td>750<\/td><\/tr><tr><td>Zasilanie  <\/td><td>V  <\/td><td>230  <\/td><td>230  <\/td><td>230<\/td><\/tr><tr><td>Wymiary ca\u0142kowite (szer. x d\u0142. x wys.)<\/td><td>mm  <\/td><td>710x710x2050  <\/td><td>710x710x2050  <\/td><td>710x710x2050<\/td><\/tr><tr><td>Waga  <\/td><td>kg  <\/td><td>70  <\/td><td>75  <\/td><td>75<\/td><\/tr><tr><td>Poziom ha\u0142asu  <\/td><td>dB  <\/td><td>72  <\/td><td>72  <\/td><td>72<\/td><\/tr><\/tbody><\/table><\/figure>\n","protected":false},"excerpt":{"rendered":"<p>Clearbox to produkowane we Francji mobilne urz\u0105dzenie odci\u0105gowe z 5-letni\u0105 gwarancj\u0105 i wysok\u0105 wydajno\u015bci\u0105 przep\u0142ywu. Zosta\u0142 specjalnie zaprojektowany do usuwania lotnych zwi\u0105zk\u00f3w organicznych (LZO), gaz\u00f3w, zapach\u00f3w, rozpuszczalnik\u00f3w, py\u0142\u00f3w i opar\u00f3w. Jednostka ta oferuje r\u00f3\u017cne poziomy filtracji, od 2 do 3 stopni, i mo\u017ce by\u0107 skonfigurowana zgodnie z konkretnymi potrzebami, gwarantuj\u0105c optymaln\u0105 wydajno\u015b\u0107 weliminacji zanieczyszcze\u0144. Jest wyposa\u017cony w filtr wst\u0119pny G4, filtry nasycenia F9 do H14 do py\u0142u i opar\u00f3w oraz mo\u017ce zawiera\u0107 w\u0119giel aktywny do oczyszczania gaz\u00f3w i lotnych zwi\u0105zk\u00f3w organicznych. Co wi\u0119cej, jest on dost\u0119pny w trzech wersjach: z ramieniem ss\u0105cym, z wlotem rurowym lub w formie sto\u0142u ss\u0105cego. &#8230; <\/p>\n<p class=\"read-more-container\"><a title=\"Clearbox\" class=\"read-more button\" href=\"https:\/\/obera.fr\/pl\/clearbox\/#more-115342\" aria-label=\"Dowiedz si\u0119 wi\u0119cej o Clearbox\">Lire la suite<\/a><\/p>\n","protected":false},"author":4,"featured_media":0,"parent":0,"menu_order":0,"comment_status":"closed","ping_status":"closed","template":"","meta":{"_acf_changed":false,"_seopress_robots_primary_cat":"","_seopress_titles_title":"Clearbox: Wysokowydajna mobilna jednostka ss\u0105ca","_seopress_titles_desc":"Odkryj Clearbox, wysokowydajn\u0105 mobiln\u0105 jednostk\u0119 odci\u0105gow\u0105 do LZO, gaz\u00f3w, dymu i py\u0142u. Wyprodukowany we Francji, z 5-letni\u0105 gwarancj\u0105, jest konfigurowalny i kompaktowy. ","_seopress_robots_index":"","footnotes":""},"class_list":{"0":"post-115342","1":"page","2":"type-page","3":"status-publish","5":"no-featured-image-padding"},"acf":[],"_links":{"self":[{"href":"https:\/\/obera.fr\/pl\/wp-json\/wp\/v2\/pages\/115342","targetHints":{"allow":["GET"]}}],"collection":[{"href":"https:\/\/obera.fr\/pl\/wp-json\/wp\/v2\/pages"}],"about":[{"href":"https:\/\/obera.fr\/pl\/wp-json\/wp\/v2\/types\/page"}],"author":[{"embeddable":true,"href":"https:\/\/obera.fr\/pl\/wp-json\/wp\/v2\/users\/4"}],"replies":[{"embeddable":true,"href":"https:\/\/obera.fr\/pl\/wp-json\/wp\/v2\/comments?post=115342"}],"version-history":[{"count":1,"href":"https:\/\/obera.fr\/pl\/wp-json\/wp\/v2\/pages\/115342\/revisions"}],"predecessor-version":[{"id":115344,"href":"https:\/\/obera.fr\/pl\/wp-json\/wp\/v2\/pages\/115342\/revisions\/115344"}],"wp:attachment":[{"href":"https:\/\/obera.fr\/pl\/wp-json\/wp\/v2\/media?parent=115342"}],"curies":[{"name":"wp","href":"https:\/\/api.w.org\/{rel}","templated":true}]}}