{"id":115416,"date":"2025-06-26T12:11:21","date_gmt":"2025-06-26T10:11:21","guid":{"rendered":"https:\/\/obera.fr\/produits\/caissons-mobiles-aspiration\/clearbox\/"},"modified":"2025-07-08T12:06:15","modified_gmt":"2025-07-08T10:06:15","slug":"clearbox","status":"publish","type":"page","link":"https:\/\/obera.fr\/pl\/produits\/caissons-mobiles-aspiration\/clearbox\/","title":{"rendered":"Clearbox"},"content":{"rendered":"\n<p>Clearbox to <strong>produkowane we Francji mobilne urz\u0105dzenie odci\u0105gowe<\/strong> z 5-letni\u0105 gwarancj\u0105 i wysok\u0105 wydajno\u015bci\u0105 przep\u0142ywu. Zosta\u0142 specjalnie zaprojektowany do usuwania lotnych zwi\u0105zk\u00f3w organicznych (LZO), gaz\u00f3w, zapach\u00f3w, rozpuszczalnik\u00f3w, py\u0142\u00f3w i opar\u00f3w. <\/p>\n\n\n<div class=\"wp-block-columns is-layout-flex wp-container-core-columns-is-layout-28f84493 wp-block-columns-is-layout-flex\">\n<div class=\"wp-block-column is-layout-flow wp-block-column-is-layout-flow\">\n<p>Jednostka ta <strong>oferuje r\u00f3\u017cne poziomy filtracji<\/strong>, od 2 do 3 stopni, i mo\u017ce by\u0107 skonfigurowana zgodnie z konkretnymi potrzebami, gwarantuj\u0105c optymaln\u0105 wydajno\u015b\u0107 w eliminacji zanieczyszcze\u0144. Jest wyposa\u017cony w filtr wst\u0119pny G4, filtry nasycenia F9 do H14 do py\u0142u i opar\u00f3w oraz mo\u017ce zawiera\u0107 w\u0119giel aktywny do <strong>oczyszczania gaz\u00f3w i lotnych zwi\u0105zk\u00f3w organicznych<\/strong>. <\/p>\n\n\n\n<p><br\/>Co wi\u0119cej, jest on dost\u0119pny w trzech wersjach: z ramieniem ss\u0105cym, z wlotem rurowym lub w formie sto\u0142u ss\u0105cego. Dost\u0119pna jest r\u00f3wnie\u017c <strong>wersja przeciwpy\u0142owa ATEX<\/strong>. <\/p>\n\n\n\n<div class=\"wp-block-columns is-layout-flex wp-container-core-columns-is-layout-28f84493 wp-block-columns-is-layout-flex\">\n<div class=\"wp-block-column is-layout-flow wp-block-column-is-layout-flow\">\n<figure class=\"wp-block-image aligncenter size-large\"><img decoding=\"async\" width=\"1024\" height=\"1024\" src=\"https:\/\/obera.fr\/wp-content\/uploads\/2025\/07\/clearbox-bras-1024x1024.png\" alt=\"rami&#x119; clearbox\" class=\"wp-image-120328\" srcset=\"https:\/\/obera.fr\/wp-content\/uploads\/2025\/07\/clearbox-bras-1024x1024.png 1024w, https:\/\/obera.fr\/wp-content\/uploads\/2025\/07\/clearbox-bras-300x300.png 300w, https:\/\/obera.fr\/wp-content\/uploads\/2025\/07\/clearbox-bras-150x150.png 150w, https:\/\/obera.fr\/wp-content\/uploads\/2025\/07\/clearbox-bras-768x768.png 768w, https:\/\/obera.fr\/wp-content\/uploads\/2025\/07\/clearbox-bras.png 1200w\" sizes=\"(max-width: 1024px) 100vw, 1024px\" \/><figcaption class=\"wp-element-caption\">CLEARBOX BRS<\/figcaption><\/figure>\n<\/div>\n\n\n\n<div class=\"wp-block-column is-layout-flow wp-block-column-is-layout-flow\">\n<figure class=\"wp-block-image aligncenter size-large\"><img decoding=\"async\" width=\"1024\" height=\"1024\" src=\"https:\/\/obera.fr\/wp-content\/uploads\/2025\/07\/clearbox-entree-tubee-82-1-1024x1024.png\" alt=\"wlot rurki clearbox 82\" class=\"wp-image-120351\" srcset=\"https:\/\/obera.fr\/wp-content\/uploads\/2025\/07\/clearbox-entree-tubee-82-1-1024x1024.png 1024w, https:\/\/obera.fr\/wp-content\/uploads\/2025\/07\/clearbox-entree-tubee-82-1-300x300.png 300w, https:\/\/obera.fr\/wp-content\/uploads\/2025\/07\/clearbox-entree-tubee-82-1-150x150.png 150w, https:\/\/obera.fr\/wp-content\/uploads\/2025\/07\/clearbox-entree-tubee-82-1-768x768.png 768w, https:\/\/obera.fr\/wp-content\/uploads\/2025\/07\/clearbox-entree-tubee-82-1.png 1200w\" sizes=\"(max-width: 1024px) 100vw, 1024px\" \/><figcaption class=\"wp-element-caption\">CLEARBOX TB<\/figcaption><\/figure>\n<\/div>\n\n\n\n<div class=\"wp-block-column is-layout-flow wp-block-column-is-layout-flow\">\n<figure class=\"wp-block-image aligncenter size-large\"><img decoding=\"async\" width=\"1024\" height=\"1024\" src=\"https:\/\/obera.fr\/wp-content\/uploads\/2025\/07\/clearbox-table-1024x1024.png\" alt=\"tabela clearbox\" class=\"wp-image-120374\" srcset=\"https:\/\/obera.fr\/wp-content\/uploads\/2025\/07\/clearbox-table-1024x1024.png 1024w, https:\/\/obera.fr\/wp-content\/uploads\/2025\/07\/clearbox-table-300x300.png 300w, https:\/\/obera.fr\/wp-content\/uploads\/2025\/07\/clearbox-table-150x150.png 150w, https:\/\/obera.fr\/wp-content\/uploads\/2025\/07\/clearbox-table-768x768.png 768w, https:\/\/obera.fr\/wp-content\/uploads\/2025\/07\/clearbox-table.png 1200w\" sizes=\"(max-width: 1024px) 100vw, 1024px\" \/><figcaption class=\"wp-element-caption\">CLEARBOX TSP<\/figcaption><\/figure>\n<\/div>\n<\/div>\n\n\n\n<p><\/p>\n\n\n\n<hr class=\"wp-block-separator has-css-opacity is-style-dots\"\/>\n\n\n\n<div class=\"wp-block-columns is-layout-flex wp-container-core-columns-is-layout-28f84493 wp-block-columns-is-layout-flex\">\n<div class=\"wp-block-column is-layout-flow wp-block-column-is-layout-flow\" style=\"flex-basis:33.33%\">\n<div class=\"wp-block-buttons is-layout-flex wp-block-buttons-is-layout-flex\">\n<div class=\"wp-block-button\"><a class=\"wp-block-button__link wp-element-button\" href=\"https:\/\/obera.fr\/wp-content\/uploads\/2025\/06\/fr-caisson-mobile-daspiration-clearbox.pdf\">POBIERZ BROSZUR\u0118<\/a><\/div>\n<\/div>\n<\/div>\n\n\n\n<div class=\"wp-block-column is-layout-flow wp-block-column-is-layout-flow\" style=\"flex-basis:33.34%\">\n<div class=\"wp-block-buttons is-horizontal is-content-justification-center is-layout-flex wp-container-core-buttons-is-layout-03627597 wp-block-buttons-is-layout-flex\">\n<div class=\"wp-block-button has-custom-width wp-block-button__width-100\"><a class=\"wp-block-button__link wp-element-button\" href=\"https:\/\/obera.fr\/pl\/skontaktuj-sie-z-nami\/\">Dowiedz si\u0119 wi\u0119cej<\/a><\/div>\n<\/div>\n<\/div>\n\n\n\n<div class=\"wp-block-column is-layout-flow wp-block-column-is-layout-flow\" style=\"flex-basis:33.34%\">\n<div class=\"wp-block-buttons is-content-justification-center is-layout-flex wp-container-core-buttons-is-layout-a89b3969 wp-block-buttons-is-layout-flex\">\n<div class=\"wp-block-button btn-devis-source\"><a class=\"wp-block-button__link wp-element-button\" href=\"https:\/\/obera.fr\/pl\/devis\/\">Popro\u015b o wycen\u0119<\/a><\/div>\n<\/div>\n\n\n<script>\r\ndocument.addEventListener('DOMContentLoaded', function() {\r\n    \/\/ 1. On cherche le titre H1 de la page\r\n    var h1 = document.querySelector('h1');\r\n    var productTitle = h1 ? h1.innerText.trim() : \"\";\r\n\r\n    \/\/ 2. On cherche les boutons via la classe CSS .btn-devis-source\r\n    var buttons = document.querySelectorAll('.btn-devis-source a');\r\n\r\n    \/\/ 3. Si on a le titre et les boutons, on ajoute le param\u00e8tre\r\n    if (buttons.length > 0 && productTitle !== \"\") {\r\n        var encodedTitle = encodeURIComponent(productTitle);\r\n\r\n        buttons.forEach(function(btn) {\r\n            var currentHref = btn.getAttribute('href');\r\n            \r\n            \/\/ S\u00e9curit\u00e9 pour ne pas ajouter le param\u00e8tre 2 fois\r\n            if (currentHref.indexOf('sujet=') === -1) {\r\n                var separator = currentHref.indexOf('?') !== -1 ? '&' : '?';\r\n                var newLink = currentHref + separator + 'sujet=' + encodedTitle;\r\n                \r\n                btn.setAttribute('href', newLink);\r\n            }\r\n        });\r\n    }\r\n});\r\n<\/script><\/div>\n<\/div>\n<\/div>\n<\/div>\n\n<div class=\"wp-block-columns is-layout-flex wp-container-core-columns-is-layout-28f84493 wp-block-columns-is-layout-flex\">\n<div class=\"wp-block-column is-layout-flow wp-block-column-is-layout-flow\" style=\"flex-basis:33.34%\">\n<p><\/p>\n\n\n\n<h3 class=\"wp-block-heading\">Korzy\u015bci<\/h3>\n\n\n\n<ul class=\"wp-block-list\">\n<li>Wentylator o bardzo wysokiej wydajno\u015bci<\/li>\n\n\n\n<li>T\u0142umik<\/li>\n\n\n\n<li>Mobilny, lekki i \u0142atwy w obs\u0142udze<\/li>\n\n\n\n<li>Ma\u0142y \u015blad<\/li>\n\n\n\n<li>\u0141atwa konserwacja filtra<\/li>\n\n\n\n<li>Nat\u0119\u017cenie przep\u0142ywu regulowane w zakresie od 0 do 100%.<\/li>\n\n\n\n<li>Zasilanie za pomoc\u0105 standardowego gniazda 230V<\/li>\n<\/ul>\n<\/div>\n\n\n\n<div class=\"wp-block-column is-layout-flow wp-block-column-is-layout-flow\" style=\"flex-basis:33.34%\">\n<p><\/p>\n\n\n\n<h3 class=\"wp-block-heading\">Funkcje specjalne<\/h3>\n\n\n\n<ul class=\"wp-block-list\">\n<li>\u0141atwa wymiana medi\u00f3w filtracyjnych<\/li>\n\n\n\n<li>Mo\u017cliwo\u015b\u0107 rozbudowy i konfiguracji<\/li>\n\n\n\n<li>Wysoka zdolno\u015b\u0107 adsorpcji<\/li>\n\n\n\n<li>Licznik godzin<\/li>\n\n\n\n<li>Pomiar zatkania filtra<\/li>\n\n\n\n<li>Regulacja nat\u0119\u017cenia przep\u0142ywu od 0 do 100%.<\/li>\n\n\n\n<li>System Plug &amp; Play<\/li>\n\n\n\n<li>Opcja przeciwpy\u0142owa ATEX<\/li>\n<\/ul>\n<\/div>\n\n\n\n<div class=\"wp-block-column is-layout-flow wp-block-column-is-layout-flow\" style=\"flex-basis:33.33%\">\n<p><\/p>\n\n\n\n<h3 class=\"wp-block-heading\">Cechy<\/h3>\n\n\n\n<ul class=\"wp-block-list\">\n<li>Maks. nat\u0119\u017cenie przep\u0142ywu 2000 m3\/h<\/li>\n\n\n\n<li>Moc zainstalowana: 750W<\/li>\n\n\n\n<li>Zasilanie: 230 V<\/li>\n\n\n\n<li>Wymiary: 710 x 710 x 2050<\/li>\n\n\n\n<li>Waga: 70 kg<\/li>\n\n\n\n<li>Poziom ha\u0142asu: 72 dB<\/li>\n<\/ul>\n<\/div>\n<\/div>\n\n<h2 class=\"wp-block-heading\">Do jakich cel\u00f3w?<\/h2>\n\n<p><strong>Clearbox to por\u0119czne, kompaktowe urz\u0105dzenie<\/strong> zaprojektowane do skutecznego wychwytywania i oczyszczania zanieczyszcze\u0144 gazowych, zapach\u00f3w, py\u0142\u00f3w i opar\u00f3w. Wyposa\u017cony w k\u00f3\u0142ka, jest \u0142atwy do dopasowania do ka\u017cdej przestrzeni roboczej i mo\u017ce oczyszcza\u0107 <strong>zar\u00f3wno sta\u0142e, jak i mobilne stanowiska pracy<\/strong>. <\/p>\n\n<p><br\/><strong>Clearbox jest wyposa\u017cony w filtr wst\u0119pny G4<\/strong>, filtry nasycenia F9 do H14 i, w razie potrzeby, w\u0119giel aktywny. Dost\u0119pny jest r\u00f3wnie\u017c w wersji przeciwpy\u0142owej ATEX. Regularna konserwacja filtr\u00f3w jest niezb\u0119dna do prawid\u0142owego dzia\u0142ania urz\u0105dzenia.  <\/p>\n\n<div class=\"wp-block-columns is-layout-flex wp-container-core-columns-is-layout-28f84493 wp-block-columns-is-layout-flex\">\n<div class=\"wp-block-column is-layout-flow wp-block-column-is-layout-flow\">\n<h3 class=\"wp-block-heading has-text-align-center\">Zanieczyszczenia<\/h3>\n\n\n\n<div class=\"wp-block-columns is-layout-flex wp-container-core-columns-is-layout-28f84493 wp-block-columns-is-layout-flex\">\n<div class=\"wp-block-column is-layout-flow wp-block-column-is-layout-flow\">\n<figure class=\"wp-block-image aligncenter size-large\"><img decoding=\"async\" width=\"70\" height=\"70\" src=\"https:\/\/obera.fr\/wp-content\/uploads\/2021\/03\/industrie-fumees.jpg\" alt=\"opary przemys&#x142;owe\" class=\"wp-image-4971\"\/><figcaption class=\"wp-element-caption\">Opary<\/figcaption><\/figure>\n\n\n\n<figure class=\"wp-block-image aligncenter size-large\"><img decoding=\"async\" width=\"70\" height=\"70\" src=\"https:\/\/obera.fr\/wp-content\/uploads\/2020\/09\/cov.png\" alt=\"Cov\" class=\"wp-image-959\"\/><figcaption class=\"wp-element-caption\">VOCS<\/figcaption><\/figure>\n<\/div>\n\n\n\n<div class=\"wp-block-column is-layout-flow wp-block-column-is-layout-flow\">\n<figure class=\"wp-block-image aligncenter size-large\"><img decoding=\"async\" width=\"70\" height=\"70\" src=\"https:\/\/obera.fr\/wp-content\/uploads\/2021\/03\/polluants-poussieres-1.jpg\" alt=\"zanieczyszczenia py&#x142;owe 1\" class=\"wp-image-4969\"\/><figcaption class=\"wp-element-caption\">Py\u0142<\/figcaption><\/figure>\n\n\n\n<figure class=\"wp-block-image aligncenter size-full is-resized\"><img decoding=\"async\" width=\"512\" height=\"512\" src=\"https:\/\/obera.fr\/wp-content\/uploads\/2025\/06\/gaz-naturel.png\" alt=\"gaz ziemny\" class=\"wp-image-108886\" style=\"width:75px;height:auto\" srcset=\"https:\/\/obera.fr\/wp-content\/uploads\/2025\/06\/gaz-naturel.png 512w, https:\/\/obera.fr\/wp-content\/uploads\/2025\/06\/gaz-naturel-300x300.png 300w, https:\/\/obera.fr\/wp-content\/uploads\/2025\/06\/gaz-naturel-150x150.png 150w\" sizes=\"(max-width: 512px) 100vw, 512px\" \/><figcaption class=\"wp-element-caption\">Gaz<\/figcaption><\/figure>\n<\/div>\n<\/div>\n<\/div>\n\n\n\n<div class=\"wp-block-column is-layout-flow wp-block-column-is-layout-flow\">\n<h3 class=\"wp-block-heading has-text-align-center\">bran\u017ce<\/h3>\n\n\n\n<div class=\"wp-block-columns is-layout-flex wp-container-core-columns-is-layout-28f84493 wp-block-columns-is-layout-flex\">\n<div class=\"wp-block-column is-layout-flow wp-block-column-is-layout-flow\">\n<figure class=\"wp-block-image aligncenter size-large\"><img decoding=\"async\" width=\"70\" height=\"70\" src=\"https:\/\/obera.fr\/wp-content\/uploads\/2020\/08\/industrie-metallurgie.jpg\" alt=\"Przemys&#x142; metalurgiczny\" class=\"wp-image-673\"\/><figcaption class=\"wp-element-caption\">Metalurgia<\/figcaption><\/figure>\n\n\n\n<figure class=\"wp-block-image aligncenter size-large\"><img decoding=\"async\" width=\"70\" height=\"70\" src=\"https:\/\/obera.fr\/wp-content\/uploads\/2020\/08\/industrie-plastique.jpg\" alt=\"Przemys&#x142; tworzyw sztucznych\" class=\"wp-image-669\"\/><figcaption class=\"wp-element-caption\">Tworzywa sztuczne<\/figcaption><\/figure>\n\n\n\n<figure class=\"wp-block-image aligncenter size-large\"><img decoding=\"async\" width=\"70\" height=\"70\" src=\"https:\/\/obera.fr\/wp-content\/uploads\/2020\/08\/industrie-minerai.jpg\" alt=\"Przemys&#x142; rudy\" class=\"wp-image-724\"\/><figcaption class=\"wp-element-caption\">Minera\u0142y<\/figcaption><\/figure>\n\n\n\n<figure class=\"wp-block-image aligncenter size-large\"><img decoding=\"async\" width=\"70\" height=\"70\" src=\"https:\/\/obera.fr\/wp-content\/uploads\/2020\/08\/industrie-papier-carton.jpg\" alt=\"Przemys&#x142; papierniczy i tekturowy\" class=\"wp-image-670\"\/><figcaption class=\"wp-element-caption\">Papier\/karton<\/figcaption><\/figure>\n<\/div>\n\n\n\n<div class=\"wp-block-column is-layout-flow wp-block-column-is-layout-flow\">\n<figure class=\"wp-block-image aligncenter size-large\"><img decoding=\"async\" width=\"70\" height=\"70\" src=\"https:\/\/obera.fr\/wp-content\/uploads\/2020\/08\/industrie-bois.jpg\" alt=\"Przemys&#x142; drzewny\" class=\"wp-image-672\"\/><figcaption class=\"wp-element-caption\">Obr\u00f3bka drewna<\/figcaption><\/figure>\n\n\n\n<figure class=\"wp-block-image aligncenter size-large\"><img decoding=\"async\" width=\"70\" height=\"70\" src=\"https:\/\/obera.fr\/wp-content\/uploads\/2020\/08\/industrie-textile.jpg\" alt=\"Przemys&#x142; w&#x142;&#xF3;kienniczy\" class=\"wp-image-671\"\/><figcaption class=\"wp-element-caption\">Tekstylia<\/figcaption><\/figure>\n\n\n\n<figure class=\"wp-block-image aligncenter size-large\"><img decoding=\"async\" width=\"70\" height=\"70\" src=\"https:\/\/obera.fr\/wp-content\/uploads\/2020\/08\/industrie-chimie.jpg\" alt=\"Przemys&#x142; chemiczny\" class=\"wp-image-725\"\/><figcaption class=\"wp-element-caption\">Chemikalia\/Petrochemikalia<\/figcaption><\/figure>\n\n\n\n<figure class=\"wp-block-image aligncenter size-large\"><img decoding=\"async\" width=\"70\" height=\"70\" src=\"https:\/\/obera.fr\/wp-content\/uploads\/2020\/08\/industrie-dechets.jpg\" alt=\"Odpady przemys&#x142;owe\" class=\"wp-image-726\"\/><figcaption class=\"wp-element-caption\">Zbieranie i sortowanie odpad\u00f3w<\/figcaption><\/figure>\n<\/div>\n<\/div>\n<\/div>\n<\/div>\n\n<h2 class=\"wp-block-heading\">Jakie s\u0105 funkcje Clearbox?<\/h2>\n\n<p><br\/><strong>Clearbox<\/strong> to produkowana we Francji <strong>mobilna jednostka ss\u0105ca<\/strong> z 5-letni\u0105 gwarancj\u0105 i wydajnym przep\u0142ywem 2000 m3\/h. Posiada 3 poziomy wysokowydajnej filtracji, kt\u00f3re mo\u017cna skonfigurowa\u0107 zgodnie z w\u0142asnymi potrzebami. Jest dost\u0119pny w 2 poziomach <strong>filtracji z filtrem wst\u0119pnym G4<\/strong> i filtrem nasycaj\u0105cym F9 do H14 lub w 3 poziomach z w\u0119glem aktywnym.  <\/p>\n\n<p><br\/>Co wi\u0119cej, jest dost\u0119pny w trzech wersjach: z<strong> ramieniem ss\u0105cym<\/strong>, z wlotem rurowym lub w postaci <strong>sto\u0142u ss\u0105cego<\/strong>, a tak\u017ce mo\u017ce by\u0107 dostosowany do wersji przeciwpy\u0142owej ATEX. Dzi\u0119ki wysokiej zdolno\u015bci adsorpcyjnej eliminuje maksymaln\u0105 liczb\u0119 zanieczyszcze\u0144. <\/p>\n\n<p><br\/><strong> Regularna wymiana filtr\u00f3w<\/strong> jest niezb\u0119dna do utrzymania p\u0142ynnej pracy urz\u0105dzenia. Wbudowany system pomiaru zapchania filtra wskazuje, kiedy nale\u017cy wymieni\u0107 filtry, a wymiana wk\u0142ad\u00f3w filtracyjnych jest prosta. <\/p>\n\n<p><\/p>\n\n<p>Urz\u0105dzenie jest typu <strong>Plug and Play<\/strong>, co u\u0142atwia jego instalacj\u0119. Wyposa\u017cony w k\u00f3\u0142ka i wyj\u0105tkowo kompaktow\u0105 konstrukcj\u0119, jest \u0142atwy w manewrowaniu i dostosowuje si\u0119 do ka\u017cdego \u015brodowiska pracy. <\/p>\n\n<figure class=\"wp-block-table\"><table class=\"has-fixed-layout\"><thead><tr><th class=\"has-text-align-center\" data-align=\"center\">Urz\u0105dzenie<\/th><th class=\"has-text-align-center\" data-align=\"center\"><\/th><th class=\"has-text-align-center\" data-align=\"center\">Z ramieniem<\/th><th class=\"has-text-align-center\" data-align=\"center\">Wej\u015bcie rurowe<\/th><th class=\"has-text-align-center\" data-align=\"center\">Tabela<\/th><\/tr><\/thead><tbody><tr><td class=\"has-text-align-center\" data-align=\"center\">Maksymalny przep\u0142yw<\/td><td class=\"has-text-align-center\" data-align=\"center\">m3\/h<\/td><td class=\"has-text-align-center\" data-align=\"center\">2000<\/td><td class=\"has-text-align-center\" data-align=\"center\">2500<\/td><td class=\"has-text-align-center\" data-align=\"center\">5000<\/td><\/tr><tr><td class=\"has-text-align-center\" data-align=\"center\">Regulacja przep\u0142ywu<\/td><td class=\"has-text-align-center\" data-align=\"center\">%<\/td><td class=\"has-text-align-center\" data-align=\"center\">0-100<\/td><td class=\"has-text-align-center\" data-align=\"center\">0-100<\/td><td class=\"has-text-align-center\" data-align=\"center\">0-100<\/td><\/tr><tr><td class=\"has-text-align-center\" data-align=\"center\">Zainstalowana wydajno\u015b\u0107<\/td><td class=\"has-text-align-center\" data-align=\"center\">W<\/td><td class=\"has-text-align-center\" data-align=\"center\">750<\/td><td class=\"has-text-align-center\" data-align=\"center\">750<\/td><td class=\"has-text-align-center\" data-align=\"center\">750<\/td><\/tr><tr><td class=\"has-text-align-center\" data-align=\"center\">Zasilanie<\/td><td class=\"has-text-align-center\" data-align=\"center\">V<\/td><td class=\"has-text-align-center\" data-align=\"center\">230<\/td><td class=\"has-text-align-center\" data-align=\"center\">230<\/td><td class=\"has-text-align-center\" data-align=\"center\">230<\/td><\/tr><tr><td class=\"has-text-align-center\" data-align=\"center\">Wymiary ca\u0142kowite (szer. x d\u0142. x wys.)<\/td><td class=\"has-text-align-center\" data-align=\"center\">Mm<\/td><td class=\"has-text-align-center\" data-align=\"center\">710x710x2050<\/td><td class=\"has-text-align-center\" data-align=\"center\">710x710x2050<\/td><td class=\"has-text-align-center\" data-align=\"center\">710x710x2050<\/td><\/tr><tr><td class=\"has-text-align-center\" data-align=\"center\">Waga<\/td><td class=\"has-text-align-center\" data-align=\"center\">kg<\/td><td class=\"has-text-align-center\" data-align=\"center\">70<\/td><td class=\"has-text-align-center\" data-align=\"center\">75<\/td><td class=\"has-text-align-center\" data-align=\"center\">75<\/td><\/tr><tr><td class=\"has-text-align-center\" data-align=\"center\">Poziom ha\u0142asu<\/td><td class=\"has-text-align-center\" data-align=\"center\">dB<\/td><td class=\"has-text-align-center\" data-align=\"center\">72<\/td><td class=\"has-text-align-center\" data-align=\"center\">72<\/td><td class=\"has-text-align-center\" data-align=\"center\">72<\/td><\/tr><\/tbody><\/table><\/figure>\n\n<p><\/p>\n","protected":false},"excerpt":{"rendered":"<p>Clearbox to produkowane we Francji mobilne urz\u0105dzenie odci\u0105gowe z 5-letni\u0105 gwarancj\u0105 i wysok\u0105 wydajno\u015bci\u0105 przep\u0142ywu. Zosta\u0142 specjalnie zaprojektowany do usuwania lotnych zwi\u0105zk\u00f3w organicznych (LZO), gaz\u00f3w, zapach\u00f3w, rozpuszczalnik\u00f3w, py\u0142\u00f3w i opar\u00f3w. Jednostka ta oferuje r\u00f3\u017cne poziomy filtracji, od 2 do 3 stopni, i mo\u017ce by\u0107 skonfigurowana zgodnie z konkretnymi potrzebami, gwarantuj\u0105c optymaln\u0105 wydajno\u015b\u0107 w eliminacji zanieczyszcze\u0144. Jest wyposa\u017cony w filtr wst\u0119pny G4, filtry nasycenia F9 do H14 do py\u0142u i opar\u00f3w oraz mo\u017ce zawiera\u0107 w\u0119giel aktywny do oczyszczania gaz\u00f3w i lotnych zwi\u0105zk\u00f3w organicznych. Co wi\u0119cej, jest on dost\u0119pny w trzech wersjach: z ramieniem ss\u0105cym, z wlotem rurowym lub w formie sto\u0142u &#8230; <\/p>\n<p class=\"read-more-container\"><a title=\"Clearbox\" class=\"read-more button\" href=\"https:\/\/obera.fr\/pl\/produits\/caissons-mobiles-aspiration\/clearbox\/#more-115416\" aria-label=\"Dowiedz si\u0119 wi\u0119cej o Clearbox\">Lire la suite<\/a><\/p>\n","protected":false},"author":4,"featured_media":103625,"parent":39645,"menu_order":0,"comment_status":"closed","ping_status":"closed","template":"","meta":{"_acf_changed":false,"_seopress_robots_primary_cat":"","_seopress_titles_title":"Clearbox: mobilne urz\u0105dzenie do ekstrakcji LZO","_seopress_titles_desc":"Mobilna jednostka ss\u0105ca Clearbox: wysokowydajna filtracja lotnych zwi\u0105zk\u00f3w organicznych, opar\u00f3w i zapach\u00f3w. Kompaktowy, cichy, konfigurowalny i obj\u0119ty 5-letni\u0105 gwarancj\u0105. ","_seopress_robots_index":"","footnotes":""},"class_list":{"0":"post-115416","1":"page","2":"type-page","3":"status-publish","4":"has-post-thumbnail","6":"no-featured-image-padding","7":"resize-featured-image"},"acf":[],"_links":{"self":[{"href":"https:\/\/obera.fr\/pl\/wp-json\/wp\/v2\/pages\/115416","targetHints":{"allow":["GET"]}}],"collection":[{"href":"https:\/\/obera.fr\/pl\/wp-json\/wp\/v2\/pages"}],"about":[{"href":"https:\/\/obera.fr\/pl\/wp-json\/wp\/v2\/types\/page"}],"author":[{"embeddable":true,"href":"https:\/\/obera.fr\/pl\/wp-json\/wp\/v2\/users\/4"}],"replies":[{"embeddable":true,"href":"https:\/\/obera.fr\/pl\/wp-json\/wp\/v2\/comments?post=115416"}],"version-history":[{"count":4,"href":"https:\/\/obera.fr\/pl\/wp-json\/wp\/v2\/pages\/115416\/revisions"}],"predecessor-version":[{"id":120458,"href":"https:\/\/obera.fr\/pl\/wp-json\/wp\/v2\/pages\/115416\/revisions\/120458"}],"up":[{"embeddable":true,"href":"https:\/\/obera.fr\/pl\/wp-json\/wp\/v2\/pages\/39645"}],"wp:featuredmedia":[{"embeddable":true,"href":"https:\/\/obera.fr\/pl\/wp-json\/wp\/v2\/media\/103625"}],"wp:attachment":[{"href":"https:\/\/obera.fr\/pl\/wp-json\/wp\/v2\/media?parent=115416"}],"curies":[{"name":"wp","href":"https:\/\/api.w.org\/{rel}","templated":true}]}}