{"id":37417,"date":"2024-04-01T13:32:19","date_gmt":"2024-04-01T11:32:19","guid":{"rendered":"https:\/\/obera.fr\/chlodnica-powietrza-z-filtrem-parowania-ic22\/"},"modified":"2025-12-30T12:00:15","modified_gmt":"2025-12-30T10:00:15","slug":"ic22-filtrant-par-evaporation","status":"publish","type":"page","link":"https:\/\/obera.fr\/pl\/produits\/rafraichisseurs-air\/rafraichisseurs-par-evaporation-ic\/ic22-filtrant-par-evaporation\/","title":{"rendered":"Ch\u0142odnica powietrza z filtrem parowania IC22"},"content":{"rendered":"\n<p>Ekologiczny i ekonomiczny <strong>od\u015bwie\u017cacz powietrza z filtrem ewaporacyjnym<\/strong> jest idealny do generowania ch\u0142odniejszego powietrza o oko\u0142o 10 do 20\u00b0C w miejscach pracy.<\/p>\n\n\n\n<h2 class=\"wp-block-heading\">Ch\u0142odnica powietrza z filtrem ewaporacyjnym OberA: jak to dzia\u0142a?<\/h2>\n\n\n\n<div class=\"wp-block-columns is-layout-flex wp-container-core-columns-is-layout-28f84493 wp-block-columns-is-layout-flex\">\n<div class=\"wp-block-column is-vertically-aligned-top is-layout-flow wp-block-column-is-layout-flow\" style=\"flex-basis:50%\">\n<figure class=\"wp-block-image aligncenter size-full is-resized\"><img decoding=\"async\" width=\"600\" height=\"600\" src=\"https:\/\/obera.fr\/wp-content\/uploads\/2024\/02\/ic22-carre.jpg\" alt=\"Ch\u0142odnica powietrza z filtrem parowania IC22\" class=\"wp-image-28148\" style=\"width:370px;height:auto\" srcset=\"https:\/\/obera.fr\/wp-content\/uploads\/2024\/02\/ic22-carre.jpg 600w, https:\/\/obera.fr\/wp-content\/uploads\/2024\/02\/ic22-carre-300x300.jpg 300w, https:\/\/obera.fr\/wp-content\/uploads\/2024\/02\/ic22-carre-150x150.jpg 150w\" sizes=\"(max-width: 600px) 100vw, 600px\" \/><figcaption class=\"wp-element-caption\">IC 22<\/figcaption><\/figure>\n<\/div>\n\n\n\n<div class=\"wp-block-column is-vertically-aligned-center is-layout-flow wp-block-column-is-layout-flow\" style=\"flex-basis:66.66%\">\n<p>Seria wyparnych ch\u0142odnic powietrza IC22 obejmuje panele o strukturze plastra miodu, kt\u00f3re s\u0105 stale nas\u0105czone wod\u0105. Osiowy wentylator spiralny z ty\u0142u urz\u0105dzenia zasysa gor\u0105ce powietrze i przepuszcza je przez panele ch\u0142odz\u0105ce. Gor\u0105ce powietrze paruje i och\u0142adza si\u0119 w kontakcie z wod\u0105. Zjawisko to znane jest jako <strong>&#8222;efekt ch\u0142odzenia<\/strong> &#8221; i obni\u017ca temperatur\u0119 zasysanego powietrza nawet o 20\u00b0C. Ch\u0142odniejsze, przefiltrowane powietrze jest nast\u0119pnie przepychane przez urz\u0105dzenie i rozprowadzane po ca\u0142ym obszarze roboczym. Niezb\u0119dna jest jednak wentylacja pomieszczenia, aby umo\u017cliwi\u0107 prawid\u0142ow\u0105 cyrkulacj\u0119 powietrza, odprowadzenie wilgoci i doprowadzenie nowego, ciep\u0142ego powietrza, kt\u00f3re zostanie przefiltrowane przez <strong>mobiln\u0105 ch\u0142odnic\u0119<\/strong>. Kr\u00f3tko m\u00f3wi\u0105c, im cieplejsze powietrze, tym lepsze ch\u0142odzenie.      <\/p>\n\n\n\n<p><a href=\"https:\/\/obera.fr\/pl\/produits\/rafraichisseurs-air\/rafraichisseurs-par-evaporation-ic\/\" data-type=\"page\" data-id=\"18698\">Adiabatyczna ch\u0142odnica powietrza IC jest przeznaczona do<\/a> u\u017cytku we <strong>wszystkich sektorach<\/strong> przemys\u0142u, magazynach logistycznych i rolnictwie. Mo\u017ce by\u0107 u\u017cywana do ch\u0142odzenia stanowisk pracy pracownik\u00f3w lub pomieszcze\u0144. Jest szczeg\u00f3lnie popularna w fabrykach, gara\u017cach, halach magazynowych, warsztatach, szklarniach i magazynach.  <\/p>\n\n\n\n<div class=\"wp-block-columns is-layout-flex wp-container-core-columns-is-layout-28f84493 wp-block-columns-is-layout-flex\">\n<div class=\"wp-block-column is-layout-flow wp-block-column-is-layout-flow\" style=\"flex-basis:33.33%\">\n<div class=\"wp-block-buttons is-layout-flex wp-block-buttons-is-layout-flex\">\n<div class=\"wp-block-button\"><a class=\"wp-block-button__link wp-element-button\" href=\"https:\/\/obera.fr\/wp-content\/uploads\/2025\/04\/brochure-ic-22-en.pdf\">POBIERZ BROSZUR\u0118<\/a><\/div>\n<\/div>\n<\/div>\n\n\n\n<div class=\"wp-block-column is-layout-flow wp-block-column-is-layout-flow\" style=\"flex-basis:33.34%\">\n<div class=\"wp-block-buttons is-horizontal is-content-justification-center is-layout-flex wp-container-core-buttons-is-layout-03627597 wp-block-buttons-is-layout-flex\">\n<div class=\"wp-block-button has-custom-width wp-block-button__width-100\"><a class=\"wp-block-button__link wp-element-button\" href=\"https:\/\/obera.fr\/pl\/skontaktuj-sie-z-nami\/\">Dowiedz si\u0119 wi\u0119cej<\/a><\/div>\n<\/div>\n\n\n\n<p><\/p>\n<\/div>\n\n\n\n<div class=\"wp-block-column is-layout-flow wp-block-column-is-layout-flow\" style=\"flex-basis:33.34%\">\n<div class=\"wp-block-buttons is-content-justification-center is-layout-flex wp-container-core-buttons-is-layout-a89b3969 wp-block-buttons-is-layout-flex\">\n<div class=\"wp-block-button btn-devis-source\"><a class=\"wp-block-button__link wp-element-button\" href=\"https:\/\/obera.fr\/pl\/devis\/\">Popro\u015b o wycen\u0119<\/a><\/div>\n<\/div>\n\n\n<script>\r\ndocument.addEventListener('DOMContentLoaded', function() {\r\n    \/\/ 1. On cherche le titre H1 de la page\r\n    var h1 = document.querySelector('h1');\r\n    var productTitle = h1 ? h1.innerText.trim() : \"\";\r\n\r\n    \/\/ 2. On cherche les boutons via la classe CSS .btn-devis-source\r\n    var buttons = document.querySelectorAll('.btn-devis-source a');\r\n\r\n    \/\/ 3. Si on a le titre et les boutons, on ajoute le param\u00e8tre\r\n    if (buttons.length > 0 && productTitle !== \"\") {\r\n        var encodedTitle = encodeURIComponent(productTitle);\r\n\r\n        buttons.forEach(function(btn) {\r\n            var currentHref = btn.getAttribute('href');\r\n            \r\n            \/\/ S\u00e9curit\u00e9 pour ne pas ajouter le param\u00e8tre 2 fois\r\n            if (currentHref.indexOf('sujet=') === -1) {\r\n                var separator = currentHref.indexOf('?') !== -1 ? '&' : '?';\r\n                var newLink = currentHref + separator + 'sujet=' + encodedTitle;\r\n                \r\n                btn.setAttribute('href', newLink);\r\n            }\r\n        });\r\n    }\r\n});\r\n<\/script><\/div>\n<\/div>\n<\/div>\n<\/div>\n\n\n\n<div class=\"wp-block-columns is-layout-flex wp-container-core-columns-is-layout-28f84493 wp-block-columns-is-layout-flex\">\n<div class=\"wp-block-column is-layout-flow wp-block-column-is-layout-flow\" style=\"flex-basis:25%\"><\/div>\n\n\n\n<div class=\"wp-block-column is-layout-flow wp-block-column-is-layout-flow\" style=\"flex-basis:50%\">\n<figure class=\"wp-block-embed is-type-video is-provider-youtube wp-block-embed-youtube wp-embed-aspect-16-9 wp-has-aspect-ratio\"><div class=\"wp-block-embed__wrapper\">\n<iframe title=\"Rafraichisseur d&#039;air - Gamme IC - OberA\" width=\"1200\" height=\"675\" src=\"https:\/\/www.youtube.com\/embed\/NG-Ssy2oM70?feature=oembed\" frameborder=\"0\" allow=\"accelerometer; autoplay; clipboard-write; encrypted-media; gyroscope; picture-in-picture; web-share\" referrerpolicy=\"strict-origin-when-cross-origin\" allowfullscreen><\/iframe>\n<\/div><\/figure>\n\n\n\n<p><\/p>\n<\/div>\n\n\n\n<div class=\"wp-block-column is-layout-flow wp-block-column-is-layout-flow\" style=\"flex-basis:25%\"><\/div>\n<\/div>\n\n\n\n<h2 class=\"wp-block-heading\">Jakie s\u0105 cechy ch\u0142odnicy powietrza IC22?<\/h2>\n\n\n\n<p>Mobilny od\u015bwie\u017cacz ewaporacyjny IC22 ma 3 pr\u0119dko\u015bci, aby zachowa\u0107 kontrol\u0119 nad moc\u0105 i dostosowa\u0107 si\u0119 do potrzeb zespo\u0142\u00f3w. Za pomoc\u0105 panelu sterowania mo\u017cna skonfigurowa\u0107 kierunek przep\u0142ywu powietrza w urz\u0105dzeniu, uzdatnianie wody za pomoc\u0105 jonizatora i aktywacj\u0119 przep\u0142ywu wody przez media filtracyjne. <\/p>\n\n\n\n<p>To pot\u0119\u017cne urz\u0105dzenie ma wydajno\u015b\u0107 22 000 m3\/h, wystarczaj\u0105c\u0105 do sch\u0142odzenia powierzchni do 250 m2. Zbiornik wody mo\u017ce pomie\u015bci\u0107 do 130 litr\u00f3w wody, gwarantuj\u0105c nieprzerwan\u0105 prac\u0119 na du\u017cej powierzchni. <\/p>\n\n\n\n<p>Kolejn\u0105 i nie mniej wa\u017cn\u0105 zalet\u0105 techniczn\u0105 jest to, \u017ce <strong>ch\u0142odnica powietrza zu\u017cywa bardzo ma\u0142o wody i energii elektrycznej<\/strong>. Zu\u017cycie wody wynosi od 10 do 15 litr\u00f3w na godzin\u0119. Jest to o wiele bardziej wydajne ni\u017c nawil\u017cacz powietrza lub system wentylacji do ch\u0142odzenia du\u017cych przestrzeni.  <\/p>\n\n\n\n<p>Ch\u0142odnica powietrza IC22 jest mobilna i stabilna. Wa\u017cy <strong>50 kg<\/strong> i jest wyposa\u017cona w mi\u0119kkie k\u00f3\u0142ka, dzi\u0119ki czemu mo\u017cna j\u0105 dowolnie przemieszcza\u0107. W zestawie znajduje si\u0119 pilot zdalnego sterowania.  <\/p>\n\n\n\n<blockquote class=\"wp-block-quote is-layout-flow wp-block-quote-is-layout-flow\">\n<figure class=\"wp-block-image aligncenter size-full\"><img decoding=\"async\" width=\"290\" height=\"98\" src=\"https:\/\/obera.fr\/wp-content\/uploads\/2025\/02\/green-modern-marketing-logo.png\" alt=\"zielone nowoczesne logo marketingowe\" class=\"wp-image-61494\"\/><\/figure>\n\n\n\n<p>Filtr G4: Ch\u0142odnica wyparna IC22 jest wyposa\u017cona w filtr powietrza G4 poprawiaj\u0105cy jako\u015b\u0107 powietrza. Jest to niew\u0105tpliwa zaleta dla zdrowia pracownik\u00f3w i zagwarantowania wydajno\u015bci maszyny. Wyd\u0142u\u017ca r\u00f3wnie\u017c \u017cywotno\u015b\u0107 ch\u0142odnicy, poniewa\u017c jest ona mniej zatkana brudem i kurzem.  <\/p>\n<\/blockquote>\n\n\n\n<div class=\"wp-block-columns is-layout-flex wp-container-core-columns-is-layout-28f84493 wp-block-columns-is-layout-flex\">\n<div class=\"wp-block-column is-layout-flow wp-block-column-is-layout-flow\"><\/div>\n\n\n\n<div class=\"wp-block-column is-layout-flow wp-block-column-is-layout-flow\"><\/div>\n\n\n\n<div class=\"wp-block-column is-layout-flow wp-block-column-is-layout-flow\"><\/div>\n<\/div>\n\n\n\n<h3 class=\"wp-block-heading has-text-align-center\">PRZEMYS\u0141<\/h3>\n\n\n\n<div class=\"wp-block-columns is-layout-flex wp-container-core-columns-is-layout-28f84493 wp-block-columns-is-layout-flex\">\n<div class=\"wp-block-column is-layout-flow wp-block-column-is-layout-flow\">\n<hr class=\"wp-block-separator has-alpha-channel-opacity\"\/>\n\n\n\n<div class=\"wp-block-columns is-layout-flex wp-container-core-columns-is-layout-28f84493 wp-block-columns-is-layout-flex\">\n<div class=\"wp-block-column is-layout-flow wp-block-column-is-layout-flow\">\n<figure class=\"wp-block-image aligncenter size-thumbnail is-resized\"><img decoding=\"async\" width=\"150\" height=\"150\" src=\"https:\/\/obera.fr\/wp-content\/uploads\/2022\/02\/Textile-150x150.png\" alt=\"tekstylny\" class=\"wp-image-8855\"\/><figcaption class=\"wp-element-caption\">Tekstylia<\/figcaption><\/figure>\n\n\n\n<figure class=\"wp-block-image aligncenter size-thumbnail is-resized\"><img decoding=\"async\" width=\"150\" height=\"150\" src=\"https:\/\/obera.fr\/wp-content\/uploads\/2022\/02\/Plastique-150x150.png\" alt=\"plastik\" class=\"wp-image-8854\"\/><figcaption class=\"wp-element-caption\">Tworzywo sztuczne<\/figcaption><\/figure>\n\n\n\n<figure class=\"wp-block-image aligncenter size-thumbnail is-resized\"><img decoding=\"async\" width=\"150\" height=\"150\" src=\"https:\/\/obera.fr\/wp-content\/uploads\/2023\/02\/sans-titre-2023-02-14t104609.147-150x150.png\" alt=\"Logistyka\" class=\"wp-image-18825\"\/><figcaption class=\"wp-element-caption\">Logistyka<\/figcaption><\/figure>\n<\/div>\n\n\n\n<div class=\"wp-block-column is-layout-flow wp-block-column-is-layout-flow\">\n<figure class=\"wp-block-image aligncenter size-thumbnail is-resized\"><img decoding=\"async\" width=\"150\" height=\"150\" src=\"https:\/\/obera.fr\/wp-content\/uploads\/2022\/02\/MINERAIS-150x150.png\" alt=\"rudy\" class=\"wp-image-8847\"\/><figcaption class=\"wp-element-caption\">Minera\u0142y<\/figcaption><\/figure>\n\n\n\n<figure class=\"wp-block-image aligncenter size-thumbnail is-resized\"><img decoding=\"async\" width=\"150\" height=\"150\" src=\"https:\/\/obera.fr\/wp-content\/uploads\/2022\/02\/Metalurgie-150x150.png\" alt=\"metalurgia\" class=\"wp-image-8857\"\/><figcaption class=\"wp-element-caption\">Metalurgia<\/figcaption><\/figure>\n\n\n\n<figure class=\"wp-block-image aligncenter size-thumbnail is-resized\"><img decoding=\"async\" width=\"150\" height=\"150\" src=\"https:\/\/obera.fr\/wp-content\/uploads\/2023\/02\/sans-titre-2023-02-14t102211.641-150x150.png\" alt=\"Rolnictwo\" class=\"wp-image-18828\"\/><figcaption class=\"wp-element-caption\">Rolnictwo<\/figcaption><\/figure>\n<\/div>\n<\/div>\n<\/div>\n\n\n\n<div class=\"wp-block-column is-layout-flow wp-block-column-is-layout-flow\">\n<hr class=\"wp-block-separator has-alpha-channel-opacity\"\/>\n\n\n\n<div class=\"wp-block-columns is-layout-flex wp-container-core-columns-is-layout-28f84493 wp-block-columns-is-layout-flex\">\n<div class=\"wp-block-column is-layout-flow wp-block-column-is-layout-flow\">\n<figure class=\"wp-block-image aligncenter size-thumbnail is-resized\"><img decoding=\"async\" width=\"150\" height=\"150\" src=\"https:\/\/obera.fr\/wp-content\/uploads\/2022\/02\/Chimie-150x150.png\" alt=\"chemia\" class=\"wp-image-8846\"\/><figcaption class=\"wp-element-caption\">Chemia<\/figcaption><\/figure>\n\n\n\n<figure class=\"wp-block-image aligncenter size-thumbnail is-resized\"><img decoding=\"async\" width=\"150\" height=\"150\" src=\"https:\/\/obera.fr\/wp-content\/uploads\/2022\/02\/Travail-du-bois-150x150.png\" alt=\"obr\u00f3bka drewna\" class=\"wp-image-8856\"\/><figcaption class=\"wp-element-caption\">Obr\u00f3bka drewna<\/figcaption><\/figure>\n\n\n\n<figure class=\"wp-block-image aligncenter size-thumbnail is-resized\"><img decoding=\"async\" width=\"150\" height=\"150\" src=\"https:\/\/obera.fr\/wp-content\/uploads\/2023\/02\/sans-titre-2023-02-14t101920.185-150x150.png\" alt=\"Lotnictwo\" class=\"wp-image-18831\"\/><figcaption class=\"wp-element-caption\">Lotnictwo<\/figcaption><\/figure>\n<\/div>\n\n\n\n<div class=\"wp-block-column is-layout-flow wp-block-column-is-layout-flow\">\n<figure class=\"wp-block-image aligncenter size-thumbnail is-resized\"><img decoding=\"async\" width=\"150\" height=\"150\" src=\"https:\/\/obera.fr\/wp-content\/uploads\/2022\/02\/AGROALIMENTAIRE-150x150.png\" alt=\"rolno-spo\u017cywczy\" class=\"wp-image-8844\"\/><figcaption class=\"wp-element-caption\">Przemys\u0142 spo\u017cywczy<\/figcaption><\/figure>\n\n\n\n<figure class=\"wp-block-image aligncenter size-thumbnail is-resized\"><img decoding=\"async\" width=\"150\" height=\"150\" src=\"https:\/\/obera.fr\/wp-content\/uploads\/2022\/02\/Papier-carton-150x150.png\" alt=\"papier i tektura\" class=\"wp-image-8853\"\/><figcaption class=\"wp-element-caption\">Papier\/karton<\/figcaption><\/figure>\n\n\n\n<figure class=\"wp-block-image aligncenter size-thumbnail is-resized\"><img decoding=\"async\" width=\"150\" height=\"150\" src=\"https:\/\/obera.fr\/wp-content\/uploads\/2023\/02\/sans-titre-2023-02-14t101712.416-150x150.png\" alt=\"Motoryzacja\" class=\"wp-image-18834\"\/><figcaption class=\"wp-element-caption\">Motoryzacja<\/figcaption><\/figure>\n<\/div>\n<\/div>\n<\/div>\n<\/div>\n\n\n\n<figure class=\"wp-block-table\"><table class=\"has-fixed-layout\"><tbody><tr><td>Przep\u0142yw<\/td><td>m3\/h<\/td><td>22 000<\/td><\/tr><tr><td>Liczba pr\u0119dko\u015bci<\/td><td><\/td><td>3<\/td><\/tr><tr><td>Napi\u0119cie<\/td><td>V<\/td><td>230<\/td><\/tr><tr><td>Pr\u0105d znamionowy<\/td><td>A<\/td><td>2.8<\/td><\/tr><tr><td>Moc<\/td><td>W<\/td><td>640<\/td><\/tr><tr><td>Wymiary<\/td><td>l\/L\/h (mm)<\/td><td>1120 x 640 x 1600<\/td><\/tr><tr><td>Waga<\/td><td>kg<\/td><td>50<\/td><\/tr><tr><td>Poziom ha\u0142asu<\/td><td>dB(A)<\/td><td>58\/64\/68<\/td><\/tr><tr><td>Obr\u00f3bka powierzchniowa<\/td><td>m\u00b2<\/td><td>150 \u00e0 250<\/td><\/tr><tr><td>Pojemno\u015b\u0107 zbiornika<\/td><td>L<\/td><td>130<\/td><\/tr><tr><td>Zu\u017cycie wody<\/td><td>L\/h<\/td><td>10 \u00e0 15<\/td><\/tr><\/tbody><\/table><\/figure>\n\n\n\n<div class=\"wp-block-columns is-layout-flex wp-container-core-columns-is-layout-28f84493 wp-block-columns-is-layout-flex\">\n<div class=\"wp-block-column is-layout-flow wp-block-column-is-layout-flow\">\n<div class=\"wp-block-buttons is-content-justification-center is-layout-flex wp-container-core-buttons-is-layout-a89b3969 wp-block-buttons-is-layout-flex\">\n<div class=\"wp-block-button\"><a class=\"wp-block-button__link wp-element-button\" href=\"https:\/\/obera.fr\/wp-content\/uploads\/2025\/04\/brochure-ic-22-en.pdf\">POBIERZ BROSZUR\u0118<\/a><\/div>\n<\/div>\n<\/div>\n\n\n\n<div class=\"wp-block-column is-layout-flow wp-block-column-is-layout-flow\">\n<div class=\"wp-block-buttons is-horizontal is-content-justification-center is-layout-flex wp-container-core-buttons-is-layout-03627597 wp-block-buttons-is-layout-flex\">\n<div class=\"wp-block-button has-custom-width wp-block-button__width-100\"><a class=\"wp-block-button__link wp-element-button\" href=\"https:\/\/obera.fr\/pl\/skontaktuj-sie-z-nami\/\">Dowiedz si\u0119 wi\u0119cej<\/a><\/div>\n<\/div>\n<\/div>\n<\/div>\n\n\n\n<blockquote class=\"wp-block-quote is-layout-flow wp-block-quote-is-layout-flow\">\n<p>Warto wiedzie\u0107: <strong>OberA oferuje zar\u00f3wno nowe, jak i u\u017cywane urz\u0105dzenia na sprzeda\u017c<\/strong>. Produkty u\u017cywane s\u0105 naprawiane, remontowane i odnawiane oraz obj\u0119te roczn\u0105 gwarancj\u0105. Ka\u017cdy produkt u\u017cywany ma swoj\u0105 klasyfikacj\u0119: klasa A (prawie nowy), klasa B (stan \u015bredni z niewielkimi oznakami zu\u017cycia) i klasa C (stan pogorszony, ale tylko kosmetycznie). Nasz sklep internetowy gwarantuje bezpieczne p\u0142atno\u015bci i szybk\u0105 dostaw\u0119 produkt\u00f3w.   <\/p>\n<\/blockquote>\n\n\n\n<h2 class=\"wp-block-heading\">Ch\u0142odnice wyparne: zalety modelu IC22<\/h2>\n\n\n\n<p>Konstrukcja od\u015bwie\u017cacza powietrza IC22 sprawia, \u017ce jest on szczeg\u00f3lnie <strong>wygodny dla pracownik\u00f3w<\/strong>. W znacznym stopniu przyczynia si\u0119 do ich dobrego samopoczucia, rozprowadzaj\u0105c \u015bwie\u017ce powietrze bez efektu ch\u0142odu. Dzi\u0119ki poziomowi ha\u0142asu wynosz\u0105cemu 66 dB(A), urz\u0105dzenie jest ciche bez uszczerbku dla wydajno\u015bci. A poniewa\u017c jest tak \u0142atwy w obs\u0142udze, pracownicy mog\u0105 go przenosi\u0107 w dowolne miejsce i cieszy\u0107 si\u0119 przyjemnym powietrzem.   <\/p>\n\n\n\n<p>Poziom wilgotno\u015bci generowany w powietrzu (od 5% do 10%) r\u00f3wnie\u017c pomaga chroni\u0107 sprz\u0119t. Funkcja ta jest szczeg\u00f3lnie <strong>przydatna w szklarniach lub obiektach rolniczych<\/strong> ze sprz\u0119tem i produktami wra\u017cliwymi na ciep\u0142o i suche powietrze. <\/p>\n\n\n\n<p>Pod wzgl\u0119dem inwestycyjnym ta <a href=\"https:\/\/obera.fr\/pl\/produits\/rafraichisseurs-air\/\" data-type=\"page\" data-id=\"368\">adiabatyczna ch\u0142odnica<\/a> powietrza zu\u017cywa do 80% mniej energii ni\u017c konwencjonalny klimatyzator. Opr\u00f3cz zu\u017cycia energii elektrycznej, <strong>agregat ch\u0142odniczy wykorzystuje spr\u0119\u017cark\u0119 i czynnik ch\u0142odniczy do ch\u0142odzenia otaczaj\u0105cego powietrza<\/strong>, co r\u00f3wnie\u017c jest mniej przyjazne dla \u015brodowiska. <\/p>\n\n\n\n<div class=\"wp-block-columns is-layout-flex wp-container-core-columns-is-layout-28f84493 wp-block-columns-is-layout-flex\">\n<div class=\"wp-block-column is-layout-flow wp-block-column-is-layout-flow\">\n<h3 class=\"wp-block-heading\">Zalety :<\/h3>\n\n\n\n<ul class=\"wp-block-list\">\n<li>Przyjazny dla \u015brodowiska;<\/li>\n\n\n\n<li>\u0141atwy w obs\u0142udze sprz\u0119t mobilny;<\/li>\n\n\n\n<li>Przep\u0142yw umo\u017cliwiaj\u0105cy ch\u0142odzenie pomieszcze\u0144 o powierzchni 250 m2 ;<\/li>\n\n\n\n<li>Plug &amp; Play.<\/li>\n<\/ul>\n<\/div>\n\n\n\n<div class=\"wp-block-column is-layout-flow wp-block-column-is-layout-flow\">\n<h3 class=\"wp-block-heading\">Funkcje specjalne:<\/h3>\n\n\n\n<ul class=\"wp-block-list\">\n<li>Energooszcz\u0119dno\u015b\u0107 (woda i elektryczno\u015b\u0107) ;<\/li>\n\n\n\n<li>Filtracja py\u0142u (filtr G4) ;<\/li>\n\n\n\n<li>Funkcja timera do automatycznego uruchamiania i zatrzymywania<\/li>\n\n\n\n<li>Brak instalacji rur lub kana\u0142\u00f3w wyci\u0105gowych;<\/li>\n\n\n\n<li>Brak koszt\u00f3w instalacji.<\/li>\n<\/ul>\n<\/div>\n\n\n\n<div class=\"wp-block-column is-layout-flow wp-block-column-is-layout-flow\">\n<h3 class=\"wp-block-heading\">Cechy :<\/h3>\n\n\n\n<ul class=\"wp-block-list\">\n<li>Brak efektu &#8222;zimnego trzasku&#8221;;<\/li>\n\n\n\n<li>Tryb oscylacji przep\u0142ywu powietrza ;<\/li>\n\n\n\n<li>Utrzymuje optymalny poziom wilgotno\u015bci.<\/li>\n<\/ul>\n<\/div>\n<\/div>\n\n\n\n<h2 class=\"wp-block-heading\">Przetestuj nasz\u0105 ch\u0142odnic\u0119 powietrza IC22<\/h2>\n\n\n\n<p>Oferujemy<strong> mo\u017cliwo\u015b\u0107 wypo\u017cyczenia\/przetestowania tego sprz\u0119tu na okres \u015brednio jednego miesi\u0105ca<\/strong>, z szybk\u0105 dostaw\u0105 w celu niemal natychmiastowego przetestowania go w warsztacie. Je\u015bli zdecydujesz si\u0119 zatwierdzi\u0107 rozwi\u0105zanie, nie zap\u0142acisz \u017cadnej r\u00f3\u017cnicy! Je\u015bli nie, ocenimy wydajno\u015b\u0107 sprz\u0119tu i zaproponujemy ch\u0142odnic\u0119 lepiej dopasowan\u0105 do Twoich potrzeb i specyfikacji.  <\/p>\n\n\n\n<div class=\"wp-block-buttons is-content-justification-center is-layout-flex wp-container-core-buttons-is-layout-a89b3969 wp-block-buttons-is-layout-flex\">\n<div class=\"wp-block-button\"><a class=\"wp-block-button__link wp-element-button\" href=\"https:\/\/obera.fr\/pl\/contact\/\">KONTAKT<\/a><\/div>\n<\/div>\n","protected":false},"excerpt":{"rendered":"<p>Ekologiczny i ekonomiczny od\u015bwie\u017cacz powietrza z filtrem ewaporacyjnym jest idealny do generowania ch\u0142odniejszego powietrza o oko\u0142o 10 do 20\u00b0C w miejscach pracy. Ch\u0142odnica powietrza z filtrem ewaporacyjnym OberA: jak to dzia\u0142a? Seria wyparnych ch\u0142odnic powietrza IC22 obejmuje panele o strukturze plastra miodu, kt\u00f3re s\u0105 stale nas\u0105czone wod\u0105. Osiowy wentylator spiralny z ty\u0142u urz\u0105dzenia zasysa gor\u0105ce powietrze i przepuszcza je przez panele ch\u0142odz\u0105ce. Gor\u0105ce powietrze paruje i och\u0142adza si\u0119 w kontakcie z wod\u0105. Zjawisko to znane jest jako &#8222;efekt ch\u0142odzenia &#8221; i obni\u017ca temperatur\u0119 zasysanego powietrza nawet o 20\u00b0C. Ch\u0142odniejsze, przefiltrowane powietrze jest nast\u0119pnie przepychane przez urz\u0105dzenie i rozprowadzane po ca\u0142ym &#8230; <\/p>\n<p class=\"read-more-container\"><a title=\"Ch\u0142odnica powietrza z filtrem parowania IC22\" class=\"read-more button\" href=\"https:\/\/obera.fr\/pl\/produits\/rafraichisseurs-air\/rafraichisseurs-par-evaporation-ic\/ic22-filtrant-par-evaporation\/#more-37417\" aria-label=\"Dowiedz si\u0119 wi\u0119cej o Ch\u0142odnica powietrza z filtrem parowania IC22\">Lire la suite<\/a><\/p>\n","protected":false},"author":4,"featured_media":83746,"parent":37574,"menu_order":0,"comment_status":"closed","ping_status":"closed","template":"","meta":{"_acf_changed":false,"_seopress_robots_primary_cat":"","_seopress_titles_title":"IC22, przemys\u0142owa ch\u0142odnica wyparna","_seopress_titles_desc":"Ekologiczny i ekonomiczny od\u015bwie\u017cacz powietrza z filtrem ewaporacyjnym IC22 jest idealny do generowania ch\u0142odniejszego powietrza o oko\u0142o 10 do 20\u00b0C w miejscach pracy.","_seopress_robots_index":"","footnotes":""},"class_list":{"0":"post-37417","1":"page","2":"type-page","3":"status-publish","4":"has-post-thumbnail","6":"no-featured-image-padding","7":"resize-featured-image"},"acf":[],"_links":{"self":[{"href":"https:\/\/obera.fr\/pl\/wp-json\/wp\/v2\/pages\/37417","targetHints":{"allow":["GET"]}}],"collection":[{"href":"https:\/\/obera.fr\/pl\/wp-json\/wp\/v2\/pages"}],"about":[{"href":"https:\/\/obera.fr\/pl\/wp-json\/wp\/v2\/types\/page"}],"author":[{"embeddable":true,"href":"https:\/\/obera.fr\/pl\/wp-json\/wp\/v2\/users\/4"}],"replies":[{"embeddable":true,"href":"https:\/\/obera.fr\/pl\/wp-json\/wp\/v2\/comments?post=37417"}],"version-history":[{"count":8,"href":"https:\/\/obera.fr\/pl\/wp-json\/wp\/v2\/pages\/37417\/revisions"}],"predecessor-version":[{"id":88705,"href":"https:\/\/obera.fr\/pl\/wp-json\/wp\/v2\/pages\/37417\/revisions\/88705"}],"up":[{"embeddable":true,"href":"https:\/\/obera.fr\/pl\/wp-json\/wp\/v2\/pages\/37574"}],"wp:featuredmedia":[{"embeddable":true,"href":"https:\/\/obera.fr\/pl\/wp-json\/wp\/v2\/media\/83746"}],"wp:attachment":[{"href":"https:\/\/obera.fr\/pl\/wp-json\/wp\/v2\/media?parent=37417"}],"curies":[{"name":"wp","href":"https:\/\/api.w.org\/{rel}","templated":true}]}}