{"id":38048,"date":"2020-08-26T16:20:18","date_gmt":"2020-08-26T14:20:18","guid":{"rendered":"https:\/\/obera.fr\/odkryj-obera\/"},"modified":"2025-07-21T15:03:45","modified_gmt":"2025-07-21T13:03:45","slug":"decouvrir","status":"publish","type":"page","link":"https:\/\/obera.fr\/pl\/decouvrir\/","title":{"rendered":"Odkryj OberA"},"content":{"rendered":"\n<h2 class=\"wp-block-heading\">Nasz slogan: &#8222;OberA, gwarancja jako\u015bci powietrza <mark style=\"background-color:rgba(0, 0, 0, 0)\" class=\"has-inline-color has-global-color-8-color\">w Twojej firmie <\/mark>!&#8221;.<\/h2>\n\n<p><\/p>\n\n<p>OberA z siedzib\u0105 w Alzacji jest ekspertem w dziedzinie przemys\u0142owego uzdatniania powietrza. Od projektu po produkcj\u0119 i dystrybucj\u0119, nasza obecno\u015b\u0107 rozci\u0105ga si\u0119 na ca\u0142\u0105 Francj\u0119 i Europ\u0119. Dzi\u0119ki naszym ekologicznym i ekonomicznym rozwi\u0105zaniom, dostosowanym do Twoich potrzeb, mo\u017cesz cieszy\u0107 si\u0119 zdrowym \u015brodowiskiem pracy, kt\u00f3re poprawia warunki pracy i zwi\u0119ksza produktywno\u015b\u0107 Twojej firmy.  <\/p>\n\n<div class=\"wp-block-columns is-layout-flex wp-container-core-columns-is-layout-28f84493 wp-block-columns-is-layout-flex\">\n<div class=\"wp-block-column is-layout-flow wp-block-column-is-layout-flow\" style=\"flex-basis:25%\"><\/div>\n\n\n\n<div class=\"wp-block-column is-layout-flow wp-block-column-is-layout-flow\" style=\"flex-basis:50%\">\n<p><\/p>\n\n\n\n<figure class=\"wp-block-video\"><video height=\"1080\" style=\"aspect-ratio: 1920 \/ 1080;\" width=\"1920\" autoplay=\"\" controls=\"\" loop=\"\" muted=\"\" poster=\"https:\/\/obera.fr\/wp-content\/uploads\/2025\/05\/capture-decran-2025-05-14-100342.png\" src=\"https:\/\/obera.fr\/wp-content\/uploads\/2025\/05\/made_in_france_obera_fr.mp4\"><\/video><\/figure>\n<\/div>\n\n\n\n<div class=\"wp-block-column is-layout-flow wp-block-column-is-layout-flow\" style=\"flex-basis:25%\"><\/div>\n<\/div>\n\n<p><\/p>\n\n<div class=\"wp-block-buttons is-content-justification-center is-layout-flex wp-container-core-buttons-is-layout-a89b3969 wp-block-buttons-is-layout-flex\">\n<div class=\"wp-block-button\"><a class=\"wp-block-button__link wp-element-button\" href=\"https:\/\/obera.fr\/pl\/ils-parlent-de-nous-presse-media\/\">M\u00f3wi\u0105 o nas<\/a><\/div>\n\n\n\n<div class=\"wp-block-button\"><a class=\"wp-block-button__link wp-element-button\" href=\"https:\/\/obera.fr\/pl\/decouvrir\/salons\/\">Nadchodz\u0105ce targi<\/a><\/div>\n<\/div>\n\n<h2 class=\"wp-block-heading\">Nasza misja<\/h2>\n\n<div class=\"wp-block-columns is-layout-flex wp-container-core-columns-is-layout-28f84493 wp-block-columns-is-layout-flex\">\n<div class=\"wp-block-column is-layout-flow wp-block-column-is-layout-flow\" style=\"flex-basis:66.66%\">\n<p>Jako specjalista w dziedzinie przemys\u0142owego uzdatniania powietrza, OberA gwarantuje zdrowe \u015brodowisko pracy, promuj\u0105c optymalne warunki pracy i pomagaj\u0105c zwi\u0119kszy\u0107 produktywno\u015b\u0107 firmy.<\/p>\n\n\n\n<blockquote class=\"wp-block-quote is-layout-flow wp-block-quote-is-layout-flow\">\n<p>Gwarant jako\u015bci powietrza  <\/p>\n<\/blockquote>\n<\/div>\n\n\n\n<div class=\"wp-block-column is-layout-flow wp-block-column-is-layout-flow\" style=\"flex-basis:33.33%\">\n<figure class=\"wp-block-image aligncenter size-large is-resized\"><img decoding=\"async\" width=\"1024\" height=\"1024\" src=\"https:\/\/obera.fr\/wp-content\/uploads\/2025\/05\/ic-30-entrepot-travail-1024x1024.png\" alt=\"ic 30 praca w magazynie\" class=\"wp-image-93435\" style=\"width:259px;height:auto\" srcset=\"https:\/\/obera.fr\/wp-content\/uploads\/2025\/05\/ic-30-entrepot-travail-1024x1024.png 1024w, https:\/\/obera.fr\/wp-content\/uploads\/2025\/05\/ic-30-entrepot-travail-300x300.png 300w, https:\/\/obera.fr\/wp-content\/uploads\/2025\/05\/ic-30-entrepot-travail-150x150.png 150w, https:\/\/obera.fr\/wp-content\/uploads\/2025\/05\/ic-30-entrepot-travail-768x768.png 768w, https:\/\/obera.fr\/wp-content\/uploads\/2025\/05\/ic-30-entrepot-travail.png 1200w\" sizes=\"(max-width: 1024px) 100vw, 1024px\" \/><\/figure>\n<\/div>\n<\/div>\n\n<h3 class=\"wp-block-heading\">Poprawa jako\u015bci powietrza dla lepszego zdrowia i produktywno\u015bci<\/h3>\n\n<p>W OberA wiemy, jak wa\u017cna jest praca w zdrowym \u015brodowisku. Dlatego opracowali\u015bmy skuteczne i innowacyjne rozwi\u0105zania zapewniaj\u0105ce czyste powietrze, poprawiaj\u0105ce warunki pracy i zwi\u0119kszaj\u0105ce produktywno\u015b\u0107. Nasze zindywidualizowane rozwi\u0105zania, dostosowane do konkretnych potrzeb, idealnie wpasowuj\u0105 si\u0119 w otoczenie. Ekologiczne i ekonomiczne, nasze innowacje gwarantuj\u0105 wyj\u0105tkowe rezultaty.   <\/p>\n\n<h3 class=\"wp-block-heading\">Indywidualne rozwi\u0105zania dla ka\u017cdej sytuacji<\/h3>\n\n<p>Jeste\u015bmy zaanga\u017cowani w dostarczanie niestandardowych rozwi\u0105za\u0144 dla unikalnych wyzwa\u0144, przed kt\u00f3rymi stoisz. Niezale\u017cnie od tego, czy potrzebujesz rozwi\u0105zania mobilnego, czy stacjonarnego, \u015bci\u015ble wsp\u00f3\u0142pracujemy z Tob\u0105, aby przeanalizowa\u0107 Twoje \u015brodowisko pracy, zrozumie\u0107 Twoje specyficzne potrzeby i zaprojektowa\u0107 systemy poprawy jako\u015bci powietrza, kt\u00f3re idealnie spe\u0142niaj\u0105 Twoje oczekiwania. <\/p>\n\n<h2 class=\"wp-block-heading\">Linie biznesowe OberA<\/h2>\n\n<p>Z dum\u0105 oferujemy najnowocze\u015bniejsze produkty i us\u0142ugi, kt\u00f3re pomagaj\u0105 naszym klientom rozwi\u0105zywa\u0107 problemy zwi\u0105zane z <strong>py\u0142em, zapachami, lotnymi zwi\u0105zkami organicznymi i wysok\u0105 temperatur\u0105<\/strong>, jednocze\u015bnie tworz\u0105c zdrowsze i bardziej produktywne \u015brodowisko pracy.<\/p>\n\n<p><\/p>\n\n<div class=\"wp-block-columns is-layout-flex wp-container-core-columns-is-layout-28f84493 wp-block-columns-is-layout-flex\">\n<div class=\"wp-block-column is-layout-flow wp-block-column-is-layout-flow\" style=\"flex-basis:25%\"><\/div>\n\n\n\n<div class=\"wp-block-column is-layout-flow wp-block-column-is-layout-flow\" style=\"flex-basis:50%\">\n<figure class=\"wp-block-video\"><video height=\"1080\" style=\"aspect-ratio: 1920 \/ 1080;\" width=\"1920\" autoplay=\"\" controls=\"\" loop=\"\" poster=\"https:\/\/obera.fr\/wp-content\/uploads\/2025\/05\/capture-decran-2025-05-13-093745.png\" src=\"https:\/\/obera.fr\/wp-content\/uploads\/2025\/05\/le-depoussierage-des-espaces-de-travail-1.mp4\"><\/video><\/figure>\n<\/div>\n\n\n\n<div class=\"wp-block-column is-layout-flow wp-block-column-is-layout-flow\" style=\"flex-basis:25%\"><\/div>\n<\/div>\n\n<p><\/p>\n\n<h2 class=\"wp-block-heading\">Rygorystyczna metodologia zapewniaj\u0105ca wiarygodne wyniki<\/h2>\n\n<p>W OberA stosujemy rygorystyczn\u0105 metodologi\u0119, aby zagwarantowa\u0107 naszym klientom optymalne wyniki. Przed instalacj\u0105 naszych urz\u0105dze\u0144 oferujemy przeprowadzenie <strong>diagnostyki<\/strong> <strong>zapylenia<\/strong>. Takie podej\u015bcie umo\u017cliwia nam okre\u015blenie poziomu i rodzaju py\u0142u obecnego w miejscu pracy. Po tej analizie <strong>zalecamy rozwi\u0105zanie dostosowane do<\/strong> sytuacji i <strong>oczekiwanych rezult<\/strong>at\u00f3w. Po uzgodnieniu z klientem przechodzimy do wdro\u017cenia rozwi\u0105zania. Aby sprawdzi\u0107 skuteczno\u015b\u0107 wdro\u017conego rozwi\u0105zania, p\u00f3\u017aniej przeprowadzany jest <strong>drugi pomiar<\/strong>. Je\u015bli wyniki s\u0105 zgodne z oczekiwaniami, nic nie zmieniamy. Je\u015bli rozwi\u0105zanie nie jest wystarczaj\u0105co skuteczne, dostosowujemy <strong>je ponownie<\/strong>.      <\/p>\n\n<div class=\"wp-block-columns is-layout-flex wp-container-core-columns-is-layout-28f84493 wp-block-columns-is-layout-flex\">\n<div class=\"wp-block-column is-layout-flow wp-block-column-is-layout-flow\" style=\"flex-basis:25%\"><\/div>\n\n\n\n<div class=\"wp-block-column is-layout-flow wp-block-column-is-layout-flow\" style=\"flex-basis:50%\">\n<figure class=\"wp-block-video\"><video height=\"1080\" style=\"aspect-ratio: 1920 \/ 1080;\" width=\"1920\" autoplay=\"\" controls=\"\" loop=\"\" poster=\"https:\/\/obera.fr\/wp-content\/uploads\/2025\/05\/capture-decran-2025-05-13-161820.png\" src=\"https:\/\/obera.fr\/wp-content\/uploads\/2025\/05\/mesurer-disgnostiquer.mp4\"><\/video><\/figure>\n<\/div>\n\n\n\n<div class=\"wp-block-column is-layout-flow wp-block-column-is-layout-flow\" style=\"flex-basis:25%\"><\/div>\n<\/div>\n\n<p><\/p>\n\n<p>OberA jest jedyn\u0105 firm\u0105, kt\u00f3ra oferuje tak\u0105 us\u0142ug\u0119. Aby zagwarantowa\u0107 bezpieczn\u0105 i efektywn\u0105 inwestycj\u0119, mo\u017cliwe jest przetestowanie <strong>naszego sprz\u0119tu przez okres od 1 do 3 miesi\u0119cy, co podlega odliczeniu od ceny zakupu<\/strong>. W celu u\u017cytkowania przez okre\u015blony czas lub w przypadku kr\u00f3tkoterminowych wymaga\u0144, mo\u017cna <strong>wynaj\u0105\u0107 nasz<\/strong> <strong>sprz\u0119t na okres od 12 do 63 miesi\u0119cy z opcj\u0105 zakupu<\/strong>. <\/p>\n\n<p><\/p>\n\n<div class=\"wp-block-columns is-layout-flex wp-container-core-columns-is-layout-28f84493 wp-block-columns-is-layout-flex\">\n<div class=\"wp-block-column is-layout-flow wp-block-column-is-layout-flow\" style=\"flex-basis:25%\"><\/div>\n\n\n\n<div class=\"wp-block-column is-layout-flow wp-block-column-is-layout-flow\" style=\"flex-basis:50%\">\n<figure class=\"wp-block-video\"><video height=\"1080\" style=\"aspect-ratio: 1920 \/ 1080;\" width=\"1920\" autoplay=\"\" controls=\"\" loop=\"\" poster=\"https:\/\/obera.fr\/wp-content\/uploads\/2025\/05\/capture-decran-2025-05-13-093822.png\" src=\"https:\/\/obera.fr\/wp-content\/uploads\/2025\/05\/testez-de-1-a-3-mois-deductibles-du-prix-dacquisition.mp4\"><\/video><\/figure>\n<\/div>\n\n\n\n<div class=\"wp-block-column is-layout-flow wp-block-column-is-layout-flow\" style=\"flex-basis:25%\"><\/div>\n<\/div>\n\n<p><\/p>\n\n<h2 class=\"wp-block-heading\">Nasze zaanga\u017cowanie w zadowolenie klient\u00f3w<\/h2>\n\n<p>Zadowolenie klienta jest naszym najwy\u017cszym priorytetem. Dok\u0142adamy wszelkich stara\u0144, aby zapewni\u0107 wyj\u0105tkow\u0105 obs\u0142ug\u0119 klienta na ka\u017cdym etapie. Nasz wysoko wykwalifikowany zesp\u00f3\u0142 techniczny\/SAV jest dost\u0119pny, aby odpowiedzie\u0107 na wszelkie pytania, pom\u00f3c w wyborze rozwi\u0105zania najlepiej dostosowanego do Twoich potrzeb i zapewni\u0107 ci\u0105g\u0142e wsparcie, aby zapewni\u0107 prawid\u0142owe dzia\u0142anie naszych produkt\u00f3w.  <\/p>\n\n<p>Niezale\u017cnie od tego, czy jeste\u015b firm\u0105 przemys\u0142ow\u0105 dbaj\u0105c\u0105 o zdrowie swoich pracownik\u00f3w, czy logistykiem, kt\u00f3ry chce zoptymalizowa\u0107 swoje \u015brodowisko pracy, OberA jest tutaj, aby Ci\u0119 wspiera\u0107. Odkryj nasz\u0105 wiedz\u0119, nasze najnowocze\u015bniejsze rozwi\u0105zania i nasze zaanga\u017cowanie w popraw\u0119 jako\u015bci powietrza. Razem mo\u017cemy stworzy\u0107 zdrowsze i bardziej produktywne \u015brodowisko pracy.  <\/p>\n\n<p>Skontaktuj si\u0119 z nami ju\u017c dzi\u015b, aby om\u00f3wi\u0107 swoje specyficzne wymagania i dowiedzie\u0107 si\u0119, w jaki spos\u00f3b OberA mo\u017ce poprawi\u0107 jako\u015b\u0107 powietrza w Twojej firmie.<\/p>\n\n<div class=\"wp-block-buttons is-horizontal is-content-justification-center is-layout-flex wp-container-core-buttons-is-layout-03627597 wp-block-buttons-is-layout-flex\">\n<div class=\"wp-block-button has-custom-width wp-block-button__width-100\"><a class=\"wp-block-button__link wp-element-button\" href=\"https:\/\/obera.fr\/pl\/skontaktuj-sie-z-nami\/\">Dowiedz si\u0119 wi\u0119cej<\/a><\/div>\n<\/div>\n\n<div style=\"height:30px\" aria-hidden=\"true\" class=\"wp-block-spacer\"><\/div>\n\n<p>Poznaj naszych lojalnych <a href=\"https:\/\/obera.fr\/pl\/decouvrir\/nasi-klienci\/\" data-type=\"page\" data-id=\"743\">klient\u00f3w<\/a>.<\/p>\n\n<p><\/p>\n","protected":false},"excerpt":{"rendered":"<p>Nasz slogan: &#8222;OberA, gwarancja jako\u015bci powietrza w Twojej firmie !&#8221;. OberA z siedzib\u0105 w Alzacji jest ekspertem w dziedzinie przemys\u0142owego uzdatniania powietrza. Od projektu po produkcj\u0119 i dystrybucj\u0119, nasza obecno\u015b\u0107 rozci\u0105ga si\u0119 na ca\u0142\u0105 Francj\u0119 i Europ\u0119. Dzi\u0119ki naszym ekologicznym i ekonomicznym rozwi\u0105zaniom, dostosowanym do Twoich potrzeb, mo\u017cesz cieszy\u0107 si\u0119 zdrowym \u015brodowiskiem pracy, kt\u00f3re poprawia warunki pracy i zwi\u0119ksza produktywno\u015b\u0107 Twojej firmy. Nasza misja Jako specjalista w dziedzinie przemys\u0142owego uzdatniania powietrza, OberA gwarantuje zdrowe \u015brodowisko pracy, promuj\u0105c optymalne warunki pracy i pomagaj\u0105c zwi\u0119kszy\u0107 produktywno\u015b\u0107 firmy. Gwarant jako\u015bci powietrza Poprawa jako\u015bci powietrza dla lepszego zdrowia i produktywno\u015bci W OberA wiemy, jak &#8230; <\/p>\n<p class=\"read-more-container\"><a title=\"Odkryj OberA\" class=\"read-more button\" href=\"https:\/\/obera.fr\/pl\/decouvrir\/#more-38048\" aria-label=\"Dowiedz si\u0119 wi\u0119cej o Odkryj OberA\">Lire la suite<\/a><\/p>\n","protected":false},"author":4,"featured_media":84819,"parent":0,"menu_order":0,"comment_status":"closed","ping_status":"closed","template":"","meta":{"_acf_changed":false,"_seopress_robots_primary_cat":"","_seopress_titles_title":"D\u00e9couvrir oberA : La solution compl\u00e8te pour votre entreprise.","_seopress_titles_desc":"En savoir plus sur oberA, notre mission, nos m\u00e9tiers, notre m\u00e9thodologie et nos implantations g\u00e9ographiques.","_seopress_robots_index":"","footnotes":""},"class_list":{"0":"post-38048","1":"page","2":"type-page","3":"status-publish","4":"has-post-thumbnail","6":"no-featured-image-padding","7":"resize-featured-image"},"acf":[],"_links":{"self":[{"href":"https:\/\/obera.fr\/pl\/wp-json\/wp\/v2\/pages\/38048","targetHints":{"allow":["GET"]}}],"collection":[{"href":"https:\/\/obera.fr\/pl\/wp-json\/wp\/v2\/pages"}],"about":[{"href":"https:\/\/obera.fr\/pl\/wp-json\/wp\/v2\/types\/page"}],"author":[{"embeddable":true,"href":"https:\/\/obera.fr\/pl\/wp-json\/wp\/v2\/users\/4"}],"replies":[{"embeddable":true,"href":"https:\/\/obera.fr\/pl\/wp-json\/wp\/v2\/comments?post=38048"}],"version-history":[{"count":10,"href":"https:\/\/obera.fr\/pl\/wp-json\/wp\/v2\/pages\/38048\/revisions"}],"predecessor-version":[{"id":124544,"href":"https:\/\/obera.fr\/pl\/wp-json\/wp\/v2\/pages\/38048\/revisions\/124544"}],"wp:featuredmedia":[{"embeddable":true,"href":"https:\/\/obera.fr\/pl\/wp-json\/wp\/v2\/media\/84819"}],"wp:attachment":[{"href":"https:\/\/obera.fr\/pl\/wp-json\/wp\/v2\/media?parent=38048"}],"curies":[{"name":"wp","href":"https:\/\/api.w.org\/{rel}","templated":true}]}}