{"id":38559,"date":"2022-10-15T01:42:46","date_gmt":"2022-10-14T23:42:46","guid":{"rendered":"https:\/\/obera.fr\/nasze-produkty\/ramiona-i-urzadzenia-podnoszace\/"},"modified":"2025-04-22T09:37:48","modified_gmt":"2025-04-22T07:37:48","slug":"bras-dispositifs-captation","status":"publish","type":"page","link":"https:\/\/obera.fr\/pl\/produits\/bras-dispositifs-captation\/","title":{"rendered":"Ramiona i urz\u0105dzenia podnosz\u0105ce"},"content":{"rendered":"\n<p>Nasz <strong>przemys\u0142owy sprz\u0119t do odsysania i zbierania<\/strong> obejmuje ramiona ss\u0105ce i zbieraj\u0105ce, sto\u0142y ss\u0105ce, tylne \u015bcianki ss\u0105ce oraz r\u00f3\u017cne okapy do zbierania i odsysania powietrza. Te przemys\u0142owe systemy wychwytywania powietrza umo\u017cliwiaj\u0105 skuteczne i dok\u0142adne wychwytywanie zanieczyszcze\u0144 bezpo\u015brednio u \u017ar\u00f3d\u0142a. <\/p>\n\n\n<h2 class=\"wp-block-heading\">W naszym asortymencie przemys\u0142owych urz\u0105dze\u0144 ss\u0105cych i zbieraj\u0105cych<\/h2>\n\n<div class=\"wp-block-columns is-layout-flex wp-container-core-columns-is-layout-28f84493 wp-block-columns-is-layout-flex\">\n<div class=\"wp-block-column is-layout-flow wp-block-column-is-layout-flow\">\n<h3 class=\"wp-block-heading has-text-align-center\"><br\/>Rami\u0119 laboratoryjne przemys\u0142owe<\/h3>\n\n\n\n<figure class=\"wp-block-image aligncenter size-medium is-resized\"><a href=\"https:\/\/obera.fr\/produits\/bras-dispositifs-captation\/bras-de-laboratoire\/\"><img decoding=\"async\" width=\"300\" height=\"300\" src=\"https:\/\/obera.fr\/wp-content\/uploads\/2022\/12\/bras-laboratoire-fumees-gar-odeur-600x600-1-300x300.png\" alt=\"rami&#x119; laboratoryjne dymu i zapachu 600x600 1\" class=\"wp-image-16559\" srcset=\"https:\/\/obera.fr\/wp-content\/uploads\/2022\/12\/bras-laboratoire-fumees-gar-odeur-600x600-1-300x300.png 300w, https:\/\/obera.fr\/wp-content\/uploads\/2022\/12\/bras-laboratoire-fumees-gar-odeur-600x600-1-150x150.png 150w, https:\/\/obera.fr\/wp-content\/uploads\/2022\/12\/bras-laboratoire-fumees-gar-odeur-600x600-1.png 600w\" sizes=\"(max-width: 300px) 100vw, 300px\" \/><\/a><figcaption class=\"wp-element-caption\">Ramiona laboratoryjne<\/figcaption><\/figure>\n\n\n\n<p>Nasza gama <a href=\"https:\/\/obera.fr\/pl\/produits\/bras-dispositifs-captation\/bras-de-laboratoire\/\" data-type=\"page\" data-id=\"497\">ramion laboratoryjnych<\/a> to idealne rozwi\u0105zanie do odci\u0105gania i wychwytywania dym\u00f3w i opar\u00f3w ze sta\u0142ych stanowisk pracy (sto\u0142y warsztatowe, laboratoria). S\u0105 \u0142atwe w obs\u0142udze i mo\u017cna je umie\u015bci\u0107 jak najbli\u017cej \u017ar\u00f3d\u0142a zanieczyszcze\u0144. Nasza gama ramion laboratoryjnych mo\u017ce by\u0107 dostarczona z szeregiem akcesori\u00f3w, w tym uchwytem \u015bciennym i okr\u0105g\u0142ym lub prostok\u0105tnym kapturem.  <\/p>\n\n\n\n<p>Nasze ramiona laboratoryjne s\u0105 dost\u0119pne w :<\/p>\n\n\n\n<ul class=\"wp-block-list\">\n<li>Aluminium, do wi\u0119kszo\u015bci zastosowa\u0144.<\/li>\n\n\n\n<li>Antystatyczny (ATEX), do \u015brodowisk wra\u017cliwych i zagro\u017conych wybuchem.<\/li>\n\n\n\n<li>Antykorozyjne, do \u015brodowisk korozyjnych.<\/li>\n<\/ul>\n\n\n\n<p>Przemys\u0142owe ramiona ss\u0105ce i zbieraj\u0105ce mog\u0105 by\u0107 r\u00f3wnie\u017c przystosowane do <a href=\"https:\/\/obera.fr\/pl\/produits\/atex\/\">standard\u00f3w ATEX<\/a> (jako opcja) do u\u017cytku w strefach zagro\u017conych wybuchem lub do zasysania mieszanin wybuchowych.<\/p>\n<\/div>\n\n\n\n<div class=\"wp-block-column is-layout-flow wp-block-column-is-layout-flow\">\n<h3 class=\"wp-block-heading has-text-align-center\"><br\/>Okap owalny z ramieniem wyci\u0105gu i okapy prostok\u0105tne<\/h3>\n\n\n\n<figure class=\"wp-block-image aligncenter size-medium is-resized\"><a href=\"https:\/\/obera.fr\/produits\/bras-dispositifs-captation\/bras-hotte-ovale-rectangulaire\/\"><img decoding=\"async\" width=\"300\" height=\"300\" src=\"https:\/\/obera.fr\/wp-content\/uploads\/2022\/12\/bras-laboratoire-industriel-fumees-poussieres-600x600-2-300x300.png\" alt=\"przemys&#x142;owe rami&#x119; laboratoryjne do dymu i py&#x142;u 600x600 2\" class=\"wp-image-16562\" srcset=\"https:\/\/obera.fr\/wp-content\/uploads\/2022\/12\/bras-laboratoire-industriel-fumees-poussieres-600x600-2-300x300.png 300w, https:\/\/obera.fr\/wp-content\/uploads\/2022\/12\/bras-laboratoire-industriel-fumees-poussieres-600x600-2-150x150.png 150w, https:\/\/obera.fr\/wp-content\/uploads\/2022\/12\/bras-laboratoire-industriel-fumees-poussieres-600x600-2.png 600w\" sizes=\"(max-width: 300px) 100vw, 300px\" \/><\/a><figcaption class=\"wp-element-caption\">Rami\u0119 podbieracza<\/figcaption><\/figure>\n\n\n\n<p>Nasze <strong>przemys\u0142owe ramiona ss\u0105ce i<\/strong> zbieraj\u0105ce, dost\u0119pne z <a href=\"https:\/\/obera.fr\/pl\/produits\/bras-dispositifs-captation\/bras-hotte-ovale-rectangulaire\/\" data-type=\"URL\" data-id=\"https:\/\/obera.fr\/produits\/bras-dispositifs-captation\/bras-hotte-ovale-rectangulaire\/\">owalnym lub prostok\u0105tnym kapturem<\/a>. Te przemys\u0142owe ramiona ss\u0105ce i zbieraj\u0105ce s\u0105 idealne do zbierania py\u0142u i wi\u00f3r\u00f3w, opar\u00f3w spawalniczych, opar\u00f3w, gaz\u00f3w, zapach\u00f3w i mgie\u0142 olejowych. <\/p>\n\n\n\n<p>Mo\u017cna je \u0142atwo pod\u0142\u0105czy\u0107 do sieci zbierania, <a href=\"https:\/\/obera.fr\/pl\/produits\/depoussiereurs-industriels\/mobiles\/aspiration-poussiere-dustomat-10\/\">odpylacza mobilnego<\/a>, <a href=\"https:\/\/obera.fr\/pl\/produits\/depoussiereurs-industriels\/\">odpylacza przemys\u0142owego<\/a> lub scentralizowanego systemu odsysania.<\/p>\n\n\n\n<p>Wyposa\u017cone w spr\u0119\u017cyny pneumatyczne, s\u0105 \u0142atwe w obs\u0142udze i ustawieniu jak najbli\u017cej emisji zanieczyszcze\u0144. Aby zapewni\u0107 optymalny komfort i wydajno\u015b\u0107, przemys\u0142owe ramiona ss\u0105ce i zbieraj\u0105ce s\u0105 dost\u0119pne w szerokim zakresie d\u0142ugo\u015bci i \u015brednic. <\/p>\n\n\n\n<p>Zewn\u0119trzna konstrukcja pantografu nie ogranicza przep\u0142ywu w rurze i jest niezwykle wytrzyma\u0142a i \u0142atwa w obs\u0142udze. Wersja przemys\u0142owa ramion zbieraj\u0105cych i ss\u0105cych jest dost\u0119pna w \u015brednicach od 50 do 200, z promieniami roboczymi od 1,50 do 8 metr\u00f3w. <\/p>\n\n\n\n<div style=\"height:45px\" aria-hidden=\"true\" class=\"wp-block-spacer\"><\/div>\n<\/div>\n<\/div>\n\n<div class=\"wp-block-columns is-layout-flex wp-container-core-columns-is-layout-28f84493 wp-block-columns-is-layout-flex\">\n<div class=\"wp-block-column is-layout-flow wp-block-column-is-layout-flow\">\n<h3 class=\"wp-block-heading has-text-align-center\">Przemys\u0142owe chlapacze ss\u0105ce<\/h3>\n\n\n\n<figure class=\"wp-block-image aligncenter size-medium is-resized\"><a href=\"https:\/\/obera.fr\/produits\/bras-dispositifs-captation\/dosserets-aspirants\/\"><img decoding=\"async\" width=\"300\" height=\"300\" src=\"https:\/\/obera.fr\/wp-content\/uploads\/2022\/12\/dosserets-apirants-600x600-1-300x300.png\" alt=\"oddychaj&#x105;ce chlapacze 600x600 1\" class=\"wp-image-16565\" style=\"object-fit:cover;width:150px;height:150px\" srcset=\"https:\/\/obera.fr\/wp-content\/uploads\/2022\/12\/dosserets-apirants-600x600-1-300x300.png 300w, https:\/\/obera.fr\/wp-content\/uploads\/2022\/12\/dosserets-apirants-600x600-1-150x150.png 150w, https:\/\/obera.fr\/wp-content\/uploads\/2022\/12\/dosserets-apirants-600x600-1.png 600w\" sizes=\"(max-width: 300px) 100vw, 300px\" \/><\/a><figcaption class=\"wp-element-caption\">Backsplashes  <\/figcaption><\/figure>\n\n\n\n<p>Nasza oferta <a href=\"https:\/\/obera.fr\/pl\/produits\/bras-dispositifs-captation\/dosserets-aspirants\/\" data-type=\"URL\" data-id=\"https:\/\/obera.fr\/produits\/bras-dispositifs-captation\/dosserets-aspirants\/\">przemys\u0142owych przyssawek<\/a>,<strong> <\/strong>Te tylne \u015bcianki s\u0105 bardzo skuteczne w oczyszczaniu opar\u00f3w, gaz\u00f3w, py\u0142\u00f3w lub dym\u00f3w. <\/p>\n\n\n\n<p>Do tej instalacji mo\u017cna r\u00f3wnie\u017c doda\u0107 dwa ekrany boczne, a tak\u017ce poziom\u0105 os\u0142on\u0119, aby ograniczy\u0107 operatora do jego obszaru roboczego i zwi\u0119kszy\u0107 skuteczno\u015b\u0107 zasysania i przechwytywania.<\/p>\n\n\n\n<p>Celem jest zasysanie <strong>powietrza z ty\u0142u i z przodu operatora<\/strong>, tak aby jego drogi oddechowe nie mia\u0142y kontaktu z py\u0142em lub zanieczyszczeniem, kt\u00f3re pr\u00f3bujemy wychwyci\u0107.<\/p>\n\n\n\n<p>Nasze panele ss\u0105ce s\u0105 zazwyczaj pod\u0142\u0105czane do istniej\u0105cego systemu odsysania, stacjonarnego lub mobilnego odpylacza przemys\u0142owego, przemys\u0142owego wentylatora odsysaj\u0105cego lub odkurzacza przemys\u0142owego. Czyszczenie przemys\u0142owych chlapaczy ss\u0105cych jest szybkie i \u0142atwe. S\u0105 one dost\u0119pne w wersji ze stali malowanej lub r\u00f3\u017cnych rodzaj\u00f3w stali nierdzewnej do zastosowa\u0144 przemys\u0142owych lub spo\u017cywczych.  <\/p>\n\n\n\n<div style=\"height:69px\" aria-hidden=\"true\" class=\"wp-block-spacer\"><\/div>\n<\/div>\n\n\n\n<div class=\"wp-block-column is-layout-flow wp-block-column-is-layout-flow\">\n<h3 class=\"wp-block-heading has-text-align-center\">Przemys\u0142owe sto\u0142y pr\u00f3\u017cniowe<\/h3>\n\n\n\n<figure class=\"wp-block-image aligncenter size-medium is-resized\"><a href=\"https:\/\/obera.fr\/produits\/tables-aspirantes\/table-aspirante-a-at\/\"><img decoding=\"async\" width=\"300\" height=\"300\" src=\"https:\/\/obera.fr\/wp-content\/uploads\/2022\/12\/tables-aspirantes-aat-300x300.jpg\" alt=\"sto&#x142;y ss&#x105;ce a&amp;amp;at\" class=\"wp-image-16617\" style=\"object-fit:cover;width:150px;height:150px\" srcset=\"https:\/\/obera.fr\/wp-content\/uploads\/2022\/12\/tables-aspirantes-aat-300x300.jpg 300w, https:\/\/obera.fr\/wp-content\/uploads\/2022\/12\/tables-aspirantes-aat-150x150.jpg 150w, https:\/\/obera.fr\/wp-content\/uploads\/2022\/12\/tables-aspirantes-aat.jpg 600w\" sizes=\"(max-width: 300px) 100vw, 300px\" \/><\/a><figcaption class=\"wp-element-caption\">Sto\u0142y ss\u0105ce<\/figcaption><\/figure>\n\n\n\n<p>Nasza gama <a href=\"https:\/\/obera.fr\/pl\/produits\/stoly-ssace\/\" data-type=\"URL\" data-id=\"https:\/\/obera.fr\/produits\/bras-dispositifs-captation\/tables-aspirantes\/\">przemys\u0142owych sto\u0142\u00f3w pr\u00f3\u017cniowych<\/a> zosta\u0142a specjalnie zaprojektowana do skutecznego odsysania py\u0142u szlifierskiego, opar\u00f3w spawalniczych, a tak\u017ce opar\u00f3w, rozpuszczalnik\u00f3w i lotnych zwi\u0105zk\u00f3w organicznych z operacji klejenia lub lakierowania. Jest to idealne rozwi\u0105zanie zapewniaj\u0105ce bezpieczne i zdrowe miejsce pracy dla operatora.   <\/p>\n\n\n\n<p>Nasze przemys\u0142owe <strong>sto\u0142y podci\u015bnieniowe<\/strong> mo\u017cna pod\u0142\u0105czy\u0107 do wentylatora, odpylacza lub mobilnego odkurzacza, a tak\u017ce do scentralizowanego przemys\u0142owego systemu podci\u015bnieniowego. Nasze sto\u0142y przemys\u0142owe mo\u017cna wybra\u0107 z oparciem ss\u0105cym i wysuwanymi panelami bocznymi. Ich solidna, przemys\u0142owa konstrukcja sprawia, \u017ce s\u0105 one wysoce odporne na uderzenia, co oznacza, \u017ce mo\u017cna je r\u00f3wnie\u017c wyposa\u017cy\u0107 w imad\u0142o przemys\u0142owe lub st\u00f3\u0142 obrotowy. Blat mo\u017cna wybra\u0107 spo\u015br\u00f3d krat przemys\u0142owych, drewnianych listew lub w\u0142\u00f3kien syntetycznych. Sto\u0142y s\u0105 wyposa\u017cone w szuflad\u0119 do zbierania grubego py\u0142u przemys\u0142owego, aby zapobiec jego zasysaniu przez system pr\u00f3\u017cniowy.    <\/p>\n\n\n\n<div style=\"height:45px\" aria-hidden=\"true\" class=\"wp-block-spacer\"><\/div>\n<\/div>\n<\/div>\n\n<div class=\"wp-block-columns is-layout-flex wp-container-core-columns-is-layout-28f84493 wp-block-columns-is-layout-flex\">\n<div class=\"wp-block-column is-layout-flow wp-block-column-is-layout-flow\">\n<h3 class=\"wp-block-heading has-text-align-center\">Prostok\u0105tne wyci\u0105gi przemys\u0142owe<\/h3>\n\n\n\n<figure class=\"wp-block-image aligncenter size-full is-resized\"><a href=\"https:\/\/obera.fr\/produits\/bras-dispositifs-captation\/hotte-rectangulaire\/\"><img decoding=\"async\" width=\"1280\" height=\"1280\" src=\"https:\/\/obera.fr\/wp-content\/uploads\/2024\/06\/hotte-de-captation-rectangulaire-industrielle-600x600-1.png\" alt=\"dygestorium przemys&#x142;owe prostok&#x105;tne 600x600 1\" class=\"wp-image-31483\" style=\"object-fit:cover;width:182px;height:auto\" srcset=\"https:\/\/obera.fr\/wp-content\/uploads\/2024\/06\/hotte-de-captation-rectangulaire-industrielle-600x600-1.png 1280w, https:\/\/obera.fr\/wp-content\/uploads\/2024\/06\/hotte-de-captation-rectangulaire-industrielle-600x600-1-300x300.png 300w, https:\/\/obera.fr\/wp-content\/uploads\/2024\/06\/hotte-de-captation-rectangulaire-industrielle-600x600-1-1024x1024.png 1024w, https:\/\/obera.fr\/wp-content\/uploads\/2024\/06\/hotte-de-captation-rectangulaire-industrielle-600x600-1-150x150.png 150w, https:\/\/obera.fr\/wp-content\/uploads\/2024\/06\/hotte-de-captation-rectangulaire-industrielle-600x600-1-768x768.png 768w\" sizes=\"(max-width: 1280px) 100vw, 1280px\" \/><\/a><figcaption class=\"wp-element-caption\">Prostok\u0105tny okap wyci\u0105gowy  <\/figcaption><\/figure>\n\n\n\n<p>Nasza gama <a href=\"https:\/\/obera.fr\/pl\/produits\/bras-dispositifs-captation\/hotte-rectangulaire\/\" data-type=\"URL\" data-id=\"https:\/\/obera.fr\/produits\/bras-dispositifs-captation\/hotte-rectangulaire\/\">przemys\u0142owych prostok\u0105tnych okap\u00f3w<\/a> jest idealna do wychwytywania dymu, py\u0142u i innych zanieczyszcze\u0144 gazowych bezpo\u015brednio u \u017ar\u00f3d\u0142a.  <\/p>\n\n\n\n<p>Te <strong>okapy przemys\u0142owe<\/strong> s\u0105 dost\u0119pne w dw\u00f3ch rozmiarach (500&#215;500 i 600&#215;600).  <\/p>\n\n\n\n<p>Idealnie pasuj\u0105 do naszych przemys\u0142owych ramion ss\u0105cych i zbieraj\u0105cych lub mog\u0105 by\u0107 montowane niezale\u017cnie do stacji roboczej.<\/p>\n<\/div>\n\n\n\n<div class=\"wp-block-column is-layout-flow wp-block-column-is-layout-flow\">\n<h3 class=\"wp-block-heading has-text-align-center\"><br\/>Modu\u0142owe wyci\u0105gi przemys\u0142owe<\/h3>\n\n\n\n<figure class=\"wp-block-image aligncenter size-full is-resized\"><a href=\"https:\/\/obera.fr\/de\/produits\/bras-dispositifs-captation\/hotte-modulaire\/\"><img decoding=\"async\" width=\"1200\" height=\"1200\" src=\"https:\/\/obera.fr\/wp-content\/uploads\/2024\/12\/1.jpg\" alt=\"Okap modu&#x142;owy\" class=\"wp-image-56959\" style=\"object-fit:cover;width:150px;height:150px\" srcset=\"https:\/\/obera.fr\/wp-content\/uploads\/2024\/12\/1.jpg 1200w, https:\/\/obera.fr\/wp-content\/uploads\/2024\/12\/1-300x300.jpg 300w, https:\/\/obera.fr\/wp-content\/uploads\/2024\/12\/1-1024x1024.jpg 1024w, https:\/\/obera.fr\/wp-content\/uploads\/2024\/12\/1-150x150.jpg 150w, https:\/\/obera.fr\/wp-content\/uploads\/2024\/12\/1-768x768.jpg 768w, https:\/\/obera.fr\/wp-content\/uploads\/2024\/12\/1-400x400.jpg 400w, https:\/\/obera.fr\/wp-content\/uploads\/2024\/12\/1-600x600.jpg 600w\" sizes=\"(max-width: 1200px) 100vw, 1200px\" \/><\/a><figcaption class=\"wp-element-caption\">Modu\u0142owy kaptur przechwytuj\u0105cy<\/figcaption><\/figure>\n\n\n\n<p>Nasza oferta modu\u0142owych przemys\u0142owych <a href=\"https:\/\/obera.fr\/pl\/produits\/bras-dispositifs-captation\/hotte-modulaire\/\" data-type=\"URL\" data-id=\"https:\/\/obera.fr\/produits\/bras-dispositifs-captation\/hotte-modulaire\/\">okap\u00f3w odci\u0105gowych<\/a> jest dost\u0119pna w szerokim zakresie rozmiar\u00f3w (od 950 mm x 950 mm do 3 950 mm x 1 950 mm), z nat\u0119\u017ceniem przep\u0142ywu ssania od 1 000 m3\/h do 20 000 m3\/h. Szeroki zakres dost\u0119pnych rozmiar\u00f3w u\u0142atwia ograniczenie, zamkni\u0119cie lub os\u0142oni\u0119cie maszyny, stanowiska roboczego lub przemys\u0142owego robota spawalniczego.   <\/p>\n\n\n\n<p>Te <strong>modu\u0142owe okapy przemys\u0142owe<\/strong> mo\u017cna dostosowa\u0107 do wi\u0119kszo\u015bci konfiguracji w celu optymalnego odsysania i wychwytywania opar\u00f3w i py\u0142\u00f3w. Nasze okapy s\u0105 idealnym rozwi\u0105zaniem do wychwytywania i odci\u0105gania wszelkiego rodzaju zanieczyszcze\u0144 gazowych, py\u0142\u00f3w i opar\u00f3w przemys\u0142owych. Mo\u017cna je \u0142atwo ustawi\u0107 jak najbli\u017cej miejsca emisji zanieczyszcze\u0144. Stopy podporowe i klapy przeciwb\u0142otne (opcjonalne) mog\u0105 by\u0107 r\u00f3wnie\u017c dodane w celu zmniejszenia otwartych powierzchni i wymuszenia pr\u0119dko\u015bci ssania w po\u017c\u0105danych obszarach.     <\/p>\n\n\n\n<p>W sektorze metalurgicznym nasze modu\u0142owe wyci\u0105gi mog\u0105 by\u0107 wyposa\u017cone we wst\u0119pny separator cz\u0105stek \u017carowych.<\/p>\n\n\n\n<div style=\"height:45px\" aria-hidden=\"true\" class=\"wp-block-spacer\"><\/div>\n<\/div>\n<\/div>\n\n<div class=\"wp-block-columns is-layout-flex wp-container-core-columns-is-layout-28f84493 wp-block-columns-is-layout-flex\">\n<div class=\"wp-block-column is-layout-flow wp-block-column-is-layout-flow\">\n<h3 class=\"wp-block-heading has-text-align-center\"><br\/>PRZEMYS\u0141OWE MASKI SS\u0104CE I POKRYWY ZBIERAJ\u0104CE<\/h3>\n\n\n\n<figure class=\"wp-block-image aligncenter size-medium is-resized\"><a href=\"https:\/\/obera.fr\/produits\/bras-dispositifs-captation\/capot-industriel\/\"><img decoding=\"async\" width=\"300\" height=\"300\" src=\"https:\/\/obera.fr\/wp-content\/uploads\/2022\/12\/capot-daspiration-et-de-captation-600x600-1-300x300.png\" alt=\"pokrywa ss&#x105;ca i zbieraj&#x105;ca 600x600 1\" class=\"wp-image-16550\" style=\"width:150px\" srcset=\"https:\/\/obera.fr\/wp-content\/uploads\/2022\/12\/capot-daspiration-et-de-captation-600x600-1-300x300.png 300w, https:\/\/obera.fr\/wp-content\/uploads\/2022\/12\/capot-daspiration-et-de-captation-600x600-1-150x150.png 150w, https:\/\/obera.fr\/wp-content\/uploads\/2022\/12\/capot-daspiration-et-de-captation-600x600-1.png 600w\" sizes=\"(max-width: 300px) 100vw, 300px\" \/><\/a><figcaption class=\"wp-element-caption\">Pokrywa ss\u0105ca i zbieraj\u0105ca<\/figcaption><\/figure>\n\n\n\n<p>Nasza gama <a href=\"https:\/\/obera.fr\/pl\/produits\/bras-dispositifs-captation\/capot-industriel\/\" data-type=\"URL\" data-id=\"https:\/\/obera.fr\/produits\/bras-dispositifs-captation\/capot-industriel\/\">przemys\u0142owych masek ss\u0105cych i zbieraj\u0105cych<\/a> to idealne rozwi\u0105zanie do wyposa\u017cenia stanowisk pracy lub maszyn przemys\u0142owych w wydajne, precyzyjne odsysanie.<\/p>\n\n\n\n<p>Dost\u0119pne w r\u00f3\u017cnych rozmiarach i kszta\u0142tach, nasze <strong>przemys\u0142owe maski ss\u0105ce i zbieraj\u0105ce<\/strong> idealnie dopasuj\u0105 si\u0119 do Twoich problem\u00f3w z oparami, py\u0142em, wi\u00f3rami i innymi zanieczyszczeniami gazowymi.<\/p>\n\n\n\n<p>Nasz asortyment przemys\u0142owych pier\u015bcieni przechwytuj\u0105cych mo\u017cna dostosowa\u0107 do r\u00f3\u017cnych konfiguracji przechwytywania.<\/p>\n<\/div>\n\n\n\n<div class=\"wp-block-column is-layout-flow wp-block-column-is-layout-flow\">\n<h3 class=\"wp-block-heading has-text-align-center\"><br\/>pier\u015bcienie przechwytuj\u0105ce<\/h3>\n\n\n\n<p><\/p>\n\n\n\n<figure class=\"wp-block-image aligncenter size-medium is-resized\"><a href=\"https:\/\/obera.fr\/produits\/bras-dispositifs-captation\/anneaux-de-pouyes\/\"><img decoding=\"async\" width=\"300\" height=\"300\" src=\"https:\/\/obera.fr\/wp-content\/uploads\/2022\/12\/anneaux-de-pouyes-600x600-1-300x300.png\" alt=\"pier&#x15B;cienie zbiornika 600x600 1\" class=\"wp-image-16553\" style=\"width:124px;height:auto\" srcset=\"https:\/\/obera.fr\/wp-content\/uploads\/2022\/12\/anneaux-de-pouyes-600x600-1-300x300.png 300w, https:\/\/obera.fr\/wp-content\/uploads\/2022\/12\/anneaux-de-pouyes-600x600-1-150x150.png 150w, https:\/\/obera.fr\/wp-content\/uploads\/2022\/12\/anneaux-de-pouyes-600x600-1.png 600w\" sizes=\"(max-width: 300px) 100vw, 300px\" \/><\/a><figcaption class=\"wp-element-caption\">Pier\u015bcienie ko\u0142a pasowego z wychwytem pier\u015bcieniowym<\/figcaption><\/figure>\n\n\n\n<p><a href=\"https:\/\/obera.fr\/pl\/produits\/bras-dispositifs-captation\/anneaux-de-pouyes\/\" data-type=\"page\" data-id=\"14477\">Pier\u015bcienie leja zasypowego OberA<\/a> s\u0105 przeznaczone do wychwytywania zanieczyszcze\u0144 zwi\u0105zanych z za\u0142adunkiem\/roz\u0142adunkiem proszk\u00f3w lub drobnych py\u0142\u00f3w bezpo\u015brednio u \u017ar\u00f3d\u0142a. Ich konstrukcja sprawia, \u017ce s\u0105 \u0142atwe do czyszczenia. <\/p>\n<\/div>\n<\/div>\n\n<p><\/p>\n\n<h2 class=\"wp-block-heading\">Kt\u00f3re sektory przemys\u0142u korzystaj\u0105 z naszych urz\u0105dze\u0144?<\/h2>\n\n<p>Nasz przemys\u0142owy sprz\u0119t ss\u0105cy i zbieraj\u0105cy mo\u017ce by\u0107 wykorzystywany w <strong>wielu bran\u017cach<\/strong>, w tym :<\/p>\n\n<div class=\"wp-block-columns is-layout-flex wp-container-core-columns-is-layout-28f84493 wp-block-columns-is-layout-flex\">\n<div class=\"wp-block-column is-layout-flow wp-block-column-is-layout-flow\">\n<ul class=\"wp-block-list\">\n<li>Przemys\u0142 chemiczny<\/li>\n\n\n\n<li>Przemys\u0142 spo\u017cywczy<\/li>\n\n\n\n<li>Przemys\u0142 farmaceutyczny<\/li>\n<\/ul>\n<\/div>\n\n\n\n<div class=\"wp-block-column is-layout-flow wp-block-column-is-layout-flow\">\n<ul class=\"wp-block-list\">\n<li>Przemys\u0142 metalurgiczny<\/li>\n\n\n\n<li>Przemys\u0142 tworzyw sztucznych<\/li>\n\n\n\n<li>Przemys\u0142 drzewny<\/li>\n<\/ul>\n<\/div>\n\n\n\n<div class=\"wp-block-column is-layout-flow wp-block-column-is-layout-flow\">\n<ul class=\"wp-block-list\">\n<li>Przemys\u0142 elektroniczny<\/li>\n\n\n\n<li>itd.<\/li>\n<\/ul>\n<\/div>\n<\/div>\n\n<p><\/p>\n\n<h2 class=\"wp-block-heading\">Dlaczego warto wybra\u0107 system odci\u0105gania i przechwytywania u \u017ar\u00f3d\u0142a zamiast oczyszczania lub oczyszczania powietrza w pomieszczeniu?<\/h2>\n\n<p><br\/>Zaleca si\u0119 stosowanie odci\u0105gu i wychwytywania u \u017ar\u00f3d\u0142a, gdy tylko jest to mo\u017cliwe. Zapobiega to rozprzestrzenianiu si\u0119 zanieczyszcze\u0144 w przestrzeni roboczej, chroni\u0105c w ten spos\u00f3b pracownik\u00f3w w jak najwi\u0119kszym stopniu. Gdy nie jest mo\u017cliwe wychwytywanie zanieczyszcze\u0144 lub py\u0142u u \u017ar\u00f3d\u0142a lub gdy wiele \u017ar\u00f3de\u0142 py\u0142u uniemo\u017cliwia wychwytywanie u \u017ar\u00f3d\u0142a, zaleca si\u0119 wyb\u00f3r rozwi\u0105zania do oczyszczania powietrza otoczenia.    <\/p>\n\n<p>Ponadto, w niekt\u00f3rych przypadkach, oczyszczanie powietrza skutecznie uzupe\u0142nia istniej\u0105ce systemy wychwytywania i odci\u0105gania zanieczyszcze\u0144 w celu znacznego zmniejszenia st\u0119\u017cenia zanieczyszcze\u0144 na stanowisku pracy, szczeg\u00f3lnie w przypadku py\u0142\u00f3w lub zanieczyszcze\u0144 gazowych sklasyfikowanych jako CMR.<\/p>\n\n<h2 class=\"wp-block-heading\">Jak wybra\u0107 odpowiedni przemys\u0142owy system ss\u0105cy i zbieraj\u0105cy?<\/h2>\n\n<p>Istotne jest, aby <strong>starannie wybra\u0107 przemys\u0142owy system odci\u0105gania i wychwytywania<\/strong>, poniewa\u017c mo\u017ce to prowadzi\u0107 do spadku wydajno\u015bci oczyszczania powietrza. Je\u015bli przeprowadzasz badania samodzielnie, pami\u0119taj, aby dowiedzie\u0107 si\u0119 o r\u00f3\u017cnych aspektach z tym zwi\u0105zanych: <\/p>\n\n<ul class=\"wp-block-list\">\n<li>Pr\u0119dko\u015bci wychwytywania wymagane do skutecznego wychwytywania py\u0142u i zanieczyszcze\u0144,<\/li>\n\n\n\n<li>Odleg\u0142o\u015b\u0107 mi\u0119dzy \u017ar\u00f3d\u0142em zanieczyszcze\u0144 a wybranym urz\u0105dzeniem wychwytuj\u0105cym,<\/li>\n\n\n\n<li><a href=\"https:\/\/obera.fr\/pl\/conseils\/comment-calculer-debit-air-systeme-aspiration\/\">Wymagany przep\u0142yw ssania<\/a>,<\/li>\n\n\n\n<li>Utrata g\u0142owicy urz\u0105dzenia zbieraj\u0105cego,<\/li>\n\n\n\n<li>Ci\u015bnienie i przep\u0142yw powietrza dost\u0119pne z odpylacza lub istniej\u0105cego systemu odsysania.<\/li>\n<\/ul>\n\n<p>Skontaktuj si\u0119 z naszymi ekspertami, kt\u00f3rzy pomog\u0105 Ci rozwi\u0105za\u0107 Twoje problemy i zaoferuj\u0105 odpowiedni produkt.<\/p>\n\n<div class=\"wp-block-buttons is-horizontal is-content-justification-center is-layout-flex wp-container-core-buttons-is-layout-03627597 wp-block-buttons-is-layout-flex\">\n<div class=\"wp-block-button has-custom-width wp-block-button__width-100\"><a class=\"wp-block-button__link wp-element-button\" href=\"https:\/\/obera.fr\/pl\/skontaktuj-sie-z-nami\/\">Dowiedz si\u0119 wi\u0119cej<\/a><\/div>\n<\/div>\n","protected":false},"excerpt":{"rendered":"<p>Nasz przemys\u0142owy sprz\u0119t do odsysania i zbierania obejmuje ramiona ss\u0105ce i zbieraj\u0105ce, sto\u0142y ss\u0105ce, tylne \u015bcianki ss\u0105ce oraz r\u00f3\u017cne okapy do zbierania i odsysania powietrza. Te przemys\u0142owe systemy wychwytywania powietrza umo\u017cliwiaj\u0105 skuteczne i dok\u0142adne wychwytywanie zanieczyszcze\u0144 bezpo\u015brednio u \u017ar\u00f3d\u0142a. W naszym asortymencie przemys\u0142owych urz\u0105dze\u0144 ss\u0105cych i zbieraj\u0105cych Rami\u0119 laboratoryjne przemys\u0142owe Nasza gama ramion laboratoryjnych to idealne rozwi\u0105zanie do odci\u0105gania i wychwytywania dym\u00f3w i opar\u00f3w ze sta\u0142ych stanowisk pracy (sto\u0142y warsztatowe, laboratoria). S\u0105 \u0142atwe w obs\u0142udze i mo\u017cna je umie\u015bci\u0107 jak najbli\u017cej \u017ar\u00f3d\u0142a zanieczyszcze\u0144. Nasza gama ramion laboratoryjnych mo\u017ce by\u0107 dostarczona z szeregiem akcesori\u00f3w, w tym uchwytem \u015bciennym i okr\u0105g\u0142ym lub &#8230; <\/p>\n<p class=\"read-more-container\"><a title=\"Ramiona i urz\u0105dzenia podnosz\u0105ce\" class=\"read-more button\" href=\"https:\/\/obera.fr\/pl\/produits\/bras-dispositifs-captation\/#more-38559\" aria-label=\"Dowiedz si\u0119 wi\u0119cej o Ramiona i urz\u0105dzenia podnosz\u0105ce\">Lire la suite<\/a><\/p>\n","protected":false},"author":4,"featured_media":83746,"parent":38133,"menu_order":0,"comment_status":"closed","ping_status":"closed","template":"","meta":{"_acf_changed":false,"_seopress_robots_primary_cat":"","_seopress_titles_title":"Bras et dispositifs de captation: tables, dosserets, hottes aspirantes","_seopress_titles_desc":"Notre gamme est compos\u00e9e de bras d\u2019aspiration et captation, de tables aspirantes, de dosserets aspirants et d'hottes de captation et d\u2019extraction d\u2019air.","_seopress_robots_index":"","footnotes":""},"class_list":{"0":"post-38559","1":"page","2":"type-page","3":"status-publish","4":"has-post-thumbnail","6":"no-featured-image-padding","7":"resize-featured-image"},"acf":[],"_links":{"self":[{"href":"https:\/\/obera.fr\/pl\/wp-json\/wp\/v2\/pages\/38559","targetHints":{"allow":["GET"]}}],"collection":[{"href":"https:\/\/obera.fr\/pl\/wp-json\/wp\/v2\/pages"}],"about":[{"href":"https:\/\/obera.fr\/pl\/wp-json\/wp\/v2\/types\/page"}],"author":[{"embeddable":true,"href":"https:\/\/obera.fr\/pl\/wp-json\/wp\/v2\/users\/4"}],"replies":[{"embeddable":true,"href":"https:\/\/obera.fr\/pl\/wp-json\/wp\/v2\/comments?post=38559"}],"version-history":[{"count":3,"href":"https:\/\/obera.fr\/pl\/wp-json\/wp\/v2\/pages\/38559\/revisions"}],"predecessor-version":[{"id":70926,"href":"https:\/\/obera.fr\/pl\/wp-json\/wp\/v2\/pages\/38559\/revisions\/70926"}],"up":[{"embeddable":true,"href":"https:\/\/obera.fr\/pl\/wp-json\/wp\/v2\/pages\/38133"}],"wp:featuredmedia":[{"embeddable":true,"href":"https:\/\/obera.fr\/pl\/wp-json\/wp\/v2\/media\/83746"}],"wp:attachment":[{"href":"https:\/\/obera.fr\/pl\/wp-json\/wp\/v2\/media?parent=38559"}],"curies":[{"name":"wp","href":"https:\/\/api.w.org\/{rel}","templated":true}]}}