{"id":38945,"date":"2020-08-26T12:56:16","date_gmt":"2020-08-26T10:56:16","guid":{"rendered":"https:\/\/obera.fr\/nasze-produkty\/ramiona-i-urzadzenia-podnoszace\/przyssawki-tylne\/"},"modified":"2025-06-17T14:03:25","modified_gmt":"2025-06-17T12:03:25","slug":"dosserets-aspirants","status":"publish","type":"page","link":"https:\/\/obera.fr\/pl\/produits\/bras-dispositifs-captation\/dosserets-aspirants\/","title":{"rendered":"Przyssawki tylne"},"content":{"rendered":"\n<h2 class=\"wp-block-heading\">Nasz asortyment przyssawek OBDOS<\/h2>\n\n<div class=\"wp-block-columns is-layout-flex wp-container-core-columns-is-layout-28f84493 wp-block-columns-is-layout-flex\">\n<div class=\"wp-block-column is-layout-flow wp-block-column-is-layout-flow\" style=\"flex-basis:33.33%\">\n<figure class=\"wp-block-image aligncenter size-full is-resized\"><img decoding=\"async\" width=\"577\" height=\"433\" src=\"https:\/\/obera.fr\/wp-content\/uploads\/2024\/02\/dosserets-obera.png\" alt=\"Obera splashbacks\" class=\"wp-image-28190\" srcset=\"https:\/\/obera.fr\/wp-content\/uploads\/2024\/02\/dosserets-obera.png 577w, https:\/\/obera.fr\/wp-content\/uploads\/2024\/02\/dosserets-obera-300x225.png 300w\" sizes=\"(max-width: 577px) 100vw, 577px\" \/><figcaption class=\"wp-element-caption\">Ss\u0105cy backsplash<\/figcaption><\/figure>\n<\/div>\n\n\n\n<div class=\"wp-block-column is-layout-flow wp-block-column-is-layout-flow\" style=\"flex-basis:66.66%\">\n<p><strong>Tylne \u015bcianki ss\u0105ce<\/strong> to &#8222;\u015bciany&#8221; ze szczelinami, kt\u00f3re <a href=\"https:\/\/obera.fr\/pl\/produits\/bras-dispositifs-captation\/\" data-type=\"page\" data-id=\"364\">zasysaj\u0105 zanieczyszczenia<\/a> wytwarzane przez operatora bezpo\u015brednio przed nim, niezale\u017cnie od tego, czy s\u0105 to opary, gazy, py\u0142y czy dymy. Oznacza to, \u017ce operator jest bezpieczny i mo\u017ce pracowa\u0107 bez wdychania r\u00f3\u017cnych zanieczyszcze\u0144 emitowanych podczas pracy. <\/p>\n\n\n\n<p>Do tej instalacji mo\u017cna r\u00f3wnie\u017c doda\u0107 dwa ekrany boczne, a tak\u017ce poziom\u0105 os\u0142on\u0119, aby ograniczy\u0107 operatora i jego przestrze\u0144 robocz\u0105, a tym samym zwi\u0119kszy\u0107 skuteczno\u015b\u0107 zasysania.<\/p>\n\n\n\n<hr class=\"wp-block-separator has-text-color has-black-color has-css-opacity has-black-background-color has-background is-style-dots\"\/>\n\n\n\n<div class=\"wp-block-columns is-layout-flex wp-container-core-columns-is-layout-28f84493 wp-block-columns-is-layout-flex\">\n<div class=\"wp-block-column is-layout-flow wp-block-column-is-layout-flow\" style=\"flex-basis:33.33%\">\n<div class=\"wp-block-buttons is-layout-flex wp-block-buttons-is-layout-flex\">\n<div class=\"wp-block-button\"><a class=\"wp-block-button__link wp-element-button\" href=\"https:\/\/obera.fr\/wp-content\/uploads\/2025\/06\/brochure-dosseret-aspirant-industriel.pdf\">POBIERZ BROSZUR\u0118<\/a><\/div>\n<\/div>\n<\/div>\n\n\n\n<div class=\"wp-block-column is-layout-flow wp-block-column-is-layout-flow\" style=\"flex-basis:33.34%\">\n<div class=\"wp-block-buttons is-horizontal is-content-justification-center is-layout-flex wp-container-core-buttons-is-layout-03627597 wp-block-buttons-is-layout-flex\">\n<div class=\"wp-block-button has-custom-width wp-block-button__width-100\"><a class=\"wp-block-button__link wp-element-button\" href=\"https:\/\/obera.fr\/pl\/skontaktuj-sie-z-nami\/\">Dowiedz si\u0119 wi\u0119cej<\/a><\/div>\n<\/div>\n<\/div>\n\n\n\n<div class=\"wp-block-column is-layout-flow wp-block-column-is-layout-flow\" style=\"flex-basis:33.34%\">\n<div class=\"wp-block-buttons is-content-justification-center is-layout-flex wp-container-core-buttons-is-layout-a89b3969 wp-block-buttons-is-layout-flex\">\n<div class=\"wp-block-button btn-devis-source\"><a class=\"wp-block-button__link wp-element-button\" href=\"https:\/\/obera.fr\/pl\/devis\/\">Popro\u015b o wycen\u0119<\/a><\/div>\n<\/div>\n\n\n<script>\r\ndocument.addEventListener('DOMContentLoaded', function() {\r\n    \/\/ 1. On cherche le titre H1 de la page\r\n    var h1 = document.querySelector('h1');\r\n    var productTitle = h1 ? h1.innerText.trim() : \"\";\r\n\r\n    \/\/ 2. On cherche les boutons via la classe CSS .btn-devis-source\r\n    var buttons = document.querySelectorAll('.btn-devis-source a');\r\n\r\n    \/\/ 3. Si on a le titre et les boutons, on ajoute le param\u00e8tre\r\n    if (buttons.length > 0 && productTitle !== \"\") {\r\n        var encodedTitle = encodeURIComponent(productTitle);\r\n\r\n        buttons.forEach(function(btn) {\r\n            var currentHref = btn.getAttribute('href');\r\n            \r\n            \/\/ S\u00e9curit\u00e9 pour ne pas ajouter le param\u00e8tre 2 fois\r\n            if (currentHref.indexOf('sujet=') === -1) {\r\n                var separator = currentHref.indexOf('?') !== -1 ? '&' : '?';\r\n                var newLink = currentHref + separator + 'sujet=' + encodedTitle;\r\n                \r\n                btn.setAttribute('href', newLink);\r\n            }\r\n        });\r\n    }\r\n});\r\n<\/script><\/div>\n<\/div>\n\n\n\n<p><\/p>\n<\/div>\n<\/div>\n\n<h2 class=\"wp-block-heading\">Zalety zasysaj\u0105cego panelu tylnego<\/h2>\n\n<div class=\"wp-block-columns is-layout-flex wp-container-core-columns-is-layout-28f84493 wp-block-columns-is-layout-flex\">\n<div class=\"wp-block-column is-layout-flow wp-block-column-is-layout-flow\">\n<h3 class=\"wp-block-heading has-text-align-center\"><strong>Korzy\u015bci<\/strong><\/h3>\n\n\n\n<ul class=\"wp-block-list\">\n<li>Pod\u0142\u0105czenie do wentylatora lub stacjonarnego b\u0105d\u017a mobilnego odpylacza<\/li>\n\n\n\n<li>Do usuwania zadzior\u00f3w, szlifowania lub piaskowania element\u00f3w lub prac spawalniczych<\/li>\n\n\n\n<li>Nadaje si\u0119 r\u00f3wnie\u017c do klejenia, lakierowania itp.<\/li>\n\n\n\n<li>Chroniony operator<\/li>\n<\/ul>\n<\/div>\n\n\n\n<div class=\"wp-block-column is-layout-flow wp-block-column-is-layout-flow\">\n<h3 class=\"wp-block-heading has-text-align-center\"><strong>Funkcje specjalne<\/strong><\/h3>\n\n\n\n<ul class=\"wp-block-list\">\n<li>\u0141atwa instalacja<\/li>\n\n\n\n<li>Przestrze\u0144 do wykorzystania jako stacja robocza<\/li>\n\n\n\n<li>Opcjonalne dodatki na \u017cyczenie: stal nierdzewna, o\u015bwietlenie, konstrukcja wsporcza<\/li>\n\n\n\n<li>Szyte na miar\u0119<\/li>\n<\/ul>\n<\/div>\n\n\n\n<div class=\"wp-block-column is-layout-flow wp-block-column-is-layout-flow\">\n<h3 class=\"wp-block-heading has-text-align-center\"><strong>Cechy<\/strong><\/h3>\n\n\n\n<ul class=\"wp-block-list\">\n<li><a href=\"https:\/\/obera.fr\/pl\/produits\/bras-dispositifs-captation\/capot-industriel\/\">Ssanie w miejscu pracy<\/a><\/li>\n\n\n\n<li>Kompaktowe rozwi\u0105zanie<\/li>\n\n\n\n<li>Solidna konstrukcja<\/li>\n<\/ul>\n<\/div>\n<\/div>\n\n<h2 class=\"wp-block-heading\">Zastosowania<\/h2>\n\n<div class=\"wp-block-columns is-layout-flex wp-container-core-columns-is-layout-28f84493 wp-block-columns-is-layout-flex\">\n<div class=\"wp-block-column is-layout-flow wp-block-column-is-layout-flow\">\n<h3 class=\"wp-block-heading has-text-align-center\">Zanieczyszczenia<\/h3>\n\n\n\n<hr class=\"wp-block-separator has-css-opacity is-style-wide\"\/>\n\n\n\n<div class=\"wp-block-columns is-layout-flex wp-container-core-columns-is-layout-28f84493 wp-block-columns-is-layout-flex\">\n<div class=\"wp-block-column is-layout-flow wp-block-column-is-layout-flow\">\n<figure class=\"wp-block-image aligncenter size-large\"><img decoding=\"async\" width=\"70\" height=\"70\" src=\"https:\/\/obera.fr\/wp-content\/uploads\/2020\/08\/polluants-poussieres.jpg\" alt=\"Zanieczyszczenia Py&#x142;\" class=\"wp-image-675\"\/><figcaption class=\"wp-element-caption\">Opary<\/figcaption><\/figure>\n\n\n\n<figure class=\"wp-block-image aligncenter size-large\"><img decoding=\"async\" width=\"70\" height=\"70\" src=\"https:\/\/obera.fr\/wp-content\/uploads\/2020\/08\/industrie-odeur.jpg\" alt=\"Zapach przemys&#x142;owy\" class=\"wp-image-723\"\/><figcaption class=\"wp-element-caption\">Zapachy<\/figcaption><\/figure>\n<\/div>\n\n\n\n<div class=\"wp-block-column is-layout-flow wp-block-column-is-layout-flow\">\n<figure class=\"wp-block-image aligncenter size-large\"><img decoding=\"async\" width=\"70\" height=\"70\" src=\"https:\/\/obera.fr\/wp-content\/uploads\/2020\/08\/industrie-fumees.jpg\" alt=\"Dym przemys&#x142;owy\" class=\"wp-image-722\"\/><figcaption class=\"wp-element-caption\">Opary<\/figcaption><\/figure>\n\n\n\n<figure class=\"wp-block-image aligncenter size-large\"><img decoding=\"async\" width=\"70\" height=\"70\" src=\"https:\/\/obera.fr\/wp-content\/uploads\/2020\/09\/cov.png\" alt=\"Cov\" class=\"wp-image-959\"\/><figcaption class=\"wp-element-caption\">VOCS<\/figcaption><\/figure>\n<\/div>\n<\/div>\n\n\n\n<p><\/p>\n<\/div>\n\n\n\n<div class=\"wp-block-column is-layout-flow wp-block-column-is-layout-flow\">\n<h3 class=\"wp-block-heading has-text-align-center\">Bran\u017ce<\/h3>\n\n\n\n<hr class=\"wp-block-separator has-css-opacity is-style-wide\"\/>\n\n\n\n<div class=\"wp-block-columns is-layout-flex wp-container-core-columns-is-layout-28f84493 wp-block-columns-is-layout-flex\">\n<div class=\"wp-block-column is-layout-flow wp-block-column-is-layout-flow\">\n<figure class=\"wp-block-image aligncenter size-large\"><img decoding=\"async\" width=\"70\" height=\"70\" src=\"https:\/\/obera.fr\/wp-content\/uploads\/2020\/08\/industrie-metallurgie.jpg\" alt=\"Przemys&#x142; metalurgiczny\" class=\"wp-image-673\"\/><figcaption class=\"wp-element-caption\">Metalurgia<\/figcaption><\/figure>\n\n\n\n<figure class=\"wp-block-image aligncenter size-large\"><img decoding=\"async\" width=\"70\" height=\"70\" src=\"https:\/\/obera.fr\/wp-content\/uploads\/2020\/08\/industrie-chimie.jpg\" alt=\"Przemys&#x142; chemiczny\" class=\"wp-image-725\"\/><figcaption class=\"wp-element-caption\">Chemikalia\/Petrochemikalia<\/figcaption><\/figure>\n<\/div>\n\n\n\n<div class=\"wp-block-column is-layout-flow wp-block-column-is-layout-flow\">\n<figure class=\"wp-block-image aligncenter size-large\"><img decoding=\"async\" width=\"70\" height=\"70\" src=\"https:\/\/obera.fr\/wp-content\/uploads\/2020\/08\/industrie-plastique.jpg\" alt=\"Przemys&#x142; tworzyw sztucznych\" class=\"wp-image-669\"\/><figcaption class=\"wp-element-caption\">Tworzywa sztuczne<\/figcaption><\/figure>\n\n\n\n<figure class=\"wp-block-image aligncenter size-large\"><img decoding=\"async\" width=\"70\" height=\"70\" src=\"https:\/\/obera.fr\/wp-content\/uploads\/2020\/08\/industrie-bois.jpg\" alt=\"Przemys&#x142; drzewny\" class=\"wp-image-672\"\/><figcaption class=\"wp-element-caption\">Obr\u00f3bka drewna<\/figcaption><\/figure>\n<\/div>\n<\/div>\n<\/div>\n<\/div>\n\n<h2 class=\"wp-block-heading\">Specyfikacja techniczna<\/h2>\n\n<p>OberA oferuje przyssawki o szeroko\u015bci od 40 cm do 3,60 m (poprzez ustawienie do 3 przyssawek obok siebie z 3 wylotami). Dost\u0119pne wysoko\u015bci to 60 cm, 80 cm i 1 m. Po\u0142\u0105czenie mo\u017cna wykona\u0107 za pomoc\u0105 rury o obni\u017conej kraw\u0119dzi lub rury o g\u0142adkiej kraw\u0119dzi. Przyssawki OberA s\u0105 dost\u0119pne w wersji ze stali ocynkowanej lub stali nierdzewnej 304L.   <\/p>\n\n<div class=\"wp-block-buttons is-content-justification-center is-layout-flex wp-container-core-buttons-is-layout-a89b3969 wp-block-buttons-is-layout-flex\">\n<div class=\"wp-block-button\"><a class=\"wp-block-button__link wp-element-button\" href=\"https:\/\/obera.fr\/wp-content\/uploads\/2024\/02\/brochure-dosseret-aspirant-industriel.pdf\">PATRZ DANE TECHNICZNE<\/a><\/div>\n<\/div>\n\n<h2 class=\"wp-block-heading\">Opcje<\/h2>\n\n<div class=\"wp-block-columns is-layout-flex wp-container-core-columns-is-layout-28f84493 wp-block-columns-is-layout-flex\">\n<div class=\"wp-block-column is-layout-flow wp-block-column-is-layout-flow\">\n<figure class=\"wp-block-image aligncenter size-large\"><img decoding=\"async\" width=\"100\" height=\"100\" src=\"https:\/\/obera.fr\/wp-content\/uploads\/2020\/11\/picto-sur-mesure.jpg\" alt=\"Niestandardowe Picto\" class=\"wp-image-2062\"\/><figcaption class=\"wp-element-caption\">Dost\u0119pne rozmiary niestandardowe<\/figcaption><\/figure>\n<\/div>\n\n\n\n<div class=\"wp-block-column is-layout-flow wp-block-column-is-layout-flow\"><\/div>\n\n\n\n<div class=\"wp-block-column is-layout-flow wp-block-column-is-layout-flow\"><\/div>\n<\/div>\n\n<div class=\"wp-block-buttons is-horizontal is-content-justification-center is-layout-flex wp-container-core-buttons-is-layout-03627597 wp-block-buttons-is-layout-flex\">\n<div class=\"wp-block-button has-custom-width wp-block-button__width-100\"><a class=\"wp-block-button__link wp-element-button\" href=\"https:\/\/obera.fr\/pl\/skontaktuj-sie-z-nami\/\">Dowiedz si\u0119 wi\u0119cej<\/a><\/div>\n<\/div>\n\n<hr class=\"wp-block-separator has-css-opacity is-style-dots\"\/>\n\n<h2 class=\"wp-block-heading\">Inne bronie i urz\u0105dzenia przechwytuj\u0105ce OberA<\/h2>\n\n<div class=\"wp-block-columns is-layout-flex wp-container-core-columns-is-layout-28f84493 wp-block-columns-is-layout-flex\">\n<div class=\"wp-block-column is-layout-flow wp-block-column-is-layout-flow\">\n<figure class=\"wp-block-image aligncenter size-thumbnail\"><a href=\"https:\/\/obera.fr\/produits\/bras-dispositifs-captation\/bras-hotte-ovale-rectangulaire\/\"><img decoding=\"async\" width=\"150\" height=\"150\" src=\"https:\/\/obera.fr\/wp-content\/uploads\/2020\/09\/Bras-SF-150x150.jpg\" alt=\"Rami&#x119; ss&#x105;ce\" class=\"wp-image-969\" srcset=\"https:\/\/obera.fr\/wp-content\/uploads\/2020\/09\/Bras-SF-150x150.jpg 150w, https:\/\/obera.fr\/wp-content\/uploads\/2020\/09\/Bras-SF-300x300.jpg 300w, https:\/\/obera.fr\/wp-content\/uploads\/2020\/09\/Bras-SF.jpg 433w\" sizes=\"(max-width: 150px) 100vw, 150px\" \/><\/a><figcaption class=\"wp-element-caption\">Rami\u0119 ss\u0105ce<\/figcaption><\/figure>\n<\/div>\n\n\n\n<div class=\"wp-block-column is-layout-flow wp-block-column-is-layout-flow\">\n<figure class=\"wp-block-image aligncenter size-thumbnail\"><a href=\"https:\/\/obera.fr\/produits\/bras-dispositifs-captation\/bras-de-laboratoire\/\"><img decoding=\"async\" width=\"150\" height=\"150\" src=\"https:\/\/obera.fr\/wp-content\/uploads\/2020\/11\/22-bras-de-labo-150x150.jpg\" alt=\"Ramiona laboratoryjne\" class=\"wp-image-1662\" srcset=\"https:\/\/obera.fr\/wp-content\/uploads\/2020\/11\/22-bras-de-labo-150x150.jpg 150w, https:\/\/obera.fr\/wp-content\/uploads\/2020\/11\/22-bras-de-labo-300x300.jpg 300w, https:\/\/obera.fr\/wp-content\/uploads\/2020\/11\/22-bras-de-labo-1024x1024.jpg 1024w, https:\/\/obera.fr\/wp-content\/uploads\/2020\/11\/22-bras-de-labo-768x768.jpg 768w, https:\/\/obera.fr\/wp-content\/uploads\/2020\/11\/22-bras-de-labo.jpg 1500w\" sizes=\"(max-width: 150px) 100vw, 150px\" \/><\/a><figcaption class=\"wp-element-caption\">Ramiona laboratoryjne<\/figcaption><\/figure>\n<\/div>\n\n\n\n<div class=\"wp-block-column is-layout-flow wp-block-column-is-layout-flow\">\n<figure class=\"wp-block-image aligncenter size-thumbnail\"><a href=\"https:\/\/obera.fr\/produits\/bras-dispositifs-captation\/anneaux-de-pouyes\/\"><img decoding=\"async\" width=\"150\" height=\"150\" src=\"https:\/\/obera.fr\/wp-content\/uploads\/2022\/09\/Anneau-de-pouyes-2-150x150.jpg\" alt=\"Pier&#x15B;cienie z kurczaka\" class=\"wp-image-14482\" srcset=\"https:\/\/obera.fr\/wp-content\/uploads\/2022\/09\/Anneau-de-pouyes-2-150x150.jpg 150w, https:\/\/obera.fr\/wp-content\/uploads\/2022\/09\/Anneau-de-pouyes-2-300x300.jpg 300w, https:\/\/obera.fr\/wp-content\/uploads\/2022\/09\/Anneau-de-pouyes-2.jpg 500w\" sizes=\"(max-width: 150px) 100vw, 150px\" \/><\/a><figcaption class=\"wp-element-caption\">Pier\u015bcienie z kurczaka<\/figcaption><\/figure>\n<\/div>\n\n\n\n<div class=\"wp-block-column is-layout-flow wp-block-column-is-layout-flow\">\n<figure class=\"wp-block-image aligncenter size-thumbnail\"><a href=\"https:\/\/obera.fr\/?page_id=489\"><img decoding=\"async\" width=\"150\" height=\"150\" src=\"https:\/\/obera.fr\/wp-content\/uploads\/2020\/10\/table-SF-150x150.png\" alt=\"Sto&#x142;y ss&#x105;ce\" class=\"wp-image-1179\" srcset=\"https:\/\/obera.fr\/wp-content\/uploads\/2020\/10\/table-SF-150x150.png 150w, https:\/\/obera.fr\/wp-content\/uploads\/2020\/10\/table-SF-300x300.png 300w, https:\/\/obera.fr\/wp-content\/uploads\/2020\/10\/table-SF.png 433w\" sizes=\"(max-width: 150px) 100vw, 150px\" \/><\/a><figcaption class=\"wp-element-caption\">Sto\u0142y ss\u0105ce<\/figcaption><\/figure>\n<\/div>\n<\/div>\n\n<div class=\"wp-block-columns is-layout-flex wp-container-core-columns-is-layout-28f84493 wp-block-columns-is-layout-flex\">\n<div class=\"wp-block-column is-layout-flow wp-block-column-is-layout-flow\">\n<figure class=\"wp-block-image aligncenter size-thumbnail\"><a href=\"https:\/\/obera.fr\/produits\/bras-dispositifs-captation\/hotte-rectangulaire\/\"><img decoding=\"async\" width=\"150\" height=\"150\" src=\"https:\/\/obera.fr\/wp-content\/uploads\/2020\/10\/hotte-rectangulaire-150x150.png\" alt=\"Okapy prostok&#x105;tne\" class=\"wp-image-1178\" srcset=\"https:\/\/obera.fr\/wp-content\/uploads\/2020\/10\/hotte-rectangulaire-150x150.png 150w, https:\/\/obera.fr\/wp-content\/uploads\/2020\/10\/hotte-rectangulaire.png 158w\" sizes=\"(max-width: 150px) 100vw, 150px\" \/><\/a><figcaption class=\"wp-element-caption\">Prostok\u0105tne wyci\u0105gi przemys\u0142owe<\/figcaption><\/figure>\n<\/div>\n\n\n\n<div class=\"wp-block-column is-layout-flow wp-block-column-is-layout-flow\">\n<figure class=\"wp-block-image aligncenter size-thumbnail\"><a href=\"https:\/\/obera.fr\/produits\/bras-dispositifs-captation\/hotte-modulaire\/\"><img decoding=\"async\" width=\"150\" height=\"150\" src=\"https:\/\/obera.fr\/wp-content\/uploads\/2020\/10\/hotte-modulaire-A-logo-SF-150x150.png\" alt=\"Okap modu&#x142;owy\" class=\"wp-image-1177\"\/><\/a><figcaption class=\"wp-element-caption\">Okapy modu\u0142owe<\/figcaption><\/figure>\n<\/div>\n\n\n\n<div class=\"wp-block-column is-layout-flow wp-block-column-is-layout-flow\">\n<figure class=\"wp-block-image aligncenter size-full\"><a href=\"https:\/\/obera.fr\/produits\/bras-dispositifs-captation\/capot-industriel\/\"><img decoding=\"async\" width=\"150\" height=\"150\" src=\"https:\/\/obera.fr\/wp-content\/uploads\/2020\/10\/capots.png\" alt=\"Maski ss&#x105;ce\" class=\"wp-image-1173\"\/><\/a><figcaption class=\"wp-element-caption\">Pokrywa ss\u0105ca i zbieraj\u0105ca<\/figcaption><\/figure>\n<\/div>\n\n\n\n<div class=\"wp-block-column is-layout-flow wp-block-column-is-layout-flow\"><\/div>\n<\/div>\n","protected":false},"excerpt":{"rendered":"<p>Nasz asortyment przyssawek OBDOS Tylne \u015bcianki ss\u0105ce to &#8222;\u015bciany&#8221; ze szczelinami, kt\u00f3re zasysaj\u0105 zanieczyszczenia wytwarzane przez operatora bezpo\u015brednio przed nim, niezale\u017cnie od tego, czy s\u0105 to opary, gazy, py\u0142y czy dymy. Oznacza to, \u017ce operator jest bezpieczny i mo\u017ce pracowa\u0107 bez wdychania r\u00f3\u017cnych zanieczyszcze\u0144 emitowanych podczas pracy. Do tej instalacji mo\u017cna r\u00f3wnie\u017c doda\u0107 dwa ekrany boczne, a tak\u017ce poziom\u0105 os\u0142on\u0119, aby ograniczy\u0107 operatora i jego przestrze\u0144 robocz\u0105, a tym samym zwi\u0119kszy\u0107 skuteczno\u015b\u0107 zasysania. Zalety zasysaj\u0105cego panelu tylnego Korzy\u015bci Funkcje specjalne Cechy Zastosowania Zanieczyszczenia Bran\u017ce Specyfikacja techniczna OberA oferuje przyssawki o szeroko\u015bci od 40 cm do 3,60 m (poprzez ustawienie do &#8230; <\/p>\n<p class=\"read-more-container\"><a title=\"Przyssawki tylne\" class=\"read-more button\" href=\"https:\/\/obera.fr\/pl\/produits\/bras-dispositifs-captation\/dosserets-aspirants\/#more-38945\" aria-label=\"Dowiedz si\u0119 wi\u0119cej o Przyssawki tylne\">Lire la suite<\/a><\/p>\n","protected":false},"author":4,"featured_media":83746,"parent":38559,"menu_order":0,"comment_status":"closed","ping_status":"closed","template":"","meta":{"_acf_changed":false,"_seopress_robots_primary_cat":"","_seopress_titles_title":"Dosserets aspirants pour capter les polluants - oberA","_seopress_titles_desc":"Les dosserets aspirants aspirent les polluants g\u00e9n\u00e9r\u00e9s par l\u2019op\u00e9rateur face \u00e0 lui, qu\u2019il s\u2019agisse de vapeurs, de gaz, de poussi\u00e8res ou de fum\u00e9es.","_seopress_robots_index":"","_seopress_analysis_target_kw":"","footnotes":""},"class_list":{"0":"post-38945","1":"page","2":"type-page","3":"status-publish","4":"has-post-thumbnail","6":"no-featured-image-padding","7":"resize-featured-image"},"acf":[],"_links":{"self":[{"href":"https:\/\/obera.fr\/pl\/wp-json\/wp\/v2\/pages\/38945","targetHints":{"allow":["GET"]}}],"collection":[{"href":"https:\/\/obera.fr\/pl\/wp-json\/wp\/v2\/pages"}],"about":[{"href":"https:\/\/obera.fr\/pl\/wp-json\/wp\/v2\/types\/page"}],"author":[{"embeddable":true,"href":"https:\/\/obera.fr\/pl\/wp-json\/wp\/v2\/users\/4"}],"replies":[{"embeddable":true,"href":"https:\/\/obera.fr\/pl\/wp-json\/wp\/v2\/comments?post=38945"}],"version-history":[{"count":5,"href":"https:\/\/obera.fr\/pl\/wp-json\/wp\/v2\/pages\/38945\/revisions"}],"predecessor-version":[{"id":112861,"href":"https:\/\/obera.fr\/pl\/wp-json\/wp\/v2\/pages\/38945\/revisions\/112861"}],"up":[{"embeddable":true,"href":"https:\/\/obera.fr\/pl\/wp-json\/wp\/v2\/pages\/38559"}],"wp:featuredmedia":[{"embeddable":true,"href":"https:\/\/obera.fr\/pl\/wp-json\/wp\/v2\/media\/83746"}],"wp:attachment":[{"href":"https:\/\/obera.fr\/pl\/wp-json\/wp\/v2\/media?parent=38945"}],"curies":[{"name":"wp","href":"https:\/\/api.w.org\/{rel}","templated":true}]}}