{"id":39645,"date":"2024-05-07T15:48:45","date_gmt":"2024-05-07T13:48:45","guid":{"rendered":"https:\/\/obera.fr\/nasze-produkty\/mobilne-jednostki-ssace\/"},"modified":"2025-12-30T11:59:44","modified_gmt":"2025-12-30T09:59:44","slug":"caissons-mobiles-aspiration","status":"publish","type":"page","link":"https:\/\/obera.fr\/pl\/produits\/caissons-mobiles-aspiration\/","title":{"rendered":"Mobilne jednostki ss\u0105ce"},"content":{"rendered":"\n\n<h2 class=\"wp-block-heading\">Co to jest mobilna jednostka ss\u0105ca?<\/h2>\n\n<p>Mobilna jednostka ss\u0105ca, znana r\u00f3wnie\u017c jako mobilna<strong> jednostka filtruj\u0105ca, mobilna<\/strong> jednostka ss\u0105ca lub mobilna jednostka filtruj\u0105ca, jest generalnie ma\u0142ym mobilnym urz\u0105dzeniem do odsysania zanieczyszcze\u0144 u \u017ar\u00f3d\u0142a i ich filtrowania. Zazwyczaj jest wyposa\u017cony w <a href=\"https:\/\/obera.fr\/pl\/produits\/bras-dispositifs-captation\/capot-industriel\/\">rami\u0119 zbieraj\u0105ce na urz\u0105dzeniu<\/a> lub wlot rurowy umo\u017cliwiaj\u0105cy pod\u0142\u0105czenie jednego lub wi\u0119cej w\u0119\u017cy ss\u0105cych do maszyny, okapu, <strong>ma\u0142ego sto\u0142u ss\u0105cego<\/strong> lub zdalnych ramion. <\/p>\n\n<p><\/p>\n\n<div class=\"wp-block-columns is-layout-flex wp-container-core-columns-is-layout-28f84493 wp-block-columns-is-layout-flex\">\n<div class=\"wp-block-column is-layout-flow wp-block-column-is-layout-flow\" style=\"flex-basis:66.66%\">\n<p>Mobilne jednostki ss\u0105ce sk\u0142adaj\u0105 si\u0119 z ramienia zbieraj\u0105cego lub wlotu rurowego, obudowy z kilkoma stopniami, filtr\u00f3w nasycaj\u0105cych i <strong>wentylatora od\u015brodkowego, zwykle jednofazowego<\/strong>. Obudowy s\u0105 wyposa\u017cone w k\u00f3\u0142ka u\u0142atwiaj\u0105ce przemieszczanie. Powietrze zasysane przez urz\u0105dzenie zbieraj\u0105ce (rami\u0119, st\u00f3\u0142 itp.) dostaje si\u0119 do skrzynki i przechodzi przez coraz dok\u0142adniejsze etapy filtracji mechanicznej, jeden lub wi\u0119cej etap\u00f3w filtracji molekularnej (w\u0119giel aktywny) i wreszcie etap filtracji HEPA o wysokiej wydajno\u015bci, je\u015bli <strong>zasysany produkt jest niebezpieczny i wymaga filtracji HEPA <\/strong>w celu uwolnienia czystego powietrza do budynku.  <\/p>\n\n\n\n<p><\/p>\n<\/div>\n\n\n\n<div class=\"wp-block-column is-layout-flow wp-block-column-is-layout-flow\" style=\"flex-basis:33.33%\">\n<figure class=\"wp-block-image aligncenter size-large is-resized\"><img decoding=\"async\" width=\"1024\" height=\"549\" src=\"https:\/\/obera.fr\/wp-content\/uploads\/2025\/03\/charbon-actif-purple-1024x549.png\" alt=\"fioletowy w&#x119;giel aktywny\" class=\"wp-image-76468\" style=\"width:269px;height:auto\" srcset=\"https:\/\/obera.fr\/wp-content\/uploads\/2025\/03\/charbon-actif-purple-1024x549.png 1024w, https:\/\/obera.fr\/wp-content\/uploads\/2025\/03\/charbon-actif-purple-300x161.png 300w, https:\/\/obera.fr\/wp-content\/uploads\/2025\/03\/charbon-actif-purple-768x412.png 768w, https:\/\/obera.fr\/wp-content\/uploads\/2025\/03\/charbon-actif-purple.png 1200w\" sizes=\"(max-width: 1024px) 100vw, 1024px\" \/><\/figure>\n<\/div>\n<\/div>\n\n<p>Jednostki ss\u0105ce s\u0105 dost\u0119pne z bardzo niskim nat\u0119\u017ceniem przep\u0142ywu 80-300 m3\/h do dok\u0142adnego odsysania na stanowisku pracy (klejenie, lutowanie, spawanie elektroniczne, drobiazgowe szlifowanie lub piaskowanie itp.), do nat\u0119\u017cenia przep\u0142ywu 3000 m3\/h do odsysania na kilku stanowiskach pracy za pomoc\u0105 jednej jednostki lub do odsysania wi\u0119kszych powierzchni roboczych (tylne \u015bcianki ss\u0105ce, wi\u0119ksze ramiona zbieraj\u0105ce). <strong>Jednostki s\u0105 zazwyczaj wyposa\u017cone w potencjometr <\/strong>do regulacji nat\u0119\u017cenia przep\u0142ywu ssania wentylatora od\u015brodkowego w celu dostosowania do wymaga\u0144 ssania. <\/p>\n\n<p>Mobilne jednostki ss\u0105ce s\u0142u\u017c\u0105 do usuwania zanieczyszcze\u0144, takich jak dym, py\u0142, zanieczyszczenia gazowe, opary, rozpuszczalniki, LZO i zapachy. Zasada kesonu umo\u017cliwia <strong>na\u0142o\u017cenie kilku kolejnych etap\u00f3w filtracji<\/strong> w celu oczyszczenia   <\/p>\n\n<h2 class=\"wp-block-heading\" id=\"a-quelles-utilisations-conviennent-elles\">Nasza gama mobilnych jednostek ss\u0105cych  <\/h2>\n\n<div style=\"height:37px\" aria-hidden=\"true\" class=\"wp-block-spacer\"><\/div>\n\n<div class=\"wp-block-columns is-layout-flex wp-container-core-columns-is-layout-28f84493 wp-block-columns-is-layout-flex\">\n<div class=\"wp-block-column is-layout-flow wp-block-column-is-layout-flow\">\n<h3 class=\"wp-block-heading has-text-align-center\">ePURBox ATEX<\/h3>\n\n\n\n<p class=\"has-text-align-center\"><strong>Modu\u0142owo\u015b\u0107 i wszechstronno\u015b\u0107<\/strong><\/p>\n\n\n\n<p class=\"has-text-align-center\">Usuwanie py\u0142u, dymu, opar\u00f3w i rozpuszczalnik\u00f3w.<\/p>\n\n\n\n<figure class=\"wp-block-image aligncenter size-medium is-resized\"><a href=\"https:\/\/obera.fr\/pl\/produits\/caissons-mobiles-aspiration\/epurbox-atex\/#more-115628\"><img decoding=\"async\" width=\"300\" height=\"300\" src=\"https:\/\/obera.fr\/wp-content\/uploads\/2025\/10\/visuel-epurbox-brs-logo-atex-300x300.png\" alt=\"wizualizacja epurbox brs logo atex\" class=\"wp-image-130378\" style=\"width:315px;height:auto\" srcset=\"https:\/\/obera.fr\/wp-content\/uploads\/2025\/10\/visuel-epurbox-brs-logo-atex-300x300.png 300w, https:\/\/obera.fr\/wp-content\/uploads\/2025\/10\/visuel-epurbox-brs-logo-atex-1024x1024.png 1024w, https:\/\/obera.fr\/wp-content\/uploads\/2025\/10\/visuel-epurbox-brs-logo-atex-150x150.png 150w, https:\/\/obera.fr\/wp-content\/uploads\/2025\/10\/visuel-epurbox-brs-logo-atex-768x768.png 768w, https:\/\/obera.fr\/wp-content\/uploads\/2025\/10\/visuel-epurbox-brs-logo-atex.png 1200w\" sizes=\"(max-width: 300px) 100vw, 300px\" \/><\/a><\/figure>\n\n\n\n<p class=\"has-text-align-center\">Maksymalny przep\u0142yw 1200 m3\/h &#8211; Wylot rurowy lub ramieniowy<\/p>\n<\/div>\n\n\n\n<div class=\"wp-block-column is-layout-flow wp-block-column-is-layout-flow\">\n<h3 class=\"wp-block-heading has-text-align-center\">Clearbox<\/h3>\n\n\n\n<p class=\"has-text-align-center\">Obr\u00f3bka dymu, opar\u00f3w i rozpuszczalnik\u00f3w<\/p>\n\n\n\n<figure class=\"wp-block-image aligncenter size-medium is-resized\"><a href=\"https:\/\/obera.fr\/pl\/produits\/caissons-mobiles-aspiration\/clearbox\/\"><img decoding=\"async\" width=\"300\" height=\"300\" src=\"https:\/\/obera.fr\/wp-content\/uploads\/2025\/10\/visuel-clearbox-brs-300x300.png\" alt=\"wizualizacja clearbox brs\" class=\"wp-image-129934\" style=\"object-fit:cover;width:335px;height:auto\" srcset=\"https:\/\/obera.fr\/wp-content\/uploads\/2025\/10\/visuel-clearbox-brs-300x300.png 300w, https:\/\/obera.fr\/wp-content\/uploads\/2025\/10\/visuel-clearbox-brs-1024x1024.png 1024w, https:\/\/obera.fr\/wp-content\/uploads\/2025\/10\/visuel-clearbox-brs-150x150.png 150w, https:\/\/obera.fr\/wp-content\/uploads\/2025\/10\/visuel-clearbox-brs-768x768.png 768w, https:\/\/obera.fr\/wp-content\/uploads\/2025\/10\/visuel-clearbox-brs.png 1200w\" sizes=\"(max-width: 300px) 100vw, 300px\" \/><\/a><\/figure>\n\n\n\n<p class=\"has-text-align-center\">Maksymalny przep\u0142yw 2000 m3\/h<\/p>\n<\/div>\n<\/div>\n\n<div style=\"height:58px\" aria-hidden=\"true\" class=\"wp-block-spacer\"><\/div>\n\n<div style=\"height:58px\" aria-hidden=\"true\" class=\"wp-block-spacer\"><\/div>\n\n<div class=\"wp-block-columns is-layout-flex wp-container-core-columns-is-layout-28f84493 wp-block-columns-is-layout-flex\">\n<div class=\"wp-block-column is-layout-flow wp-block-column-is-layout-flow\">\n<h3 class=\"wp-block-heading has-text-align-center\">ePUR EX<\/h3>\n\n\n\n<p class=\"has-text-align-center\">Obr\u00f3bka dymu, opar\u00f3w i rozpuszczalnik\u00f3w<\/p>\n\n\n\n<figure class=\"wp-block-image aligncenter size-medium is-resized\"><a href=\"https:\/\/obera.fr\/pl\/produits\/depoussiereurs-industriels\/petits\/aspiration-fumees-soudage-laser-epur-b-ex\/\"><img decoding=\"async\" width=\"300\" height=\"300\" src=\"https:\/\/obera.fr\/wp-content\/uploads\/2023\/10\/epurb-ex-1000-3000-5000-300x300.png\" alt=\"oberA epur b ex 1000 3000 5000\" class=\"wp-image-25016\" style=\"object-fit:cover\" srcset=\"https:\/\/obera.fr\/wp-content\/uploads\/2023\/10\/epurb-ex-1000-3000-5000-300x300.png 300w, https:\/\/obera.fr\/wp-content\/uploads\/2023\/10\/epurb-ex-1000-3000-5000-150x150.png 150w, https:\/\/obera.fr\/wp-content\/uploads\/2023\/10\/epurb-ex-1000-3000-5000.png 600w\" sizes=\"(max-width: 300px) 100vw, 300px\" \/><\/a><\/figure>\n\n\n\n<p class=\"has-text-align-center\">Maksymalny przep\u0142yw 350 &#8211; 2800 m3\/h<\/p>\n<\/div>\n\n\n\n<div class=\"wp-block-column is-layout-flow wp-block-column-is-layout-flow\">\n<h3 class=\"wp-block-heading has-text-align-center\">Jumbo<\/h3>\n\n\n\n<p class=\"has-text-align-center\">Obr\u00f3bka dymu, opar\u00f3w i rozpuszczalnik\u00f3w<\/p>\n\n\n\n<figure class=\"wp-block-image aligncenter size-full is-resized\"><a href=\"https:\/\/obera.fr\/pl\/produits\/depoussiereurs-industriels\/petits\/jumbo\/\"><img decoding=\"async\" width=\"500\" height=\"500\" src=\"https:\/\/obera.fr\/wp-content\/uploads\/2020\/10\/jumbo.png\" alt=\"Jumbo\" class=\"wp-image-1171\" style=\"width:302px;height:auto\" srcset=\"https:\/\/obera.fr\/wp-content\/uploads\/2020\/10\/jumbo.png 500w, https:\/\/obera.fr\/wp-content\/uploads\/2020\/10\/jumbo-300x300.png 300w, https:\/\/obera.fr\/wp-content\/uploads\/2020\/10\/jumbo-150x150.png 150w\" sizes=\"(max-width: 500px) 100vw, 500px\" \/><\/a><\/figure>\n\n\n\n<p class=\"has-text-align-center\">Maksymalny przep\u0142yw 170 m3\/h<\/p>\n<\/div>\n<\/div>\n\n<div style=\"height:58px\" aria-hidden=\"true\" class=\"wp-block-spacer\"><\/div>\n\n<div class=\"wp-block-columns is-layout-flex wp-container-core-columns-is-layout-28f84493 wp-block-columns-is-layout-flex\">\n<div class=\"wp-block-column is-layout-flow wp-block-column-is-layout-flow\">\n<h3 class=\"wp-block-heading has-text-align-center\">ePUR010 CA<\/h3>\n\n\n\n<p class=\"has-text-align-center\">Obr\u00f3bka dymu, opar\u00f3w i rozpuszczalnik\u00f3w<\/p>\n\n\n\n<figure class=\"wp-block-image aligncenter size-medium is-resized\"><a href=\"https:\/\/obera.fr\/pl\/produits\/traitement-cov\/filtre-anti-poussiere-epur010-b-ca\/\"><img decoding=\"async\" width=\"221\" height=\"300\" src=\"https:\/\/obera.fr\/wp-content\/uploads\/2022\/02\/EPUR010-B-CA-221x300.png\" alt=\"epur010 b ca\" class=\"wp-image-8919\" style=\"object-fit:cover;width:239px;height:auto\" srcset=\"https:\/\/obera.fr\/wp-content\/uploads\/2022\/02\/EPUR010-B-CA-221x300.png 221w, https:\/\/obera.fr\/wp-content\/uploads\/2022\/02\/EPUR010-B-CA-753x1024.png 753w, https:\/\/obera.fr\/wp-content\/uploads\/2022\/02\/EPUR010-B-CA-768x1044.png 768w, https:\/\/obera.fr\/wp-content\/uploads\/2022\/02\/EPUR010-B-CA-1130x1536.png 1130w, https:\/\/obera.fr\/wp-content\/uploads\/2022\/02\/EPUR010-B-CA-1507x2048.png 1507w, https:\/\/obera.fr\/wp-content\/uploads\/2022\/02\/EPUR010-B-CA.png 1788w\" sizes=\"(max-width: 221px) 100vw, 221px\" \/><\/a><\/figure>\n\n\n\n<p class=\"has-text-align-center\">Maksymalny przep\u0142yw 150 m3\/h<\/p>\n<\/div>\n<\/div>\n\n<p class=\"has-text-align-center\"><\/p>\n\n<p><\/p>\n\n<div class=\"wp-block-buttons is-horizontal is-content-justification-center is-layout-flex wp-container-core-buttons-is-layout-03627597 wp-block-buttons-is-layout-flex\">\n<div class=\"wp-block-button has-custom-width wp-block-button__width-100\"><a class=\"wp-block-button__link wp-element-button\" href=\"https:\/\/obera.fr\/pl\/skontaktuj-sie-z-nami\/\">Dowiedz si\u0119 wi\u0119cej<\/a><\/div>\n<\/div>\n\n<h2 class=\"wp-block-heading\">Dlaczego warto korzysta\u0107 z mobilnej jednostki ss\u0105cej?<\/h2>\n\n<p>Mobilna skrzynka ss\u0105ca jest zwykle u\u017cywana do <strong>wychwytywania zanieczyszcze\u0144 na stanowisku pracy<\/strong>. Mobiln\u0105 skrzynk\u0119 filtracyjn\u0105 mo\u017cna \u0142atwo przenosi\u0107 z jednego stanowiska pracy na drugie. Co wi\u0119cej, je\u015bli klient nie ma w pobli\u017cu sieci ss\u0105cej, \u0142atwiej jest umie\u015bci\u0107 mobiln\u0105 skrzynk\u0119 ss\u0105c\u0105 ni\u017c rozmie\u015bci\u0107 sie\u0107 rur z centralnej instalacji ss\u0105cej. W ten sam spos\u00f3b cz\u0119sto trudno jest<strong>odprowadzi\u0107 zanieczyszczenia na zewn\u0105trz<\/strong>, wi\u0119c mobilna obudowa wychwytuje produkt tam, gdzie jest generowany, filtruje go i odprowadza oczyszczone powietrze do samego obszaru. Filtracja powinna by\u0107 dostosowana do zanieczyszcze\u0144, a w szczeg\u00f3lno\u015bci nale\u017cy wybra\u0107 wysokowydajn\u0105 filtracj\u0119 HEPA H13 lub H14, gdy konieczne jest filtrowanie zwi\u0105zk\u00f3w CMR. Wi\u0119kszo\u015b\u0107 mobilnych jednostek filtruj\u0105cych mo\u017ce by\u0107 wyposa\u017cona w rurowy<strong> wylot<\/strong> czystego powietrza, je\u015bli klient chce odprowadza\u0107 czyste powietrze na zewn\u0105trz.     <\/p>\n\n<h2 class=\"wp-block-heading\">Jakie zastosowania obejmuj\u0105 mobilne jednostki filtruj\u0105ce?<\/h2>\n\n<div class=\"wp-block-columns is-layout-flex wp-container-core-columns-is-layout-28f84493 wp-block-columns-is-layout-flex\">\n<div class=\"wp-block-column is-layout-flow wp-block-column-is-layout-flow\" style=\"flex-basis:33.33%\">\n<figure class=\"wp-block-image aligncenter size-large is-resized\"><img decoding=\"async\" width=\"1024\" height=\"1024\" src=\"https:\/\/obera.fr\/wp-content\/uploads\/2025\/03\/2-1024x1024.png\" alt=\"Rozwi&#x105;zanie OberA\" class=\"wp-image-77618\" style=\"width:271px;height:auto\" srcset=\"https:\/\/obera.fr\/wp-content\/uploads\/2025\/03\/2-1024x1024.png 1024w, https:\/\/obera.fr\/wp-content\/uploads\/2025\/03\/2-300x300.png 300w, https:\/\/obera.fr\/wp-content\/uploads\/2025\/03\/2-150x150.png 150w, https:\/\/obera.fr\/wp-content\/uploads\/2025\/03\/2-768x768.png 768w, https:\/\/obera.fr\/wp-content\/uploads\/2025\/03\/2.png 1200w\" sizes=\"(max-width: 1024px) 100vw, 1024px\" \/><\/figure>\n<\/div>\n\n\n\n<div class=\"wp-block-column is-layout-flow wp-block-column-is-layout-flow\" style=\"flex-basis:66.66%\">\n<ul class=\"wp-block-list\">\n<li><strong>Mobilne jednostki odci\u0105gowe <\/strong>s\u0105 zwykle u\u017cywane w nast\u0119puj\u0105cych zastosowaniach:<\/li>\n\n\n\n<li>Lutowanie twarde i mi\u0119kkie, przemys\u0142 elektroniczny<\/li>\n\n\n\n<li>Laboratoria, obs\u0142uga, dozowanie i dekantacja ciek\u0142ych, \u017cywicznych lub sproszkowanych chemikali\u00f3w<\/li>\n\n\n\n<li>Bi\u017cuteria<\/li>\n\n\n\n<li>Maszyna laserowa (ci\u0119cie kartonu, tworzyw sztucznych, &#8230;.)<\/li>\n\n\n\n<li>Produkcja addytywna (maszyny 3D itp.)<\/li>\n\n\n\n<li><strong>Stacje klejenia<\/strong><\/li>\n\n\n\n<li>Czyszczenie i odt\u0142uszczanie cz\u0119\u015bci ;<\/li>\n\n\n\n<li>Renowacja dzie\u0142 sztuki, wernisa\u017c<\/li>\n\n\n\n<li><strong>Szlifowanie, zdzieranie, polerowanie i<\/strong> usuwanie zadzior\u00f3w z ma\u0142ych cz\u0119\u015bci metalowych, materia\u0142\u00f3w kompozytowych lub tworzyw sztucznych.<\/li>\n<\/ul>\n<\/div>\n<\/div>\n\n<h2 class=\"wp-block-heading\">Jak wybra\u0107 mobiln\u0105 jednostk\u0119 ss\u0105c\u0105?<\/h2>\n\n<p>Aby <strong>wybra\u0107 odpowiedni\u0105 jednostk\u0119 ss\u0105c\u0105<\/strong>, nale\u017cy najpierw zweryfikowa\u0107 rodzaje zanieczyszcze\u0144, kt\u00f3re maj\u0105 by\u0107 oczyszczane. Je\u015bli w gr\u0119 wchodzi tylko py\u0142 lub opary, wystarcz\u0105 etapy filtracji mechanicznej. Je\u015bli konieczne jest oczyszczanie opar\u00f3w, rozpuszczalnik\u00f3w lub lotnych zwi\u0105zk\u00f3w organicznych, nale\u017cy zastosowa\u0107 filtry z w\u0119glem aktywnym. Coraz cz\u0119\u015bciej procesy generuj\u0105 obie te substancje, poniewa\u017c ogrzewanie <strong>materia\u0142u powoduje jego odparowanie i emisj\u0119 zanieczyszcze\u0144<\/strong> w postaci opar\u00f3w (cia\u0142 sta\u0142ych) i gaz\u00f3w (zwykle lotnych zwi\u0105zk\u00f3w organicznych). W takich przypadkach wymagane jest po\u0142\u0105czenie etap\u00f3w filtracji cz\u0105stek sta\u0142ych (filtry mechaniczne) i etap\u00f3w filtracji molekularnej (w\u0119gle aktywne).    <\/p>\n\n<p>Co wi\u0119cej, je\u015bli zanieczyszczenia s\u0105 toksyczne, nale\u017cy wybra\u0107 odpowiedni\u0105 filtracj\u0119 HEPA. Je\u015bli sprz\u0119t ma odci\u0105ga\u0107 wybuchowe py\u0142y lub gazy, nale\u017cy wybra\u0107 <strong>urz\u0105dzenie ATEX dostosowane do zagro\u017ce\u0144<\/strong>. <\/p>\n\n<p>Nat\u0119\u017cenie przep\u0142ywu ssania jest oczywi\u015bcie czynnikiem decyduj\u0105cym o wyborze urz\u0105dzenia. Mo\u017cemy pom\u00f3c w jego okre\u015bleniu. <\/p>\n\n<h2 class=\"wp-block-heading\">Koszty operacyjne i koszty utrzymania<\/h2>\n\n<p><strong>Mobilne jednostki odci\u0105gowe<\/strong> s\u0105 wyposa\u017cone w filtry nasycaj\u0105ce. W zale\u017cno\u015bci od wielko\u015bci cz\u0105stek py\u0142u i opar\u00f3w, kt\u00f3re maj\u0105 by\u0107 oczyszczane, nale\u017cy wybra\u0107 odpowiedni\u0105 kombinacj\u0119 filtr\u00f3w. <\/p>\n\n<p>Im bardziej wydajne filtry, tym dro\u017csze. Celem jest zatem maksymalne nasycenie<strong> g\u00f3rnych stopni w celu zachowania<\/strong> najdok\u0142adniejszych<strong> filtr\u00f3w<\/strong>. Je\u015bli to mo\u017cliwe, nale\u017cy zwi\u0119kszy\u0107 stopie\u0144 filtracji wst\u0119pnej (np. G4, M6, F9&#8230; w celu ochrony wysokowydajnych filtr\u00f3w HEPA H13 lub H14). Trwa\u0142o\u015b\u0107 filtr\u00f3w zale\u017cy od ilo\u015bci zanieczyszcze\u0144, czasu u\u017cytkowania i rozk\u0142adu wielko\u015bci cz\u0105stek zanieczyszcze\u0144. W niekt\u00f3rych przypadkach mo\u017cliwy jest pomiar w celu wybrania odpowiednich stopni filtracji.    <\/p>\n","protected":false},"excerpt":{"rendered":"<p>Co to jest mobilna jednostka ss\u0105ca? Mobilna jednostka ss\u0105ca, znana r\u00f3wnie\u017c jako mobilna jednostka filtruj\u0105ca, mobilna jednostka ss\u0105ca lub mobilna jednostka filtruj\u0105ca, jest generalnie ma\u0142ym mobilnym urz\u0105dzeniem do odsysania zanieczyszcze\u0144 u \u017ar\u00f3d\u0142a i ich filtrowania. Zazwyczaj jest wyposa\u017cony w rami\u0119 zbieraj\u0105ce na urz\u0105dzeniu lub wlot rurowy umo\u017cliwiaj\u0105cy pod\u0142\u0105czenie jednego lub wi\u0119cej w\u0119\u017cy ss\u0105cych do maszyny, okapu, ma\u0142ego sto\u0142u ss\u0105cego lub zdalnych ramion. Mobilne jednostki ss\u0105ce sk\u0142adaj\u0105 si\u0119 z ramienia zbieraj\u0105cego lub wlotu rurowego, obudowy z kilkoma stopniami, filtr\u00f3w nasycaj\u0105cych i wentylatora od\u015brodkowego, zwykle jednofazowego. Obudowy s\u0105 wyposa\u017cone w k\u00f3\u0142ka u\u0142atwiaj\u0105ce przemieszczanie. Powietrze zasysane przez urz\u0105dzenie zbieraj\u0105ce (rami\u0119, st\u00f3\u0142 itp.) dostaje &#8230; <\/p>\n<p class=\"read-more-container\"><a title=\"Mobilne jednostki ss\u0105ce\" class=\"read-more button\" href=\"https:\/\/obera.fr\/pl\/produits\/caissons-mobiles-aspiration\/#more-39645\" aria-label=\"Dowiedz si\u0119 wi\u0119cej o Mobilne jednostki ss\u0105ce\">Lire la suite<\/a><\/p>\n","protected":false},"author":4,"featured_media":83746,"parent":38133,"menu_order":0,"comment_status":"closed","ping_status":"closed","template":"","meta":{"_acf_changed":false,"_seopress_robots_primary_cat":"","_seopress_titles_title":"mobilne jednostki ss\u0105ce oberA","_seopress_titles_desc":"Nasza gama mobilnych jednostek ss\u0105cych: ePURBox: modu\u0142owo\u015b\u0107 i wszechstronno\u015b\u0107, ePUR010 B CA, Jumbo i EPUR B EX","_seopress_robots_index":"","footnotes":""},"class_list":{"0":"post-39645","1":"page","2":"type-page","3":"status-publish","4":"has-post-thumbnail","6":"no-featured-image-padding","7":"resize-featured-image"},"acf":[],"_links":{"self":[{"href":"https:\/\/obera.fr\/pl\/wp-json\/wp\/v2\/pages\/39645","targetHints":{"allow":["GET"]}}],"collection":[{"href":"https:\/\/obera.fr\/pl\/wp-json\/wp\/v2\/pages"}],"about":[{"href":"https:\/\/obera.fr\/pl\/wp-json\/wp\/v2\/types\/page"}],"author":[{"embeddable":true,"href":"https:\/\/obera.fr\/pl\/wp-json\/wp\/v2\/users\/4"}],"replies":[{"embeddable":true,"href":"https:\/\/obera.fr\/pl\/wp-json\/wp\/v2\/comments?post=39645"}],"version-history":[{"count":18,"href":"https:\/\/obera.fr\/pl\/wp-json\/wp\/v2\/pages\/39645\/revisions"}],"predecessor-version":[{"id":136377,"href":"https:\/\/obera.fr\/pl\/wp-json\/wp\/v2\/pages\/39645\/revisions\/136377"}],"up":[{"embeddable":true,"href":"https:\/\/obera.fr\/pl\/wp-json\/wp\/v2\/pages\/38133"}],"wp:featuredmedia":[{"embeddable":true,"href":"https:\/\/obera.fr\/pl\/wp-json\/wp\/v2\/media\/83746"}],"wp:attachment":[{"href":"https:\/\/obera.fr\/pl\/wp-json\/wp\/v2\/media?parent=39645"}],"curies":[{"name":"wp","href":"https:\/\/api.w.org\/{rel}","templated":true}]}}