{"id":42495,"date":"2020-08-26T16:20:46","date_gmt":"2020-08-26T14:20:46","guid":{"rendered":"https:\/\/obera.fr\/odkryj-obera\/historia-obera\/"},"modified":"2025-05-15T10:20:15","modified_gmt":"2025-05-15T08:20:15","slug":"histoire","status":"publish","type":"page","link":"https:\/\/obera.fr\/pl\/decouvrir\/histoire\/","title":{"rendered":"Historia OberA"},"content":{"rendered":"\n<h2 class=\"wp-block-heading\">Tw\u00f3j partner dla zdrowego powietrza w miejscu pracy!<\/h2>\n\n<p><\/p>\n\n<figure class=\"wp-block-image alignright size-medium is-resized\"><img decoding=\"async\" width=\"300\" height=\"85\" src=\"https:\/\/obera.fr\/wp-content\/uploads\/2025\/05\/obera-logo-fr-rvb-v2-300x85.png\" alt=\"obera logo en rvb v2\" class=\"wp-image-100991\" srcset=\"https:\/\/obera.fr\/wp-content\/uploads\/2025\/05\/obera-logo-fr-rvb-v2-300x85.png 300w, https:\/\/obera.fr\/wp-content\/uploads\/2025\/05\/obera-logo-fr-rvb-v2-1024x291.png 1024w, https:\/\/obera.fr\/wp-content\/uploads\/2025\/05\/obera-logo-fr-rvb-v2-768x218.png 768w, https:\/\/obera.fr\/wp-content\/uploads\/2025\/05\/obera-logo-fr-rvb-v2-1536x437.png 1536w, https:\/\/obera.fr\/wp-content\/uploads\/2025\/05\/obera-logo-fr-rvb-v2.png 1995w\" sizes=\"(max-width: 300px) 100vw, 300px\" \/><\/figure>\n\n<p>We Francji zanieczyszczenie powietrza jest przyczyn\u0105 prawie 50 000 zgon\u00f3w rocznie. Podczas gdy wyzwania zwi\u0105zane z jako\u015bci\u0105 powietrza s\u0105 dobrze znane w \u015brodowiskach miejskich, pozostaj\u0105 one w du\u017cej mierze niedoceniane w miejscu pracy. Tymczasem powietrze w pomieszczeniach w firmach mo\u017ce by\u0107 <strong>od 10 do 50 razy bardziej zanieczyszczone<\/strong> ni\u017c powietrze na zewn\u0105trz.  <\/p>\n\n<p><\/p>\n\n<p>Istnieje wiele \u017ar\u00f3de\u0142 zanieczyszcze\u0144:<\/p>\n\n<ul class=\"wp-block-list\">\n<li><strong>Emisje zwi\u0105zane z procesami przemys\u0142owymi<\/strong> (opary, dymy, mg\u0142y olejowe),<\/li>\n\n\n\n<li><strong>Obs\u0142uga i transport<\/strong> surowc\u00f3w,<\/li>\n\n\n\n<li><strong>Produkty u\u017cywane w produkcji<\/strong> (LZO, zapachy, kurz, wirusy itp.).<\/li>\n<\/ul>\n\n<p><\/p>\n\n<p>Zanieczyszczenia te, zar\u00f3wno gazowe, jak i py\u0142owe, maj\u0105 bezpo\u015bredni wp\u0142yw na zdrowie pracownik\u00f3w, ale tak\u017ce na wydajno\u015b\u0107 przemys\u0142ow\u0105: zwi\u0119kszon\u0105 ilo\u015b\u0107 odpad\u00f3w, skargi klient\u00f3w, ni\u017csz\u0105 produktywno\u015b\u0107 i wy\u017csze koszty konserwacji.<\/p>\n\n<p><\/p>\n\n<h3 class=\"wp-block-heading\">Innowacyjna odpowied\u017a na kontrastuj\u0105ce ograniczenia<\/h3>\n\n<p>Nara\u017cenie na zanieczyszczenia prowadzi do <strong>problem\u00f3w zdrowotnych<\/strong> i mo\u017ce powodowa\u0107 choroby u nara\u017conych pracownik\u00f3w. Ponadto niska jako\u015b\u0107 powietrza ma wp\u0142yw na <strong>ilo\u015b\u0107 odpad\u00f3w<\/strong>, <strong>skargi klient\u00f3w<\/strong>, <strong>produktywno\u015b\u0107<\/strong> i cz\u0119stotliwo\u015b\u0107 <strong>konserwacji<\/strong> sprz\u0119tu produkcyjnego. <\/p>\n\n<p>Aby poradzi\u0107 sobie z tymi zanieczyszczeniami, zazwyczaj si\u0119gamy po rozwi\u0105zania w zakresie wychwytywania, usuwania py\u0142u i filtracji, i s\u0142usznie. Jednak rozwi\u0105zania te rzadko wystarczaj\u0105 do ca\u0142kowitego rozwi\u0105zania problem\u00f3w z jako\u015bci\u0105 powietrza, zw\u0142aszcza gdy zanieczyszczenia s\u0105 rozproszone. Co wi\u0119cej, producenci urz\u0105dze\u0144 odpylaj\u0105cych i filtruj\u0105cych rzadko zobowi\u0105zuj\u0105 si\u0119 do utrzymywania poziom\u00f3w zanieczyszcze\u0144 w otoczeniu lub <strong>zgodno\u015bci z przepisami VLEP<\/strong>.  <\/p>\n\n<p><a href=\"https:\/\/obera.fr\/pl\/decouvrir\/\" data-type=\"page\" data-id=\"731\">OberA<\/a> oferuje <strong>innowacyjne i unikalne podej\u015bcie <\/strong>do<strong> zagwarantowania zdrowego powietrza. <\/strong>Podej\u015bcie to jest owocem ponad 20-letniego do\u015bwiadczenia w dziedzinie usuwania py\u0142u, filtracji i uzdatniania powietrza.  <\/p>\n\n<p><\/p>\n\n<div class=\"wp-block-buttons is-content-justification-center is-layout-flex wp-container-core-buttons-is-layout-a89b3969 wp-block-buttons-is-layout-flex\">\n<div class=\"wp-block-button\"><a class=\"wp-block-button__link wp-element-button\" href=\"https:\/\/obera.fr\/pl\/produits\/\">Odkryj nasz\u0105 gam\u0119 rozwi\u0105za\u0144 gwarantuj\u0105cych jako\u015b\u0107 powietrza<\/a><\/div>\n<\/div>\n\n<p><\/p>\n\n<h3 class=\"wp-block-heading\">OberA, nowa wizja oczyszczania powietrza<\/h3>\n\n<p>Dzi\u0119ki ponad 20-letniemu do\u015bwiadczeniu w usuwaniu py\u0142u, filtracji i oczyszczaniu powietrza, <strong>OberA oferuje globalne, innowacyjne i zorientowane na wyniki podej\u015bcie<\/strong> oparte na czterech kluczowych etapach:<\/p>\n\n<ol class=\"wp-block-list\">\n<li><strong>Precyzyjna diagnostyka<\/strong>: identyfikacja \u017ar\u00f3de\u0142 zanieczyszcze\u0144 oraz pomiar st\u0119\u017cenia i wielko\u015bci cz\u0105stek.<\/li>\n\n\n\n<li><strong>Niezobowi\u0105zuj\u0105ca faza testowa<\/strong>: instalacja sprz\u0119tu testowego lub wypo\u017cyczonego w celu sprawdzenia wydajno\u015bci technicznej i zagwarantowania wynik\u00f3w.<\/li>\n\n\n\n<li><strong>Wdro\u017cenie odpowiedniego rozwi\u0105zania<\/strong>: wychwytywanie u \u017ar\u00f3d\u0142a, oczyszczanie powietrza w otoczeniu (oczyszczanie), dok\u0142adna filtracja.<\/li>\n\n\n\n<li><strong>Monitorowanie w czasie rzeczywistym<\/strong>: ci\u0105g\u0142e monitorowanie jako\u015bci powietrza i po\u0142\u0105czona konserwacja (Przemys\u0142 4.0).<\/li>\n<\/ol>\n\n<blockquote class=\"wp-block-quote is-layout-flow wp-block-quote-is-layout-flow\">\n<p><strong>Insider trading dozwolony!<\/strong><\/p>\n<\/blockquote>\n\n<p>W ten spos\u00f3b <a href=\"https:\/\/obera.fr\/pl\/decouvrir\/nasi-klienci\/\" data-type=\"page\" data-id=\"743\">klienci OberA<\/a> inwestuj\u0105 w sprz\u0119t, kt\u00f3ry gwarantuje im lepszy poziom jako\u015bci powietrza, maj\u0105c jednocze\u015bnie pe\u0142n\u0105 wiedz\u0119 na temat wynik\u00f3w, koszt\u00f3w inwestycji i koszt\u00f3w eksploatacji.<\/p>\n\n<p><\/p>\n\n<div class=\"wp-block-buttons is-horizontal is-content-justification-center is-layout-flex wp-container-core-buttons-is-layout-03627597 wp-block-buttons-is-layout-flex\">\n<div class=\"wp-block-button\"><a class=\"wp-block-button__link wp-element-button\" href=\"https:\/\/obera.fr\/pl\/produits\/\">Odkryj nasz\u0105 pe\u0142n\u0105 ofert\u0119<\/a><\/div>\n<\/div>\n\n<div style=\"height:35px\" aria-hidden=\"true\" class=\"wp-block-spacer\"><\/div>\n\n<div class=\"wp-block-columns is-layout-flex wp-container-core-columns-is-layout-28f84493 wp-block-columns-is-layout-flex\">\n<div class=\"wp-block-column is-layout-flow wp-block-column-is-layout-flow\"><\/div>\n\n\n\n<div class=\"wp-block-column is-layout-flow wp-block-column-is-layout-flow\">\n<figure class=\"wp-block-video\"><video height=\"1080\" style=\"aspect-ratio: 1920 \/ 1080;\" width=\"1920\" autoplay=\"\" controls=\"\" loop=\"\" muted=\"\" poster=\"https:\/\/obera.fr\/wp-content\/uploads\/2025\/05\/capture-decran-2025-05-14-100342.png\" src=\"https:\/\/obera.fr\/wp-content\/uploads\/2025\/05\/made_in_france_obera_fr.mp4\"><\/video><\/figure>\n<\/div>\n\n\n\n<div class=\"wp-block-column is-layout-flow wp-block-column-is-layout-flow\"><\/div>\n<\/div>\n\n<p><\/p>\n\n<h3 class=\"wp-block-heading\">Inwestowanie z pewno\u015bci\u0105<\/h3>\n\n<p>Dzi\u0119ki OberA korzystasz ze sprawdzonych rozwi\u0105za\u0144, kt\u00f3re gwarantuj\u0105 wymiern\u0105 popraw\u0119 jako\u015bci powietrza, <strong>przy pe\u0142nej przejrzysto\u015bci wynik\u00f3w, inwestycji i koszt\u00f3w operacyjnych.<\/strong><\/p>\n\n<blockquote class=\"wp-block-quote is-layout-flow wp-block-quote-is-layout-flow\">\n<p>Poniewa\u017c zdrowe powietrze nie jest opcj\u0105, jest wymogiem.<\/p>\n\n\n\n<p><\/p>\n<\/blockquote>\n","protected":false},"excerpt":{"rendered":"<p>Tw\u00f3j partner dla zdrowego powietrza w miejscu pracy! We Francji zanieczyszczenie powietrza jest przyczyn\u0105 prawie 50 000 zgon\u00f3w rocznie. Podczas gdy wyzwania zwi\u0105zane z jako\u015bci\u0105 powietrza s\u0105 dobrze znane w \u015brodowiskach miejskich, pozostaj\u0105 one w du\u017cej mierze niedoceniane w miejscu pracy. Tymczasem powietrze w pomieszczeniach w firmach mo\u017ce by\u0107 od 10 do 50 razy bardziej zanieczyszczone ni\u017c powietrze na zewn\u0105trz. Istnieje wiele \u017ar\u00f3de\u0142 zanieczyszcze\u0144: Zanieczyszczenia te, zar\u00f3wno gazowe, jak i py\u0142owe, maj\u0105 bezpo\u015bredni wp\u0142yw na zdrowie pracownik\u00f3w, ale tak\u017ce na wydajno\u015b\u0107 przemys\u0142ow\u0105: zwi\u0119kszon\u0105 ilo\u015b\u0107 odpad\u00f3w, skargi klient\u00f3w, ni\u017csz\u0105 produktywno\u015b\u0107 i wy\u017csze koszty konserwacji. Innowacyjna odpowied\u017a na kontrastuj\u0105ce ograniczenia Nara\u017cenie na &#8230; <\/p>\n<p class=\"read-more-container\"><a title=\"Historia OberA\" class=\"read-more button\" href=\"https:\/\/obera.fr\/pl\/decouvrir\/histoire\/#more-42495\" aria-label=\"Dowiedz si\u0119 wi\u0119cej o Historia OberA\">Lire la suite<\/a><\/p>\n","protected":false},"author":4,"featured_media":84819,"parent":38048,"menu_order":0,"comment_status":"closed","ping_status":"closed","template":"","meta":{"_acf_changed":false,"_seopress_robots_primary_cat":"","_seopress_titles_title":"Odkryj histori\u0119 oberA od ponad 20 lat","_seopress_titles_desc":"Ponad 20 lat do\u015bwiadczenia w usuwaniu py\u0142u, filtracji i uzdatnianiu powietrza. OBERA oferuje innowacyjne i unikalne podej\u015bcie.","_seopress_robots_index":"","footnotes":""},"class_list":{"0":"post-42495","1":"page","2":"type-page","3":"status-publish","4":"has-post-thumbnail","6":"no-featured-image-padding","7":"resize-featured-image"},"acf":[],"_links":{"self":[{"href":"https:\/\/obera.fr\/pl\/wp-json\/wp\/v2\/pages\/42495","targetHints":{"allow":["GET"]}}],"collection":[{"href":"https:\/\/obera.fr\/pl\/wp-json\/wp\/v2\/pages"}],"about":[{"href":"https:\/\/obera.fr\/pl\/wp-json\/wp\/v2\/types\/page"}],"author":[{"embeddable":true,"href":"https:\/\/obera.fr\/pl\/wp-json\/wp\/v2\/users\/4"}],"replies":[{"embeddable":true,"href":"https:\/\/obera.fr\/pl\/wp-json\/wp\/v2\/comments?post=42495"}],"version-history":[{"count":4,"href":"https:\/\/obera.fr\/pl\/wp-json\/wp\/v2\/pages\/42495\/revisions"}],"predecessor-version":[{"id":101309,"href":"https:\/\/obera.fr\/pl\/wp-json\/wp\/v2\/pages\/42495\/revisions\/101309"}],"up":[{"embeddable":true,"href":"https:\/\/obera.fr\/pl\/wp-json\/wp\/v2\/pages\/38048"}],"wp:featuredmedia":[{"embeddable":true,"href":"https:\/\/obera.fr\/pl\/wp-json\/wp\/v2\/media\/84819"}],"wp:attachment":[{"href":"https:\/\/obera.fr\/pl\/wp-json\/wp\/v2\/media?parent=42495"}],"curies":[{"name":"wp","href":"https:\/\/api.w.org\/{rel}","templated":true}]}}