{"id":42933,"date":"2024-05-07T09:40:58","date_gmt":"2024-05-07T07:40:58","guid":{"rendered":"https:\/\/obera.fr\/nasze-produkty\/mobilne-jednostki-ssace\/tabela-mobilna-epurbox-tsp\/"},"modified":"2025-06-30T14:00:07","modified_gmt":"2025-06-30T12:00:07","slug":"epurbox-tsp","status":"publish","type":"page","link":"https:\/\/obera.fr\/pl\/produits\/caissons-mobiles-aspiration\/epurbox-tsp\/","title":{"rendered":"EpurBox TSP"},"content":{"rendered":"\n<div class=\"wp-block-columns is-layout-flex wp-container-core-columns-is-layout-28f84493 wp-block-columns-is-layout-flex\">\n<div class=\"wp-block-column is-vertically-aligned-top is-layout-flow wp-block-column-is-layout-flow\" style=\"flex-basis:33.33%\">\n<figure class=\"wp-block-image aligncenter size-full is-resized\"><img decoding=\"async\" width=\"1200\" height=\"1200\" src=\"https:\/\/obera.fr\/wp-content\/uploads\/2024\/05\/epurbox-tsp.png\" alt=\"st&#xF3;&#x142; ss&#x105;cy epurbox tsp\" class=\"wp-image-30348\" style=\"width:296px;height:346px\" srcset=\"https:\/\/obera.fr\/wp-content\/uploads\/2024\/05\/epurbox-tsp.png 1200w, https:\/\/obera.fr\/wp-content\/uploads\/2024\/05\/epurbox-tsp-300x300.png 300w, https:\/\/obera.fr\/wp-content\/uploads\/2024\/05\/epurbox-tsp-1024x1024.png 1024w, https:\/\/obera.fr\/wp-content\/uploads\/2024\/05\/epurbox-tsp-150x150.png 150w, https:\/\/obera.fr\/wp-content\/uploads\/2024\/05\/epurbox-tsp-768x768.png 768w\" sizes=\"(max-width: 1200px) 100vw, 1200px\" \/><figcaption class=\"wp-element-caption\">ePURbox TSP<\/figcaption><\/figure>\n<\/div>\n\n\n\n<div class=\"wp-block-column is-layout-flow wp-block-column-is-layout-flow\" style=\"flex-basis:66.66%\">\n<p><strong>St\u00f3\u0142 ss\u0105cy ePURBOX<\/strong> jest bezpo\u015brednio zintegrowany z urz\u0105dzeniem ePURBOX. Posiada w\u0142asny system filtracji i wentylator do usuwania zapach\u00f3w i lotnych zwi\u0105zk\u00f3w organicznych. Ok\u0142adzina tylnej \u015bciany zapewnia bardzo wydajne zasysanie i wychwytywanie zanieczyszcze\u0144 na ca\u0142ej powierzchni sto\u0142u ss\u0105cego.  <\/p>\n\n\n\n<p>Gruboziarniste cz\u0105stki s\u0105 filtrowane przez zintegrowany filtr wst\u0119pny (G4) w celu wyd\u0142u\u017cenia \u017cywotno\u015bci wk\u0142ad\u00f3w z w\u0119glem aktywnym.<\/p>\n\n\n\n<p>Ok\u0142adzina na \u015bcianach bocznych zapewnia bardzo wysoki poziom wychwytywania zapach\u00f3w na powierzchni sto\u0142u. Powietrze procesowe jest filtrowane przez w\u0119giel aktywny (typ A) i mo\u017ce by\u0107 ponownie wprowadzone do przestrzeni roboczej. <\/p>\n\n\n\n<hr class=\"wp-block-separator has-css-opacity is-style-dots\"\/>\n\n\n\n<div class=\"wp-block-columns is-layout-flex wp-container-core-columns-is-layout-28f84493 wp-block-columns-is-layout-flex\">\n<div class=\"wp-block-column is-layout-flow wp-block-column-is-layout-flow\" style=\"flex-basis:33.33%\">\n<div class=\"wp-block-buttons is-layout-flex wp-block-buttons-is-layout-flex\">\n<div class=\"wp-block-button\"><a class=\"wp-block-button__link wp-element-button\" href=\"https:\/\/obera.fr\/wp-content\/uploads\/2025\/04\/brochure-epurbox-tsp-atex-fr.pdf\">POBIERZ BROSZUR\u0118<\/a><\/div>\n<\/div>\n<\/div>\n\n\n\n<div class=\"wp-block-column is-layout-flow wp-block-column-is-layout-flow\" style=\"flex-basis:33.34%\">\n<div class=\"wp-block-buttons is-horizontal is-content-justification-center is-layout-flex wp-container-core-buttons-is-layout-03627597 wp-block-buttons-is-layout-flex\">\n<div class=\"wp-block-button has-custom-width wp-block-button__width-100\"><a class=\"wp-block-button__link wp-element-button\" href=\"https:\/\/obera.fr\/pl\/skontaktuj-sie-z-nami\/\">Dowiedz si\u0119 wi\u0119cej<\/a><\/div>\n<\/div>\n<\/div>\n\n\n\n<div class=\"wp-block-column is-layout-flow wp-block-column-is-layout-flow\" style=\"flex-basis:33.34%\">\n<div class=\"wp-block-buttons is-content-justification-center is-layout-flex wp-container-core-buttons-is-layout-a89b3969 wp-block-buttons-is-layout-flex\">\n<div class=\"wp-block-button btn-devis-source\"><a class=\"wp-block-button__link wp-element-button\" href=\"https:\/\/obera.fr\/pl\/devis\/\">Popro\u015b o wycen\u0119<\/a><\/div>\n<\/div>\n\n\n<script>\r\ndocument.addEventListener('DOMContentLoaded', function() {\r\n    \/\/ 1. On cherche le titre H1 de la page\r\n    var h1 = document.querySelector('h1');\r\n    var productTitle = h1 ? h1.innerText.trim() : \"\";\r\n\r\n    \/\/ 2. On cherche les boutons via la classe CSS .btn-devis-source\r\n    var buttons = document.querySelectorAll('.btn-devis-source a');\r\n\r\n    \/\/ 3. Si on a le titre et les boutons, on ajoute le param\u00e8tre\r\n    if (buttons.length > 0 && productTitle !== \"\") {\r\n        var encodedTitle = encodeURIComponent(productTitle);\r\n\r\n        buttons.forEach(function(btn) {\r\n            var currentHref = btn.getAttribute('href');\r\n            \r\n            \/\/ S\u00e9curit\u00e9 pour ne pas ajouter le param\u00e8tre 2 fois\r\n            if (currentHref.indexOf('sujet=') === -1) {\r\n                var separator = currentHref.indexOf('?') !== -1 ? '&' : '?';\r\n                var newLink = currentHref + separator + 'sujet=' + encodedTitle;\r\n                \r\n                btn.setAttribute('href', newLink);\r\n            }\r\n        });\r\n    }\r\n});\r\n<\/script><\/div>\n<\/div>\n\n\n\n<div style=\"height:45px\" aria-hidden=\"true\" class=\"wp-block-spacer\"><\/div>\n<\/div>\n<\/div>\n\n<div class=\"wp-block-columns is-layout-flex wp-container-core-columns-is-layout-28f84493 wp-block-columns-is-layout-flex\">\n<div class=\"wp-block-column is-layout-flow wp-block-column-is-layout-flow\" style=\"flex-basis:33.34%\">\n<h3 class=\"wp-block-heading\">Korzy\u015bci<\/h3>\n\n\n\n<ul class=\"wp-block-list\">\n<li>Wentylator o bardzo wysokiej wydajno\u015bci<\/li>\n\n\n\n<li>T\u0142umik<\/li>\n\n\n\n<li>Mobilny, lekki, \u0142atwy w obs\u0142udze<\/li>\n\n\n\n<li>Ma\u0142y \u015blad<\/li>\n\n\n\n<li>\u0141atwa konserwacja filtra<\/li>\n\n\n\n<li>Nat\u0119\u017cenie przep\u0142ywu regulowane w zakresie od 0 do 100%.<\/li>\n\n\n\n<li>System Plug &amp; Play<\/li>\n<\/ul>\n<\/div>\n\n\n\n<div class=\"wp-block-column is-layout-flow wp-block-column-is-layout-flow\" style=\"flex-basis:33.34%\">\n<h3 class=\"wp-block-heading\">Funkcje specjalne<\/h3>\n\n\n\n<ul class=\"wp-block-list\">\n<li>\u0141atwa wymiana medi\u00f3w filtracyjnych<\/li>\n\n\n\n<li>Mo\u017cliwo\u015b\u0107 rozbudowy i konfiguracji<\/li>\n\n\n\n<li>Atex 2 gaz \/ Atex 22 py\u0142<\/li>\n\n\n\n<li>Wysoka zdolno\u015b\u0107 adsorpcji<\/li>\n\n\n\n<li>Licznik godzin<\/li>\n\n\n\n<li>Wska\u017anik zabrudzenia filtra<\/li>\n\n\n\n<li>220V<\/li>\n<\/ul>\n<\/div>\n\n\n\n<div class=\"wp-block-column is-layout-flow wp-block-column-is-layout-flow\" style=\"flex-basis:33.33%\">\n<h3 class=\"wp-block-heading\">Cechy<\/h3>\n\n\n\n<ul class=\"wp-block-list\">\n<li>Maksymalny przep\u0142yw 1200 m3\/h<\/li>\n\n\n\n<li>\u015brednica wlotu 140 mm<\/li>\n\n\n\n<li>Maksymalne podci\u015bnienie 1350 Pa<\/li>\n\n\n\n<li>Moc znamionowa 0,75 kW<\/li>\n\n\n\n<li>Filtr z w\u0119glem aktywnym 15 kg<\/li>\n\n\n\n<li>Wymiary: 700 x 710 x 1060 mm<\/li>\n\n\n\n<li>Waga 90 kg<\/li>\n\n\n\n<li>Poziom ha\u0142asu 68 db<\/li>\n<\/ul>\n<\/div>\n<\/div>\n\n<h3 class=\"wp-block-heading\">Korzy\u015bci<\/h3>\n\n<p>St\u00f3\u0142 odci\u0105gowy ePURBOX zosta\u0142 zaprojektowany do <strong>u\u017cytku mobilnego i nadaje si\u0119 do pracy ci\u0105g\u0142ej<\/strong>. Jego solidna konstrukcja sprawia, \u017ce jest to kompaktowy, \u0142atwy w obs\u0142udze st\u00f3\u0142 odci\u0105gowy. Pod rusztem znajduje si\u0119 szuflada umo\u017cliwiaj\u0105ca \u0142atwe i czyste usuwanie odpad\u00f3w zebranych podczas procesu. Technologia EC zapewnia<strong> cich\u0105 <\/strong>i ekonomiczn\u0105 prac\u0119.   <\/p>\n\n<h3 class=\"wp-block-heading\">Funkcje specjalne<\/h3>\n\n<p>St\u00f3\u0142 ss\u0105cy ePURBOX jest wyposa\u017cony w pokr\u0119t\u0142o ci\u0105g\u0142ej regulacji przep\u0142ywu powietrza. <strong>Przep\u0142yw powietrza mo\u017cna regulowa\u0107 r\u0119cznie <\/strong>za pomoc\u0105 pokr\u0119t\u0142a. Dost\u0119pny jest r\u00f3wnie\u017c licznik godzin pracy, dzi\u0119ki czemu wiadomo na przyk\u0142ad, jak d\u0142ugo filtry znajduj\u0105 si\u0119 w \u015brodku i kiedy nale\u017cy je wymieni\u0107.  <\/p>\n\n<h3 class=\"wp-block-heading\">Cechy<\/h3>\n\n<p>Materia\u0142y u\u017cyte w konstrukcji<strong> sto\u0142u ss\u0105cego ePURBOX<\/strong> sprawiaj\u0105, \u017ce jest on wytrzyma\u0142y i \u0142atwy w obs\u0142udze. Jego mobilno\u015b\u0107 i wymiary sprawiaj\u0105, \u017ce st\u00f3\u0142 ten jest wydajnym miejscem pracy. <\/p>\n\n<h3 class=\"wp-block-heading\">Kt\u00f3re zanieczyszczenia mog\u0105 by\u0107 oczyszczane za pomoc\u0105 tabeli ePURBOX?<\/h3>\n\n<p>St\u00f3\u0142 ss\u0105cy ePURBOX TSP jest skuteczny przeciwko .<\/p>\n\n<ul class=\"wp-block-list\">\n<li>Cz\u0105steczki powstaj\u0105ce podczas szlifowania.<\/li>\n\n\n\n<li>Drobny i ultradrobny py\u0142;<\/li>\n\n\n\n<li>Opary metalu ;<\/li>\n\n\n\n<li>Szkodliwe gazy i opary ;<\/li>\n<\/ul>\n\n<p><\/p>\n\n<div class=\"wp-block-columns is-layout-flex wp-container-core-columns-is-layout-28f84493 wp-block-columns-is-layout-flex\">\n<div class=\"wp-block-column is-layout-flow wp-block-column-is-layout-flow\" style=\"flex-basis:25%\"><\/div>\n\n\n\n<div class=\"wp-block-column is-layout-flow wp-block-column-is-layout-flow\" style=\"flex-basis:50%\">\n<figure class=\"wp-block-embed is-type-video is-provider-youtube wp-block-embed-youtube wp-embed-aspect-16-9 wp-has-aspect-ratio\"><div class=\"wp-block-embed__wrapper\">\n<iframe title=\"Caisson mobile d&#039;aspiration - ePURbox Atex - OberA\" width=\"1200\" height=\"675\" src=\"https:\/\/www.youtube.com\/embed\/vpDttbOwJGQ?start=1&#038;feature=oembed\" frameborder=\"0\" allow=\"accelerometer; autoplay; clipboard-write; encrypted-media; gyroscope; picture-in-picture; web-share\" referrerpolicy=\"strict-origin-when-cross-origin\" allowfullscreen><\/iframe>\n<\/div><\/figure>\n\n\n\n<p><\/p>\n<\/div>\n\n\n\n<div class=\"wp-block-column is-layout-flow wp-block-column-is-layout-flow\" style=\"flex-basis:25%\"><\/div>\n<\/div>\n\n<h2 class=\"wp-block-heading\">Przemys\u0142owe zastosowania sto\u0142\u00f3w ss\u0105cych ATEX<\/h2>\n\n<div class=\"wp-block-columns is-layout-flex wp-container-core-columns-is-layout-28f84493 wp-block-columns-is-layout-flex\">\n<div class=\"wp-block-column is-layout-flow wp-block-column-is-layout-flow\">\n<h3 class=\"wp-block-heading has-text-align-center\">Zanieczyszczenia<\/h3>\n\n\n\n<div class=\"wp-block-columns is-layout-flex wp-container-core-columns-is-layout-28f84493 wp-block-columns-is-layout-flex\">\n<div class=\"wp-block-column is-layout-flow wp-block-column-is-layout-flow\">\n<figure class=\"wp-block-image aligncenter size-large\"><img decoding=\"async\" width=\"70\" height=\"70\" src=\"https:\/\/obera.fr\/wp-content\/uploads\/2021\/03\/industrie-fumees.jpg\" alt=\"opary przemys&#x142;owe\" class=\"wp-image-4971\"\/><figcaption class=\"wp-element-caption\">Opary<\/figcaption><\/figure>\n\n\n\n<figure class=\"wp-block-image aligncenter size-large\"><img decoding=\"async\" width=\"70\" height=\"70\" src=\"https:\/\/obera.fr\/wp-content\/uploads\/2021\/03\/industrie-odeur-2.jpg\" alt=\"przemys&#x142; zapachowy 2\" class=\"wp-image-4972\"\/><figcaption class=\"wp-element-caption\">Zapachy<\/figcaption><\/figure>\n<\/div>\n\n\n\n<div class=\"wp-block-column is-layout-flow wp-block-column-is-layout-flow\">\n<figure class=\"wp-block-image aligncenter size-large\"><img decoding=\"async\" width=\"70\" height=\"70\" src=\"https:\/\/obera.fr\/wp-content\/uploads\/2021\/03\/polluants-poussieres-1.jpg\" alt=\"zanieczyszczenia py&#x142;owe 1\" class=\"wp-image-4969\"\/><figcaption class=\"wp-element-caption\">Py\u0142<\/figcaption><\/figure>\n<\/div>\n<\/div>\n\n\n\n<p><\/p>\n<\/div>\n\n\n\n<div class=\"wp-block-column is-layout-flow wp-block-column-is-layout-flow\">\n<h3 class=\"wp-block-heading has-text-align-center\">bran\u017ce<\/h3>\n\n\n\n<div class=\"wp-block-columns is-layout-flex wp-container-core-columns-is-layout-28f84493 wp-block-columns-is-layout-flex\">\n<div class=\"wp-block-column is-layout-flow wp-block-column-is-layout-flow\">\n<figure class=\"wp-block-image aligncenter size-large\"><img decoding=\"async\" width=\"70\" height=\"70\" src=\"https:\/\/obera.fr\/wp-content\/uploads\/2021\/03\/industrie-metallurgie-1.jpg\" alt=\"przemys&#x142; metalurgiczny 1\" class=\"wp-image-4975\"\/><figcaption class=\"wp-element-caption\">Metalurgia<\/figcaption><\/figure>\n\n\n\n<figure class=\"wp-block-image aligncenter size-large\"><img decoding=\"async\" width=\"70\" height=\"70\" src=\"https:\/\/obera.fr\/wp-content\/uploads\/2021\/03\/industrie-textile.jpg\" alt=\"przemys&#x142; tekstylny\" class=\"wp-image-4980\"\/><figcaption class=\"wp-element-caption\">Tekstylia<\/figcaption><\/figure>\n\n\n\n<figure class=\"wp-block-image aligncenter size-large\"><img decoding=\"async\" width=\"70\" height=\"70\" src=\"https:\/\/obera.fr\/wp-content\/uploads\/2021\/03\/industrie-chimie-1.jpg\" alt=\"przemys&#x142; chemiczny 1\" class=\"wp-image-4981\"\/><figcaption class=\"wp-element-caption\">Chemia<\/figcaption><\/figure>\n\n\n\n<figure class=\"wp-block-image aligncenter size-large\"><img decoding=\"async\" width=\"70\" height=\"70\" src=\"https:\/\/obera.fr\/wp-content\/uploads\/2021\/03\/industrie-minerai.jpg\" alt=\"przemys&#x142; mineralny\" class=\"wp-image-4977\"\/><figcaption class=\"wp-element-caption\">Minera\u0142y<\/figcaption><\/figure>\n<\/div>\n\n\n\n<div class=\"wp-block-column is-layout-flow wp-block-column-is-layout-flow\">\n<figure class=\"wp-block-image aligncenter size-large\"><img decoding=\"async\" width=\"70\" height=\"70\" src=\"https:\/\/obera.fr\/wp-content\/uploads\/2020\/08\/industrie-bois.jpg\" alt=\"INSTYTUT NAUK PARAMEDYCZNYCH I ZARZ&#x104;DZANIA - Zarz&#x105;dzanie\" class=\"wp-image-672\"\/><figcaption class=\"wp-element-caption\">Obr\u00f3bka drewna<\/figcaption><\/figure>\n\n\n\n<figure class=\"wp-block-image aligncenter size-large\"><img decoding=\"async\" width=\"70\" height=\"70\" src=\"https:\/\/obera.fr\/wp-content\/uploads\/2021\/03\/industrie-plastique.jpg\" alt=\"przemys&#x142; tworzyw sztucznych\" class=\"wp-image-4976\"\/><figcaption class=\"wp-element-caption\">Tworzywa sztuczne<\/figcaption><\/figure>\n\n\n\n<figure class=\"wp-block-image aligncenter size-large\"><img decoding=\"async\" width=\"70\" height=\"70\" src=\"https:\/\/obera.fr\/wp-content\/uploads\/2021\/03\/industrie-papier-carton.jpg\" alt=\"przemys&#x142; papierniczy i tekturowy\" class=\"wp-image-4982\"\/><figcaption class=\"wp-element-caption\">Papier\/karton<\/figcaption><\/figure>\n\n\n\n<figure class=\"wp-block-image aligncenter size-large\"><img decoding=\"async\" width=\"70\" height=\"70\" src=\"https:\/\/obera.fr\/wp-content\/uploads\/2020\/08\/industrie-dechets.jpg\" alt=\"Produkt - Marka\" class=\"wp-image-726\"\/><figcaption class=\"wp-element-caption\">Zbieranie i sortowanie odpad\u00f3w<\/figcaption><\/figure>\n<\/div>\n<\/div>\n<\/div>\n<\/div>\n\n<p>W przemy\u015ble lotniczym <strong>mobilna jednostka odpylaj\u0105ca ePURbox TSP<\/strong> jest u\u017cywana do szlifowania cz\u0119\u015bci aluminiowych, kt\u00f3re generuj\u0105 drobny py\u0142. Te aluminiowe proszki stanowi\u0105 zagro\u017cenie dla zdrowia operator\u00f3w, a tak\u017ce <strong>zagro\u017cenie ATEX<\/strong>. Decyduj\u0105c si\u0119 na model ePURbox ATEX TSP, producent znacznie zmniejszy\u0142 ryzyko zwi\u0105zane z \u0142atwopalnymi py\u0142ami i zaspokoi\u0142 potrzeb\u0119 elastyczno\u015bci, wybieraj\u0105c sprz\u0119t mobilny.  <\/p>\n\n<div class=\"wp-block-buttons is-horizontal is-content-justification-center is-layout-flex wp-container-core-buttons-is-layout-03627597 wp-block-buttons-is-layout-flex\">\n<div class=\"wp-block-button has-custom-width wp-block-button__width-100\"><a class=\"wp-block-button__link wp-element-button\" href=\"https:\/\/obera.fr\/pl\/skontaktuj-sie-z-nami\/\">Dowiedz si\u0119 wi\u0119cej<\/a><\/div>\n<\/div>\n\n<figure class=\"wp-block-table\"><table class=\"has-fixed-layout\"><thead><tr><th>Produkt<\/th><th><\/th><th>ePURbox<\/th><\/tr><\/thead><tbody><tr><td>Maks. przep\u0142yw powietrza<\/td><td>m3\/h<\/td><td>1200<\/td><\/tr><tr><td>Napi\u0119cie zasilania<\/td><td>V<\/td><td>220<\/td><\/tr><tr><td>Moc<\/td><td>kW<\/td><td>0.75<\/td><\/tr><tr><td>Powierzchnia ss\u0105ca<\/td><td>mm<\/td><td>570 x 460<\/td><\/tr><tr><td>Filtr z w\u0119glem aktywnym<\/td><td>kg<\/td><td>15<\/td><\/tr><tr><td>Wymiary<\/td><td>mm (d\u0142. x szer. x wys.)<\/td><td>700 x 710 x 1060 mm<\/td><\/tr><tr><td>Waga<\/td><td>kg<\/td><td>90<\/td><\/tr><tr><td>Poziom ha\u0142asu<\/td><td>dB(A)<\/td><td>68<\/td><\/tr><\/tbody><\/table><\/figure>\n","protected":false},"excerpt":{"rendered":"<p>St\u00f3\u0142 ss\u0105cy ePURBOX jest bezpo\u015brednio zintegrowany z urz\u0105dzeniem ePURBOX. Posiada w\u0142asny system filtracji i wentylator do usuwania zapach\u00f3w i lotnych zwi\u0105zk\u00f3w organicznych. Ok\u0142adzina tylnej \u015bciany zapewnia bardzo wydajne zasysanie i wychwytywanie zanieczyszcze\u0144 na ca\u0142ej powierzchni sto\u0142u ss\u0105cego. Gruboziarniste cz\u0105stki s\u0105 filtrowane przez zintegrowany filtr wst\u0119pny (G4) w celu wyd\u0142u\u017cenia \u017cywotno\u015bci wk\u0142ad\u00f3w z w\u0119glem aktywnym. Ok\u0142adzina na \u015bcianach bocznych zapewnia bardzo wysoki poziom wychwytywania zapach\u00f3w na powierzchni sto\u0142u. Powietrze procesowe jest filtrowane przez w\u0119giel aktywny (typ A) i mo\u017ce by\u0107 ponownie wprowadzone do przestrzeni roboczej. Korzy\u015bci Funkcje specjalne Cechy Korzy\u015bci St\u00f3\u0142 odci\u0105gowy ePURBOX zosta\u0142 zaprojektowany do u\u017cytku mobilnego i nadaje si\u0119 &#8230; <\/p>\n<p class=\"read-more-container\"><a title=\"EpurBox TSP\" class=\"read-more button\" href=\"https:\/\/obera.fr\/pl\/produits\/caissons-mobiles-aspiration\/epurbox-tsp\/#more-42933\" aria-label=\"Dowiedz si\u0119 wi\u0119cej o EpurBox TSP\">Lire la suite<\/a><\/p>\n","protected":false},"author":4,"featured_media":83746,"parent":39645,"menu_order":0,"comment_status":"closed","ping_status":"closed","template":"","meta":{"_acf_changed":false,"_seopress_robots_primary_cat":"","_seopress_titles_title":"Table mobile ePURBOX TSP - oberA","_seopress_titles_desc":"","_seopress_robots_index":"","footnotes":""},"class_list":{"0":"post-42933","1":"page","2":"type-page","3":"status-publish","4":"has-post-thumbnail","6":"no-featured-image-padding","7":"resize-featured-image"},"acf":[],"_links":{"self":[{"href":"https:\/\/obera.fr\/pl\/wp-json\/wp\/v2\/pages\/42933","targetHints":{"allow":["GET"]}}],"collection":[{"href":"https:\/\/obera.fr\/pl\/wp-json\/wp\/v2\/pages"}],"about":[{"href":"https:\/\/obera.fr\/pl\/wp-json\/wp\/v2\/types\/page"}],"author":[{"embeddable":true,"href":"https:\/\/obera.fr\/pl\/wp-json\/wp\/v2\/users\/4"}],"replies":[{"embeddable":true,"href":"https:\/\/obera.fr\/pl\/wp-json\/wp\/v2\/comments?post=42933"}],"version-history":[{"count":23,"href":"https:\/\/obera.fr\/pl\/wp-json\/wp\/v2\/pages\/42933\/revisions"}],"predecessor-version":[{"id":116235,"href":"https:\/\/obera.fr\/pl\/wp-json\/wp\/v2\/pages\/42933\/revisions\/116235"}],"up":[{"embeddable":true,"href":"https:\/\/obera.fr\/pl\/wp-json\/wp\/v2\/pages\/39645"}],"wp:featuredmedia":[{"embeddable":true,"href":"https:\/\/obera.fr\/pl\/wp-json\/wp\/v2\/media\/83746"}],"wp:attachment":[{"href":"https:\/\/obera.fr\/pl\/wp-json\/wp\/v2\/media?parent=42933"}],"curies":[{"name":"wp","href":"https:\/\/api.w.org\/{rel}","templated":true}]}}