{"id":44133,"date":"2020-08-26T12:41:56","date_gmt":"2020-08-26T10:41:56","guid":{"rendered":"https:\/\/obera.fr\/nasze-produkty\/przemyslowe-oczyszczacze-powietrza\/oczyszczacz-powietrza-z-pylu-epur-b01-ecoprime\/"},"modified":"2026-02-10T18:16:24","modified_gmt":"2026-02-10T16:16:24","slug":"oczyszczacz-powietrza-z-pylu-epur-b01-ecoprime","status":"publish","type":"page","link":"https:\/\/obera.fr\/pl\/produits\/purificateurs-air\/oczyszczacz-powietrza-z-pylu-epur-b01-ecoprime\/","title":{"rendered":"Oczyszczacz powietrza z py\u0142u ePUR B01 Ecoprime"},"content":{"rendered":"\n<p><strong>ePUR B01 Ecoprime<\/strong> to <a href=\"https:\/\/obera.fr\/pl\/produits\/purificateurs-air\/\" data-type=\"page\" data-id=\"26\">profesjonalny oczyszczacz powietrza<\/a> do ma\u0142ych pomieszcze\u0144.<\/p>\n\n\n<h2 class=\"wp-block-heading\" id=\"comment-fonctionne-notre-purificateur-d-air\">Jak dzia\u0142a nasz oczyszczacz powietrza?<\/h2>\n\n<div class=\"wp-block-columns is-layout-flex wp-container-core-columns-is-layout-28f84493 wp-block-columns-is-layout-flex\">\n<div class=\"wp-block-column is-layout-flow wp-block-column-is-layout-flow\" style=\"flex-basis:33.33%\">\n<figure class=\"wp-block-image aligncenter size-medium\"><img decoding=\"async\" width=\"300\" height=\"300\" src=\"https:\/\/obera.fr\/wp-content\/uploads\/2020\/09\/epur-b01-ecoprime-300x300.jpg\" alt=\"Epur B01 Ecoprime\" class=\"wp-image-1008\" srcset=\"https:\/\/obera.fr\/wp-content\/uploads\/2020\/09\/epur-b01-ecoprime-300x300.jpg 300w, https:\/\/obera.fr\/wp-content\/uploads\/2020\/09\/epur-b01-ecoprime-150x150.jpg 150w, https:\/\/obera.fr\/wp-content\/uploads\/2020\/09\/epur-b01-ecoprime.jpg 433w\" sizes=\"(max-width: 300px) 100vw, 300px\" \/><\/figure>\n<\/div>\n\n\n\n<div class=\"wp-block-column is-layout-flow wp-block-column-is-layout-flow\" style=\"flex-basis:66.66%\">\n<p>Spos\u00f3b dzia\u0142ania jest prosty: zanieczyszczone powietrze jest zasysane w g\u00f3rnej cz\u0119\u015bci urz\u0105dzenia, a nast\u0119pnie przechodzi przez kilka warstw filtracji wewn\u0105trz urz\u0105dzenia, po czym jest odprowadzane w dolnej cz\u0119\u015bci bezpo\u015brednio do miejsca pracy.<\/p>\n\n\n\n<h3 class=\"wp-block-heading\" id=\"a-quelles-utilisations-convient-il\">Jakie s\u0105 jego zastosowania?<\/h3>\n\n\n\n<p>To urz\u0105dzenie do <strong>oczyszczania powietrza<\/strong> jest odpowiednie praktycznie dla ka\u017cdego rodzaju przedsi\u0119biorstwa. B\u0119dzie skuteczny w ma\u0142ych i \u015brednich przestrzeniach, takich jak biura, sale konferencyjne, salony fryzjerskie, studia paznokci, hotele, pralnie chemiczne, sale gimnastyczne, gabinety lekarskie, denty\u015bci, domy opieki, warsztaty rzemie\u015blnicze lub szko\u0142y itp.<\/p>\n\n\n\n<div class=\"wp-block-columns is-layout-flex wp-container-core-columns-is-layout-28f84493 wp-block-columns-is-layout-flex\">\n<div class=\"wp-block-column is-layout-flow wp-block-column-is-layout-flow\" style=\"flex-basis:33.34%\">\n<div class=\"wp-block-buttons is-content-justification-center is-layout-flex wp-container-core-buttons-is-layout-a89b3969 wp-block-buttons-is-layout-flex\">\n<div class=\"wp-block-button\"><a class=\"wp-block-button__link wp-element-button\" href=\"https:\/\/obera.fr\/wp-content\/uploads\/2023\/10\/brochure-ecoprime.pdf\">Pobierz broszur\u0119<\/a><\/div>\n<\/div>\n<\/div>\n\n\n\n<div class=\"wp-block-column is-layout-flow wp-block-column-is-layout-flow\" style=\"flex-basis:33.33%\"><\/div>\n\n\n\n<div class=\"wp-block-column is-layout-flow wp-block-column-is-layout-flow\" style=\"flex-basis:33.33%\">\n<div class=\"wp-block-buttons is-content-justification-center is-layout-flex wp-container-core-buttons-is-layout-a89b3969 wp-block-buttons-is-layout-flex\">\n<div class=\"wp-block-button btn-devis-source\"><a class=\"wp-block-button__link wp-element-button\" href=\"https:\/\/obera.fr\/pl\/devis\/\">Popro\u015b o wycen\u0119<\/a><\/div>\n<\/div>\n\n\n<script>\r\ndocument.addEventListener('DOMContentLoaded', function() {\r\n    \/\/ 1. On cherche le titre H1 de la page\r\n    var h1 = document.querySelector('h1');\r\n    var productTitle = h1 ? h1.innerText.trim() : \"\";\r\n\r\n    \/\/ 2. On cherche les boutons via la classe CSS .btn-devis-source\r\n    var buttons = document.querySelectorAll('.btn-devis-source a');\r\n\r\n    \/\/ 3. Si on a le titre et les boutons, on ajoute le param\u00e8tre\r\n    if (buttons.length > 0 && productTitle !== \"\") {\r\n        var encodedTitle = encodeURIComponent(productTitle);\r\n\r\n        buttons.forEach(function(btn) {\r\n            var currentHref = btn.getAttribute('href');\r\n            \r\n            \/\/ S\u00e9curit\u00e9 pour ne pas ajouter le param\u00e8tre 2 fois\r\n            if (currentHref.indexOf('sujet=') === -1) {\r\n                var separator = currentHref.indexOf('?') !== -1 ? '&' : '?';\r\n                var newLink = currentHref + separator + 'sujet=' + encodedTitle;\r\n                \r\n                btn.setAttribute('href', newLink);\r\n            }\r\n        });\r\n    }\r\n});\r\n<\/script><\/div>\n<\/div>\n<\/div>\n<\/div>\n\n<h2 class=\"wp-block-heading\" id=\"quels-polluants-puis-je-traiter-avec-le-purificateur-d-air-epur-b01-ecoprime\">Jakie zanieczyszczenia mog\u0119 usun\u0105\u0107 za pomoc\u0105 oczyszczacza powietrza ePUR B01 Ecoprime?<\/h2>\n\n<p>Oczyszczacz powietrza ePUR B01 Ecoprime mo\u017ce by\u0107 wyposa\u017cony w r\u00f3\u017cne konfiguracje filtracji. Standardowo zawiera stopie\u0144 filtracji molekularnej z w\u0119glem aktywnym dla <strong>zanieczyszcze\u0144 gazowych<\/strong> (LZO, zapachy, formaldehydy,\u2026) oraz stopie\u0144 <strong>filtracji cz\u0105steczkowej<\/strong> (filtr nasyceniowy klasy F do HEPA do usuwania drobnych py\u0142\u00f3w, zanieczyszcze\u0144 gazowych, zapach\u00f3w, LZO, a tak\u017ce wirus\u00f3w i bakterii obecnych w powietrzu.<\/p>\n\n<div class=\"wp-block-buttons is-horizontal is-content-justification-center is-layout-flex wp-container-core-buttons-is-layout-03627597 wp-block-buttons-is-layout-flex\">\n<div class=\"wp-block-button has-custom-width wp-block-button__width-100\"><a class=\"wp-block-button__link wp-element-button\" href=\"https:\/\/obera.fr\/pl\/skontaktuj-sie-z-nami\/\">Dowiedz si\u0119 wi\u0119cej<\/a><\/div>\n<\/div>\n\n<div style=\"height:20px\" aria-hidden=\"true\" class=\"wp-block-spacer\"><\/div>\n\n<div class=\"wp-block-columns is-layout-flex wp-container-core-columns-is-layout-28f84493 wp-block-columns-is-layout-flex\">\n<div class=\"wp-block-column is-layout-flow wp-block-column-is-layout-flow\">\n<h3 class=\"wp-block-heading has-text-align-center\" id=\"polluants\">Zanieczyszczenia<\/h3>\n\n\n\n<hr class=\"wp-block-separator has-css-opacity is-style-wide\"\/>\n\n\n\n<div class=\"wp-block-columns is-layout-flex wp-container-core-columns-is-layout-28f84493 wp-block-columns-is-layout-flex\">\n<div class=\"wp-block-column is-layout-flow wp-block-column-is-layout-flow\">\n<figure class=\"wp-block-image aligncenter size-large\"><img decoding=\"async\" width=\"70\" height=\"70\" src=\"https:\/\/obera.fr\/wp-content\/uploads\/2020\/08\/polluants-poussieres.jpg\" alt=\"Zanieczyszczenia Py&#x142;y\" class=\"wp-image-675\"\/><figcaption class=\"wp-element-caption\">Py\u0142<\/figcaption><\/figure>\n<\/div>\n\n\n\n<div class=\"wp-block-column is-layout-flow wp-block-column-is-layout-flow\">\n<figure class=\"wp-block-image aligncenter size-large\"><img decoding=\"async\" width=\"70\" height=\"70\" src=\"https:\/\/obera.fr\/wp-content\/uploads\/2020\/10\/industrie-aerosols.jpg\" alt=\"Aerozole przemys&#x142;owe\" class=\"wp-image-1201\"\/><figcaption class=\"wp-element-caption\">Aerozole<\/figcaption><\/figure>\n<\/div>\n<\/div>\n\n\n\n<p><\/p>\n<\/div>\n\n\n\n<div class=\"wp-block-column is-layout-flow wp-block-column-is-layout-flow\">\n<h3 class=\"wp-block-heading has-text-align-center\" id=\"industries\">Bran\u017ce<\/h3>\n\n\n\n<hr class=\"wp-block-separator has-css-opacity is-style-wide\"\/>\n\n\n\n<p>Odpowiedni dla wszystkich rodzaj\u00f3w firm, b\u0119dzie niezb\u0119dny w :<\/p>\n\n\n\n<ul class=\"wp-block-list\">\n<li>Biura i sale konferencyjne<\/li>\n\n\n\n<li>Powierzchnie typu open space<\/li>\n\n\n\n<li>Rzemie\u015blnicy<\/li>\n\n\n\n<li>Fryzjerzy<\/li>\n\n\n\n<li>Zdobienie paznokci<\/li>\n\n\n\n<li>Handel papierosami elektronicznymi i p\u0142ynami do e-papieros\u00f3w<\/li>\n\n\n\n<li>Praktyki medyczne<\/li>\n\n\n\n<li>Denty\u015bci<\/li>\n\n\n\n<li>Technicy dentystyczni<\/li>\n\n\n\n<li>EPHAD<\/li>\n\n\n\n<li>Optycy<\/li>\n\n\n\n<li>Hotele<\/li>\n\n\n\n<li>Restauracje<\/li>\n\n\n\n<li>Sklepy z gotow\u0105 odzie\u017c\u0105<\/li>\n\n\n\n<li>Naci\u015bni\u0119cie<\/li>\n\n\n\n<li>Centra sportowe i fitness<\/li>\n\n\n\n<li>Premiery<\/li>\n\n\n\n<li>Przedszkola i szko\u0142y<\/li>\n<\/ul>\n<\/div>\n<\/div>\n\n<h2 class=\"wp-block-heading\" id=\"quelles-sont-les-caracteristiques-du-purificateur-d-air-epur-b01-ecoprime\">Jakie s\u0105 cechy oczyszczacza powietrza ePUR B01 Ecoprime?<\/h2>\n\n<figure class=\"wp-block-image alignright size-medium\"><img decoding=\"async\" width=\"300\" height=\"206\" src=\"https:\/\/obera.fr\/wp-content\/uploads\/2020\/10\/epur-ecoprime-300x206.jpg\" alt=\"Epur Ecoprime\" class=\"wp-image-1240\" srcset=\"https:\/\/obera.fr\/wp-content\/uploads\/2020\/10\/epur-ecoprime-300x206.jpg 300w, https:\/\/obera.fr\/wp-content\/uploads\/2020\/10\/epur-ecoprime-768x528.jpg 768w, https:\/\/obera.fr\/wp-content\/uploads\/2020\/10\/epur-ecoprime.jpg 900w\" sizes=\"(max-width: 300px) 100vw, 300px\" \/><figcaption class=\"wp-element-caption\">EcoPrime<\/figcaption><\/figure>\n\n<p>To urz\u0105dzenie jest wyposa\u017cone w <strong>wysokowydajny filtr cz\u0105steczkowy impregnowany w\u0119glem<\/strong>, co pozwala mu wychwytywa\u0107 ponad 99,9% py\u0142\u00f3w i zanieczyszcze\u0144 gazowych. Jego moc jest w pe\u0142ni regulowana i pozwala dostosowa\u0107 przep\u0142yw do potrzeb. Kompaktowy, o wymiarach 25x25x33cm, dzi\u0119ki czemu bardzo dobrze dopasuje si\u0119 nawet do ma\u0142ego \u015brodowiska pracy. <\/p>\n\n<p>Mo\u017ce skutecznie oczyszcza\u0107 powietrze na powierzchni do 60m\u00b2. Ekonomiczny, jego zu\u017cycie energii klasy A+ wynosi tylko 14W. Oczyszczacz powietrza ePUR B01 Ecoprime jest <strong>cichy<\/strong>, jego niski poziom ha\u0142asu wynosz\u0105cy 48db przy pe\u0142nej mocy pozwoli na umieszczenie go blisko siebie, nie przeszkadzaj\u0105c.<\/p>\n\n<h2 class=\"wp-block-heading\" id=\"quels-sont-ses-avantages\"><strong>Jakie s\u0105 jego zalety?<\/strong><\/h2>\n\n<p>Przede wszystkim oczyszczacz powietrza chroni pracownik\u00f3w przed drobnymi cz\u0105stkami i innymi zanieczyszczeniami gazowymi, pomagaj\u0105c unikn\u0105\u0107 wszelkiego rodzaju chor\u00f3b p\u0142uc lub serca. <strong>Filtracja HEPA<\/strong> pozwala r\u00f3wnie\u017c wyeliminowa\u0107 wirusy, bakterie i zarodniki, aby ograniczy\u0107 epidemie wywo\u0142ywane przez patogeny, alergeny i czynniki przenoszone drog\u0105 powietrzn\u0105.<\/p>\n\n<p>Istnieje r\u00f3wnie\u017c korzy\u015b\u0107 w postaci koszt\u00f3w sprz\u0105tania. Rzeczywi\u015bcie, urz\u0105dzenie usuwa py\u0142y i inne zanieczyszczenia, kt\u00f3re pod jego nieobecno\u015b\u0107 osadza\u0142yby si\u0119 w Twojej przestrzeni roboczej. Ponadto nie wymaga prawie \u017cadnej konserwacji. W zale\u017cno\u015bci od u\u017cytkowania i poziomu zanieczyszcze\u0144 w pomieszczeniu, jego filtry nale\u017cy wymienia\u0107 tylko raz w roku. Ten kompaktowy oczyszczacz powietrza o nowoczesnym i eleganckim wygl\u0105dzie z \u0142atwo\u015bci\u0105 dopasuje si\u0119 do Twojego pomieszczenia.<\/p>\n\n<p>W niekt\u00f3rych przypadkach nasz profesjonalny oczyszczacz powietrza jest u\u017cywany w celu zapewnienia zgodno\u015bci z limitem nara\u017cenia zawodowego (OEL).<\/p>\n\n<div class=\"wp-block-columns is-layout-flex wp-container-core-columns-is-layout-28f84493 wp-block-columns-is-layout-flex\">\n<div class=\"wp-block-column is-layout-flow wp-block-column-is-layout-flow\">\n<h3 class=\"wp-block-heading has-text-align-center\" id=\"avantages\">Korzy\u015bci<\/h3>\n\n\n\n<ul class=\"wp-block-list\">\n<li>Syntetyczny filtr HEPA impregnowany wysokowydajnym w\u0119glem aktywnym.<\/li>\n\n\n\n<li>Ekonomiczny: maks. 14W<\/li>\n\n\n\n<li>Maksymalna wydajno\u015b\u0107 do 60 m\u00b2.<\/li>\n<\/ul>\n<\/div>\n\n\n\n<div class=\"wp-block-column is-layout-flow wp-block-column-is-layout-flow\">\n<h3 class=\"wp-block-heading has-text-align-center\" id=\"particularites\">Funkcje specjalne<\/h3>\n\n\n\n<ul class=\"wp-block-list\">\n<li>Moc regulowana w zakresie od 0 do 100%.<\/li>\n\n\n\n<li>Nowoczesny, uporz\u0105dkowany design<\/li>\n\n\n\n<li>Kompaktowy 25 cm x 25 cm x 33 cm<\/li>\n\n\n\n<li>Cichy: maks. 48 dB przy pe\u0142nej mocy<\/li>\n<\/ul>\n<\/div>\n\n\n\n<div class=\"wp-block-column is-layout-flow wp-block-column-is-layout-flow\">\n<h3 class=\"wp-block-heading has-text-align-center\" id=\"caracteristiques\">Cechy<\/h3>\n\n\n\n<ul class=\"wp-block-list\">\n<li>Filtracja ponad 99,9% drobnych cz\u0105stek i lotnych zwi\u0105zk\u00f3w organicznych (VOC)<\/li>\n\n\n\n<li>Filtruje wirusy, bakterie i zarodniki: pomaga ograniczy\u0107 epidemie powodowane przez patogeny przenoszone drog\u0105 powietrzn\u0105.<\/li>\n<\/ul>\n<\/div>\n<\/div>\n\n<div class=\"wp-block-buttons is-horizontal is-content-justification-center is-layout-flex wp-container-core-buttons-is-layout-03627597 wp-block-buttons-is-layout-flex\">\n<div class=\"wp-block-button has-custom-width wp-block-button__width-100\"><a class=\"wp-block-button__link wp-element-button\" href=\"https:\/\/obera.fr\/pl\/skontaktuj-sie-z-nami\/\">Dowiedz si\u0119 wi\u0119cej<\/a><\/div>\n<\/div>\n\n<h2 class=\"wp-block-heading\" id=\"exemples-de-domaine-d-application-pour-le-epur-b01-ecoprime\">Przyk\u0142ady zastosowa\u0144 ePUR B01 Ecoprime :<\/h2>\n\n<h3 class=\"wp-block-heading\" id=\"secteur-medical-hopitaux-ehpad-veterinaires-pedicures-podologues-dentistes-et-prothesistes-dentaires-cabinets-medicaux-espaces-funeraires\">Sektor medyczny (szpitale, domy opieki, weterynarze, protetycy, denty\u015bci i technicy dentystyczni, gabinety lekarskie, domy pogrzebowe)<\/h3>\n\n<p>Potrzeby s\u0105 zr\u00f3\u017cnicowane:<\/p>\n\n<ul class=\"wp-block-list\">\n<li>Poprawa jako\u015bci powietrza w celu <strong>zmniejszenia zanieczyszczenia powietrza<\/strong>(wirusy, bakterie)<\/li>\n\n\n\n<li>Dezynfekcja i <strong>zapobieganie rozprzestrzenianiu si\u0119 wirus\u00f3w<\/strong>, bakterii itp.<\/li>\n\n\n\n<li>Eliminacja uci\u0105\u017cliwych zapach\u00f3w i <strong>neutralizacja r\u00f3\u017cnego rodzaju zanieczyszcze\u0144 zapachowych<\/strong><\/li>\n\n\n\n<li><strong>Zmniejszenie poziomu zapylenia<\/strong> spowodowanego czynno\u015bciami generuj\u0105cymi py\u0142<\/li>\n<\/ul>\n\n<h2 class=\"wp-block-heading\" id=\"les-autres-purificateur-d-air-de-la-marque-obera\">Pozosta\u0142e oczyszczacze powietrza marki oberA<\/h2>\n\n<div class=\"wp-block-columns is-layout-flex wp-container-core-columns-is-layout-28f84493 wp-block-columns-is-layout-flex\">\n<div class=\"wp-block-column is-layout-flow wp-block-column-is-layout-flow\">\n<figure class=\"wp-block-image aligncenter size-full is-resized\"><a href=\"https:\/\/obera.fr\/produits\/purificateurs-air\/filtower\/\"><img decoding=\"async\" width=\"184\" height=\"300\" src=\"https:\/\/obera.fr\/wp-content\/uploads\/2026\/01\/image-filtower.png\" alt=\"obraz filtower\" class=\"wp-image-138903\" style=\"object-fit:contain;width:150px;height:150px\"\/><\/a><figcaption class=\"wp-element-caption\">Filtower<\/figcaption><\/figure>\n<\/div>\n\n\n\n<div class=\"wp-block-column is-layout-flow wp-block-column-is-layout-flow\">\n<figure class=\"wp-block-image aligncenter size-medium is-resized\"><a href=\"https:\/\/obera.fr\/produits\/purificateurs-air\/professionnel-epur-ca\/\"><img decoding=\"async\" width=\"300\" height=\"300\" src=\"https:\/\/obera.fr\/wp-content\/uploads\/2026\/01\/image-epur-ca-300x300.png\" alt=\"obraz epur ca\" class=\"wp-image-138874\" style=\"width:150px;height:150px\" srcset=\"https:\/\/obera.fr\/wp-content\/uploads\/2026\/01\/image-epur-ca-300x300.png 300w, https:\/\/obera.fr\/wp-content\/uploads\/2026\/01\/image-epur-ca-1024x1024.png 1024w, https:\/\/obera.fr\/wp-content\/uploads\/2026\/01\/image-epur-ca-150x150.png 150w, https:\/\/obera.fr\/wp-content\/uploads\/2026\/01\/image-epur-ca-768x768.png 768w, https:\/\/obera.fr\/wp-content\/uploads\/2026\/01\/image-epur-ca.png 1200w\" sizes=\"(max-width: 300px) 100vw, 300px\" \/><\/a><figcaption class=\"wp-element-caption\">ePUR CA<\/figcaption><\/figure>\n<\/div>\n\n\n\n<div class=\"wp-block-column is-layout-flow wp-block-column-is-layout-flow\">\n<figure class=\"wp-block-image aligncenter size-full is-resized\"><a href=\"https:\/\/obera.fr\/produits\/purificateurs-air\/industriel-epur\/\"><img decoding=\"async\" width=\"1200\" height=\"1200\" src=\"https:\/\/obera.fr\/wp-content\/uploads\/2026\/01\/image-gamme-epur.png\" alt=\"obraz serii epur\" class=\"wp-image-138868\" style=\"width:180px;height:auto\" srcset=\"https:\/\/obera.fr\/wp-content\/uploads\/2026\/01\/image-gamme-epur.png 1200w, https:\/\/obera.fr\/wp-content\/uploads\/2026\/01\/image-gamme-epur-300x300.png 300w, https:\/\/obera.fr\/wp-content\/uploads\/2026\/01\/image-gamme-epur-1024x1024.png 1024w, https:\/\/obera.fr\/wp-content\/uploads\/2026\/01\/image-gamme-epur-150x150.png 150w, https:\/\/obera.fr\/wp-content\/uploads\/2026\/01\/image-gamme-epur-768x768.png 768w\" sizes=\"(max-width: 1200px) 100vw, 1200px\" \/><\/a><figcaption class=\"wp-element-caption\">ePUR<\/figcaption><\/figure>\n<\/div>\n\n\n\n<div class=\"wp-block-column is-layout-flow wp-block-column-is-layout-flow\">\n<figure class=\"wp-block-image aligncenter size-full\"><a href=\"https:\/\/obera.fr\/produits\/purificateurs-air\/purificateur-rafraichisseur-epur150-fresh\/\"><img decoding=\"async\" width=\"150\" height=\"150\" src=\"https:\/\/obera.fr\/wp-content\/uploads\/2023\/04\/epur150-fresh-4.png\" alt=\"epur150 fresh (4)\" class=\"wp-image-22427\"\/><\/a><figcaption class=\"wp-element-caption\">ePUR150 FRESH<\/figcaption><\/figure>\n<\/div>\n<\/div>\n","protected":false},"excerpt":{"rendered":"<p>ePUR B01 Ecoprime to profesjonalny oczyszczacz powietrza do ma\u0142ych pomieszcze\u0144. Jak dzia\u0142a nasz oczyszczacz powietrza? Spos\u00f3b dzia\u0142ania jest prosty: zanieczyszczone powietrze jest zasysane w g\u00f3rnej cz\u0119\u015bci urz\u0105dzenia, a nast\u0119pnie przechodzi przez kilka warstw filtracji wewn\u0105trz urz\u0105dzenia, po czym jest odprowadzane w dolnej cz\u0119\u015bci bezpo\u015brednio do miejsca pracy. Jakie s\u0105 jego zastosowania? To urz\u0105dzenie do oczyszczania powietrza jest odpowiednie praktycznie dla ka\u017cdego rodzaju przedsi\u0119biorstwa. B\u0119dzie skuteczny w ma\u0142ych i \u015brednich przestrzeniach, takich jak biura, sale konferencyjne, salony fryzjerskie, studia paznokci, hotele, pralnie chemiczne, sale gimnastyczne, gabinety lekarskie, denty\u015bci, domy opieki, warsztaty rzemie\u015blnicze lub szko\u0142y itp. Jakie zanieczyszczenia mog\u0119 usun\u0105\u0107 za pomoc\u0105 &#8230; <\/p>\n<p class=\"read-more-container\"><a title=\"Oczyszczacz powietrza z py\u0142u ePUR B01 Ecoprime\" class=\"read-more button\" href=\"https:\/\/obera.fr\/pl\/produits\/purificateurs-air\/oczyszczacz-powietrza-z-pylu-epur-b01-ecoprime\/#more-44133\" aria-label=\"Dowiedz si\u0119 wi\u0119cej o Oczyszczacz powietrza z py\u0142u ePUR B01 Ecoprime\">Lire la suite<\/a><\/p>\n","protected":false},"author":4,"featured_media":83746,"parent":37673,"menu_order":0,"comment_status":"closed","ping_status":"closed","template":"","meta":{"_acf_changed":false,"_seopress_robots_primary_cat":"","_seopress_titles_title":"Purificateur d\u2019air poussi\u00e8re l\u2019ePUR B01 Ecoprime - oberA","_seopress_titles_desc":"Le purificateur d\u2019air ePUR B01 Ecoprime est \u00e9quip\u00e9 de diff\u00e9rentes configurations de filtration. Cet appareil de traitement d\u2019air convient \u00e0 toutes les entreprises","_seopress_robots_index":"","footnotes":""},"class_list":{"0":"post-44133","1":"page","2":"type-page","3":"status-publish","4":"has-post-thumbnail","6":"no-featured-image-padding","7":"resize-featured-image"},"acf":[],"_links":{"self":[{"href":"https:\/\/obera.fr\/pl\/wp-json\/wp\/v2\/pages\/44133","targetHints":{"allow":["GET"]}}],"collection":[{"href":"https:\/\/obera.fr\/pl\/wp-json\/wp\/v2\/pages"}],"about":[{"href":"https:\/\/obera.fr\/pl\/wp-json\/wp\/v2\/types\/page"}],"author":[{"embeddable":true,"href":"https:\/\/obera.fr\/pl\/wp-json\/wp\/v2\/users\/4"}],"replies":[{"embeddable":true,"href":"https:\/\/obera.fr\/pl\/wp-json\/wp\/v2\/comments?post=44133"}],"version-history":[{"count":4,"href":"https:\/\/obera.fr\/pl\/wp-json\/wp\/v2\/pages\/44133\/revisions"}],"predecessor-version":[{"id":141964,"href":"https:\/\/obera.fr\/pl\/wp-json\/wp\/v2\/pages\/44133\/revisions\/141964"}],"up":[{"embeddable":true,"href":"https:\/\/obera.fr\/pl\/wp-json\/wp\/v2\/pages\/37673"}],"wp:featuredmedia":[{"embeddable":true,"href":"https:\/\/obera.fr\/pl\/wp-json\/wp\/v2\/media\/83746"}],"wp:attachment":[{"href":"https:\/\/obera.fr\/pl\/wp-json\/wp\/v2\/media?parent=44133"}],"curies":[{"name":"wp","href":"https:\/\/api.w.org\/{rel}","templated":true}]}}