{"id":44441,"date":"2021-03-09T13:26:35","date_gmt":"2021-03-09T11:26:35","guid":{"rendered":"https:\/\/obera.fr\/stol-ssacy-360\/"},"modified":"2025-06-30T10:09:11","modified_gmt":"2025-06-30T08:09:11","slug":"table-rotative-360","status":"publish","type":"page","link":"https:\/\/obera.fr\/pl\/produits\/stoly-ssace\/table-rotative-360\/","title":{"rendered":"St\u00f3\u0142 ss\u0105cy 360"},"content":{"rendered":"\n\n<h2 class=\"wp-block-heading\" id=\"table-d-extraction-rotative\">Obrotowy st\u00f3\u0142 odci\u0105gowy<\/h2>\n\n<div class=\"wp-block-columns is-layout-flex wp-container-core-columns-is-layout-28f84493 wp-block-columns-is-layout-flex\">\n<div class=\"wp-block-column is-layout-flow wp-block-column-is-layout-flow\" style=\"flex-basis:33.33%\">\n<figure class=\"wp-block-image aligncenter size-large\"><img decoding=\"async\" width=\"1024\" height=\"1024\" src=\"https:\/\/obera.fr\/wp-content\/uploads\/2025\/01\/image-table-aspirante-rotative-1024x1024.jpg\" alt=\"obraz obrotowy st&#xF3;&#x142; ss&#x105;cy\" class=\"wp-image-57698\" srcset=\"https:\/\/obera.fr\/wp-content\/uploads\/2025\/01\/image-table-aspirante-rotative-1024x1024.jpg 1024w, https:\/\/obera.fr\/wp-content\/uploads\/2025\/01\/image-table-aspirante-rotative-300x300.jpg 300w, https:\/\/obera.fr\/wp-content\/uploads\/2025\/01\/image-table-aspirante-rotative-150x150.jpg 150w, https:\/\/obera.fr\/wp-content\/uploads\/2025\/01\/image-table-aspirante-rotative-768x768.jpg 768w, https:\/\/obera.fr\/wp-content\/uploads\/2025\/01\/image-table-aspirante-rotative-400x400.jpg 400w, https:\/\/obera.fr\/wp-content\/uploads\/2025\/01\/image-table-aspirante-rotative-600x600.jpg 600w, https:\/\/obera.fr\/wp-content\/uploads\/2025\/01\/image-table-aspirante-rotative.jpg 1200w\" sizes=\"(max-width: 1024px) 100vw, 1024px\" \/><figcaption class=\"wp-element-caption\">\nObraz obrotowego sto\u0142u ss\u0105cego<\/figcaption><\/figure>\n<\/div>\n\n\n\n<div class=\"wp-block-column is-layout-flow wp-block-column-is-layout-flow\" style=\"flex-basis:66.66%\">\n<p>St\u00f3\u0142 odci\u0105gowy 360\u00b0 jest szczeg\u00f3lnie dobrze przystosowany do proces\u00f3w separacji mechanicznej i termicznej. Funkcja obracania sto\u0142u wok\u00f3\u0142 w\u0142asnej osi zapewnia u\u017cytkownikom pe\u0142ny dost\u0119p do obrabianego przedmiotu, redukuj\u0105c \u017cmudne procesy ponownego mocowania.  <\/p>\n\n\n\n<p>Dzi\u0119ki zoptymalizowanemu przep\u0142ywowi powietrza i elastycznej os\u0142onie nad obszarem roboczym, st\u00f3\u0142 ss\u0105cy 360\u00b0 skutecznie chroni pracownik\u00f3w przed py\u0142em i dymem.  <\/p>\n\n\n\n<p>Ergonomiczna konstrukcja tego sto\u0142u oznacza, \u017ce jego wysoko\u015b\u0107 mo\u017ce by\u0107 regulowana w razie potrzeby, gwarantuj\u0105c bezpieczne i przyjemne warunki pracy.<\/p>\n\n\n\n<div style=\"height:30px\" aria-hidden=\"true\" class=\"wp-block-spacer\"><\/div>\n\n\n\n<div class=\"wp-block-columns is-layout-flex wp-container-core-columns-is-layout-28f84493 wp-block-columns-is-layout-flex\">\n<div class=\"wp-block-column is-layout-flow wp-block-column-is-layout-flow\" style=\"flex-basis:33.33%\">\n<div class=\"wp-block-buttons is-layout-flex wp-block-buttons-is-layout-flex\">\n<div class=\"wp-block-button\"><a class=\"wp-block-button__link wp-element-button\" href=\"https:\/\/obera.fr\/wp-content\/uploads\/2025\/04\/brochure-table-aspirante-rotative-.pdf\">POBIERZ BROSZUR\u0118<\/a><\/div>\n<\/div>\n<\/div>\n\n\n\n<div class=\"wp-block-column is-layout-flow wp-block-column-is-layout-flow\" style=\"flex-basis:33.34%\">\n<div class=\"wp-block-buttons is-horizontal is-content-justification-center is-layout-flex wp-container-core-buttons-is-layout-03627597 wp-block-buttons-is-layout-flex\">\n<div class=\"wp-block-button has-custom-width wp-block-button__width-100\"><a class=\"wp-block-button__link wp-element-button\" href=\"https:\/\/obera.fr\/pl\/skontaktuj-sie-z-nami\/\">Dowiedz si\u0119 wi\u0119cej<\/a><\/div>\n<\/div>\n<\/div>\n\n\n\n<div class=\"wp-block-column is-layout-flow wp-block-column-is-layout-flow\" style=\"flex-basis:33.34%\">\n<div class=\"wp-block-buttons is-content-justification-center is-layout-flex wp-container-core-buttons-is-layout-a89b3969 wp-block-buttons-is-layout-flex\">\n<div class=\"wp-block-button btn-devis-source\"><a class=\"wp-block-button__link wp-element-button\" href=\"https:\/\/obera.fr\/pl\/devis\/\">Popro\u015b o wycen\u0119<\/a><\/div>\n<\/div>\n\n\n<script>\r\ndocument.addEventListener('DOMContentLoaded', function() {\r\n    \/\/ 1. On cherche le titre H1 de la page\r\n    var h1 = document.querySelector('h1');\r\n    var productTitle = h1 ? h1.innerText.trim() : \"\";\r\n\r\n    \/\/ 2. On cherche les boutons via la classe CSS .btn-devis-source\r\n    var buttons = document.querySelectorAll('.btn-devis-source a');\r\n\r\n    \/\/ 3. Si on a le titre et les boutons, on ajoute le param\u00e8tre\r\n    if (buttons.length > 0 && productTitle !== \"\") {\r\n        var encodedTitle = encodeURIComponent(productTitle);\r\n\r\n        buttons.forEach(function(btn) {\r\n            var currentHref = btn.getAttribute('href');\r\n            \r\n            \/\/ S\u00e9curit\u00e9 pour ne pas ajouter le param\u00e8tre 2 fois\r\n            if (currentHref.indexOf('sujet=') === -1) {\r\n                var separator = currentHref.indexOf('?') !== -1 ? '&' : '?';\r\n                var newLink = currentHref + separator + 'sujet=' + encodedTitle;\r\n                \r\n                btn.setAttribute('href', newLink);\r\n            }\r\n        });\r\n    }\r\n});\r\n<\/script><\/div>\n<\/div>\n<\/div>\n<\/div>\n\n<p><\/p>\n\n<div class=\"wp-block-columns is-layout-flex wp-container-core-columns-is-layout-28f84493 wp-block-columns-is-layout-flex\">\n<div class=\"wp-block-column is-layout-flow wp-block-column-is-layout-flow\">\n<h3 class=\"wp-block-heading has-text-align-center\" id=\"avantages\">KORZY\u015aCI<\/h3>\n\n\n\n<ul class=\"wp-block-list\">\n<li>Wi\u0119ksza wydajno\u015b\u0107 podczas obr\u00f3bki cz\u0119\u015bci<\/li>\n\n\n\n<li>Oszcz\u0119dno\u015b\u0107 czasu  <\/li>\n\n\n\n<li>Wysoka ergonomia<\/li>\n\n\n\n<li>Zmniejszenie zanieczyszczenia w miejscu pracy<\/li>\n\n\n\n<li>Zoptymalizowane bezpiecze\u0144stwo pracy<\/li>\n<\/ul>\n<\/div>\n\n\n\n<div class=\"wp-block-column is-layout-flow wp-block-column-is-layout-flow\">\n<h3 class=\"wp-block-heading has-text-align-center\" id=\"particularites\">Funkcje specjalne<\/h3>\n\n\n\n<ul class=\"wp-block-list\">\n<li>Sk\u0142adany panel boczny (bez os\u0142ony)<\/li>\n\n\n\n<li>Pomieszczenie dost\u0119pne ze wszystkich stron (do 360 stopni)<\/li>\n\n\n\n<li>Maksymalna szeroko\u015b\u0107 pomieszczenia: 900 mm (przy zamkni\u0119tych \u015bcianach)<\/li>\n\n\n\n<li>Wymaga oko\u0142o 2500 m3\/h obj\u0119to\u015bci powietrza<\/li>\n\n\n\n<li>Dysza ss\u0105ca z przodu<\/li>\n\n\n\n<li>Regulowany ogranicznik<\/li>\n<\/ul>\n<\/div>\n\n\n\n<div class=\"wp-block-column is-layout-flow wp-block-column-is-layout-flow\">\n<h3 class=\"wp-block-heading has-text-align-center\" id=\"caracteristiques\">cechy<\/h3>\n\n\n\n<ul class=\"wp-block-list\">\n<li>Bezstopniowa elektryczna regulacja wysoko\u015bci (od 980 do 1800 mm)<\/li>\n\n\n\n<li>Metalowa siatka lub imad\u0142o<\/li>\n\n\n\n<li>Magnetyczne szcz\u0119ki ochronne<\/li>\n\n\n\n<li>O\u015bwietlenie<\/li>\n\n\n\n<li>Indywidualna platforma<\/li>\n\n\n\n<li>Zgodno\u015b\u0107 z dyrektyw\u0105 ATEX  <\/li>\n<\/ul>\n\n\n\n<p><\/p>\n<\/div>\n<\/div>\n\n<div class=\"wp-block-buttons is-content-justification-center is-layout-flex wp-container-core-buttons-is-layout-a89b3969 wp-block-buttons-is-layout-flex\">\n<div class=\"wp-block-button\"><a class=\"wp-block-button__link wp-element-button\" href=\"https:\/\/obera.fr\/wp-content\/uploads\/2024\/02\/brochure-table-aspirante-rotative-.pdf\">Pobierz dokumentacj\u0119<\/a><\/div>\n<\/div>\n\n<h3 class=\"wp-block-heading\" id=\"quels-polluants-traiter-sur-notre-table-aspirante\">Jakie zanieczyszczenia powinny by\u0107 usuwane na naszym stole ss\u0105cym?<\/h3>\n\n<p>Nasz <a href=\"https:\/\/obera.fr\/pl\/produits\/tables-aspirantes\/\">st\u00f3\u0142 ss\u0105cy<\/a> 360\u00b0 jest w stanie poradzi\u0107 sobie z szerokim zakresem zanieczyszcze\u0144, najlepiej z zanieczyszczeniami ci\u0119\u017ckimi, kt\u00f3re maj\u0105 tendencj\u0119 do osiadania.  <\/p>\n\n<p>Przyk\u0142ady obejmuj\u0105 py\u0142y metali, dymy spawalnicze, wi\u00f3ry plastikowe, py\u0142y mineralne, py\u0142y betonowe, opary i materia\u0142y kompozytowe.<\/p>\n\n<h2 class=\"wp-block-heading\" id=\"a-quelles-utilisations-convient-elle\">Jakie s\u0105 jego zastosowania?<\/h2>\n\n<p>Zanieczyszczenia te powstaj\u0105 g\u0142\u00f3wnie podczas proces\u00f3w takich jak spawanie, lutowanie, pi\u0142owanie, ci\u0119cie, szlifowanie, polerowanie, obr\u00f3bka skrawaniem, frezowanie i rozdzielanie materia\u0142\u00f3w. Procesy te maj\u0105 miejsce w bran\u017cach takich jak metalurgia, tworzywa sztuczne, obr\u00f3bka drewna, tekstylia, minera\u0142y, chemikalia\/petrochemikalia i papier\/tektura.<\/p>\n\n<div class=\"wp-block-columns is-layout-flex wp-container-core-columns-is-layout-28f84493 wp-block-columns-is-layout-flex\">\n<div class=\"wp-block-column is-layout-flow wp-block-column-is-layout-flow\">\n<h3 class=\"wp-block-heading has-text-align-center\" id=\"polluants\">POLLUTANTY<\/h3>\n\n\n\n<div class=\"wp-block-columns is-layout-flex wp-container-core-columns-is-layout-28f84493 wp-block-columns-is-layout-flex\">\n<div class=\"wp-block-column is-layout-flow wp-block-column-is-layout-flow\">\n<figure class=\"wp-block-image aligncenter size-large\"><img decoding=\"async\" width=\"70\" height=\"70\" src=\"https:\/\/obera.fr\/wp-content\/uploads\/2021\/03\/polluants-poussieres-1.jpg\" alt=\"zanieczyszczenia py&#x142;owe 1\" class=\"wp-image-4969\"\/><figcaption class=\"wp-element-caption\">Py\u0142<\/figcaption><\/figure>\n\n\n\n<figure class=\"wp-block-image aligncenter size-large\"><img decoding=\"async\" width=\"70\" height=\"70\" src=\"https:\/\/obera.fr\/wp-content\/uploads\/2021\/03\/industrie-fumees.jpg\" alt=\"opary przemys&#x142;owe\" class=\"wp-image-4971\"\/><figcaption class=\"wp-element-caption\">Opary<\/figcaption><\/figure>\n\n\n\n<figure class=\"wp-block-image aligncenter size-large\"><img decoding=\"async\" width=\"70\" height=\"70\" src=\"https:\/\/obera.fr\/wp-content\/uploads\/2021\/03\/industrie-brouillard-huile.jpg\" alt=\"przemys&#x142; mg&#x142;y olejowej\" class=\"wp-image-4973\"\/><figcaption class=\"wp-element-caption\">Mg\u0142a olejowa<\/figcaption><\/figure>\n<\/div>\n\n\n\n<div class=\"wp-block-column is-layout-flow wp-block-column-is-layout-flow\">\n<figure class=\"wp-block-image aligncenter size-large\"><img decoding=\"async\" width=\"70\" height=\"70\" src=\"https:\/\/obera.fr\/wp-content\/uploads\/2021\/03\/polluants-copeaux-bois.jpg\" alt=\"zanieczyszczenia wi&#xF3;rami drzewnymi\" class=\"wp-image-4970\"\/><figcaption class=\"wp-element-caption\">Chipsy<\/figcaption><\/figure>\n\n\n\n<figure class=\"wp-block-image aligncenter size-large\"><img decoding=\"async\" width=\"70\" height=\"70\" src=\"https:\/\/obera.fr\/wp-content\/uploads\/2021\/03\/industrie-odeur-2.jpg\" alt=\"przemys&#x142; zapachowy 2\" class=\"wp-image-4972\"\/><figcaption class=\"wp-element-caption\">Zapachy<\/figcaption><\/figure>\n\n\n\n<figure class=\"wp-block-image aligncenter size-large\"><img decoding=\"async\" width=\"70\" height=\"70\" src=\"https:\/\/obera.fr\/wp-content\/uploads\/2021\/03\/cov.jpg\" alt=\"cov\" class=\"wp-image-4974\"\/><figcaption class=\"wp-element-caption\">VOCS<\/figcaption><\/figure>\n<\/div>\n<\/div>\n<\/div>\n\n\n\n<div class=\"wp-block-column is-layout-flow wp-block-column-is-layout-flow\">\n<h3 class=\"wp-block-heading has-text-align-center\" id=\"industries\">bran\u017ce<\/h3>\n\n\n\n<div class=\"wp-block-columns is-layout-flex wp-container-core-columns-is-layout-28f84493 wp-block-columns-is-layout-flex\">\n<div class=\"wp-block-column is-layout-flow wp-block-column-is-layout-flow\">\n<figure class=\"wp-block-image aligncenter size-large\"><img decoding=\"async\" width=\"70\" height=\"70\" src=\"https:\/\/obera.fr\/wp-content\/uploads\/2021\/03\/industrie-metallurgie-1.jpg\" alt=\"przemys&#x142; metalurgiczny 1\" class=\"wp-image-4975\"\/><figcaption class=\"wp-element-caption\">Metalurgia<\/figcaption><\/figure>\n\n\n\n<figure class=\"wp-block-image aligncenter size-large\"><img decoding=\"async\" width=\"70\" height=\"70\" src=\"https:\/\/obera.fr\/wp-content\/uploads\/2021\/03\/industrie-plastique.jpg\" alt=\"przemys&#x142; tworzyw sztucznych\" class=\"wp-image-4976\"\/><figcaption class=\"wp-element-caption\">Tworzywa sztuczne<\/figcaption><\/figure>\n\n\n\n<figure class=\"wp-block-image aligncenter size-large\"><img decoding=\"async\" width=\"70\" height=\"70\" src=\"https:\/\/obera.fr\/wp-content\/uploads\/2021\/03\/industrie-minerai.jpg\" alt=\"przemys&#x142; mineralny\" class=\"wp-image-4977\"\/><figcaption class=\"wp-element-caption\">Minera\u0142y<\/figcaption><\/figure>\n\n\n\n<figure class=\"wp-block-image aligncenter size-large\"><img decoding=\"async\" width=\"70\" height=\"70\" src=\"https:\/\/obera.fr\/wp-content\/uploads\/2021\/03\/industrie-dechets.jpg\" alt=\"przemys&#x142; odpadowy\" class=\"wp-image-4978\"\/><figcaption class=\"wp-element-caption\">Zbieranie i sortowanie odpad\u00f3w<\/figcaption><\/figure>\n<\/div>\n\n\n\n<div class=\"wp-block-column is-layout-flow wp-block-column-is-layout-flow\">\n<figure class=\"wp-block-image aligncenter size-large\"><img decoding=\"async\" width=\"70\" height=\"70\" src=\"https:\/\/obera.fr\/wp-content\/uploads\/2021\/03\/industrie-bois.jpg\" alt=\"przemys&#x142; drzewny\" class=\"wp-image-4979\"\/><figcaption class=\"wp-element-caption\">Obr\u00f3bka drewna<\/figcaption><\/figure>\n\n\n\n<figure class=\"wp-block-image aligncenter size-large\"><img decoding=\"async\" width=\"70\" height=\"70\" src=\"https:\/\/obera.fr\/wp-content\/uploads\/2021\/03\/industrie-textile.jpg\" alt=\"przemys&#x142; tekstylny\" class=\"wp-image-4980\"\/><figcaption class=\"wp-element-caption\">Tekstylia<\/figcaption><\/figure>\n\n\n\n<figure class=\"wp-block-image aligncenter size-large\"><img decoding=\"async\" width=\"70\" height=\"70\" src=\"https:\/\/obera.fr\/wp-content\/uploads\/2021\/03\/industrie-chimie-1.jpg\" alt=\"przemys&#x142; chemiczny 1\" class=\"wp-image-4981\"\/><figcaption class=\"wp-element-caption\">Chemikalia\/Petrochemikalia<\/figcaption><\/figure>\n\n\n\n<figure class=\"wp-block-image aligncenter size-large\"><img decoding=\"async\" width=\"70\" height=\"70\" src=\"https:\/\/obera.fr\/wp-content\/uploads\/2021\/03\/industrie-papier-carton.jpg\" alt=\"przemys&#x142; papierniczy i tekturowy\" class=\"wp-image-4982\"\/><figcaption class=\"wp-element-caption\">Papier\/karton<\/figcaption><\/figure>\n\n\n\n<p><\/p>\n<\/div>\n<\/div>\n\n\n\n<p><\/p>\n<\/div>\n<\/div>\n\n<h2 class=\"wp-block-heading\" id=\"les-autres-produits-de-captation-et-d-aspiration-obera\">Inne sto\u0142y ss\u0105ce OberA<\/h2>\n\n<div class=\"wp-block-columns is-layout-flex wp-container-core-columns-is-layout-28f84493 wp-block-columns-is-layout-flex\">\n<div class=\"wp-block-column is-layout-flow wp-block-column-is-layout-flow\">\n<figure class=\"wp-block-image aligncenter size-medium is-resized\"><a href=\"https:\/\/obera.fr\/produits\/tables-aspirantes\/table-aspirante-a-at\/\"><img decoding=\"async\" width=\"300\" height=\"300\" src=\"https:\/\/obera.fr\/wp-content\/uploads\/2020\/10\/table-SF-300x300.png\" alt=\"Sto&#x142;y ss&#x105;ce\" class=\"wp-image-1179\" style=\"width:auto;height:150px\" srcset=\"https:\/\/obera.fr\/wp-content\/uploads\/2020\/10\/table-SF-300x300.png 300w, https:\/\/obera.fr\/wp-content\/uploads\/2020\/10\/table-SF-150x150.png 150w, https:\/\/obera.fr\/wp-content\/uploads\/2020\/10\/table-SF.png 433w\" sizes=\"(max-width: 300px) 100vw, 300px\" \/><\/a><figcaption class=\"wp-element-caption\">St\u00f3\u0142 ss\u0105cy A &amp; AT<\/figcaption><\/figure>\n<\/div>\n\n\n\n<div class=\"wp-block-column is-layout-flow wp-block-column-is-layout-flow\">\n<figure class=\"wp-block-image aligncenter size-full\"><a href=\"https:\/\/obera.fr\/produits\/tables-aspirantes\/table-autonome\/\"><img decoding=\"async\" width=\"150\" height=\"150\" src=\"https:\/\/obera.fr\/wp-content\/uploads\/2022\/06\/Sans-titre-2022-06-07T101130.850.png\" alt=\"Niezale&#x17C;ne sto&#x142;y ss&#x105;ce\" class=\"wp-image-13083\"\/><\/a><figcaption class=\"wp-element-caption\">Niezale\u017cny st\u00f3\u0142 ss\u0105cy<\/figcaption><\/figure>\n<\/div>\n\n\n\n<div class=\"wp-block-column is-layout-flow wp-block-column-is-layout-flow\">\n<figure class=\"wp-block-image aligncenter size-medium is-resized\"><img decoding=\"async\" width=\"300\" height=\"300\" src=\"https:\/\/obera.fr\/wp-content\/uploads\/2024\/05\/epurbox-tsp-300x300.png\" alt=\"epurbox tsp\" class=\"wp-image-30348\" style=\"width:auto;height:150px\" srcset=\"https:\/\/obera.fr\/wp-content\/uploads\/2024\/05\/epurbox-tsp-300x300.png 300w, https:\/\/obera.fr\/wp-content\/uploads\/2024\/05\/epurbox-tsp-1024x1024.png 1024w, https:\/\/obera.fr\/wp-content\/uploads\/2024\/05\/epurbox-tsp-150x150.png 150w, https:\/\/obera.fr\/wp-content\/uploads\/2024\/05\/epurbox-tsp-768x768.png 768w, https:\/\/obera.fr\/wp-content\/uploads\/2024\/05\/epurbox-tsp.png 1200w\" sizes=\"(max-width: 300px) 100vw, 300px\" \/><figcaption class=\"wp-element-caption\">ePURBOX Atex<\/figcaption><\/figure>\n<\/div>\n<\/div>\n","protected":false},"excerpt":{"rendered":"<p>Obrotowy st\u00f3\u0142 odci\u0105gowy St\u00f3\u0142 odci\u0105gowy 360\u00b0 jest szczeg\u00f3lnie dobrze przystosowany do proces\u00f3w separacji mechanicznej i termicznej. Funkcja obracania sto\u0142u wok\u00f3\u0142 w\u0142asnej osi zapewnia u\u017cytkownikom pe\u0142ny dost\u0119p do obrabianego przedmiotu, redukuj\u0105c \u017cmudne procesy ponownego mocowania. Dzi\u0119ki zoptymalizowanemu przep\u0142ywowi powietrza i elastycznej os\u0142onie nad obszarem roboczym, st\u00f3\u0142 ss\u0105cy 360\u00b0 skutecznie chroni pracownik\u00f3w przed py\u0142em i dymem. Ergonomiczna konstrukcja tego sto\u0142u oznacza, \u017ce jego wysoko\u015b\u0107 mo\u017ce by\u0107 regulowana w razie potrzeby, gwarantuj\u0105c bezpieczne i przyjemne warunki pracy. KORZY\u015aCI Funkcje specjalne cechy Jakie zanieczyszczenia powinny by\u0107 usuwane na naszym stole ss\u0105cym? Nasz st\u00f3\u0142 ss\u0105cy 360\u00b0 jest w stanie poradzi\u0107 sobie z szerokim zakresem zanieczyszcze\u0144, &#8230; <\/p>\n<p class=\"read-more-container\"><a title=\"St\u00f3\u0142 ss\u0105cy 360\" class=\"read-more button\" href=\"https:\/\/obera.fr\/pl\/produits\/stoly-ssace\/table-rotative-360\/#more-44441\" aria-label=\"Dowiedz si\u0119 wi\u0119cej o St\u00f3\u0142 ss\u0105cy 360\">Lire la suite<\/a><\/p>\n","protected":false},"author":4,"featured_media":83746,"parent":154263,"menu_order":0,"comment_status":"closed","ping_status":"closed","template":"","meta":{"_acf_changed":false,"_seopress_robots_primary_cat":"","_seopress_titles_title":"St\u00f3\u0142 ss\u0105cy oberA 360\u00b0 lub obrotowy st\u00f3\u0142 odci\u0105gowy","_seopress_titles_desc":"St\u00f3\u0142 odci\u0105gowy 360\u00b0 jest szczeg\u00f3lnie dobrze przystosowany do proces\u00f3w separacji mechanicznej i termicznej. Zapewnia skuteczn\u0105 ochron\u0119 pracownik\u00f3w.","_seopress_robots_index":"","footnotes":""},"class_list":{"0":"post-44441","1":"page","2":"type-page","3":"status-publish","4":"has-post-thumbnail","6":"no-featured-image-padding","7":"resize-featured-image"},"acf":[],"_links":{"self":[{"href":"https:\/\/obera.fr\/pl\/wp-json\/wp\/v2\/pages\/44441","targetHints":{"allow":["GET"]}}],"collection":[{"href":"https:\/\/obera.fr\/pl\/wp-json\/wp\/v2\/pages"}],"about":[{"href":"https:\/\/obera.fr\/pl\/wp-json\/wp\/v2\/types\/page"}],"author":[{"embeddable":true,"href":"https:\/\/obera.fr\/pl\/wp-json\/wp\/v2\/users\/4"}],"replies":[{"embeddable":true,"href":"https:\/\/obera.fr\/pl\/wp-json\/wp\/v2\/comments?post=44441"}],"version-history":[{"count":8,"href":"https:\/\/obera.fr\/pl\/wp-json\/wp\/v2\/pages\/44441\/revisions"}],"predecessor-version":[{"id":117770,"href":"https:\/\/obera.fr\/pl\/wp-json\/wp\/v2\/pages\/44441\/revisions\/117770"}],"up":[{"embeddable":true,"href":"https:\/\/obera.fr\/pl\/wp-json\/wp\/v2\/pages\/154263"}],"wp:featuredmedia":[{"embeddable":true,"href":"https:\/\/obera.fr\/pl\/wp-json\/wp\/v2\/media\/83746"}],"wp:attachment":[{"href":"https:\/\/obera.fr\/pl\/wp-json\/wp\/v2\/media?parent=44441"}],"curies":[{"name":"wp","href":"https:\/\/api.w.org\/{rel}","templated":true}]}}