{"id":45084,"date":"2024-04-05T22:55:29","date_gmt":"2024-04-05T20:55:29","guid":{"rendered":"https:\/\/obera.fr\/odkurzacz-przemyslowy-w2-xr\/"},"modified":"2026-02-05T11:43:36","modified_gmt":"2026-02-05T09:43:36","slug":"w2-xr-atex-22","status":"publish","type":"page","link":"https:\/\/obera.fr\/pl\/produits\/aspirateurs-industriels\/w2-xr-atex-22\/","title":{"rendered":"Odkurzacz przemys\u0142owy W2 XR"},"content":{"rendered":"\n<p>Odkryj odkurzacz przemys\u0142owy W2 XR do odsysania cia\u0142 sta\u0142ych i cieczy w wykonaniu przeciwwybuchowym. Kompaktowy, mobilny, wysokowydajny sprz\u0119t zmniejszaj\u0105cy ryzyko zap\u0142onu i wybuchu w jednostkach produkcyjnych.<\/p>\n\n\n\n<h2 class=\"wp-block-heading\">Odkurzacz przemys\u0142owy W2 XR z certyfikatem ATEX Strefa 22: zasada dzia\u0142ania i zastosowanie<\/h2>\n\n\n\n<div class=\"wp-block-columns is-layout-flex wp-container-core-columns-is-layout-28f84493 wp-block-columns-is-layout-flex\">\n<div class=\"wp-block-column is-layout-flow wp-block-column-is-layout-flow\" style=\"flex-basis:33.33%\">\n<figure class=\"wp-block-image size-full is-resized\"><img decoding=\"async\" width=\"566\" height=\"671\" src=\"https:\/\/obera.fr\/wp-content\/uploads\/2024\/10\/w2-xr-2.png\" alt=\"Odkurzacze przemys\u0142owe\" class=\"wp-image-35431\" style=\"object-fit:cover;width:300px;height:300px\" srcset=\"https:\/\/obera.fr\/wp-content\/uploads\/2024\/10\/w2-xr-2.png 566w, https:\/\/obera.fr\/wp-content\/uploads\/2024\/10\/w2-xr-2-253x300.png 253w\" sizes=\"(max-width: 566px) 100vw, 566px\" \/><\/figure>\n<\/div>\n\n\n\n<div class=\"wp-block-column is-layout-flow wp-block-column-is-layout-flow\" style=\"flex-basis:66.66%\">\n<p><strong>Odkurzacz przemys\u0142owy do pracy na mokro i sucho W2 XR<\/strong> jest przeznaczony do odkurzania cia\u0142 sta\u0142ych i cieczy w wykonaniu przeciwwybuchowym. Jego konstrukcja zosta\u0142a zaprojektowana tak, aby zapobiega\u0107 gromadzeniu si\u0119 \u0142adunk\u00f3w elektrostatycznych dzi\u0119ki antystatycznemu poliestrowemu filtrowi workowemu (ochrona jednostki filtruj\u0105cej). Aby zapobiec przegrzaniu, urz\u0105dzenie jest wyposa\u017cone w jednofazowy silnik bezszczotkowy, kt\u00f3ry generuje mniej ciep\u0142a i tarcia ni\u017c silnik szczotkowy. Konstrukcja ta jest w pe\u0142ni zgodna z przepisami ATEX dla stref klasy 22.   <\/p>\n\n\n\n<p>Do jakich zastosowa\u0144? Odkurzacz przemys\u0142owy z serii W2 XR zosta\u0142 zaprojektowany z my\u015bl\u0105 o minimalizowaniu ryzyka w strefach zagro\u017conych wybuchem: zak\u0142adach produkcji chemikali\u00f3w, zak\u0142adach przetw\u00f3rstwa spo\u017cywczego, zak\u0142adach produkcji drewna, zak\u0142adach produkcji metali, zak\u0142adach produkcji energii itp. Odkurzacz przemys\u0142owy W2 XR spe\u0142nia wymagania wszystkich rodzaj\u00f3w przemys\u0142u, w kt\u00f3rych powstaje py\u0142 palny, kt\u00f3ry jest r\u00f3wnie\u017c szkodliwy dla zdrowia operator\u00f3w. <\/p>\n\n\n\n<div class=\"wp-block-columns is-layout-flex wp-container-core-columns-is-layout-28f84493 wp-block-columns-is-layout-flex\">\n<div class=\"wp-block-column is-layout-flow wp-block-column-is-layout-flow\">\n<div class=\"wp-block-buttons is-layout-flex wp-block-buttons-is-layout-flex\">\n<div class=\"wp-block-button\"><a class=\"wp-block-button__link wp-element-button\" href=\"https:\/\/obera.fr\/wp-content\/uploads\/2025\/06\/brochure-w2-xr-en.pdf\">POBIERZ BROSZUR\u0118<\/a><\/div>\n<\/div>\n<\/div>\n\n\n\n<div class=\"wp-block-column is-layout-flow wp-block-column-is-layout-flow\">\n<div class=\"wp-block-buttons is-layout-flex wp-block-buttons-is-layout-flex\">\n<div class=\"wp-block-button\"><a class=\"wp-block-button__link wp-element-button\" href=\"https:\/\/obera.fr\/contact\/\">POTRZEBUJESZ SPERSONALIZOWANEJ PORADY?<\/a><\/div>\n<\/div>\n<\/div>\n\n\n\n<div class=\"wp-block-column is-layout-flow wp-block-column-is-layout-flow\">\n<div class=\"wp-block-buttons is-content-justification-center is-layout-flex wp-container-core-buttons-is-layout-a89b3969 wp-block-buttons-is-layout-flex\">\n<div class=\"wp-block-button btn-devis-source\"><a class=\"wp-block-button__link wp-element-button\" href=\"https:\/\/obera.fr\/pl\/devis\/\">Popro\u015b o wycen\u0119<\/a><\/div>\n<\/div>\n\n\n<script>\r\ndocument.addEventListener('DOMContentLoaded', function() {\r\n    \/\/ 1. On cherche le titre H1 de la page\r\n    var h1 = document.querySelector('h1');\r\n    var productTitle = h1 ? h1.innerText.trim() : \"\";\r\n\r\n    \/\/ 2. On cherche les boutons via la classe CSS .btn-devis-source\r\n    var buttons = document.querySelectorAll('.btn-devis-source a');\r\n\r\n    \/\/ 3. Si on a le titre et les boutons, on ajoute le param\u00e8tre\r\n    if (buttons.length > 0 && productTitle !== \"\") {\r\n        var encodedTitle = encodeURIComponent(productTitle);\r\n\r\n        buttons.forEach(function(btn) {\r\n            var currentHref = btn.getAttribute('href');\r\n            \r\n            \/\/ S\u00e9curit\u00e9 pour ne pas ajouter le param\u00e8tre 2 fois\r\n            if (currentHref.indexOf('sujet=') === -1) {\r\n                var separator = currentHref.indexOf('?') !== -1 ? '&' : '?';\r\n                var newLink = currentHref + separator + 'sujet=' + encodedTitle;\r\n                \r\n                btn.setAttribute('href', newLink);\r\n            }\r\n        });\r\n    }\r\n});\r\n<\/script><\/div>\n<\/div>\n<\/div>\n<\/div>\n\n\n\n<h2 class=\"wp-block-heading\">Jakie s\u0105 specyfikacje techniczne odkurzacza przemys\u0142owego W2 XR?<\/h2>\n\n\n\n<p>Odkurzacz przemys\u0142owy W2 XR wytwarza przep\u0142yw powietrza do 215 m3\/h i moc znamionow\u0105 1,1 kW, co zapewnia mu wysok\u0105 wydajno\u015b\u0107 ssania. Jest wyposa\u017cony w pionowy system czyszczenia wyporowego dla \u0142atwego czyszczenia i maksymalnej \u017cywotno\u015bci. <a href=\"https:\/\/obera.fr\/pl\/produits\/aspirateurs-industriels\/\" data-type=\"page\" data-id=\"41\">Odkurzacz<\/a> posiada 40-litrowy zbiornik i od\u0142\u0105czany system opr\u00f3\u017cniania do przenoszenia pojemnika do punktu utylizacji odpad\u00f3w. Aby spe\u0142ni\u0107 wymagania wszystkich bran\u017c, jednostki ss\u0105ce, filtruj\u0105ce i zbieraj\u0105ce s\u0105 wykonane ze stali nierdzewnej.  <\/p>\n\n\n\n<p>Wewn\u0105trz jednostka ss\u0105ca jest d\u017awi\u0119koszczelna, a jednostka filtruj\u0105ca jest chroniona przez antystatyczny filtr z poliestrowego worka. System ss\u0105cy ma wlot o \u015brednicy 50 umieszczony pod filtrem, umo\u017cliwiaj\u0105c jednoczesne zasysanie py\u0142u, cia\u0142 sta\u0142ych i cieczy.<\/p>\n\n\n\n<p>Bonus dla profesjonalist\u00f3w: odkurzacz jest wyposa\u017cony w akcesoria, takie jak elastyczny w\u0105\u017c ss\u0105cy, ssawka teleskopowa, szczotki i szczelin\u00f3wka.<\/p>\n\n\n\n<blockquote class=\"wp-block-quote is-layout-flow wp-block-quote-is-layout-flow\">\n<p>Jakie s\u0105 dost\u0119pne opcje? Odkurzacz W2 XR w wersji ATEX posiada szereg opcji dostosowanych do potrzeb u\u017cytkownika: filtr nomex (odporny na temperatur\u0119 do 250\u00b0), filtr absolutny Hepa H14, kosz na akcesoria, filtr klasy M, M PTFE, M wodoodporny teflon, klasa L i M antystatyczna, pojemnik i komora filtra ze stali nierdzewnej, uziemienie. Zapytaj nasze zespo\u0142y o porady dotycz\u0105ce najbardziej odpowiednich opcji dla Twojej bran\u017cy.<\/p>\n<\/blockquote>\n\n\n\n<h3 class=\"wp-block-heading has-text-align-center\">PRZEMYS\u0141<\/h3>\n\n\n\n<div class=\"wp-block-columns is-layout-flex wp-container-core-columns-is-layout-28f84493 wp-block-columns-is-layout-flex\">\n<div class=\"wp-block-column is-layout-flow wp-block-column-is-layout-flow\">\n<hr class=\"wp-block-separator has-alpha-channel-opacity\"\/>\n\n\n\n<div class=\"wp-block-columns is-layout-flex wp-container-core-columns-is-layout-28f84493 wp-block-columns-is-layout-flex\">\n<div class=\"wp-block-column is-layout-flow wp-block-column-is-layout-flow\">\n<figure class=\"wp-block-image aligncenter size-thumbnail is-resized\"><img decoding=\"async\" width=\"150\" height=\"150\" src=\"https:\/\/obera.fr\/wp-content\/uploads\/2022\/02\/Textile-150x150.png\" alt=\"tekstylny\" class=\"wp-image-8855\"\/><figcaption class=\"wp-element-caption\">Tekstylia<\/figcaption><\/figure>\n\n\n\n<figure class=\"wp-block-image aligncenter size-thumbnail is-resized\"><img decoding=\"async\" width=\"150\" height=\"150\" src=\"https:\/\/obera.fr\/wp-content\/uploads\/2022\/02\/Plastique-150x150.png\" alt=\"plastik\" class=\"wp-image-8854\"\/><figcaption class=\"wp-element-caption\">Tworzywo sztuczne<\/figcaption><\/figure>\n<\/div>\n\n\n\n<div class=\"wp-block-column is-layout-flow wp-block-column-is-layout-flow\">\n<figure class=\"wp-block-image aligncenter size-thumbnail is-resized\"><img decoding=\"async\" width=\"150\" height=\"150\" src=\"https:\/\/obera.fr\/wp-content\/uploads\/2022\/02\/MINERAIS-150x150.png\" alt=\"rudy\" class=\"wp-image-8847\"\/><figcaption class=\"wp-element-caption\">Minera\u0142y<\/figcaption><\/figure>\n\n\n\n<figure class=\"wp-block-image aligncenter size-thumbnail is-resized\"><img decoding=\"async\" width=\"150\" height=\"150\" src=\"https:\/\/obera.fr\/wp-content\/uploads\/2022\/02\/Metalurgie-150x150.png\" alt=\"metalurgia\" class=\"wp-image-8857\"\/><figcaption class=\"wp-element-caption\">Metalurgia<\/figcaption><\/figure>\n\n\n\n<figure class=\"wp-block-image aligncenter size-thumbnail is-resized\"><img decoding=\"async\" width=\"150\" height=\"150\" src=\"https:\/\/obera.fr\/wp-content\/uploads\/2023\/02\/sans-titre-2023-02-14t102211.641-150x150.png\" alt=\"Rolnictwo\" class=\"wp-image-18828\"\/><figcaption class=\"wp-element-caption\">Rolnictwo<\/figcaption><\/figure>\n<\/div>\n<\/div>\n<\/div>\n\n\n\n<div class=\"wp-block-column is-layout-flow wp-block-column-is-layout-flow\">\n<hr class=\"wp-block-separator has-alpha-channel-opacity\"\/>\n\n\n\n<div class=\"wp-block-columns is-layout-flex wp-container-core-columns-is-layout-28f84493 wp-block-columns-is-layout-flex\">\n<div class=\"wp-block-column is-layout-flow wp-block-column-is-layout-flow\">\n<figure class=\"wp-block-image aligncenter size-thumbnail is-resized\"><img decoding=\"async\" width=\"150\" height=\"150\" src=\"https:\/\/obera.fr\/wp-content\/uploads\/2022\/02\/Chimie-150x150.png\" alt=\"chemia\" class=\"wp-image-8846\"\/><figcaption class=\"wp-element-caption\">Chemia<\/figcaption><\/figure>\n\n\n\n<figure class=\"wp-block-image aligncenter size-thumbnail is-resized\"><img decoding=\"async\" width=\"150\" height=\"150\" src=\"https:\/\/obera.fr\/wp-content\/uploads\/2022\/02\/Travail-du-bois-150x150.png\" alt=\"obr\u00f3bka drewna\" class=\"wp-image-8856\"\/><figcaption class=\"wp-element-caption\">Obr\u00f3bka drewna<\/figcaption><\/figure>\n\n\n\n<figure class=\"wp-block-image aligncenter size-thumbnail is-resized\"><img decoding=\"async\" width=\"150\" height=\"150\" src=\"https:\/\/obera.fr\/wp-content\/uploads\/2023\/02\/sans-titre-2023-02-14t101920.185-150x150.png\" alt=\"Lotnictwo\" class=\"wp-image-18831\"\/><figcaption class=\"wp-element-caption\">Lotnictwo<\/figcaption><\/figure>\n<\/div>\n\n\n\n<div class=\"wp-block-column is-layout-flow wp-block-column-is-layout-flow\">\n<figure class=\"wp-block-image aligncenter size-thumbnail is-resized\"><img decoding=\"async\" width=\"150\" height=\"150\" src=\"https:\/\/obera.fr\/wp-content\/uploads\/2022\/02\/AGROALIMENTAIRE-150x150.png\" alt=\"rolno-spo\u017cywczy\" class=\"wp-image-8844\"\/><figcaption class=\"wp-element-caption\">Przemys\u0142 spo\u017cywczy<\/figcaption><\/figure>\n\n\n\n<figure class=\"wp-block-image aligncenter size-thumbnail is-resized\"><img decoding=\"async\" width=\"150\" height=\"150\" src=\"https:\/\/obera.fr\/wp-content\/uploads\/2022\/02\/Papier-carton-150x150.png\" alt=\"papier i tektura\" class=\"wp-image-8853\"\/><figcaption class=\"wp-element-caption\">Papier\/karton<\/figcaption><\/figure>\n\n\n\n<figure class=\"wp-block-image aligncenter size-thumbnail is-resized\"><img decoding=\"async\" width=\"150\" height=\"150\" src=\"https:\/\/obera.fr\/wp-content\/uploads\/2023\/02\/sans-titre-2023-02-14t101712.416-150x150.png\" alt=\"Motoryzacja\" class=\"wp-image-18834\"\/><figcaption class=\"wp-element-caption\">Motoryzacja<\/figcaption><\/figure>\n<\/div>\n<\/div>\n<\/div>\n<\/div>\n\n\n\n<table id=\"tablepress-198\" class=\"tablepress tablepress-id-198\">\n<tbody class=\"row-striping row-hover\">\n<tr class=\"row-1\">\n\t<td class=\"column-1\">Zones ATEX<\/td><td class=\"column-2\"><\/td><td class=\"column-3\">22<\/td>\n<\/tr>\n<tr class=\"row-2\">\n\t<td class=\"column-1\">Marquage<\/td><td class=\"column-2\"><\/td><td class=\"column-3\">EX II 3D Ex tc IIIB T135\u00b0C X Dc<\/td>\n<\/tr>\n<tr class=\"row-3\">\n\t<td class=\"column-1\">Tension<\/td><td class=\"column-2\">V-HZ<\/td><td class=\"column-3\">230<\/td>\n<\/tr>\n<tr class=\"row-4\">\n\t<td class=\"column-1\">Puissance<\/td><td class=\"column-2\">kW<\/td><td class=\"column-3\">1.1<\/td>\n<\/tr>\n<tr class=\"row-5\">\n\t<td class=\"column-1\">Protection \u00e9lectrique<\/td><td class=\"column-2\">IP<\/td><td class=\"column-3\">55<\/td>\n<\/tr>\n<tr class=\"row-6\">\n\t<td class=\"column-1\">D\u00e9pression maximum<\/td><td class=\"column-2\">Pa<\/td><td class=\"column-3\">2.250 Pa<\/td>\n<\/tr>\n<tr class=\"row-7\">\n\t<td class=\"column-1\">D\u00e9bit d\u2019air max<\/td><td class=\"column-2\">m3\/h<\/td><td class=\"column-3\">215<\/td>\n<\/tr>\n<tr class=\"row-8\">\n\t<td class=\"column-1\">Diam\u00e8tre embouchure<\/td><td class=\"column-2\">mm<\/td><td class=\"column-3\">50<\/td>\n<\/tr>\n<tr class=\"row-9\">\n\t<td class=\"column-1\">Type de filtre<\/td><td class=\"column-2\"><\/td><td class=\"column-3\">\u00c0 poches en \u00e9toile<\/td>\n<\/tr>\n<tr class=\"row-10\">\n\t<td class=\"column-1\">Surface<\/td><td class=\"column-2\">cm2<\/td><td class=\"column-3\">20.000<\/td>\n<\/tr>\n<tr class=\"row-11\">\n\t<td class=\"column-1\">Syst\u00e8me de nettoyage<\/td><td class=\"column-2\"><\/td><td class=\"column-3\">Manuel<\/td>\n<\/tr>\n<tr class=\"row-12\">\n\t<td class=\"column-1\">Bac de r\u00e9colte<\/td><td class=\"column-2\"><\/td><td class=\"column-3\">Acier<\/td>\n<\/tr>\n<tr class=\"row-13\">\n\t<td class=\"column-1\">Syst\u00e8me de vidange<\/td><td class=\"column-2\"><\/td><td class=\"column-3\">Bac d\u00e9crochable<\/td>\n<\/tr>\n<tr class=\"row-14\">\n\t<td class=\"column-1\">Capacit\u00e9<\/td><td class=\"column-2\">litre<\/td><td class=\"column-3\">40<\/td>\n<\/tr>\n<tr class=\"row-15\">\n\t<td class=\"column-1\">Dimensions<\/td><td class=\"column-2\">cm<\/td><td class=\"column-3\">55x63x124<\/td>\n<\/tr>\n<\/tbody>\n<\/table>\n\n\n\n\n<div class=\"wp-block-buttons is-content-justification-center is-layout-flex wp-container-core-buttons-is-layout-a89b3969 wp-block-buttons-is-layout-flex\">\n<div class=\"wp-block-button\"><a class=\"wp-block-button__link wp-element-button\" href=\"https:\/\/obera.fr\/wp-content\/uploads\/2024\/04\/obera_brochure-w2-xr-fr.pdf\">POBIERZ KART\u0118 PRODUKTU<\/a><\/div>\n<\/div>\n\n\n\n<h2 class=\"wp-block-heading\">Odkurzacz W2 XR: zalety kompaktowego odkurzacza o wysokim stopniu filtracji<\/h2>\n\n\n\n<p>Odkurzacz przemys\u0142owy W2 XR oferuje wszystkie zalety serii W2, a mianowicie wysok\u0105 mobilno\u015b\u0107 dla \u0142atwego i wygodnego u\u017cytkowania przez operator\u00f3w. D\u017awi\u0119koch\u0142onna wyk\u0142adzina wok\u00f3\u0142 silnika w celu maksymalnego ograniczenia ha\u0142asu i unikni\u0119cia zak\u0142\u00f3cania pracy za\u0142ogi.  <\/p>\n\n\n\n<p>Jego wszechstronno\u015b\u0107 jest oczywi\u015bcie kluczowym kryterium dla przemys\u0142owc\u00f3w, poniewa\u017c jego technologia mokro-sucha w po\u0142\u0105czeniu ze zgodno\u015bci\u0105 z ATEX oznacza, \u017ce mo\u017ce on obs\u0142ugiwa\u0107 py\u0142, cia\u0142a sta\u0142e i ciecze przeciwwybuchowe. Jest r\u00f3wnie\u017c \u0142atwy w utrzymaniu dzi\u0119ki wbudowanemu otrz\u0105saczowi filtra, kt\u00f3ry sprawia, \u017ce czyszczenie jest dziecinnie proste. Wszystko, co operator musi zrobi\u0107, to aktywowa\u0107 d\u017awigni\u0119 wytrz\u0105sarki w celu natychmiastowego r\u0119cznego czyszczenia.<\/p>\n\n\n\n<p>Wreszcie, g\u0142\u00f3wn\u0105 zalet\u0105 serii W2 XR jest jej certyfikat ATEX Strefa 22. Dzi\u0119ki temu odkurzacz przemys\u0142owy spe\u0142nia wymogi zgodno\u015bci z przepisami. U\u017cywanie odkurzacza z certyfikatem ATEX Zone 22 jest niezb\u0119dne do zagwarantowania bezpiecze\u0144stwa zespo\u0142\u00f3w i mienia.  <\/p>\n\n\n\n<div class=\"wp-block-columns is-layout-flex wp-container-core-columns-is-layout-28f84493 wp-block-columns-is-layout-flex\">\n<div class=\"wp-block-column is-layout-flow wp-block-column-is-layout-flow\" style=\"flex-basis:33.34%\">\n<h3 class=\"wp-block-heading\">Zalety :<\/h3>\n\n\n\n<ul class=\"wp-block-list\">\n<li>Kompaktowy i mobilny odkurzacz;<\/li>\n\n\n\n<li>Zmniejszone ryzyko alergii i chor\u00f3b uk\u0142adu oddechowego;<\/li>\n\n\n\n<li>Spe\u0142nia wymagania przepis\u00f3w ATEX.<\/li>\n<\/ul>\n<\/div>\n\n\n\n<div class=\"wp-block-column is-layout-flow wp-block-column-is-layout-flow\" style=\"flex-basis:33.34%\">\n<h3 class=\"wp-block-heading\">Funkcje specjalne:<\/h3>\n\n\n\n<ul class=\"wp-block-list\">\n<li>Zgodno\u015b\u0107 z ATEX Strefa 22, przeciwwybuchowe zasysanie cz\u0105stek sta\u0142ych, cia\u0142 sta\u0142ych i cieczy.<\/li>\n<\/ul>\n<\/div>\n\n\n\n<div class=\"wp-block-column is-layout-flow wp-block-column-is-layout-flow\" style=\"flex-basis:33.33%\">\n<h3 class=\"wp-block-heading\">Cechy :<\/h3>\n\n\n\n<ul class=\"wp-block-list\">\n<li>Antystatyczny filtr workowy z poliestru;<\/li>\n\n\n\n<li>Jednofazowy silnik bezszczotkowy ;<\/li>\n\n\n\n<li>System zatykania z lampk\u0105 kontroln\u0105.<\/li>\n<\/ul>\n<\/div>\n<\/div>\n\n\n\n<h2 class=\"wp-block-heading\">Nadal masz w\u0105tpliwo\u015bci co do skuteczno\u015bci odkurzacza W2 XR w Twojej bran\u017cy?<\/h2>\n\n\n\n<p>W OberA wiemy, \u017ce poziom ryzyka wybuchu w strefie 22 r\u00f3\u017cni si\u0119 w zale\u017cno\u015bci od wielu czynnik\u00f3w: rodzaju py\u0142u, ilo\u015bci, \u017ar\u00f3de\u0142 zap\u0142onu itp. Aby przyj\u0105\u0107 odpowiednie rozwi\u0105zanie odci\u0105gowe, przeprowadzamy diagnoz\u0119 w warsztacie i oferujemy test sprz\u0119tu z opcj\u0105 zakupu.<\/p>\n\n\n\n<div class=\"wp-block-buttons is-content-justification-center is-layout-flex wp-container-core-buttons-is-layout-a89b3969 wp-block-buttons-is-layout-flex\">\n<div class=\"wp-block-button\"><a class=\"wp-block-button__link wp-element-button\" href=\"https:\/\/obera.fr\/pl\/contact\/\">TEST ODKURZACZA W2 XR<\/a><\/div>\n<\/div>\n\n\n\n<h2 class=\"wp-block-heading\">Inne odkurzacze przemys\u0142owe w ofercie<\/h2>\n\n\n\n<div class=\"wp-block-columns is-layout-flex wp-container-core-columns-is-layout-28f84493 wp-block-columns-is-layout-flex\">\n<div class=\"wp-block-column is-layout-flow wp-block-column-is-layout-flow\">\n<figure class=\"wp-block-image aligncenter size-full is-resized\"><a href=\"https:\/\/obera.fr\/produits\/aspirateurs-industriels\/ventilateurs-aspiration-gamme-eurosog-rg-100-800\/\"><img decoding=\"async\" width=\"600\" height=\"600\" src=\"https:\/\/obera.fr\/wp-content\/uploads\/2024\/04\/obera-ventilateur-aspiration-rg-300-400.jpg\" alt=\"wentylator ss\u0105cy obera rg 300 400\" class=\"wp-image-29437\" style=\"width:349px;height:auto\" srcset=\"https:\/\/obera.fr\/wp-content\/uploads\/2024\/04\/obera-ventilateur-aspiration-rg-300-400.jpg 600w, https:\/\/obera.fr\/wp-content\/uploads\/2024\/04\/obera-ventilateur-aspiration-rg-300-400-300x300.jpg 300w, https:\/\/obera.fr\/wp-content\/uploads\/2024\/04\/obera-ventilateur-aspiration-rg-300-400-150x150.jpg 150w\" sizes=\"(max-width: 600px) 100vw, 600px\" \/><\/a><figcaption class=\"wp-element-caption\">RG 300\/400<\/figcaption><\/figure>\n<\/div>\n\n\n\n<div class=\"wp-block-column is-layout-flow wp-block-column-is-layout-flow\">\n<figure class=\"wp-block-image aligncenter size-full is-resized\"><a href=\"https:\/\/obera.fr\/produits\/aspirateurs-industriels\/w2-haute-filtration-polyvalence\/\"><img decoding=\"async\" width=\"711\" height=\"622\" src=\"https:\/\/obera.fr\/wp-content\/uploads\/2024\/10\/w2.png\" alt=\"Odkurzacze przemys\u0142owe\" class=\"wp-image-35424\" style=\"object-fit:cover;width:300px;height:300px\" srcset=\"https:\/\/obera.fr\/wp-content\/uploads\/2024\/10\/w2.png 711w, https:\/\/obera.fr\/wp-content\/uploads\/2024\/10\/w2-300x262.png 300w\" sizes=\"(max-width: 711px) 100vw, 711px\" \/><\/a><figcaption class=\"wp-element-caption\">W2<\/figcaption><\/figure>\n<\/div>\n\n\n\n<div class=\"wp-block-column is-layout-flow wp-block-column-is-layout-flow\">\n<figure class=\"wp-block-image aligncenter size-full is-resized\"><a href=\"https:\/\/obera.fr\/produits\/aspirateurs-industriels\/w3-pour-nettoyage-general\/\"><img decoding=\"async\" width=\"658\" height=\"652\" src=\"https:\/\/obera.fr\/wp-content\/uploads\/2024\/10\/w3.png\" alt=\"w3\" class=\"wp-image-35427\" style=\"object-fit:cover;width:300px;height:300px\" srcset=\"https:\/\/obera.fr\/wp-content\/uploads\/2024\/10\/w3.png 658w, https:\/\/obera.fr\/wp-content\/uploads\/2024\/10\/w3-300x297.png 300w, https:\/\/obera.fr\/wp-content\/uploads\/2024\/10\/w3-150x150.png 150w, https:\/\/obera.fr\/wp-content\/uploads\/2024\/10\/w3-24x24.png 24w, https:\/\/obera.fr\/wp-content\/uploads\/2024\/10\/w3-48x48.png 48w, https:\/\/obera.fr\/wp-content\/uploads\/2024\/10\/w3-96x96.png 96w\" sizes=\"(max-width: 658px) 100vw, 658px\" \/><\/a><figcaption class=\"wp-element-caption\">W3<\/figcaption><\/figure>\n<\/div>\n<\/div>\n","protected":false},"excerpt":{"rendered":"<p>Odkryj odkurzacz przemys\u0142owy W2 XR do odsysania cia\u0142 sta\u0142ych i cieczy w wykonaniu przeciwwybuchowym. Kompaktowy, mobilny, wysokowydajny sprz\u0119t zmniejszaj\u0105cy ryzyko zap\u0142onu i wybuchu w jednostkach produkcyjnych. Odkurzacz przemys\u0142owy W2 XR z certyfikatem ATEX Strefa 22: zasada dzia\u0142ania i zastosowanie Odkurzacz przemys\u0142owy do pracy na mokro i sucho W2 XR jest przeznaczony do odkurzania cia\u0142 sta\u0142ych i cieczy w wykonaniu przeciwwybuchowym. Jego konstrukcja zosta\u0142a zaprojektowana tak, aby zapobiega\u0107 gromadzeniu si\u0119 \u0142adunk\u00f3w elektrostatycznych dzi\u0119ki antystatycznemu poliestrowemu filtrowi workowemu (ochrona jednostki filtruj\u0105cej). Aby zapobiec przegrzaniu, urz\u0105dzenie jest wyposa\u017cone w jednofazowy silnik bezszczotkowy, kt\u00f3ry generuje mniej ciep\u0142a i tarcia ni\u017c silnik szczotkowy. Konstrukcja ta &#8230; <\/p>\n<p class=\"read-more-container\"><a title=\"Odkurzacz przemys\u0142owy W2 XR\" class=\"read-more button\" href=\"https:\/\/obera.fr\/pl\/produits\/aspirateurs-industriels\/w2-xr-atex-22\/#more-45084\" aria-label=\"Dowiedz si\u0119 wi\u0119cej o Odkurzacz przemys\u0142owy W2 XR\">Lire la suite<\/a><\/p>\n","protected":false},"author":4,"featured_media":83746,"parent":48434,"menu_order":0,"comment_status":"closed","ping_status":"closed","template":"","meta":{"_acf_changed":false,"_seopress_robots_primary_cat":"","_seopress_titles_title":"Odkurzacz przemys\u0142owy W2 XR ATEX 22 oberA","_seopress_titles_desc":"Kompaktowy i wydajny \u2013 poznajcie seri\u0119 W2 XR do odsysania przeciwwybuchowych materia\u0142\u00f3w sta\u0142ych i p\u0142ynnych. Sprz\u0119t, kt\u00f3ry mo\u017cecie przetestowa\u0107 z opcj\u0105 zakupu dzi\u0119ki OberA.","_seopress_robots_index":"","footnotes":""},"class_list":{"0":"post-45084","1":"page","2":"type-page","3":"status-publish","4":"has-post-thumbnail","6":"no-featured-image-padding","7":"resize-featured-image"},"acf":[],"_links":{"self":[{"href":"https:\/\/obera.fr\/pl\/wp-json\/wp\/v2\/pages\/45084","targetHints":{"allow":["GET"]}}],"collection":[{"href":"https:\/\/obera.fr\/pl\/wp-json\/wp\/v2\/pages"}],"about":[{"href":"https:\/\/obera.fr\/pl\/wp-json\/wp\/v2\/types\/page"}],"author":[{"embeddable":true,"href":"https:\/\/obera.fr\/pl\/wp-json\/wp\/v2\/users\/4"}],"replies":[{"embeddable":true,"href":"https:\/\/obera.fr\/pl\/wp-json\/wp\/v2\/comments?post=45084"}],"version-history":[{"count":10,"href":"https:\/\/obera.fr\/pl\/wp-json\/wp\/v2\/pages\/45084\/revisions"}],"predecessor-version":[{"id":107185,"href":"https:\/\/obera.fr\/pl\/wp-json\/wp\/v2\/pages\/45084\/revisions\/107185"}],"up":[{"embeddable":true,"href":"https:\/\/obera.fr\/pl\/wp-json\/wp\/v2\/pages\/48434"}],"wp:featuredmedia":[{"embeddable":true,"href":"https:\/\/obera.fr\/pl\/wp-json\/wp\/v2\/media\/83746"}],"wp:attachment":[{"href":"https:\/\/obera.fr\/pl\/wp-json\/wp\/v2\/media?parent=45084"}],"curies":[{"name":"wp","href":"https:\/\/api.w.org\/{rel}","templated":true}]}}