{"id":45231,"date":"2022-10-10T09:41:03","date_gmt":"2022-10-10T07:41:03","guid":{"rendered":"https:\/\/obera.fr\/nasze-produkty\/przemyslowe-oczyszczacze-powietrza\/odswiezajacy-oczyszczacz-powietrza-epur150-fresh\/"},"modified":"2026-02-05T11:45:29","modified_gmt":"2026-02-05T09:45:29","slug":"purificateur-rafraichisseur-epur150-fresh","status":"publish","type":"page","link":"https:\/\/obera.fr\/pl\/produits\/purificateurs-air\/purificateur-rafraichisseur-epur150-fresh\/","title":{"rendered":"Ch\u0142odz\u0105cy oczyszczacz powietrza ePUR150 FRESH"},"content":{"rendered":"\n<h2 class=\"wp-block-heading\">Oczyszcza\u0107 i ch\u0142odzi\u0107<\/h2>\n\n<p>Przemys\u0142owy oczyszczacz powietrza z funkcj\u0105 ch\u0142odzenia <strong>ePUR150 FRESH<\/strong> jest idealny do oczyszczania i ch\u0142odzenia wszelkiego rodzaju obszar\u00f3w roboczych, hal przemys\u0142owych, miejsc o podwy\u017cszonej temperaturze itp. w spos\u00f3b ca\u0142kowicie naturalny i przy niskim zu\u017cyciu energii.<\/p>\n\n<h2 class=\"wp-block-heading\">Jak to dzia\u0142a?<\/h2>\n\n<div class=\"wp-block-columns is-layout-flex wp-container-core-columns-is-layout-28f84493 wp-block-columns-is-layout-flex\">\n<div class=\"wp-block-column is-vertically-aligned-top is-layout-flow wp-block-column-is-layout-flow\" style=\"flex-basis:33.33%\">\n<figure class=\"wp-block-image aligncenter size-full is-resized\"><img decoding=\"async\" width=\"700\" height=\"700\" src=\"https:\/\/obera.fr\/wp-content\/uploads\/2023\/04\/epur150-fresh-3.png\" alt=\"epur150 fresh 3\" class=\"wp-image-22417\" style=\"width:350px\" srcset=\"https:\/\/obera.fr\/wp-content\/uploads\/2023\/04\/epur150-fresh-3.png 700w, https:\/\/obera.fr\/wp-content\/uploads\/2023\/04\/epur150-fresh-3-300x300.png 300w, https:\/\/obera.fr\/wp-content\/uploads\/2023\/04\/epur150-fresh-3-150x150.png 150w\" sizes=\"(max-width: 700px) 100vw, 700px\" \/><\/figure>\n\n\n\n<div class=\"wp-block-columns is-layout-flex wp-container-core-columns-is-layout-28f84493 wp-block-columns-is-layout-flex\">\n<div class=\"wp-block-column is-layout-flow wp-block-column-is-layout-flow\">\n<figure class=\"wp-block-image alignright size-thumbnail is-resized\"><img decoding=\"async\" width=\"150\" height=\"150\" src=\"https:\/\/obera.fr\/wp-content\/uploads\/2023\/10\/design-sans-titre-36-150x150.png\" alt=\"projekt bez tytu&#x142;u 36\" class=\"wp-image-24781\" style=\"object-fit:cover;width:80px;height:80px\" srcset=\"https:\/\/obera.fr\/wp-content\/uploads\/2023\/10\/design-sans-titre-36-150x150.png 150w, https:\/\/obera.fr\/wp-content\/uploads\/2023\/10\/design-sans-titre-36.png 300w\" sizes=\"(max-width: 150px) 100vw, 150px\" \/><\/figure>\n<\/div>\n\n\n\n<div class=\"wp-block-column is-layout-flow wp-block-column-is-layout-flow\">\n<figure class=\"wp-block-image alignleft size-full is-resized\"><img decoding=\"async\" width=\"300\" height=\"300\" src=\"https:\/\/obera.fr\/wp-content\/uploads\/2023\/10\/design-sans-titre-37.png\" alt=\"projekt bez tytu&#x142;u 37\" class=\"wp-image-24784\" style=\"object-fit:cover;width:80px;height:80px\" srcset=\"https:\/\/obera.fr\/wp-content\/uploads\/2023\/10\/design-sans-titre-37.png 300w, https:\/\/obera.fr\/wp-content\/uploads\/2023\/10\/design-sans-titre-37-150x150.png 150w\" sizes=\"(max-width: 300px) 100vw, 300px\" \/><\/figure>\n<\/div>\n<\/div>\n<\/div>\n\n\n\n<div class=\"wp-block-column is-vertically-aligned-center is-layout-flow wp-block-column-is-layout-flow\" style=\"flex-basis:66.66%\">\n<p>Jego podstawowa zasada dzia\u0142ania polega na zasysaniu powietrza i przepuszczaniu go przez <strong>kilka stopni filtracji (G4\/F8)<\/strong>. W przypadku wysokich temperatur, obecne panele o strukturze plastra miodu mog\u0105 by\u0107 nawil\u017cane, <strong>ch\u0142odz\u0105c<\/strong> w ten spos\u00f3b przestrze\u0144 robocz\u0105 oczyszczonym powietrzem.<\/p>\n\n\n\n<p>Powietrze <strong>oczyszczone i\/lub sch\u0142odzone<\/strong> jest wt\u0142aczane do pomieszczenia, aby osi\u0105gn\u0105\u0107 optymaln\u0105 jako\u015b\u0107 powietrza i komfort termiczny.<\/p>\n\n\n\n<p>Przemys\u0142owy oczyszczacz powietrza z funkcj\u0105 ch\u0142odzenia generuje przep\u0142yw powietrza o warto\u015bci <strong>15 000 m\u00b3\/h<\/strong>, z dost\u0119pnym ci\u015bnieniem przy maksymalnym przep\u0142ywie <strong>100 Pa<\/strong>. Jego wydajno\u015b\u0107 jest odpowiednia dla pomieszcze\u0144 o powierzchni od <strong>70 m\u00b2 do 400 m\u00b2<\/strong>.<\/p>\n\n\n\n<div class=\"wp-block-columns is-layout-flex wp-container-core-columns-is-layout-28f84493 wp-block-columns-is-layout-flex\">\n<div class=\"wp-block-column is-layout-flow wp-block-column-is-layout-flow\">\n<div class=\"wp-block-buttons is-horizontal is-content-justification-center is-layout-flex wp-container-core-buttons-is-layout-03627597 wp-block-buttons-is-layout-flex\">\n<div class=\"wp-block-button has-custom-width wp-block-button__width-100\"><a class=\"wp-block-button__link wp-element-button\" href=\"https:\/\/obera.fr\/pl\/skontaktuj-sie-z-nami\/\">Dowiedz si\u0119 wi\u0119cej<\/a><\/div>\n<\/div>\n<\/div>\n\n\n\n<div class=\"wp-block-column is-layout-flow wp-block-column-is-layout-flow\">\n<div class=\"wp-block-buttons is-layout-flex wp-block-buttons-is-layout-flex\">\n<div class=\"wp-block-button\"><a class=\"wp-block-button__link wp-element-button\" href=\"https:\/\/obera.fr\/wp-content\/uploads\/2025\/05\/catalogue-obera-2025-epur150.pdf\">pobierz broszur\u0119<\/a><\/div>\n<\/div>\n<\/div>\n\n\n\n<div class=\"wp-block-column is-layout-flow wp-block-column-is-layout-flow\">\n<div class=\"wp-block-buttons is-content-justification-center is-layout-flex wp-container-core-buttons-is-layout-a89b3969 wp-block-buttons-is-layout-flex\">\n<div class=\"wp-block-button btn-devis-source\"><a class=\"wp-block-button__link wp-element-button\" href=\"https:\/\/obera.fr\/pl\/devis\/\">Popro\u015b o wycen\u0119<\/a><\/div>\n<\/div>\n\n\n<script>\r\ndocument.addEventListener('DOMContentLoaded', function() {\r\n    \/\/ 1. On cherche le titre H1 de la page\r\n    var h1 = document.querySelector('h1');\r\n    var productTitle = h1 ? h1.innerText.trim() : \"\";\r\n\r\n    \/\/ 2. On cherche les boutons via la classe CSS .btn-devis-source\r\n    var buttons = document.querySelectorAll('.btn-devis-source a');\r\n\r\n    \/\/ 3. Si on a le titre et les boutons, on ajoute le param\u00e8tre\r\n    if (buttons.length > 0 && productTitle !== \"\") {\r\n        var encodedTitle = encodeURIComponent(productTitle);\r\n\r\n        buttons.forEach(function(btn) {\r\n            var currentHref = btn.getAttribute('href');\r\n            \r\n            \/\/ S\u00e9curit\u00e9 pour ne pas ajouter le param\u00e8tre 2 fois\r\n            if (currentHref.indexOf('sujet=') === -1) {\r\n                var separator = currentHref.indexOf('?') !== -1 ? '&' : '?';\r\n                var newLink = currentHref + separator + 'sujet=' + encodedTitle;\r\n                \r\n                btn.setAttribute('href', newLink);\r\n            }\r\n        });\r\n    }\r\n});\r\n<\/script><\/div>\n<\/div>\n<\/div>\n<\/div>\n\n<div style=\"height:20px\" aria-hidden=\"true\" class=\"wp-block-spacer\"><\/div>\n\n<h3 class=\"wp-block-heading\">Jakie s\u0105 jego zalety?<\/h3>\n\n<p>Oczyszczacz <strong>ePUR150 FRESH<\/strong> oferuje wiele zalet, w tym popraw\u0119 jako\u015bci powietrza. Jego g\u0142\u00f3wnym celem jest ochrona pracownik\u00f3w przed drobnymi cz\u0105stkami i grubym py\u0142em, aby zapobiec rozwojowi chor\u00f3b p\u0142uc lub serca.<\/p>\n\n<p>Opr\u00f3cz poprawy jako\u015bci powietrza, <strong>ePUR150 FRESH<\/strong> mo\u017ce by\u0107 przekszta\u0142cony w ch\u0142odnic\u0119 w obliczu wysokich temperatur. Dzi\u0119ki przep\u0142ywowi wody przez panele o strukturze plastra miodu, oczyszczone powietrze mo\u017ce by\u0107 sch\u0142adzane, a tym samym obni\u017ca\u0107 temperatur\u0119 powietrza w przestrzeniach roboczych.<\/p>\n\n<p>Nale\u017cy r\u00f3wnie\u017c wzi\u0105\u0107 pod uwag\u0119 oszcz\u0119dno\u015b\u0107 energii. Strumie\u0144 powietrza generowany przez urz\u0105dzenie kondycjonuje przestrze\u0144 robocz\u0105, przenosz\u0105c ciep\u0142e powietrze z g\u00f3ry na d\u00f3\u0142.<\/p>\n\n<h3 class=\"wp-block-heading\">ePUR150 FRESH w kilku punktach <\/h3>\n\n<div class=\"wp-block-columns is-layout-flex wp-container-core-columns-is-layout-28f84493 wp-block-columns-is-layout-flex\">\n<div class=\"wp-block-column is-layout-flow wp-block-column-is-layout-flow\">\n<ul class=\"wp-block-list\">\n<li>Oczyszczacz z mo\u017cliwo\u015bci\u0105 przekszta\u0142cenia w ch\u0142odnic\u0119<\/li>\n\n\n\n<li>Szybkie otwieranie paneli za pomoc\u0105 zatrzask\u00f3w obrotowych<\/li>\n\n\n\n<li>Ch\u0142odnica: nie wymaga nadzoru dzi\u0119ki automatycznemu zasilaniu wod\u0105<\/li>\n\n\n\n<li>Mocny i cichy<\/li>\n\n\n\n<li>Bardzo niskie zu\u017cycie energii<\/li>\n<\/ul>\n<\/div>\n\n\n\n<div class=\"wp-block-column is-layout-flow wp-block-column-is-layout-flow\">\n<ul class=\"wp-block-list\">\n<li>Personalizacja filtr\u00f3w (G4 \/ F8)<\/li>\n\n\n\n<li>Plug &amp; Play: proste i szybkie pod\u0142\u0105czenie<\/li>\n\n\n\n<li>Brak monta\u017cu i kana\u0142\u00f3w wyci\u0105gowych<\/li>\n\n\n\n<li>Mobilny i stabilny dzi\u0119ki nylonowym k\u00f3\u0142kom z hamulcami<\/li>\n\n\n\n<li>System r\u0119cznego opr\u00f3\u017cniania<\/li>\n\n\n\n<li>\u0141atwe czyszczenie<\/li>\n<\/ul>\n<\/div>\n<\/div>\n\n<h2 class=\"wp-block-heading\">Elementy oczyszczacza ePUR150 FRESH<\/h2>\n\n<div class=\"wp-block-columns is-layout-flex wp-container-core-columns-is-layout-28f84493 wp-block-columns-is-layout-flex\">\n<div class=\"wp-block-column is-layout-flow wp-block-column-is-layout-flow\">\n<ul class=\"wp-block-list\">\n<li>Zbiornik na wod\u0119 i dach z grubego polipropylenu z ochron\u0105 UV.<\/li>\n\n\n\n<li>Naro\u017cne s\u0142upki ze stali nierdzewnej AISI-304.<\/li>\n\n\n\n<li>Panele ch\u0142odz\u0105ce typu 5090, grubo\u015b\u0107 100 mm.<\/li>\n\n\n\n<li>Kratki ss\u0105ce malowane piecowo (farba poliestrowa szara RAL 7035).<\/li>\n\n\n\n<li>Zesp\u00f3\u0142 wentylator\u00f3w od\u015brodkowych ze stali ocynkowanej.<\/li>\n\n\n\n<li>Os\u0142ona \u0142o\u017cysk zapobiegaj\u0105ca utlenianiu.<\/li>\n<\/ul>\n\n\n\n<p><\/p>\n<\/div>\n\n\n\n<div class=\"wp-block-column is-layout-flow wp-block-column-is-layout-flow\">\n<ul class=\"wp-block-list\">\n<li>Nylonowe k\u00f3\u0142ka z hamulcami u\u0142atwiaj\u0105ce transport i instalacj\u0119.<\/li>\n\n\n\n<li>System r\u0119cznego opr\u00f3\u017cniania z zaworem antykorozyjnym.<\/li>\n\n\n\n<li>W\u0105\u017c 10m z szybkoz\u0142\u0105czk\u0105.<\/li>\n\n\n\n<li>Panel elektryczny 1-biegowy lub ze zmienn\u0105 pr\u0119dko\u015bci\u0105.<\/li>\n\n\n\n<li>Instalacja hydrauliczna i elektryczna pod\u0142\u0105czona fabrycznie.<\/li>\n\n\n\n<li>Mo\u017cliwo\u015b\u0107 dostarczenia paneli ze stali nierdzewnej.<\/li>\n<\/ul>\n<\/div>\n<\/div>\n\n<div class=\"wp-block-buttons is-content-justification-center is-layout-flex wp-container-core-buttons-is-layout-a89b3969 wp-block-buttons-is-layout-flex\">\n<div class=\"wp-block-button\"><a class=\"wp-block-button__link wp-element-button\" href=\"https:\/\/obera.fr\/wp-content\/uploads\/2025\/05\/catalogue-obera-2025-epur150.pdf\">Pobierz broszur\u0119<\/a><\/div>\n<\/div>\n\n<h3 class=\"wp-block-heading\"><strong>Szczeg\u00f3\u0142y konstrukcyjne<\/strong><\/h3>\n\n<div class=\"wp-block-columns is-layout-flex wp-container-core-columns-is-layout-28f84493 wp-block-columns-is-layout-flex\">\n<div class=\"wp-block-column is-layout-flow wp-block-column-is-layout-flow\">\n<figure class=\"wp-block-image aligncenter size-full is-resized\"><img decoding=\"async\" width=\"600\" height=\"600\" src=\"https:\/\/obera.fr\/wp-content\/uploads\/2022\/10\/Panneau-alevolaire.jpg\" alt=\"panel o strukturze plastra miodu\" class=\"wp-image-14984\" style=\"width:150px;height:150px\" srcset=\"https:\/\/obera.fr\/wp-content\/uploads\/2022\/10\/Panneau-alevolaire.jpg 600w, https:\/\/obera.fr\/wp-content\/uploads\/2022\/10\/Panneau-alevolaire-300x300.jpg 300w, https:\/\/obera.fr\/wp-content\/uploads\/2022\/10\/Panneau-alevolaire-150x150.jpg 150w\" sizes=\"(max-width: 600px) 100vw, 600px\" \/><figcaption class=\"wp-element-caption\">Panel o strukturze plastra miodu<\/figcaption><\/figure>\n<\/div>\n\n\n\n<div class=\"wp-block-column is-layout-flow wp-block-column-is-layout-flow\">\n<figure class=\"wp-block-image aligncenter size-full is-resized\"><img decoding=\"async\" width=\"600\" height=\"600\" src=\"https:\/\/obera.fr\/wp-content\/uploads\/2022\/10\/Diffuseur-dair-1.jpg\" alt=\"dyfuzor powietrza\" class=\"wp-image-14981\" style=\"width:150px;height:150px\" srcset=\"https:\/\/obera.fr\/wp-content\/uploads\/2022\/10\/Diffuseur-dair-1.jpg 600w, https:\/\/obera.fr\/wp-content\/uploads\/2022\/10\/Diffuseur-dair-1-300x300.jpg 300w, https:\/\/obera.fr\/wp-content\/uploads\/2022\/10\/Diffuseur-dair-1-150x150.jpg 150w\" sizes=\"(max-width: 600px) 100vw, 600px\" \/><figcaption class=\"wp-element-caption\">Dyfuzor powietrza<\/figcaption><\/figure>\n<\/div>\n\n\n\n<div class=\"wp-block-column is-layout-flow wp-block-column-is-layout-flow\">\n<figure class=\"wp-block-image aligncenter size-full is-resized\"><img decoding=\"async\" width=\"600\" height=\"600\" src=\"https:\/\/obera.fr\/wp-content\/uploads\/2022\/10\/Tuyau-10m-avec-raccord.jpg\" alt=\"w&#x105;&#x17C; 10m ze z&#x142;&#x105;czk&#x105;\" class=\"wp-image-14978\" style=\"width:150px;height:150px\" srcset=\"https:\/\/obera.fr\/wp-content\/uploads\/2022\/10\/Tuyau-10m-avec-raccord.jpg 600w, https:\/\/obera.fr\/wp-content\/uploads\/2022\/10\/Tuyau-10m-avec-raccord-300x300.jpg 300w, https:\/\/obera.fr\/wp-content\/uploads\/2022\/10\/Tuyau-10m-avec-raccord-150x150.jpg 150w\" sizes=\"(max-width: 600px) 100vw, 600px\" \/><figcaption class=\"wp-element-caption\">W\u0105\u017c 10m ze z\u0142\u0105czk\u0105<\/figcaption><\/figure>\n<\/div>\n\n\n\n<div class=\"wp-block-column is-layout-flow wp-block-column-is-layout-flow\">\n<figure class=\"wp-block-image aligncenter size-full is-resized\"><img decoding=\"async\" width=\"600\" height=\"600\" src=\"https:\/\/obera.fr\/wp-content\/uploads\/2022\/10\/Pompe-a-eau.jpg\" alt=\"pompa wodna\" class=\"wp-image-14975\" style=\"width:150px;height:150px\" srcset=\"https:\/\/obera.fr\/wp-content\/uploads\/2022\/10\/Pompe-a-eau.jpg 600w, https:\/\/obera.fr\/wp-content\/uploads\/2022\/10\/Pompe-a-eau-300x300.jpg 300w, https:\/\/obera.fr\/wp-content\/uploads\/2022\/10\/Pompe-a-eau-150x150.jpg 150w\" sizes=\"(max-width: 600px) 100vw, 600px\" \/><figcaption class=\"wp-element-caption\">Pompa wodna<\/figcaption><\/figure>\n<\/div>\n\n\n\n<div class=\"wp-block-column is-vertically-aligned-bottom is-layout-flow wp-block-column-is-layout-flow\">\n<figure class=\"wp-block-image aligncenter size-medium is-resized\"><img decoding=\"async\" width=\"300\" height=\"257\" src=\"https:\/\/obera.fr\/wp-content\/uploads\/2023\/01\/prefiltre-g4-3-300x257.png\" alt=\"filtr wst&#x119;pny g4 3\" class=\"wp-image-18378\" style=\"width:150px;height:129px\" srcset=\"https:\/\/obera.fr\/wp-content\/uploads\/2023\/01\/prefiltre-g4-3-300x257.png 300w, https:\/\/obera.fr\/wp-content\/uploads\/2023\/01\/prefiltre-g4-3.png 350w\" sizes=\"(max-width: 300px) 100vw, 300px\" \/><figcaption class=\"wp-element-caption\">Filtr wst\u0119pny G4 i filtr g\u0142\u00f3wny do F8<\/figcaption><\/figure>\n<\/div>\n<\/div>\n\n<h2 class=\"wp-block-heading\">Odkryj przemys\u0142owe oczyszczacze powietrza<\/h2>\n\n<div class=\"wp-block-columns is-layout-flex wp-container-core-columns-is-layout-28f84493 wp-block-columns-is-layout-flex\">\n<div class=\"wp-block-column is-layout-flow wp-block-column-is-layout-flow\">\n<figure class=\"wp-block-image aligncenter size-medium is-resized\"><a href=\"https:\/\/obera.fr\/pl\/produits\/purificateurs-air\/industriel-epur\/\"><img decoding=\"async\" width=\"300\" height=\"300\" src=\"https:\/\/obera.fr\/wp-content\/uploads\/2026\/01\/image-gamme-epur-300x300.png\" alt=\"obraz serii epur\" class=\"wp-image-138868\" style=\"width:225px;height:225px\" srcset=\"https:\/\/obera.fr\/wp-content\/uploads\/2026\/01\/image-gamme-epur-300x300.png 300w, https:\/\/obera.fr\/wp-content\/uploads\/2026\/01\/image-gamme-epur-1024x1024.png 1024w, https:\/\/obera.fr\/wp-content\/uploads\/2026\/01\/image-gamme-epur-150x150.png 150w, https:\/\/obera.fr\/wp-content\/uploads\/2026\/01\/image-gamme-epur-768x768.png 768w, https:\/\/obera.fr\/wp-content\/uploads\/2026\/01\/image-gamme-epur.png 1200w\" sizes=\"(max-width: 300px) 100vw, 300px\" \/><\/a><figcaption class=\"wp-element-caption\">Seria ePUR oberA<\/figcaption><\/figure>\n<\/div>\n\n\n\n<div class=\"wp-block-column is-layout-flow wp-block-column-is-layout-flow\">\n<figure class=\"wp-block-image aligncenter size-medium is-resized\"><a href=\"https:\/\/obera.fr\/pl\/produits\/purificateurs-air\/oczyszczacz-powietrza-z-pylu-epur-b01-ecoprime\/\"><img decoding=\"async\" width=\"300\" height=\"300\" src=\"https:\/\/obera.fr\/wp-content\/uploads\/2023\/02\/ecoprime-300x300.png\" alt=\"ecoprime\" class=\"wp-image-19002\" style=\"width:225px;height:225px\" srcset=\"https:\/\/obera.fr\/wp-content\/uploads\/2023\/02\/ecoprime-300x300.png 300w, https:\/\/obera.fr\/wp-content\/uploads\/2023\/02\/ecoprime-150x150.png 150w, https:\/\/obera.fr\/wp-content\/uploads\/2023\/02\/ecoprime.png 500w\" sizes=\"(max-width: 300px) 100vw, 300px\" \/><\/a><figcaption class=\"wp-element-caption\">ePUR B01 ecoPRIME<\/figcaption><\/figure>\n<\/div>\n\n\n\n<div class=\"wp-block-column is-layout-flow wp-block-column-is-layout-flow\">\n<figure class=\"wp-block-image aligncenter size-full is-resized\"><a href=\"https:\/\/obera.fr\/pl\/produits\/purificateurs-air\/filtower\/\"><img decoding=\"async\" width=\"184\" height=\"300\" src=\"https:\/\/obera.fr\/wp-content\/uploads\/2026\/01\/image-filtower.png\" alt=\"obraz filtower\" class=\"wp-image-138903\" style=\"object-fit:contain;width:225px;height:225px\"\/><\/a><figcaption class=\"wp-element-caption\">Filtower<\/figcaption><\/figure>\n<\/div>\n\n\n\n<div class=\"wp-block-column is-layout-flow wp-block-column-is-layout-flow\">\n<figure class=\"wp-block-image aligncenter size-medium is-resized\"><a href=\"https:\/\/obera.fr\/pl\/produits\/purificateurs-air\/professionnel-epur-ca\/\"><img decoding=\"async\" width=\"300\" height=\"300\" src=\"https:\/\/obera.fr\/wp-content\/uploads\/2026\/01\/image-epur-ca-300x300.png\" alt=\"obraz epur ca\" class=\"wp-image-138874\" style=\"width:225px;height:225px\" srcset=\"https:\/\/obera.fr\/wp-content\/uploads\/2026\/01\/image-epur-ca-300x300.png 300w, https:\/\/obera.fr\/wp-content\/uploads\/2026\/01\/image-epur-ca-1024x1024.png 1024w, https:\/\/obera.fr\/wp-content\/uploads\/2026\/01\/image-epur-ca-150x150.png 150w, https:\/\/obera.fr\/wp-content\/uploads\/2026\/01\/image-epur-ca-768x768.png 768w, https:\/\/obera.fr\/wp-content\/uploads\/2026\/01\/image-epur-ca.png 1200w\" sizes=\"(max-width: 300px) 100vw, 300px\" \/><\/a><figcaption class=\"wp-element-caption\">ePUR CA<\/figcaption><\/figure>\n<\/div>\n<\/div>\n","protected":false},"excerpt":{"rendered":"<p>Oczyszcza\u0107 i ch\u0142odzi\u0107 Przemys\u0142owy oczyszczacz powietrza z funkcj\u0105 ch\u0142odzenia ePUR150 FRESH jest idealny do oczyszczania i ch\u0142odzenia wszelkiego rodzaju obszar\u00f3w roboczych, hal przemys\u0142owych, miejsc o podwy\u017cszonej temperaturze itp. w spos\u00f3b ca\u0142kowicie naturalny i przy niskim zu\u017cyciu energii. Jak to dzia\u0142a? Jego podstawowa zasada dzia\u0142ania polega na zasysaniu powietrza i przepuszczaniu go przez kilka stopni filtracji (G4\/F8). W przypadku wysokich temperatur, obecne panele o strukturze plastra miodu mog\u0105 by\u0107 nawil\u017cane, ch\u0142odz\u0105c w ten spos\u00f3b przestrze\u0144 robocz\u0105 oczyszczonym powietrzem. Powietrze oczyszczone i\/lub sch\u0142odzone jest wt\u0142aczane do pomieszczenia, aby osi\u0105gn\u0105\u0107 optymaln\u0105 jako\u015b\u0107 powietrza i komfort termiczny. Przemys\u0142owy oczyszczacz powietrza z funkcj\u0105 ch\u0142odzenia generuje &#8230; <\/p>\n<p class=\"read-more-container\"><a title=\"Ch\u0142odz\u0105cy oczyszczacz powietrza ePUR150 FRESH\" class=\"read-more button\" href=\"https:\/\/obera.fr\/pl\/produits\/purificateurs-air\/purificateur-rafraichisseur-epur150-fresh\/#more-45231\" aria-label=\"Dowiedz si\u0119 wi\u0119cej o Ch\u0142odz\u0105cy oczyszczacz powietrza ePUR150 FRESH\">Lire la suite<\/a><\/p>\n","protected":false},"author":4,"featured_media":83746,"parent":37673,"menu_order":0,"comment_status":"closed","ping_status":"closed","template":"","meta":{"_acf_changed":false,"_seopress_robots_primary_cat":"","_seopress_titles_title":"Ch\u0142odz\u0105cy oczyszczacz powietrza ePUR150 FRESH","_seopress_titles_desc":"Odkryj nasze unikalne urz\u0105dzenie do oczyszczania powietrza, kt\u00f3re oferuje r\u00f3wnie\u017c mo\u017cliwo\u015b\u0107 ch\u0142odzenia stanowiska pracy.","_seopress_robots_index":"tak","footnotes":""},"class_list":{"0":"post-45231","1":"page","2":"type-page","3":"status-publish","4":"has-post-thumbnail","6":"no-featured-image-padding","7":"resize-featured-image"},"acf":[],"_links":{"self":[{"href":"https:\/\/obera.fr\/pl\/wp-json\/wp\/v2\/pages\/45231","targetHints":{"allow":["GET"]}}],"collection":[{"href":"https:\/\/obera.fr\/pl\/wp-json\/wp\/v2\/pages"}],"about":[{"href":"https:\/\/obera.fr\/pl\/wp-json\/wp\/v2\/types\/page"}],"author":[{"embeddable":true,"href":"https:\/\/obera.fr\/pl\/wp-json\/wp\/v2\/users\/4"}],"replies":[{"embeddable":true,"href":"https:\/\/obera.fr\/pl\/wp-json\/wp\/v2\/comments?post=45231"}],"version-history":[{"count":14,"href":"https:\/\/obera.fr\/pl\/wp-json\/wp\/v2\/pages\/45231\/revisions"}],"predecessor-version":[{"id":140580,"href":"https:\/\/obera.fr\/pl\/wp-json\/wp\/v2\/pages\/45231\/revisions\/140580"}],"up":[{"embeddable":true,"href":"https:\/\/obera.fr\/pl\/wp-json\/wp\/v2\/pages\/37673"}],"wp:featuredmedia":[{"embeddable":true,"href":"https:\/\/obera.fr\/pl\/wp-json\/wp\/v2\/media\/83746"}],"wp:attachment":[{"href":"https:\/\/obera.fr\/pl\/wp-json\/wp\/v2\/media?parent=45231"}],"curies":[{"name":"wp","href":"https:\/\/api.w.org\/{rel}","templated":true}]}}