{"id":45367,"date":"2024-04-05T23:01:46","date_gmt":"2024-04-05T21:01:46","guid":{"rendered":"https:\/\/obera.fr\/odkurzacz-przemyslowy-w3\/"},"modified":"2026-02-05T18:17:15","modified_gmt":"2026-02-05T16:17:15","slug":"w3-pour-nettoyage-general","status":"publish","type":"page","link":"https:\/\/obera.fr\/pl\/produits\/aspirateurs-industriels\/w3-pour-nettoyage-general\/","title":{"rendered":"Odkurzacz przemys\u0142owy W3"},"content":{"rendered":"\n<p><a href=\"https:\/\/obera.fr\/pl\/produits\/aspirateurs-industriels\/\" data-type=\"page\" data-id=\"41\">Rozwi\u0105zanie do odsysania<\/a> wydajne i proste w u\u017cyciu, odkurzacz przemys\u0142owy W3 jest niezb\u0119dny do czyszczenia og\u00f3lnego i dostosowuje si\u0119 do wszystkich potrzeb.<\/p>\n\n<h2 class=\"wp-block-heading\">Zasada dzia\u0142ania i obszar zastosowania odkurzacza przemys\u0142owego W3<\/h2>\n\n<div class=\"wp-block-columns is-layout-flex wp-container-core-columns-is-layout-28f84493 wp-block-columns-is-layout-flex\">\n<div class=\"wp-block-column is-layout-flow wp-block-column-is-layout-flow\" style=\"flex-basis:33.33%\">\n<figure class=\"wp-block-image aligncenter size-full is-resized\"><img decoding=\"async\" width=\"658\" height=\"652\" src=\"https:\/\/obera.fr\/wp-content\/uploads\/2024\/10\/w3.png\" alt=\"Odkurzacze przemys&#x142;owe\" class=\"wp-image-35427\" style=\"object-fit:cover;width:300px;height:300px\" srcset=\"https:\/\/obera.fr\/wp-content\/uploads\/2024\/10\/w3.png 658w, https:\/\/obera.fr\/wp-content\/uploads\/2024\/10\/w3-300x297.png 300w, https:\/\/obera.fr\/wp-content\/uploads\/2024\/10\/w3-150x150.png 150w, https:\/\/obera.fr\/wp-content\/uploads\/2024\/10\/w3-24x24.png 24w, https:\/\/obera.fr\/wp-content\/uploads\/2024\/10\/w3-48x48.png 48w, https:\/\/obera.fr\/wp-content\/uploads\/2024\/10\/w3-96x96.png 96w\" sizes=\"(max-width: 658px) 100vw, 658px\" \/><\/figure>\n<\/div>\n\n\n\n<div class=\"wp-block-column is-layout-flow wp-block-column-is-layout-flow\" style=\"flex-basis:66.66%\">\n<p><strong>Odkurzacz przemys\u0142owy W3<\/strong> s\u0142ynie ze swojej wszechstronno\u015bci i cichej pracy. Przekonuje swoj\u0105 praktyczno\u015bci\u0105 i zawiera trzy wydajne silniki by-pass, kt\u00f3rych zasada polega na zasysaniu powietrza i dzieleniu go na dwa strumienie: jeden strumie\u0144 s\u0142u\u017cy do ch\u0142odzenia silnika, drugi do zasysania py\u0142\u00f3w i materia\u0142\u00f3w sta\u0142ych. System odsysania, kt\u00f3ry nie tylko zapobiega zabrudzeniu silnika, ale tak\u017ce zatrzymuje drobne cz\u0105steczki, przepuszczaj\u0105c strumie\u0144 powietrza przez filtr przeciwpy\u0142owy. Silniki by-pass serii W3 oferuj\u0105 wysok\u0105 moc ssania, mniejsze wymagania konserwacyjne i wyd\u0142u\u017caj\u0105 \u017cywotno\u015b\u0107 urz\u0105dzenia (mniejsze ryzyko przegrzania i zabrudzenia).<\/p>\n\n\n\n<p>Do jakiego obszaru zastosowania? Wszechstronny, zwinny i praktyczny, odkurzacz jednofazowy W3 jest idealny do czyszczenia og\u00f3lnego: czyszczenia pod\u0142\u00f3g, \u015bcian, plac\u00f3w budowy, warsztat\u00f3w, maszyn produkcyjnych&#8230; To tak\u017ce doskona\u0142y wyb\u00f3r do odsysania drobnych py\u0142\u00f3w i cz\u0105stek alergennych. Jego konstrukcja i liczne mo\u017cliwo\u015bci personalizacji czyni\u0105 z niego urz\u0105dzenie, kt\u00f3re \u0142atwo dostosowuje si\u0119 do wszystkich sektor\u00f3w przemys\u0142u. Jest szczeg\u00f3lnie skuteczny do odsysania py\u0142\u00f3w i materia\u0142\u00f3w sta\u0142ych w warsztatach mechanicznych, przedsi\u0119biorstwach spo\u017cywczych, stolarniach, warsztatach rzemie\u015blniczych, piaskowaniu, cementowniach i obr\u00f3bce powierzchni.<\/p>\n\n\n\n<div class=\"wp-block-columns is-layout-flex wp-container-core-columns-is-layout-28f84493 wp-block-columns-is-layout-flex\">\n<div class=\"wp-block-column is-layout-flow wp-block-column-is-layout-flow\">\n<div class=\"wp-block-buttons is-layout-flex wp-block-buttons-is-layout-flex\">\n<div class=\"wp-block-button\"><a class=\"wp-block-button__link wp-element-button\" href=\"https:\/\/obera.fr\/wp-content\/uploads\/2025\/06\/brochure-w3-fr.pdf\">POBIERZ BROSZUR\u0118<\/a><\/div>\n<\/div>\n<\/div>\n\n\n\n<div class=\"wp-block-column is-layout-flow wp-block-column-is-layout-flow\">\n<div class=\"wp-block-buttons is-layout-flex wp-block-buttons-is-layout-flex\">\n<div class=\"wp-block-button\"><a class=\"wp-block-button__link wp-element-button\" href=\"https:\/\/obera.fr\/pl\/contact\/\">POTRZEBUJESZ SPERSONALIZOWANEJ PORADY?<\/a><\/div>\n<\/div>\n<\/div>\n\n\n\n<div class=\"wp-block-column is-layout-flow wp-block-column-is-layout-flow\">\n<div class=\"wp-block-buttons is-content-justification-center is-layout-flex wp-container-core-buttons-is-layout-a89b3969 wp-block-buttons-is-layout-flex\">\n<div class=\"wp-block-button btn-devis-source\"><a class=\"wp-block-button__link wp-element-button\" href=\"https:\/\/obera.fr\/pl\/devis\/\">Popro\u015b o wycen\u0119<\/a><\/div>\n<\/div>\n\n\n<script>\r\ndocument.addEventListener('DOMContentLoaded', function() {\r\n    \/\/ 1. On cherche le titre H1 de la page\r\n    var h1 = document.querySelector('h1');\r\n    var productTitle = h1 ? h1.innerText.trim() : \"\";\r\n\r\n    \/\/ 2. On cherche les boutons via la classe CSS .btn-devis-source\r\n    var buttons = document.querySelectorAll('.btn-devis-source a');\r\n\r\n    \/\/ 3. Si on a le titre et les boutons, on ajoute le param\u00e8tre\r\n    if (buttons.length > 0 && productTitle !== \"\") {\r\n        var encodedTitle = encodeURIComponent(productTitle);\r\n\r\n        buttons.forEach(function(btn) {\r\n            var currentHref = btn.getAttribute('href');\r\n            \r\n            \/\/ S\u00e9curit\u00e9 pour ne pas ajouter le param\u00e8tre 2 fois\r\n            if (currentHref.indexOf('sujet=') === -1) {\r\n                var separator = currentHref.indexOf('?') !== -1 ? '&' : '?';\r\n                var newLink = currentHref + separator + 'sujet=' + encodedTitle;\r\n                \r\n                btn.setAttribute('href', newLink);\r\n            }\r\n        });\r\n    }\r\n});\r\n<\/script><\/div>\n<\/div>\n<\/div>\n<\/div>\n\n<h2 class=\"wp-block-heading\">Czyszczenie og\u00f3lne: charakterystyka odkurzacza W3<\/h2>\n\n<p>Odkurzacz przemys\u0142owy W3 dost\u0119pny jest w dw\u00f3ch wersjach. Wyposa\u017cony jest w 3 silniki jednofazowe o mocy 1,1 kW w wersji 65 litr\u00f3w i 1,3 kW w wersji 100 litr\u00f3w. Specyfikacja techniczna, kt\u00f3ra czyni urz\u0105dzenie szczeg\u00f3lnie skutecznym do odsysania materia\u0142\u00f3w o wysokiej masie w\u0142a\u015bciwej (\u017cwir, piasek, gwo\u017adzie, \u015bruby, od\u0142amki szk\u0142a). Odkurzacz oferuje maksymalne podci\u015bnienie mi\u0119dzy 2 400 a 3 600 Pa oraz maksymalny przep\u0142yw mi\u0119dzy 540 m3\/h a 450 m3\/h w zale\u017cno\u015bci od wybranej wersji.<\/p>\n\n<p>Pomimo trzech silnik\u00f3w by-pass, odkurzacz przemys\u0142owy W3 jest cichy. Jednostka ss\u0105ca wyposa\u017cona jest w pow\u0142ok\u0119 d\u017awi\u0119koch\u0142onn\u0105 w celu zminimalizowania ha\u0142asu.<\/p>\n\n<p>Solidne urz\u0105dzenie ss\u0105ce zawiera wytrzyma\u0142\u0105 stalow\u0105 g\u0142owic\u0119. Jednostka filtruj\u0105ca wykonana jest r\u00f3wnie\u017c ze stali nierdzewnej (komora filtracyjna) wraz z pojemnikiem na k\u00f3\u0142kach i podwoziem. <\/p>\n\n<p>Wreszcie, jednostka filtruj\u0105ca wyposa\u017cona jest w filtr workowy z poliestru zapewniaj\u0105cy ochron\u0119 oraz wysokie zatrzymywanie py\u0142u. Du\u017ca powierzchnia 2m2 i wysoka skuteczno\u015b\u0107 filtracji (3 mikrony) pozwala dodatkowo zagwarantowa\u0107 czysto\u015b\u0107 powietrza wylotowego.<\/p>\n\n<p>Odkurzacz W3 zawiera akcesoria dedykowane profesjonalistom sprz\u0105tania: elastyczny w\u0105\u017c ss\u0105cy, szczotki, ssawk\u0119 p\u0142ask\u0105 itp.<\/p>\n\n<blockquote class=\"wp-block-quote is-layout-flow wp-block-quote-is-layout-flow\">\n<p>Dost\u0119pne wersje: odkurzacz przemys\u0142owy W3 dost\u0119pny jest w dw\u00f3ch wersjach! Jedna o pojemno\u015bci 65 litr\u00f3w, druga o pojemno\u015bci 100 litr\u00f3w. Dost\u0119pny jest r\u00f3wnie\u017c z 3 silnikami jednofazowymi 3-stopniowymi do obs\u0142ugi odsysania materia\u0142\u00f3w o wysokiej masie w\u0142a\u015bciwej.<\/p>\n<\/blockquote>\n\n<h3 class=\"wp-block-heading has-text-align-center\">Opcjonalnie<\/h3>\n\n<div class=\"wp-block-columns is-layout-flex wp-container-core-columns-is-layout-28f84493 wp-block-columns-is-layout-flex\">\n<div class=\"wp-block-column is-layout-flow wp-block-column-is-layout-flow\" style=\"flex-basis:50%\">\n<ul class=\"wp-block-list\">\n<li>Filtr nomex &#8211; odporny na temperatur\u0119 do 250\u00b0;<\/li>\n\n\n\n<li>Filtr absolutny Hepa H14;<\/li>\n\n\n\n<li>Filtr klasy M PTFE;<\/li>\n\n\n\n<li>Filtr klasy M Teflon hydro-oleofobowy; <\/li>\n\n\n\n<li>Filtr antystatyczny klasy M;<\/li>\n<\/ul>\n<\/div>\n\n\n\n<div class=\"wp-block-column is-layout-flow wp-block-column-is-layout-flow\" style=\"flex-basis:50%\">\n<ul class=\"wp-block-list\">\n<li>Pojemnik i komora filtracyjna ze stali INOX;<\/li>\n\n\n\n<li>Uziemienie;<\/li>\n\n\n\n<li>Kosz kratowy z zaworem spustowym i wska\u017anikiem poziomu;<\/li>\n\n\n\n<li>Pojemnik do work\u00f3w d\u0142uga mata 20mt;<\/li>\n\n\n\n<li>Cyklon do ochrony filtra.<\/li>\n<\/ul>\n<\/div>\n<\/div>\n\n<h3 class=\"wp-block-heading has-text-align-center\">PRZEMYS\u0141<\/h3>\n\n<div class=\"wp-block-columns is-layout-flex wp-container-core-columns-is-layout-28f84493 wp-block-columns-is-layout-flex\">\n<div class=\"wp-block-column is-layout-flow wp-block-column-is-layout-flow\">\n<hr class=\"wp-block-separator has-alpha-channel-opacity\"\/>\n\n\n\n<div class=\"wp-block-columns is-layout-flex wp-container-core-columns-is-layout-28f84493 wp-block-columns-is-layout-flex\">\n<div class=\"wp-block-column is-layout-flow wp-block-column-is-layout-flow\">\n<figure class=\"wp-block-image aligncenter size-thumbnail is-resized\"><img decoding=\"async\" width=\"150\" height=\"150\" src=\"https:\/\/obera.fr\/wp-content\/uploads\/2022\/02\/Textile-150x150.png\" alt=\"tekstylny\" class=\"wp-image-8855\"\/><figcaption class=\"wp-element-caption\">Tekstylia<\/figcaption><\/figure>\n\n\n\n<figure class=\"wp-block-image aligncenter size-thumbnail is-resized\"><img decoding=\"async\" width=\"150\" height=\"150\" src=\"https:\/\/obera.fr\/wp-content\/uploads\/2022\/02\/Plastique-150x150.png\" alt=\"plastik\" class=\"wp-image-8854\"\/><figcaption class=\"wp-element-caption\">Tworzywo sztuczne<\/figcaption><\/figure>\n<\/div>\n\n\n\n<div class=\"wp-block-column is-layout-flow wp-block-column-is-layout-flow\">\n<figure class=\"wp-block-image aligncenter size-thumbnail is-resized\"><img decoding=\"async\" width=\"150\" height=\"150\" src=\"https:\/\/obera.fr\/wp-content\/uploads\/2022\/02\/MINERAIS-150x150.png\" alt=\"rudy\" class=\"wp-image-8847\"\/><figcaption class=\"wp-element-caption\">Minera\u0142y<\/figcaption><\/figure>\n\n\n\n<figure class=\"wp-block-image aligncenter size-thumbnail is-resized\"><img decoding=\"async\" width=\"150\" height=\"150\" src=\"https:\/\/obera.fr\/wp-content\/uploads\/2022\/02\/Metalurgie-150x150.png\" alt=\"metalurgia\" class=\"wp-image-8857\"\/><figcaption class=\"wp-element-caption\">Metalurgia<\/figcaption><\/figure>\n\n\n\n<figure class=\"wp-block-image aligncenter size-thumbnail is-resized\"><img decoding=\"async\" width=\"150\" height=\"150\" src=\"https:\/\/obera.fr\/wp-content\/uploads\/2023\/02\/sans-titre-2023-02-14t102211.641-150x150.png\" alt=\"Rolnictwo\" class=\"wp-image-18828\"\/><figcaption class=\"wp-element-caption\">Rolnictwo<\/figcaption><\/figure>\n<\/div>\n<\/div>\n<\/div>\n\n\n\n<div class=\"wp-block-column is-layout-flow wp-block-column-is-layout-flow\">\n<hr class=\"wp-block-separator has-alpha-channel-opacity\"\/>\n\n\n\n<div class=\"wp-block-columns is-layout-flex wp-container-core-columns-is-layout-28f84493 wp-block-columns-is-layout-flex\">\n<div class=\"wp-block-column is-layout-flow wp-block-column-is-layout-flow\">\n<figure class=\"wp-block-image aligncenter size-thumbnail is-resized\"><img decoding=\"async\" width=\"150\" height=\"150\" src=\"https:\/\/obera.fr\/wp-content\/uploads\/2022\/02\/Chimie-150x150.png\" alt=\"chemia\" class=\"wp-image-8846\"\/><figcaption class=\"wp-element-caption\">Chemia<\/figcaption><\/figure>\n\n\n\n<figure class=\"wp-block-image aligncenter size-thumbnail is-resized\"><img decoding=\"async\" width=\"150\" height=\"150\" src=\"https:\/\/obera.fr\/wp-content\/uploads\/2022\/02\/Travail-du-bois-150x150.png\" alt=\"obr&#xF3;bka drewna\" class=\"wp-image-8856\"\/><figcaption class=\"wp-element-caption\">Obr\u00f3bka drewna<\/figcaption><\/figure>\n\n\n\n<figure class=\"wp-block-image aligncenter size-thumbnail is-resized\"><img decoding=\"async\" width=\"150\" height=\"150\" src=\"https:\/\/obera.fr\/wp-content\/uploads\/2023\/02\/sans-titre-2023-02-14t101920.185-150x150.png\" alt=\"Lotnictwo\" class=\"wp-image-18831\"\/><figcaption class=\"wp-element-caption\">Lotnictwo<\/figcaption><\/figure>\n<\/div>\n\n\n\n<div class=\"wp-block-column is-layout-flow wp-block-column-is-layout-flow\">\n<figure class=\"wp-block-image aligncenter size-thumbnail is-resized\"><img decoding=\"async\" width=\"150\" height=\"150\" src=\"https:\/\/obera.fr\/wp-content\/uploads\/2022\/02\/AGROALIMENTAIRE-150x150.png\" alt=\"rolno-spo&#x17C;ywczy\" class=\"wp-image-8844\"\/><figcaption class=\"wp-element-caption\">Przemys\u0142 spo\u017cywczy<\/figcaption><\/figure>\n\n\n\n<figure class=\"wp-block-image aligncenter size-thumbnail is-resized\"><img decoding=\"async\" width=\"150\" height=\"150\" src=\"https:\/\/obera.fr\/wp-content\/uploads\/2022\/02\/Papier-carton-150x150.png\" alt=\"papier i tektura\" class=\"wp-image-8853\"\/><figcaption class=\"wp-element-caption\">Papier\/karton<\/figcaption><\/figure>\n\n\n\n<figure class=\"wp-block-image aligncenter size-thumbnail is-resized\"><img decoding=\"async\" width=\"150\" height=\"150\" src=\"https:\/\/obera.fr\/wp-content\/uploads\/2023\/02\/sans-titre-2023-02-14t101712.416-150x150.png\" alt=\"Motoryzacja\" class=\"wp-image-18834\"\/><figcaption class=\"wp-element-caption\">Motoryzacja<\/figcaption><\/figure>\n<\/div>\n<\/div>\n<\/div>\n<\/div>\n\n<figure class=\"wp-block-table\"><table class=\"has-fixed-layout\"><tbody><tr><td>Napi\u0119cie<\/td><td>V-Hz<\/td><td>230<\/td><td>230-50<\/td><\/tr><tr><td>Moc<\/td><td>kW<\/td><td>3&#215;1.1<\/td><td>3&#215;1.3<\/td><\/tr><tr><td>Maksymalne podci\u015bnienie<\/td><td>Pa<\/td><td>2.400 Pa<\/td><td>3.600 Pa<\/td><\/tr><tr><td>Maks. przep\u0142yw powietrza<\/td><td>m3\/h<\/td><td>540<\/td><td>450<\/td><\/tr><tr><td>\u015arednica wlotu<\/td><td>mm<\/td><td>80<\/td><td>80<\/td><\/tr><tr><td>Typ filtra<\/td><td><\/td><td>Workowy gwia\u017adzisty<\/td><td>Workowy gwia\u017adzisty<\/td><\/tr><tr><td>Powierzchnia<\/td><td>cm2<\/td><td>20.000<\/td><td>20.000<\/td><\/tr><tr><td>System czyszczenia<\/td><td><\/td><td>R\u0119czny<\/td><td>R\u0119czny<\/td><\/tr><tr><td>Pojemnik zbiorczy<\/td><td><\/td><td>Stal<\/td><td>Stal<\/td><\/tr><tr><td>System opr\u00f3\u017cniania<\/td><td><\/td><td>Pojemnik zdejmowany<\/td><td>Pojemnik zdejmowany<\/td><\/tr><tr><td>Pojemno\u015b\u0107<\/td><td>litr<\/td><td>65\/100<\/td><td>65\/100<\/td><\/tr><tr><td>Wymiary<\/td><td>cm<\/td><td>58x60x135<\/td><td>58x60x145<\/td><\/tr><tr><td>Materia\u0142 filtracyjny &#8211; klasa<\/td><td><\/td><td><\/td><td>Poliester-L<\/td><\/tr><\/tbody><\/table><\/figure>\n\n<div class=\"wp-block-buttons is-content-justification-center is-layout-flex wp-container-core-buttons-is-layout-a89b3969 wp-block-buttons-is-layout-flex\">\n<div class=\"wp-block-button\"><a class=\"wp-block-button__link wp-element-button\" href=\"https:\/\/obera.fr\/wp-content\/uploads\/2024\/04\/obera_brochure-w3-fr.pdf\">POBIERZ KART\u0118 PRODUKTU<\/a><\/div>\n<\/div>\n\n<h2 class=\"wp-block-heading\">Zalety odkurzacza W3<\/h2>\n\n<p>Seria W3 jest szczeg\u00f3lnie ceniona za \u0142atwo\u015b\u0107 u\u017cytkowania. Wszystko zosta\u0142o zaprojektowane tak, aby maksymalnie upro\u015bci\u0107 obs\u0142ug\u0119 czyszczenia og\u00f3lnego dla operatora. Wyposa\u017cony jest w szczeg\u00f3lno\u015bci w wakuometr ze wska\u017anikiem \u015bwietlnym do wykrywania nasycenia filtra. Dwie uchwyty znajduj\u0105 si\u0119 na g\u0142owicy silnika, aby \u0142atwo go podnie\u015b\u0107 podczas wymiany filtra. Odkurzacz jednofazowy zawiera r\u00f3wnie\u017c system r\u0119cznego oczyszczania aktywowany jednym gestem, aby umo\u017cliwi\u0107 technikowi powierzchni korzystanie z maksymalnej wydajno\u015bci ssania.<\/p>\n\n<div class=\"wp-block-columns is-layout-flex wp-container-core-columns-is-layout-28f84493 wp-block-columns-is-layout-flex\">\n<div class=\"wp-block-column is-layout-flow wp-block-column-is-layout-flow\" style=\"flex-basis:33.34%\">\n<h3 class=\"wp-block-heading\">Zalety :<\/h3>\n\n\n\n<ul class=\"wp-block-list\">\n<li>Wakuometr ze wska\u017anikiem \u015bwietlnym do przewidywania nasycenia filtra;<\/li>\n\n\n\n<li>Wydmuch powietrza skierowany w d\u00f3\u0142;<\/li>\n\n\n\n<li>Kompaktowy, mobilny i \u0142atwy w obs\u0142udze;<\/li>\n\n\n\n<li>Wszechstronny i cichy.<\/li>\n<\/ul>\n<\/div>\n\n\n\n<div class=\"wp-block-column is-layout-flow wp-block-column-is-layout-flow\" style=\"flex-basis:33.34%\">\n<h3 class=\"wp-block-heading\">Funkcje specjalne:<\/h3>\n\n\n\n<ul class=\"wp-block-list\">\n<li>Trzy silniki jednofazowe obej\u015bciowe z niezale\u017cnymi prze\u0142\u0105cznikami;<\/li>\n\n\n\n<li>Filtr gwia\u017adzisty z poliestru;<\/li>\n\n\n\n<li>Szeroka gama dost\u0119pnych filtr\u00f3w.<\/li>\n<\/ul>\n<\/div>\n\n\n\n<div class=\"wp-block-column is-layout-flow wp-block-column-is-layout-flow\" style=\"flex-basis:33.33%\">\n<h3 class=\"wp-block-heading\">Cechy :<\/h3>\n\n\n\n<ul class=\"wp-block-list\">\n<li>Dost\u0119pny w wersji 65 litr\u00f3w lub 100 litr\u00f3w;<\/li>\n\n\n\n<li>Dost\u0119pna wersja 3-stopniowa;<\/li>\n\n\n\n<li>Ochrona jednostki ss\u0105cej z filtrem gwia\u017adzistym (poliester).<\/li>\n<\/ul>\n<\/div>\n<\/div>\n\n<h2 class=\"wp-block-heading\">Przetestuj odkurzacz przemys\u0142owy jednofazowy do czyszczenia og\u00f3lnego<\/h2>\n\n<p>Oferujemy test w rzeczywistych warunkach w Pa\u0144stwa warsztatach z opcj\u0105 zakupu na \u015bredni okres 1 miesi\u0105ca.<\/p>\n\n<div class=\"wp-block-buttons is-content-justification-center is-layout-flex wp-container-core-buttons-is-layout-a89b3969 wp-block-buttons-is-layout-flex\">\n<div class=\"wp-block-button\"><a class=\"wp-block-button__link wp-element-button\" href=\"https:\/\/obera.fr\/pl\/contact\/\">PRZETESTUJ ODKURZACZ W2<\/a><\/div>\n<\/div>\n\n<h2 class=\"wp-block-heading\">Inne odkurzacze przemys\u0142owe z gamy<\/h2>\n\n<div class=\"wp-block-columns is-layout-flex wp-container-core-columns-is-layout-28f84493 wp-block-columns-is-layout-flex\">\n<div class=\"wp-block-column is-layout-flow wp-block-column-is-layout-flow\">\n<figure class=\"wp-block-image aligncenter size-full is-resized\"><a href=\"https:\/\/obera.fr\/pl\/produits\/aspirateurs-industriels\/w2-xr-atex-22\/\"><img decoding=\"async\" width=\"566\" height=\"671\" src=\"https:\/\/obera.fr\/wp-content\/uploads\/2024\/10\/w2-xr-2.png\" alt=\"Odkurzacze przemys&#x142;owe\" class=\"wp-image-35431\" style=\"object-fit:cover;width:300px;height:300px\" srcset=\"https:\/\/obera.fr\/wp-content\/uploads\/2024\/10\/w2-xr-2.png 566w, https:\/\/obera.fr\/wp-content\/uploads\/2024\/10\/w2-xr-2-253x300.png 253w\" sizes=\"(max-width: 566px) 100vw, 566px\" \/><\/a><figcaption class=\"wp-element-caption\">W2 XR<\/figcaption><\/figure>\n<\/div>\n\n\n\n<div class=\"wp-block-column is-layout-flow wp-block-column-is-layout-flow\">\n<figure class=\"wp-block-image aligncenter size-full is-resized\"><a href=\"https:\/\/obera.fr\/pl\/produits\/aspirateurs-industriels\/w2-haute-filtration-polyvalence\/\"><img decoding=\"async\" width=\"711\" height=\"622\" src=\"https:\/\/obera.fr\/wp-content\/uploads\/2024\/10\/w2.png\" alt=\"Odkurzacze przemys&#x142;owe\" class=\"wp-image-35424\" style=\"width:343px;height:auto\" srcset=\"https:\/\/obera.fr\/wp-content\/uploads\/2024\/10\/w2.png 711w, https:\/\/obera.fr\/wp-content\/uploads\/2024\/10\/w2-300x262.png 300w\" sizes=\"(max-width: 711px) 100vw, 711px\" \/><\/a><figcaption class=\"wp-element-caption\">W2<\/figcaption><\/figure>\n<\/div>\n\n\n\n<div class=\"wp-block-column is-layout-flow wp-block-column-is-layout-flow\">\n<figure class=\"wp-block-image aligncenter size-full is-resized\"><a href=\"https:\/\/obera.fr\/pl\/produits\/aspirateurs-industriels\/ventilateurs-aspiration-gamme-eurosog-rg-100-800\/\"><img decoding=\"async\" width=\"600\" height=\"600\" src=\"https:\/\/obera.fr\/wp-content\/uploads\/2024\/04\/obera-ventilateur-aspiration-rg-300-400.jpg\" alt=\"obera wentylator ss&#x105;cy rg 300 400\" class=\"wp-image-29437\" style=\"object-fit:cover;width:300px;height:300px\" srcset=\"https:\/\/obera.fr\/wp-content\/uploads\/2024\/04\/obera-ventilateur-aspiration-rg-300-400.jpg 600w, https:\/\/obera.fr\/wp-content\/uploads\/2024\/04\/obera-ventilateur-aspiration-rg-300-400-300x300.jpg 300w, https:\/\/obera.fr\/wp-content\/uploads\/2024\/04\/obera-ventilateur-aspiration-rg-300-400-150x150.jpg 150w\" sizes=\"(max-width: 600px) 100vw, 600px\" \/><\/a><figcaption class=\"wp-element-caption\">RG 300\/400<\/figcaption><\/figure>\n<\/div>\n<\/div>\n","protected":false},"excerpt":{"rendered":"<p>Rozwi\u0105zanie do odsysania wydajne i proste w u\u017cyciu, odkurzacz przemys\u0142owy W3 jest niezb\u0119dny do czyszczenia og\u00f3lnego i dostosowuje si\u0119 do wszystkich potrzeb. Zasada dzia\u0142ania i obszar zastosowania odkurzacza przemys\u0142owego W3 Odkurzacz przemys\u0142owy W3 s\u0142ynie ze swojej wszechstronno\u015bci i cichej pracy. Przekonuje swoj\u0105 praktyczno\u015bci\u0105 i zawiera trzy wydajne silniki by-pass, kt\u00f3rych zasada polega na zasysaniu powietrza i dzieleniu go na dwa strumienie: jeden strumie\u0144 s\u0142u\u017cy do ch\u0142odzenia silnika, drugi do zasysania py\u0142\u00f3w i materia\u0142\u00f3w sta\u0142ych. System odsysania, kt\u00f3ry nie tylko zapobiega zabrudzeniu silnika, ale tak\u017ce zatrzymuje drobne cz\u0105steczki, przepuszczaj\u0105c strumie\u0144 powietrza przez filtr przeciwpy\u0142owy. Silniki by-pass serii W3 oferuj\u0105 wysok\u0105 moc &#8230; <\/p>\n<p class=\"read-more-container\"><a title=\"Odkurzacz przemys\u0142owy W3\" class=\"read-more button\" href=\"https:\/\/obera.fr\/pl\/produits\/aspirateurs-industriels\/w3-pour-nettoyage-general\/#more-45367\" aria-label=\"Dowiedz si\u0119 wi\u0119cej o Odkurzacz przemys\u0142owy W3\">Lire la suite<\/a><\/p>\n","protected":false},"author":4,"featured_media":83746,"parent":48434,"menu_order":0,"comment_status":"closed","ping_status":"closed","template":"","meta":{"_acf_changed":false,"_seopress_robots_primary_cat":"","_seopress_titles_title":"Odkurzacz przemys\u0142owy W3 do czyszczenia og\u00f3lnego OberA","_seopress_titles_desc":"Niezb\u0119dny do czyszczenia og\u00f3lnego, seria W3 wyposa\u017cona jest w 3 silniki jednofazowe, kt\u00f3re \u0142\u0105cz\u0105 wydajno\u015b\u0107 z komfortem u\u017cytkowania.","_seopress_robots_index":"","footnotes":""},"class_list":{"0":"post-45367","1":"page","2":"type-page","3":"status-publish","4":"has-post-thumbnail","6":"no-featured-image-padding","7":"resize-featured-image"},"acf":[],"_links":{"self":[{"href":"https:\/\/obera.fr\/pl\/wp-json\/wp\/v2\/pages\/45367","targetHints":{"allow":["GET"]}}],"collection":[{"href":"https:\/\/obera.fr\/pl\/wp-json\/wp\/v2\/pages"}],"about":[{"href":"https:\/\/obera.fr\/pl\/wp-json\/wp\/v2\/types\/page"}],"author":[{"embeddable":true,"href":"https:\/\/obera.fr\/pl\/wp-json\/wp\/v2\/users\/4"}],"replies":[{"embeddable":true,"href":"https:\/\/obera.fr\/pl\/wp-json\/wp\/v2\/comments?post=45367"}],"version-history":[{"count":10,"href":"https:\/\/obera.fr\/pl\/wp-json\/wp\/v2\/pages\/45367\/revisions"}],"predecessor-version":[{"id":140643,"href":"https:\/\/obera.fr\/pl\/wp-json\/wp\/v2\/pages\/45367\/revisions\/140643"}],"up":[{"embeddable":true,"href":"https:\/\/obera.fr\/pl\/wp-json\/wp\/v2\/pages\/48434"}],"wp:featuredmedia":[{"embeddable":true,"href":"https:\/\/obera.fr\/pl\/wp-json\/wp\/v2\/media\/83746"}],"wp:attachment":[{"href":"https:\/\/obera.fr\/pl\/wp-json\/wp\/v2\/media?parent=45367"}],"curies":[{"name":"wp","href":"https:\/\/api.w.org\/{rel}","templated":true}]}}