{"id":45456,"date":"2024-04-05T23:11:29","date_gmt":"2024-04-05T21:11:29","guid":{"rendered":"https:\/\/obera.fr\/wentylatory-wyciagowe-seria-eurosog-rg-100-800\/"},"modified":"2026-02-05T11:42:47","modified_gmt":"2026-02-05T09:42:47","slug":"ventilateurs-aspiration-gamme-eurosog-rg-100-800","status":"publish","type":"page","link":"https:\/\/obera.fr\/pl\/produits\/aspirateurs-industriels\/ventilateurs-aspiration-gamme-eurosog-rg-100-800\/","title":{"rendered":"Wentylatory odci\u0105gowe: seria EUROSOG RG 100-800"},"content":{"rendered":"\n<p>Nasza gama kompaktowych wentylator\u00f3w RG 100 do RG 800 zapewnia zdrowsze \u015brodowisko poprzez wyci\u0105ganie i wypychanie zanieczyszczonego powietrza obecnego w miejscach pracy.<\/p>\n\n\n\n<h2 class=\"wp-block-heading\">Seria RG: dzia\u0142anie i u\u017cytkowanie wentylator\u00f3w wyci\u0105gowych<\/h2>\n\n\n\n<div class=\"wp-block-columns is-layout-flex wp-container-core-columns-is-layout-28f84493 wp-block-columns-is-layout-flex\">\n<div class=\"wp-block-column is-layout-flow wp-block-column-is-layout-flow\" style=\"flex-basis:33.33%\">\n<figure class=\"wp-block-image size-full\"><img decoding=\"async\" width=\"600\" height=\"600\" src=\"https:\/\/obera.fr\/wp-content\/uploads\/2024\/04\/obera-ventilateur-aspiration-rg-300-400.jpg\" alt=\"wentylator ss\u0105cy obera rg 300 400\" class=\"wp-image-29437\" srcset=\"https:\/\/obera.fr\/wp-content\/uploads\/2024\/04\/obera-ventilateur-aspiration-rg-300-400.jpg 600w, https:\/\/obera.fr\/wp-content\/uploads\/2024\/04\/obera-ventilateur-aspiration-rg-300-400-300x300.jpg 300w, https:\/\/obera.fr\/wp-content\/uploads\/2024\/04\/obera-ventilateur-aspiration-rg-300-400-150x150.jpg 150w\" sizes=\"(max-width: 600px) 100vw, 600px\" \/><\/figure>\n<\/div>\n\n\n\n<div class=\"wp-block-column is-layout-flow wp-block-column-is-layout-flow\" style=\"flex-basis:66.66%\">\n<p>Wentylatory z serii RG (100, 200, 300, 400, 500, 600, 700, 800) to rozwi\u0105zania do odsysania py\u0142\u00f3w, dym\u00f3w przemys\u0142owych i wszelkich innych zanieczyszcze\u0144 generowanych przez jednostki produkcyjne. Umo\u017cliwiaj\u0105 one cyrkulacj\u0119 oczyszczonego powietrza i obni\u017cenie ci\u015bnienia. Wszechstronny i kompaktowy system zasysa powietrze, wytwarzaj\u0105c podci\u015bnienie na wlocie wentylatora (obr\u00f3t wirnika) za pomoc\u0105 silnika elektrycznego wewn\u0105trz obudowy. Skrzynka kieruje i nap\u0119dza zasysane powietrze w kierunku wylotu (na zewn\u0105trz), aby usun\u0105\u0107 je z obszaru roboczego. Seria RG mo\u017ce odkurza\u0107 jedn\u0105 lub wi\u0119cej stacji roboczych\/maszyn jednocze\u015bnie.  <\/p>\n\n\n\n<p>W jakim celu? Sprz\u0119t ten jest idealny dla wszystkich rodzaj\u00f3w przemys\u0142u i jest w stanie odci\u0105ga\u0107 py\u0142y, gazy, zapachy i opary. Mog\u0105 by\u0107 wyposa\u017cone w filtry wychwytuj\u0105ce drobne cz\u0105stki.<\/p>\n\n\n\n<div class=\"wp-block-columns is-layout-flex wp-container-core-columns-is-layout-28f84493 wp-block-columns-is-layout-flex\">\n<div class=\"wp-block-column is-layout-flow wp-block-column-is-layout-flow\" style=\"flex-basis:30%\">\n<div class=\"wp-block-buttons is-layout-flex wp-block-buttons-is-layout-flex\">\n<div class=\"wp-block-button\"><a class=\"wp-block-button__link wp-element-button\" href=\"https:\/\/obera.fr\/wp-content\/uploads\/2025\/06\/brochure-rg-100-800-en.pdf\">POBIERZ BROSZUR\u0118<\/a><\/div>\n<\/div>\n<\/div>\n\n\n\n<div class=\"wp-block-column is-layout-flow wp-block-column-is-layout-flow\" style=\"flex-basis:30%\">\n<div class=\"wp-block-buttons is-layout-flex wp-block-buttons-is-layout-flex\">\n<div class=\"wp-block-button\"><a class=\"wp-block-button__link wp-element-button\" href=\"https:\/\/obera.fr\/contact\/\">POTRZEBUJESZ SPERSONALIZOWANEJ PORADY?<\/a><\/div>\n<\/div>\n<\/div>\n\n\n\n<div class=\"wp-block-column is-layout-flow wp-block-column-is-layout-flow\" style=\"flex-basis:30%\">\n<div class=\"wp-block-buttons is-content-justification-center is-layout-flex wp-container-core-buttons-is-layout-a89b3969 wp-block-buttons-is-layout-flex\">\n<div class=\"wp-block-button btn-devis-source\"><a class=\"wp-block-button__link wp-element-button\" href=\"https:\/\/obera.fr\/pl\/devis\/\">Popro\u015b o wycen\u0119<\/a><\/div>\n<\/div>\n\n\n<script>\r\ndocument.addEventListener('DOMContentLoaded', function() {\r\n    \/\/ 1. On cherche le titre H1 de la page\r\n    var h1 = document.querySelector('h1');\r\n    var productTitle = h1 ? h1.innerText.trim() : \"\";\r\n\r\n    \/\/ 2. On cherche les boutons via la classe CSS .btn-devis-source\r\n    var buttons = document.querySelectorAll('.btn-devis-source a');\r\n\r\n    \/\/ 3. Si on a le titre et les boutons, on ajoute le param\u00e8tre\r\n    if (buttons.length > 0 && productTitle !== \"\") {\r\n        var encodedTitle = encodeURIComponent(productTitle);\r\n\r\n        buttons.forEach(function(btn) {\r\n            var currentHref = btn.getAttribute('href');\r\n            \r\n            \/\/ S\u00e9curit\u00e9 pour ne pas ajouter le param\u00e8tre 2 fois\r\n            if (currentHref.indexOf('sujet=') === -1) {\r\n                var separator = currentHref.indexOf('?') !== -1 ? '&' : '?';\r\n                var newLink = currentHref + separator + 'sujet=' + encodedTitle;\r\n                \r\n                btn.setAttribute('href', newLink);\r\n            }\r\n        });\r\n    }\r\n});\r\n<\/script><\/div>\n<\/div>\n<\/div>\n<\/div>\n\n\n\n<h2 class=\"wp-block-heading\">Jakie s\u0105 parametry techniczne wentylator\u00f3w ss\u0105cych OberA?<\/h2>\n\n\n\n<p>Seria RG oferuje wyb\u00f3r silnik\u00f3w o mocy od 0,55 kW do 7,5 kW. Pozwala to znale\u017a\u0107 model wentylatora wyci\u0105gowego najlepiej dopasowany do danej powierzchni.  <\/p>\n\n\n\n<p>Wentylatory s\u0105 wykonane z wytrzyma\u0142ych materia\u0142\u00f3w i s\u0105 dost\u0119pne w wersji ze stali nierdzewnej dla przemys\u0142u spo\u017cywczego (opcjonalnie), co zwi\u0119ksza ich odporno\u015b\u0107 na korozj\u0119 i pogorszenie jako\u015bci spowodowane py\u0142em. Inn\u0105 opcj\u0105 jest wersja odporna na iskry, przeznaczona do czynno\u015bci generuj\u0105cych \u0142atwopalny py\u0142.<\/p>\n\n\n\n<blockquote class=\"wp-block-quote is-layout-flow wp-block-quote-is-layout-flow\">\n<p>Warto wiedzie\u0107: nasze rozwi\u0105zania odci\u0105gowe mo\u017cna \u0142\u0105czy\u0107 z naszymi systemami ewakuacji. W zale\u017cno\u015bci od potrzeb (rodzaj zanieczyszczenia, powierzchnia, sektor dzia\u0142alno\u015bci), mo\u017cemy doradzi\u0107 najlepsz\u0105 mo\u017cliw\u0105 kombinacj\u0119, aby zapewni\u0107 najlepsze mo\u017cliwe odsysanie i odnawianie powietrza.<\/p>\n<\/blockquote>\n\n\n\n<p>Pod wzgl\u0119dem wymiar\u00f3w, wentylatory RG 100 do RG 800 wymagaj\u0105 bardzo ma\u0142o miejsca na pod\u0142odze: od L535 x W450 x H480 dla najbardziej kompaktowej wersji do L820 x W1,000 x H1,198 dla najwi\u0119kszego modelu, s\u0105 to nadal urz\u0105dzenia, kt\u00f3re wymagaj\u0105 bardzo ma\u0142o miejsca. Dla wygody pracownik\u00f3w oferuj\u0105 one r\u00f3wnie\u017c niski poziom ha\u0142asu wynosz\u0105cy od 83 dB(A) do 84 dB(A).<\/p>\n\n\n\n<h3 class=\"wp-block-heading has-text-align-center\">PRZEMYS\u0141<\/h3>\n\n\n\n<div class=\"wp-block-columns is-layout-flex wp-container-core-columns-is-layout-28f84493 wp-block-columns-is-layout-flex\">\n<div class=\"wp-block-column is-layout-flow wp-block-column-is-layout-flow\">\n<hr class=\"wp-block-separator has-alpha-channel-opacity\"\/>\n\n\n\n<div class=\"wp-block-columns is-layout-flex wp-container-core-columns-is-layout-28f84493 wp-block-columns-is-layout-flex\">\n<div class=\"wp-block-column is-layout-flow wp-block-column-is-layout-flow\">\n<figure class=\"wp-block-image aligncenter size-thumbnail is-resized\"><img decoding=\"async\" width=\"150\" height=\"150\" src=\"https:\/\/obera.fr\/wp-content\/uploads\/2022\/02\/Textile-150x150.png\" alt=\"tekstylny\" class=\"wp-image-8855\"\/><figcaption class=\"wp-element-caption\">Tekstylia<\/figcaption><\/figure>\n\n\n\n<figure class=\"wp-block-image aligncenter size-thumbnail is-resized\"><img decoding=\"async\" width=\"150\" height=\"150\" src=\"https:\/\/obera.fr\/wp-content\/uploads\/2022\/02\/Plastique-150x150.png\" alt=\"plastik\" class=\"wp-image-8854\"\/><figcaption class=\"wp-element-caption\">Tworzywo sztuczne<\/figcaption><\/figure>\n<\/div>\n\n\n\n<div class=\"wp-block-column is-layout-flow wp-block-column-is-layout-flow\">\n<figure class=\"wp-block-image aligncenter size-thumbnail is-resized\"><img decoding=\"async\" width=\"150\" height=\"150\" src=\"https:\/\/obera.fr\/wp-content\/uploads\/2022\/02\/MINERAIS-150x150.png\" alt=\"rudy\" class=\"wp-image-8847\"\/><figcaption class=\"wp-element-caption\">Minera\u0142y<\/figcaption><\/figure>\n\n\n\n<figure class=\"wp-block-image aligncenter size-thumbnail is-resized\"><img decoding=\"async\" width=\"150\" height=\"150\" src=\"https:\/\/obera.fr\/wp-content\/uploads\/2022\/02\/Metalurgie-150x150.png\" alt=\"metalurgia\" class=\"wp-image-8857\"\/><figcaption class=\"wp-element-caption\">Metalurgia<\/figcaption><\/figure>\n\n\n\n<figure class=\"wp-block-image aligncenter size-thumbnail is-resized\"><img decoding=\"async\" width=\"150\" height=\"150\" src=\"https:\/\/obera.fr\/wp-content\/uploads\/2023\/02\/sans-titre-2023-02-14t102211.641-150x150.png\" alt=\"Rolnictwo\" class=\"wp-image-18828\"\/><figcaption class=\"wp-element-caption\">Rolnictwo<\/figcaption><\/figure>\n<\/div>\n<\/div>\n<\/div>\n\n\n\n<div class=\"wp-block-column is-layout-flow wp-block-column-is-layout-flow\">\n<hr class=\"wp-block-separator has-alpha-channel-opacity\"\/>\n\n\n\n<div class=\"wp-block-columns is-layout-flex wp-container-core-columns-is-layout-28f84493 wp-block-columns-is-layout-flex\">\n<div class=\"wp-block-column is-layout-flow wp-block-column-is-layout-flow\">\n<figure class=\"wp-block-image aligncenter size-thumbnail is-resized\"><img decoding=\"async\" width=\"150\" height=\"150\" src=\"https:\/\/obera.fr\/wp-content\/uploads\/2022\/02\/Chimie-150x150.png\" alt=\"chemia\" class=\"wp-image-8846\"\/><figcaption class=\"wp-element-caption\">Chemia<\/figcaption><\/figure>\n\n\n\n<figure class=\"wp-block-image aligncenter size-thumbnail is-resized\"><img decoding=\"async\" width=\"150\" height=\"150\" src=\"https:\/\/obera.fr\/wp-content\/uploads\/2022\/02\/Travail-du-bois-150x150.png\" alt=\"obr\u00f3bka drewna\" class=\"wp-image-8856\"\/><figcaption class=\"wp-element-caption\">Obr\u00f3bka drewna<\/figcaption><\/figure>\n\n\n\n<figure class=\"wp-block-image aligncenter size-thumbnail is-resized\"><img decoding=\"async\" width=\"150\" height=\"150\" src=\"https:\/\/obera.fr\/wp-content\/uploads\/2023\/02\/sans-titre-2023-02-14t101920.185-150x150.png\" alt=\"Lotnictwo\" class=\"wp-image-18831\"\/><figcaption class=\"wp-element-caption\">Lotnictwo<\/figcaption><\/figure>\n<\/div>\n\n\n\n<div class=\"wp-block-column is-layout-flow wp-block-column-is-layout-flow\">\n<figure class=\"wp-block-image aligncenter size-thumbnail is-resized\"><img decoding=\"async\" width=\"150\" height=\"150\" src=\"https:\/\/obera.fr\/wp-content\/uploads\/2022\/02\/AGROALIMENTAIRE-150x150.png\" alt=\"rolno-spo\u017cywczy\" class=\"wp-image-8844\"\/><figcaption class=\"wp-element-caption\">Przemys\u0142 spo\u017cywczy<\/figcaption><\/figure>\n\n\n\n<figure class=\"wp-block-image aligncenter size-thumbnail is-resized\"><img decoding=\"async\" width=\"150\" height=\"150\" src=\"https:\/\/obera.fr\/wp-content\/uploads\/2022\/02\/Papier-carton-150x150.png\" alt=\"papier i tektura\" class=\"wp-image-8853\"\/><figcaption class=\"wp-element-caption\">Papier\/karton<\/figcaption><\/figure>\n\n\n\n<figure class=\"wp-block-image aligncenter size-thumbnail is-resized\"><img decoding=\"async\" width=\"150\" height=\"150\" src=\"https:\/\/obera.fr\/wp-content\/uploads\/2023\/02\/sans-titre-2023-02-14t101712.416-150x150.png\" alt=\"Motoryzacja\" class=\"wp-image-18834\"\/><figcaption class=\"wp-element-caption\">Motoryzacja<\/figcaption><\/figure>\n<\/div>\n<\/div>\n<\/div>\n<\/div>\n\n\n\n<figure class=\"wp-block-table\"><table class=\"has-fixed-layout\"><thead><tr><th><br>100<\/th><th>200<\/th><th>300<\/th><th>400<\/th><th>500<\/th><th>600<\/th><th>700<\/th><th>800<\/th><\/tr><\/thead><tbody><tr><td>Maksymalne nat\u0119\u017cenie przep\u0142ywu m3\/h<\/td><td>1.000<\/td><td>2.000<\/td><td>3.000<\/td><td>3.200<\/td><td>4.000<\/td><td>5.5000<\/td><td>7.000<\/td><td>8.000<\/td><\/tr><tr><td>\u015arednica przy\u0142\u0105cza\/wylotu mm<\/td><td>100<\/td><td>150<\/td><td>180<\/td><td>250\/315<\/td><td>250\/315<\/td><td>315\/355<\/td><td>315\/400<\/td><td>355\/400<\/td><\/tr><tr><td>Maksymalna pr\u00f3\u017cnia Pa<\/td><td>1.400<\/td><td>1.600<\/td><td>2.300<\/td><td>3.150<\/td><td>3.400<\/td><td>3.400<\/td><td>3.400<\/td><td>3.950<\/td><\/tr><tr><td>Napi\u0119cie zasilania V<\/td><td>400<\/td><td>400<\/td><td>400<\/td><td>400<\/td><td>400<\/td><td>400<\/td><td>400<\/td><td>400<\/td><\/tr><tr><td>Moc kW<\/td><td>0.5<\/td><td>1.1<\/td><td>2.2<\/td><td>3.0<\/td><td>4.0<\/td><td>5.5<\/td><td>5.5<\/td><td>7.5<\/td><\/tr><tr><td>Wymiary (d\u0142.\/szer.\/wys.)<\/td><td>535x450x480<\/td><td>595x520x555<\/td><td>640x535x610<\/td><td>711x700x1.012<\/td><td>711x700x1.012<\/td><td>737x700x1.062<\/td><td>762x700x1.062<\/td><td>820&#215;1,000&#215;1,198<\/td><\/tr><tr><td>Poziom ha\u0142asu dB(A)<\/td><td>80<\/td><td>82<\/td><td>84<\/td><td>84<\/td><td>84<\/td><td>84<\/td><td>83<\/td><td>84<\/td><\/tr><\/tbody><\/table><\/figure>\n\n\n\n<div class=\"wp-block-buttons is-content-justification-center is-layout-flex wp-container-core-buttons-is-layout-a89b3969 wp-block-buttons-is-layout-flex\">\n<div class=\"wp-block-button\"><a class=\"wp-block-button__link wp-element-button\" href=\"https:\/\/obera.fr\/wp-content\/uploads\/2024\/04\/obera_brochure-rg-100-800-fr.pdf\">POBIERZ KART\u0118 PRODUKTU<\/a><\/div>\n<\/div>\n\n\n\n<h2 class=\"wp-block-heading\">Skoncentruj si\u0119 na zaletach wentylator\u00f3w RG 100 do RG 800<\/h2>\n\n\n\n<p>Korzy\u015bci s\u0105 przede wszystkim ludzkie, poniewa\u017c jest to rozwi\u0105zanie, kt\u00f3re znacznie poprawia jako\u015b\u0107 powietrza i bezpiecze\u0144stwo zespo\u0142\u00f3w. Z my\u015bl\u0105 o komforcie pracownik\u00f3w, poziom ha\u0142asu pozostaje niski, aby zapewni\u0107 produktywno\u015b\u0107 pracownik\u00f3w.  <\/p>\n\n\n\n<p>Dobre odsysanie py\u0142\u00f3w i dym\u00f3w zmniejsza r\u00f3wnie\u017c ryzyko po\u017caru i wybuchu, kt\u00f3re mog\u0105 by\u0107 spowodowane kontaktem py\u0142u z iskrami lub zatkaniem maszyn produkcyjnych.<\/p>\n\n\n\n<p>Wreszcie, pomimo kompaktowej konstrukcji, wszystkie wentylatory wyci\u0105gowe z serii RG s\u0105 wysokowydajne i stanowi\u0105 niewielk\u0105 inwestycj\u0119, je\u015bli chodzi o cieszenie si\u0119 czystym powietrzem w warsztacie.<\/p>\n\n\n\n<div class=\"wp-block-columns is-layout-flex wp-container-core-columns-is-layout-28f84493 wp-block-columns-is-layout-flex\">\n<div class=\"wp-block-column is-layout-flow wp-block-column-is-layout-flow\" style=\"flex-basis:33.34%\">\n<h3 class=\"wp-block-heading\">Zalety :<\/h3>\n\n\n\n<ul class=\"wp-block-list\">\n<li>Niskie koszty operacyjne;<\/li>\n\n\n\n<li>Solidna konstrukcja.<\/li>\n<\/ul>\n<\/div>\n\n\n\n<div class=\"wp-block-column is-layout-flow wp-block-column-is-layout-flow\" style=\"flex-basis:33.34%\">\n<h3 class=\"wp-block-heading\">Funkcje specjalne:<\/h3>\n\n\n\n<ul class=\"wp-block-list\">\n<li>Kompaktowa konstrukcja ;<\/li>\n\n\n\n<li>Odkurzanie jednej lub wi\u0119cej stacji roboczych lub maszyn;<\/li>\n\n\n\n<li>Mo\u017ce by\u0107 po\u0142\u0105czony z odpylaczem lub systemem odsysania.<\/li>\n<\/ul>\n<\/div>\n\n\n\n<div class=\"wp-block-column is-layout-flow wp-block-column-is-layout-flow\" style=\"flex-basis:33.33%\">\n<h3 class=\"wp-block-heading\">Cechy :<\/h3>\n\n\n\n<ul class=\"wp-block-list\">\n<li>Szeroka gama silnik\u00f3w spe\u0142niaj\u0105cych potrzeby klient\u00f3w przemys\u0142owych;<\/li>\n\n\n\n<li>Opcjonalne dodatki: stal nierdzewna o jako\u015bci spo\u017cywczej, pr\u0105d zmienny (RG 100 i RG 200), silnik lewostronny, zmienna \u015brednica wylotu, d\u017awi\u0119koszczelna i uszczelniona obudowa do instalacji na zewn\u0105trz.<\/li>\n<\/ul>\n<\/div>\n<\/div>\n\n\n\n<div class=\"wp-block-buttons is-horizontal is-content-justification-center is-layout-flex wp-container-core-buttons-is-layout-03627597 wp-block-buttons-is-layout-flex\">\n<div class=\"wp-block-button has-custom-width wp-block-button__width-100\"><a class=\"wp-block-button__link wp-element-button\" href=\"https:\/\/obera.fr\/pl\/skontaktuj-sie-z-nami\/\">Dowiedz si\u0119 wi\u0119cej<\/a><\/div>\n<\/div>\n\n\n\n<h2 class=\"wp-block-heading\">Inne odkurzacze przemys\u0142owe w ofercie<\/h2>\n\n\n\n<div class=\"wp-block-columns is-layout-flex wp-container-core-columns-is-layout-28f84493 wp-block-columns-is-layout-flex\">\n<div class=\"wp-block-column is-layout-flow wp-block-column-is-layout-flow\">\n<figure class=\"wp-block-image aligncenter size-full is-resized\"><img decoding=\"async\" width=\"566\" height=\"671\" src=\"https:\/\/obera.fr\/wp-content\/uploads\/2024\/10\/w2-xr-2.png\" alt=\"Odkurzacze przemys\u0142owe\" class=\"wp-image-35431\" style=\"aspect-ratio:1;object-fit:cover;width:282px;height:auto\" srcset=\"https:\/\/obera.fr\/wp-content\/uploads\/2024\/10\/w2-xr-2.png 566w, https:\/\/obera.fr\/wp-content\/uploads\/2024\/10\/w2-xr-2-253x300.png 253w\" sizes=\"(max-width: 566px) 100vw, 566px\" \/><figcaption class=\"wp-element-caption\">W2 XR<\/figcaption><\/figure>\n<\/div>\n\n\n\n<div class=\"wp-block-column is-layout-flow wp-block-column-is-layout-flow\">\n<figure class=\"wp-block-image aligncenter size-full is-resized\"><img decoding=\"async\" width=\"711\" height=\"622\" src=\"https:\/\/obera.fr\/wp-content\/uploads\/2024\/10\/w2.png\" alt=\"Odkurzacze przemys\u0142owe\" class=\"wp-image-35424\" style=\"object-fit:cover;width:300px;height:300px\" srcset=\"https:\/\/obera.fr\/wp-content\/uploads\/2024\/10\/w2.png 711w, https:\/\/obera.fr\/wp-content\/uploads\/2024\/10\/w2-300x262.png 300w\" sizes=\"(max-width: 711px) 100vw, 711px\" \/><figcaption class=\"wp-element-caption\">W2<\/figcaption><\/figure>\n<\/div>\n\n\n\n<div class=\"wp-block-column is-layout-flow wp-block-column-is-layout-flow\">\n<figure class=\"wp-block-image aligncenter size-full is-resized\"><img decoding=\"async\" width=\"658\" height=\"652\" src=\"https:\/\/obera.fr\/wp-content\/uploads\/2024\/10\/w3.png\" alt=\"w3\" class=\"wp-image-35427\" style=\"object-fit:cover;width:300px;height:300px\" srcset=\"https:\/\/obera.fr\/wp-content\/uploads\/2024\/10\/w3.png 658w, https:\/\/obera.fr\/wp-content\/uploads\/2024\/10\/w3-300x297.png 300w, https:\/\/obera.fr\/wp-content\/uploads\/2024\/10\/w3-150x150.png 150w, https:\/\/obera.fr\/wp-content\/uploads\/2024\/10\/w3-24x24.png 24w, https:\/\/obera.fr\/wp-content\/uploads\/2024\/10\/w3-48x48.png 48w, https:\/\/obera.fr\/wp-content\/uploads\/2024\/10\/w3-96x96.png 96w\" sizes=\"(max-width: 658px) 100vw, 658px\" \/><figcaption class=\"wp-element-caption\">W3<\/figcaption><\/figure>\n<\/div>\n<\/div>\n\n\n\n<p><\/p>\n","protected":false},"excerpt":{"rendered":"<p>Nasza gama kompaktowych wentylator\u00f3w RG 100 do RG 800 zapewnia zdrowsze \u015brodowisko poprzez wyci\u0105ganie i wypychanie zanieczyszczonego powietrza obecnego w miejscach pracy. Seria RG: dzia\u0142anie i u\u017cytkowanie wentylator\u00f3w wyci\u0105gowych Wentylatory z serii RG (100, 200, 300, 400, 500, 600, 700, 800) to rozwi\u0105zania do odsysania py\u0142\u00f3w, dym\u00f3w przemys\u0142owych i wszelkich innych zanieczyszcze\u0144 generowanych przez jednostki produkcyjne. Umo\u017cliwiaj\u0105 one cyrkulacj\u0119 oczyszczonego powietrza i obni\u017cenie ci\u015bnienia. Wszechstronny i kompaktowy system zasysa powietrze, wytwarzaj\u0105c podci\u015bnienie na wlocie wentylatora (obr\u00f3t wirnika) za pomoc\u0105 silnika elektrycznego wewn\u0105trz obudowy. Skrzynka kieruje i nap\u0119dza zasysane powietrze w kierunku wylotu (na zewn\u0105trz), aby usun\u0105\u0107 je z obszaru roboczego. &#8230; <\/p>\n<p class=\"read-more-container\"><a title=\"Wentylatory odci\u0105gowe: seria EUROSOG RG 100-800\" class=\"read-more button\" href=\"https:\/\/obera.fr\/pl\/produits\/aspirateurs-industriels\/ventilateurs-aspiration-gamme-eurosog-rg-100-800\/#more-45456\" aria-label=\"Dowiedz si\u0119 wi\u0119cej o Wentylatory odci\u0105gowe: seria EUROSOG RG 100-800\">Lire la suite<\/a><\/p>\n","protected":false},"author":4,"featured_media":83746,"parent":48434,"menu_order":0,"comment_status":"closed","ping_status":"closed","template":"","meta":{"_acf_changed":false,"_seopress_robots_primary_cat":"","_seopress_titles_title":"Wentylatory odci\u0105gowe EUROSOG RG - OberA","_seopress_titles_desc":"Poznajcie jednostki odci\u0105gowe RG 100 do RG 800. Kompaktowe i o przemy\u015blanej konstrukcji, zosta\u0142y zaprojektowane, aby znacz\u0105co poprawi\u0107 jako\u015b\u0107 powietrza poprzez usuwanie py\u0142\u00f3w, zapach\u00f3w, dym\u00f3w i gaz\u00f3w.","_seopress_robots_index":"","footnotes":""},"class_list":{"0":"post-45456","1":"page","2":"type-page","3":"status-publish","4":"has-post-thumbnail","6":"no-featured-image-padding","7":"resize-featured-image"},"acf":[],"_links":{"self":[{"href":"https:\/\/obera.fr\/pl\/wp-json\/wp\/v2\/pages\/45456","targetHints":{"allow":["GET"]}}],"collection":[{"href":"https:\/\/obera.fr\/pl\/wp-json\/wp\/v2\/pages"}],"about":[{"href":"https:\/\/obera.fr\/pl\/wp-json\/wp\/v2\/types\/page"}],"author":[{"embeddable":true,"href":"https:\/\/obera.fr\/pl\/wp-json\/wp\/v2\/users\/4"}],"replies":[{"embeddable":true,"href":"https:\/\/obera.fr\/pl\/wp-json\/wp\/v2\/comments?post=45456"}],"version-history":[{"count":10,"href":"https:\/\/obera.fr\/pl\/wp-json\/wp\/v2\/pages\/45456\/revisions"}],"predecessor-version":[{"id":140567,"href":"https:\/\/obera.fr\/pl\/wp-json\/wp\/v2\/pages\/45456\/revisions\/140567"}],"up":[{"embeddable":true,"href":"https:\/\/obera.fr\/pl\/wp-json\/wp\/v2\/pages\/48434"}],"wp:featuredmedia":[{"embeddable":true,"href":"https:\/\/obera.fr\/pl\/wp-json\/wp\/v2\/media\/83746"}],"wp:attachment":[{"href":"https:\/\/obera.fr\/pl\/wp-json\/wp\/v2\/media?parent=45456"}],"curies":[{"name":"wp","href":"https:\/\/api.w.org\/{rel}","templated":true}]}}