{"id":45551,"date":"2024-04-06T01:24:32","date_gmt":"2024-04-05T23:24:32","guid":{"rendered":"https:\/\/obera.fr\/na-2-2-mobilny-odpylacz-mokry\/"},"modified":"2025-06-27T15:40:53","modified_gmt":"2025-06-27T13:40:53","slug":"na-2-2-depoussiereur-a-voie-humide","status":"publish","type":"page","link":"https:\/\/obera.fr\/pl\/produits\/depoussiereurs-industriels\/mobiles\/na-2-2-depoussiereur-a-voie-humide\/","title":{"rendered":"NA 2.2: mobilny odpylacz mokry"},"content":{"rendered":"\n<p>Odkryj odpylacz na mokro NA 2.2 do odkurzania lepkich substancji i py\u0142\u00f3w powstaj\u0105cych w warsztatach.<\/p>\n\n<h2 class=\"wp-block-heading\">NA 2.2 Odpylacz mokry: dzia\u0142anie i u\u017cytkowanie<\/h2>\n\n<div class=\"wp-block-columns is-layout-flex wp-container-core-columns-is-layout-28f84493 wp-block-columns-is-layout-flex\">\n<div class=\"wp-block-column is-layout-flow wp-block-column-is-layout-flow\" style=\"flex-basis:33.33%\">\n<figure class=\"wp-block-image aligncenter size-full\"><img decoding=\"async\" width=\"600\" height=\"600\" src=\"https:\/\/obera.fr\/wp-content\/uploads\/2024\/04\/obera-na-2-2-depoussiereur-a-voie-humide-mobile.jpg\" alt=\"NA 2.2: mobilny odpylacz mokry\" class=\"wp-image-29475\" srcset=\"https:\/\/obera.fr\/wp-content\/uploads\/2024\/04\/obera-na-2-2-depoussiereur-a-voie-humide-mobile.jpg 600w, https:\/\/obera.fr\/wp-content\/uploads\/2024\/04\/obera-na-2-2-depoussiereur-a-voie-humide-mobile-300x300.jpg 300w, https:\/\/obera.fr\/wp-content\/uploads\/2024\/04\/obera-na-2-2-depoussiereur-a-voie-humide-mobile-150x150.jpg 150w\" sizes=\"(max-width: 600px) 100vw, 600px\" \/><\/figure>\n<\/div>\n\n\n\n<div class=\"wp-block-column is-layout-flow wp-block-column-is-layout-flow\" style=\"flex-basis:66.66%\">\n<p>System filtracji stosowany w odpylaczach mokrych opiera si\u0119 na zasadzie si\u0142y od\u015brodkowej, wykorzystuj\u0105c wod\u0119 jako medium filtracyjne. W praktyce powietrze wype\u0142nione drobnymi cz\u0105steczkami i py\u0142em jest wychwytywane w odpylaczu przez wbudowany wentylator. Powietrze jest nast\u0119pnie nasycane wod\u0105 przez dysze rozpylaj\u0105ce, co powoduje aglomeracj\u0119 py\u0142u i u\u0142atwia jego wychwytywanie. Aby oddzieli\u0107 cz\u0105stki, powietrze i woda obracaj\u0105 si\u0119 z du\u017c\u0105 pr\u0119dko\u015bci\u0105, wyrzucaj\u0105c je na \u015bcian\u0119 odpylacza (zasada wiru). Czyste powietrze jest odsysane i uwalniane do atmosfery przez od\u015brodkowy wentylator wyci\u0105gowy.<\/p>\n\n\n\n<p>Idealny do pi\u0142owania, ci\u0119cia i krojenia, ale tak\u017ce do szlifowania, polerowania, usuwania wi\u00f3r\u00f3w, frezowania, dekantacji, nape\u0142niania i mieszania. Wersja ATEX dost\u0119pna jako opcja.<\/p>\n\n\n\n<p>Do jakich cel\u00f3w? Odkurzacz NA 2.2 do pracy na mokro sprawdza si\u0119 szczeg\u00f3lnie dobrze podczas odkurzania lepkich substancji i podczas operacji generuj\u0105cych silne iskry. Idealnie nadaje si\u0119 do odsysania py\u0142\u00f3w metalowych, py\u0142\u00f3w lepkich i py\u0142\u00f3w palnych. Dzi\u0119ki temu idealnie nadaje si\u0119 do stosowania w przemy\u015ble spo\u017cywczym i metalurgicznym.<\/p>\n\n\n\n<div class=\"wp-block-columns is-layout-flex wp-container-core-columns-is-layout-28f84493 wp-block-columns-is-layout-flex\">\n<div class=\"wp-block-column is-layout-flow wp-block-column-is-layout-flow\">\n<div class=\"wp-block-buttons is-layout-flex wp-block-buttons-is-layout-flex\">\n<div class=\"wp-block-button\"><a class=\"wp-block-button__link wp-element-button\" href=\"https:\/\/obera.fr\/wp-content\/uploads\/2025\/04\/brochure-na-2.2-fr.pdf\">Pobierz broszur\u0119<\/a><\/div>\n<\/div>\n<\/div>\n\n\n\n<div class=\"wp-block-column is-layout-flow wp-block-column-is-layout-flow\">\n<div class=\"wp-block-buttons is-layout-flex wp-block-buttons-is-layout-flex\">\n<div class=\"wp-block-button\"><a class=\"wp-block-button__link wp-element-button\" href=\"https:\/\/obera.fr\/contact\/\">Potrzebujesz spersonalizowanej porady?<\/a><\/div>\n<\/div>\n<\/div>\n\n\n\n<div class=\"wp-block-column is-layout-flow wp-block-column-is-layout-flow\">\n<div class=\"wp-block-buttons is-content-justification-center is-layout-flex wp-container-core-buttons-is-layout-a89b3969 wp-block-buttons-is-layout-flex\">\n<div class=\"wp-block-button btn-devis-source\"><a class=\"wp-block-button__link wp-element-button\" href=\"https:\/\/obera.fr\/pl\/devis\/\">Popro\u015b o wycen\u0119<\/a><\/div>\n<\/div>\n\n\n<script>\r\ndocument.addEventListener('DOMContentLoaded', function() {\r\n    \/\/ 1. On cherche le titre H1 de la page\r\n    var h1 = document.querySelector('h1');\r\n    var productTitle = h1 ? h1.innerText.trim() : \"\";\r\n\r\n    \/\/ 2. On cherche les boutons via la classe CSS .btn-devis-source\r\n    var buttons = document.querySelectorAll('.btn-devis-source a');\r\n\r\n    \/\/ 3. Si on a le titre et les boutons, on ajoute le param\u00e8tre\r\n    if (buttons.length > 0 && productTitle !== \"\") {\r\n        var encodedTitle = encodeURIComponent(productTitle);\r\n\r\n        buttons.forEach(function(btn) {\r\n            var currentHref = btn.getAttribute('href');\r\n            \r\n            \/\/ S\u00e9curit\u00e9 pour ne pas ajouter le param\u00e8tre 2 fois\r\n            if (currentHref.indexOf('sujet=') === -1) {\r\n                var separator = currentHref.indexOf('?') !== -1 ? '&' : '?';\r\n                var newLink = currentHref + separator + 'sujet=' + encodedTitle;\r\n                \r\n                btn.setAttribute('href', newLink);\r\n            }\r\n        });\r\n    }\r\n});\r\n<\/script><\/div>\n<\/div>\n<\/div>\n<\/div>\n\n<h2 class=\"wp-block-heading\">Charakterystyka odpylacza mokrego NA 2.2<\/h2>\n\n<p>Opr\u00f3cz wysokiej mobilno\u015bci, jego konstrukcja oferuje r\u00f3wnie\u017c co\u015b, czego nigdy wcze\u015bniej nie widziano w urz\u0105dzeniach NA: kompaktow\u0105, oszcz\u0119dzaj\u0105c\u0105 miejsce konstrukcj\u0119. Do tej pory separatory wody mog\u0142y by\u0107 tylko sta\u0142e, o wi\u0119kszej powierzchni (znacznie wi\u0119kszych wymiarach), aby obj\u0105\u0107 szeroki zakres zastosowa\u0144. Odpylaczom NA uda\u0142o si\u0119 po\u0142\u0105czy\u0107 wydajno\u015b\u0107 i \u0142atwo\u015b\u0107 obs\u0142ugi z elastycznymi, kompaktowymi jednostkami mobilnymi. Ponadto urz\u0105dzenia NA s\u0105 zawsze wyposa\u017cone w odchylan\u0105 g\u00f3rn\u0105 cz\u0119\u015b\u0107, co u\u0142atwia dost\u0119p do wn\u0119trza urz\u0105dzenia.<\/p>\n\n<p>Seria NA emituje r\u00f3wnie\u017c bardzo niski poziom ha\u0142asu: 68 dB(A). Oznacza to, \u017ce mo\u017ce by\u0107 u\u017cywany bezpo\u015brednio na r\u00f3\u017cnych stanowiskach pracy bez przeszkadzania operatorom.<\/p>\n\n<blockquote class=\"wp-block-quote is-layout-flow wp-block-quote-is-layout-flow\">\n<p>Opcje: Odpylacz NA 2.2 jest r\u00f3wnie\u017c dost\u0119pny jako odkurzacz czyszcz\u0105cy z w\u0119\u017cem o \u015brednicy 50 mm. Jest dost\u0119pny w wersji ze stali nierdzewnej, aby spe\u0142ni\u0107 wymagania przemys\u0142u spo\u017cywczego, kt\u00f3ry generuje drobny i organiczny py\u0142 i podlega surowym przepisom dotycz\u0105cym higieny i bezpiecze\u0144stwa \u017cywno\u015bci. Kolejna istotna opcja dla bran\u017c dzia\u0142aj\u0105cych w strefach zagro\u017conych wybuchem (strefa 22): wersja ATEX do bezpiecznego odsysania suchych, palnych, nieprzewodz\u0105cych py\u0142\u00f3w.<\/p>\n<\/blockquote>\n\n<h3 class=\"wp-block-heading has-text-align-center\">PRZEMYS\u0141<\/h3>\n\n<div class=\"wp-block-columns is-layout-flex wp-container-core-columns-is-layout-28f84493 wp-block-columns-is-layout-flex\">\n<div class=\"wp-block-column is-layout-flow wp-block-column-is-layout-flow\">\n<hr class=\"wp-block-separator has-alpha-channel-opacity\"\/>\n\n\n\n<div class=\"wp-block-columns is-layout-flex wp-container-core-columns-is-layout-28f84493 wp-block-columns-is-layout-flex\">\n<div class=\"wp-block-column is-layout-flow wp-block-column-is-layout-flow\">\n<figure class=\"wp-block-image aligncenter size-thumbnail is-resized\"><img decoding=\"async\" width=\"150\" height=\"150\" src=\"https:\/\/obera.fr\/wp-content\/uploads\/2022\/02\/Metalurgie-150x150.png\" alt=\"metalurgia\" class=\"wp-image-8857\"\/><figcaption class=\"wp-element-caption\">Metalurgia<\/figcaption><\/figure>\n<\/div>\n\n\n\n<div class=\"wp-block-column is-layout-flow wp-block-column-is-layout-flow\">\n<figure class=\"wp-block-image aligncenter size-thumbnail is-resized\"><img decoding=\"async\" width=\"150\" height=\"150\" src=\"https:\/\/obera.fr\/wp-content\/uploads\/2022\/02\/AGROALIMENTAIRE-150x150.png\" alt=\"rolno-spo&#x17C;ywczy\" class=\"wp-image-8844\"\/><figcaption class=\"wp-element-caption\">Przemys\u0142 spo\u017cywczy<\/figcaption><\/figure>\n<\/div>\n<\/div>\n<\/div>\n\n\n\n<div class=\"wp-block-column is-layout-flow wp-block-column-is-layout-flow\">\n<hr class=\"wp-block-separator has-alpha-channel-opacity\"\/>\n\n\n\n<div class=\"wp-block-columns is-layout-flex wp-container-core-columns-is-layout-28f84493 wp-block-columns-is-layout-flex\">\n<div class=\"wp-block-column is-layout-flow wp-block-column-is-layout-flow\"><\/div>\n\n\n\n<div class=\"wp-block-column is-layout-flow wp-block-column-is-layout-flow\"><\/div>\n<\/div>\n<\/div>\n<\/div>\n\n<table id=\"tablepress-201\" class=\"tablepress tablepress-id-201\">\n<tbody class=\"row-striping row-hover\">\n<tr class=\"row-1\">\n\t<td class=\"column-1\">Volume d\u2019air max. D\u00e9bit d\u2019air<\/td><td class=\"column-2\">M3\/h<\/td><td class=\"column-3\">300<\/td>\n<\/tr>\n<tr class=\"row-2\">\n\t<td class=\"column-1\">Diam\u00e8tre d\u2019entr\u00e9e\/de sortie<\/td><td class=\"column-2\">mm<\/td><td class=\"column-3\">50\/-<\/td>\n<\/tr>\n<tr class=\"row-3\">\n\t<td class=\"column-1\">Pression d\u2019air max. D\u00e9pression<\/td><td class=\"column-2\">Pa<\/td><td class=\"column-3\">21.000<\/td>\n<\/tr>\n<tr class=\"row-4\">\n\t<td class=\"column-1\">Puissance d\u2019entra\u00eenement<\/td><td class=\"column-2\">kW<\/td><td class=\"column-3\">2.2<\/td>\n<\/tr>\n<tr class=\"row-5\">\n\t<td class=\"column-1\">Contenu en eau<\/td><td class=\"column-2\">L<\/td><td class=\"column-3\">40<\/td>\n<\/tr>\n<tr class=\"row-6\">\n\t<td class=\"column-1\">R\u00e9servoir de collecte de volume<\/td><td class=\"column-2\">L<\/td><td class=\"column-3\">100<\/td>\n<\/tr>\n<tr class=\"row-7\">\n\t<td class=\"column-1\">Dimensions (L\/l\/h)<\/td><td class=\"column-2\">mm<\/td><td class=\"column-3\">1.260x630x1.560<\/td>\n<\/tr>\n<tr class=\"row-8\">\n\t<td class=\"column-1\">Poids (sans eau)<\/td><td class=\"column-2\">kg<\/td><td class=\"column-3\">130<\/td>\n<\/tr>\n<tr class=\"row-9\">\n\t<td class=\"column-1\">\u00c9missions sonores<\/td><td class=\"column-2\">dB(A)<\/td><td class=\"column-3\">68<\/td>\n<\/tr>\n<\/tbody>\n<\/table>\n\n\n<div class=\"wp-block-buttons is-content-justification-center is-layout-flex wp-container-core-buttons-is-layout-a89b3969 wp-block-buttons-is-layout-flex\">\n<div class=\"wp-block-button\"><a class=\"wp-block-button__link wp-element-button\" href=\"https:\/\/obera.fr\/wp-content\/uploads\/2025\/04\/brochure-na-2.2-de.pdf\">POBIERZ KART\u0118 PRODUKTU<\/a><\/div>\n<\/div>\n\n<figure class=\"wp-block-table\"><table class=\"has-fixed-layout\"><tbody><tr><td>Maks. obj\u0119to\u015b\u0107 powietrza Nat\u0119\u017cenie przep\u0142ywu powietrza<\/td><td>M3\/h<\/td><td>300<\/td><\/tr><tr><td>\u015arednica wlotu\/wylotu<\/td><td>mm<\/td><td>50\/-<\/td><\/tr><tr><td>Maksymalne ci\u015bnienie powietrza Pr\u00f3\u017cnia <\/td><td>Pa<\/td><td>21.000<\/td><\/tr><tr><td>Moc nap\u0119du<\/td><td>kW<\/td><td>2.2<\/td><\/tr><tr><td>Zawarto\u015b\u0107 wody<\/td><td>L<\/td><td>40<\/td><\/tr><tr><td>Zbiornik obj\u0119to\u015bciowy<\/td><td>L<\/td><td>100<\/td><\/tr><tr><td>Wymiary (d\u0142.\/szer.\/wys.)<\/td><td>mm<\/td><td>1,260x630x1,560 cm<\/td><\/tr><tr><td>Waga (bez wody)<\/td><td>kg<\/td><td>130<\/td><\/tr><tr><td>Emisja ha\u0142asu<\/td><td>dB(A)<\/td><td>68<\/td><\/tr><\/tbody><\/table><\/figure>\n\n<div style=\"height:34px\" aria-hidden=\"true\" class=\"wp-block-spacer\"><\/div>\n\n<h2 class=\"wp-block-heading\">Jakie s\u0105 zalety odpylacza mokrego NA 2.2?<\/h2>\n\n<p>Odpylacz mokry wykorzystuje technologi\u0119 filtracji w celu zapewnienia optymalnej jako\u015bci powietrza w zak\u0142adach produkcyjnych. Opr\u00f3cz ochrony zdrowia swoich zespo\u0142\u00f3w, zmniejszasz ryzyko awarii i uszkodze\u0144 maszyn i urz\u0105dze\u0144.<\/p>\n\n<p>Mobilny i elastyczny, odpylacz NA 2.2 jest \u0142atwy w manewrowaniu dzi\u0119ki g\u0142adkim k\u00f3\u0142kom. Idealnie nadaje si\u0119 do cz\u0119stych zmian lokalizacji, zapewniaj\u0105c u\u017cytkownikowi maksymalny komfort. Jest r\u00f3wnie\u017c kompaktowy i zajmuje niewiele miejsca.<\/p>\n\n<p>Odpylacz NA 2.2 mo\u017cna po\u0142\u0105czy\u0107 z innymi urz\u0105dzeniami zapewniaj\u0105cymi maksymalny komfort u\u017cytkowania, takimi jak automatyczna kontrola poziomu wody lub zaw\u00f3r elektromagnetyczny do automatycznego dostarczania wody do urz\u0105dzenia.<\/p>\n\n<div class=\"wp-block-columns is-layout-flex wp-container-core-columns-is-layout-28f84493 wp-block-columns-is-layout-flex\">\n<div class=\"wp-block-column is-layout-flow wp-block-column-is-layout-flow\" style=\"flex-basis:33.34%\">\n<h3 class=\"wp-block-heading\">Zalety :<\/h3>\n\n\n\n<ul class=\"wp-block-list\">\n<li>Cicha i kompaktowa;<\/li>\n\n\n\n<li>Elastyczne mo\u017cliwo\u015bci zastosowania.<\/li>\n<\/ul>\n<\/div>\n\n\n\n<div class=\"wp-block-column is-layout-flow wp-block-column-is-layout-flow\" style=\"flex-basis:33.34%\">\n<h3 class=\"wp-block-heading\">Funkcje specjalne:<\/h3>\n\n\n\n<ul class=\"wp-block-list\">\n<li>Odci\u0105g lepkich py\u0142\u00f3w, odpowiedni do proces\u00f3w roboczych zwi\u0105zanych z wyrzutem iskier;<\/li>\n\n\n\n<li>Dost\u0119pny jako odkurzacz czyszcz\u0105cy.<\/li>\n<\/ul>\n\n\n\n<div style=\"height:26px\" aria-hidden=\"true\" class=\"wp-block-spacer\"><\/div>\n<\/div>\n\n\n\n<div class=\"wp-block-column is-layout-flow wp-block-column-is-layout-flow\" style=\"flex-basis:33.33%\">\n<h3 class=\"wp-block-heading\">Cechy :<\/h3>\n\n\n\n<ul class=\"wp-block-list\">\n<li>Opcjonalna wersja <a href=\"https:\/\/obera.fr\/pl\/produits\/atex\/\" data-type=\"page\" data-id=\"372\">ATEX<\/a>;<\/li>\n\n\n\n<li>Dost\u0119pny w wersji ze stali nierdzewnej.<\/li>\n<\/ul>\n<\/div>\n<\/div>\n\n<div class=\"wp-block-buttons is-content-justification-center is-layout-flex wp-container-core-buttons-is-layout-a89b3969 wp-block-buttons-is-layout-flex\">\n<div class=\"wp-block-button\"><a class=\"wp-block-button__link wp-element-button\" href=\"https:\/\/obera.fr\/pl\/contact\/\">TESTOWANIE ODPYLACZA NA 2.2<\/a><\/div>\n<\/div>\n\n<div style=\"height:25px\" aria-hidden=\"true\" class=\"wp-block-spacer\"><\/div>\n\n<h2 class=\"wp-block-heading\">Inne odpylacze mobilne marki OberA<\/h2>\n\n<div class=\"wp-block-columns is-layout-flex wp-container-core-columns-is-layout-28f84493 wp-block-columns-is-layout-flex\">\n<div class=\"wp-block-column is-layout-flow wp-block-column-is-layout-flow\">\n<figure class=\"wp-block-image aligncenter size-medium\"><a href=\"https:\/\/obera.fr\/produits\/depoussiereurs-industriels\/mobiles\/srf-k\/\"><img decoding=\"async\" width=\"300\" height=\"300\" src=\"https:\/\/obera.fr\/wp-content\/uploads\/2020\/10\/SRF-K-SF-300x300.png\" alt=\"Srf K Sf\" class=\"wp-image-1309\" srcset=\"https:\/\/obera.fr\/wp-content\/uploads\/2020\/10\/SRF-K-SF-300x300.png 300w, https:\/\/obera.fr\/wp-content\/uploads\/2020\/10\/SRF-K-SF-150x150.png 150w, https:\/\/obera.fr\/wp-content\/uploads\/2020\/10\/SRF-K-SF.png 600w\" sizes=\"(max-width: 300px) 100vw, 300px\" \/><\/a><figcaption class=\"wp-element-caption\">SRF-K<\/figcaption><\/figure>\n<\/div>\n\n\n\n<div class=\"wp-block-column is-layout-flow wp-block-column-is-layout-flow\">\n<figure class=\"wp-block-image aligncenter size-medium\"><a href=\"https:\/\/obera.fr\/produits\/depoussiereurs-industriels\/mobiles\/aspiration-poussiere-dustomat-10\/\"><img decoding=\"async\" width=\"300\" height=\"300\" src=\"https:\/\/obera.fr\/wp-content\/uploads\/2020\/10\/extracteur-poussiere-mobile-DUSTOMAT-10-300x300.png\" alt=\"Mobilny odkurzacz Dustomat 10\" class=\"wp-image-1306\" srcset=\"https:\/\/obera.fr\/wp-content\/uploads\/2020\/10\/extracteur-poussiere-mobile-DUSTOMAT-10-300x300.png 300w, https:\/\/obera.fr\/wp-content\/uploads\/2020\/10\/extracteur-poussiere-mobile-DUSTOMAT-10-150x150.png 150w, https:\/\/obera.fr\/wp-content\/uploads\/2020\/10\/extracteur-poussiere-mobile-DUSTOMAT-10.png 600w\" sizes=\"(max-width: 300px) 100vw, 300px\" \/><\/a><figcaption class=\"wp-element-caption\">DUSTOMAT 10<\/figcaption><\/figure>\n<\/div>\n\n\n\n<div class=\"wp-block-column is-layout-flow wp-block-column-is-layout-flow\">\n<figure class=\"wp-block-image aligncenter size-medium\"><a href=\"https:\/\/obera.fr\/produits\/depoussiereurs-industriels\/mobiles\/extracteur-poussiere-pulverulente-dustomat-16m\/\"><img decoding=\"async\" width=\"300\" height=\"300\" src=\"https:\/\/obera.fr\/wp-content\/uploads\/2020\/10\/extracteur-poussiere-pulverulente-DUSTOMAT-16-300x300.png\" alt=\"Odkurzacz py&#x142;owy Dustomat 16\" class=\"wp-image-1307\" srcset=\"https:\/\/obera.fr\/wp-content\/uploads\/2020\/10\/extracteur-poussiere-pulverulente-DUSTOMAT-16-300x300.png 300w, https:\/\/obera.fr\/wp-content\/uploads\/2020\/10\/extracteur-poussiere-pulverulente-DUSTOMAT-16-150x150.png 150w, https:\/\/obera.fr\/wp-content\/uploads\/2020\/10\/extracteur-poussiere-pulverulente-DUSTOMAT-16.png 600w\" sizes=\"(max-width: 300px) 100vw, 300px\" \/><\/a><figcaption class=\"wp-element-caption\">DUSTOMAT 16<\/figcaption><\/figure>\n<\/div>\n\n\n\n<div class=\"wp-block-column is-layout-flow wp-block-column-is-layout-flow\">\n<figure class=\"wp-block-image aligncenter size-medium\"><a href=\"https:\/\/obera.fr\/produits\/depoussiereurs-industriels\/mobiles\/extracteur-poussiere-dustomat-4\/\"><img decoding=\"async\" width=\"300\" height=\"300\" src=\"https:\/\/obera.fr\/wp-content\/uploads\/2023\/02\/dustomat-4-300x300.png\" alt=\"Odkurzacz Dustomat 4\" class=\"wp-image-19008\" srcset=\"https:\/\/obera.fr\/wp-content\/uploads\/2023\/02\/dustomat-4-300x300.png 300w, https:\/\/obera.fr\/wp-content\/uploads\/2023\/02\/dustomat-4-150x150.png 150w, https:\/\/obera.fr\/wp-content\/uploads\/2023\/02\/dustomat-4.png 500w\" sizes=\"(max-width: 300px) 100vw, 300px\" \/><\/a><figcaption class=\"wp-element-caption\">Dustomat 4<\/figcaption><\/figure>\n<\/div>\n<\/div>\n\n<div class=\"wp-block-columns is-layout-flex wp-container-core-columns-is-layout-28f84493 wp-block-columns-is-layout-flex\">\n<div class=\"wp-block-column is-layout-flow wp-block-column-is-layout-flow\">\n<figure class=\"wp-block-image aligncenter size-medium is-resized\"><a href=\"https:\/\/obera.fr\/produits\/depoussiereurs-industriels\/mobiles\/extracteur-de-poussiere-dustomat-dry\/#more-24274\"><img decoding=\"async\" width=\"300\" height=\"300\" src=\"https:\/\/obera.fr\/wp-content\/uploads\/2023\/09\/dustomat-dry-300x300.png\" alt=\"dustomat dry\" class=\"wp-image-24355\" style=\"width:auto;height:250px\" srcset=\"https:\/\/obera.fr\/wp-content\/uploads\/2023\/09\/dustomat-dry-300x300.png 300w, https:\/\/obera.fr\/wp-content\/uploads\/2023\/09\/dustomat-dry-150x150.png 150w, https:\/\/obera.fr\/wp-content\/uploads\/2023\/09\/dustomat-dry.png 320w\" sizes=\"(max-width: 300px) 100vw, 300px\" \/><\/a><figcaption class=\"wp-element-caption\">DUSTOMAT DRY<\/figcaption><\/figure>\n<\/div>\n\n\n\n<div class=\"wp-block-column is-layout-flow wp-block-column-is-layout-flow\"><\/div>\n<\/div>\n","protected":false},"excerpt":{"rendered":"<p>Odkryj odpylacz na mokro NA 2.2 do odkurzania lepkich substancji i py\u0142\u00f3w powstaj\u0105cych w warsztatach. NA 2.2 Odpylacz mokry: dzia\u0142anie i u\u017cytkowanie System filtracji stosowany w odpylaczach mokrych opiera si\u0119 na zasadzie si\u0142y od\u015brodkowej, wykorzystuj\u0105c wod\u0119 jako medium filtracyjne. W praktyce powietrze wype\u0142nione drobnymi cz\u0105steczkami i py\u0142em jest wychwytywane w odpylaczu przez wbudowany wentylator. Powietrze jest nast\u0119pnie nasycane wod\u0105 przez dysze rozpylaj\u0105ce, co powoduje aglomeracj\u0119 py\u0142u i u\u0142atwia jego wychwytywanie. Aby oddzieli\u0107 cz\u0105stki, powietrze i woda obracaj\u0105 si\u0119 z du\u017c\u0105 pr\u0119dko\u015bci\u0105, wyrzucaj\u0105c je na \u015bcian\u0119 odpylacza (zasada wiru). Czyste powietrze jest odsysane i uwalniane do atmosfery przez od\u015brodkowy wentylator wyci\u0105gowy. &#8230; <\/p>\n<p class=\"read-more-container\"><a title=\"NA 2.2: mobilny odpylacz mokry\" class=\"read-more button\" href=\"https:\/\/obera.fr\/pl\/produits\/depoussiereurs-industriels\/mobiles\/na-2-2-depoussiereur-a-voie-humide\/#more-45551\" aria-label=\"Dowiedz si\u0119 wi\u0119cej o NA 2.2: mobilny odpylacz mokry\">Lire la suite<\/a><\/p>\n","protected":false},"author":4,"featured_media":83746,"parent":46877,"menu_order":0,"comment_status":"closed","ping_status":"closed","template":"","meta":{"_acf_changed":false,"_seopress_robots_primary_cat":"","_seopress_titles_title":"","_seopress_titles_desc":"","_seopress_robots_index":"","footnotes":""},"class_list":{"0":"post-45551","1":"page","2":"type-page","3":"status-publish","4":"has-post-thumbnail","6":"no-featured-image-padding","7":"resize-featured-image"},"acf":[],"_links":{"self":[{"href":"https:\/\/obera.fr\/pl\/wp-json\/wp\/v2\/pages\/45551","targetHints":{"allow":["GET"]}}],"collection":[{"href":"https:\/\/obera.fr\/pl\/wp-json\/wp\/v2\/pages"}],"about":[{"href":"https:\/\/obera.fr\/pl\/wp-json\/wp\/v2\/types\/page"}],"author":[{"embeddable":true,"href":"https:\/\/obera.fr\/pl\/wp-json\/wp\/v2\/users\/4"}],"replies":[{"embeddable":true,"href":"https:\/\/obera.fr\/pl\/wp-json\/wp\/v2\/comments?post=45551"}],"version-history":[{"count":11,"href":"https:\/\/obera.fr\/pl\/wp-json\/wp\/v2\/pages\/45551\/revisions"}],"predecessor-version":[{"id":117273,"href":"https:\/\/obera.fr\/pl\/wp-json\/wp\/v2\/pages\/45551\/revisions\/117273"}],"up":[{"embeddable":true,"href":"https:\/\/obera.fr\/pl\/wp-json\/wp\/v2\/pages\/46877"}],"wp:featuredmedia":[{"embeddable":true,"href":"https:\/\/obera.fr\/pl\/wp-json\/wp\/v2\/media\/83746"}],"wp:attachment":[{"href":"https:\/\/obera.fr\/pl\/wp-json\/wp\/v2\/media?parent=45551"}],"curies":[{"name":"wp","href":"https:\/\/api.w.org\/{rel}","templated":true}]}}