{"id":46087,"date":"2022-11-23T11:48:48","date_gmt":"2022-11-23T09:48:48","guid":{"rendered":"https:\/\/obera.fr\/dustomat-hydro-staly-odpylacz-mokry\/"},"modified":"2026-02-05T11:43:19","modified_gmt":"2026-02-05T09:43:19","slug":"depoussiereur-a-voie-humide-dustomat-hydro","status":"publish","type":"page","link":"https:\/\/obera.fr\/pl\/produits\/depoussiereurs-industriels\/fixes\/depoussiereur-a-voie-humide-dustomat-hydro\/","title":{"rendered":"DUSTOMAT HYDRO: sta\u0142y odpylacz mokry"},"content":{"rendered":"\n<p>Odkryj nasz\u0105 gam\u0119 <strong>p\u0142uczek mokrych DUSTOMAT HYDRO<\/strong>, \u0142\u0105cz\u0105cych w sobie wydajno\u015b\u0107 i skuteczno\u015b\u0107 w usuwaniu wysoce \u0142atwopalnych substancji.<\/p>\n\n\n\n<h2 class=\"wp-block-heading\">Odpylacz przemys\u0142owy DUSTOMAT HYDRO: jak dzia\u0142a i jak go u\u017cywa\u0107?<\/h2>\n\n\n\n<div class=\"wp-block-columns is-layout-flex wp-container-core-columns-is-layout-28f84493 wp-block-columns-is-layout-flex\">\n<div class=\"wp-block-column is-layout-flow wp-block-column-is-layout-flow\" style=\"flex-basis:33.33%\">\n<figure class=\"wp-block-image aligncenter size-full is-resized\"><img decoding=\"async\" width=\"600\" height=\"600\" src=\"https:\/\/obera.fr\/wp-content\/uploads\/2022\/11\/dustomat-hydro-1.png\" alt=\"dustomat hydro 1\" class=\"wp-image-15989\" style=\"width:300px;height:300px\" srcset=\"https:\/\/obera.fr\/wp-content\/uploads\/2022\/11\/dustomat-hydro-1.png 600w, https:\/\/obera.fr\/wp-content\/uploads\/2022\/11\/dustomat-hydro-1-300x300.png 300w, https:\/\/obera.fr\/wp-content\/uploads\/2022\/11\/dustomat-hydro-1-150x150.png 150w\" sizes=\"(max-width: 600px) 100vw, 600px\" \/><\/figure>\n<\/div>\n\n\n\n<div class=\"wp-block-column is-vertically-aligned-center is-layout-flow wp-block-column-is-layout-flow\" style=\"flex-basis:66.66%\">\n<p>G\u0142\u00f3wn\u0105 zalet\u0105 serii DUSTOMAT HYDRO jest <strong>innowacyjna technologia wielostopniowej separacji py\u0142u i iskier<\/strong>. Zanieczyszczone powietrze jest zasysane przez wentylator wbudowany w odpylacz. Pr\u0119dko\u015b\u0107 powietrza jest zmniejszana, umo\u017cliwiaj\u0105c ci\u0119\u017ckim cz\u0105stkom wpadni\u0119cie do zbiornika odzysku: jest to pierwszy etap wst\u0119pnego oddzielania cz\u0105stek. Powietrze przechodzi nast\u0119pnie przez <strong>hydrocyklon<\/strong>, kt\u00f3ry wykorzystuje si\u0142\u0119 od\u015brodkow\u0105 do oddzielenia drobnych cz\u0105stek od wody. Cz\u0105steczki te zostaj\u0105 uwi\u0119zione w wodzie, a iskry s\u0105 ch\u0142odzone w celu ich unieszkodliwienia. Ko\u0144cowy etap filtracji wychwytuje ostatnie drobne cz\u0105steczki, pozostawiaj\u0105c czyste powietrze. Ta technologia filtracji gwarantuje wysok\u0105 skuteczno\u015b\u0107 separacji do 99,995%.      <\/p>\n\n\n\n<p>Do czego s\u0142u\u017c\u0105? <strong>Separatory na mokro<\/strong> serii DUSTOMAT HYDRO s\u0105 przeznaczone do odci\u0105gania wysoce \u0142atwopalnych substancji lub w procesach pracy z iskrami. Nadaj\u0105 si\u0119 do jedno- lub wielostanowiskowych system\u00f3w odci\u0105gowych py\u0142\u00f3w metalowych, na przyk\u0142ad podczas <strong>szlifowania<\/strong>, <strong>szczotkowania<\/strong> i <strong>polerowania<\/strong>. DUSTOMAT HYDRO jest r\u00f3wnie\u017c zgodny z norm\u0105 ATEX dotycz\u0105c\u0105 bezpiecznego i skutecznego stosowania w \u015brodowiskach zagro\u017conych wybuchem. Te <a href=\"https:\/\/obera.fr\/pl\/produits\/depoussiereurs-industriels\/fixes\/\" data-type=\"page\" data-id=\"389\">stacjonarne odpylacze<\/a> mokre s\u0105 bardzo popularne w<strong>przemy\u015ble metalowym<\/strong>, <strong>chemicznym<\/strong> i <strong>spo\u017cywczym<\/strong>, a tak\u017ce w <strong>przemy\u015ble drzewnym i rzemie\u015blniczym<\/strong>.    <\/p>\n\n\n\n<div class=\"wp-block-columns is-layout-flex wp-container-core-columns-is-layout-28f84493 wp-block-columns-is-layout-flex\">\n<div class=\"wp-block-column is-layout-flow wp-block-column-is-layout-flow\" style=\"flex-basis:33.33%\">\n<div class=\"wp-block-buttons is-layout-flex wp-block-buttons-is-layout-flex\">\n<div class=\"wp-block-button\"><a class=\"wp-block-button__link wp-element-button\" href=\"https:\/\/obera.fr\/wp-content\/uploads\/2025\/04\/brochure-dustomat-hydro-en.pdf\">POBIERZ BROSZUR\u0118<\/a><\/div>\n<\/div>\n<\/div>\n\n\n\n<div class=\"wp-block-column is-layout-flow wp-block-column-is-layout-flow\" style=\"flex-basis:33.34%\">\n<div class=\"wp-block-buttons is-horizontal is-content-justification-center is-layout-flex wp-container-core-buttons-is-layout-03627597 wp-block-buttons-is-layout-flex\">\n<div class=\"wp-block-button has-custom-width wp-block-button__width-100\"><a class=\"wp-block-button__link wp-element-button\" href=\"https:\/\/obera.fr\/pl\/skontaktuj-sie-z-nami\/\">Dowiedz si\u0119 wi\u0119cej<\/a><\/div>\n<\/div>\n<\/div>\n\n\n\n<div class=\"wp-block-column is-layout-flow wp-block-column-is-layout-flow\" style=\"flex-basis:33.34%\">\n<div class=\"wp-block-buttons is-content-justification-center is-layout-flex wp-container-core-buttons-is-layout-a89b3969 wp-block-buttons-is-layout-flex\">\n<div class=\"wp-block-button btn-devis-source\"><a class=\"wp-block-button__link wp-element-button\" href=\"https:\/\/obera.fr\/pl\/devis\/\">Popro\u015b o wycen\u0119<\/a><\/div>\n<\/div>\n\n\n<script>\r\ndocument.addEventListener('DOMContentLoaded', function() {\r\n    \/\/ 1. On cherche le titre H1 de la page\r\n    var h1 = document.querySelector('h1');\r\n    var productTitle = h1 ? h1.innerText.trim() : \"\";\r\n\r\n    \/\/ 2. On cherche les boutons via la classe CSS .btn-devis-source\r\n    var buttons = document.querySelectorAll('.btn-devis-source a');\r\n\r\n    \/\/ 3. Si on a le titre et les boutons, on ajoute le param\u00e8tre\r\n    if (buttons.length > 0 && productTitle !== \"\") {\r\n        var encodedTitle = encodeURIComponent(productTitle);\r\n\r\n        buttons.forEach(function(btn) {\r\n            var currentHref = btn.getAttribute('href');\r\n            \r\n            \/\/ S\u00e9curit\u00e9 pour ne pas ajouter le param\u00e8tre 2 fois\r\n            if (currentHref.indexOf('sujet=') === -1) {\r\n                var separator = currentHref.indexOf('?') !== -1 ? '&' : '?';\r\n                var newLink = currentHref + separator + 'sujet=' + encodedTitle;\r\n                \r\n                btn.setAttribute('href', newLink);\r\n            }\r\n        });\r\n    }\r\n});\r\n<\/script><\/div>\n<\/div>\n<\/div>\n<\/div>\n\n\n\n<div style=\"height:30px\" aria-hidden=\"true\" class=\"wp-block-spacer\"><\/div>\n\n\n\n<h2 class=\"wp-block-heading\">Charakterystyka odpylaczy mokrych DUSTOMAT HYDRO<\/h2>\n\n\n\n<p>Seria DUSTOMAT HYDRO obejmuje <strong>4 modele odpylaczy<\/strong> mokrych o wydajno\u015bci od <strong>2300 do 10 000 m3\/h<\/strong>. Wszystkie oferuj\u0105 szeroki zakres zastosowa\u0144 do odsysania wi\u00f3r\u00f3w metalowych, dym\u00f3w spawalniczych, py\u0142\u00f3w aluminiowych, stalowych i tytanowych, a tak\u017ce do odsysania materia\u0142\u00f3w wybuchowych <a href=\"https:\/\/obera.fr\/conseils\/zone-atex-norme-atex-bases-protection-contre-risque-explosion\/\" data-type=\"post\" data-id=\"17925\">(opcjonalnie zgodnych z ATEX<\/a>) i py\u0142\u00f3w metalowych generuj\u0105cych iskry. Wszechstronno\u015b\u0107 tej serii sprawia, \u017ce jest ona szczeg\u00f3lnie skuteczna w odci\u0105ganiu cz\u0105stek powstaj\u0105cych podczas szlifowania, polerowania, pi\u0142owania, frezowania i spawania.  <\/p>\n\n\n\n<p>Ponadto DUSTOMAT HYDRO jest odpylaczem, kt\u00f3ry mo\u017cna naprawd\u0119 dostosowa\u0107 do potrzeb przemys\u0142u. Opr\u00f3cz zgodno\u015bci z dyrektyw\u0105 ATEX, jest on wyposa\u017cony w opcj\u0119 specjalnego malowania i zmiennej pozycji <strong>dyszy ss\u0105cej<\/strong>. Istnieje r\u00f3wnie\u017c mo\u017cliwo\u015b\u0107 wyboru medi\u00f3w filtracyjnych (na przyk\u0142ad filtr HEPA H 14 dla cz\u0105stek rakotw\u00f3rczych). Ponadto <strong><a href=\"https:\/\/obera.fr\/pl\/produits\/depoussiereurs-industriels\/\" data-type=\"page\" data-id=\"31\">odpylacze przemys\u0142owe<\/a><\/strong> z tej serii maj\u0105 dwa poziomy mocy, konfigurowalny system filtracji (do 4 poziom\u00f3w filtracji) i czujniki, kt\u00f3re automatycznie reguluj\u0105 nape\u0142nianie wod\u0105.   <\/p>\n\n\n\n<p>Kolejn\u0105 cech\u0105 serii DUSTOMAT HYDRO s\u0105 <strong>niskie koszty konserwacji<\/strong>, poniewa\u017c system filtracji drobnych cz\u0105stek znajduje si\u0119 za urz\u0105dzeniem.<\/p>\n\n\n\n<blockquote class=\"wp-block-quote is-layout-flow wp-block-quote-is-layout-flow\">\n<p>Innowacyjna technologia DUSTOMAT HYDRO: system separacji oparty na hydrocyklonie sprawia, \u017ce iskry i py\u0142 palny s\u0105 prawie ca\u0142kowicie nieszkodliwe, ju\u017c od pierwszego poziomu filtracji (wsp\u00f3\u0142czynnik separacji 98,7%). Nawet najmniejsze frakcje cz\u0105stek \u2265 15 \u00b5m s\u0105 bezpiecznie wi\u0105zane w komorze turbulencji wody, dzi\u0119ki czemu OberA przenosi jako\u015b\u0107 wst\u0119pnej separacji na nowy poziom. U\u017cytkownicy odnosz\u0105 znacz\u0105ce korzy\u015bci: media filtracyjne w p\u00f3\u017aniejszym systemie separacji na sucho s\u0105 oszcz\u0119dzane, co skutkuje d\u0142u\u017csz\u0105 \u017cywotno\u015bci\u0105 i ni\u017cszymi kosztami p\u00f3\u017aniejszymi.  <\/p>\n<\/blockquote>\n\n\n\n<div class=\"wp-block-columns is-layout-flex wp-container-core-columns-is-layout-28f84493 wp-block-columns-is-layout-flex\">\n<div class=\"wp-block-column is-layout-flow wp-block-column-is-layout-flow\">\n<h3 class=\"wp-block-heading has-text-align-center\" id=\"industries\">Bran\u017ce<\/h3>\n\n\n\n<hr class=\"wp-block-separator has-css-opacity is-style-wide\"\/>\n\n\n\n<div class=\"wp-block-columns is-layout-flex wp-container-core-columns-is-layout-28f84493 wp-block-columns-is-layout-flex\">\n<div class=\"wp-block-column is-layout-flow wp-block-column-is-layout-flow\">\n<figure class=\"wp-block-image aligncenter size-full\"><img decoding=\"async\" width=\"150\" height=\"150\" src=\"https:\/\/obera.fr\/wp-content\/uploads\/2022\/02\/Metalurgie.png\" alt=\"obr\u00f3bka metali\" class=\"wp-image-8857\"\/><figcaption class=\"wp-element-caption\">Obr\u00f3bka metali<\/figcaption><\/figure>\n\n\n\n<figure class=\"wp-block-image aligncenter size-full\"><img decoding=\"async\" width=\"150\" height=\"150\" src=\"https:\/\/obera.fr\/wp-content\/uploads\/2022\/02\/Textile.png\" alt=\"tekstylny\" class=\"wp-image-8855\"\/><figcaption class=\"wp-element-caption\">Tekstylia<\/figcaption><\/figure>\n<\/div>\n\n\n\n<div class=\"wp-block-column is-layout-flow wp-block-column-is-layout-flow\">\n<figure class=\"wp-block-image aligncenter size-full\"><img decoding=\"async\" width=\"150\" height=\"150\" src=\"https:\/\/obera.fr\/wp-content\/uploads\/2022\/02\/Chimie.png\" alt=\"chemia\" class=\"wp-image-8846\"\/><figcaption class=\"wp-element-caption\">Chemia<\/figcaption><\/figure>\n\n\n\n<figure class=\"wp-block-image aligncenter size-full\"><img decoding=\"async\" width=\"150\" height=\"150\" src=\"https:\/\/obera.fr\/wp-content\/uploads\/2022\/02\/Plastique.png\" alt=\"plastik\" class=\"wp-image-8854\"\/><figcaption class=\"wp-element-caption\">Tworzywo sztuczne<\/figcaption><\/figure>\n<\/div>\n\n\n\n<div class=\"wp-block-column is-layout-flow wp-block-column-is-layout-flow\">\n<figure class=\"wp-block-image aligncenter size-full\"><img decoding=\"async\" width=\"150\" height=\"150\" src=\"https:\/\/obera.fr\/wp-content\/uploads\/2022\/02\/MINERAIS.png\" alt=\"rudy\" class=\"wp-image-8847\"\/><figcaption class=\"wp-element-caption\">Minera\u0142y<\/figcaption><\/figure>\n\n\n\n<figure class=\"wp-block-image aligncenter size-full\"><img decoding=\"async\" width=\"150\" height=\"150\" src=\"https:\/\/obera.fr\/wp-content\/uploads\/2022\/02\/Papier-carton.png\" alt=\"papier i tektura\" class=\"wp-image-8853\"\/><figcaption class=\"wp-element-caption\">Papier\/karton<\/figcaption><\/figure>\n<\/div>\n\n\n\n<div class=\"wp-block-column is-layout-flow wp-block-column-is-layout-flow\">\n<figure class=\"wp-block-image aligncenter size-full\"><img decoding=\"async\" width=\"150\" height=\"150\" src=\"https:\/\/obera.fr\/wp-content\/uploads\/2022\/02\/AGROALIMENTAIRE.png\" alt=\"rolno-spo\u017cywczy\" class=\"wp-image-8844\"\/><figcaption class=\"wp-element-caption\">Przemys\u0142 spo\u017cywczy<\/figcaption><\/figure>\n<\/div>\n<\/div>\n<\/div>\n<\/div>\n\n\n\n<figure class=\"wp-block-table\"><table class=\"has-fixed-layout\"><tbody><tr><td><\/td><td><\/td><td><strong>DUSTOMAT HYDRO 2300<\/strong><\/td><td><strong>DUSTOMAT HYDRO 3500<\/strong><\/td><td><strong>DUSTOMAT HYDRO 6000<\/strong><\/td><td><strong>DUSTOMAT HYDRO 10000<\/strong><\/td><\/tr><tr><td>Przep\u0142yw<\/td><td>m3\/h<\/td><td>2 300<\/td><td>3 500<\/td><td>6 000<\/td><td>10 000<\/td><\/tr><tr><td>Maks. podci\u015bnienie<\/td><td>Pa<\/td><td>2 500<\/td><td>3 400<\/td><td>3 950<\/td><td>4 800<\/td><\/tr><tr><td>Moc<\/td><td>kW<\/td><td>3<\/td><td>5,5<\/td><td>7.5<\/td><td>15<\/td><\/tr><tr><td>\u015arednica wlotu<\/td><td>mm<\/td><td>180<\/td><td>224<\/td><td>280<\/td><td>400<\/td><\/tr><tr><td>Pod\u0142\u0105czenie wody<\/td><td>Cale<\/td><td>3\/4<\/td><td>3\/4<\/td><td>3\/4<\/td><td>3\/4<\/td><\/tr><tr><td>Wymiary<\/td><td>l\/L\/h (mm)<\/td><td>850x850x2600<\/td><td>850x850x2600<\/td><td>1350 x 1550 x 3400<\/td><td>1350 x 1550 x 3400<\/td><\/tr><tr><td>Poziom ha\u0142asu<\/td><td>dB(A)<\/td><td>70*<\/td><td>72*<\/td><td>73.4<\/td><td>76.1<\/td><\/tr><tr><td>Waga<\/td><td>kg<\/td><td>340<\/td><td>380<\/td><td>750<\/td><td>870<\/td><\/tr><\/tbody><\/table><\/figure>\n\n\n\n<p>* bez pakietu izolacji akustycznej: 75 db(A)<\/p>\n\n\n\n<div class=\"wp-block-columns is-layout-flex wp-container-core-columns-is-layout-28f84493 wp-block-columns-is-layout-flex\">\n<div class=\"wp-block-column is-layout-flow wp-block-column-is-layout-flow\"><\/div>\n\n\n\n<div class=\"wp-block-column is-layout-flow wp-block-column-is-layout-flow\">\n<div class=\"wp-block-buttons is-content-justification-center is-layout-flex wp-container-core-buttons-is-layout-a89b3969 wp-block-buttons-is-layout-flex\">\n<div class=\"wp-block-button btn-devis-source\"><a class=\"wp-block-button__link wp-element-button\" href=\"https:\/\/obera.fr\/pl\/devis\/\">Popro\u015b o wycen\u0119<\/a><\/div>\n<\/div>\n\n\n<script>\r\ndocument.addEventListener('DOMContentLoaded', function() {\r\n    \/\/ 1. On cherche le titre H1 de la page\r\n    var h1 = document.querySelector('h1');\r\n    var productTitle = h1 ? h1.innerText.trim() : \"\";\r\n\r\n    \/\/ 2. On cherche les boutons via la classe CSS .btn-devis-source\r\n    var buttons = document.querySelectorAll('.btn-devis-source a');\r\n\r\n    \/\/ 3. Si on a le titre et les boutons, on ajoute le param\u00e8tre\r\n    if (buttons.length > 0 && productTitle !== \"\") {\r\n        var encodedTitle = encodeURIComponent(productTitle);\r\n\r\n        buttons.forEach(function(btn) {\r\n            var currentHref = btn.getAttribute('href');\r\n            \r\n            \/\/ S\u00e9curit\u00e9 pour ne pas ajouter le param\u00e8tre 2 fois\r\n            if (currentHref.indexOf('sujet=') === -1) {\r\n                var separator = currentHref.indexOf('?') !== -1 ? '&' : '?';\r\n                var newLink = currentHref + separator + 'sujet=' + encodedTitle;\r\n                \r\n                btn.setAttribute('href', newLink);\r\n            }\r\n        });\r\n    }\r\n});\r\n<\/script><\/div>\n\n\n\n<div class=\"wp-block-column is-layout-flow wp-block-column-is-layout-flow\">\n<div class=\"wp-block-buttons is-content-justification-center is-layout-flex wp-container-core-buttons-is-layout-a89b3969 wp-block-buttons-is-layout-flex\">\n<div class=\"wp-block-button\"><a class=\"wp-block-button__link wp-element-button\" href=\"https:\/\/obera.fr\/wp-content\/uploads\/2025\/04\/brochure-dustomat-hydro-en.pdf\">Pobierz broszur\u0119<\/a><\/div>\n<\/div>\n<\/div>\n\n\n\n<div class=\"wp-block-column is-layout-flow wp-block-column-is-layout-flow\"><\/div>\n<\/div>\n\n\n\n<h2 class=\"wp-block-heading\">DUSTOMAT HYDRO: jakie s\u0105 jego zalety?  <\/h2>\n\n\n\n<p>Seria odpylaczy DUSTOMAT HYDRO stanowi odpowied\u017a na <strong>podstawowy problem jako\u015bci powietrza w przemy\u015ble<\/strong>, poprawiaj\u0105c zdrowie i bezpiecze\u0144stwo zespo\u0142\u00f3w produkcyjnych. <strong>Zmniejszenie nara\u017cenia na drobny py\u0142<\/strong> i zanieczyszczenia, poprawa jako\u015bci powietrza w warsztacie&#8230; Wyb\u00f3r odpylacza mokrego oznacza stworzenie zdrowszego, przyjemniejszego \u015brodowiska pracy, a tak\u017ce zgodno\u015b\u0107 z obowi\u0105zuj\u0105cymi normami \u015brodowiskowymi. Aby zwi\u0119kszy\u0107 komfort u\u017cytkownika, modele z tej serii s\u0105 kompaktowe i ciche. Je\u015bli problemem jest brak miejsca, urz\u0105dzenie mo\u017cna zainstalowa\u0107 wewn\u0105trz lub na zewn\u0105trz budynku.  <\/p>\n\n\n\n<p>Je\u015bli chodzi o bezpiecze\u0144stwo, innowacyjna technologia hydrocyklon\u00f3w <strong>sprawia, \u017ce stacje robocze s\u0105 tak bezpieczne, jak to tylko mo\u017cliwe na<\/strong> dwa sposoby: zmniejszaj\u0105c ryzyko po\u017caru spowodowanego py\u0142em, a tak\u017ce zapobiegaj\u0105c gromadzeniu si\u0119 py\u0142u na sprz\u0119cie i uszkadzaniu maszyn.<\/p>\n\n\n\n<p>Je\u015bli chodzi o inwestycje wymagane przez producent\u00f3w, <strong>system zosta\u0142 zaprojektowany tak, aby zu\u017cywa\u0142 niewiele energii wodnej<\/strong>, co oznacza oszcz\u0119dno\u015bci na rachunkach za energi\u0119.<\/p>\n\n\n\n<div class=\"wp-block-columns is-layout-flex wp-container-core-columns-is-layout-28f84493 wp-block-columns-is-layout-flex\">\n<div class=\"wp-block-column is-layout-flow wp-block-column-is-layout-flow\">\n<h3 class=\"wp-block-heading\">Zalety :<\/h3>\n\n\n\n<ul class=\"wp-block-list\">\n<li>Zwi\u0119kszone bezpiecze\u0144stwo, nawet w \u015brodowiskach zagro\u017conych wybuchem;<\/li>\n\n\n\n<li>Niskie zu\u017cycie energii i wody dzi\u0119ki regulacji wody;<\/li>\n\n\n\n<li>\u0141atwy w u\u017cyciu dzi\u0119ki ekranowi dotykowemu;<\/li>\n\n\n\n<li><strong> <\/strong>\u0141atwa obs\u0142uga i konserwacja, niskie koszty eksploatacji.<\/li>\n<\/ul>\n<\/div>\n\n\n\n<div class=\"wp-block-column is-layout-flow wp-block-column-is-layout-flow\">\n<h3 class=\"wp-block-heading\">Funkcje specjalne:<\/h3>\n\n\n\n<ul class=\"wp-block-list\">\n<li>Wysokowydajny, wielostopniowy system separacji drobnego py\u0142u, py\u0142\u00f3w palnych i iskier;<\/li>\n\n\n\n<li>Skuteczno\u015b\u0107 separacji do 99,995%;<\/li>\n\n\n\n<li>Odci\u0105g jedno- lub wielostanowiskowy.<\/li>\n<\/ul>\n<\/div>\n\n\n\n<div class=\"wp-block-column is-layout-flow wp-block-column-is-layout-flow\">\n<h3 class=\"wp-block-heading\">Cechy :<\/h3>\n\n\n\n<ul class=\"wp-block-list\">\n<li>Zgodno\u015b\u0107 z norm\u0105 ATEX;<\/li>\n\n\n\n<li>Cicha praca ;<\/li>\n\n\n\n<li>Opcjonalnie: recyrkulacja (zmniejsza koszty ogrzewania).<\/li>\n<\/ul>\n<\/div>\n<\/div>\n\n\n\n<div class=\"wp-block-columns is-layout-flex wp-container-core-columns-is-layout-28f84493 wp-block-columns-is-layout-flex\">\n<div class=\"wp-block-column is-layout-flow wp-block-column-is-layout-flow\">\n<figure class=\"wp-block-image size-full is-resized\"><img decoding=\"async\" width=\"600\" height=\"600\" src=\"https:\/\/obera.fr\/wp-content\/uploads\/2022\/11\/norme-atex.jpg\" alt=\"standard atex\" class=\"wp-image-15992\" style=\"width:300px;height:300px\" srcset=\"https:\/\/obera.fr\/wp-content\/uploads\/2022\/11\/norme-atex.jpg 600w, https:\/\/obera.fr\/wp-content\/uploads\/2022\/11\/norme-atex-300x300.jpg 300w, https:\/\/obera.fr\/wp-content\/uploads\/2022\/11\/norme-atex-150x150.jpg 150w\" sizes=\"(max-width: 600px) 100vw, 600px\" \/><\/figure>\n<\/div>\n\n\n\n<div class=\"wp-block-column is-layout-flow wp-block-column-is-layout-flow\">\n<figure class=\"wp-block-image size-full is-resized\"><img decoding=\"async\" width=\"600\" height=\"600\" src=\"https:\/\/obera.fr\/wp-content\/uploads\/2022\/11\/dustomat-hydro-2.jpg\" alt=\"dustomat hydro 2\" class=\"wp-image-15995\" style=\"width:300px;height:300px\" srcset=\"https:\/\/obera.fr\/wp-content\/uploads\/2022\/11\/dustomat-hydro-2.jpg 600w, https:\/\/obera.fr\/wp-content\/uploads\/2022\/11\/dustomat-hydro-2-300x300.jpg 300w, https:\/\/obera.fr\/wp-content\/uploads\/2022\/11\/dustomat-hydro-2-150x150.jpg 150w\" sizes=\"(max-width: 600px) 100vw, 600px\" \/><\/figure>\n<\/div>\n\n\n\n<div class=\"wp-block-column is-layout-flow wp-block-column-is-layout-flow\">\n<figure class=\"wp-block-image size-full is-resized\"><img decoding=\"async\" width=\"600\" height=\"600\" src=\"https:\/\/obera.fr\/wp-content\/uploads\/2022\/11\/vanne-de-vidange.jpg\" alt=\"zaw\u00f3r spustowy\" class=\"wp-image-15998\" style=\"width:300px;height:300px\" srcset=\"https:\/\/obera.fr\/wp-content\/uploads\/2022\/11\/vanne-de-vidange.jpg 600w, https:\/\/obera.fr\/wp-content\/uploads\/2022\/11\/vanne-de-vidange-300x300.jpg 300w, https:\/\/obera.fr\/wp-content\/uploads\/2022\/11\/vanne-de-vidange-150x150.jpg 150w\" sizes=\"(max-width: 600px) 100vw, 600px\" \/><\/figure>\n<\/div>\n<\/div>\n\n\n\n<div class=\"wp-block-buttons is-content-justification-center is-layout-flex wp-container-core-buttons-is-layout-a89b3969 wp-block-buttons-is-layout-flex\">\n<div class=\"wp-block-button\"><a class=\"wp-block-button__link wp-element-button\" href=\"https:\/\/obera.fr\/pl\/contact\/\">Testowanie DUSTOMAT HYDRO<\/a><\/div>\n<\/div>\n","protected":false},"excerpt":{"rendered":"<p>Odkryj nasz\u0105 gam\u0119 p\u0142uczek mokrych DUSTOMAT HYDRO, \u0142\u0105cz\u0105cych w sobie wydajno\u015b\u0107 i skuteczno\u015b\u0107 w usuwaniu wysoce \u0142atwopalnych substancji. Odpylacz przemys\u0142owy DUSTOMAT HYDRO: jak dzia\u0142a i jak go u\u017cywa\u0107? G\u0142\u00f3wn\u0105 zalet\u0105 serii DUSTOMAT HYDRO jest innowacyjna technologia wielostopniowej separacji py\u0142u i iskier. Zanieczyszczone powietrze jest zasysane przez wentylator wbudowany w odpylacz. Pr\u0119dko\u015b\u0107 powietrza jest zmniejszana, umo\u017cliwiaj\u0105c ci\u0119\u017ckim cz\u0105stkom wpadni\u0119cie do zbiornika odzysku: jest to pierwszy etap wst\u0119pnego oddzielania cz\u0105stek. Powietrze przechodzi nast\u0119pnie przez hydrocyklon, kt\u00f3ry wykorzystuje si\u0142\u0119 od\u015brodkow\u0105 do oddzielenia drobnych cz\u0105stek od wody. Cz\u0105steczki te zostaj\u0105 uwi\u0119zione w wodzie, a iskry s\u0105 ch\u0142odzone w celu ich unieszkodliwienia. Ko\u0144cowy etap filtracji &#8230; <\/p>\n<p class=\"read-more-container\"><a title=\"DUSTOMAT HYDRO: sta\u0142y odpylacz mokry\" class=\"read-more button\" href=\"https:\/\/obera.fr\/pl\/produits\/depoussiereurs-industriels\/fixes\/depoussiereur-a-voie-humide-dustomat-hydro\/#more-46087\" aria-label=\"Dowiedz si\u0119 wi\u0119cej o DUSTOMAT HYDRO: sta\u0142y odpylacz mokry\">Lire la suite<\/a><\/p>\n","protected":false},"author":4,"featured_media":83746,"parent":47254,"menu_order":0,"comment_status":"closed","ping_status":"closed","template":"","meta":{"_acf_changed":false,"_seopress_robots_primary_cat":"","_seopress_titles_title":"Szorowarka na mokro DUSTOMAT HYDRO firmy oberA","_seopress_titles_desc":"Odkryj nasz\u0105 gam\u0119 p\u0142uczek mokrych DUSTOMAT HYDRO, \u0142\u0105cz\u0105cych w sobie wydajno\u015b\u0107 i skuteczno\u015b\u0107 w usuwaniu wysoce \u0142atwopalnych substancji.","_seopress_robots_index":"","footnotes":""},"class_list":{"0":"post-46087","1":"page","2":"type-page","3":"status-publish","4":"has-post-thumbnail","6":"no-featured-image-padding","7":"resize-featured-image"},"acf":[],"_links":{"self":[{"href":"https:\/\/obera.fr\/pl\/wp-json\/wp\/v2\/pages\/46087","targetHints":{"allow":["GET"]}}],"collection":[{"href":"https:\/\/obera.fr\/pl\/wp-json\/wp\/v2\/pages"}],"about":[{"href":"https:\/\/obera.fr\/pl\/wp-json\/wp\/v2\/types\/page"}],"author":[{"embeddable":true,"href":"https:\/\/obera.fr\/pl\/wp-json\/wp\/v2\/users\/4"}],"replies":[{"embeddable":true,"href":"https:\/\/obera.fr\/pl\/wp-json\/wp\/v2\/comments?post=46087"}],"version-history":[{"count":11,"href":"https:\/\/obera.fr\/pl\/wp-json\/wp\/v2\/pages\/46087\/revisions"}],"predecessor-version":[{"id":91982,"href":"https:\/\/obera.fr\/pl\/wp-json\/wp\/v2\/pages\/46087\/revisions\/91982"}],"up":[{"embeddable":true,"href":"https:\/\/obera.fr\/pl\/wp-json\/wp\/v2\/pages\/47254"}],"wp:featuredmedia":[{"embeddable":true,"href":"https:\/\/obera.fr\/pl\/wp-json\/wp\/v2\/media\/83746"}],"wp:attachment":[{"href":"https:\/\/obera.fr\/pl\/wp-json\/wp\/v2\/media?parent=46087"}],"curies":[{"name":"wp","href":"https:\/\/api.w.org\/{rel}","templated":true}]}}