{"id":46431,"date":"2020-08-26T12:42:28","date_gmt":"2020-08-26T10:42:28","guid":{"rendered":"https:\/\/obera.fr\/epur-box\/"},"modified":"2025-04-24T13:13:57","modified_gmt":"2025-04-24T11:13:57","slug":"aspiration-mobile-odeurs-epur-box","status":"publish","type":"page","link":"https:\/\/obera.fr\/pl\/produits\/traitement-cov\/aspiration-mobile-odeurs-epur-box\/","title":{"rendered":"ePUR-BOX"},"content":{"rendered":"\n\n\n\n<h2 class=\"wp-block-heading\">Mobilna jednostka ekstrakcji zapach\u00f3w i lotnych zwi\u0105zk\u00f3w organicznych<\/h2>\n\n\n\n<div class=\"wp-block-columns is-layout-flex wp-container-core-columns-is-layout-28f84493 wp-block-columns-is-layout-flex\">\n<div class=\"wp-block-column is-layout-flow wp-block-column-is-layout-flow\" style=\"flex-basis:33.33%\">\n<figure class=\"wp-block-image aligncenter size-full\"><img decoding=\"async\" width=\"1200\" height=\"1200\" src=\"https:\/\/obera.fr\/wp-content\/uploads\/2024\/05\/epurbox-brs.png\" alt=\"epurbox brs\" class=\"wp-image-30328\" srcset=\"https:\/\/obera.fr\/wp-content\/uploads\/2024\/05\/epurbox-brs.png 1200w, https:\/\/obera.fr\/wp-content\/uploads\/2024\/05\/epurbox-brs-300x300.png 300w, https:\/\/obera.fr\/wp-content\/uploads\/2024\/05\/epurbox-brs-1024x1024.png 1024w, https:\/\/obera.fr\/wp-content\/uploads\/2024\/05\/epurbox-brs-150x150.png 150w, https:\/\/obera.fr\/wp-content\/uploads\/2024\/05\/epurbox-brs-768x768.png 768w\" sizes=\"(max-width: 1200px) 100vw, 1200px\" \/><figcaption class=\"wp-element-caption\">ePURBOX  <\/figcaption><\/figure>\n<\/div>\n\n\n\n<div class=\"wp-block-column is-layout-flow wp-block-column-is-layout-flow\" style=\"flex-basis:66.66%\">\n<p><strong>ePUR-BOX<\/strong> to por\u0119czne, kompaktowe urz\u0105dzenie wyposa\u017cone w filtracj\u0119 z w\u0119glem aktywnym do <a href=\"https:\/\/obera.fr\/pl\/produits\/traitement-cov\/\" data-type=\"URL\" data-id=\"https:\/\/obera.fr\/produits\/traitement-cov\/\">oczyszczania zanieczyszcze\u0144 gazowych, LZO i zapach\u00f3w<\/a>.<\/p>\n\n\n\n<p>Urz\u0105dzenie jest wyposa\u017cone we wst\u0119pny filtr py\u0142u i opar\u00f3w. G\u0142\u00f3wny system filtracji wykorzystuje wysokowydajne wk\u0142ady z w\u0119glem aktywnym, kt\u00f3re mo\u017cna dostosowa\u0107 do oczyszczanych zanieczyszcze\u0144. Przefiltrowane powietrze jest zasysane przez wysokowydajny wentylator EC (najnowsza technologia komutacji elektronicznej).  <\/p>\n\n\n\n<p>Czyste powietrze jest odprowadzane w dolnej cz\u0119\u015bci urz\u0105dzenia z 3 stron. EPURBOX jest wyposa\u017cony w 2-metrowe rami\u0119 obrotowe do skutecznego wychwytywania u \u017ar\u00f3d\u0142a, jak najbli\u017cej emisji zanieczyszcze\u0144. <\/p>\n\n\n\n<div class=\"wp-block-columns is-layout-flex wp-container-core-columns-is-layout-28f84493 wp-block-columns-is-layout-flex\">\n<div class=\"wp-block-column is-layout-flow wp-block-column-is-layout-flow\" style=\"flex-basis:33.34%\">\n<div class=\"wp-block-buttons is-content-justification-center is-layout-flex wp-container-core-buttons-is-layout-a89b3969 wp-block-buttons-is-layout-flex\">\n<div class=\"wp-block-button\"><a class=\"wp-block-button__link wp-element-button\" href=\"https:\/\/obera.fr\/wp-content\/uploads\/2025\/04\/brochure-epurbox-atex-brs-en.pdf\">Pobierz broszur\u0119<\/a><\/div>\n<\/div>\n<\/div>\n\n\n\n<div class=\"wp-block-column is-layout-flow wp-block-column-is-layout-flow\" style=\"flex-basis:33.34%\">\n<div class=\"wp-block-buttons is-horizontal is-content-justification-center is-layout-flex wp-container-core-buttons-is-layout-03627597 wp-block-buttons-is-layout-flex\">\n<div class=\"wp-block-button has-custom-width wp-block-button__width-100\"><a class=\"wp-block-button__link wp-element-button\" href=\"https:\/\/obera.fr\/pl\/skontaktuj-sie-z-nami\/\">Dowiedz si\u0119 wi\u0119cej<\/a><\/div>\n<\/div>\n<\/div>\n\n\n\n<div class=\"wp-block-column is-layout-flow wp-block-column-is-layout-flow\" style=\"flex-basis:33.33%\">\n<div class=\"wp-block-buttons is-content-justification-center is-layout-flex wp-container-core-buttons-is-layout-a89b3969 wp-block-buttons-is-layout-flex\">\n<div class=\"wp-block-button btn-devis-source\"><a class=\"wp-block-button__link wp-element-button\" href=\"https:\/\/obera.fr\/pl\/devis\/\">Popro\u015b o wycen\u0119<\/a><\/div>\n<\/div>\n\n\n<script>\r\ndocument.addEventListener('DOMContentLoaded', function() {\r\n    \/\/ 1. On cherche le titre H1 de la page\r\n    var h1 = document.querySelector('h1');\r\n    var productTitle = h1 ? h1.innerText.trim() : \"\";\r\n\r\n    \/\/ 2. On cherche les boutons via la classe CSS .btn-devis-source\r\n    var buttons = document.querySelectorAll('.btn-devis-source a');\r\n\r\n    \/\/ 3. Si on a le titre et les boutons, on ajoute le param\u00e8tre\r\n    if (buttons.length > 0 && productTitle !== \"\") {\r\n        var encodedTitle = encodeURIComponent(productTitle);\r\n\r\n        buttons.forEach(function(btn) {\r\n            var currentHref = btn.getAttribute('href');\r\n            \r\n            \/\/ S\u00e9curit\u00e9 pour ne pas ajouter le param\u00e8tre 2 fois\r\n            if (currentHref.indexOf('sujet=') === -1) {\r\n                var separator = currentHref.indexOf('?') !== -1 ? '&' : '?';\r\n                var newLink = currentHref + separator + 'sujet=' + encodedTitle;\r\n                \r\n                btn.setAttribute('href', newLink);\r\n            }\r\n        });\r\n    }\r\n});\r\n<\/script><\/div>\n<\/div>\n<\/div>\n<\/div>\n\n\n\n<div class=\"wp-block-columns is-layout-flex wp-container-core-columns-is-layout-28f84493 wp-block-columns-is-layout-flex\">\n<div class=\"wp-block-column is-layout-flow wp-block-column-is-layout-flow\">\n<h3 class=\"wp-block-heading has-text-align-center\">Korzy\u015bci<\/h3>\n\n\n\n<ul class=\"wp-block-list\">\n<li>Wydajne, precyzyjne przechwytywanie u \u017ar\u00f3d\u0142a<\/li>\n\n\n\n<li>Wentylator EC o bardzo wysokiej wydajno\u015bci<\/li>\n\n\n\n<li>T\u0142umik<\/li>\n\n\n\n<li>Mobilny, lekki i \u0142atwy w obs\u0142udze<\/li>\n\n\n\n<li>Ma\u0142y \u015blad<\/li>\n\n\n\n<li>\u0141atwa konserwacja filtra<\/li>\n<\/ul>\n<\/div>\n\n\n\n<div class=\"wp-block-column is-layout-flow wp-block-column-is-layout-flow\">\n<h3 class=\"wp-block-heading has-text-align-center\">Funkcje specjalne<\/h3>\n\n\n\n<ul class=\"wp-block-list\">\n<li>Wysokowydajny w\u0119giel aktywny<\/li>\n\n\n\n<li>Filtracja wst\u0119pna py\u0142\u00f3w i opar\u00f3w<\/li>\n\n\n\n<li>Samono\u015bne rami\u0119 ss\u0105ce ze struktur\u0105 poza przep\u0142ywem<\/li>\n<\/ul>\n<\/div>\n\n\n\n<div class=\"wp-block-column is-layout-flow wp-block-column-is-layout-flow\">\n<h3 class=\"wp-block-heading has-text-align-center\">Cechy<\/h3>\n\n\n\n<ul class=\"wp-block-list\">\n<li>Wysoka wydajno\u015b\u0107 przechwytywania<\/li>\n\n\n\n<li>Opcjonalnie: specjalny filtr do lutowania i dodatkowa obr\u00f3bka w\u0119glem aktywnym.<\/li>\n<\/ul>\n<\/div>\n<\/div>\n\n\n\n<h2 class=\"wp-block-heading\">Zastosowania<\/h2>\n\n\n\n<div class=\"wp-block-columns is-layout-flex wp-container-core-columns-is-layout-28f84493 wp-block-columns-is-layout-flex\">\n<div class=\"wp-block-column is-layout-flow wp-block-column-is-layout-flow\">\n<h3 class=\"wp-block-heading has-text-align-center\">Zanieczyszczenia<\/h3>\n\n\n\n<hr class=\"wp-block-separator has-css-opacity is-style-wide\"\/>\n\n\n\n<div class=\"wp-block-columns is-layout-flex wp-container-core-columns-is-layout-28f84493 wp-block-columns-is-layout-flex\">\n<div class=\"wp-block-column is-layout-flow wp-block-column-is-layout-flow\">\n<figure class=\"wp-block-image aligncenter size-large is-resized\"><img decoding=\"async\" width=\"70\" height=\"70\" src=\"https:\/\/obera.fr\/wp-content\/uploads\/2020\/08\/polluants-poussieres.jpg\" alt=\"Zanieczyszczenia Py\u0142\" class=\"wp-image-675\" style=\"width:83px;height:undefinedpx\"\/><figcaption class=\"wp-element-caption\">Py\u0142<\/figcaption><\/figure>\n\n\n\n<figure class=\"wp-block-image aligncenter size-large is-resized\"><img decoding=\"async\" width=\"70\" height=\"70\" src=\"https:\/\/obera.fr\/wp-content\/uploads\/2020\/09\/cov.png\" alt=\"Cov\" class=\"wp-image-959\" style=\"width:83px;height:undefinedpx\"\/><figcaption class=\"wp-element-caption\">VOCS<\/figcaption><\/figure>\n<\/div>\n\n\n\n<div class=\"wp-block-column is-layout-flow wp-block-column-is-layout-flow\">\n<figure class=\"wp-block-image aligncenter size-large is-resized\"><img decoding=\"async\" width=\"70\" height=\"70\" src=\"https:\/\/obera.fr\/wp-content\/uploads\/2020\/08\/industrie-odeur.jpg\" alt=\"Zapach przemys\u0142owy\" class=\"wp-image-723\" style=\"width:83px;height:undefinedpx\"\/><figcaption class=\"wp-element-caption\">Zapachy<\/figcaption><\/figure>\n\n\n\n<figure class=\"wp-block-image aligncenter size-large is-resized\"><img decoding=\"async\" width=\"70\" height=\"70\" src=\"https:\/\/obera.fr\/wp-content\/uploads\/2020\/08\/polluants-copeaux-bois.jpg\" alt=\"Zanieczyszczenia Zr\u0119bki drzewne\" class=\"wp-image-674\" style=\"width:83px;height:undefinedpx\"\/><figcaption class=\"wp-element-caption\">Chipsy<\/figcaption><\/figure>\n<\/div>\n<\/div>\n<\/div>\n\n\n\n<div class=\"wp-block-column is-layout-flow wp-block-column-is-layout-flow\">\n<h3 class=\"wp-block-heading has-text-align-center\">Bran\u017ce<\/h3>\n\n\n\n<hr class=\"wp-block-separator has-css-opacity is-style-wide\"\/>\n\n\n\n<div class=\"wp-block-columns is-layout-flex wp-container-core-columns-is-layout-28f84493 wp-block-columns-is-layout-flex\">\n<div class=\"wp-block-column is-layout-flow wp-block-column-is-layout-flow\">\n<figure class=\"wp-block-image aligncenter size-large is-resized\"><img decoding=\"async\" width=\"70\" height=\"70\" src=\"https:\/\/obera.fr\/wp-content\/uploads\/2020\/08\/industrie-metallurgie.jpg\" alt=\"Przemys\u0142 metalurgiczny\" class=\"wp-image-673\" style=\"width:83px;height:undefinedpx\"\/><figcaption class=\"wp-element-caption\">Metalurgia<\/figcaption><\/figure>\n\n\n\n<figure class=\"wp-block-image aligncenter size-large is-resized\"><img decoding=\"async\" width=\"70\" height=\"70\" src=\"https:\/\/obera.fr\/wp-content\/uploads\/2020\/08\/industrie-plastique.jpg\" alt=\"Przemys\u0142 tworzyw sztucznych\" class=\"wp-image-669\" style=\"width:83px;height:undefinedpx\"\/><figcaption class=\"wp-element-caption\">Tworzywa sztuczne<\/figcaption><\/figure>\n<\/div>\n\n\n\n<div class=\"wp-block-column is-layout-flow wp-block-column-is-layout-flow\">\n<figure class=\"wp-block-image aligncenter size-large is-resized\"><img decoding=\"async\" width=\"70\" height=\"70\" src=\"https:\/\/obera.fr\/wp-content\/uploads\/2020\/10\/industrie-electronique.jpg\" alt=\"Przemys\u0142 elektroniczny\" class=\"wp-image-1283\" style=\"width:83px;height:undefinedpx\"\/><figcaption class=\"wp-element-caption\">Elektronika<\/figcaption><\/figure>\n<\/div>\n<\/div>\n<\/div>\n<\/div>\n\n\n\n<div class=\"wp-block-buttons is-horizontal is-content-justification-center is-layout-flex wp-container-core-buttons-is-layout-03627597 wp-block-buttons-is-layout-flex\">\n<div class=\"wp-block-button has-custom-width wp-block-button__width-100\"><a class=\"wp-block-button__link wp-element-button\" href=\"https:\/\/obera.fr\/pl\/skontaktuj-sie-z-nami\/\">Dowiedz si\u0119 wi\u0119cej<\/a><\/div>\n<\/div>\n\n\n\n<h2 class=\"wp-block-heading\">Specyfikacja techniczna<\/h2>\n\n\n\n<figure class=\"wp-block-table\"><table class=\"has-fixed-layout\"><thead><tr><th>Urz\u0105dzenie<\/th><th><\/th><th>ePUR-BOX<\/th><\/tr><\/thead><tbody><tr><td>Przep\u0142yw<\/td><td>m3\/h<\/td><td>1 000<\/td><\/tr><tr><td>\u015arednica wlotu<\/td><td>mm<\/td><td>140<\/td><\/tr><tr><td>maksymalne podci\u015bnienie<\/td><td>Pa<\/td><td>1 350<\/td><\/tr><tr><td>Napi\u0119cie zasilania<\/td><td>V<\/td><td>230<\/td><\/tr><tr><td>Moc<\/td><td>kW<\/td><td>0.5<\/td><\/tr><tr><td>Ilo\u015b\u0107 w\u0119gla aktywnego<\/td><td>kg<\/td><td>13<\/td><\/tr><tr><td>Wymiary<\/td><td>l\/L\/h (mm)<\/td><td>794 x 690 x 1 130<\/td><\/tr><tr><td>Waga (z ramionami)<\/td><td>kg<\/td><td>100<\/td><\/tr><tr><td>Poziom ha\u0142asu<\/td><td>dB(A)<\/td><td>74<\/td><\/tr><\/tbody><\/table><\/figure>\n\n\n\n<hr class=\"wp-block-separator has-css-opacity is-style-dots\"\/>\n\n\n\n<h2 class=\"wp-block-heading\">Inne przemys\u0142owe LZO i niszczyciele zapach\u00f3w<\/h2>\n\n\n\n<div class=\"wp-block-columns is-layout-flex wp-container-core-columns-is-layout-28f84493 wp-block-columns-is-layout-flex\">\n<div class=\"wp-block-column is-layout-flow wp-block-column-is-layout-flow\">\n<figure class=\"wp-block-image aligncenter size-medium is-resized\"><a href=\"https:\/\/obera.fr\/produits\/purificateurs-air\/professionnel-epur-ca\/\"><img decoding=\"async\" width=\"300\" height=\"300\" src=\"https:\/\/obera.fr\/wp-content\/uploads\/2022\/02\/EPUR30-CA-300x300.png\" alt=\"epur30 ca\" class=\"wp-image-8923\" style=\"width:225px;height:225px\" srcset=\"https:\/\/obera.fr\/wp-content\/uploads\/2022\/02\/EPUR30-CA-300x300.png 300w, https:\/\/obera.fr\/wp-content\/uploads\/2022\/02\/EPUR30-CA-150x150.png 150w, https:\/\/obera.fr\/wp-content\/uploads\/2022\/02\/EPUR30-CA.png 500w\" sizes=\"(max-width: 300px) 100vw, 300px\" \/><\/a><figcaption class=\"wp-element-caption\">ePUR CA<\/figcaption><\/figure>\n<\/div>\n\n\n\n<div class=\"wp-block-column is-layout-flow wp-block-column-is-layout-flow\">\n<figure class=\"wp-block-image aligncenter size-medium is-resized\"><a href=\"https:\/\/obera.fr\/produits\/traitement-cov\/filtre-anti-poussiere-epur010-b-ca\/\"><img decoding=\"async\" width=\"300\" height=\"300\" src=\"https:\/\/obera.fr\/wp-content\/uploads\/2020\/09\/ePUR010B-CA-300x300.png\" alt=\"ePUR010 B CA\" class=\"wp-image-1038\" style=\"width:225px;height:225px\" srcset=\"https:\/\/obera.fr\/wp-content\/uploads\/2020\/09\/ePUR010B-CA-300x300.png 300w, https:\/\/obera.fr\/wp-content\/uploads\/2020\/09\/ePUR010B-CA-150x150.png 150w, https:\/\/obera.fr\/wp-content\/uploads\/2020\/09\/ePUR010B-CA.png 433w\" sizes=\"(max-width: 300px) 100vw, 300px\" \/><\/a><figcaption class=\"wp-element-caption\">ePUR010 B CA<\/figcaption><\/figure>\n\n\n\n<figure class=\"wp-block-image aligncenter size-medium is-resized\"><a href=\"https:\/\/obera.fr\/produits\/traitement-cov\/filtre-atex-mobile-mobfan-4500\/\"><img decoding=\"async\" width=\"300\" height=\"300\" src=\"https:\/\/obera.fr\/wp-content\/uploads\/2022\/03\/Filtre-mobile-ATEX-MOBFAN4500-300x300.png\" alt=\"mobilny filtr atex mobfan4500\" class=\"wp-image-9464\" style=\"width:225px;height:225px\" srcset=\"https:\/\/obera.fr\/wp-content\/uploads\/2022\/03\/Filtre-mobile-ATEX-MOBFAN4500-300x300.png 300w, https:\/\/obera.fr\/wp-content\/uploads\/2022\/03\/Filtre-mobile-ATEX-MOBFAN4500-150x150.png 150w, https:\/\/obera.fr\/wp-content\/uploads\/2022\/03\/Filtre-mobile-ATEX-MOBFAN4500.png 500w\" sizes=\"(max-width: 300px) 100vw, 300px\" \/><\/a><figcaption class=\"wp-element-caption\">MOBFAN 4500<\/figcaption><\/figure>\n<\/div>\n\n\n\n<div class=\"wp-block-column is-layout-flow wp-block-column-is-layout-flow\">\n<figure class=\"wp-block-image aligncenter size-medium is-resized\"><a href=\"https:\/\/obera.fr\/produits\/depoussiereurs-industriels\/petits\/aspiration-fumees-soudage-laser-epur-b-ex\/\"><img decoding=\"async\" width=\"300\" height=\"300\" src=\"https:\/\/obera.fr\/wp-content\/uploads\/2023\/10\/epurb-ex-1000-3000-5000-300x300.png\" alt=\"oberA epur b ex 1000 3000 5000\" class=\"wp-image-25016\" style=\"width:225px;height:225px\" srcset=\"https:\/\/obera.fr\/wp-content\/uploads\/2023\/10\/epurb-ex-1000-3000-5000-300x300.png 300w, https:\/\/obera.fr\/wp-content\/uploads\/2023\/10\/epurb-ex-1000-3000-5000-150x150.png 150w, https:\/\/obera.fr\/wp-content\/uploads\/2023\/10\/epurb-ex-1000-3000-5000.png 600w\" sizes=\"(max-width: 300px) 100vw, 300px\" \/><\/a><figcaption class=\"wp-element-caption\">Epur B Ex<\/figcaption><\/figure>\n<\/div>\n<\/div>\n","protected":false},"excerpt":{"rendered":"<p>Mobilna jednostka ekstrakcji zapach\u00f3w i lotnych zwi\u0105zk\u00f3w organicznych ePUR-BOX to por\u0119czne, kompaktowe urz\u0105dzenie wyposa\u017cone w filtracj\u0119 z w\u0119glem aktywnym do oczyszczania zanieczyszcze\u0144 gazowych, LZO i zapach\u00f3w. Urz\u0105dzenie jest wyposa\u017cone we wst\u0119pny filtr py\u0142u i opar\u00f3w. G\u0142\u00f3wny system filtracji wykorzystuje wysokowydajne wk\u0142ady z w\u0119glem aktywnym, kt\u00f3re mo\u017cna dostosowa\u0107 do oczyszczanych zanieczyszcze\u0144. Przefiltrowane powietrze jest zasysane przez wysokowydajny wentylator EC (najnowsza technologia komutacji elektronicznej). Czyste powietrze jest odprowadzane w dolnej cz\u0119\u015bci urz\u0105dzenia z 3 stron. EPURBOX jest wyposa\u017cony w 2-metrowe rami\u0119 obrotowe do skutecznego wychwytywania u \u017ar\u00f3d\u0142a, jak najbli\u017cej emisji zanieczyszcze\u0144. Korzy\u015bci Funkcje specjalne Cechy Zastosowania Zanieczyszczenia Bran\u017ce Specyfikacja techniczna Urz\u0105dzenie ePUR-BOX &#8230; <\/p>\n<p class=\"read-more-container\"><a title=\"ePUR-BOX\" class=\"read-more button\" href=\"https:\/\/obera.fr\/pl\/produits\/traitement-cov\/aspiration-mobile-odeurs-epur-box\/#more-46431\" aria-label=\"Dowiedz si\u0119 wi\u0119cej o ePUR-BOX\">Lire la suite<\/a><\/p>\n","protected":false},"author":4,"featured_media":37419,"parent":46492,"menu_order":0,"comment_status":"closed","ping_status":"closed","template":"","meta":{"_acf_changed":false,"_seopress_robots_primary_cat":"","_seopress_titles_title":"ePUR-BOX: Mobilna jednostka odci\u0105gowa do zapach\u00f3w i lotnych zwi\u0105zk\u00f3w organicznych","_seopress_titles_desc":"ePUR-BOX to por\u0119czne, kompaktowe urz\u0105dzenie z filtracj\u0105 nasycon\u0105 do okazjonalnych prac spawalniczych.","_seopress_robots_index":"","footnotes":""},"class_list":{"0":"post-46431","1":"page","2":"type-page","3":"status-publish","4":"has-post-thumbnail","6":"no-featured-image-padding","7":"resize-featured-image"},"acf":[],"_links":{"self":[{"href":"https:\/\/obera.fr\/pl\/wp-json\/wp\/v2\/pages\/46431","targetHints":{"allow":["GET"]}}],"collection":[{"href":"https:\/\/obera.fr\/pl\/wp-json\/wp\/v2\/pages"}],"about":[{"href":"https:\/\/obera.fr\/pl\/wp-json\/wp\/v2\/types\/page"}],"author":[{"embeddable":true,"href":"https:\/\/obera.fr\/pl\/wp-json\/wp\/v2\/users\/4"}],"replies":[{"embeddable":true,"href":"https:\/\/obera.fr\/pl\/wp-json\/wp\/v2\/comments?post=46431"}],"version-history":[{"count":15,"href":"https:\/\/obera.fr\/pl\/wp-json\/wp\/v2\/pages\/46431\/revisions"}],"predecessor-version":[{"id":88780,"href":"https:\/\/obera.fr\/pl\/wp-json\/wp\/v2\/pages\/46431\/revisions\/88780"}],"up":[{"embeddable":true,"href":"https:\/\/obera.fr\/pl\/wp-json\/wp\/v2\/pages\/46492"}],"wp:featuredmedia":[{"embeddable":true,"href":"https:\/\/obera.fr\/pl\/wp-json\/wp\/v2\/media\/37419"}],"wp:attachment":[{"href":"https:\/\/obera.fr\/pl\/wp-json\/wp\/v2\/media?parent=46431"}],"curies":[{"name":"wp","href":"https:\/\/api.w.org\/{rel}","templated":true}]}}