{"id":46877,"date":"2020-08-26T12:34:20","date_gmt":"2020-08-26T10:34:20","guid":{"rendered":"https:\/\/obera.fr\/nasze-produkty\/odpylacze-przemyslowe\/mobilne-odpylacze\/"},"modified":"2026-02-06T13:18:04","modified_gmt":"2026-02-06T11:18:04","slug":"mobiles","status":"publish","type":"page","link":"https:\/\/obera.fr\/pl\/produits\/depoussiereurs-industriels\/mobiles\/","title":{"rendered":"Mobilne odpylacze"},"content":{"rendered":"\n<p>Nasze <strong>mobilne odpylacze<\/strong> stanowi\u0105 gam\u0119 wydajnych i \u0142atwych w przemieszczaniu <a href=\"https:\/\/obera.fr\/pl\/produits\/depoussiereurs-industriels\/\" data-type=\"page\" data-id=\"31\">odpylaczy przemys\u0142owych<\/a>. Urz\u0105dzenia te doskonale dostosowuj\u0105 si\u0119 do Pa\u0144stwa \u015brodowiska, zapewniaj\u0105c optymalny komfort pracy i gwarantowan\u0105 skuteczno\u015b\u0107. <\/p>\n\n<p>Te instalacje <strong>uzdatniania powietrza<\/strong> s\u0105 przewidziane do bezpo\u015bredniego pod\u0142\u0105czenia do maszyn produkcyjnych za pomoc\u0105 sieci przewod\u00f3w lub do odsysania mobilnego stanowiska pracy przy u\u017cyciu <a href=\"https:\/\/obera.fr\/pl\/produits\/bras-dispositifs-captation\/capot-industriel\/\">ramienia odsysaj\u0105cego<\/a> lub okapu wyci\u0105gowego, w celu zbierania wszystkich rodzaj\u00f3w py\u0142\u00f3w i zanieczyszcze\u0144 w du\u017cych ilo\u015bciach bezpo\u015brednio u \u017ar\u00f3d\u0142a.<\/p>\n\n\n<h2 class=\"wp-block-heading\">Nasza gama mobilnych odpylaczy:<\/h2>\n\n<div class=\"wp-block-columns is-layout-flex wp-container-core-columns-is-layout-28f84493 wp-block-columns-is-layout-flex\">\n<div class=\"wp-block-column is-vertically-aligned-top is-layout-flow wp-block-column-is-layout-flow\">\n<h3 class=\"wp-block-heading has-text-align-center\"><a href=\"https:\/\/obera.fr\/pl\/produits\/depoussiereurs-industriels\/mobiles\/extracteur-de-poussiere-dustomat-dry\/\">DUSTOMAT DRY<\/a><\/h3>\n\n\n\n<figure class=\"wp-block-image aligncenter size-medium is-resized\"><a href=\"https:\/\/obera.fr\/pl\/produits\/depoussiereurs-industriels\/mobiles\/extracteur-de-poussiere-dustomat-dry\/\"><img decoding=\"async\" width=\"300\" height=\"300\" src=\"https:\/\/obera.fr\/wp-content\/uploads\/2023\/09\/dustomat-dry-300x300.png\" alt=\"dustomat dry\" class=\"wp-image-24355\" srcset=\"https:\/\/obera.fr\/wp-content\/uploads\/2023\/09\/dustomat-dry-300x300.png 300w, https:\/\/obera.fr\/wp-content\/uploads\/2023\/09\/dustomat-dry-150x150.png 150w, https:\/\/obera.fr\/wp-content\/uploads\/2023\/09\/dustomat-dry.png 320w\" sizes=\"(max-width: 300px) 100vw, 300px\" \/><\/a><figcaption class=\"wp-element-caption\">DUSTOMAT DRY<\/figcaption><\/figure>\n\n\n\n<p>DUSTOMAT DRY to system <a href=\"https:\/\/obera.fr\/pl\/produits\/depoussiereurs-industriels\/mobiles\/extracteur-de-poussiere-dustomat-dry\/#more-24274\">odpylania<\/a> doskonale dostosowany do szerokiej gamy sektor\u00f3w przemys\u0142owych. Oferuje mo\u017cliwo\u015b\u0107 skutecznego usuwania cz\u0105stek py\u0142u i wi\u00f3r\u00f3w, zar\u00f3wno bezpo\u015brednio z maszyn produkcyjnych, jak i poprzez pod\u0142\u0105czenie do okapu wyci\u0105gowego, ramienia odsysaj\u0105cego lub sieci ruroci\u0105g\u00f3w. Dost\u0119pny w czterech poziomach mocy, nadaje si\u0119 do \u015brednich zakres\u00f3w przep\u0142ywu od 2000 do 3500 metr\u00f3w sze\u015bciennych na godzin\u0119.<\/p>\n\n\n\n<p>Pomimo znacznej mocy odsysania, DUSTOMAT DRY pozostaje niezwykle cichy i energooszcz\u0119dny. Jest r\u00f3wnie\u017c wyposa\u017cony w pre-separator zdolny do wychwytywania ci\u0119\u017ckich i grubych cz\u0105stek. Konserwacja tego systemu jest uproszczona dzi\u0119ki czyszczeniu filtr\u00f3w strumieniem spr\u0119\u017conego powietrza, co nie tylko u\u0142atwia jego utrzymanie, ale tak\u017ce przyczynia si\u0119 do przed\u0142u\u017cenia \u017cywotno\u015bci filtr\u00f3w.<\/p>\n\n\n\n<p class=\"has-text-align-center\">Dost\u0119pny w wersji <a href=\"https:\/\/obera.fr\/pl\/produits\/atex\/\">ATEX<\/a>.<\/p>\n<\/div>\n\n\n\n<div class=\"wp-block-column is-vertically-aligned-top is-layout-flow wp-block-column-is-layout-flow\">\n<h3 class=\"wp-block-heading has-text-align-center\"><strong><a href=\"https:\/\/obera.fr\/pl\/produits\/depoussiereurs-industriels\/mobiles\/aspiration-poussiere-dustomat-10\/\">DUSTOMAT 10<\/a><\/strong><\/h3>\n\n\n\n<figure class=\"wp-block-image aligncenter size-medium is-resized\"><a href=\"https:\/\/obera.fr\/pl\/produits\/depoussiereurs-industriels\/mobiles\/aspiration-poussiere-dustomat-10\/\"><img decoding=\"async\" width=\"300\" height=\"300\" src=\"https:\/\/obera.fr\/wp-content\/uploads\/2020\/10\/extracteur-poussiere-mobile-DUSTOMAT-10-300x300.png\" alt=\"Mobilny odkurzacz Dustomat 10\" class=\"wp-image-1306\" srcset=\"https:\/\/obera.fr\/wp-content\/uploads\/2020\/10\/extracteur-poussiere-mobile-DUSTOMAT-10-300x300.png 300w, https:\/\/obera.fr\/wp-content\/uploads\/2020\/10\/extracteur-poussiere-mobile-DUSTOMAT-10-150x150.png 150w, https:\/\/obera.fr\/wp-content\/uploads\/2020\/10\/extracteur-poussiere-mobile-DUSTOMAT-10.png 600w\" sizes=\"(max-width: 300px) 100vw, 300px\" \/><\/a><figcaption class=\"wp-element-caption\">DUSTOMAT 10<\/figcaption><\/figure>\n\n\n\n<p><a href=\"https:\/\/obera.fr\/pl\/produits\/depoussiereurs-industriels\/mobiles\/aspiration-poussiere-dustomat-10\/\" data-type=\"page\" data-id=\"445\">Odpylacz DUSTOMAT 10<\/a> wyposa\u017cony w du\u017c\u0105 moc odsysania. Jest zdolny do przetwarzania zar\u00f3wno py\u0142\u00f3w, jak i wi\u00f3r\u00f3w drewnianych, plastikowych i metalowych. Wychwytywanie odbywa si\u0119 poprzez bezpo\u015brednie pod\u0142\u0105czenie do maszyny produkcyjnej za pomoc\u0105 sieci przewod\u00f3w lub przez dodanie ramienia odsysaj\u0105cego lub okapu wyci\u0105gowego powietrza. <\/p>\n\n\n\n<p>Czyszczenie filtr\u00f3w nabojowych mo\u017ce odbywa\u0107 si\u0119 r\u0119cznie za pomoc\u0105 systemu obrotowych szczotek lub automatycznie strumieniem spr\u0119\u017conego powietrza. To <strong>urz\u0105dzenie filtracyjne<\/strong> jest idealne na stanowiskach indywidualnych, przy maszynie produkcyjnej lub w pobli\u017cu strefy pracy r\u0119cznej. Uchylna obudowa i worek zbiorczy umo\u017cliwiaj\u0105 \u0142atwe i szybkie usuwanie zebranych odpad\u00f3w.  <\/p>\n<\/div>\n\n\n\n<div class=\"wp-block-column is-layout-flow wp-block-column-is-layout-flow\">\n<h3 class=\"wp-block-heading has-text-align-center\"><strong><a href=\"https:\/\/obera.fr\/pl\/produits\/depoussiereurs-industriels\/mobiles\/extracteur-poussiere-pulverulente-dustomat-16m\/\">DUSTOMAT 16<\/a><\/strong><\/h3>\n\n\n\n<figure class=\"wp-block-image aligncenter size-medium\"><a href=\"https:\/\/obera.fr\/pl\/produits\/depoussiereurs-industriels\/mobiles\/extracteur-poussiere-pulverulente-dustomat-16m\/\"><img decoding=\"async\" width=\"300\" height=\"300\" src=\"https:\/\/obera.fr\/wp-content\/uploads\/2020\/10\/extracteur-poussiere-pulverulente-DUSTOMAT-16-300x300.png\" alt=\"Odkurzacz py&#x142;owy Dustomat 16\" class=\"wp-image-1307\" srcset=\"https:\/\/obera.fr\/wp-content\/uploads\/2020\/10\/extracteur-poussiere-pulverulente-DUSTOMAT-16-300x300.png 300w, https:\/\/obera.fr\/wp-content\/uploads\/2020\/10\/extracteur-poussiere-pulverulente-DUSTOMAT-16-150x150.png 150w, https:\/\/obera.fr\/wp-content\/uploads\/2020\/10\/extracteur-poussiere-pulverulente-DUSTOMAT-16.png 600w\" sizes=\"(max-width: 300px) 100vw, 300px\" \/><\/a><figcaption class=\"wp-element-caption\">DUSTOMAT 16<\/figcaption><\/figure>\n\n\n\n<p><strong>DUSTOMAT 16<\/strong> to urz\u0105dzenie opracowane do pracy w du\u017cej mobilno\u015bci, specjalnie do <a href=\"https:\/\/obera.fr\/pl\/produits\/depoussiereurs-industriels\/mobiles\/extracteur-poussiere-pulverulente-dustomat-16m\/\" data-type=\"page\" data-id=\"449\">wyci\u0105gania py\u0142\u00f3w proszkowych<\/a>. Innymi s\u0142owy, py\u0142y mineralne (kamie\u0144, grafit lub beton), py\u0142y plastikowe lub metalowe, wi\u00f3ry drewniane i metalowe. <\/p>\n\n\n\n<p><strong>Wyci\u0105ganie tych py\u0142\u00f3w<\/strong> realizowane jest za pomoc\u0105 ramienia odsysaj\u0105cego. Czyszczenie filtr\u00f3w nabojowych mo\u017ce odbywa\u0107 si\u0119 r\u0119cznie lub automatycznie, aby zapewni\u0107 d\u0142ugowieczno\u015b\u0107 wk\u0142ad\u00f3w filtracyjnych. Worek zbiorczy py\u0142\u00f3w jest solidny i wielokrotnego u\u017cytku, co zapewnia niski koszt materia\u0142\u00f3w eksploatacyjnych.  <\/p>\n<\/div>\n<\/div>\n\n<div class=\"wp-block-columns is-layout-flex wp-container-core-columns-is-layout-28f84493 wp-block-columns-is-layout-flex\">\n<div class=\"wp-block-column is-layout-flow wp-block-column-is-layout-flow\">\n<h3 class=\"wp-block-heading has-text-align-center\"><strong><strong><a href=\"https:\/\/obera.fr\/pl\/produits\/depoussiereurs-industriels\/mobiles\/srf-k\/\">SRF K<\/a><\/strong><\/strong><\/h3>\n\n\n\n<figure class=\"wp-block-image aligncenter size-medium\"><a href=\"https:\/\/obera.fr\/pl\/produits\/depoussiereurs-industriels\/mobiles\/srf-k\/\"><img decoding=\"async\" width=\"240\" height=\"300\" src=\"https:\/\/obera.fr\/wp-content\/uploads\/2025\/05\/srf-k-1-240x300.png\" alt=\"mobilny odpylacz SRF-K\" class=\"wp-image-104035\" srcset=\"https:\/\/obera.fr\/wp-content\/uploads\/2025\/05\/srf-k-1-240x300.png 240w, https:\/\/obera.fr\/wp-content\/uploads\/2025\/05\/srf-k-1-819x1024.png 819w, https:\/\/obera.fr\/wp-content\/uploads\/2025\/05\/srf-k-1-768x960.png 768w, https:\/\/obera.fr\/wp-content\/uploads\/2025\/05\/srf-k-1.png 1080w\" sizes=\"(max-width: 240px) 100vw, 240px\" \/><\/a><figcaption class=\"wp-element-caption\">SRF-K<\/figcaption><\/figure>\n\n\n\n<p>SRF K to r\u00f3wnie\u017c <a href=\"https:\/\/obera.fr\/pl\/produits\/depoussiereurs-industriels\/mobiles\/srf-k\/\" data-type=\"page\" data-id=\"436\">wyci\u0105g dym\u00f3w spawalniczych<\/a>, bardziej wydajny, umo\u017cliwia odsysanie punktowe lub ci\u0105g\u0142e. Dymy s\u0105 filtrowane w 99,9%, co pozwala na ponowne wprowadzenie przefiltrowanego powietrza do przestrzeni roboczej. <\/p>\n\n\n\n<p>Dost\u0119pny w dw\u00f3ch wersjach: <strong>SRF K-10<\/strong> umo\u017cliwiaj\u0105cy pod\u0142\u0105czenie ramienia odsysaj\u0105cego lub okapu wyci\u0105gowego, idealny dla stanowiska spawalniczego, oraz <strong>SRF K-15<\/strong> umo\u017cliwiaj\u0105cy wyposa\u017cenie w maksymalnie dwa ramiona odsysaj\u0105ce i tym samym obs\u0142ug\u0119 dw\u00f3ch stanowisk spawalniczych jednocze\u015bnie. <\/p>\n\n\n\n<p>W zale\u017cno\u015bci od zastosowania mo\u017ce by\u0107 wyposa\u017cony (opcjonalnie) w filtry z w\u0119glem aktywnym przeznaczone do odsysania dym\u00f3w lutowniczych lub innych zanieczyszcze\u0144 mog\u0105cych generowa\u0107 zapachy. Do czyszczenia medi\u00f3w filtracyjnych urz\u0105dzenia te mog\u0105 by\u0107 wyposa\u017cone w system r\u0119cznego odkurzania obrotowego lub system automatycznego odkurzania.<\/p>\n\n\n\n<p><\/p>\n<\/div>\n\n\n\n<div class=\"wp-block-column is-vertically-aligned-top is-layout-flow wp-block-column-is-layout-flow\">\n<h3 class=\"wp-block-heading has-text-align-center\"><strong><a href=\"https:\/\/obera.fr\/pl\/produits\/depoussiereurs-industriels\/mobiles\/extracteur-poussiere-dustomat-4\/\">DUSTOMAT 4<\/a><\/strong><\/h3>\n\n\n\n<figure class=\"wp-block-image aligncenter size-medium\"><a href=\"https:\/\/obera.fr\/pl\/produits\/depoussiereurs-industriels\/mobiles\/extracteur-poussiere-dustomat-4\/\"><img decoding=\"async\" width=\"300\" height=\"300\" src=\"https:\/\/obera.fr\/wp-content\/uploads\/2020\/08\/extracteur-poussiere-Dustomat-4-ATEX-300x300.png\" alt=\"Odkurzacz Dustomat 4 Atex\" class=\"wp-image-677\" srcset=\"https:\/\/obera.fr\/wp-content\/uploads\/2020\/08\/extracteur-poussiere-Dustomat-4-ATEX-300x300.png 300w, https:\/\/obera.fr\/wp-content\/uploads\/2020\/08\/extracteur-poussiere-Dustomat-4-ATEX-150x150.png 150w, https:\/\/obera.fr\/wp-content\/uploads\/2020\/08\/extracteur-poussiere-Dustomat-4-ATEX.png 600w\" sizes=\"(max-width: 300px) 100vw, 300px\" \/><\/a><figcaption class=\"wp-element-caption\">Dustomat 4<\/figcaption><\/figure>\n\n\n\n<p>DUSTOMAT 4 to <a href=\"https:\/\/obera.fr\/pl\/produits\/depoussiereurs-industriels\/mobiles\/extracteur-poussiere-dustomat-4\/\" data-type=\"page\" data-id=\"440\">odpylacz dostosowany do niemal wszystkich sektor\u00f3w przemys\u0142owych<\/a>, mo\u017ce wyci\u0105ga\u0107 py\u0142y i wi\u00f3ry bezpo\u015brednio z maszyny produkcyjnej, ale tak\u017ce by\u0107 pod\u0142\u0105czony do okapu wyci\u0105gowego, ramienia odsysaj\u0105cego lub sieci przewod\u00f3w. Wyposa\u017cony w dwie moce odsysania, zosta\u0142 zaprojektowany tak, aby zapewni\u0107 skuteczn\u0105 i wydajn\u0105 cyrkulacj\u0119 powietrza. <\/p>\n\n\n\n<p>Jest <strong>cichy<\/strong> i zu\u017cywa bardzo ma\u0142o energii pomimo du\u017cej mocy odsysania. Jest wyposa\u017cony w pre-separator dla cz\u0105stek ci\u0119\u017ckich i grubych. Czyszczenie filtr\u00f3w (odkurzanie) odbywa si\u0119 spr\u0119\u017conym powietrzem, u\u0142atwiaj\u0105c jego konserwacj\u0119 i gwarantuj\u0105c d\u0142ugowieczno\u015b\u0107 wk\u0142ad\u00f3w filtracyjnych.  <\/p>\n\n\n\n<p>(Dost\u0119pny w wersji <a href=\"https:\/\/obera.fr\/pl\/produits\/atex\/\" data-type=\"page\" data-id=\"372\">ATEX<\/a>)<\/p>\n<\/div>\n\n\n\n<div class=\"wp-block-column is-layout-flow wp-block-column-is-layout-flow\">\n<h3 class=\"wp-block-heading has-text-align-center\"><a href=\"https:\/\/obera.fr\/pl\/produits\/depoussiereurs-industriels\/mobiles\/na-2-2-depoussiereur-a-voie-humide\/\" data-type=\"page\" data-id=\"29480\">NA 2.2<\/a><\/h3>\n\n\n\n<figure class=\"wp-block-image aligncenter size-medium\"><a href=\"https:\/\/obera.fr\/pl\/produits\/depoussiereurs-industriels\/mobiles\/na-2-2-depoussiereur-a-voie-humide\/\"><img decoding=\"async\" width=\"300\" height=\"300\" src=\"https:\/\/obera.fr\/wp-content\/uploads\/2024\/04\/obera-na-2-2-depoussiereur-a-voie-humide-mobile-300x300.jpg\" alt=\"obera na 2 2 mobilny odpylacz mokry\" class=\"wp-image-29475\" srcset=\"https:\/\/obera.fr\/wp-content\/uploads\/2024\/04\/obera-na-2-2-depoussiereur-a-voie-humide-mobile-300x300.jpg 300w, https:\/\/obera.fr\/wp-content\/uploads\/2024\/04\/obera-na-2-2-depoussiereur-a-voie-humide-mobile-150x150.jpg 150w, https:\/\/obera.fr\/wp-content\/uploads\/2024\/04\/obera-na-2-2-depoussiereur-a-voie-humide-mobile.jpg 600w\" sizes=\"(max-width: 300px) 100vw, 300px\" \/><\/a><figcaption class=\"wp-element-caption\">NA 2.2<\/figcaption><\/figure>\n<\/div>\n<\/div>\n\n<div class=\"wp-block-buttons is-horizontal is-content-justification-center is-layout-flex wp-container-core-buttons-is-layout-03627597 wp-block-buttons-is-layout-flex\">\n<div class=\"wp-block-button has-custom-width wp-block-button__width-100\"><a class=\"wp-block-button__link wp-element-button\" href=\"https:\/\/obera.fr\/pl\/skontaktuj-sie-z-nami\/\">Dowiedz si\u0119 wi\u0119cej<\/a><\/div>\n<\/div>\n\n<div style=\"height:42px\" aria-hidden=\"true\" class=\"wp-block-spacer\"><\/div>\n\n<div class=\"wp-block-columns is-layout-flex wp-container-core-columns-is-layout-28f84493 wp-block-columns-is-layout-flex\">\n<div class=\"wp-block-column is-layout-flow wp-block-column-is-layout-flow\" style=\"flex-basis:60%\">\n<h3 class=\"wp-block-heading\">Us\u0142uga wynajmu pod klucz dla Pa\u0144stwa potrzeb w zakresie odpylania<\/h3>\n\n\n\n<p>Przejd\u017a w tryb elastyczny z <strong>wynajmem mobilnych odpylaczy OberA<\/strong>. Pod\u0142\u0105czone bezpo\u015brednio do Pa\u0144stwa maszyn, okap\u00f3w lub ramion odsysaj\u0105cych, nasze systemy wychwytuj\u0105 py\u0142y, wi\u00f3ry, dymy, mg\u0142y olejowe i zapachy jak najbli\u017cej \u017ar\u00f3d\u0142a. W zale\u017cno\u015bci od zastosowania wdra\u017camy odpowiedni\u0105 technologi\u0119: naboje\/r\u0119kawy jet-pulse, szczotkowanie\/obrotowe r\u0119czne lub drog\u0119 mokr\u0105 dla <strong>py\u0142\u00f3w metalowych i iskier<\/strong> (dost\u0119pne wersje ATEX). Przep\u0142ywy dostosowane od stanowiska jednostkowego do linii wielostanowiskowych.   <\/p>\n\n\n\n<p><\/p>\n\n\n\n<p>Je\u015bli chodzi o eksploatacj\u0119, wszystko jest przemy\u015blane, aby <strong>zaoszcz\u0119dzi\u0107 Pa\u0144stwu czas<\/strong>: szybkie uruchomienie, konserwacja wliczona, materia\u0142y eksploatacyjne monitorowane i dostosowanie parku w trakcie realizacji projektu (zwi\u0119kszanie\/zmniejszanie mocy, dodawanie punkt\u00f3w wychwytywania). <strong>Elastyczne umowy<\/strong> (kr\u00f3tko\/d\u0142ugoterminowe, wielooddzia\u0142owe) i mo\u017cliwo\u015b\u0107 zakupu z odliczeniem czynsz\u00f3w.<\/p>\n\n\n\n<p><\/p>\n\n\n\n<div class=\"wp-block-buttons is-content-justification-center is-layout-flex wp-container-core-buttons-is-layout-a89b3969 wp-block-buttons-is-layout-flex\">\n<div class=\"wp-block-button\"><a class=\"wp-block-button__link wp-element-button\" href=\"https:\/\/obera.fr\/pl\/location-sans-engagement\/\">Wynaj\u0105\u0107 mobilny odpylacz<\/a><\/div>\n<\/div>\n<\/div>\n\n\n\n<div class=\"wp-block-column is-vertically-aligned-center is-layout-flow wp-block-column-is-layout-flow\" style=\"flex-basis:30%\">\n<figure class=\"wp-block-image aligncenter size-full\"><img decoding=\"async\" width=\"500\" height=\"500\" src=\"https:\/\/obera.fr\/wp-content\/uploads\/2025\/02\/dustomat-dry-sans-fond.png\" alt=\"dustomat dry bez dna\" class=\"wp-image-59961\" srcset=\"https:\/\/obera.fr\/wp-content\/uploads\/2025\/02\/dustomat-dry-sans-fond.png 500w, https:\/\/obera.fr\/wp-content\/uploads\/2025\/02\/dustomat-dry-sans-fond-300x300.png 300w, https:\/\/obera.fr\/wp-content\/uploads\/2025\/02\/dustomat-dry-sans-fond-150x150.png 150w, https:\/\/obera.fr\/wp-content\/uploads\/2025\/02\/dustomat-dry-sans-fond-400x400.png 400w\" sizes=\"(max-width: 500px) 100vw, 500px\" \/><\/figure>\n<\/div>\n<\/div>\n\n<div style=\"height:45px\" aria-hidden=\"true\" class=\"wp-block-spacer\"><\/div>\n\n<h2 class=\"wp-block-heading\">Jakie zanieczyszczenia s\u0105 w stanie przetwarza\u0107 nasze mobilne systemy odpylania?<\/h2>\n\n<p>Nasze <a href=\"https:\/\/obera.fr\/pl\/produits\/depoussiereurs-industriels\/petits\/\">ma\u0142e mobilne odpylacze<\/a> s\u0105 zdolne do <strong>przetwarzania py\u0142\u00f3w drobnych i wi\u00f3r\u00f3w<\/strong>, ale tak\u017ce mgie\u0142 olejowych, dym\u00f3w i zapach\u00f3w w r\u00f3\u017cnych sektorach przemys\u0142u, takich jak metal, plastik, drewno, minera\u0142y, tekstylia czy papier\/karton.<\/p>\n\n<p>Py\u0142y i inne zanieczyszczenia musz\u0105 by\u0107 przetwarzane, poniewa\u017c stanowi\u0105 zagro\u017cenie dla organizmu ludzkiego. Oddychanie zanieczyszczonym powietrzem mo\u017ce powodowa\u0107 choroby nowotworowe, mutagenne i reprotoksyczne. Dla pracownik\u00f3w, jako\u015bci produkcji, ale tak\u017ce dla przestrzegania prawa, istotne jest przetwarzanie zanieczyszczonego powietrza.<\/p>\n\n<h2 class=\"wp-block-heading\">Jak wybra\u0107 odpowiedni system odpylania?<\/h2>\n\n<p>Wa\u017cne jest w\u0142a\u015bciwe wybranie <a href=\"https:\/\/obera.fr\/pl\/produits\/depoussiereurs-industriels\/fixes\/\" data-type=\"link\" data-id=\"https:\/\/obera.fr\/produits\/depoussiereurs-industriels\/fixes\/\">odpylacza stacjonarnego<\/a>, poniewa\u017c urz\u0105dzenie mo\u017ce si\u0119 zu\u017cy\u0107 i przesta\u0107 funkcjonowa\u0107. Je\u015bli prowadz\u0105 Pa\u0144stwo poszukiwania samodzielnie, nale\u017cy przede wszystkim zorientowa\u0107 si\u0119 w mo\u017cliwo\u015bciach filtracyjnych urz\u0105dzenia, b\u0119dzie to zale\u017ce\u0107 od Pa\u0144stwa zanieczyszczenia, jego wielko\u015bci, stanu (sta\u0142y lub gazowy) i ilo\u015bci. Rzeczywi\u015bcie, pozwoli to Pa\u0144stwu wybra\u0107 typ filtra, jaki powinien posiada\u0107 <a href=\"https:\/\/obera.fr\/pl\/produits\/depoussiereurs-industriels\/fixes\/depoussiereur-a-voie-humide-dustomat-hydro\/\" data-type=\"page\" data-id=\"15983\">mokry odpylacz przemys\u0142owy<\/a>. W drugim etapie nale\u017cy zorientowa\u0107 si\u0119 w mocy urz\u0105dzenia, innymi s\u0142owy, jego przep\u0142ywie. Przep\u0142yw urz\u0105dzenia b\u0119dzie ponownie zale\u017ce\u0107 od ilo\u015bci Pa\u0144stwa zanieczyszczenia, ale tak\u017ce od powierzchni pomieszczenia do przetworzenia. Im wi\u0119ksza przestrze\u0144, tym wi\u0119kszy przep\u0142yw b\u0119dzie potrzebny.<\/p>\n\n<p>Nast\u0119pnie nale\u017cy wiedzie\u0107, w jakie akcesoria wyposa\u017cy\u0107 maszyn\u0119: przew\u00f3d do pod\u0142\u0105czenia do maszyny produkcyjnej lub rami\u0119 odsysaj\u0105ce dla stanowiska pracy.<\/p>\n\n<div class=\"wp-block-buttons is-horizontal is-content-justification-center is-layout-flex wp-container-core-buttons-is-layout-03627597 wp-block-buttons-is-layout-flex\">\n<div class=\"wp-block-button has-custom-width wp-block-button__width-100\"><a class=\"wp-block-button__link wp-element-button\" href=\"https:\/\/obera.fr\/pl\/skontaktuj-sie-z-nami\/\">Dowiedz si\u0119 wi\u0119cej<\/a><\/div>\n<\/div>\n\n<hr class=\"wp-block-separator has-css-opacity\"\/>\n\n<div class=\"wp-block-group is-layout-flow wp-block-group-is-layout-flow\">\n<h2 class=\"wp-block-heading\">Inne produkty z gamy odpylaczy przemys\u0142owych oberA<\/h2>\n\n\n\n<div class=\"wp-block-buttons is-content-justification-center is-layout-flex wp-container-core-buttons-is-layout-a89b3969 wp-block-buttons-is-layout-flex\">\n<div class=\"wp-block-button\"><a class=\"wp-block-button__link wp-element-button\" href=\"https:\/\/obera.fr\/pl\/produits\/depoussiereurs-industriels\/fixes\/\">ODPYLACZE STACJONARNE <\/a><\/div>\n\n\n\n<div class=\"wp-block-button\"><a class=\"wp-block-button__link wp-element-button\" href=\"https:\/\/obera.fr\/pl\/produits\/depoussiereurs-industriels\/petits\/\"> <strong>Ma\u0142e odpylacze<\/strong><\/a><\/div>\n<\/div>\n<\/div>\n","protected":false},"excerpt":{"rendered":"<p>Nasze mobilne odpylacze stanowi\u0105 gam\u0119 wydajnych i \u0142atwych w przemieszczaniu odpylaczy przemys\u0142owych. Urz\u0105dzenia te doskonale dostosowuj\u0105 si\u0119 do Pa\u0144stwa \u015brodowiska, zapewniaj\u0105c optymalny komfort pracy i gwarantowan\u0105 skuteczno\u015b\u0107. Te instalacje uzdatniania powietrza s\u0105 przewidziane do bezpo\u015bredniego pod\u0142\u0105czenia do maszyn produkcyjnych za pomoc\u0105 sieci przewod\u00f3w lub do odsysania mobilnego stanowiska pracy przy u\u017cyciu ramienia odsysaj\u0105cego lub okapu wyci\u0105gowego, w celu zbierania wszystkich rodzaj\u00f3w py\u0142\u00f3w i zanieczyszcze\u0144 w du\u017cych ilo\u015bciach bezpo\u015brednio u \u017ar\u00f3d\u0142a. Nasza gama mobilnych odpylaczy: DUSTOMAT DRY DUSTOMAT DRY to system odpylania doskonale dostosowany do szerokiej gamy sektor\u00f3w przemys\u0142owych. Oferuje mo\u017cliwo\u015b\u0107 skutecznego usuwania cz\u0105stek py\u0142u i wi\u00f3r\u00f3w, zar\u00f3wno bezpo\u015brednio z maszyn &#8230; <\/p>\n<p class=\"read-more-container\"><a title=\"Mobilne odpylacze\" class=\"read-more button\" href=\"https:\/\/obera.fr\/pl\/produits\/depoussiereurs-industriels\/mobiles\/#more-46877\" aria-label=\"Dowiedz si\u0119 wi\u0119cej o Mobilne odpylacze\">Lire la suite<\/a><\/p>\n","protected":false},"author":4,"featured_media":83746,"parent":45669,"menu_order":0,"comment_status":"closed","ping_status":"closed","template":"","meta":{"_acf_changed":false,"_seopress_robots_primary_cat":"","_seopress_titles_title":"Mobilne odpylacze DUSTOMAT, SRF-K i ePURBOX - oberA","_seopress_titles_desc":"Nasze mobilne odpylacze przemys\u0142owe doskonale dostosowuj\u0105 si\u0119 do Pa\u0144stwa \u015brodowiska, zapewniaj\u0105c optymalny komfort pracy i gwarantowan\u0105 skuteczno\u015b\u0107.","_seopress_robots_index":"","footnotes":""},"class_list":{"0":"post-46877","1":"page","2":"type-page","3":"status-publish","4":"has-post-thumbnail","6":"no-featured-image-padding","7":"resize-featured-image"},"acf":[],"_links":{"self":[{"href":"https:\/\/obera.fr\/pl\/wp-json\/wp\/v2\/pages\/46877","targetHints":{"allow":["GET"]}}],"collection":[{"href":"https:\/\/obera.fr\/pl\/wp-json\/wp\/v2\/pages"}],"about":[{"href":"https:\/\/obera.fr\/pl\/wp-json\/wp\/v2\/types\/page"}],"author":[{"embeddable":true,"href":"https:\/\/obera.fr\/pl\/wp-json\/wp\/v2\/users\/4"}],"replies":[{"embeddable":true,"href":"https:\/\/obera.fr\/pl\/wp-json\/wp\/v2\/comments?post=46877"}],"version-history":[{"count":16,"href":"https:\/\/obera.fr\/pl\/wp-json\/wp\/v2\/pages\/46877\/revisions"}],"predecessor-version":[{"id":141555,"href":"https:\/\/obera.fr\/pl\/wp-json\/wp\/v2\/pages\/46877\/revisions\/141555"}],"up":[{"embeddable":true,"href":"https:\/\/obera.fr\/pl\/wp-json\/wp\/v2\/pages\/45669"}],"wp:featuredmedia":[{"embeddable":true,"href":"https:\/\/obera.fr\/pl\/wp-json\/wp\/v2\/media\/83746"}],"wp:attachment":[{"href":"https:\/\/obera.fr\/pl\/wp-json\/wp\/v2\/media?parent=46877"}],"curies":[{"name":"wp","href":"https:\/\/api.w.org\/{rel}","templated":true}]}}