{"id":47090,"date":"2020-11-11T20:40:03","date_gmt":"2020-11-11T18:40:03","guid":{"rendered":"https:\/\/obera.fr\/seria-tk\/"},"modified":"2025-06-27T15:51:40","modified_gmt":"2025-06-27T13:51:40","slug":"tk-serie","status":"publish","type":"page","link":"https:\/\/obera.fr\/pl\/produits\/depoussiereurs-industriels\/petits\/tk-serie\/","title":{"rendered":"Seria TK"},"content":{"rendered":"\n<p><a href=\"https:\/\/obera.fr\/pl\/produits\/depoussiereurs-industriels\/male-odpylacze-przemyslowe\/\" data-type=\"page\" data-id=\"393\">Ma\u0142e odpylacze<\/a> do bezpo\u015bredniego odsysania w centrach obr\u00f3bczych<\/p>\n\n<div class=\"wp-block-columns is-layout-flex wp-container-core-columns-is-layout-28f84493 wp-block-columns-is-layout-flex\">\n<div class=\"wp-block-column is-layout-flow wp-block-column-is-layout-flow\" style=\"flex-basis:33.33%\">\n<figure class=\"wp-block-image aligncenter size-full\"><img decoding=\"async\" width=\"600\" height=\"600\" src=\"https:\/\/obera.fr\/wp-content\/uploads\/2020\/11\/tk-series.jpg\" alt=\"Seria TK\" class=\"wp-image-1607\" srcset=\"https:\/\/obera.fr\/wp-content\/uploads\/2020\/11\/tk-series.jpg 600w, https:\/\/obera.fr\/wp-content\/uploads\/2020\/11\/tk-series-300x300.jpg 300w, https:\/\/obera.fr\/wp-content\/uploads\/2020\/11\/tk-series-150x150.jpg 150w\" sizes=\"(max-width: 600px) 100vw, 600px\" \/><\/figure>\n<\/div>\n\n\n\n<div class=\"wp-block-column is-layout-flow wp-block-column-is-layout-flow\" style=\"flex-basis:66.66%\">\n<p><strong>Niewielkie odkurzacze<\/strong> serii TK s\u0105 przeznaczone do sporadycznego u\u017cytku w celu jednopunktowego odsysania w warsztatach mechanicznych i firmach zajmuj\u0105cych si\u0119 obr\u00f3bk\u0105 metali. Zapylone powietrze jest oczyszczane przez filtr tkaninowy, kt\u00f3ry umo\u017cliwia powr\u00f3t powietrza do miejsca pracy. Dzi\u0119ki niewielkim rozmiarom odpylacze mo\u017cna szybko i \u0142atwo zamontowa\u0107 pod sto\u0142ami lub na p\u00f3\u0142kach.  <\/p>\n\n\n\n<p>Aby wzmocni\u0107 t\u0119 instalacj\u0119, mo\u017cna rozwa\u017cy\u0107 integracj\u0119 <a href=\"https:\/\/obera.fr\/pl\/produits\/bras-dispositifs-captation\/capot-industriel\/\">maski przemys\u0142owej<\/a>. Maska ta, <strong>zaprojektowana specjalnie do zastosowa\u0144 przemys\u0142owych,<\/strong> zwi\u0119ksza wydajno\u015b\u0107 odpylania poprzez koncentracj\u0119 strumienia zasysanego powietrza i ochron\u0119 bezpo\u015bredniego otoczenia. <\/p>\n\n\n\n<p>Je\u015bli chodzi o wyb\u00f3r odpylacza, kluczowe jest zadanie pytania:<a href=\"https:\/\/obera.fr\/pl\/nasza-rada\/quel-depoussiereur-choisir-selon-type-poussiere\/\">&#8222;Jaki odpylacz powinienem wybra\u0107?&#8221;<\/a>. Aby odpowiedzie\u0107 na to pytanie, nale\u017cy wzi\u0105\u0107 pod uwag\u0119 szereg czynnik\u00f3w, takich jak ilo\u015b\u0107 generowanego py\u0142u, rodzaj cz\u0105stek i specyficzne warunki panuj\u0105ce w warsztacie. <strong>Odpowiedni odpylacz przemys\u0142owy <\/strong>musi by\u0107 w stanie skutecznie radzi\u0107 sobie z napotkanymi rodzajami py\u0142u, a jednocze\u015bnie by\u0107 odpowiednio dobrany do dost\u0119pnej przestrzeni.  <\/p>\n\n\n\n<p>Kolejnym istotnym aspektem jest bezpiecze\u0144stwo, a w szczeg\u00f3lno\u015bci <a href=\"https:\/\/obera.fr\/pl\/nasza-rada\/procede-depoussierage-risque-explosion-incendie\/\">ryzyko wybuchu<\/a>. W \u015brodowiskach, w kt\u00f3rych wyst\u0119puje py\u0142 metalowy lub inne \u0142atwopalne cz\u0105stki, <strong>odpylacz musi by\u0107 wyposa\u017cony w systemy zapobiegania<\/strong> i ochrony przed wybuchem. Obejmuje to takie funkcje, jak zawory zwrotne, systemy t\u0142umienia wybuchu i konstrukcje minimalizuj\u0105ce ryzyko iskrzenia.  <\/p>\n\n\n\n<p>Aby zagwarantowa\u0107 bezpieczne i czyste \u015brodowisko pracy, konieczne jest wybranie odpowiedniego <a href=\"https:\/\/obera.fr\/pl\/produits\/depoussiereurs-industriels\/\">odpylacza<\/a> przemys\u0142owego, uzupe\u0142nienie systemu o mask\u0119 przemys\u0142ow\u0105, je\u015bli to konieczne, oraz zapewnienie, \u017ce ca\u0142y sprz\u0119t jest dostosowany <strong>do zminimalizowania ryzyka<\/strong>, w szczeg\u00f3lno\u015bci wybuchu, przy jednoczesnej maksymalizacji wydajno\u015bci odpylania.<\/p>\n\n\n\n<div class=\"wp-block-columns is-layout-flex wp-container-core-columns-is-layout-28f84493 wp-block-columns-is-layout-flex\">\n<div class=\"wp-block-column is-layout-flow wp-block-column-is-layout-flow\" style=\"flex-basis:33.34%\">\n<div class=\"wp-block-buttons is-content-justification-center is-layout-flex wp-container-core-buttons-is-layout-a89b3969 wp-block-buttons-is-layout-flex\">\n<div class=\"wp-block-button\"><a class=\"wp-block-button__link wp-element-button\" href=\"https:\/\/obera.fr\/wp-content\/uploads\/2025\/05\/brochure-tk-fr.pdf\">Pobierz broszur\u0119<\/a><\/div>\n<\/div>\n<\/div>\n\n\n\n<div class=\"wp-block-column is-layout-flow wp-block-column-is-layout-flow\" style=\"flex-basis:33.34%\">\n<div class=\"wp-block-buttons is-horizontal is-content-justification-center is-layout-flex wp-container-core-buttons-is-layout-03627597 wp-block-buttons-is-layout-flex\">\n<div class=\"wp-block-button has-custom-width wp-block-button__width-100\"><a class=\"wp-block-button__link wp-element-button\" href=\"https:\/\/obera.fr\/pl\/skontaktuj-sie-z-nami\/\">Dowiedz si\u0119 wi\u0119cej<\/a><\/div>\n<\/div>\n<\/div>\n\n\n\n<div class=\"wp-block-column is-layout-flow wp-block-column-is-layout-flow\" style=\"flex-basis:33.33%\">\n<div class=\"wp-block-buttons is-content-justification-center is-layout-flex wp-container-core-buttons-is-layout-a89b3969 wp-block-buttons-is-layout-flex\">\n<div class=\"wp-block-button btn-devis-source\"><a class=\"wp-block-button__link wp-element-button\" href=\"https:\/\/obera.fr\/pl\/devis\/\">Popro\u015b o wycen\u0119<\/a><\/div>\n<\/div>\n\n\n<script>\r\ndocument.addEventListener('DOMContentLoaded', function() {\r\n    \/\/ 1. On cherche le titre H1 de la page\r\n    var h1 = document.querySelector('h1');\r\n    var productTitle = h1 ? h1.innerText.trim() : \"\";\r\n\r\n    \/\/ 2. On cherche les boutons via la classe CSS .btn-devis-source\r\n    var buttons = document.querySelectorAll('.btn-devis-source a');\r\n\r\n    \/\/ 3. Si on a le titre et les boutons, on ajoute le param\u00e8tre\r\n    if (buttons.length > 0 && productTitle !== \"\") {\r\n        var encodedTitle = encodeURIComponent(productTitle);\r\n\r\n        buttons.forEach(function(btn) {\r\n            var currentHref = btn.getAttribute('href');\r\n            \r\n            \/\/ S\u00e9curit\u00e9 pour ne pas ajouter le param\u00e8tre 2 fois\r\n            if (currentHref.indexOf('sujet=') === -1) {\r\n                var separator = currentHref.indexOf('?') !== -1 ? '&' : '?';\r\n                var newLink = currentHref + separator + 'sujet=' + encodedTitle;\r\n                \r\n                btn.setAttribute('href', newLink);\r\n            }\r\n        });\r\n    }\r\n});\r\n<\/script><\/div>\n<\/div>\n<\/div>\n<\/div>\n\n<figure class=\"wp-block-gallery has-nested-images columns-default wp-block-gallery-1 is-layout-flex wp-block-gallery-is-layout-flex\">\n<figure class=\"wp-block-image size-large\"><img decoding=\"async\" width=\"1024\" height=\"576\" data-id=\"1791\" src=\"https:\/\/obera.fr\/wp-content\/uploads\/2020\/11\/TK-Filtration-1024x576.jpg\" alt=\"Tk Filtration\" class=\"wp-image-1791\" srcset=\"https:\/\/obera.fr\/wp-content\/uploads\/2020\/11\/TK-Filtration-1024x576.jpg 1024w, https:\/\/obera.fr\/wp-content\/uploads\/2020\/11\/TK-Filtration-300x169.jpg 300w, https:\/\/obera.fr\/wp-content\/uploads\/2020\/11\/TK-Filtration-768x432.jpg 768w, https:\/\/obera.fr\/wp-content\/uploads\/2020\/11\/TK-Filtration.jpg 1200w\" sizes=\"(max-width: 1024px) 100vw, 1024px\" \/><figcaption class=\"wp-element-caption\">Filtracja<\/figcaption><\/figure>\n\n\n\n<figure class=\"wp-block-image size-large\"><img decoding=\"async\" width=\"1024\" height=\"576\" data-id=\"1792\" src=\"https:\/\/obera.fr\/wp-content\/uploads\/2020\/11\/TK-tiroir-des-dechets-1024x576.jpg\" alt=\"Tk Tiroir Des Dechets\" class=\"wp-image-1792\" srcset=\"https:\/\/obera.fr\/wp-content\/uploads\/2020\/11\/TK-tiroir-des-dechets-1024x576.jpg 1024w, https:\/\/obera.fr\/wp-content\/uploads\/2020\/11\/TK-tiroir-des-dechets-300x169.jpg 300w, https:\/\/obera.fr\/wp-content\/uploads\/2020\/11\/TK-tiroir-des-dechets-768x432.jpg 768w, https:\/\/obera.fr\/wp-content\/uploads\/2020\/11\/TK-tiroir-des-dechets.jpg 1200w\" sizes=\"(max-width: 1024px) 100vw, 1024px\" \/><figcaption class=\"wp-element-caption\">Szuflada na odpady<\/figcaption><\/figure>\n<\/figure>\n\n<div class=\"wp-block-columns is-layout-flex wp-container-core-columns-is-layout-28f84493 wp-block-columns-is-layout-flex\">\n<div class=\"wp-block-column is-layout-flow wp-block-column-is-layout-flow\">\n<h2 class=\"wp-block-heading has-text-align-center\">Korzy\u015bci<\/h2>\n\n\n\n<ul class=\"wp-block-list\">\n<li>Niewielkie rozmiary dzi\u0119ki kompaktowej konstrukcji<\/li>\n\n\n\n<li>\u0141atwy w u\u017cyciu<\/li>\n\n\n\n<li>Niskie koszty eksploatacji dzi\u0119ki filtrowi workowemu z mo\u017cliwo\u015bci\u0105 czyszczenia<\/li>\n\n\n\n<li>Niskie koszty utrzymania<\/li>\n\n\n\n<li>\u0141atwy w czyszczeniu, trwa\u0142y filtr workowy<\/li>\n\n\n\n<li>Wytrzyma\u0142a szuflada na py\u0142<\/li>\n<\/ul>\n<\/div>\n\n\n\n<div class=\"wp-block-column is-layout-flow wp-block-column-is-layout-flow\">\n<h2 class=\"wp-block-heading has-text-align-center\">Funkcje specjalne<\/h2>\n\n\n\n<ul class=\"wp-block-list\">\n<li>R\u0119czne czyszczenie filtra workowego<\/li>\n\n\n\n<li>Instalacja stacjonarna<\/li>\n<\/ul>\n<\/div>\n\n\n\n<div class=\"wp-block-column is-layout-flow wp-block-column-is-layout-flow\">\n<h2 class=\"wp-block-heading has-text-align-center\">Cechy<\/h2>\n\n\n\n<ul class=\"wp-block-list\">\n<li>Do bezpo\u015bredniego odsysania na szlifierkach, frezarkach i gratowarkach<\/li>\n\n\n\n<li>Do sporadycznego u\u017cytku z niewielkimi ilo\u015bciami py\u0142u<\/li>\n<\/ul>\n<\/div>\n<\/div>\n\n<h2 class=\"wp-block-heading\">Zastosowania<\/h2>\n\n<div class=\"wp-block-columns is-layout-flex wp-container-core-columns-is-layout-28f84493 wp-block-columns-is-layout-flex\">\n<div class=\"wp-block-column is-layout-flow wp-block-column-is-layout-flow\">\n<h3 class=\"wp-block-heading has-text-align-center\">Zanieczyszczenia<\/h3>\n\n\n\n<hr class=\"wp-block-separator has-css-opacity is-style-wide\"\/>\n\n\n\n<div class=\"wp-block-columns is-layout-flex wp-container-core-columns-is-layout-28f84493 wp-block-columns-is-layout-flex\">\n<div class=\"wp-block-column is-layout-flow wp-block-column-is-layout-flow\">\n<figure class=\"wp-block-image aligncenter size-large\"><img decoding=\"async\" width=\"70\" height=\"70\" src=\"https:\/\/obera.fr\/wp-content\/uploads\/2020\/08\/polluants-poussieres.jpg\" alt=\"Zanieczyszczenia Py&#x142;\" class=\"wp-image-675\"\/><figcaption class=\"wp-element-caption\">Py\u0142<\/figcaption><\/figure>\n\n\n\n<figure class=\"wp-block-image aligncenter size-large\"><img decoding=\"async\" width=\"70\" height=\"70\" src=\"https:\/\/obera.fr\/wp-content\/uploads\/2020\/08\/polluants-copeaux-bois.jpg\" alt=\"Zanieczyszczenia Zr&#x119;bki drzewne\" class=\"wp-image-674\"\/><figcaption class=\"wp-element-caption\">Chipsy<\/figcaption><\/figure>\n<\/div>\n\n\n\n<div class=\"wp-block-column is-layout-flow wp-block-column-is-layout-flow\">\n<figure class=\"wp-block-image aligncenter size-large\"><img decoding=\"async\" width=\"70\" height=\"70\" src=\"https:\/\/obera.fr\/wp-content\/uploads\/2020\/08\/industrie-fumees.jpg\" alt=\"Dym przemys&#x142;owy\" class=\"wp-image-722\"\/><figcaption class=\"wp-element-caption\">Opary<\/figcaption><\/figure>\n<\/div>\n<\/div>\n\n\n\n<p><\/p>\n<\/div>\n\n\n\n<div class=\"wp-block-column is-layout-flow wp-block-column-is-layout-flow\">\n<h3 class=\"wp-block-heading has-text-align-center\">Bran\u017ce<\/h3>\n\n\n\n<hr class=\"wp-block-separator has-css-opacity is-style-wide\"\/>\n\n\n\n<div class=\"wp-block-columns is-layout-flex wp-container-core-columns-is-layout-28f84493 wp-block-columns-is-layout-flex\">\n<div class=\"wp-block-column is-layout-flow wp-block-column-is-layout-flow\">\n<figure class=\"wp-block-image aligncenter size-large\"><img decoding=\"async\" width=\"70\" height=\"70\" src=\"https:\/\/obera.fr\/wp-content\/uploads\/2020\/08\/industrie-metallurgie.jpg\" alt=\"Przemys&#x142; metalurgiczny\" class=\"wp-image-673\"\/><figcaption class=\"wp-element-caption\">Metalurgia<\/figcaption><\/figure>\n<\/div>\n\n\n\n<div class=\"wp-block-column is-layout-flow wp-block-column-is-layout-flow\">\n<figure class=\"wp-block-image aligncenter size-large\"><img decoding=\"async\" width=\"70\" height=\"70\" src=\"https:\/\/obera.fr\/wp-content\/uploads\/2020\/08\/industrie-plastique.jpg\" alt=\"Przemys&#x142; tworzyw sztucznych\" class=\"wp-image-669\"\/><figcaption class=\"wp-element-caption\">Tworzywa sztuczne<\/figcaption><\/figure>\n<\/div>\n<\/div>\n<\/div>\n<\/div>\n\n<div class=\"wp-block-buttons is-horizontal is-content-justification-center is-layout-flex wp-container-core-buttons-is-layout-03627597 wp-block-buttons-is-layout-flex\">\n<div class=\"wp-block-button has-custom-width wp-block-button__width-100\"><a class=\"wp-block-button__link wp-element-button\" href=\"https:\/\/obera.fr\/pl\/skontaktuj-sie-z-nami\/\">Dowiedz si\u0119 wi\u0119cej<\/a><\/div>\n<\/div>\n\n<h2 class=\"wp-block-heading\">Specyfikacja techniczna<\/h2>\n\n<table id=\"tablepress-154\" class=\"tablepress tablepress-id-154\">\n<thead>\n<tr class=\"row-1\">\n\t<th class=\"column-1\">Appareil<\/th><td class=\"column-2\"><\/td><th class=\"column-3\">4<\/th><th class=\"column-4\">6<\/th>\n<\/tr>\n<\/thead>\n<tbody class=\"row-striping row-hover\">\n<tr class=\"row-2\">\n\t<td class=\"column-1\">D\u00e9bit<\/td><td class=\"column-2\">m3\/h<\/td><td class=\"column-3\">300<\/td><td class=\"column-4\">450<\/td>\n<\/tr>\n<tr class=\"row-3\">\n\t<td class=\"column-1\">Diam\u00e8tre d'entr\u00e9e<\/td><td class=\"column-2\">mm<\/td><td class=\"column-3\">60<\/td><td class=\"column-4\">80<\/td>\n<\/tr>\n<tr class=\"row-4\">\n\t<td class=\"column-1\">pression n\u00e9gative max<\/td><td class=\"column-2\">Pa<\/td><td class=\"column-3\">1400<\/td><td class=\"column-4\">1400<\/td>\n<\/tr>\n<tr class=\"row-5\">\n\t<td class=\"column-1\">Tension d'alimentation<\/td><td class=\"column-2\">V<\/td><td class=\"column-3\">400<\/td><td class=\"column-4\">400<\/td>\n<\/tr>\n<tr class=\"row-6\">\n\t<td class=\"column-1\">Puissance<\/td><td class=\"column-2\">kW<\/td><td class=\"column-3\">0.55<\/td><td class=\"column-4\">0.55<\/td>\n<\/tr>\n<tr class=\"row-7\">\n\t<td class=\"column-1\">Dimensions<\/td><td class=\"column-2\">l\/L\/h (mm)<\/td><td class=\"column-3\">400 x 400 x 590<\/td><td class=\"column-4\">400 x 400 x 590<\/td>\n<\/tr>\n<tr class=\"row-8\">\n\t<td class=\"column-1\">Poids<\/td><td class=\"column-2\">kg<\/td><td class=\"column-3\">40<\/td><td class=\"column-4\">40<\/td>\n<\/tr>\n<tr class=\"row-9\">\n\t<td class=\"column-1\">Niveau de Bruyance<\/td><td class=\"column-2\">dB(A)<\/td><td class=\"column-3\">68<\/td><td class=\"column-4\">68<\/td>\n<\/tr>\n<\/tbody>\n<\/table>\n\n\n<hr class=\"wp-block-separator has-css-opacity is-style-dots\"\/>\n\n<h2 class=\"wp-block-heading\">Inne ma\u0142e \u015bciereczki do kurzu marki oberA<\/h2>\n\n<div class=\"wp-block-columns is-layout-flex wp-container-core-columns-is-layout-28f84493 wp-block-columns-is-layout-flex\">\n<div class=\"wp-block-column is-layout-flow wp-block-column-is-layout-flow\">\n<figure class=\"wp-block-image aligncenter size-medium\"><a href=\"https:\/\/obera.fr\/produits\/depoussiereurs-industriels\/petits\/jumbo\/\"><img decoding=\"async\" width=\"300\" height=\"300\" src=\"https:\/\/obera.fr\/wp-content\/uploads\/2020\/10\/jumbo-300x300.png\" alt=\"Jumbo\" class=\"wp-image-1171\" srcset=\"https:\/\/obera.fr\/wp-content\/uploads\/2020\/10\/jumbo-300x300.png 300w, https:\/\/obera.fr\/wp-content\/uploads\/2020\/10\/jumbo-150x150.png 150w, https:\/\/obera.fr\/wp-content\/uploads\/2020\/10\/jumbo.png 500w\" sizes=\"(max-width: 300px) 100vw, 300px\" \/><\/a><figcaption class=\"wp-element-caption\">Jumbo<\/figcaption><\/figure>\n<\/div>\n\n\n\n<div class=\"wp-block-column is-layout-flow wp-block-column-is-layout-flow\">\n<figure class=\"wp-block-image aligncenter size-full is-resized\"><a href=\"https:\/\/obera.fr\/produits\/depoussiereurs-industriels\/petits\/srf-t\/\"><img decoding=\"async\" width=\"600\" height=\"600\" src=\"https:\/\/obera.fr\/wp-content\/uploads\/2020\/10\/SRF-T-SF.png\" alt=\"Dym - Odpylacz\" class=\"wp-image-1310\" style=\"width:300px;height:300px\" srcset=\"https:\/\/obera.fr\/wp-content\/uploads\/2020\/10\/SRF-T-SF.png 600w, https:\/\/obera.fr\/wp-content\/uploads\/2020\/10\/SRF-T-SF-300x300.png 300w, https:\/\/obera.fr\/wp-content\/uploads\/2020\/10\/SRF-T-SF-150x150.png 150w\" sizes=\"(max-width: 600px) 100vw, 600px\" \/><\/a><figcaption class=\"wp-element-caption\">SRF-T<\/figcaption><\/figure>\n<\/div>\n\n\n\n<div class=\"wp-block-column is-layout-flow wp-block-column-is-layout-flow\">\n<figure class=\"wp-block-image aligncenter size-medium\"><a href=\"https:\/\/obera.fr\/produits\/depoussiereurs-industriels\/petits\/aspiration-fumees-soudage-laser-epur-b-ex\/\"><img decoding=\"async\" width=\"300\" height=\"300\" src=\"https:\/\/obera.fr\/wp-content\/uploads\/2023\/10\/epurb-ex-1000-3000-5000-300x300.png\" alt=\"oberA epur b ex 1000 3000 5000\" class=\"wp-image-25016\" srcset=\"https:\/\/obera.fr\/wp-content\/uploads\/2023\/10\/epurb-ex-1000-3000-5000-300x300.png 300w, https:\/\/obera.fr\/wp-content\/uploads\/2023\/10\/epurb-ex-1000-3000-5000-150x150.png 150w, https:\/\/obera.fr\/wp-content\/uploads\/2023\/10\/epurb-ex-1000-3000-5000.png 600w\" sizes=\"(max-width: 300px) 100vw, 300px\" \/><\/a><figcaption class=\"wp-element-caption\">EPUR B EX 1000<\/figcaption><\/figure>\n<\/div>\n<\/div>\n\n<p><\/p>\n","protected":false},"excerpt":{"rendered":"<p>Ma\u0142e odpylacze do bezpo\u015bredniego odsysania w centrach obr\u00f3bczych Niewielkie odkurzacze serii TK s\u0105 przeznaczone do sporadycznego u\u017cytku w celu jednopunktowego odsysania w warsztatach mechanicznych i firmach zajmuj\u0105cych si\u0119 obr\u00f3bk\u0105 metali. Zapylone powietrze jest oczyszczane przez filtr tkaninowy, kt\u00f3ry umo\u017cliwia powr\u00f3t powietrza do miejsca pracy. Dzi\u0119ki niewielkim rozmiarom odpylacze mo\u017cna szybko i \u0142atwo zamontowa\u0107 pod sto\u0142ami lub na p\u00f3\u0142kach. Aby wzmocni\u0107 t\u0119 instalacj\u0119, mo\u017cna rozwa\u017cy\u0107 integracj\u0119 maski przemys\u0142owej. Maska ta, zaprojektowana specjalnie do zastosowa\u0144 przemys\u0142owych, zwi\u0119ksza wydajno\u015b\u0107 odpylania poprzez koncentracj\u0119 strumienia zasysanego powietrza i ochron\u0119 bezpo\u015bredniego otoczenia. Je\u015bli chodzi o wyb\u00f3r odpylacza, kluczowe jest zadanie pytania:&#8222;Jaki odpylacz powinienem wybra\u0107?&#8221;. Aby odpowiedzie\u0107 &#8230; <\/p>\n<p class=\"read-more-container\"><a title=\"Seria TK\" class=\"read-more button\" href=\"https:\/\/obera.fr\/pl\/produits\/depoussiereurs-industriels\/petits\/tk-serie\/#more-47090\" aria-label=\"Dowiedz si\u0119 wi\u0119cej o Seria TK\">Lire la suite<\/a><\/p>\n","protected":false},"author":4,"featured_media":37419,"parent":48240,"menu_order":0,"comment_status":"closed","ping_status":"closed","template":"","meta":{"_acf_changed":false,"_seopress_robots_primary_cat":"","_seopress_titles_title":"Seria TK: Ma\u0142e odpylacze do odsysania bezpo\u015bredniego","_seopress_titles_desc":"Ma\u0142e odkurzacze serii TK s\u0105 przeznaczone do kompleksowego odsysania w warsztatach mechanicznych i zak\u0142adach obr\u00f3bki metali.","_seopress_robots_index":"","footnotes":""},"class_list":{"0":"post-47090","1":"page","2":"type-page","3":"status-publish","4":"has-post-thumbnail","6":"no-featured-image-padding","7":"resize-featured-image"},"acf":[],"_links":{"self":[{"href":"https:\/\/obera.fr\/pl\/wp-json\/wp\/v2\/pages\/47090","targetHints":{"allow":["GET"]}}],"collection":[{"href":"https:\/\/obera.fr\/pl\/wp-json\/wp\/v2\/pages"}],"about":[{"href":"https:\/\/obera.fr\/pl\/wp-json\/wp\/v2\/types\/page"}],"author":[{"embeddable":true,"href":"https:\/\/obera.fr\/pl\/wp-json\/wp\/v2\/users\/4"}],"replies":[{"embeddable":true,"href":"https:\/\/obera.fr\/pl\/wp-json\/wp\/v2\/comments?post=47090"}],"version-history":[{"count":10,"href":"https:\/\/obera.fr\/pl\/wp-json\/wp\/v2\/pages\/47090\/revisions"}],"predecessor-version":[{"id":117410,"href":"https:\/\/obera.fr\/pl\/wp-json\/wp\/v2\/pages\/47090\/revisions\/117410"}],"up":[{"embeddable":true,"href":"https:\/\/obera.fr\/pl\/wp-json\/wp\/v2\/pages\/48240"}],"wp:featuredmedia":[{"embeddable":true,"href":"https:\/\/obera.fr\/pl\/wp-json\/wp\/v2\/media\/37419"}],"wp:attachment":[{"href":"https:\/\/obera.fr\/pl\/wp-json\/wp\/v2\/media?parent=47090"}],"curies":[{"name":"wp","href":"https:\/\/api.w.org\/{rel}","templated":true}]}}