{"id":47199,"date":"2021-09-17T09:11:07","date_gmt":"2021-09-17T07:11:07","guid":{"rendered":"https:\/\/obera.fr\/czujnik-co2-obcare\/"},"modified":"2026-02-09T11:25:33","modified_gmt":"2026-02-09T09:25:33","slug":"capteur-co2-obcare","status":"publish","type":"page","link":"https:\/\/obera.fr\/pl\/produits\/analyseurs-air\/capteur-co2-obcare\/","title":{"rendered":"Czujnik CO2 OBCARE"},"content":{"rendered":"\n<h2 class=\"wp-block-heading\">Pomiar jako\u015bci powietrza za pomoc\u0105 sygnalizacji \u015bwietlnej<\/h2>\n\n\n\n<div class=\"wp-block-columns is-layout-flex wp-container-core-columns-is-layout-28f84493 wp-block-columns-is-layout-flex\">\n<div class=\"wp-block-column is-layout-flow wp-block-column-is-layout-flow\" style=\"flex-basis:33.33%\">\n<figure class=\"wp-block-image aligncenter size-full is-resized\"><img decoding=\"async\" width=\"300\" height=\"212\" src=\"https:\/\/obera.fr\/wp-content\/uploads\/2021\/11\/Capteur_CO2_OBCARE.png\" alt=\"czujnik co2 obcare\" class=\"wp-image-7611\" style=\"width:300px;height:212px\"\/><figcaption class=\"wp-element-caption\">OBCARE<\/figcaption><\/figure>\n<\/div>\n\n\n\n<div class=\"wp-block-column is-vertically-aligned-center is-layout-flow wp-block-column-is-layout-flow\" style=\"flex-basis:66.66%\">\n<p>Czujnik CO2 <strong>OBCARE <\/strong>monitoruje jako\u015b\u0107 powietrza w zamkni\u0119tych pomieszczeniach w czasie rzeczywistym. Jego wielokolorowy wy\u015bwietlacz ze \u015bwiat\u0142ami ostrzegawczymi zapewnia natychmiastowy przegl\u0105d jako\u015bci powietrza i wy\u015bwietla <strong>st\u0119\u017cenie CO2 w ppm<\/strong>. \u015awiat\u0142a te zapewniaj\u0105 wyra\u017ane sygna\u0142y wizualne i ostrzegaj\u0105 u\u017cytkownik\u00f3w o dzia\u0142aniach, kt\u00f3re musz\u0105 podj\u0105\u0107: <strong>oczy\u015bci\u0107 powietrze <\/strong>poprzez zainstalowanie mobilnych urz\u0105dze\u0144 do oczyszczania powietrza i\/lub <strong>naturaln\u0105 wentylacj\u0119<\/strong>.  <\/p>\n\n\n\n<div class=\"wp-block-columns is-layout-flex wp-container-core-columns-is-layout-28f84493 wp-block-columns-is-layout-flex\">\n<div class=\"wp-block-column is-layout-flow wp-block-column-is-layout-flow\" style=\"flex-basis:33.34%\">\n<div class=\"wp-block-buttons is-content-justification-center is-layout-flex wp-container-core-buttons-is-layout-a89b3969 wp-block-buttons-is-layout-flex\">\n<div class=\"wp-block-button\"><a class=\"wp-block-button__link wp-element-button\" href=\"https:\/\/obera.fr\/wp-content\/uploads\/2025\/06\/en-brochure-obcare.pdf\">Pobierz broszur\u0119<\/a><\/div>\n<\/div>\n<\/div>\n\n\n\n<div class=\"wp-block-column is-layout-flow wp-block-column-is-layout-flow\" style=\"flex-basis:33.34%\">\n<div class=\"wp-block-buttons is-horizontal is-content-justification-center is-layout-flex wp-container-core-buttons-is-layout-03627597 wp-block-buttons-is-layout-flex\">\n<div class=\"wp-block-button\"><a class=\"wp-block-button__link wp-element-button\" href=\"https:\/\/boutique.obera.fr\/52-acheter-capteur-co2-obcare.html\" target=\"_blank\" rel=\"noreferrer noopener\">Kup czujnik CO2 OBCARE  <\/a><\/div>\n<\/div>\n<\/div>\n\n\n\n<div class=\"wp-block-column is-layout-flow wp-block-column-is-layout-flow\" style=\"flex-basis:33.33%\">\n<div class=\"wp-block-buttons is-content-justification-center is-layout-flex wp-container-core-buttons-is-layout-a89b3969 wp-block-buttons-is-layout-flex\">\n<div class=\"wp-block-button btn-devis-source\"><a class=\"wp-block-button__link wp-element-button\" href=\"https:\/\/obera.fr\/pl\/devis\/\">Popro\u015b o wycen\u0119<\/a><\/div>\n<\/div>\n\n\n<script>\r\ndocument.addEventListener('DOMContentLoaded', function() {\r\n    \/\/ 1. On cherche le titre H1 de la page\r\n    var h1 = document.querySelector('h1');\r\n    var productTitle = h1 ? h1.innerText.trim() : \"\";\r\n\r\n    \/\/ 2. On cherche les boutons via la classe CSS .btn-devis-source\r\n    var buttons = document.querySelectorAll('.btn-devis-source a');\r\n\r\n    \/\/ 3. Si on a le titre et les boutons, on ajoute le param\u00e8tre\r\n    if (buttons.length > 0 && productTitle !== \"\") {\r\n        var encodedTitle = encodeURIComponent(productTitle);\r\n\r\n        buttons.forEach(function(btn) {\r\n            var currentHref = btn.getAttribute('href');\r\n            \r\n            \/\/ S\u00e9curit\u00e9 pour ne pas ajouter le param\u00e8tre 2 fois\r\n            if (currentHref.indexOf('sujet=') === -1) {\r\n                var separator = currentHref.indexOf('?') !== -1 ? '&' : '?';\r\n                var newLink = currentHref + separator + 'sujet=' + encodedTitle;\r\n                \r\n                btn.setAttribute('href', newLink);\r\n            }\r\n        });\r\n    }\r\n});\r\n<\/script><\/div>\n<\/div>\n<\/div>\n<\/div>\n\n\n\n<h2 class=\"wp-block-heading\">Zalety OBCARE<\/h2>\n\n\n\n<div class=\"wp-block-columns is-layout-flex wp-container-core-columns-is-layout-28f84493 wp-block-columns-is-layout-flex\">\n<div class=\"wp-block-column is-layout-flow wp-block-column-is-layout-flow\">\n<h3 class=\"wp-block-heading has-text-align-left\">CO2 caPter<\/h3>\n\n\n\n<p>Czujnik CO2 <strong>OBCARE <\/strong>mierzy jako\u015b\u0107 powietrza w spos\u00f3b ci\u0105g\u0142y. Informacje wy\u015bwietlane w ppm s\u0105 podawane w czasie rzeczywistym. Urz\u0105dzenie jest \u0142atwe w konfiguracji i przenoszeniu.    <\/p>\n<\/div>\n\n\n\n<div class=\"wp-block-column is-layout-flow wp-block-column-is-layout-flow\">\n<h3 class=\"wp-block-heading has-text-align-left\">PRZYK\u0141ADY BRAN\u017b<\/h3>\n\n\n\n<ul class=\"wp-block-list\">\n<li>ERP<\/li>\n\n\n\n<li>Biura<\/li>\n\n\n\n<li>Hale sportowe  <\/li>\n\n\n\n<li>Poczekalnie<\/li>\n\n\n\n<li>Szko\u0142y<\/li>\n\n\n\n<li>Otwarte przestrzenie<\/li>\n\n\n\n<li>Akcje<\/li>\n<\/ul>\n<\/div>\n<\/div>\n\n\n\n<h2 class=\"wp-block-heading\">Rodzaje monta\u017cu<\/h2>\n\n\n\n<p>Miernik jako\u015bci powietrza mo\u017cna zamontowa\u0107 na stole lub \u015bcianie. Stojak ze stali nierdzewnej<strong>(dost\u0119pny jako opcja<\/strong>) umo\u017cliwia optymalne ustawienie miernika w pomieszczeniu. W\u0142a\u015bciwe umiejscowienie jest niezb\u0119dne i b\u0119dzie mia\u0142o wp\u0142yw na reprezentatywno\u015b\u0107 pomiar\u00f3w. W szczeg\u00f3lno\u015bci nale\u017cy unika\u0107 umieszczania czujnik\u00f3w na oknach lub w ich bezpo\u015bredniej blisko\u015bci.   <\/p>\n\n\n\n<blockquote class=\"wp-block-quote is-layout-flow wp-block-quote-is-layout-flow\">\n<p>Zalecamy <strong>instalacj\u0119 jednego czujnika CO2 na 40 m\u00b2 powierzchni<\/strong>.<\/p>\n<\/blockquote>\n\n\n\n<div class=\"wp-block-buttons is-horizontal is-content-justification-center is-layout-flex wp-container-core-buttons-is-layout-03627597 wp-block-buttons-is-layout-flex\">\n<div class=\"wp-block-button has-custom-width wp-block-button__width-100\"><a class=\"wp-block-button__link wp-element-button\" href=\"https:\/\/obera.fr\/pl\/skontaktuj-sie-z-nami\/\">Dowiedz si\u0119 wi\u0119cej<\/a><\/div>\n<\/div>\n\n\n\n<h2 class=\"wp-block-heading\">Specyfikacja techniczna<\/h2>\n\n\n\n<figure class=\"wp-block-table\"><table class=\"has-fixed-layout\"><tbody><tr><td>Czujnik CO2<\/td><td>Technologia NDIR (niedyspersyjny czujnik podczerwieni) z automatyczn\u0105 kalibracj\u0105<br>Zakres pomiaru: 0 do 5000 ppm (+- 60ppm)<\/td><\/tr><tr><td>Czujnik wilgotno\u015bci i temperatury<\/td><td>Opcjonalnie<\/td><\/tr><tr><td>Wy\u015bwietlacz zielonej\/\u017c\u00f3\u0142tej\/czerwonej sygnalizacji \u015bwietlnej<\/td><td>Zielony: &lt; 800 ppm<br>\u017b\u00f3\u0142ty: 800 &#8211; 2000 ppm<br>Czerwony &gt; 2000 ppm<\/td><\/tr><tr><td>Alarm d\u017awi\u0119kowy<\/td><td>Opcja<br>Alarm w\u0142\u0105cza si\u0119 co minut\u0119 po przekroczeniu progu.<\/td><\/tr><tr><td>Kabel zasilaj\u0105cy<\/td><td>Do\u0142\u0105czony zasilacz 12 V ze z\u0142\u0105czem UE (d\u0142ugo\u015b\u0107: 1,5 metra)<\/td><\/tr><tr><td>Zasilanie<\/td><td>12 V &#8211; 34 V AC\/DC<\/td><\/tr><tr><td>Zu\u017cycie energii<\/td><td>40 &#8211; 80 mA<\/td><\/tr><tr><td>Mierzone wielko\u015bci fizyczne<\/td><td>CO2 w ppm<\/td><\/tr><tr><td>Box<\/td><td>Obudowa ABS, bia\u0142y RAL 9010<br>Otwory do monta\u017cu na \u015bcianie<br>Wymiary 87,5 x 87,5 x 30 mm<\/td><\/tr><tr><td>Stojak do monta\u017cu na biurku<\/td><td>Opcjonalny stojak ekspozycyjny<br>Podstawa ze stali nierdzewnej<\/td><\/tr><tr><td>Klasa ochrony<\/td><td>IP30<\/td><\/tr><\/tbody><\/table><\/figure>\n\n\n\n<div style=\"height:25px\" aria-hidden=\"true\" class=\"wp-block-spacer\"><\/div>\n\n\n\n<h2 class=\"wp-block-heading\">Inne analizatory powietrza OberA<\/h2>\n\n\n\n<div class=\"wp-block-columns is-layout-flex wp-container-core-columns-is-layout-28f84493 wp-block-columns-is-layout-flex\">\n<div class=\"wp-block-column is-layout-flow wp-block-column-is-layout-flow\">\n<figure class=\"wp-block-image aligncenter size-thumbnail is-resized\"><a href=\"https:\/\/obera.fr\/produits\/analyseurs-air\/compteur-particules\/\"><img decoding=\"async\" width=\"150\" height=\"150\" src=\"https:\/\/obera.fr\/wp-content\/uploads\/2020\/08\/compteur-de-particules-150x150.png\" alt=\"Licznik cz\u0105stek sta\u0142ych Trotec PC220 - Licznik cz\u0105stek sta\u0142ych\" class=\"wp-image-714\" style=\"width:150px;height:150px\" srcset=\"https:\/\/obera.fr\/wp-content\/uploads\/2020\/08\/compteur-de-particules-150x150.png 150w, https:\/\/obera.fr\/wp-content\/uploads\/2020\/08\/compteur-de-particules-300x300.png 300w, https:\/\/obera.fr\/wp-content\/uploads\/2020\/08\/compteur-de-particules.png 433w\" sizes=\"(max-width: 150px) 100vw, 150px\" \/><\/a><figcaption class=\"wp-element-caption\">Miernik cz\u0105stek sta\u0142ych<\/figcaption><\/figure>\n<\/div>\n<\/div>\n","protected":false},"excerpt":{"rendered":"<p>Pomiar jako\u015bci powietrza za pomoc\u0105 sygnalizacji \u015bwietlnej Czujnik CO2 OBCARE monitoruje jako\u015b\u0107 powietrza w zamkni\u0119tych pomieszczeniach w czasie rzeczywistym. Jego wielokolorowy wy\u015bwietlacz ze \u015bwiat\u0142ami ostrzegawczymi zapewnia natychmiastowy przegl\u0105d jako\u015bci powietrza i wy\u015bwietla st\u0119\u017cenie CO2 w ppm. \u015awiat\u0142a te zapewniaj\u0105 wyra\u017ane sygna\u0142y wizualne i ostrzegaj\u0105 u\u017cytkownik\u00f3w o dzia\u0142aniach, kt\u00f3re musz\u0105 podj\u0105\u0107: oczy\u015bci\u0107 powietrze poprzez zainstalowanie mobilnych urz\u0105dze\u0144 do oczyszczania powietrza i\/lub naturaln\u0105 wentylacj\u0119. Zalety OBCARE CO2 caPter Czujnik CO2 OBCARE mierzy jako\u015b\u0107 powietrza w spos\u00f3b ci\u0105g\u0142y. Informacje wy\u015bwietlane w ppm s\u0105 podawane w czasie rzeczywistym. Urz\u0105dzenie jest \u0142atwe w konfiguracji i przenoszeniu. PRZYK\u0141ADY BRAN\u017b Rodzaje monta\u017cu Miernik jako\u015bci powietrza mo\u017cna zamontowa\u0107 &#8230; <\/p>\n<p class=\"read-more-container\"><a title=\"Czujnik CO2 OBCARE\" class=\"read-more button\" href=\"https:\/\/obera.fr\/pl\/produits\/analyseurs-air\/capteur-co2-obcare\/#more-47199\" aria-label=\"Dowiedz si\u0119 wi\u0119cej o Czujnik CO2 OBCARE\">Lire la suite<\/a><\/p>\n","protected":false},"author":4,"featured_media":83746,"parent":48365,"menu_order":0,"comment_status":"closed","ping_status":"closed","template":"","meta":{"_acf_changed":false,"_seopress_robots_primary_cat":"","_seopress_titles_title":"Czujnik CO2 OBCARE do pomiaru jako\u015bci powietrza","_seopress_titles_desc":"Odkryj nasz czujnik CO2, idealny do uzupe\u0142nienia leczenia przeciwko covid-19. Wskazuje poziom CO2 w ppm i informuje o jako\u015bci powietrza w czasie rzeczywistym.","_seopress_robots_index":"","footnotes":""},"class_list":{"0":"post-47199","1":"page","2":"type-page","3":"status-publish","4":"has-post-thumbnail","6":"no-featured-image-padding","7":"resize-featured-image"},"acf":[],"_links":{"self":[{"href":"https:\/\/obera.fr\/pl\/wp-json\/wp\/v2\/pages\/47199","targetHints":{"allow":["GET"]}}],"collection":[{"href":"https:\/\/obera.fr\/pl\/wp-json\/wp\/v2\/pages"}],"about":[{"href":"https:\/\/obera.fr\/pl\/wp-json\/wp\/v2\/types\/page"}],"author":[{"embeddable":true,"href":"https:\/\/obera.fr\/pl\/wp-json\/wp\/v2\/users\/4"}],"replies":[{"embeddable":true,"href":"https:\/\/obera.fr\/pl\/wp-json\/wp\/v2\/comments?post=47199"}],"version-history":[{"count":5,"href":"https:\/\/obera.fr\/pl\/wp-json\/wp\/v2\/pages\/47199\/revisions"}],"predecessor-version":[{"id":108424,"href":"https:\/\/obera.fr\/pl\/wp-json\/wp\/v2\/pages\/47199\/revisions\/108424"}],"up":[{"embeddable":true,"href":"https:\/\/obera.fr\/pl\/wp-json\/wp\/v2\/pages\/48365"}],"wp:featuredmedia":[{"embeddable":true,"href":"https:\/\/obera.fr\/pl\/wp-json\/wp\/v2\/media\/83746"}],"wp:attachment":[{"href":"https:\/\/obera.fr\/pl\/wp-json\/wp\/v2\/media?parent=47199"}],"curies":[{"name":"wp","href":"https:\/\/api.w.org\/{rel}","templated":true}]}}