{"id":47254,"date":"2020-08-26T12:34:42","date_gmt":"2020-08-26T10:34:42","guid":{"rendered":"https:\/\/obera.fr\/nasze-produkty\/odpylacze-przemyslowe\/stale-odpylacze\/"},"modified":"2026-02-06T13:13:42","modified_gmt":"2026-02-06T11:13:42","slug":"fixes","status":"publish","type":"page","link":"https:\/\/obera.fr\/pl\/produits\/depoussiereurs-industriels\/fixes\/","title":{"rendered":"Sta\u0142e odpylacze"},"content":{"rendered":"\n<p>Nasze <strong>odpylacze stacjonarne<\/strong> to szereg wydajnych instalacji do <strong>odpylania warsztat\u00f3w i hal magazynowych<\/strong>, a tak\u017ce sta\u0142ych stanowisk pracy, bezpo\u015brednio za pomoc\u0105 ramienia odci\u0105gowego lub okapu. Nasze urz\u0105dzenia radz\u0105 sobie z <strong>drobnym py\u0142em i wi\u00f3rami<\/strong>, a tak\u017ce <strong>mg\u0142ami olejowymi<\/strong>, <strong>oparami<\/strong> i <strong>zapachami<\/strong>, w szerokim zakresie sektor\u00f3w przemys\u0142owych, w tym metalu, tworzyw sztucznych, drewna, minera\u0142\u00f3w, tekstyli\u00f3w, chemikali\u00f3w i papieru \/ tektury. <\/p>\n\n<blockquote class=\"wp-block-quote is-layout-flow wp-block-quote-is-layout-flow\">\n<p>Py\u0142y i inne zanieczyszczenia musz\u0105 by\u0107 usuwane, poniewa\u017c <strong>stanowi\u0105 zagro\u017cenie dla ludzkiego organizmu<\/strong>.<\/p>\n<\/blockquote>\n\n<p>Oddychanie zanieczyszczonym powietrzem mo\u017ce powodowa\u0107 choroby, zw\u0142aszcza gdy <strong>zanieczyszczenia s\u0105 rakotw\u00f3rcze<\/strong>, <strong>mutagenne<\/strong> lub <strong>reprotoksyczne<\/strong>. Oczyszczanie zanieczyszczonego powietrza jest niezb\u0119dne do ochrony pracownik\u00f3w i zespo\u0142\u00f3w produkcyjnych, ale tak\u017ce do zagwarantowania jako\u015bci wytwarzanych produkt\u00f3w i oczywi\u015bcie do przestrzegania prawa. <\/p>\n\n\n<h2 class=\"wp-block-heading\">Nasz asortyment kompaktowych, centralnych odpylaczy suchych z workami lub wk\u0142adami oraz odpylaczy mokrych<\/h2>\n\n<div class=\"wp-block-group is-layout-flow wp-block-group-is-layout-flow\">\n<div class=\"wp-block-columns is-layout-flex wp-container-core-columns-is-layout-28f84493 wp-block-columns-is-layout-flex\">\n<div class=\"wp-block-column is-vertically-aligned-top is-layout-flow wp-block-column-is-layout-flow\">\n<h3 class=\"wp-block-heading has-text-align-center\"><strong><a href=\"https:\/\/obera.fr\/pl\/produits\/depoussiereurs-industriels\/fixes\/aspiration-centralisee-industrielle-dustmac\/\" data-type=\"URL\" data-id=\"https:\/\/obera.fr\/produits\/depoussiereurs-industriels\/fixes\/aspiration-centralisee-industrielle-dustmac\/\">Seria DUSTMAC<\/a><\/strong><\/h3>\n\n\n\n<figure class=\"wp-block-image aligncenter size-medium\"><a href=\"https:\/\/obera.fr\/pl\/produits\/depoussiereurs-industriels\/fixes\/aspiration-centralisee-industrielle-dustmac\/\"><img decoding=\"async\" width=\"300\" height=\"300\" src=\"https:\/\/obera.fr\/wp-content\/uploads\/2020\/08\/depoussiereur-centralise-filtres-a-manches-DUSTMAC-S-300x300.png\" alt=\"System - projekt produktu\" class=\"wp-image-637\" srcset=\"https:\/\/obera.fr\/wp-content\/uploads\/2020\/08\/depoussiereur-centralise-filtres-a-manches-DUSTMAC-S-300x300.png 300w, https:\/\/obera.fr\/wp-content\/uploads\/2020\/08\/depoussiereur-centralise-filtres-a-manches-DUSTMAC-S-150x150.png 150w, https:\/\/obera.fr\/wp-content\/uploads\/2020\/08\/depoussiereur-centralise-filtres-a-manches-DUSTMAC-S.png 600w\" sizes=\"(max-width: 300px) 100vw, 300px\" \/><\/a><\/figure>\n\n\n\n<p><strong>DUSTMAC S\u00e9ries<\/strong> to <a href=\"https:\/\/obera.fr\/pl\/produits\/depoussiereurs-industriels\/fixes\/aspiration-centralisee-industrielle-dustmac\/\" data-type=\"page\" data-id=\"467\">centralny odpylacz<\/a>, kt\u00f3ry dzi\u0119ki swojej modu\u0142owej konstrukcji mo\u017ce by\u0107 u\u017cywany do szerokiego zakresu zastosowa\u0144. <strong>Mo\u017cliwo\u015bci konfiguracji s\u0105 niemal nieograniczone<\/strong>, co pozwala na pe\u0142ne dostosowanie urz\u0105dzenia do Pa\u0144stwa potrzeb w celu uzyskania optymalnej wydajno\u015bci. Oczyszczanie wk\u0142ad\u00f3w odbywa si\u0119 automatycznie za pomoc\u0105 strumienia spr\u0119\u017conego powietrza (Jet-pulse). <\/p>\n\n\n\n<p>To urz\u0105dzenie jest dost\u0119pne w 3 seriach: DUSTMAC P, DUSTMAC S i DUSTMAC F.<\/p>\n\n\n\n<p><strong>Wszystkie urz\u0105dzenia DUSTMAC <\/strong>s\u0105 dost\u0119pne w r\u00f3\u017cnych klasach filtracji M lub H dla<strong> zwi\u0105zk\u00f3w CMR <\/strong>oraz w wersji <strong>przeciwpy\u0142owej ATEX<\/strong>.<\/p>\n<\/div>\n\n\n\n<div class=\"wp-block-column is-vertically-aligned-top is-layout-flow wp-block-column-is-layout-flow\">\n<h3 class=\"wp-block-heading has-text-align-center\"><strong><a href=\"https:\/\/obera.fr\/pl\/produits\/depoussiereurs-industriels\/fixes\/depoussiereur-a-voie-humide-dustomat-hydro\/\" data-type=\"page\" data-id=\"15983\">DUSTOMAT HYDRO<\/a><\/strong><\/h3>\n\n\n\n<figure class=\"wp-block-image aligncenter size-medium\"><a href=\"https:\/\/obera.fr\/pl\/produits\/depoussiereurs-industriels\/fixes\/depoussiereur-a-voie-humide-dustomat-hydro\/\"><img decoding=\"async\" width=\"300\" height=\"300\" src=\"https:\/\/obera.fr\/wp-content\/uploads\/2022\/11\/dustomat-hydro-1-300x300.png\" alt=\"dustomat hydro 1\" class=\"wp-image-15989\" srcset=\"https:\/\/obera.fr\/wp-content\/uploads\/2022\/11\/dustomat-hydro-1-300x300.png 300w, https:\/\/obera.fr\/wp-content\/uploads\/2022\/11\/dustomat-hydro-1-150x150.png 150w, https:\/\/obera.fr\/wp-content\/uploads\/2022\/11\/dustomat-hydro-1.png 600w\" sizes=\"(max-width: 300px) 100vw, 300px\" \/><\/a><\/figure>\n\n\n\n<p><strong>DUSTOMAT HYDRO<\/strong> to nowa gama wysokowydajnych <a href=\"https:\/\/obera.fr\/pl\/produits\/depoussiereurs-industriels\/fixes\/depoussiereur-a-voie-humide-dustomat-hydro\/\" data-type=\"page\" data-id=\"15983\">odpylaczy mokrych<\/a>, specjalnie zaprojektowanych do odsysania py\u0142u z jednego lub kilku stanowisk pracy, w tym py\u0142\u00f3w metalowych, iskier i wysoce \u0142atwopalnych py\u0142\u00f3w, szczeg\u00f3lnie podczas proces\u00f3w szlifowania, szczotkowania, polerowania lub spawania.<\/p>\n\n\n\n<p>Innowacyjna technologia separacji wody bezpiecznie usuwa py\u0142 i iskry.  <\/p>\n\n\n\n<p>Separatory pracuj\u0105 <strong>cicho <\/strong>i s\u0105 dost\u0119pne w dw\u00f3ch poziomach mocy, a tak\u017ce w <strong>wersji ATEX<\/strong>. Dzi\u0119ki zastosowanej technologii nowe separatory dzia\u0142aj\u0105 z pe\u0142n\u0105 moc\u0105 przy niskim zu\u017cyciu energii. <\/p>\n<\/div>\n<\/div>\n<\/div>\n\n<div class=\"wp-block-group is-layout-flow wp-block-group-is-layout-flow\">\n<div class=\"wp-block-columns is-layout-flex wp-container-core-columns-is-layout-28f84493 wp-block-columns-is-layout-flex\">\n<div class=\"wp-block-column is-layout-flow wp-block-column-is-layout-flow\">\n<h3 class=\"wp-block-heading has-text-align-center\"><a href=\"https:\/\/obera.fr\/pl\/produits\/depoussiereurs-industriels\/fixes\/depoussiereur-a-sec-estmac\/\" data-type=\"URL\" data-id=\"https:\/\/obera.fr\/produits\/depoussiereurs-industriels\/fixes\/depoussiereur-a-sec-estmac\/\">ESTMAC<\/a><\/h3>\n\n\n\n<figure class=\"wp-block-image aligncenter size-medium\"><a href=\"https:\/\/obera.fr\/pl\/produits\/depoussiereurs-industriels\/fixes\/depoussiereur-a-sec-estmac\/\"><img decoding=\"async\" width=\"300\" height=\"264\" src=\"https:\/\/obera.fr\/wp-content\/uploads\/2021\/02\/Depoussiereur-fixe-ESTMAC-300x264.png\" alt=\"Sta&#x142;y odpylacz Estmac\" class=\"wp-image-4475\" srcset=\"https:\/\/obera.fr\/wp-content\/uploads\/2021\/02\/Depoussiereur-fixe-ESTMAC-300x264.png 300w, https:\/\/obera.fr\/wp-content\/uploads\/2021\/02\/Depoussiereur-fixe-ESTMAC.png 480w\" sizes=\"(max-width: 300px) 100vw, 300px\" \/><\/a><\/figure>\n\n\n\n<p><strong>ESTMAC<\/strong> to <a href=\"https:\/\/obera.fr\/pl\/produits\/depoussiereurs-industriels\/fixes\/depoussiereur-a-sec-estmac\/\">suchy odpylacz<\/a> stacjonarny, ale <strong>kompaktowy<\/strong>, co czyni go urz\u0105dzeniem stosunkowo <strong>\u0142atwym do przenoszenia<\/strong>. Ten odpylacz mo\u017ce by\u0107 zatem dostosowany do wielu zastosowa\u0144. <\/p>\n\n\n\n<p>Urz\u0105dzenie to idealnie nadaje si\u0119 do odkurzania <strong>py\u0142\u00f3w i wi\u00f3r\u00f3w<\/strong> metalowych i plastikowych, a tak\u017ce py\u0142\u00f3w mineralnych i materia\u0142\u00f3w kompozytowych.  <\/p>\n\n\n\n<p>ESTMAC jest dost\u0119pny w 2 mocnych wersjach:  <\/p>\n\n\n\n<p><strong>ESTMAC<\/strong> 1500 z przep\u0142ywem powietrza 1500 m3\/h dla podci\u015bnienia 2040 Pa i<strong> ESTMAC 1800<\/strong> z przep\u0142ywem powietrza 1800 m3\/h dla podci\u015bnienia 2650 Pa.<\/p>\n\n\n\n<div style=\"height:25px\" aria-hidden=\"true\" class=\"wp-block-spacer\"><\/div>\n\n\n\n<div class=\"wp-block-columns is-layout-flex wp-container-core-columns-is-layout-28f84493 wp-block-columns-is-layout-flex\">\n<div class=\"wp-block-column is-layout-flow wp-block-column-is-layout-flow\" style=\"flex-basis:60%\">\n<h3 class=\"wp-block-heading\">Wynajmij gotowe do u\u017cycia odpylacze stacjonarne<\/h3>\n\n\n\n<p>Dzia\u0142aj bez CAPEX dzi\u0119ki <strong>wynajmowi stacjonarnych odpylaczy OberA<\/strong>. Nasze scentralizowane instalacje usuwaj\u0105 wi\u00f3ry, drobny py\u0142, mg\u0142y olejowe, dymy i zapachy jak najbli\u017cej \u017ar\u00f3d\u0142a (ramiona\/okapy wyci\u0105gowe) lub za po\u015brednictwem sieci kana\u0142\u00f3w. W zale\u017cno\u015bci od ryzyka konfigurujemy odpowiedni\u0105 technologi\u0119: DUSTMAC (sucha droga z wk\u0142adami\/r\u0119kawami, Jet-pulse), DUSTOMAT HYDRO (mokra droga dla iskier i py\u0142\u00f3w \u0142atwopalnych) lub ESTMAC. Opcje ATEX, klasy filtracji M\/H oraz rozwi\u0105zania szyte na miar\u0119 dla metalu, drewna, chemii, tekstyli\u00f3w, papieru\/tektury itp.   <\/p>\n\n\n\n<p><\/p>\n\n\n\n<p>Je\u015bli chodzi o serwis, <strong>wszystko jest pod klucz<\/strong>: audyt i wymiarowanie (przep\u0142ywy, pr\u0119dko\u015bci transportu, punkty wychwytu), uruchomienie, wliczona konserwacja i monitorowanie filtr\u00f3w. Pa\u0144stwa produkcja ewoluuje? Dostosowujemy instalacj\u0119 (zwi\u0119kszenie\/zmniejszenie wydajno\u015bci, dodanie punkt\u00f3w wychwytu). A je\u015bli chc\u0105 Pa\u0144stwo zachowa\u0107 sprz\u0119t na sta\u0142e, <strong>opcja zakupu z odliczeniem czynszu.<\/strong>   <\/p>\n\n\n\n<p><\/p>\n\n\n\n<div class=\"wp-block-buttons is-content-justification-center is-layout-flex wp-container-core-buttons-is-layout-a89b3969 wp-block-buttons-is-layout-flex\">\n<div class=\"wp-block-button\"><a class=\"wp-block-button__link wp-element-button\" href=\"https:\/\/obera.fr\/pl\/location-sans-engagement\/\">Popro\u015b o wycen\u0119 wynajmu<\/a><\/div>\n<\/div>\n<\/div>\n\n\n\n<div class=\"wp-block-column is-vertically-aligned-center is-layout-flow wp-block-column-is-layout-flow\" style=\"flex-basis:30%\">\n<figure class=\"wp-block-image aligncenter size-full\"><img decoding=\"async\" width=\"480\" height=\"423\" src=\"https:\/\/obera.fr\/wp-content\/uploads\/2021\/02\/Depoussiereur-fixe-ESTMAC.png\" alt=\"Sta&#x142;y odpylacz Estmac\" class=\"wp-image-4475\" srcset=\"https:\/\/obera.fr\/wp-content\/uploads\/2021\/02\/Depoussiereur-fixe-ESTMAC.png 480w, https:\/\/obera.fr\/wp-content\/uploads\/2021\/02\/Depoussiereur-fixe-ESTMAC-300x264.png 300w\" sizes=\"(max-width: 480px) 100vw, 480px\" \/><\/figure>\n<\/div>\n<\/div>\n<\/div>\n<\/div>\n\n\n\n<div class=\"wp-block-columns is-layout-flex wp-container-core-columns-is-layout-28f84493 wp-block-columns-is-layout-flex\">\n<div class=\"wp-block-column is-layout-flow wp-block-column-is-layout-flow\"><\/div>\n<\/div>\n<\/div>\n\n<h2 class=\"wp-block-heading\"><strong>Jak wybra\u0107 odpowiedni system odpylania?<\/strong><\/h2>\n\n<p><strong>Wyb\u00f3r odpowiedniego odpylacza<\/strong> ma kluczowe znaczenie, w przeciwnym razie urz\u0105dzenie mo\u017ce szybko si\u0119 zu\u017cy\u0107 i przesta\u0107 dzia\u0142a\u0107. Zale\u017cy to od zanieczyszczenia, jego wielko\u015bci, stanu skupienia (sta\u0142e lub gazowe) i ilo\u015bci. Umo\u017cliwi to wyb\u00f3r rodzaju filtra, w jaki powinien by\u0107 wyposa\u017cony <a href=\"https:\/\/obera.fr\/pl\/produits\/depoussiereurs-industriels\/\" data-type=\"page\" data-id=\"31\">odpylacz<\/a>. Po drugie, nale\u017cy dowiedzie\u0107 si\u0119 o mocy urz\u0105dzenia, innymi s\u0142owy, o jego nat\u0119\u017ceniu przep\u0142ywu. Nat\u0119\u017cenie przep\u0142ywu urz\u0105dzenia b\u0119dzie zale\u017ce\u0107 od ilo\u015bci odkurzanego materia\u0142u, pr\u0119dko\u015bci, jakie nale\u017cy zagwarantowa\u0107 w punkcie zbierania oraz pr\u0119dko\u015bci transportu, jakie nale\u017cy zagwarantowa\u0107 w ruroci\u0105gach do istniej\u0105cych wlot\u00f3w maszyn pr\u00f3\u017cniowych.    <\/p>\n\n<p>Nast\u0119pnym krokiem jest podj\u0119cie decyzji, jakie akcesoria nale\u017cy zamontowa\u0107 w maszynie: kana\u0142 do pod\u0142\u0105czenia do maszyny produkcyjnej, urz\u0105dzenie zbieraj\u0105ce, oparcie, a nawet <a href=\"https:\/\/obera.fr\/pl\/produits\/bras-dispositifs-captation\/capot-industriel\/\">rami\u0119 ss\u0105ce<\/a> do stacji roboczej.<\/p>\n\n<blockquote class=\"wp-block-quote is-layout-flow wp-block-quote-is-layout-flow\">\n<p>Najlepiej zwr\u00f3ci\u0107 si\u0119 <strong>do naszych ekspert\u00f3w<\/strong>, kt\u00f3rzy b\u0119d\u0105 w stanie pom\u00f3c w realizacji projekt\u00f3w i zaoferowa\u0107 produkt dostosowany do konkretnych potrzeb.<\/p>\n<\/blockquote>\n\n<div class=\"wp-block-buttons is-horizontal is-content-justification-center is-layout-flex wp-container-core-buttons-is-layout-03627597 wp-block-buttons-is-layout-flex\">\n<div class=\"wp-block-button has-custom-width wp-block-button__width-100\"><a class=\"wp-block-button__link wp-element-button\" href=\"https:\/\/obera.fr\/pl\/skontaktuj-sie-z-nami\/\">Dowiedz si\u0119 wi\u0119cej<\/a><\/div>\n<\/div>\n\n<hr class=\"wp-block-separator has-css-opacity\"\/>\n\n<div class=\"wp-block-group is-layout-flow wp-block-group-is-layout-flow\">\n<h2 class=\"wp-block-heading\">Inne gamy odpylaczy przemys\u0142owych oberA<\/h2>\n\n\n\n<div class=\"wp-block-columns is-layout-flex wp-container-core-columns-is-layout-28f84493 wp-block-columns-is-layout-flex\">\n<div class=\"wp-block-column is-layout-flow wp-block-column-is-layout-flow\">\n<div class=\"wp-block-buttons is-horizontal is-content-justification-center is-layout-flex wp-container-core-buttons-is-layout-03627597 wp-block-buttons-is-layout-flex\">\n<div class=\"wp-block-button\"><a class=\"wp-block-button__link wp-element-button\" href=\"https:\/\/obera.fr\/pl\/produits\/depoussiereurs-industriels\/mobiles\/\">Mobilne odpylacze<\/a><\/div>\n<\/div>\n<\/div>\n\n\n\n<div class=\"wp-block-column is-layout-flow wp-block-column-is-layout-flow\">\n<div class=\"wp-block-buttons is-horizontal is-content-justification-center is-layout-flex wp-container-core-buttons-is-layout-03627597 wp-block-buttons-is-layout-flex\">\n<div class=\"wp-block-button\"><a class=\"wp-block-button__link wp-element-button\" href=\"https:\/\/obera.fr\/pl\/produits\/depoussiereurs-industriels\/petits\/\">Ma\u0142e odpylacze<\/a><\/div>\n<\/div>\n<\/div>\n<\/div>\n<\/div>\n","protected":false},"excerpt":{"rendered":"<p>Nasze odpylacze stacjonarne to szereg wydajnych instalacji do odpylania warsztat\u00f3w i hal magazynowych, a tak\u017ce sta\u0142ych stanowisk pracy, bezpo\u015brednio za pomoc\u0105 ramienia odci\u0105gowego lub okapu. Nasze urz\u0105dzenia radz\u0105 sobie z drobnym py\u0142em i wi\u00f3rami, a tak\u017ce mg\u0142ami olejowymi, oparami i zapachami, w szerokim zakresie sektor\u00f3w przemys\u0142owych, w tym metalu, tworzyw sztucznych, drewna, minera\u0142\u00f3w, tekstyli\u00f3w, chemikali\u00f3w i papieru \/ tektury. Py\u0142y i inne zanieczyszczenia musz\u0105 by\u0107 usuwane, poniewa\u017c stanowi\u0105 zagro\u017cenie dla ludzkiego organizmu. Oddychanie zanieczyszczonym powietrzem mo\u017ce powodowa\u0107 choroby, zw\u0142aszcza gdy zanieczyszczenia s\u0105 rakotw\u00f3rcze, mutagenne lub reprotoksyczne. Oczyszczanie zanieczyszczonego powietrza jest niezb\u0119dne do ochrony pracownik\u00f3w i zespo\u0142\u00f3w produkcyjnych, ale tak\u017ce do &#8230; <\/p>\n<p class=\"read-more-container\"><a title=\"Sta\u0142e odpylacze\" class=\"read-more button\" href=\"https:\/\/obera.fr\/pl\/produits\/depoussiereurs-industriels\/fixes\/#more-47254\" aria-label=\"Dowiedz si\u0119 wi\u0119cej o Sta\u0142e odpylacze\">Lire la suite<\/a><\/p>\n","protected":false},"author":4,"featured_media":103625,"parent":45669,"menu_order":0,"comment_status":"closed","ping_status":"closed","template":"","meta":{"_acf_changed":false,"_seopress_robots_primary_cat":"","_seopress_titles_title":"Sta\u0142e odpylacze mokre\/suche, worki\/kartrid\u017ce","_seopress_titles_desc":"Odkurzaj swoje warsztaty i hale magazynowe, a tak\u017ce stanowiska pracy bezpo\u015brednio za pomoc\u0105 ramienia lub okapu odci\u0105gowego dzi\u0119ki naszym sta\u0142ym odpylaczom.","_seopress_robots_index":"","footnotes":""},"class_list":{"0":"post-47254","1":"page","2":"type-page","3":"status-publish","4":"has-post-thumbnail","6":"no-featured-image-padding","7":"resize-featured-image"},"acf":[],"_links":{"self":[{"href":"https:\/\/obera.fr\/pl\/wp-json\/wp\/v2\/pages\/47254","targetHints":{"allow":["GET"]}}],"collection":[{"href":"https:\/\/obera.fr\/pl\/wp-json\/wp\/v2\/pages"}],"about":[{"href":"https:\/\/obera.fr\/pl\/wp-json\/wp\/v2\/types\/page"}],"author":[{"embeddable":true,"href":"https:\/\/obera.fr\/pl\/wp-json\/wp\/v2\/users\/4"}],"replies":[{"embeddable":true,"href":"https:\/\/obera.fr\/pl\/wp-json\/wp\/v2\/comments?post=47254"}],"version-history":[{"count":8,"href":"https:\/\/obera.fr\/pl\/wp-json\/wp\/v2\/pages\/47254\/revisions"}],"predecessor-version":[{"id":141486,"href":"https:\/\/obera.fr\/pl\/wp-json\/wp\/v2\/pages\/47254\/revisions\/141486"}],"up":[{"embeddable":true,"href":"https:\/\/obera.fr\/pl\/wp-json\/wp\/v2\/pages\/45669"}],"wp:featuredmedia":[{"embeddable":true,"href":"https:\/\/obera.fr\/pl\/wp-json\/wp\/v2\/media\/103625"}],"wp:attachment":[{"href":"https:\/\/obera.fr\/pl\/wp-json\/wp\/v2\/media?parent=47254"}],"curies":[{"name":"wp","href":"https:\/\/api.w.org\/{rel}","templated":true}]}}