{"id":48238,"date":"2020-08-26T12:54:02","date_gmt":"2020-08-26T10:54:02","guid":{"rendered":"https:\/\/obera.fr\/odciag-oparow-spawalniczych-i-laserowych-epur-b-ex\/"},"modified":"2026-03-02T15:02:58","modified_gmt":"2026-03-02T13:02:58","slug":"aspiration-fumees-soudage-laser-epur-b-ex","status":"publish","type":"page","link":"https:\/\/obera.fr\/pl\/produits\/depoussiereurs-industriels\/petits\/aspiration-fumees-soudage-laser-epur-b-ex\/","title":{"rendered":"Odci\u0105g opar\u00f3w spawalniczych i laserowych ePUR Ex"},"content":{"rendered":"\n<p><strong>EPUR Ex<\/strong> to gama 3<a href=\"https:\/\/obera.fr\/pl\/produits\/depoussiereurs-industriels\/petits\/\" data-type=\"page\" data-id=\"393\">mobilnych system\u00f3wodci\u0105gu powietrza<\/a> z certyfikatem ATEX.<\/p>\n\n\n<h2 class=\"wp-block-heading\">Jak dzia\u0142a odci\u0105g opar\u00f3w spawalniczych\/laserowych?<\/h2>\n\n<div class=\"wp-block-columns is-layout-flex wp-container-core-columns-is-layout-28f84493 wp-block-columns-is-layout-flex\">\n<div class=\"wp-block-column is-layout-flow wp-block-column-is-layout-flow\" style=\"flex-basis:33.33%\">\n<figure class=\"wp-block-image aligncenter size-full is-resized\"><img decoding=\"async\" width=\"670\" height=\"713\" src=\"https:\/\/obera.fr\/wp-content\/uploads\/2026\/02\/output-4-modifie.png\" alt=\"Mobilny filtr ePUR EX&#10;\" class=\"wp-image-144056\" style=\"aspect-ratio:0.9397256050562663;width:313px;height:auto\" srcset=\"https:\/\/obera.fr\/wp-content\/uploads\/2026\/02\/output-4-modifie.png 670w, https:\/\/obera.fr\/wp-content\/uploads\/2026\/02\/output-4-modifie-282x300.png 282w\" sizes=\"(max-width: 670px) 100vw, 670px\" \/><\/figure>\n<\/div>\n\n\n\n<div class=\"wp-block-column is-layout-flow wp-block-column-is-layout-flow\" style=\"flex-basis:66.66%\">\n<p>Obs\u0142uga jest prosta: <strong>zanieczyszczone powietrze jest zasysane bezpo\u015brednio przez elastyczny w\u0105\u017c ss\u0105cy pod\u0142\u0105czony do maszyny<\/strong>, ramienia ss\u0105cego, okapu wyci\u0105gowego lub bezpo\u015brednio do maszyny produkcyjnej za po\u015brednictwem sieci kana\u0142\u00f3w.<\/p>\n\n\n\n<p><strong>Zanieczyszczone powietrze<\/strong> jest wychwytywane i oczyszczane na r\u00f3\u017cnych etapach filtracji.<\/p>\n\n\n\n<p><strong>Oczyszczone powietrze<\/strong> jest nast\u0119pnie odprowadzane z dolnej cz\u0119\u015bci urz\u0105dzenia bezpo\u015brednio do miejsca pracy lub na zewn\u0105trz za pomoc\u0105 sieci kana\u0142\u00f3w wylotowych.<\/p>\n\n\n\n<div style=\"height:15px\" aria-hidden=\"true\" class=\"wp-block-spacer\"><\/div>\n\n\n\n<div class=\"wp-block-columns is-layout-flex wp-container-core-columns-is-layout-28f84493 wp-block-columns-is-layout-flex\">\n<div class=\"wp-block-column is-layout-flow wp-block-column-is-layout-flow\" style=\"flex-basis:33.34%\">\n<div class=\"wp-block-buttons is-content-justification-center is-layout-flex wp-container-core-buttons-is-layout-a89b3969 wp-block-buttons-is-layout-flex\">\n<div class=\"wp-block-button\"><a class=\"wp-block-button__link wp-element-button\" href=\"https:\/\/obera.fr\/wp-content\/uploads\/2025\/04\/brochure-epur-ex-fr.pdf\">Pobierz broszur\u0119<\/a><\/div>\n<\/div>\n<\/div>\n\n\n\n<div class=\"wp-block-column is-layout-flow wp-block-column-is-layout-flow\" style=\"flex-basis:33.34%\">\n<div class=\"wp-block-buttons is-horizontal is-content-justification-center is-layout-flex wp-container-core-buttons-is-layout-03627597 wp-block-buttons-is-layout-flex\">\n<div class=\"wp-block-button has-custom-width wp-block-button__width-100\"><a class=\"wp-block-button__link wp-element-button\" href=\"https:\/\/obera.fr\/pl\/skontaktuj-sie-z-nami\/\">Dowiedz si\u0119 wi\u0119cej<\/a><\/div>\n<\/div>\n<\/div>\n\n\n\n<div class=\"wp-block-column is-layout-flow wp-block-column-is-layout-flow\" style=\"flex-basis:33.33%\">\n<div class=\"wp-block-buttons is-content-justification-center is-layout-flex wp-container-core-buttons-is-layout-a89b3969 wp-block-buttons-is-layout-flex\">\n<div class=\"wp-block-button btn-devis-source\"><a class=\"wp-block-button__link wp-element-button\" href=\"https:\/\/obera.fr\/pl\/devis\/\">Popro\u015b o wycen\u0119<\/a><\/div>\n<\/div>\n\n\n<script>\r\ndocument.addEventListener('DOMContentLoaded', function() {\r\n    \/\/ 1. On cherche le titre H1 de la page\r\n    var h1 = document.querySelector('h1');\r\n    var productTitle = h1 ? h1.innerText.trim() : \"\";\r\n\r\n    \/\/ 2. On cherche les boutons via la classe CSS .btn-devis-source\r\n    var buttons = document.querySelectorAll('.btn-devis-source a');\r\n\r\n    \/\/ 3. Si on a le titre et les boutons, on ajoute le param\u00e8tre\r\n    if (buttons.length > 0 && productTitle !== \"\") {\r\n        var encodedTitle = encodeURIComponent(productTitle);\r\n\r\n        buttons.forEach(function(btn) {\r\n            var currentHref = btn.getAttribute('href');\r\n            \r\n            \/\/ S\u00e9curit\u00e9 pour ne pas ajouter le param\u00e8tre 2 fois\r\n            if (currentHref.indexOf('sujet=') === -1) {\r\n                var separator = currentHref.indexOf('?') !== -1 ? '&' : '?';\r\n                var newLink = currentHref + separator + 'sujet=' + encodedTitle;\r\n                \r\n                btn.setAttribute('href', newLink);\r\n            }\r\n        });\r\n    }\r\n});\r\n<\/script><\/div>\n<\/div>\n<\/div>\n<\/div>\n\n<p><\/p>\n\n<h2 class=\"wp-block-heading\">Do jakich cel\u00f3w?<\/h2>\n\n<p>Te jednostki ss\u0105ce zosta\u0142y zaprojektowane do odci\u0105gania <strong>dym\u00f3w spawalniczych<\/strong> i <strong>lutowniczych<\/strong>, <strong>py\u0142\u00f3w<\/strong>, <strong>opar\u00f3w<\/strong>, <strong>rozpuszczalnik\u00f3w<\/strong>, <strong>gaz\u00f3w<\/strong>, <strong>zapach\u00f3w<\/strong> i wszelkiego rodzaju <strong>zanieczyszcze\u0144 gazowych<\/strong>. Jednostki s\u0105 na k\u00f3\u0142kach i mog\u0105 by\u0107 u\u017cywane do odci\u0105gania <a href=\"https:\/\/obera.fr\/pl\/produits\/depoussiereurs-industriels\/fixes\/\">sta\u0142ych lub ruchomych stacji roboczych<\/a> (do 3 stacji roboczych lub maszyn produkcyjnych). Kompaktowe i zajmuj\u0105ce niewiele miejsca, s\u0105 odpowiednie dla wszystkich rodzaj\u00f3w przemys\u0142u. Posiadaj\u0105 <a href=\"https:\/\/obera.fr\/pl\/produits\/atex\/\" data-type=\"page\" data-id=\"372\">certyfikat ATEX<\/a> i s\u0105 przeznaczone do u\u017cytku w strefach ATEX22.  <\/p>\n\n<p><strong>Seria EPUR Ex<\/strong> jest wyposa\u017cona w filtry nasycone (wymieniane po nasyceniu), co oznacza, \u017ce obci\u0105\u017cenie py\u0142em lub dymem jest stosunkowo niskie. W przypadku wi\u0119kszych zanieczyszcze\u0144 i du\u017cych ilo\u015bci py\u0142u nale\u017cy wybra\u0107 regenerowalne (niezapychaj\u0105ce si\u0119) media filtracyjne, takie jak seria <a href=\"https:\/\/obera.fr\/pl\/produits\/depoussiereurs-industriels\/mobiles\/extracteur-poussiere-dustomat-4\/\" data-type=\"page\" data-id=\"440\">DUSTOMAT<\/a> lub <a href=\"https:\/\/obera.fr\/pl\/produits\/depoussiereurs-industriels\/fixes\/aspiration-centralisee-industrielle-dustmac\/\" data-type=\"page\" data-id=\"467\">DUSTMAC<\/a>&#8230;.. <\/p>\n\n<div class=\"wp-block-columns is-layout-flex wp-container-core-columns-is-layout-28f84493 wp-block-columns-is-layout-flex\">\n<div class=\"wp-block-column is-layout-flow wp-block-column-is-layout-flow\">\n<h3 class=\"wp-block-heading has-text-align-center\">Zanieczyszczenia<\/h3>\n\n\n\n<hr class=\"wp-block-separator has-css-opacity is-style-wide\"\/>\n\n\n\n<div class=\"wp-block-columns is-layout-flex wp-container-core-columns-is-layout-28f84493 wp-block-columns-is-layout-flex\">\n<div class=\"wp-block-column is-layout-flow wp-block-column-is-layout-flow\">\n<figure class=\"wp-block-image aligncenter size-large\"><img decoding=\"async\" width=\"70\" height=\"70\" src=\"https:\/\/obera.fr\/wp-content\/uploads\/2020\/08\/industrie-chimie.jpg\" alt=\"Przemys&#x142; chemiczny\" class=\"wp-image-725\"\/><figcaption class=\"wp-element-caption\">Py\u0142 chemiczny<\/figcaption><\/figure>\n\n\n\n<figure class=\"wp-block-image aligncenter size-large\"><img decoding=\"async\" width=\"70\" height=\"70\" src=\"https:\/\/obera.fr\/wp-content\/uploads\/2020\/08\/industrie-odeur.jpg\" alt=\"Zapach przemys&#x142;owy\" class=\"wp-image-723\"\/><figcaption class=\"wp-element-caption\">Zapachy<\/figcaption><\/figure>\n<\/div>\n\n\n\n<div class=\"wp-block-column is-layout-flow wp-block-column-is-layout-flow\">\n<figure class=\"wp-block-image aligncenter size-large\"><img decoding=\"async\" width=\"70\" height=\"70\" src=\"https:\/\/obera.fr\/wp-content\/uploads\/2020\/08\/industrie-fumees.jpg\" alt=\"Dym przemys&#x142;owy\" class=\"wp-image-722\"\/><figcaption class=\"wp-element-caption\">Opary<\/figcaption><\/figure>\n\n\n\n<figure class=\"wp-block-image aligncenter size-large\"><img decoding=\"async\" width=\"70\" height=\"70\" src=\"https:\/\/obera.fr\/wp-content\/uploads\/2020\/09\/cov.png\" alt=\"Cov\" class=\"wp-image-959\"\/><figcaption class=\"wp-element-caption\">VOCS<\/figcaption><\/figure>\n<\/div>\n<\/div>\n<\/div>\n\n\n\n<div class=\"wp-block-column is-layout-flow wp-block-column-is-layout-flow\">\n<h3 class=\"wp-block-heading has-text-align-center\">Bran\u017ce<\/h3>\n\n\n\n<hr class=\"wp-block-separator has-css-opacity is-style-wide\"\/>\n\n\n\n<p class=\"has-text-align-center\">Odpowiedni dla wszystkich rodzaj\u00f3w przemys\u0142u<\/p>\n<\/div>\n<\/div>\n\n<h2 class=\"wp-block-heading\">Jakie s\u0105 cechy charakterystyczne ePUR Ex?<\/h2>\n\n<p>Oczyszczacze <strong>ePUR Ex 1000, 3000 i 5000<\/strong> mog\u0105 <strong>zawiera\u0107 do 3 etap\u00f3w wysokowydajnej filtracji<\/strong>. Mo\u017cliwe s\u0105 r\u00f3\u017cne konfiguracje, zar\u00f3wno 2-stopniowe z filtrem HEPA 13\/14 i 6 kg w\u0119gla aktywnego. Lub w 3 etapach z pierwszym filtrem konfigurowalnym zgodnie z potrzebami, a nast\u0119pnie kolejnym filtrem w po\u0142owie HEPA 13\/14 i po\u0142ow\u0105 w\u0119gla aktywnego (3 kg).  <\/p>\n\n<p>W przypadku<strong>ePUR Ex 3000<\/strong>, \u015bredniego urz\u0105dzenia w gamie, znajdziesz pierwszy filtr, kt\u00f3ry mo\u017cna w pe\u0142ni skonfigurowa\u0107 zgodnie z w\u0142asnymi potrzebami. Drugi filtr to HEPA 13\/14 o powierzchni filtracyjnej 5,6 m\u00b2. Trzeci filtr to kaseta z w\u0119glem aktywnym o wadze 6 kg. Jej maksymalne nat\u0119\u017cenie przep\u0142ywu wynosi <strong>260 m3\/h <\/strong>(pod obci\u0105\u017ceniem). Wa\u017cy 65 kg i ma 99 cm wysoko\u015bci (waga bez filtra).    <\/p>\n\n<p>Odkurzacz<strong>ePUR Ex<\/strong> 5000 wyr\u00f3\u017cnia si\u0119 du\u017c\u0105 moc\u0105 ssania i <strong>wysokim nat\u0119\u017ceniem przep\u0142ywu wynosz\u0105cym 2800 m3\/h<\/strong>. Jego filtry s\u0105 tak samo konfigurowalne, jak w 2 poprzednich modelach. Standardowo urz\u0105dzenie jest wyposa\u017cone w filtr wst\u0119pny E10 o powierzchni filtracyjnej 19 m\u00b2 i filtr H14 HEPA o powierzchni filtracyjnej 20 m\u00b2.  <\/p>\n\n<p>ePUR Ex 1000 wa\u017cy 58 kg przy wysoko\u015bci 63 cm, a ePUR Ex 5000 wa\u017cy 240 kg przy wysoko\u015bci 159 cm (waga z filtrem).<\/p>\n\n<p>Ich poziom ha\u0142asu podczas pracy jest stosunkowo niski (62 dB). Materia\u0142y ze stali nierdzewnej sprawiaj\u0105, \u017ce s\u0105 one wytrzyma\u0142e i niezawodne. S\u0105 one r\u00f3wnie\u017c wyposa\u017cone w ekran sterowania u\u0142atwiaj\u0105cy konfiguracj\u0119.<\/p>\n\n<figure class=\"wp-block-table\"><table class=\"has-fixed-layout\"><thead><tr><th>Urz\u0105dzenie<\/th><th><\/th><th>ePUR Ex 1000<\/th><th>ePUR Ex 3000<\/th><th>ePUR Ex 5000<\/th><\/tr><\/thead><tbody><tr><td>Przep\u0142yw<\/td><td>m3\/h<\/td><td>350<\/td><td>460<\/td><td>2.800<\/td><\/tr><tr><td>\u015arednica wlotu<\/td><td>mm<\/td><td>50<\/td><td>50<\/td><td>150<\/td><\/tr><tr><td>maksymalne podci\u015bnienie<\/td><td>Pa<\/td><td>10 000<\/td><td>10 000<\/td><td>6000<\/td><\/tr><tr><td>Napi\u0119cie zasilania<\/td><td>V<\/td><td>230 (lub 110)<\/td><td>230 (lub 110)<\/td><td>400<\/td><\/tr><tr><td>Moc<\/td><td>kW<\/td><td>1.1<\/td><td>1.1<\/td><td>2.4<\/td><\/tr><tr><td>Powierzchnia filtruj\u0105ca 1. pi\u0119tro<\/td><td>m\u00b2<\/td><td>2.2<\/td><td>2.5<\/td><td>19<\/td><\/tr><tr><td>Powierzchnia filtra 2. pi\u0119tro<\/td><td>m\u00b2<\/td><td>2.8<\/td><td>5.6<\/td><td>20<\/td><\/tr><tr><td>Ilo\u015b\u0107 w\u0119gla aktywnego 3. stopie\u0144<\/td><td>kg<\/td><td>3<\/td><td>5.8<\/td><td>X<\/td><\/tr><tr><td>Wymiary<\/td><td>l\/L\/h (mm)<\/td><td>436 x 527 x 638<\/td><td>430 x 400 x 996 mm<\/td><td>780 x 970 x 1590<\/td><\/tr><tr><td>Waga (bez filtr\u00f3w)<\/td><td>kg<\/td><td>58<\/td><td>65<\/td><td>240<\/td><\/tr><tr><td>Poziom ha\u0142asu<\/td><td>dB(A)<\/td><td>62<\/td><td>62<\/td><td>75<\/td><\/tr><\/tbody><\/table><\/figure>\n\n<h2 class=\"wp-block-heading\">Jakie s\u0105 zalety naszych elektronicznych urz\u0105dze\u0144 do poch\u0142aniania dym\u00f3w spawalniczych?<\/h2>\n\n<p><\/p>\n\n<div class=\"wp-block-columns is-layout-flex wp-container-core-columns-is-layout-28f84493 wp-block-columns-is-layout-flex\">\n<div class=\"wp-block-column is-layout-flow wp-block-column-is-layout-flow\" style=\"flex-basis:25%\"><\/div>\n\n\n\n<div class=\"wp-block-column is-layout-flow wp-block-column-is-layout-flow\" style=\"flex-basis:50%\">\n<figure class=\"wp-block-embed is-type-video is-provider-youtube wp-block-embed-youtube wp-embed-aspect-16-9 wp-has-aspect-ratio\"><div class=\"wp-block-embed__wrapper\">\n<iframe title=\"TRAITEMENT COV, ODEURS, POUSSI\u00c8RES ET POLLUANTS GAZEUX - ePUR EX1000 - Obera\" width=\"1200\" height=\"675\" src=\"https:\/\/www.youtube.com\/embed\/05A45bNzFEY?feature=oembed\" frameborder=\"0\" allow=\"accelerometer; autoplay; clipboard-write; encrypted-media; gyroscope; picture-in-picture; web-share\" referrerpolicy=\"strict-origin-when-cross-origin\" allowfullscreen><\/iframe>\n<\/div><\/figure>\n\n\n\n<p><\/p>\n<\/div>\n\n\n\n<div class=\"wp-block-column is-layout-flow wp-block-column-is-layout-flow\" style=\"flex-basis:25%\"><\/div>\n<\/div>\n\n<p>Korzy\u015bci jest wiele, ale przede wszystkim <strong>ochrona pracownik\u00f3w<\/strong> przed licznymi chorobami uk\u0142adu oddechowego i sk\u00f3ry, na kt\u00f3re s\u0105 nara\u017ceni. Kolejn\u0105 zalet\u0105 jest ochrona narz\u0119dzi produkcyjnych, prowadz\u0105ca do zmniejszenia liczby awarii, a tym samym do zwi\u0119kszenia ich trwa\u0142o\u015bci.  R\u00f3\u017cne mo\u017cliwe konfiguracje filtr\u00f3w pozwalaj\u0105 na ca\u0142kowite dostosowanie do danego problemu. <\/p>\n\n<blockquote class=\"wp-block-quote is-layout-flow wp-block-quote-is-layout-flow\">\n<p>Niski poziom ha\u0142asu podczas pracy oznacza, \u017ce mo\u017cna go zainstalowa\u0107 bezpo\u015brednio w miejscu pracy.  <\/p>\n<\/blockquote>\n\n<p>Urz\u0105dzenia zosta\u0142y zaprojektowane przy u\u017cyciu wytrzyma\u0142ych materia\u0142\u00f3w, takich jak stal nierdzewna, dzi\u0119ki czemu s\u0105 bardziej odporne. Filtry mo\u017cna wymienia\u0107 szybko i \u0142atwo. <strong>Elektronicznie komutowane wentylatory EC<\/strong> zapewniaj\u0105 optymaln\u0105 wydajno\u015b\u0107 i bezstopniow\u0105 regulacj\u0119. Panel sterowania oferuje r\u00f3wnie\u017c szeroki zakres ustawie\u0144, w tym zdalne sterowanie i wy\u015bwietlanie stanu urz\u0105dzenia (zatkany, przebity filtr itp.) dla optymalnej \u0142atwo\u015bci u\u017cytkowania. Zgodnie z prawem nasze urz\u0105dzenia umo\u017cliwiaj\u0105 zachowanie zgodno\u015bci z limitem nara\u017cenia zawodowego (OEL).    <\/p>\n\n<div class=\"wp-block-columns is-layout-flex wp-container-core-columns-is-layout-28f84493 wp-block-columns-is-layout-flex\">\n<div class=\"wp-block-column is-layout-flow wp-block-column-is-layout-flow\">\n<h3 class=\"wp-block-heading has-text-align-center\">Korzy\u015bci<\/h3>\n\n\n\n<ul class=\"wp-block-list\">\n<li>3 etapy wysokowydajnej filtracji<\/li>\n\n\n\n<li>T\u0142umik<\/li>\n\n\n\n<li>Szybka i \u0142atwa wymiana stopni filtracji<\/li>\n\n\n\n<li>Mobilno\u015b\u0107 i oszcz\u0119dno\u015b\u0107 miejsca<\/li>\n\n\n\n<li>Mo\u017ce by\u0107 u\u017cywany do odkurzania do 3 stacji roboczych lub maszyn produkcyjnych<\/li>\n<\/ul>\n<\/div>\n\n\n\n<div class=\"wp-block-column is-layout-flow wp-block-column-is-layout-flow\">\n<h3 class=\"wp-block-heading has-text-align-center\">Funkcje specjalne<\/h3>\n\n\n\n<ul class=\"wp-block-list\">\n<li>Certyfikat ATEX<\/li>\n\n\n\n<li>Elektronicznie komutowany wentylator EC dla zoptymalizowanej wydajno\u015bci i bezstopniowej regulacji<\/li>\n\n\n\n<li>Mo\u017cliwo\u015b\u0107 konfiguracji z szerok\u0105 gam\u0105 akcesori\u00f3w<\/li>\n<\/ul>\n<\/div>\n\n\n\n<div class=\"wp-block-column is-layout-flow wp-block-column-is-layout-flow\">\n<h3 class=\"wp-block-heading has-text-align-center\">Cechy<\/h3>\n\n\n\n<ul class=\"wp-block-list\">\n<li>Znacz\u0105co poprawia jako\u015b\u0107 powietrza poprzez eliminacj\u0119 zapach\u00f3w, lotnych zwi\u0105zk\u00f3w organicznych i innych zanieczyszcze\u0144 gazowych.<\/li>\n<\/ul>\n<\/div>\n<\/div>\n\n<h2 class=\"wp-block-heading\">Jak wybra\u0107 odpowiedni system odpylania?<\/h2>\n\n<p>Wyb\u00f3r odpowiedniego odpylacza jest niezb\u0119dny, aby unikn\u0105\u0107 przedwczesnego zu\u017cycia, kt\u00f3re mo\u017ce prowadzi\u0107 do awarii.<\/p>\n\n<p>Seria ePUR Ex jest <strong>wydajna<\/strong>, <strong>prosta<\/strong>, <strong>kompaktowa<\/strong> i wyposa\u017cona w filtry nasycaj\u0105ce. Mo\u017cesz dowolnie i rozs\u0105dnie wybra\u0107 kombinacj\u0119 etap\u00f3w filtracji, aby zoptymalizowa\u0107 \u017cywotno\u015b\u0107 medi\u00f3w. Nale\u017cy jednak upewni\u0107 si\u0119, \u017ce nasycone filtry cz\u0105stek sta\u0142ych s\u0105 dobrze dostosowane do ilo\u015bci py\u0142u i opar\u00f3w, kt\u00f3re maj\u0105 by\u0107 odci\u0105gane. Inne jednostki s\u0105 dost\u0119pne z regeneracyjnymi wk\u0142adami filtracyjnymi.   <\/p>\n\n<p>Je\u015bli przeprowadzasz badania samodzielnie, pami\u0119taj, aby dowiedzie\u0107 si\u0119 o wydajno\u015bci filtrowania urz\u0105dzenia. B\u0119dzie to zale\u017ce\u0107 od zanieczyszczenia, wielko\u015bci cz\u0105stek, stanu (sta\u0142ego lub gazowego) i st\u0119\u017cenia. Badania te umo\u017cliwi\u0105 wyb\u00f3r idealnego typu filtra do odpylacza. Po drugie, dowiedz si\u0119, jak wydajne jest urz\u0105dzenie, innymi s\u0142owy, jakie jest jego nat\u0119\u017cenie przep\u0142ywu. Ponownie, nat\u0119\u017cenie przep\u0142ywu urz\u0105dzenia b\u0119dzie zale\u017ce\u0107 od ilo\u015bci zanieczyszcze\u0144, a tak\u017ce od powierzchni pomieszczenia, kt\u00f3re ma by\u0107 oczyszczone.    Im wi\u0119ksza przestrze\u0144, tym wi\u0119kszy przep\u0142yw b\u0119dzie potrzebny.<\/p>\n\n<p>Nast\u0119pnym krokiem jest podj\u0119cie decyzji, w jakie akcesoria wyposa\u017cy\u0107 maszyn\u0119: kana\u0142 pod\u0142\u0105czony do maszyny produkcyjnej lub<a href=\"https:\/\/obera.fr\/pl\/produits\/bras-dispositifs-captation\/capot-industriel\/\"> rami\u0119 ss\u0105ce<\/a> do stacji roboczej.<\/p>\n\n<hr class=\"wp-block-separator has-css-opacity is-style-dots\"\/>\n\n<div class=\"wp-block-buttons is-horizontal is-content-justification-center is-layout-flex wp-container-core-buttons-is-layout-03627597 wp-block-buttons-is-layout-flex\">\n<div class=\"wp-block-button has-custom-width wp-block-button__width-100\"><a class=\"wp-block-button__link wp-element-button\" href=\"https:\/\/obera.fr\/pl\/skontaktuj-sie-z-nami\/\">Dowiedz si\u0119 wi\u0119cej<\/a><\/div>\n<\/div>\n\n<h2 class=\"wp-block-heading\">Inne ma\u0142e odpylacze marki OberA<\/h2>\n\n<div class=\"wp-block-columns is-layout-flex wp-container-core-columns-is-layout-28f84493 wp-block-columns-is-layout-flex\">\n<div class=\"wp-block-column is-layout-flow wp-block-column-is-layout-flow\">\n<figure class=\"wp-block-image aligncenter size-medium\"><a href=\"https:\/\/obera.fr\/pl\/produits\/depoussiereurs-industriels\/petits\/jumbo\/\"><img decoding=\"async\" width=\"300\" height=\"300\" src=\"https:\/\/obera.fr\/wp-content\/uploads\/2020\/10\/jumbo-300x300.png\" alt=\"Jumbo\" class=\"wp-image-1171\" srcset=\"https:\/\/obera.fr\/wp-content\/uploads\/2020\/10\/jumbo-300x300.png 300w, https:\/\/obera.fr\/wp-content\/uploads\/2020\/10\/jumbo-150x150.png 150w, https:\/\/obera.fr\/wp-content\/uploads\/2020\/10\/jumbo.png 500w\" sizes=\"(max-width: 300px) 100vw, 300px\" \/><\/a><figcaption class=\"wp-element-caption\">Jumbo<\/figcaption><\/figure>\n<\/div>\n\n\n\n<div class=\"wp-block-column is-layout-flow wp-block-column-is-layout-flow\">\n<figure class=\"wp-block-image aligncenter size-medium\"><a href=\"https:\/\/obera.fr\/pl\/produits\/depoussiereurs-industriels\/petits\/tk-serie\/\"><img decoding=\"async\" width=\"300\" height=\"300\" src=\"https:\/\/obera.fr\/wp-content\/uploads\/2020\/11\/tk-series-300x300.jpg\" alt=\"Seria TK\" class=\"wp-image-1607\" srcset=\"https:\/\/obera.fr\/wp-content\/uploads\/2020\/11\/tk-series-300x300.jpg 300w, https:\/\/obera.fr\/wp-content\/uploads\/2020\/11\/tk-series-150x150.jpg 150w, https:\/\/obera.fr\/wp-content\/uploads\/2020\/11\/tk-series.jpg 600w\" sizes=\"(max-width: 300px) 100vw, 300px\" \/><\/a><figcaption class=\"wp-element-caption\">TK Serie<\/figcaption><\/figure>\n<\/div>\n\n\n\n<div class=\"wp-block-column is-layout-flow wp-block-column-is-layout-flow\">\n<figure class=\"wp-block-image aligncenter size-medium\"><a href=\"https:\/\/obera.fr\/pl\/produits\/depoussiereurs-industriels\/petits\/srf-t\/\"><img decoding=\"async\" width=\"300\" height=\"300\" src=\"https:\/\/obera.fr\/wp-content\/uploads\/2020\/10\/SRF-T-SF-300x300.png\" alt=\"Srf T Sf\" class=\"wp-image-1310\" srcset=\"https:\/\/obera.fr\/wp-content\/uploads\/2020\/10\/SRF-T-SF-300x300.png 300w, https:\/\/obera.fr\/wp-content\/uploads\/2020\/10\/SRF-T-SF-150x150.png 150w, https:\/\/obera.fr\/wp-content\/uploads\/2020\/10\/SRF-T-SF.png 600w\" sizes=\"(max-width: 300px) 100vw, 300px\" \/><\/a><figcaption class=\"wp-element-caption\">SRF-T<\/figcaption><\/figure>\n<\/div>\n<\/div>\n","protected":false},"excerpt":{"rendered":"<p>EPUR Ex to gama 3mobilnych system\u00f3wodci\u0105gu powietrza z certyfikatem ATEX. Jak dzia\u0142a odci\u0105g opar\u00f3w spawalniczych\/laserowych? Obs\u0142uga jest prosta: zanieczyszczone powietrze jest zasysane bezpo\u015brednio przez elastyczny w\u0105\u017c ss\u0105cy pod\u0142\u0105czony do maszyny, ramienia ss\u0105cego, okapu wyci\u0105gowego lub bezpo\u015brednio do maszyny produkcyjnej za po\u015brednictwem sieci kana\u0142\u00f3w. Zanieczyszczone powietrze jest wychwytywane i oczyszczane na r\u00f3\u017cnych etapach filtracji. Oczyszczone powietrze jest nast\u0119pnie odprowadzane z dolnej cz\u0119\u015bci urz\u0105dzenia bezpo\u015brednio do miejsca pracy lub na zewn\u0105trz za pomoc\u0105 sieci kana\u0142\u00f3w wylotowych. Do jakich cel\u00f3w? Te jednostki ss\u0105ce zosta\u0142y zaprojektowane do odci\u0105gania dym\u00f3w spawalniczych i lutowniczych, py\u0142\u00f3w, opar\u00f3w, rozpuszczalnik\u00f3w, gaz\u00f3w, zapach\u00f3w i wszelkiego rodzaju zanieczyszcze\u0144 gazowych. Jednostki s\u0105 &#8230; <\/p>\n<p class=\"read-more-container\"><a title=\"Odci\u0105g opar\u00f3w spawalniczych i laserowych ePUR Ex\" class=\"read-more button\" href=\"https:\/\/obera.fr\/pl\/produits\/depoussiereurs-industriels\/petits\/aspiration-fumees-soudage-laser-epur-b-ex\/#more-48238\" aria-label=\"Dowiedz si\u0119 wi\u0119cej o Odci\u0105g opar\u00f3w spawalniczych i laserowych ePUR Ex\">Lire la suite<\/a><\/p>\n","protected":false},"author":4,"featured_media":83746,"parent":48240,"menu_order":0,"comment_status":"closed","ping_status":"closed","template":"","meta":{"_acf_changed":false,"_seopress_robots_primary_cat":"","_seopress_titles_title":"Odci\u0105g opar\u00f3w spawalniczych i laserowych ePUR Ex oberA","_seopress_titles_desc":"ePUR Ex 1000 \/ 3000 \/ 5000 to gama 3 mobilnych system\u00f3w odci\u0105gu powietrza z certyfikatem ATEX. oberMa\u0142y odpylacz","_seopress_robots_index":"","footnotes":""},"class_list":{"0":"post-48238","1":"page","2":"type-page","3":"status-publish","4":"has-post-thumbnail","6":"no-featured-image-padding","7":"resize-featured-image"},"acf":[],"_links":{"self":[{"href":"https:\/\/obera.fr\/pl\/wp-json\/wp\/v2\/pages\/48238","targetHints":{"allow":["GET"]}}],"collection":[{"href":"https:\/\/obera.fr\/pl\/wp-json\/wp\/v2\/pages"}],"about":[{"href":"https:\/\/obera.fr\/pl\/wp-json\/wp\/v2\/types\/page"}],"author":[{"embeddable":true,"href":"https:\/\/obera.fr\/pl\/wp-json\/wp\/v2\/users\/4"}],"replies":[{"embeddable":true,"href":"https:\/\/obera.fr\/pl\/wp-json\/wp\/v2\/comments?post=48238"}],"version-history":[{"count":13,"href":"https:\/\/obera.fr\/pl\/wp-json\/wp\/v2\/pages\/48238\/revisions"}],"predecessor-version":[{"id":145908,"href":"https:\/\/obera.fr\/pl\/wp-json\/wp\/v2\/pages\/48238\/revisions\/145908"}],"up":[{"embeddable":true,"href":"https:\/\/obera.fr\/pl\/wp-json\/wp\/v2\/pages\/48240"}],"wp:featuredmedia":[{"embeddable":true,"href":"https:\/\/obera.fr\/pl\/wp-json\/wp\/v2\/media\/83746"}],"wp:attachment":[{"href":"https:\/\/obera.fr\/pl\/wp-json\/wp\/v2\/media?parent=48238"}],"curies":[{"name":"wp","href":"https:\/\/api.w.org\/{rel}","templated":true}]}}