{"id":48240,"date":"2020-08-26T12:35:06","date_gmt":"2020-08-26T10:35:06","guid":{"rendered":"https:\/\/obera.fr\/nasze-produkty\/odpylacze-przemyslowe\/male-odpylacze-przemyslowe\/"},"modified":"2026-02-06T13:25:37","modified_gmt":"2026-02-06T11:25:37","slug":"petits","status":"publish","type":"page","link":"https:\/\/obera.fr\/pl\/produits\/depoussiereurs-industriels\/petits\/","title":{"rendered":"Ma\u0142e odpylacze przemys\u0142owe"},"content":{"rendered":"\n\n<h2 class=\"wp-block-heading\">Czym jest ma\u0142y odpylacz przemys\u0142owy?<\/h2>\n\n<p>Ma\u0142y odpylacz to zazwyczaj <strong>niewielka jednostka oczyszczania powietrza o wydajno\u015bci ssania od 80 m3\/h do 500 m3\/h<\/strong>. Odpylacze te s\u0105 na og\u00f3\u0142 ciche, mobilne i \u0142atwe do przenoszenia, a tak\u017ce zazwyczaj zdolne do odsysania pojedynczej maszyny produkcyjnej. Te kompaktowe odpylacze s\u0105 wyposa\u017cone w nasycony materia\u0142 filtracyjny (dla ePUR ex 1000\/3000) lub r\u0119cznie wyjmowany filtr.  <\/p>\n\n<p>Ma\u0142e odpylacze s\u0142u\u017c\u0105 do zbierania powietrza o niskiej lub \u015bredniej zawarto\u015bci py\u0142u. Odpylacze te <strong>wychwytuj\u0105 py\u0142 i opary<\/strong> z maszyn do grawerowania laserowego, stanowisk spawalniczych i ma\u0142ych stanowisk wa\u017cenia. Odpylacze wyposa\u017cone w filtry regeneracyjne nadaj\u0105 si\u0119 do drobnych, suchych py\u0142\u00f3w i maj\u0105 tac\u0119 zatrzymuj\u0105c\u0105 py\u0142, kt\u00f3r\u0105 mo\u017cna wyposa\u017cy\u0107 w worek. Worek ten umo\u017cliwia \u0142atwe i czyste opr\u00f3\u017cnianie zebranego py\u0142u.     <\/p>\n\n<p>Modele <a href=\"https:\/\/obera.fr\/pl\/produits\/depoussiereurs-industriels\/\" data-type=\"page\" data-id=\"31\">odpylaczy<\/a> wyposa\u017cone w filtry nasyceniowe (model <a href=\"https:\/\/obera.fr\/pl\/produits\/depoussiereurs-industriels\/petits\/aspiration-fumees-soudage-laser-epur-b-ex\/\" data-type=\"page\" data-id=\"480\">ePUR ex<\/a>) s\u0105 odpowiednie do wszystkich rodzaj\u00f3w py\u0142\u00f3w i dym\u00f3w w niewielkich ilo\u015bciach. To sam filtr zatrzymuje i magazynuje py\u0142. Gdy filtr jest pe\u0142ny, nale\u017cy go usun\u0105\u0107 do przeznaczonego do tego worka. Media filtracyjne s\u0105 \u0142atwo dost\u0119pne we wszystkich naszych modelach ma\u0142ych odpylaczy i mo\u017cna je \u0142atwo wymienia\u0107. Te odpylacze umo\u017cliwiaj\u0105 wychwytywanie <strong>py\u0142u szlifierskiego<\/strong>, <strong>py\u0142u z piaskowania<\/strong> oraz py\u0142u obecnego na stanowiskach <strong>dozowania<\/strong> i <strong>wa\u017cenia<\/strong>.<\/p>\n\n<h2 class=\"wp-block-heading\">Odkryj wszystkie nasze kompaktowe odpylacze:<\/h2>\n\n<p><\/p>\n\n<p><\/p>\n\n<div class=\"wp-block-columns is-layout-flex wp-container-core-columns-is-layout-28f84493 wp-block-columns-is-layout-flex\">\n<div class=\"wp-block-column is-layout-flow wp-block-column-is-layout-flow\">\n<h3 class=\"wp-block-heading has-text-align-center\">SERIA TK<\/h3>\n\n\n\n<figure class=\"wp-block-image aligncenter size-full is-resized\"><a href=\"https:\/\/obera.fr\/pl\/produits\/depoussiereurs-industriels\/petits\/tk-serie\/\"><img decoding=\"async\" width=\"600\" height=\"600\" src=\"https:\/\/obera.fr\/wp-content\/uploads\/2020\/11\/tk-series.jpg\" alt=\"Laboratorium - sprz&#x119;t laboratoryjny\" class=\"wp-image-1607\" style=\"width:300px;height:300px\" srcset=\"https:\/\/obera.fr\/wp-content\/uploads\/2020\/11\/tk-series.jpg 600w, https:\/\/obera.fr\/wp-content\/uploads\/2020\/11\/tk-series-300x300.jpg 300w, https:\/\/obera.fr\/wp-content\/uploads\/2020\/11\/tk-series-150x150.jpg 150w\" sizes=\"(max-width: 600px) 100vw, 600px\" \/><\/a><figcaption class=\"wp-element-caption\">TK Serie<\/figcaption><\/figure>\n\n\n\n<p>Odpylacze <a href=\"https:\/\/obera.fr\/pl\/produits\/depoussiereurs-industriels\/petits\/tk-serie\/\" data-type=\"page\" data-id=\"1589\">serii TK<\/a><strong> <\/strong>to kompaktowe odpylacze przeznaczone do odsysania niewielkich ilo\u015bci py\u0142u w zastosowaniach na ma\u0142\u0105 skal\u0119 lub przemys\u0142owych, kt\u00f3re mo\u017cna pod\u0142\u0105czy\u0107 bezpo\u015brednio do maszyn produkcyjnych w celu wychwytywania py\u0142u u \u017ar\u00f3d\u0142a. Urz\u0105dzenie jest idealne do pracy przerywanej. Urz\u0105dzenia te s\u0105 skuteczne w oczyszczaniu gruboziarnistego py\u0142u metalowego, w szczeg\u00f3lno\u015bci pochodz\u0105cego ze szlifowania metali w przemy\u015ble jubilerskim. Urz\u0105dzenie jest bardzo proste w obs\u0142udze i \u0142atwe do przenoszenia dzi\u0119ki niewielkim rozmiarom i wadze.     <\/p>\n\n\n\n<p>Ma\u0142y odpylacz TK <strong>4<\/strong> ma maksymalne nat\u0119\u017cenie przep\u0142ywu 300 m3\/h, a ma\u0142y odpylacz TK 6 ma nat\u0119\u017cenie przep\u0142ywu 450 m3\/h. Oczyszczone powietrze jest odprowadzane bezpo\u015brednio do miejsca pracy. <\/p>\n<\/div>\n\n\n\n<div class=\"wp-block-column is-layout-flow wp-block-column-is-layout-flow\">\n<h3 class=\"wp-block-heading has-text-align-center\">EPUR Ex 1000-3000-5000<\/h3>\n\n\n\n<figure class=\"wp-block-image aligncenter size-medium is-resized\"><a href=\"https:\/\/obera.fr\/pl\/produits\/depoussiereurs-industriels\/petits\/aspiration-fumees-soudage-laser-epur-b-ex\/\"><img decoding=\"async\" width=\"300\" height=\"300\" src=\"https:\/\/obera.fr\/wp-content\/uploads\/2023\/10\/epurb-ex-1000-3000-5000-300x300.png\" alt=\"oberA epur b ex 1000 3000 5000\" class=\"wp-image-25016\" style=\"width:298px;height:auto\" srcset=\"https:\/\/obera.fr\/wp-content\/uploads\/2023\/10\/epurb-ex-1000-3000-5000-300x300.png 300w, https:\/\/obera.fr\/wp-content\/uploads\/2023\/10\/epurb-ex-1000-3000-5000-150x150.png 150w, https:\/\/obera.fr\/wp-content\/uploads\/2023\/10\/epurb-ex-1000-3000-5000.png 600w\" sizes=\"(max-width: 300px) 100vw, 300px\" \/><\/a><figcaption class=\"wp-element-caption\">EPUR EX 1000-3000-5000<\/figcaption><\/figure>\n\n\n\n<p>Gama <a href=\"https:\/\/obera.fr\/pl\/produits\/depoussiereurs-industriels\/petits\/aspiration-fumees-soudage-laser-epur-b-ex\/\" data-type=\"page\" data-id=\"480\">odpylaczy EPUR Ex 1000-3000-5000<\/a><strong> <\/strong>to mobilne urz\u0105dzenia odci\u0105gowe wyposa\u017cone w filtry nasycone. S\u0105 one szczeg\u00f3lnie odpowiednie do odci\u0105gania dym\u00f3w spawalniczych i lutowniczych, py\u0142\u00f3w, opar\u00f3w, rozpuszczalnik\u00f3w i gaz\u00f3w. Te wysoce wszechstronne odpylacze mo\u017cna dostosowa\u0107 do praktycznie ka\u017cdego sektora przemys\u0142owego dzi\u0119ki trzem stopniom filtracji. Mo\u017cliwo\u015b\u0107 sterowania za pomoc\u0105 ekranu dotykowego lub zdalnie zapewnia doskona\u0142\u0105 \u0142atwo\u015b\u0107 obs\u0142ugi. Cichy i wydajny, mo\u017ce odkurza\u0107 do trzech ma\u0142ych stacji roboczych lub maszyn produkcyjnych.    <\/p>\n\n\n\n<p>Odpylacze te nadaj\u0105 si\u0119 do u\u017cytku w strefach ATEX.  <\/p>\n\n\n\n<p>Zalet\u0105 tych urz\u0105dze\u0144 jest to, \u017ce oferuj\u0105 wysok\u0105 moc ssania (do 10 000 Pa podci\u015bnienia) i s\u0105 w pe\u0142ni konfigurowalne. W rzeczywisto\u015bci maj\u0105 dwa lub trzy stopnie filtracji, kt\u00f3rych media filtracyjne mo\u017cna w pe\u0142ni dostosowa\u0107 do stopnia rozdrobnienia i zagro\u017cenia py\u0142em (stopnie filtracji od G4 do HEPA 14). Mo\u017cliwe jest r\u00f3wnie\u017c wybranie stopnia z w\u0119glem aktywnym, specjalnie zaprojektowanego do usuwania zanieczyszcze\u0144 gazowych. Silnik komutowany elektronicznie mo\u017ce by\u0107 r\u00f3wnie\u017c u\u017cywany do zmiany nat\u0119\u017cenia przep\u0142ywu od 0 do 100 procent. Filtry mo\u017cna wymienia\u0107 w spos\u00f3b czysty i bezpieczny, korzystaj\u0105c z dost\u0119pnego zestawu do wymiany, obejmuj\u0105cego: pokryw\u0119 filtra, jednorazow\u0105 hermetyczn\u0105 torb\u0119, osobist\u0105 mask\u0119 ochronn\u0105 i jednorazowe r\u0119kawiczki.    <\/p>\n<\/div>\n<\/div>\n\n<p><\/p>\n\n<p><\/p>\n\n<div class=\"wp-block-columns is-layout-flex wp-container-core-columns-is-layout-28f84493 wp-block-columns-is-layout-flex\">\n<div class=\"wp-block-column is-layout-flow wp-block-column-is-layout-flow\">\n<h3 class=\"wp-block-heading has-text-align-center\"><strong>SRF-T<\/strong><\/h3>\n\n\n\n<div class=\"wp-block-columns is-layout-flex wp-container-core-columns-is-layout-28f84493 wp-block-columns-is-layout-flex\">\n<div class=\"wp-block-column is-layout-flow wp-block-column-is-layout-flow\">\n<figure class=\"wp-block-image aligncenter size-large is-resized\"><a href=\"https:\/\/obera.fr\/pl\/produits\/depoussiereurs-industriels\/petits\/srf-t\/\"><img decoding=\"async\" width=\"600\" height=\"600\" src=\"https:\/\/obera.fr\/wp-content\/uploads\/2020\/10\/SRF-T-SF.png\" alt=\"Dym - Odpylacz\" class=\"wp-image-1310\" style=\"width:259px;height:259px\" srcset=\"https:\/\/obera.fr\/wp-content\/uploads\/2020\/10\/SRF-T-SF.png 600w, https:\/\/obera.fr\/wp-content\/uploads\/2020\/10\/SRF-T-SF-300x300.png 300w, https:\/\/obera.fr\/wp-content\/uploads\/2020\/10\/SRF-T-SF-150x150.png 150w\" sizes=\"(max-width: 600px) 100vw, 600px\" \/><\/a><figcaption class=\"wp-element-caption\">SRF-T<\/figcaption><\/figure>\n<\/div>\n<\/div>\n\n\n\n<p><a href=\"https:\/\/obera.fr\/pl\/produits\/depoussiereurs-industriels\/petits\/srf-t\/\">SRF T to urz\u0105dzenie przeno\u015bne<\/a>, przeznaczone do <strong>odsysania i usuwania dym\u00f3w spawalniczych<\/strong>. Posiada wysokie podci\u015bnienie powietrza i mo\u017ce by\u0107 pod\u0142\u0105czony bezpo\u015brednio do palnik\u00f3w spawalniczych, aby usuwa\u0107 zanieczyszczenia bezpo\u015brednio u \u017ar\u00f3d\u0142a.<\/p>\n\n\n\n<p>Dost\u0119pnych jest kilka modeli, w tym <strong>SRF T<\/strong> -2, kt\u00f3ry \u0142\u0105czy jedno rami\u0119 odci\u0105gowe i <strong>SRF T-4<\/strong>, kt\u00f3ry \u0142\u0105czy do dw\u00f3ch ramion.  <\/p>\n\n\n\n<p>Urz\u0105dzenie to szczeg\u00f3lnie dobrze nadaje si\u0119 do zastosowa\u0144 takich jak stocznie, stanowiska spawania ma\u0142ych cz\u0119\u015bci i zak\u0142ady produkcji samochod\u00f3w. Wk\u0142ady filtracyjne nadaj\u0105 si\u0119 do czyszczenia i wielokrotnego u\u017cytku. <\/p>\n<\/div>\n\n\n\n<div class=\"wp-block-column is-layout-flow wp-block-column-is-layout-flow\">\n<h3 class=\"wp-block-heading has-text-align-center\"><strong>JUMBO<\/strong><\/h3>\n\n\n\n<figure class=\"wp-block-image aligncenter size-large is-resized\"><a href=\"https:\/\/obera.fr\/pl\/produits\/depoussiereurs-industriels\/petits\/jumbo\/\"><img decoding=\"async\" width=\"500\" height=\"500\" src=\"https:\/\/obera.fr\/wp-content\/uploads\/2020\/12\/Jumbo2.png\" alt=\"Jumbo2\" class=\"wp-image-3839\" style=\"width:256px;height:auto\" srcset=\"https:\/\/obera.fr\/wp-content\/uploads\/2020\/12\/Jumbo2.png 500w, https:\/\/obera.fr\/wp-content\/uploads\/2020\/12\/Jumbo2-300x300.png 300w, https:\/\/obera.fr\/wp-content\/uploads\/2020\/12\/Jumbo2-150x150.png 150w\" sizes=\"(max-width: 500px) 100vw, 500px\" \/><\/a><figcaption class=\"wp-element-caption\"><a href=\"https:\/\/obera.fr\/pl\/produits\/depoussiereurs-industriels\/petits\/jumbo\/\">JUMBO<\/a><\/figcaption><\/figure>\n\n\n\n<p><a href=\"https:\/\/obera.fr\/pl\/produits\/depoussiereurs-industriels\/petits\/jumbo\/\">Jumbo <\/a>to niewielki, wszechstronny odpylacz, kt\u00f3ry mo\u017cna <strong>dostosowa\u0107 do szerokiego zakresu zastosowa\u0144.<\/strong> Co wi\u0119cej, jego przep\u0142yw 170 m3\/h i podci\u015bnienie 2800 Pa oznaczaj\u0105, \u017ce mo\u017ce odkurza\u0107 od 1 do 2 stanowisk pracy.<\/p>\n\n\n\n<p>Ten ma\u0142y odpylacz jest szczeg\u00f3lnie odpowiedni do odsysania <strong>drobnego i grubego py\u0142u<\/strong>, a tak\u017ce <strong>dym\u00f3w, opar\u00f3w i zapach\u00f3w<\/strong>.<\/p>\n\n\n\n<p>Zajmuje bardzo<strong> ma\u0142o<\/strong> miejsca na pod\u0142odze i zu\u017cywa bardzo ma\u0142o energii. Wyposa\u017cony w kilka przegub\u00f3w, mo\u017ce odkurza\u0107 w r\u00f3\u017cnych pozycjach i<strong> dostosowywa\u0107 si\u0119 do ka\u017cdej sytuacji.<\/strong> <\/p>\n<\/div>\n<\/div>\n\n<div class=\"wp-block-buttons is-horizontal is-content-justification-center is-layout-flex wp-container-core-buttons-is-layout-03627597 wp-block-buttons-is-layout-flex\">\n<div class=\"wp-block-button has-custom-width wp-block-button__width-100\"><a class=\"wp-block-button__link wp-element-button\" href=\"https:\/\/obera.fr\/pl\/skontaktuj-sie-z-nami\/\">Dowiedz si\u0119 wi\u0119cej<\/a><\/div>\n<\/div>\n\n<div style=\"height:45px\" aria-hidden=\"true\" class=\"wp-block-spacer\"><\/div>\n\n<div class=\"wp-block-columns is-layout-flex wp-container-core-columns-is-layout-28f84493 wp-block-columns-is-layout-flex\">\n<div class=\"wp-block-column is-layout-flow wp-block-column-is-layout-flow\" style=\"flex-basis:60%\">\n<h3 class=\"wp-block-heading\">Wynajmij gotowe do u\u017cycia ma\u0142e odpylacze<\/h3>\n\n\n\n<p>Zwi\u0119ksz <strong>reaktywno\u015b\u0107 dzi\u0119ki wynajmowi ma\u0142ych odpylaczy OberA<\/strong>. Kompaktowe, mobilne i ciche, instaluje si\u0119 je jak najbli\u017cej \u017ar\u00f3d\u0142a, aby obs\u0142ugiwa\u0107 stanowiska grawerowania laserowego, spawania, wa\u017cenia\/dozowania lub ma\u0142e maszyny. W zale\u017cno\u015bci od zastosowania, u\u017cywa si\u0119 odpowiedniego modelu: seria TK (\u2248300\u2013450 m\u00b3\/h) do potrzeb sporadycznych, JUMBO (170 m\u00b3\/h) do 1\u20132 stanowisk, SRF-T do dym\u00f3w spawalniczych (pod\u0142\u0105czenie do palnika) lub EPUR EX 1000\u20133000\u20135000 do <strong>konfiguracji wielostopniowej<\/strong>. Dost\u0119pne wersje ATEX.   <\/p>\n\n\n\n<p><\/p>\n\n\n\n<p>Nasze umowy s\u0105 elastyczne (kr\u00f3tko\/d\u0142ugoterminowe, wielostanowiskowe) z <strong>wliczon\u0105 konserwacj\u0105<\/strong>. Konfigurowalne filtracje od G4 do HEPA 14, w\u0119giel aktywny do gaz\u00f3w\/zapach\u00f3w, podci\u015bnienie do 10 000 Pa i zmienny przep\u0142yw w celu <strong>dostosowania do Pa\u0144stwa proces\u00f3w<\/strong>. Mo\u017cliwo\u015b\u0107 zakupu z odliczeniem czynszu.  <\/p>\n\n\n\n<p><\/p>\n\n\n\n<div class=\"wp-block-buttons is-content-justification-center is-layout-flex wp-container-core-buttons-is-layout-a89b3969 wp-block-buttons-is-layout-flex\">\n<div class=\"wp-block-button\"><a class=\"wp-block-button__link wp-element-button\" href=\"https:\/\/obera.fr\/pl\/location-sans-engagement\/\">Wynajmij ma\u0142y odpylacz ju\u017c teraz<\/a><\/div>\n<\/div>\n<\/div>\n\n\n\n<div class=\"wp-block-column is-vertically-aligned-center is-layout-flow wp-block-column-is-layout-flow\" style=\"flex-basis:30%\">\n<figure class=\"wp-block-image aligncenter size-full\"><img decoding=\"async\" width=\"300\" height=\"300\" src=\"https:\/\/obera.fr\/wp-content\/uploads\/2022\/11\/petits-depoussiereurs.png\" alt=\"ma&#x142;e odpylacze\" class=\"wp-image-16146\" srcset=\"https:\/\/obera.fr\/wp-content\/uploads\/2022\/11\/petits-depoussiereurs.png 300w, https:\/\/obera.fr\/wp-content\/uploads\/2022\/11\/petits-depoussiereurs-150x150.png 150w\" sizes=\"(max-width: 300px) 100vw, 300px\" \/><\/figure>\n<\/div>\n<\/div>\n\n<div style=\"height:45px\" aria-hidden=\"true\" class=\"wp-block-spacer\"><\/div>\n\n<hr class=\"wp-block-separator has-css-opacity\"\/>\n\n<div class=\"wp-block-group is-layout-flow wp-block-group-is-layout-flow\">\n<h2 class=\"wp-block-heading\">Inne gamy odpylaczy przemys\u0142owych oberA<\/h2>\n\n\n\n<div class=\"wp-block-buttons is-content-justification-center is-layout-flex wp-container-core-buttons-is-layout-a89b3969 wp-block-buttons-is-layout-flex\">\n<div class=\"wp-block-button\"><a class=\"wp-block-button__link wp-element-button\" href=\"https:\/\/obera.fr\/pl\/produits\/depoussiereurs-industriels\/mobiles\/\">mobilne odpylacze  <\/a><\/div>\n\n\n\n<div class=\"wp-block-button\"><a class=\"wp-block-button__link wp-element-button\" href=\"https:\/\/obera.fr\/pl\/produits\/depoussiereurs-industriels\/fixes\/\"> Sta\u0142e <strong>odpylacze<\/strong><\/a><\/div>\n<\/div>\n<\/div>\n\n<p><\/p>\n","protected":false},"excerpt":{"rendered":"<p>Czym jest ma\u0142y odpylacz przemys\u0142owy? Ma\u0142y odpylacz to zazwyczaj niewielka jednostka oczyszczania powietrza o wydajno\u015bci ssania od 80 m3\/h do 500 m3\/h. Odpylacze te s\u0105 na og\u00f3\u0142 ciche, mobilne i \u0142atwe do przenoszenia, a tak\u017ce zazwyczaj zdolne do odsysania pojedynczej maszyny produkcyjnej. Te kompaktowe odpylacze s\u0105 wyposa\u017cone w nasycony materia\u0142 filtracyjny (dla ePUR ex 1000\/3000) lub r\u0119cznie wyjmowany filtr. Ma\u0142e odpylacze s\u0142u\u017c\u0105 do zbierania powietrza o niskiej lub \u015bredniej zawarto\u015bci py\u0142u. Odpylacze te wychwytuj\u0105 py\u0142 i opary z maszyn do grawerowania laserowego, stanowisk spawalniczych i ma\u0142ych stanowisk wa\u017cenia. Odpylacze wyposa\u017cone w filtry regeneracyjne nadaj\u0105 si\u0119 do drobnych, suchych py\u0142\u00f3w i &#8230; <\/p>\n<p class=\"read-more-container\"><a title=\"Ma\u0142e odpylacze przemys\u0142owe\" class=\"read-more button\" href=\"https:\/\/obera.fr\/pl\/produits\/depoussiereurs-industriels\/petits\/#more-48240\" aria-label=\"Dowiedz si\u0119 wi\u0119cej o Ma\u0142e odpylacze przemys\u0142owe\">Lire la suite<\/a><\/p>\n","protected":false},"author":4,"featured_media":103625,"parent":45669,"menu_order":0,"comment_status":"closed","ping_status":"closed","template":"","meta":{"_acf_changed":false,"_seopress_robots_primary_cat":"","_seopress_titles_title":"Ma\u0142e odpylacze EPUR B Ex, SRF-T Filtry workowe i ePURBOX","_seopress_titles_desc":"Ma\u0142e odpylacze to niewielkie urz\u0105dzenia do oczyszczania powietrza. Te przemys\u0142owe odpylacze s\u0105 ciche, mobilne i \u0142atwe do przenoszenia. ","_seopress_robots_index":"","footnotes":""},"class_list":{"0":"post-48240","1":"page","2":"type-page","3":"status-publish","4":"has-post-thumbnail","6":"no-featured-image-padding","7":"resize-featured-image"},"acf":[],"_links":{"self":[{"href":"https:\/\/obera.fr\/pl\/wp-json\/wp\/v2\/pages\/48240","targetHints":{"allow":["GET"]}}],"collection":[{"href":"https:\/\/obera.fr\/pl\/wp-json\/wp\/v2\/pages"}],"about":[{"href":"https:\/\/obera.fr\/pl\/wp-json\/wp\/v2\/types\/page"}],"author":[{"embeddable":true,"href":"https:\/\/obera.fr\/pl\/wp-json\/wp\/v2\/users\/4"}],"replies":[{"embeddable":true,"href":"https:\/\/obera.fr\/pl\/wp-json\/wp\/v2\/comments?post=48240"}],"version-history":[{"count":9,"href":"https:\/\/obera.fr\/pl\/wp-json\/wp\/v2\/pages\/48240\/revisions"}],"predecessor-version":[{"id":141665,"href":"https:\/\/obera.fr\/pl\/wp-json\/wp\/v2\/pages\/48240\/revisions\/141665"}],"up":[{"embeddable":true,"href":"https:\/\/obera.fr\/pl\/wp-json\/wp\/v2\/pages\/45669"}],"wp:featuredmedia":[{"embeddable":true,"href":"https:\/\/obera.fr\/pl\/wp-json\/wp\/v2\/media\/103625"}],"wp:attachment":[{"href":"https:\/\/obera.fr\/pl\/wp-json\/wp\/v2\/media?parent=48240"}],"curies":[{"name":"wp","href":"https:\/\/api.w.org\/{rel}","templated":true}]}}