{"id":48388,"date":"2020-08-26T13:00:52","date_gmt":"2020-08-26T11:00:52","guid":{"rendered":"https:\/\/obera.fr\/nasze-produkty\/analizatory-powietrza\/licznik-czastek\/"},"modified":"2025-06-03T15:15:56","modified_gmt":"2025-06-03T13:15:56","slug":"compteur-particules","status":"publish","type":"page","link":"https:\/\/obera.fr\/pl\/produits\/analyseurs-air\/compteur-particules\/","title":{"rendered":"Licznik cz\u0105stek"},"content":{"rendered":"\n<h2 class=\"wp-block-heading\">Monitorowanie poziom\u00f3w zapylenia<\/h2>\n\n\n\n<div class=\"wp-block-columns is-layout-flex wp-container-core-columns-is-layout-28f84493 wp-block-columns-is-layout-flex\">\n<div class=\"wp-block-column is-layout-flow wp-block-column-is-layout-flow\" style=\"flex-basis:33.33%\">\n<figure class=\"wp-block-image aligncenter size-thumbnail\"><img decoding=\"async\" width=\"150\" height=\"150\" src=\"https:\/\/obera.fr\/wp-content\/uploads\/2020\/08\/compteur-de-particules-150x150.png\" alt=\"Miernik cz\u0105stek sta\u0142ych\" class=\"wp-image-714\" srcset=\"https:\/\/obera.fr\/wp-content\/uploads\/2020\/08\/compteur-de-particules-150x150.png 150w, https:\/\/obera.fr\/wp-content\/uploads\/2020\/08\/compteur-de-particules-300x300.png 300w, https:\/\/obera.fr\/wp-content\/uploads\/2020\/08\/compteur-de-particules.png 433w\" sizes=\"(max-width: 150px) 100vw, 150px\" \/><figcaption class=\"wp-element-caption\">Miernik cz\u0105stek sta\u0142ych<\/figcaption><\/figure>\n<\/div>\n\n\n\n<div class=\"wp-block-column is-layout-flow wp-block-column-is-layout-flow\" style=\"flex-basis:66.66%\">\n<p><strong>Licznik cz\u0105stek OberA<\/strong> to uniwersalny przyrz\u0105d do zliczania cz\u0105stek w powietrzu.  <\/p>\n\n\n\n<p>Jest w stanie obliczy\u0107 sze\u015b\u0107 r\u00f3\u017cnych frakcji granulometrycznych py\u0142u (cz\u0105stki od 0,3 do 10 \u00b5m), a tak\u017ce rejestrowa\u0107 wilgotno\u015b\u0107 i temperatur\u0119 otoczenia.  <\/p>\n\n\n\n<p>Sprawia to, \u017ce licznik cz\u0105stek jest urz\u0105dzeniem uniwersalnym.<\/p>\n\n\n\n<hr class=\"wp-block-separator has-text-color has-black-color has-css-opacity has-black-background-color has-background is-style-dots\"\/>\n\n\n\n<div class=\"wp-block-columns is-layout-flex wp-container-core-columns-is-layout-28f84493 wp-block-columns-is-layout-flex\">\n<div class=\"wp-block-column is-layout-flow wp-block-column-is-layout-flow\" style=\"flex-basis:33.33%\">\n<div class=\"wp-block-buttons is-layout-flex wp-block-buttons-is-layout-flex\">\n<div class=\"wp-block-button\"><a class=\"wp-block-button__link wp-element-button\" href=\"https:\/\/obera.fr\/wp-content\/uploads\/2025\/04\/brochure-obdt-9883m-en.pdf\"><strong>POBIERZ<\/strong>BROSZUR\u0118<\/a><\/div>\n<\/div>\n<\/div>\n\n\n\n<div class=\"wp-block-column is-layout-flow wp-block-column-is-layout-flow\" style=\"flex-basis:33.34%\">\n<div class=\"wp-block-buttons is-horizontal is-content-justification-center is-layout-flex wp-container-core-buttons-is-layout-03627597 wp-block-buttons-is-layout-flex\">\n<div class=\"wp-block-button has-custom-width wp-block-button__width-100\"><a class=\"wp-block-button__link wp-element-button\" href=\"https:\/\/obera.fr\/pl\/skontaktuj-sie-z-nami\/\">Dowiedz si\u0119 wi\u0119cej<\/a><\/div>\n<\/div>\n<\/div>\n\n\n\n<div class=\"wp-block-column is-layout-flow wp-block-column-is-layout-flow\" style=\"flex-basis:33.34%\">\n<div class=\"wp-block-buttons is-content-justification-center is-layout-flex wp-container-core-buttons-is-layout-a89b3969 wp-block-buttons-is-layout-flex\">\n<div class=\"wp-block-button btn-devis-source\"><a class=\"wp-block-button__link wp-element-button\" href=\"https:\/\/obera.fr\/pl\/devis\/\">Popro\u015b o wycen\u0119<\/a><\/div>\n<\/div>\n\n\n<script>\r\ndocument.addEventListener('DOMContentLoaded', function() {\r\n    \/\/ 1. On cherche le titre H1 de la page\r\n    var h1 = document.querySelector('h1');\r\n    var productTitle = h1 ? h1.innerText.trim() : \"\";\r\n\r\n    \/\/ 2. On cherche les boutons via la classe CSS .btn-devis-source\r\n    var buttons = document.querySelectorAll('.btn-devis-source a');\r\n\r\n    \/\/ 3. Si on a le titre et les boutons, on ajoute le param\u00e8tre\r\n    if (buttons.length > 0 && productTitle !== \"\") {\r\n        var encodedTitle = encodeURIComponent(productTitle);\r\n\r\n        buttons.forEach(function(btn) {\r\n            var currentHref = btn.getAttribute('href');\r\n            \r\n            \/\/ S\u00e9curit\u00e9 pour ne pas ajouter le param\u00e8tre 2 fois\r\n            if (currentHref.indexOf('sujet=') === -1) {\r\n                var separator = currentHref.indexOf('?') !== -1 ? '&' : '?';\r\n                var newLink = currentHref + separator + 'sujet=' + encodedTitle;\r\n                \r\n                btn.setAttribute('href', newLink);\r\n            }\r\n        });\r\n    }\r\n});\r\n<\/script><\/div>\n<\/div>\n\n\n\n<p><\/p>\n<\/div>\n<\/div>\n\n\n\n<h2 class=\"wp-block-heading\">Zalety licznik\u00f3w cz\u0105stek<\/h2>\n\n\n\n<div class=\"wp-block-columns is-layout-flex wp-container-core-columns-is-layout-28f84493 wp-block-columns-is-layout-flex\">\n<div class=\"wp-block-column is-layout-flow wp-block-column-is-layout-flow\">\n<h3 class=\"wp-block-heading has-text-align-center\"><strong>Korzy\u015bci<\/strong><\/h3>\n\n\n\n<ul class=\"wp-block-list\">\n<li>Wykrywa 6 rozmiar\u00f3w (0,3\/0,5\/1,0\/2,5\/5,0\/10 \u03bcm)<\/li>\n\n\n\n<li>Pomiar temperatury i wilgotno\u015bci<\/li>\n\n\n\n<li>Zintegrowana kamera do nagrywania obraz\u00f3w i wideo<\/li>\n<\/ul>\n<\/div>\n\n\n\n<div class=\"wp-block-column is-layout-flow wp-block-column-is-layout-flow\">\n<h3 class=\"wp-block-heading has-text-align-center\"><strong>Przyk\u0142ady bran\u017c u\u017cytkownik\u00f3w<\/strong><\/h3>\n\n\n\n<ul class=\"wp-block-list\">\n<li>Szare pokoje<\/li>\n\n\n\n<li>In\u017cynieria mechaniczna<\/li>\n\n\n\n<li>Metalurgia<\/li>\n\n\n\n<li>Tworzywa sztuczne<\/li>\n\n\n\n<li>Drewno<\/li>\n\n\n\n<li>Przemys\u0142 petrochemiczny<\/li>\n\n\n\n<li>Polimery i tworzywa sztuczne<\/li>\n\n\n\n<li>Farmaceutyki<\/li>\n\n\n\n<li>Przemys\u0142 spo\u017cywczy<\/li>\n<\/ul>\n<\/div>\n<\/div>\n\n\n\n<h2 class=\"wp-block-heading\">Mierzone zanieczyszczenia<\/h2>\n\n\n\n<div class=\"wp-block-columns is-layout-flex wp-container-core-columns-is-layout-28f84493 wp-block-columns-is-layout-flex\">\n<div class=\"wp-block-column is-layout-flow wp-block-column-is-layout-flow\">\n<h3 class=\"wp-block-heading\"><strong>Czujnik py\u0142u PM 0,3 do PM 10<\/strong><\/h3>\n\n\n\n<p>(cz\u0105stki wi\u0119ksze ni\u017c 0,3 \u00b5g do 10 \u00b5m)<\/p>\n\n\n\n<p>Analizator cz\u0105stek oberA jest w stanie mierzy\u0107 6 rozmiar\u00f3w cz\u0105stek jednocze\u015bnie. :<\/p>\n\n\n\n<p>0.3\u00b5m \/ 0.5\u00b5m \/ 1\u00b5m \/ 2.5\u00b5m \/ 5\u00b5m \/ 10\u00b5m<\/p>\n<\/div>\n\n\n\n<div class=\"wp-block-column is-layout-flow wp-block-column-is-layout-flow\">\n<h3 class=\"wp-block-heading\"><strong>Czujnik temperatury<\/strong><\/h3>\n\n\n\n<p>Zakres pomiarowy od -0 do +50 \u00b0C<\/p>\n<\/div>\n\n\n\n<div class=\"wp-block-column is-layout-flow wp-block-column-is-layout-flow\">\n<h3 class=\"wp-block-heading\"><strong>Wilgotno\u015b\u0107 wzgl\u0119dna<\/strong><\/h3>\n\n\n\n<p>Mierzy wilgotno\u015b\u0107 wzgl\u0119dn\u0105 od 0 do 100%<\/p>\n<\/div>\n<\/div>\n\n\n\n<div class=\"wp-block-buttons is-horizontal is-content-justification-center is-layout-flex wp-container-core-buttons-is-layout-03627597 wp-block-buttons-is-layout-flex\">\n<div class=\"wp-block-button\"><a class=\"wp-block-button__link wp-element-button\" href=\"https:\/\/obera.fr\/wp-content\/uploads\/2024\/02\/brochure-compteur-de-particules-.pdf\">Pobierz kart\u0119 produktu<\/a><\/div>\n<\/div>\n\n\n\n<hr class=\"wp-block-separator has-css-opacity is-style-dots\"\/>\n\n\n\n<h2 class=\"wp-block-heading\">Inne analizatory powietrza OberA<\/h2>\n\n\n\n<div class=\"wp-block-columns is-layout-flex wp-container-core-columns-is-layout-28f84493 wp-block-columns-is-layout-flex\">\n<div class=\"wp-block-column is-layout-flow wp-block-column-is-layout-flow\"><\/div>\n\n\n\n<div class=\"wp-block-column is-layout-flow wp-block-column-is-layout-flow\">\n<figure class=\"wp-block-image aligncenter size-medium is-resized\"><a href=\"https:\/\/obera.fr\/produits\/analyseurs-air\/capteur-co2-obcare\/\"><img decoding=\"async\" width=\"300\" height=\"212\" src=\"https:\/\/obera.fr\/wp-content\/uploads\/2021\/09\/Capteur_CO2_OBCARE-2-300x212.png\" alt=\"czujnik co2 obcare\" class=\"wp-image-6918\" srcset=\"https:\/\/obera.fr\/wp-content\/uploads\/2021\/09\/Capteur_CO2_OBCARE-2-300x212.png 300w, https:\/\/obera.fr\/wp-content\/uploads\/2021\/09\/Capteur_CO2_OBCARE-2-768x542.png 768w, https:\/\/obera.fr\/wp-content\/uploads\/2021\/09\/Capteur_CO2_OBCARE-2.png 921w\" sizes=\"(max-width: 300px) 100vw, 300px\" \/><\/a><figcaption class=\"wp-element-caption\">OBCARE<\/figcaption><\/figure>\n<\/div>\n\n\n\n<div class=\"wp-block-column is-layout-flow wp-block-column-is-layout-flow\"><\/div>\n\n\n\n<div class=\"wp-block-column is-layout-flow wp-block-column-is-layout-flow\"><\/div>\n<\/div>\n\n\n\n<p><\/p>\n","protected":false},"excerpt":{"rendered":"<p>Monitorowanie poziom\u00f3w zapylenia Licznik cz\u0105stek OberA to uniwersalny przyrz\u0105d do zliczania cz\u0105stek w powietrzu. Jest w stanie obliczy\u0107 sze\u015b\u0107 r\u00f3\u017cnych frakcji granulometrycznych py\u0142u (cz\u0105stki od 0,3 do 10 \u00b5m), a tak\u017ce rejestrowa\u0107 wilgotno\u015b\u0107 i temperatur\u0119 otoczenia. Sprawia to, \u017ce licznik cz\u0105stek jest urz\u0105dzeniem uniwersalnym. Zalety licznik\u00f3w cz\u0105stek Korzy\u015bci Przyk\u0142ady bran\u017c u\u017cytkownik\u00f3w Mierzone zanieczyszczenia Czujnik py\u0142u PM 0,3 do PM 10 (cz\u0105stki wi\u0119ksze ni\u017c 0,3 \u00b5g do 10 \u00b5m) Analizator cz\u0105stek oberA jest w stanie mierzy\u0107 6 rozmiar\u00f3w cz\u0105stek jednocze\u015bnie. : 0.3\u00b5m \/ 0.5\u00b5m \/ 1\u00b5m \/ 2.5\u00b5m \/ 5\u00b5m \/ 10\u00b5m Czujnik temperatury Zakres pomiarowy od -0 do +50 \u00b0C &#8230; <\/p>\n<p class=\"read-more-container\"><a title=\"Licznik cz\u0105stek\" class=\"read-more button\" href=\"https:\/\/obera.fr\/pl\/produits\/analyseurs-air\/compteur-particules\/#more-48388\" aria-label=\"Dowiedz si\u0119 wi\u0119cej o Licznik cz\u0105stek\">Lire la suite<\/a><\/p>\n","protected":false},"author":4,"featured_media":83746,"parent":48365,"menu_order":0,"comment_status":"closed","ping_status":"closed","template":"","meta":{"_acf_changed":false,"_seopress_robots_primary_cat":"","_seopress_titles_title":"Compteur de particules de poussi\u00e8res dans l'air","_seopress_titles_desc":"Le compteur oberA permet de compter des particules dans l\u2019air. Il est capable de calculer six fractions granulom\u00e9triques de poussi\u00e8res diff\u00e9rentes.","_seopress_robots_index":"","footnotes":""},"class_list":{"0":"post-48388","1":"page","2":"type-page","3":"status-publish","4":"has-post-thumbnail","6":"no-featured-image-padding","7":"resize-featured-image"},"acf":[],"_links":{"self":[{"href":"https:\/\/obera.fr\/pl\/wp-json\/wp\/v2\/pages\/48388","targetHints":{"allow":["GET"]}}],"collection":[{"href":"https:\/\/obera.fr\/pl\/wp-json\/wp\/v2\/pages"}],"about":[{"href":"https:\/\/obera.fr\/pl\/wp-json\/wp\/v2\/types\/page"}],"author":[{"embeddable":true,"href":"https:\/\/obera.fr\/pl\/wp-json\/wp\/v2\/users\/4"}],"replies":[{"embeddable":true,"href":"https:\/\/obera.fr\/pl\/wp-json\/wp\/v2\/comments?post=48388"}],"version-history":[{"count":5,"href":"https:\/\/obera.fr\/pl\/wp-json\/wp\/v2\/pages\/48388\/revisions"}],"predecessor-version":[{"id":108446,"href":"https:\/\/obera.fr\/pl\/wp-json\/wp\/v2\/pages\/48388\/revisions\/108446"}],"up":[{"embeddable":true,"href":"https:\/\/obera.fr\/pl\/wp-json\/wp\/v2\/pages\/48365"}],"wp:featuredmedia":[{"embeddable":true,"href":"https:\/\/obera.fr\/pl\/wp-json\/wp\/v2\/media\/83746"}],"wp:attachment":[{"href":"https:\/\/obera.fr\/pl\/wp-json\/wp\/v2\/media?parent=48388"}],"curies":[{"name":"wp","href":"https:\/\/api.w.org\/{rel}","templated":true}]}}