{"id":48631,"date":"2020-08-26T13:06:25","date_gmt":"2020-08-26T11:06:25","guid":{"rendered":"https:\/\/obera.fr\/filtr-mgly-olejowej-afs\/"},"modified":"2025-06-03T13:13:18","modified_gmt":"2025-06-03T11:13:18","slug":"afs","status":"publish","type":"page","link":"https:\/\/obera.fr\/pl\/produits\/filtres-brouillard-huile\/afs\/","title":{"rendered":"Filtr mg\u0142y olejowej AFS"},"content":{"rendered":"\n<p><a href=\"https:\/\/obera.fr\/pl\/produits\/filtres-brouillard-huile\/\" data-type=\"page\" data-id=\"376\">Filtry mg\u0142y olejowej<\/a> AFS s\u0105 dostosowanym do potrzeb rozwi\u0105zaniem do bezpo\u015bredniego wyposa\u017cenia maszyn obr\u00f3bczych lub ich centralnego odkurzania.<\/p>\n\n\n\n<p>Seria AFS obejmuje <strong>przep\u0142ywy ssania od 400 do 16 000 m\u00b3\/h<\/strong>.<\/p>\n\n\n\n<h2 class=\"wp-block-heading\">Scentralizowane instalacje do mgie\u0142, opar\u00f3w i aerozoli olejowych i emulsyjnych<\/h2>\n\n\n\n<div class=\"wp-block-columns is-layout-flex wp-container-core-columns-is-layout-28f84493 wp-block-columns-is-layout-flex\">\n<div class=\"wp-block-column is-layout-flow wp-block-column-is-layout-flow\" style=\"flex-basis:33.33%\">\n<figure class=\"wp-block-image aligncenter size-medium\"><img decoding=\"async\" width=\"300\" height=\"300\" src=\"https:\/\/obera.fr\/wp-content\/uploads\/2020\/08\/AFS-installation-centralisee-brouillards-huiles-300x300.png\" alt=\"Afs Installation Centralisee Brouillards Huiles\" class=\"wp-image-643\" srcset=\"https:\/\/obera.fr\/wp-content\/uploads\/2020\/08\/AFS-installation-centralisee-brouillards-huiles-300x300.png 300w, https:\/\/obera.fr\/wp-content\/uploads\/2020\/08\/AFS-installation-centralisee-brouillards-huiles-150x150.png 150w, https:\/\/obera.fr\/wp-content\/uploads\/2020\/08\/AFS-installation-centralisee-brouillards-huiles.png 433w\" sizes=\"(max-width: 300px) 100vw, 300px\" \/><\/figure>\n<\/div>\n\n\n\n<div class=\"wp-block-column is-layout-flow wp-block-column-is-layout-flow\" style=\"flex-basis:66.66%\">\n<p><strong>Technologia AFS<\/strong> sk\u0142ada si\u0119 z 5 etap\u00f3w oczyszczania: metalowych filtr\u00f3w siatkowych, filc\u00f3w poliestrowych i separatora AFS-Longlife, kt\u00f3ry stanowi serce oczyszczania.<\/p>\n\n\n\n<p>&gt;Urz\u0105dzenia s\u0105 wyposa\u017cone w <strong>absolutn\u0105 filtracj\u0119 ko\u0144cow\u0105 typu HEPA H13<\/strong> (znormalizowana skuteczno\u015b\u0107 gwarantowana 99,95% dla cz\u0105stek 0,3 \u00b5m). Bior\u0105c pod uwag\u0119 bardzo wysok\u0105 wydajno\u015b\u0107 g\u0142\u00f3wnej filtracji, filtry absolutne maj\u0105 bardzo d\u0142ug\u0105 \u017cywotno\u015b\u0107, nawet w przypadku ci\u0105g\u0142ej pracy na 3 stanowiskach. <\/p>\n\n\n\n<p>Mo\u017cliwe s\u0105 r\u00f3\u017cne konfiguracje: recykling i ponowne wprowadzenie przefiltrowanego powietrza do budynku lub ewakuacja przefiltrowanego powietrza i wprowadzenie \u015bwie\u017cego powietrza z odzyskiem kalorii poprzez wymiennik ciep\u0142a. <strong>Rozwi\u0105zania odci\u0105gowe AFS<\/strong> (recykling lub wymienniki ciep\u0142a) umo\u017cliwiaj\u0105 maksymalne ponowne wykorzystanie ciep\u0142a zawartego w strumieniach odci\u0105ganego powietrza. <\/p>\n\n\n\n<hr class=\"wp-block-separator has-text-color has-black-color has-css-opacity has-black-background-color has-background is-style-dots\"\/>\n\n\n\n<div class=\"wp-block-columns is-layout-flex wp-container-core-columns-is-layout-28f84493 wp-block-columns-is-layout-flex\">\n<div class=\"wp-block-column is-layout-flow wp-block-column-is-layout-flow\" style=\"flex-basis:33.33%\">\n<div class=\"wp-block-buttons is-layout-flex wp-block-buttons-is-layout-flex\">\n<div class=\"wp-block-button\"><a class=\"wp-block-button__link wp-element-button\" href=\"https:\/\/obera.fr\/wp-content\/uploads\/2025\/06\/brochure-afs-en.pdf\">POBIERZ BROSZUR\u0118<\/a><\/div>\n<\/div>\n<\/div>\n\n\n\n<div class=\"wp-block-column is-layout-flow wp-block-column-is-layout-flow\" style=\"flex-basis:33.34%\">\n<div class=\"wp-block-buttons is-horizontal is-content-justification-center is-layout-flex wp-container-core-buttons-is-layout-03627597 wp-block-buttons-is-layout-flex\">\n<div class=\"wp-block-button has-custom-width wp-block-button__width-100\"><a class=\"wp-block-button__link wp-element-button\" href=\"https:\/\/obera.fr\/pl\/skontaktuj-sie-z-nami\/\">Dowiedz si\u0119 wi\u0119cej<\/a><\/div>\n<\/div>\n<\/div>\n\n\n\n<div class=\"wp-block-column is-layout-flow wp-block-column-is-layout-flow\" style=\"flex-basis:33.34%\">\n<div class=\"wp-block-buttons is-content-justification-center is-layout-flex wp-container-core-buttons-is-layout-a89b3969 wp-block-buttons-is-layout-flex\">\n<div class=\"wp-block-button btn-devis-source\"><a class=\"wp-block-button__link wp-element-button\" href=\"https:\/\/obera.fr\/pl\/devis\/\">Popro\u015b o wycen\u0119<\/a><\/div>\n<\/div>\n\n\n<script>\r\ndocument.addEventListener('DOMContentLoaded', function() {\r\n    \/\/ 1. On cherche le titre H1 de la page\r\n    var h1 = document.querySelector('h1');\r\n    var productTitle = h1 ? h1.innerText.trim() : \"\";\r\n\r\n    \/\/ 2. On cherche les boutons via la classe CSS .btn-devis-source\r\n    var buttons = document.querySelectorAll('.btn-devis-source a');\r\n\r\n    \/\/ 3. Si on a le titre et les boutons, on ajoute le param\u00e8tre\r\n    if (buttons.length > 0 && productTitle !== \"\") {\r\n        var encodedTitle = encodeURIComponent(productTitle);\r\n\r\n        buttons.forEach(function(btn) {\r\n            var currentHref = btn.getAttribute('href');\r\n            \r\n            \/\/ S\u00e9curit\u00e9 pour ne pas ajouter le param\u00e8tre 2 fois\r\n            if (currentHref.indexOf('sujet=') === -1) {\r\n                var separator = currentHref.indexOf('?') !== -1 ? '&' : '?';\r\n                var newLink = currentHref + separator + 'sujet=' + encodedTitle;\r\n                \r\n                btn.setAttribute('href', newLink);\r\n            }\r\n        });\r\n    }\r\n});\r\n<\/script><\/div>\n<\/div>\n\n\n\n<p><\/p>\n<\/div>\n<\/div>\n\n\n\n<h2 class=\"wp-block-heading\">Korzy\u015bci z AFS<\/h2>\n\n\n\n<div class=\"wp-block-columns is-layout-flex wp-container-core-columns-is-layout-28f84493 wp-block-columns-is-layout-flex\">\n<div class=\"wp-block-column is-layout-flow wp-block-column-is-layout-flow\">\n<h3 class=\"wp-block-heading has-text-align-center\"><strong>Korzy\u015bci<\/strong><\/h3>\n\n\n\n<ul class=\"wp-block-list\">\n<li>\u0141atwe pod\u0142\u0105czenie do maszyny produkcyjnej<\/li>\n\n\n\n<li>Na urz\u0105dzeniu lub centralnie<\/li>\n\n\n\n<li>Kompaktowy system<\/li>\n\n\n\n<li>5 stopni filtracji dla wydajnego oczyszczania powietrza<\/li>\n\n\n\n<li>Beznarz\u0119dziowa wymiana i konserwacja filtra<\/li>\n<\/ul>\n<\/div>\n\n\n\n<div class=\"wp-block-column is-layout-flow wp-block-column-is-layout-flow\">\n<h3 class=\"wp-block-heading has-text-align-center\"><strong>Funkcje specjalne<\/strong><\/h3>\n\n\n\n<ul class=\"wp-block-list\">\n<li>Opatentowany system wymiany filtra bez u\u017cycia narz\u0119dzi<\/li>\n\n\n\n<li>R\u0119czne czyszczenie urz\u0105dzenia<\/li>\n\n\n\n<li>Filtracja mechaniczna<\/li>\n<\/ul>\n<\/div>\n\n\n\n<div class=\"wp-block-column is-layout-flow wp-block-column-is-layout-flow\">\n<h3 class=\"wp-block-heading has-text-align-center\"><strong>Cechy<\/strong><\/h3>\n\n\n\n<ul class=\"wp-block-list\">\n<li>Ekstrakcja mgie\u0142 i emulsji olejowych, opar\u00f3w i aerozoli<\/li>\n\n\n\n<li>Mo\u017cliwo\u015b\u0107 instalacji bezpo\u015brednio na centrum obr\u00f3bczym NC lub centralnie<\/li>\n<\/ul>\n<\/div>\n<\/div>\n\n\n\n<h2 class=\"wp-block-heading\">Zastosowania<\/h2>\n\n\n\n<div class=\"wp-block-columns is-layout-flex wp-container-core-columns-is-layout-28f84493 wp-block-columns-is-layout-flex\">\n<div class=\"wp-block-column is-layout-flow wp-block-column-is-layout-flow\">\n<h3 class=\"wp-block-heading has-text-align-center\">Zanieczyszczenia<\/h3>\n\n\n\n<hr class=\"wp-block-separator has-css-opacity is-style-wide\"\/>\n\n\n\n<div class=\"wp-block-columns is-layout-flex wp-container-core-columns-is-layout-28f84493 wp-block-columns-is-layout-flex\">\n<div class=\"wp-block-column is-layout-flow wp-block-column-is-layout-flow\">\n<figure class=\"wp-block-image aligncenter size-large\"><img decoding=\"async\" width=\"70\" height=\"70\" src=\"https:\/\/obera.fr\/wp-content\/uploads\/2020\/08\/industrie-brouillard-huile.jpg\" alt=\"Przemys\u0142owy olej przeciwmgielny\" class=\"wp-image-721\"\/><figcaption class=\"wp-element-caption\">Mg\u0142a olejowa<\/figcaption><\/figure>\n<\/div>\n\n\n\n<div class=\"wp-block-column is-layout-flow wp-block-column-is-layout-flow\">\n<figure class=\"wp-block-image aligncenter size-large\"><img decoding=\"async\" width=\"70\" height=\"70\" src=\"https:\/\/obera.fr\/wp-content\/uploads\/2020\/08\/industrie-fumees.jpg\" alt=\"Dym przemys\u0142owy\" class=\"wp-image-722\"\/><figcaption class=\"wp-element-caption\">Opary<\/figcaption><\/figure>\n\n\n\n<figure class=\"wp-block-image aligncenter size-large\"><img decoding=\"async\" width=\"70\" height=\"70\" src=\"https:\/\/obera.fr\/wp-content\/uploads\/2020\/09\/cov.png\" alt=\"Cov\" class=\"wp-image-959\"\/><figcaption class=\"wp-element-caption\">VOCS<\/figcaption><\/figure>\n<\/div>\n<\/div>\n<\/div>\n\n\n\n<div class=\"wp-block-column is-layout-flow wp-block-column-is-layout-flow\">\n<h3 class=\"wp-block-heading has-text-align-center\">Bran\u017ce<\/h3>\n\n\n\n<hr class=\"wp-block-separator has-css-opacity is-style-wide\"\/>\n\n\n\n<div class=\"wp-block-columns is-layout-flex wp-container-core-columns-is-layout-28f84493 wp-block-columns-is-layout-flex\">\n<div class=\"wp-block-column is-layout-flow wp-block-column-is-layout-flow\">\n<figure class=\"wp-block-image aligncenter size-large\"><img decoding=\"async\" width=\"70\" height=\"70\" src=\"https:\/\/obera.fr\/wp-content\/uploads\/2020\/08\/industrie-metallurgie.jpg\" alt=\"Przemys\u0142 metalurgiczny\" class=\"wp-image-673\"\/><figcaption class=\"wp-element-caption\">Metalurgia<\/figcaption><\/figure>\n<\/div>\n\n\n\n<div class=\"wp-block-column is-layout-flow wp-block-column-is-layout-flow\"><\/div>\n<\/div>\n<\/div>\n<\/div>\n\n\n\n<div class=\"wp-block-buttons is-content-justification-center is-layout-flex wp-container-core-buttons-is-layout-a89b3969 wp-block-buttons-is-layout-flex\">\n<div class=\"wp-block-button is-style-outline is-style-outline--1\"><a class=\"wp-block-button__link wp-element-button\" href=\"https:\/\/obera.fr\/wp-content\/uploads\/2024\/02\/brochure-afs.pdf\">Pobierz kart\u0119 produktu<\/a><\/div>\n<\/div>\n\n\n\n<hr class=\"wp-block-separator has-css-opacity is-style-dots\"\/>\n\n\n\n<h2 class=\"wp-block-heading\">Inne filtry mg\u0142y olejowej marki OberA<\/h2>\n\n\n\n<div class=\"wp-block-columns is-layout-flex wp-container-core-columns-is-layout-28f84493 wp-block-columns-is-layout-flex\">\n<div class=\"wp-block-column is-layout-flow wp-block-column-is-layout-flow\">\n<figure class=\"wp-block-image aligncenter size-medium\"><a href=\"https:\/\/obera.fr\/produits\/filtres-brouillard-huile\/oilmac\/\"><img decoding=\"async\" width=\"300\" height=\"300\" src=\"https:\/\/obera.fr\/wp-content\/uploads\/2020\/08\/filtre-compact-OILMAC-300x300.png\" alt=\"Filtr kompaktowy OILMAC\" class=\"wp-image-641\" srcset=\"https:\/\/obera.fr\/wp-content\/uploads\/2020\/08\/filtre-compact-OILMAC-300x300.png 300w, https:\/\/obera.fr\/wp-content\/uploads\/2020\/08\/filtre-compact-OILMAC-150x150.png 150w, https:\/\/obera.fr\/wp-content\/uploads\/2020\/08\/filtre-compact-OILMAC.png 600w\" sizes=\"(max-width: 300px) 100vw, 300px\" \/><\/a><figcaption class=\"wp-element-caption\">OILMAC<\/figcaption><\/figure>\n<\/div>\n\n\n\n<div class=\"wp-block-column is-layout-flow wp-block-column-is-layout-flow\"><\/div>\n<\/div>\n\n\n\n<p><\/p>\n","protected":false},"excerpt":{"rendered":"<p>Filtry mg\u0142y olejowej AFS s\u0105 dostosowanym do potrzeb rozwi\u0105zaniem do bezpo\u015bredniego wyposa\u017cenia maszyn obr\u00f3bczych lub ich centralnego odkurzania. Seria AFS obejmuje przep\u0142ywy ssania od 400 do 16 000 m\u00b3\/h. Scentralizowane instalacje do mgie\u0142, opar\u00f3w i aerozoli olejowych i emulsyjnych Technologia AFS sk\u0142ada si\u0119 z 5 etap\u00f3w oczyszczania: metalowych filtr\u00f3w siatkowych, filc\u00f3w poliestrowych i separatora AFS-Longlife, kt\u00f3ry stanowi serce oczyszczania. &gt;Urz\u0105dzenia s\u0105 wyposa\u017cone w absolutn\u0105 filtracj\u0119 ko\u0144cow\u0105 typu HEPA H13 (znormalizowana skuteczno\u015b\u0107 gwarantowana 99,95% dla cz\u0105stek 0,3 \u00b5m). Bior\u0105c pod uwag\u0119 bardzo wysok\u0105 wydajno\u015b\u0107 g\u0142\u00f3wnej filtracji, filtry absolutne maj\u0105 bardzo d\u0142ug\u0105 \u017cywotno\u015b\u0107, nawet w przypadku ci\u0105g\u0142ej pracy na 3 stanowiskach. Mo\u017cliwe &#8230; <\/p>\n<p class=\"read-more-container\"><a title=\"Filtr mg\u0142y olejowej AFS\" class=\"read-more button\" href=\"https:\/\/obera.fr\/pl\/produits\/filtres-brouillard-huile\/afs\/#more-48631\" aria-label=\"Dowiedz si\u0119 wi\u0119cej o Filtr mg\u0142y olejowej AFS\">Lire la suite<\/a><\/p>\n","protected":false},"author":4,"featured_media":83746,"parent":48657,"menu_order":0,"comment_status":"closed","ping_status":"closed","template":"","meta":{"_acf_changed":false,"_seopress_robots_primary_cat":"","_seopress_titles_title":"Centralne systemy mg\u0142y olejowej AFS","_seopress_titles_desc":"Filtry mg\u0142y olejowej AFS s\u0105 dostosowanym do potrzeb rozwi\u0105zaniem do bezpo\u015bredniego wyposa\u017cenia maszyn obr\u00f3bczych lub ich centralnego odkurzania.","_seopress_robots_index":"","footnotes":""},"class_list":{"0":"post-48631","1":"page","2":"type-page","3":"status-publish","4":"has-post-thumbnail","6":"no-featured-image-padding","7":"resize-featured-image"},"acf":[],"_links":{"self":[{"href":"https:\/\/obera.fr\/pl\/wp-json\/wp\/v2\/pages\/48631","targetHints":{"allow":["GET"]}}],"collection":[{"href":"https:\/\/obera.fr\/pl\/wp-json\/wp\/v2\/pages"}],"about":[{"href":"https:\/\/obera.fr\/pl\/wp-json\/wp\/v2\/types\/page"}],"author":[{"embeddable":true,"href":"https:\/\/obera.fr\/pl\/wp-json\/wp\/v2\/users\/4"}],"replies":[{"embeddable":true,"href":"https:\/\/obera.fr\/pl\/wp-json\/wp\/v2\/comments?post=48631"}],"version-history":[{"count":7,"href":"https:\/\/obera.fr\/pl\/wp-json\/wp\/v2\/pages\/48631\/revisions"}],"predecessor-version":[{"id":107904,"href":"https:\/\/obera.fr\/pl\/wp-json\/wp\/v2\/pages\/48631\/revisions\/107904"}],"up":[{"embeddable":true,"href":"https:\/\/obera.fr\/pl\/wp-json\/wp\/v2\/pages\/48657"}],"wp:featuredmedia":[{"embeddable":true,"href":"https:\/\/obera.fr\/pl\/wp-json\/wp\/v2\/media\/83746"}],"wp:attachment":[{"href":"https:\/\/obera.fr\/pl\/wp-json\/wp\/v2\/media?parent=48631"}],"curies":[{"name":"wp","href":"https:\/\/api.w.org\/{rel}","templated":true}]}}