{"id":48657,"date":"2020-08-26T12:33:11","date_gmt":"2020-08-26T10:33:11","guid":{"rendered":"https:\/\/obera.fr\/nasze-produkty\/filtry-mgly-olejowej\/"},"modified":"2025-04-22T09:38:18","modified_gmt":"2025-04-22T07:38:18","slug":"filtres-brouillard-huile","status":"publish","type":"page","link":"https:\/\/obera.fr\/pl\/produits\/filtres-brouillard-huile\/","title":{"rendered":"Filtry mg\u0142y olejowej"},"content":{"rendered":"\n<p>Wysokowydajny filtr <strong>mg\u0142y olejowej<\/strong> pod\u0142\u0105czany bezpo\u015brednio do maszyny produkcyjnej.<\/p>\n\n<h2 class=\"wp-block-heading\" id=\"notre-gamme-de-filtres-a-brouillard-d-huile\">Nasz asortyment filtr\u00f3w mg\u0142y olejowej<\/h2>\n\n<div class=\"wp-block-columns is-layout-flex wp-container-core-columns-is-layout-28f84493 wp-block-columns-is-layout-flex\">\n<div class=\"wp-block-column is-vertically-aligned-top is-layout-flow wp-block-column-is-layout-flow\">\n<h3 class=\"wp-block-heading has-text-align-center\" id=\"oilmac\"><a href=\"https:\/\/obera.fr\/pl\/produits\/filtres-brouillard-huile\/oilmac\/\">Oilmac<\/a><\/h3>\n\n\n\n<figure class=\"wp-block-image aligncenter size-medium\"><a href=\"https:\/\/obera.fr\/produits\/filtres-brouillard-huile\/oilmac\/\"><img decoding=\"async\" width=\"300\" height=\"300\" src=\"https:\/\/obera.fr\/wp-content\/uploads\/2020\/08\/filtre-compact-OILMAC-300x300.png\" alt=\"Filtr kompaktowy Oilmac\" class=\"wp-image-641\" srcset=\"https:\/\/obera.fr\/wp-content\/uploads\/2020\/08\/filtre-compact-OILMAC-300x300.png 300w, https:\/\/obera.fr\/wp-content\/uploads\/2020\/08\/filtre-compact-OILMAC-150x150.png 150w, https:\/\/obera.fr\/wp-content\/uploads\/2020\/08\/filtre-compact-OILMAC.png 600w\" sizes=\"(max-width: 300px) 100vw, 300px\" \/><\/a><\/figure>\n\n\n\n<p><strong>OILMAC <\/strong>to <a href=\"https:\/\/obera.fr\/pl\/produits\/filtres-brouillard-huile\/oilmac\/\" data-type=\"page\" data-id=\"585\">kompaktowy, wydajny filtr<\/a> zdolny do oczyszczania mgie\u0142 olejowych i emulsyjnych, opar\u00f3w i aerozoli. Urz\u0105dzenie jest zwykle instalowane bezpo\u015brednio na maszynie produkcyjnej i pod\u0142\u0105czane za pomoc\u0105 elastycznego przewodu.   <\/p>\n\n\n\n<p>Dzi\u0119ki czterostopniowemu systemowi filtracji o wysokiej wydajno\u015bci, w tym filtrowi ko\u0144cowemu HEPA 13, cz\u0105steczki s\u0105 filtrowane do 99,95%, a powietrze mo\u017ce by\u0107 bezpo\u015brednio ponownie wprowadzone do przestrzeni roboczej. Konserwacja jest ograniczona, poniewa\u017c filtry mo\u017cna wymienia\u0107 bez u\u017cycia narz\u0119dzi. <\/p>\n<\/div>\n\n\n\n<div class=\"wp-block-column is-vertically-aligned-top is-layout-flow wp-block-column-is-layout-flow\">\n<h3 class=\"wp-block-heading has-text-align-center\" id=\"afs\"><a href=\"https:\/\/obera.fr\/pl\/produits\/filtres-brouillard-huile\/afs\/\">AFS<\/a><\/h3>\n\n\n\n<figure class=\"wp-block-image aligncenter size-medium\"><a href=\"https:\/\/obera.fr\/produits\/filtres-brouillard-huile\/afs\/\"><img decoding=\"async\" width=\"300\" height=\"300\" src=\"https:\/\/obera.fr\/wp-content\/uploads\/2020\/08\/AFS-installation-centralisee-brouillards-huiles-300x300.png\" alt=\"Afs Installation Centralisee Brouillards Huiles\" class=\"wp-image-643\" srcset=\"https:\/\/obera.fr\/wp-content\/uploads\/2020\/08\/AFS-installation-centralisee-brouillards-huiles-300x300.png 300w, https:\/\/obera.fr\/wp-content\/uploads\/2020\/08\/AFS-installation-centralisee-brouillards-huiles-150x150.png 150w, https:\/\/obera.fr\/wp-content\/uploads\/2020\/08\/AFS-installation-centralisee-brouillards-huiles.png 433w\" sizes=\"(max-width: 300px) 100vw, 300px\" \/><\/a><\/figure>\n\n\n\n<p><strong>AFS<\/strong> to <a href=\"https:\/\/obera.fr\/pl\/produits\/filtres-brouillard-huile\/afs\/\" data-type=\"page\" data-id=\"590\">scentralizowana instalacja do mgie\u0142, opar\u00f3w i aerozoli olejowych i emulsyjnych<\/a>. Jest to rozwi\u0105zanie dostosowane do bezpo\u015bredniej instalacji na centrach obr\u00f3bczych. Jednostka ta posiada 5 stopni filtracji, w tym absolutny filtr ko\u0144cowy typu HEPA 13, kt\u00f3ry gwarantuje skuteczno\u015b\u0107 filtracji cz\u0105stek na poziomie 99,95%.    <\/p>\n\n\n\n<p>Mo\u017cliwe s\u0105 r\u00f3\u017cne konfiguracje: recykling i ponowne wprowadzenie przefiltrowanego powietrza do budynku lub ewakuacja przefiltrowanego powietrza i wprowadzenie \u015bwie\u017cego powietrza z odzyskiem kalorii poprzez wymiennik ciep\u0142a. Obie konfiguracje maksymalnie wykorzystuj\u0105 ciep\u0142o zawarte w usuwanym powietrzu. <\/p>\n\n\n\n<p><\/p>\n<\/div>\n<\/div>\n\n<div class=\"wp-block-buttons is-horizontal is-content-justification-center is-layout-flex wp-container-core-buttons-is-layout-03627597 wp-block-buttons-is-layout-flex\">\n<div class=\"wp-block-button has-custom-width wp-block-button__width-100\"><a class=\"wp-block-button__link wp-element-button\" href=\"https:\/\/obera.fr\/pl\/skontaktuj-sie-z-nami\/\">Dowiedz si\u0119 wi\u0119cej<\/a><\/div>\n<\/div>\n","protected":false},"excerpt":{"rendered":"<p>Wysokowydajny filtr mg\u0142y olejowej pod\u0142\u0105czany bezpo\u015brednio do maszyny produkcyjnej. Nasz asortyment filtr\u00f3w mg\u0142y olejowej Oilmac OILMAC to kompaktowy, wydajny filtr zdolny do oczyszczania mgie\u0142 olejowych i emulsyjnych, opar\u00f3w i aerozoli. Urz\u0105dzenie jest zwykle instalowane bezpo\u015brednio na maszynie produkcyjnej i pod\u0142\u0105czane za pomoc\u0105 elastycznego przewodu. Dzi\u0119ki czterostopniowemu systemowi filtracji o wysokiej wydajno\u015bci, w tym filtrowi ko\u0144cowemu HEPA 13, cz\u0105steczki s\u0105 filtrowane do 99,95%, a powietrze mo\u017ce by\u0107 bezpo\u015brednio ponownie wprowadzone do przestrzeni roboczej. Konserwacja jest ograniczona, poniewa\u017c filtry mo\u017cna wymienia\u0107 bez u\u017cycia narz\u0119dzi. AFS AFS to scentralizowana instalacja do mgie\u0142, opar\u00f3w i aerozoli olejowych i emulsyjnych. Jest to rozwi\u0105zanie dostosowane do &#8230; <\/p>\n<p class=\"read-more-container\"><a title=\"Filtry mg\u0142y olejowej\" class=\"read-more button\" href=\"https:\/\/obera.fr\/pl\/produits\/filtres-brouillard-huile\/#more-48657\" aria-label=\"Dowiedz si\u0119 wi\u0119cej o Filtry mg\u0142y olejowej\">Lire la suite<\/a><\/p>\n","protected":false},"author":4,"featured_media":83746,"parent":38133,"menu_order":10,"comment_status":"closed","ping_status":"closed","template":"","meta":{"_acf_changed":false,"_seopress_robots_primary_cat":"","_seopress_titles_title":"Filtres \u00e0 brouillard d\u2019huile industriels - oberA","_seopress_titles_desc":"Retrouvez notre gamme de filtres \u00e0 brouillard d'huile haute performance \u00e0 connecter directement sur la machine de production, OILMAC et AFS.","_seopress_robots_index":"","footnotes":""},"class_list":{"0":"post-48657","1":"page","2":"type-page","3":"status-publish","4":"has-post-thumbnail","6":"no-featured-image-padding","7":"resize-featured-image"},"acf":[],"_links":{"self":[{"href":"https:\/\/obera.fr\/pl\/wp-json\/wp\/v2\/pages\/48657","targetHints":{"allow":["GET"]}}],"collection":[{"href":"https:\/\/obera.fr\/pl\/wp-json\/wp\/v2\/pages"}],"about":[{"href":"https:\/\/obera.fr\/pl\/wp-json\/wp\/v2\/types\/page"}],"author":[{"embeddable":true,"href":"https:\/\/obera.fr\/pl\/wp-json\/wp\/v2\/users\/4"}],"replies":[{"embeddable":true,"href":"https:\/\/obera.fr\/pl\/wp-json\/wp\/v2\/comments?post=48657"}],"version-history":[{"count":5,"href":"https:\/\/obera.fr\/pl\/wp-json\/wp\/v2\/pages\/48657\/revisions"}],"predecessor-version":[{"id":65834,"href":"https:\/\/obera.fr\/pl\/wp-json\/wp\/v2\/pages\/48657\/revisions\/65834"}],"up":[{"embeddable":true,"href":"https:\/\/obera.fr\/pl\/wp-json\/wp\/v2\/pages\/38133"}],"wp:featuredmedia":[{"embeddable":true,"href":"https:\/\/obera.fr\/pl\/wp-json\/wp\/v2\/media\/83746"}],"wp:attachment":[{"href":"https:\/\/obera.fr\/pl\/wp-json\/wp\/v2\/media?parent=48657"}],"curies":[{"name":"wp","href":"https:\/\/api.w.org\/{rel}","templated":true}]}}