{"id":48701,"date":"2020-08-26T13:05:50","date_gmt":"2020-08-26T11:05:50","guid":{"rendered":"https:\/\/obera.fr\/nasze-produkty\/filtry-mgly-olejowej\/filtr-mgly-olejowej-oilmac\/"},"modified":"2025-06-03T12:54:23","modified_gmt":"2025-06-03T10:54:23","slug":"oilmac","status":"publish","type":"page","link":"https:\/\/obera.fr\/pl\/produits\/filtres-brouillard-huile\/oilmac\/","title":{"rendered":"Filtr mg\u0142y olejowej OILMAC"},"content":{"rendered":"\n<div class=\"wp-block-columns is-layout-flex wp-container-core-columns-is-layout-28f84493 wp-block-columns-is-layout-flex\">\n<div class=\"wp-block-column is-layout-flow wp-block-column-is-layout-flow\" style=\"flex-basis:33.33%\">\n<figure class=\"wp-block-image aligncenter size-large\"><img decoding=\"async\" width=\"1024\" height=\"768\" src=\"https:\/\/obera.fr\/wp-content\/uploads\/2020\/11\/OILMAC-series-1024x768.jpg\" alt=\"Seria Oilmac\" class=\"wp-image-2031\" srcset=\"https:\/\/obera.fr\/wp-content\/uploads\/2020\/11\/OILMAC-series-1024x768.jpg 1024w, https:\/\/obera.fr\/wp-content\/uploads\/2020\/11\/OILMAC-series-300x225.jpg 300w, https:\/\/obera.fr\/wp-content\/uploads\/2020\/11\/OILMAC-series-768x576.jpg 768w, https:\/\/obera.fr\/wp-content\/uploads\/2020\/11\/OILMAC-series.jpg 1280w\" sizes=\"(max-width: 1024px) 100vw, 1024px\" \/><figcaption class=\"wp-element-caption\">Seria OILMAC<\/figcaption><\/figure>\n<\/div>\n\n\n\n<div class=\"wp-block-column is-layout-flow wp-block-column-is-layout-flow\" style=\"flex-basis:66.66%\">\n<p><strong>OILMAC<\/strong> jest zwykle instalowany bezpo\u015brednio na maszynie produkcyjnej i pod\u0142\u0105czany za pomoc\u0105 elastycznej os\u0142ony.<\/p>\n\n\n\n<p>Urz\u0105dzenie to posiada <strong>4 stopnie filtracji<\/strong>, kt\u00f3re oczyszczaj\u0105 powietrze z mg\u0142y olejowej i opar\u00f3w powstaj\u0105cych podczas procesu obr\u00f3bki. Odfiltrowane cz\u0105steczki mog\u0105 by\u0107 ponownie wprowadzone bezpo\u015brednio do maszyny produkcyjnej. <\/p>\n\n\n\n<p>Dzi\u0119ki ultrawydajnej filtracji na poziomie ponad 99,95% za pomoc\u0105 filtra ko\u0144cowego HEPA 13, oczyszczone powietrze mo\u017ce by\u0107 bezpo\u015brednio ponownie wprowadzone do przestrzeni roboczej.<\/p>\n\n\n\n<hr class=\"wp-block-separator has-text-color has-black-color has-css-opacity has-black-background-color has-background is-style-dots\"\/>\n\n\n\n<div class=\"wp-block-columns is-layout-flex wp-container-core-columns-is-layout-28f84493 wp-block-columns-is-layout-flex\">\n<div class=\"wp-block-column is-layout-flow wp-block-column-is-layout-flow\" style=\"flex-basis:33.33%\">\n<div class=\"wp-block-buttons is-layout-flex wp-block-buttons-is-layout-flex\">\n<div class=\"wp-block-button\"><a class=\"wp-block-button__link wp-element-button\" href=\"https:\/\/obera.fr\/wp-content\/uploads\/2025\/06\/brochure-oilmac-en.pdf\">POBIERZ BROSZUR\u0118<\/a><\/div>\n<\/div>\n<\/div>\n\n\n\n<div class=\"wp-block-column is-layout-flow wp-block-column-is-layout-flow\" style=\"flex-basis:33.34%\">\n<div class=\"wp-block-buttons is-horizontal is-content-justification-center is-layout-flex wp-container-core-buttons-is-layout-03627597 wp-block-buttons-is-layout-flex\">\n<div class=\"wp-block-button has-custom-width wp-block-button__width-100\"><a class=\"wp-block-button__link wp-element-button\" href=\"https:\/\/obera.fr\/pl\/skontaktuj-sie-z-nami\/\">Dowiedz si\u0119 wi\u0119cej<\/a><\/div>\n<\/div>\n<\/div>\n\n\n\n<div class=\"wp-block-column is-layout-flow wp-block-column-is-layout-flow\" style=\"flex-basis:33.34%\">\n<div class=\"wp-block-buttons is-content-justification-center is-layout-flex wp-container-core-buttons-is-layout-a89b3969 wp-block-buttons-is-layout-flex\">\n<div class=\"wp-block-button btn-devis-source\"><a class=\"wp-block-button__link wp-element-button\" href=\"https:\/\/obera.fr\/pl\/devis\/\">Popro\u015b o wycen\u0119<\/a><\/div>\n<\/div>\n\n\n<script>\r\ndocument.addEventListener('DOMContentLoaded', function() {\r\n    \/\/ 1. On cherche le titre H1 de la page\r\n    var h1 = document.querySelector('h1');\r\n    var productTitle = h1 ? h1.innerText.trim() : \"\";\r\n\r\n    \/\/ 2. On cherche les boutons via la classe CSS .btn-devis-source\r\n    var buttons = document.querySelectorAll('.btn-devis-source a');\r\n\r\n    \/\/ 3. Si on a le titre et les boutons, on ajoute le param\u00e8tre\r\n    if (buttons.length > 0 && productTitle !== \"\") {\r\n        var encodedTitle = encodeURIComponent(productTitle);\r\n\r\n        buttons.forEach(function(btn) {\r\n            var currentHref = btn.getAttribute('href');\r\n            \r\n            \/\/ S\u00e9curit\u00e9 pour ne pas ajouter le param\u00e8tre 2 fois\r\n            if (currentHref.indexOf('sujet=') === -1) {\r\n                var separator = currentHref.indexOf('?') !== -1 ? '&' : '?';\r\n                var newLink = currentHref + separator + 'sujet=' + encodedTitle;\r\n                \r\n                btn.setAttribute('href', newLink);\r\n            }\r\n        });\r\n    }\r\n});\r\n<\/script><\/div>\n<\/div>\n\n\n\n<p><\/p>\n<\/div>\n<\/div>\n\n\n\n<figure class=\"wp-block-gallery has-nested-images columns-default is-cropped wp-block-gallery-1 is-layout-flex wp-block-gallery-is-layout-flex\">\n<figure class=\"wp-block-image size-large\"><img decoding=\"async\" width=\"1024\" height=\"768\" data-id=\"2030\" src=\"https:\/\/obera.fr\/wp-content\/uploads\/2020\/11\/OILMAC-ouvert-4-1024x768.jpg\" alt=\"Oilmac Open 4\" class=\"wp-image-2030\" srcset=\"https:\/\/obera.fr\/wp-content\/uploads\/2020\/11\/OILMAC-ouvert-4-1024x768.jpg 1024w, https:\/\/obera.fr\/wp-content\/uploads\/2020\/11\/OILMAC-ouvert-4-300x225.jpg 300w, https:\/\/obera.fr\/wp-content\/uploads\/2020\/11\/OILMAC-ouvert-4-768x576.jpg 768w, https:\/\/obera.fr\/wp-content\/uploads\/2020\/11\/OILMAC-ouvert-4.jpg 1280w\" sizes=\"(max-width: 1024px) 100vw, 1024px\" \/><figcaption class=\"wp-element-caption\">OILMAC otwarty<\/figcaption><\/figure>\n\n\n\n<figure class=\"wp-block-image size-large\"><img decoding=\"async\" width=\"1024\" height=\"768\" data-id=\"2029\" src=\"https:\/\/obera.fr\/wp-content\/uploads\/2020\/11\/OILMAC-ouvert-3-1024x768.jpg\" alt=\"Oilmac Open 3\" class=\"wp-image-2029\" srcset=\"https:\/\/obera.fr\/wp-content\/uploads\/2020\/11\/OILMAC-ouvert-3-1024x768.jpg 1024w, https:\/\/obera.fr\/wp-content\/uploads\/2020\/11\/OILMAC-ouvert-3-300x225.jpg 300w, https:\/\/obera.fr\/wp-content\/uploads\/2020\/11\/OILMAC-ouvert-3-768x576.jpg 768w, https:\/\/obera.fr\/wp-content\/uploads\/2020\/11\/OILMAC-ouvert-3.jpg 1280w\" sizes=\"(max-width: 1024px) 100vw, 1024px\" \/><figcaption class=\"wp-element-caption\">OILMAC otwarty<\/figcaption><\/figure>\n\n\n\n<figure class=\"wp-block-image size-large\"><img decoding=\"async\" width=\"1024\" height=\"768\" data-id=\"2028\" src=\"https:\/\/obera.fr\/wp-content\/uploads\/2020\/11\/OILMAC-ouvert-2-1024x768.jpg\" alt=\"Oilmac Ouvert 2\" class=\"wp-image-2028\" srcset=\"https:\/\/obera.fr\/wp-content\/uploads\/2020\/11\/OILMAC-ouvert-2-1024x768.jpg 1024w, https:\/\/obera.fr\/wp-content\/uploads\/2020\/11\/OILMAC-ouvert-2-300x225.jpg 300w, https:\/\/obera.fr\/wp-content\/uploads\/2020\/11\/OILMAC-ouvert-2-768x576.jpg 768w, https:\/\/obera.fr\/wp-content\/uploads\/2020\/11\/OILMAC-ouvert-2.jpg 1280w\" sizes=\"(max-width: 1024px) 100vw, 1024px\" \/><figcaption class=\"wp-element-caption\">OILMAC otwarty<\/figcaption><\/figure>\n<\/figure>\n\n\n\n<h2 class=\"wp-block-heading\">Zalety filtra do mgie\u0142 olejowych, emulsji, opar\u00f3w i aerozoli<\/h2>\n\n\n\n<div class=\"wp-block-columns is-layout-flex wp-container-core-columns-is-layout-28f84493 wp-block-columns-is-layout-flex\">\n<div class=\"wp-block-column is-layout-flow wp-block-column-is-layout-flow\">\n<h3 class=\"wp-block-heading has-text-align-center\"><strong>Korzy\u015bci<\/strong><\/h3>\n\n\n\n<ul class=\"wp-block-list\">\n<li>\u0141atwe pod\u0142\u0105czenie do maszyny produkcyjnej<\/li>\n\n\n\n<li>Dost\u0119pny w 4 poziomach mocy od 420 do 3300 m3\/h<\/li>\n\n\n\n<li>Kompaktowy system<\/li>\n\n\n\n<li>4 stopnie filtracji dla skutecznego oczyszczania powietrza<\/li>\n\n\n\n<li>Beznarz\u0119dziowa wymiana i konserwacja filtra<\/li>\n<\/ul>\n<\/div>\n\n\n\n<div class=\"wp-block-column is-layout-flow wp-block-column-is-layout-flow\">\n<h3 class=\"wp-block-heading has-text-align-center\"><strong>Funkcje specjalne<\/strong><\/h3>\n\n\n\n<ul class=\"wp-block-list\">\n<li>Opatentowany system wymiany filtra bez u\u017cycia narz\u0119dzi<\/li>\n\n\n\n<li>R\u0119czne czyszczenie urz\u0105dzenia<\/li>\n\n\n\n<li>Filtracja mechaniczna<\/li>\n\n\n\n<li>Mo\u017ce by\u0107 r\u00f3wnie\u017c u\u017cywany jako stacjonarna jednostka filtruj\u0105ca<\/li>\n<\/ul>\n<\/div>\n\n\n\n<div class=\"wp-block-column is-layout-flow wp-block-column-is-layout-flow\">\n<h3 class=\"wp-block-heading has-text-align-center\"><strong>Cechy<\/strong><\/h3>\n\n\n\n<ul class=\"wp-block-list\">\n<li>Ekstrakcja mgie\u0142 i emulsji olejowych, opar\u00f3w i aerozoli<\/li>\n\n\n\n<li>Instalacja bezpo\u015brednio na centrum obr\u00f3bczym NC<\/li>\n<\/ul>\n<\/div>\n<\/div>\n\n\n\n<h2 class=\"wp-block-heading\">Zastosowania<\/h2>\n\n\n\n<div class=\"wp-block-columns is-layout-flex wp-container-core-columns-is-layout-28f84493 wp-block-columns-is-layout-flex\">\n<div class=\"wp-block-column is-layout-flow wp-block-column-is-layout-flow\">\n<h3 class=\"wp-block-heading has-text-align-center\">Zanieczyszczenia<\/h3>\n\n\n\n<hr class=\"wp-block-separator has-css-opacity is-style-wide\"\/>\n\n\n\n<div class=\"wp-block-columns is-layout-flex wp-container-core-columns-is-layout-28f84493 wp-block-columns-is-layout-flex\">\n<div class=\"wp-block-column is-layout-flow wp-block-column-is-layout-flow\">\n<figure class=\"wp-block-image aligncenter size-large\"><img decoding=\"async\" width=\"70\" height=\"70\" src=\"https:\/\/obera.fr\/wp-content\/uploads\/2020\/08\/industrie-brouillard-huile.jpg\" alt=\"Przemys\u0142owy olej przeciwmgielny\" class=\"wp-image-721\"\/><figcaption class=\"wp-element-caption\">Mg\u0142a olejowa<\/figcaption><\/figure>\n<\/div>\n\n\n\n<div class=\"wp-block-column is-layout-flow wp-block-column-is-layout-flow\">\n<figure class=\"wp-block-image aligncenter size-large\"><img decoding=\"async\" width=\"70\" height=\"70\" src=\"https:\/\/obera.fr\/wp-content\/uploads\/2020\/08\/industrie-fumees.jpg\" alt=\"Dym przemys\u0142owy\" class=\"wp-image-722\"\/><figcaption class=\"wp-element-caption\">Opary<\/figcaption><\/figure>\n\n\n\n<figure class=\"wp-block-image aligncenter size-large\"><img decoding=\"async\" width=\"70\" height=\"70\" src=\"https:\/\/obera.fr\/wp-content\/uploads\/2020\/09\/cov.png\" alt=\"Cov\" class=\"wp-image-959\"\/><figcaption class=\"wp-element-caption\">VOCS<\/figcaption><\/figure>\n<\/div>\n<\/div>\n<\/div>\n\n\n\n<div class=\"wp-block-column is-layout-flow wp-block-column-is-layout-flow\">\n<h3 class=\"wp-block-heading has-text-align-center\">Bran\u017ce<\/h3>\n\n\n\n<hr class=\"wp-block-separator has-css-opacity is-style-wide\"\/>\n\n\n\n<div class=\"wp-block-columns is-layout-flex wp-container-core-columns-is-layout-28f84493 wp-block-columns-is-layout-flex\">\n<div class=\"wp-block-column is-layout-flow wp-block-column-is-layout-flow\">\n<figure class=\"wp-block-image aligncenter size-large\"><img decoding=\"async\" width=\"70\" height=\"70\" src=\"https:\/\/obera.fr\/wp-content\/uploads\/2020\/08\/industrie-metallurgie.jpg\" alt=\"Przemys\u0142 metalurgiczny\" class=\"wp-image-673\"\/><figcaption class=\"wp-element-caption\">Metalurgia<\/figcaption><\/figure>\n<\/div>\n\n\n\n<div class=\"wp-block-column is-layout-flow wp-block-column-is-layout-flow\"><\/div>\n<\/div>\n<\/div>\n<\/div>\n\n\n\n<div class=\"wp-block-buttons is-horizontal is-content-justification-center is-layout-flex wp-container-core-buttons-is-layout-03627597 wp-block-buttons-is-layout-flex\">\n<div class=\"wp-block-button has-custom-width wp-block-button__width-100\"><a class=\"wp-block-button__link wp-element-button\" href=\"https:\/\/obera.fr\/pl\/skontaktuj-sie-z-nami\/\">Dowiedz si\u0119 wi\u0119cej<\/a><\/div>\n<\/div>\n\n\n\n<h2 class=\"wp-block-heading\">Specyfikacja techniczna<\/h2>\n\n\n\n<figure class=\"wp-block-table\"><table class=\"has-fixed-layout\"><thead><tr><th>Urz\u0105dzenie<\/th><th><\/th><th>OILMAC 400<\/th><th>OILMAC 800<\/th><th>OILMAC 1600<\/th><th>OILMAC 3000<\/th><\/tr><\/thead><tbody><tr><td>Przep\u0142yw<\/td><td>m3\/h<\/td><td>420<\/td><td>840<\/td><td>1 800<\/td><td>3 300<\/td><\/tr><tr><td>\u015arednica wlotu<\/td><td>mm<\/td><td>150<\/td><td>200<\/td><td>250<\/td><td>300<\/td><\/tr><tr><td>Napi\u0119cie zasilania<\/td><td>V<\/td><td>230<\/td><td>400<\/td><td>400<\/td><td>400<\/td><\/tr><tr><td>Moc<\/td><td>kW<\/td><td>0.24<\/td><td>0.55<\/td><td>1.1<\/td><td>2.2<\/td><\/tr><tr><td>Wymiary<\/td><td>l\/L\/h (mm)<\/td><td>640x650x510<\/td><td>1140x685x475<\/td><td>1270x685x805<\/td><td>1790x650x1265<\/td><\/tr><tr><td>Waga<\/td><td>kg<\/td><td>50<\/td><td>80<\/td><td>130<\/td><td>220<\/td><\/tr><tr><td>Poziom ha\u0142asu<\/td><td>dB(A)<\/td><td>66<\/td><td>69<\/td><td>71<\/td><td>74<\/td><\/tr><\/tbody><\/table><\/figure>\n\n\n\n<div class=\"wp-block-buttons is-content-justification-center is-layout-flex wp-container-core-buttons-is-layout-a89b3969 wp-block-buttons-is-layout-flex\">\n<div class=\"wp-block-button is-style-outline is-style-outline--2\"><a class=\"wp-block-button__link wp-element-button\" href=\"https:\/\/obera.fr\/wp-content\/uploads\/2024\/02\/brochure-oilmac.pdf\">Pobierz kart\u0119 produktu<\/a><\/div>\n<\/div>\n\n\n\n<hr class=\"wp-block-separator has-css-opacity is-style-dots\"\/>\n\n\n\n<h2 class=\"wp-block-heading\">Inne filtry mg\u0142y olejowej marki OberA<\/h2>\n\n\n\n<div class=\"wp-block-columns is-layout-flex wp-container-core-columns-is-layout-28f84493 wp-block-columns-is-layout-flex\">\n<div class=\"wp-block-column is-layout-flow wp-block-column-is-layout-flow\">\n<figure class=\"wp-block-image aligncenter size-medium\"><a href=\"https:\/\/obera.fr\/produits\/filtres-brouillard-huile\/afs\/\"><img decoding=\"async\" width=\"300\" height=\"300\" src=\"https:\/\/obera.fr\/wp-content\/uploads\/2020\/08\/AFS-installation-centralisee-brouillards-huiles-300x300.png\" alt=\"Afs Installation Centralisee Brouillards Huiles\" class=\"wp-image-643\" srcset=\"https:\/\/obera.fr\/wp-content\/uploads\/2020\/08\/AFS-installation-centralisee-brouillards-huiles-300x300.png 300w, https:\/\/obera.fr\/wp-content\/uploads\/2020\/08\/AFS-installation-centralisee-brouillards-huiles-150x150.png 150w, https:\/\/obera.fr\/wp-content\/uploads\/2020\/08\/AFS-installation-centralisee-brouillards-huiles.png 433w\" sizes=\"(max-width: 300px) 100vw, 300px\" \/><\/a><figcaption class=\"wp-element-caption\">AFS<\/figcaption><\/figure>\n<\/div>\n\n\n\n<div class=\"wp-block-column is-layout-flow wp-block-column-is-layout-flow\"><\/div>\n<\/div>\n\n\n\n<p><\/p>\n","protected":false},"excerpt":{"rendered":"<p>OILMAC jest zwykle instalowany bezpo\u015brednio na maszynie produkcyjnej i pod\u0142\u0105czany za pomoc\u0105 elastycznej os\u0142ony. Urz\u0105dzenie to posiada 4 stopnie filtracji, kt\u00f3re oczyszczaj\u0105 powietrze z mg\u0142y olejowej i opar\u00f3w powstaj\u0105cych podczas procesu obr\u00f3bki. Odfiltrowane cz\u0105steczki mog\u0105 by\u0107 ponownie wprowadzone bezpo\u015brednio do maszyny produkcyjnej. Dzi\u0119ki ultrawydajnej filtracji na poziomie ponad 99,95% za pomoc\u0105 filtra ko\u0144cowego HEPA 13, oczyszczone powietrze mo\u017ce by\u0107 bezpo\u015brednio ponownie wprowadzone do przestrzeni roboczej. Zalety filtra do mgie\u0142 olejowych, emulsji, opar\u00f3w i aerozoli Korzy\u015bci Funkcje specjalne Cechy Zastosowania Zanieczyszczenia Bran\u017ce Specyfikacja techniczna Urz\u0105dzenie OILMAC 400 OILMAC 800 OILMAC 1600 OILMAC 3000 Przep\u0142yw m3\/h 420 840 1 800 3 300 &#8230; <\/p>\n<p class=\"read-more-container\"><a title=\"Filtr mg\u0142y olejowej OILMAC\" class=\"read-more button\" href=\"https:\/\/obera.fr\/pl\/produits\/filtres-brouillard-huile\/oilmac\/#more-48701\" aria-label=\"Dowiedz si\u0119 wi\u0119cej o Filtr mg\u0142y olejowej OILMAC\">Lire la suite<\/a><\/p>\n","protected":false},"author":4,"featured_media":83746,"parent":48657,"menu_order":0,"comment_status":"closed","ping_status":"closed","template":"","meta":{"_acf_changed":false,"_seopress_robots_primary_cat":"","_seopress_titles_title":"Filtr mg\u0142y olejowej OILMAC do dymu i aerozoli","_seopress_titles_desc":"OILMAC posiada 4 stopnie filtracji, kt\u00f3re oczyszczaj\u0105 powietrze z mg\u0142y olejowej i opar\u00f3w powstaj\u0105cych podczas procesu obr\u00f3bki.","_seopress_robots_index":"","footnotes":""},"class_list":{"0":"post-48701","1":"page","2":"type-page","3":"status-publish","4":"has-post-thumbnail","6":"no-featured-image-padding","7":"resize-featured-image"},"acf":[],"_links":{"self":[{"href":"https:\/\/obera.fr\/pl\/wp-json\/wp\/v2\/pages\/48701","targetHints":{"allow":["GET"]}}],"collection":[{"href":"https:\/\/obera.fr\/pl\/wp-json\/wp\/v2\/pages"}],"about":[{"href":"https:\/\/obera.fr\/pl\/wp-json\/wp\/v2\/types\/page"}],"author":[{"embeddable":true,"href":"https:\/\/obera.fr\/pl\/wp-json\/wp\/v2\/users\/4"}],"replies":[{"embeddable":true,"href":"https:\/\/obera.fr\/pl\/wp-json\/wp\/v2\/comments?post=48701"}],"version-history":[{"count":5,"href":"https:\/\/obera.fr\/pl\/wp-json\/wp\/v2\/pages\/48701\/revisions"}],"predecessor-version":[{"id":107776,"href":"https:\/\/obera.fr\/pl\/wp-json\/wp\/v2\/pages\/48701\/revisions\/107776"}],"up":[{"embeddable":true,"href":"https:\/\/obera.fr\/pl\/wp-json\/wp\/v2\/pages\/48657"}],"wp:featuredmedia":[{"embeddable":true,"href":"https:\/\/obera.fr\/pl\/wp-json\/wp\/v2\/media\/83746"}],"wp:attachment":[{"href":"https:\/\/obera.fr\/pl\/wp-json\/wp\/v2\/media?parent=48701"}],"curies":[{"name":"wp","href":"https:\/\/api.w.org\/{rel}","templated":true}]}}