{"id":48726,"date":"2020-08-26T12:33:34","date_gmt":"2020-08-26T10:33:34","guid":{"rendered":"https:\/\/obera.fr\/nasze-produkty\/przemyslowe-rurociagi-ssace\/"},"modified":"2025-04-22T09:38:51","modified_gmt":"2025-04-22T07:38:51","slug":"tuyauteries-industrielles","status":"publish","type":"page","link":"https:\/\/obera.fr\/pl\/produits\/tuyauteries-industrielles\/","title":{"rendered":"Przemys\u0142owe ruroci\u0105gi ss\u0105ce"},"content":{"rendered":"\n<p>Przemys\u0142owa instalacja odci\u0105gowa jest kluczowym elementem przemys\u0142owego oczyszczania powietrza, poniewa\u017c s\u0142u\u017cy do transportu r\u00f3\u017cnych zanieczyszcze\u0144, takich jak opary, py\u0142y, gazy spalinowe itp. Wyb\u00f3r odpowiedniego orurowania ma jednak zasadnicze znaczenie dla zapewnienia optymalnej wydajno\u015bci systemu odci\u0105gowego. <\/p>\n\n<p>Szeroka gama przewod\u00f3w rurowych do transportu py\u0142u i zanieczyszcze\u0144.<\/p>\n\n<h2 class=\"wp-block-heading\">Nasz asortyment rur ss\u0105cych<\/h2>\n\n<div class=\"wp-block-columns is-layout-flex wp-container-core-columns-is-layout-28f84493 wp-block-columns-is-layout-flex\">\n<div class=\"wp-block-column is-layout-flow wp-block-column-is-layout-flow\">\n<h3 class=\"wp-block-heading has-text-align-center\"><a href=\"https:\/\/obera.fr\/pl\/produits\/tuyauteries-industrielles\/gaines-lisses-acier\/\"><br\/>G\u0142adkie kana\u0142y stalowe Sie\u0107 wysokoci\u015bnieniowa<\/a><\/h3>\n\n\n\n<figure class=\"wp-block-image aligncenter size-medium is-resized\"><a href=\"https:\/\/obera.fr\/produits\/tuyauteries-industrielles\/gaines-lisses-acier\/\"><img decoding=\"async\" width=\"300\" height=\"300\" src=\"https:\/\/obera.fr\/wp-content\/uploads\/2020\/11\/Gaines-lisses-300x300.jpg\" alt=\"G&#x142;adkie os&#x142;ony\" class=\"wp-image-1735\" style=\"width:225px;height:225px\" srcset=\"https:\/\/obera.fr\/wp-content\/uploads\/2020\/11\/Gaines-lisses-300x300.jpg 300w, https:\/\/obera.fr\/wp-content\/uploads\/2020\/11\/Gaines-lisses-150x150.jpg 150w, https:\/\/obera.fr\/wp-content\/uploads\/2020\/11\/Gaines-lisses.jpg 433w\" sizes=\"(max-width: 300px) 100vw, 300px\" \/><\/a><\/figure>\n<\/div>\n\n\n\n<div class=\"wp-block-column is-layout-flow wp-block-column-is-layout-flow\">\n<h3 class=\"wp-block-heading has-text-align-center\"><a href=\"https:\/\/obera.fr\/pl\/produits\/tuyauteries-industrielles\/gaines-spiralees\/\">Przewody spiralne do odprowadzania opar\u00f3w i dym\u00f3w<\/a><\/h3>\n\n\n\n<figure class=\"wp-block-image aligncenter size-large is-resized\"><a href=\"https:\/\/obera.fr\/produits\/tuyauteries-industrielles\/gaines-spiralees\/\"><img decoding=\"async\" src=\"https:\/\/obera.fr\/wp-content\/uploads\/2024\/02\/sr.webp\" alt=\"Spiralne os&#x142;ony\" style=\"aspect-ratio:1;width:223px;height:auto\"\/><\/a><\/figure>\n<\/div>\n\n\n\n<div class=\"wp-block-column is-layout-flow wp-block-column-is-layout-flow\">\n<h3 class=\"wp-block-heading has-text-align-center\"><a href=\"https:\/\/obera.fr\/pl\/produits\/tuyauteries-industrielles\/basse-moyenne-haute-pression\/\">Nisko-, \u015brednio- i wysokoci\u015bnieniowe przewody odpylaj\u0105ce<\/a><\/h3>\n\n\n\n<figure class=\"wp-block-image aligncenter size-medium is-resized\"><a href=\"https:\/\/obera.fr\/produits\/tuyauteries-industrielles\/basse-moyenne-haute-pression\/\"><img decoding=\"async\" width=\"220\" height=\"300\" src=\"https:\/\/obera.fr\/wp-content\/uploads\/2020\/11\/Tuyauterie-basse-moyenne-haute-pression-220x300.jpg\" alt=\"Niskie &#x15A;rednie Wysokie Ci&#x15B;nienie\" class=\"wp-image-1734\" style=\"width:165px;height:225px\" srcset=\"https:\/\/obera.fr\/wp-content\/uploads\/2020\/11\/Tuyauterie-basse-moyenne-haute-pression-220x300.jpg 220w, https:\/\/obera.fr\/wp-content\/uploads\/2020\/11\/Tuyauterie-basse-moyenne-haute-pression.jpg 428w\" sizes=\"(max-width: 220px) 100vw, 220px\" \/><\/a><\/figure>\n<\/div>\n<\/div>\n\n<p>Istnieje kilka rodzaj\u00f3w ruroci\u0105g\u00f3w przemys\u0142owych, w tym kana\u0142y spiralne, kana\u0142y g\u0142adkie oraz ruroci\u0105gi nisko-, \u015brednio- i wysokoci\u015bnieniowe. Ka\u017cdy z tych typ\u00f3w ruroci\u0105g\u00f3w oferuje okre\u015blone zalety i wady w zale\u017cno\u015bci od potrzeb danego zastosowania. <\/p>\n\n<h3 class=\"wp-block-heading\">G\u0142adkie os\u0142ony<\/h3>\n\n<p>G\u0142adkie kana\u0142y oferuj\u0105 niski op\u00f3r przep\u0142ywu, zapewniaj\u0105c maksymaln\u0105 wydajno\u015b\u0107 ssania. S\u0105 r\u00f3wnie\u017c \u0142atwe w czyszczeniu, dzi\u0119ki czemu idealnie nadaj\u0105 si\u0119 do zastosowa\u0144, w kt\u00f3rych higiena jest najwa\u017cniejsza. S\u0105 one jednak mniej elastyczne ni\u017c przewody spiralne, co mo\u017ce utrudnia\u0107 instalacj\u0119.  <\/p>\n\n<h3 class=\"wp-block-heading\">Spiralne os\u0142ony<\/h3>\n\n<p>Przewody spiralne s\u0105 idealne do zastosowa\u0144 wymagaj\u0105cych wysokiej elastyczno\u015bci, poniewa\u017c mo\u017cna je zgina\u0107 i skr\u0119ca\u0107 bez p\u0119kania lub deformacji. S\u0105 one r\u00f3wnie\u017c odporne na wibracje i wstrz\u0105sy, dzi\u0119ki czemu nadaj\u0105 si\u0119 do stosowania w \u015brodowiskach o du\u017cym nat\u0119\u017ceniu ruchu. Kana\u0142y spiralne charakteryzuj\u0105 si\u0119 jednak wy\u017cszym oporem przep\u0142ywu ni\u017c kana\u0142y g\u0142adkie, co mo\u017ce prowadzi\u0107 do strat ci\u015bnienia i zmniejszenia wydajno\u015bci ssania.  <\/p>\n\n<h3 class=\"wp-block-heading\">Przewody nisko-, \u015brednio- i wysokoci\u015bnieniowe<\/h3>\n\n<p>Wreszcie, przewody nisko-, \u015brednio- i wysokoci\u015bnieniowe oferuj\u0105 okre\u015blone korzy\u015bci w zale\u017cno\u015bci od potrzeb danego zastosowania. Przewody niskoci\u015bnieniowe s\u0105 odpowiednie do zastosowa\u0144, w kt\u00f3rych ci\u015bnienie ssania jest niskie, podczas gdy przewody \u015brednio- i wysokoci\u015bnieniowe s\u0105 wymagane do zastosowa\u0144, w kt\u00f3rych ci\u015bnienie ssania jest wy\u017csze. Wyb\u00f3r odpowiedniego orurowania jest zatem niezb\u0119dny do zapewnienia optymalnej wydajno\u015bci systemu ss\u0105cego.  <\/p>\n\n<h2 class=\"wp-block-heading\">Wnioski<\/h2>\n\n<p>Podsumowuj\u0105c, wyb\u00f3r odpowiedniego orurowania przemys\u0142owego ma zasadnicze znaczenie dla zapewnienia optymalnej wydajno\u015bci systemu zasysania w przemys\u0142owej obr\u00f3bce powietrza. Przewody spiralne, przewody g\u0142adkie oraz przewody nisko-, \u015brednio- i wysokoci\u015bnieniowe oferuj\u0105 okre\u015blone zalety w zale\u017cno\u015bci od potrzeb danego zastosowania i wa\u017cne jest, aby dok\u0142adnie rozwa\u017cy\u0107 ka\u017cd\u0105 opcj\u0119 przed dokonaniem ostatecznego wyboru. <\/p>\n\n<div class=\"wp-block-buttons is-horizontal is-content-justification-center is-layout-flex wp-container-core-buttons-is-layout-03627597 wp-block-buttons-is-layout-flex\">\n<div class=\"wp-block-button has-custom-width wp-block-button__width-100\"><a class=\"wp-block-button__link wp-element-button\" href=\"https:\/\/obera.fr\/pl\/skontaktuj-sie-z-nami\/\">Dowiedz si\u0119 wi\u0119cej<\/a><\/div>\n<\/div>\n","protected":false},"excerpt":{"rendered":"<p>Przemys\u0142owa instalacja odci\u0105gowa jest kluczowym elementem przemys\u0142owego oczyszczania powietrza, poniewa\u017c s\u0142u\u017cy do transportu r\u00f3\u017cnych zanieczyszcze\u0144, takich jak opary, py\u0142y, gazy spalinowe itp. Wyb\u00f3r odpowiedniego orurowania ma jednak zasadnicze znaczenie dla zapewnienia optymalnej wydajno\u015bci systemu odci\u0105gowego. Szeroka gama przewod\u00f3w rurowych do transportu py\u0142u i zanieczyszcze\u0144. Nasz asortyment rur ss\u0105cych G\u0142adkie kana\u0142y stalowe Sie\u0107 wysokoci\u015bnieniowa Przewody spiralne do odprowadzania opar\u00f3w i dym\u00f3w Nisko-, \u015brednio- i wysokoci\u015bnieniowe przewody odpylaj\u0105ce Istnieje kilka rodzaj\u00f3w ruroci\u0105g\u00f3w przemys\u0142owych, w tym kana\u0142y spiralne, kana\u0142y g\u0142adkie oraz ruroci\u0105gi nisko-, \u015brednio- i wysokoci\u015bnieniowe. Ka\u017cdy z tych typ\u00f3w ruroci\u0105g\u00f3w oferuje okre\u015blone zalety i wady w zale\u017cno\u015bci od potrzeb danego zastosowania. G\u0142adkie &#8230; <\/p>\n<p class=\"read-more-container\"><a title=\"Przemys\u0142owe ruroci\u0105gi ss\u0105ce\" class=\"read-more button\" href=\"https:\/\/obera.fr\/pl\/produits\/tuyauteries-industrielles\/#more-48726\" aria-label=\"Dowiedz si\u0119 wi\u0119cej o Przemys\u0142owe ruroci\u0105gi ss\u0105ce\">Lire la suite<\/a><\/p>\n","protected":false},"author":4,"featured_media":83746,"parent":38133,"menu_order":11,"comment_status":"closed","ping_status":"closed","template":"","meta":{"_acf_changed":false,"_seopress_robots_primary_cat":"","_seopress_titles_title":"Tuyauteries industrielles: acheminer poussi\u00e8res \/ polluants","_seopress_titles_desc":"Une large gamme de tuyauterie afin d\u2019acheminer les poussi\u00e8res et polluants : Gaines lisses en acier, spiral\u00e9es et tuyauterie basse, moyenne et haute pression.","_seopress_robots_index":"","footnotes":""},"class_list":{"0":"post-48726","1":"page","2":"type-page","3":"status-publish","4":"has-post-thumbnail","6":"no-featured-image-padding","7":"resize-featured-image"},"acf":[],"_links":{"self":[{"href":"https:\/\/obera.fr\/pl\/wp-json\/wp\/v2\/pages\/48726","targetHints":{"allow":["GET"]}}],"collection":[{"href":"https:\/\/obera.fr\/pl\/wp-json\/wp\/v2\/pages"}],"about":[{"href":"https:\/\/obera.fr\/pl\/wp-json\/wp\/v2\/types\/page"}],"author":[{"embeddable":true,"href":"https:\/\/obera.fr\/pl\/wp-json\/wp\/v2\/users\/4"}],"replies":[{"embeddable":true,"href":"https:\/\/obera.fr\/pl\/wp-json\/wp\/v2\/comments?post=48726"}],"version-history":[{"count":3,"href":"https:\/\/obera.fr\/pl\/wp-json\/wp\/v2\/pages\/48726\/revisions"}],"predecessor-version":[{"id":65800,"href":"https:\/\/obera.fr\/pl\/wp-json\/wp\/v2\/pages\/48726\/revisions\/65800"}],"up":[{"embeddable":true,"href":"https:\/\/obera.fr\/pl\/wp-json\/wp\/v2\/pages\/38133"}],"wp:featuredmedia":[{"embeddable":true,"href":"https:\/\/obera.fr\/pl\/wp-json\/wp\/v2\/media\/83746"}],"wp:attachment":[{"href":"https:\/\/obera.fr\/pl\/wp-json\/wp\/v2\/media?parent=48726"}],"curies":[{"name":"wp","href":"https:\/\/api.w.org\/{rel}","templated":true}]}}