{"id":48852,"date":"2020-08-26T13:07:03","date_gmt":"2020-08-26T11:07:03","guid":{"rendered":"https:\/\/obera.fr\/nasze-produkty\/przemyslowe-rurociagi-ssace\/spiralne-oslony\/"},"modified":"2025-06-03T13:57:29","modified_gmt":"2025-06-03T11:57:29","slug":"gaines-spiralees","status":"publish","type":"page","link":"https:\/\/obera.fr\/pl\/produits\/tuyauteries-industrielles\/gaines-spiralees\/","title":{"rendered":"Spiralne os\u0142ony"},"content":{"rendered":"\n<div class=\"wp-block-columns is-layout-flex wp-container-core-columns-is-layout-28f84493 wp-block-columns-is-layout-flex\">\n<div class=\"wp-block-column is-layout-flow wp-block-column-is-layout-flow\" style=\"flex-basis:33.33%\">\n<figure class=\"wp-block-image aligncenter size-large\"><a href=\"https:\/\/obera.fr\/wp-content\/uploads\/2024\/02\/sr.webp\"><img decoding=\"async\" src=\"https:\/\/obera.fr\/wp-content\/uploads\/2024\/02\/sr.webp\" alt=\"Spiralne os\u0142ony\"\/><\/a><figcaption class=\"wp-element-caption\">Kana\u0142y spiralne<\/figcaption><\/figure>\n<\/div>\n\n\n\n<div class=\"wp-block-column is-layout-flow wp-block-column-is-layout-flow\" style=\"flex-basis:66.66%\">\n<p>Systemy <a href=\"https:\/\/obera.fr\/pl\/produits\/tuyauteries-industrielles\/\" data-type=\"page\" data-id=\"380\">ruroci\u0105g\u00f3w<\/a> wychwytuj\u0105 emisje py\u0142\u00f3w i dym\u00f3w u \u017ar\u00f3d\u0142a i przekazuj\u0105 je do system\u00f3w odpylania i filtracji, zgodnie z podstawowymi zasadami aerodynamiki.<\/p>\n\n\n\n<p>OberA oferuje szerok\u0105 gam\u0119 wytrzyma\u0142ych, wysokiej jako\u015bci <strong>kana\u0142\u00f3w spiralnych<\/strong>, kt\u00f3re mo\u017cna precyzyjnie i elastycznie dostosowa\u0107 do konkretnych wymaga\u0144 w zakresie zasysania.<\/p>\n\n\n\n<p>Aby uzyska\u0107 maksymaln\u0105 moc ssania i zoptymalizowa\u0107 koszty energii, konieczne jest precyzyjne zwymiarowanie sieci rur.<\/p>\n\n\n\n<div style=\"height:30px\" aria-hidden=\"true\" class=\"wp-block-spacer\"><\/div>\n\n\n\n<div class=\"wp-block-columns is-layout-flex wp-container-core-columns-is-layout-28f84493 wp-block-columns-is-layout-flex\">\n<div class=\"wp-block-column is-layout-flow wp-block-column-is-layout-flow\" style=\"flex-basis:33.34%\">\n<div class=\"wp-block-buttons is-horizontal is-content-justification-right is-layout-flex wp-container-core-buttons-is-layout-30af2ff6 wp-block-buttons-is-layout-flex\">\n<div class=\"wp-block-button\"><a class=\"wp-block-button__link wp-element-button\" href=\"https:\/\/obera.fr\/wp-content\/uploads\/2025\/06\/brochure-gaine-spiralee-en.pdf\">Pobierz kart\u0119 produktu<\/a><\/div>\n<\/div>\n<\/div>\n\n\n\n<div class=\"wp-block-column is-layout-flow wp-block-column-is-layout-flow\" style=\"flex-basis:33.34%\">\n<div class=\"wp-block-buttons is-horizontal is-content-justification-center is-layout-flex wp-container-core-buttons-is-layout-03627597 wp-block-buttons-is-layout-flex\">\n<div class=\"wp-block-button has-custom-width wp-block-button__width-100\"><a class=\"wp-block-button__link wp-element-button\" href=\"https:\/\/obera.fr\/pl\/skontaktuj-sie-z-nami\/\">Dowiedz si\u0119 wi\u0119cej<\/a><\/div>\n<\/div>\n<\/div>\n\n\n\n<div class=\"wp-block-column is-layout-flow wp-block-column-is-layout-flow\" style=\"flex-basis:33.33%\">\n<div class=\"wp-block-buttons is-content-justification-center is-layout-flex wp-container-core-buttons-is-layout-a89b3969 wp-block-buttons-is-layout-flex\">\n<div class=\"wp-block-button btn-devis-source\"><a class=\"wp-block-button__link wp-element-button\" href=\"https:\/\/obera.fr\/pl\/devis\/\">Popro\u015b o wycen\u0119<\/a><\/div>\n<\/div>\n\n\n<script>\r\ndocument.addEventListener('DOMContentLoaded', function() {\r\n    \/\/ 1. On cherche le titre H1 de la page\r\n    var h1 = document.querySelector('h1');\r\n    var productTitle = h1 ? h1.innerText.trim() : \"\";\r\n\r\n    \/\/ 2. On cherche les boutons via la classe CSS .btn-devis-source\r\n    var buttons = document.querySelectorAll('.btn-devis-source a');\r\n\r\n    \/\/ 3. Si on a le titre et les boutons, on ajoute le param\u00e8tre\r\n    if (buttons.length > 0 && productTitle !== \"\") {\r\n        var encodedTitle = encodeURIComponent(productTitle);\r\n\r\n        buttons.forEach(function(btn) {\r\n            var currentHref = btn.getAttribute('href');\r\n            \r\n            \/\/ S\u00e9curit\u00e9 pour ne pas ajouter le param\u00e8tre 2 fois\r\n            if (currentHref.indexOf('sujet=') === -1) {\r\n                var separator = currentHref.indexOf('?') !== -1 ? '&' : '?';\r\n                var newLink = currentHref + separator + 'sujet=' + encodedTitle;\r\n                \r\n                btn.setAttribute('href', newLink);\r\n            }\r\n        });\r\n    }\r\n});\r\n<\/script><\/div>\n<\/div>\n\n\n\n<p><\/p>\n<\/div>\n<\/div>\n\n\n\n<h2 class=\"wp-block-heading\">Zalety os\u0142on spiralnych<\/h2>\n\n\n\n<div class=\"wp-block-columns is-layout-flex wp-container-core-columns-is-layout-28f84493 wp-block-columns-is-layout-flex\">\n<div class=\"wp-block-column is-layout-flow wp-block-column-is-layout-flow\">\n<h3 class=\"wp-block-heading has-text-align-center\"><strong>Korzy\u015bci<\/strong><\/h3>\n\n\n\n<ul class=\"wp-block-list\">\n<li>Szeroki zakres<\/li>\n\n\n\n<li>Optymalny przep\u0142yw<\/li>\n\n\n\n<li>Wytrzyma\u0142y<\/li>\n\n\n\n<li>\u0141atwy monta\u017c<\/li>\n<\/ul>\n<\/div>\n\n\n\n<div class=\"wp-block-column is-layout-flow wp-block-column-is-layout-flow\">\n<h3 class=\"wp-block-heading has-text-align-center\"><strong>Funkcje specjalne<\/strong><\/h3>\n\n\n\n<ul class=\"wp-block-list\">\n<li>Stal ocynkowana elektrolitycznie zgodnie z norm\u0105 EN 12237<\/li>\n\n\n\n<li>Standardowe d\u0142ugo\u015bci do 3,0 m<\/li>\n\n\n\n<li>Od d71 mm do d450 mm z magazynu<\/li>\n\n\n\n<li>Grubo\u015b\u0107 od 4\/10 mm do 12\/10 mm w zale\u017cno\u015bci od \u015brednicy<\/li>\n<\/ul>\n\n\n\n<div style=\"height:38px\" aria-hidden=\"true\" class=\"wp-block-spacer\"><\/div>\n<\/div>\n\n\n\n<div class=\"wp-block-column is-layout-flow wp-block-column-is-layout-flow\">\n<h3 class=\"wp-block-heading has-text-align-center\"><strong>Cechy<\/strong><\/h3>\n\n\n\n<ul class=\"wp-block-list\">\n<li>System ruroci\u0105g\u00f3w w \u015brednim zakresie ci\u015bnie\u0144<\/li>\n\n\n\n<li>Ci\u015bnienie lub podci\u015bnienie<\/li>\n<\/ul>\n<\/div>\n<\/div>\n\n\n\n<div class=\"wp-block-columns is-layout-flex wp-container-core-columns-is-layout-28f84493 wp-block-columns-is-layout-flex\">\n<div class=\"wp-block-column is-layout-flow wp-block-column-is-layout-flow\"><\/div>\n\n\n\n<div class=\"wp-block-column is-layout-flow wp-block-column-is-layout-flow\">\n<div class=\"wp-block-buttons is-content-justification-center is-layout-flex wp-container-core-buttons-is-layout-a89b3969 wp-block-buttons-is-layout-flex\">\n<div class=\"wp-block-button\"><a class=\"wp-block-button__link wp-element-button\" href=\"https:\/\/obera.fr\/contact\/\">ZAM\u00d3W CENNIK<\/a><\/div>\n<\/div>\n<\/div>\n\n\n\n<div class=\"wp-block-column is-layout-flow wp-block-column-is-layout-flow\"><\/div>\n<\/div>\n\n\n\n<h2 class=\"wp-block-heading\">Zastosowania<\/h2>\n\n\n\n<div class=\"wp-block-columns is-layout-flex wp-container-core-columns-is-layout-28f84493 wp-block-columns-is-layout-flex\">\n<div class=\"wp-block-column is-layout-flow wp-block-column-is-layout-flow\">\n<h3 class=\"wp-block-heading has-text-align-center\">Zanieczyszczenia<\/h3>\n\n\n\n<hr class=\"wp-block-separator has-css-opacity is-style-wide\"\/>\n\n\n\n<div class=\"wp-block-columns is-layout-flex wp-container-core-columns-is-layout-28f84493 wp-block-columns-is-layout-flex\">\n<div class=\"wp-block-column is-layout-flow wp-block-column-is-layout-flow\">\n<figure class=\"wp-block-image aligncenter size-large\"><img decoding=\"async\" width=\"70\" height=\"70\" src=\"https:\/\/obera.fr\/wp-content\/uploads\/2020\/08\/polluants-poussieres.jpg\" alt=\"Zanieczyszczenia Py\u0142\" class=\"wp-image-675\"\/><figcaption class=\"wp-element-caption\">Opary<\/figcaption><\/figure>\n\n\n\n<figure class=\"wp-block-image aligncenter size-large\"><img decoding=\"async\" width=\"70\" height=\"70\" src=\"https:\/\/obera.fr\/wp-content\/uploads\/2020\/08\/industrie-odeur.jpg\" alt=\"Zapach przemys\u0142owy\" class=\"wp-image-723\"\/><figcaption class=\"wp-element-caption\">Zapachy<\/figcaption><\/figure>\n\n\n\n<figure class=\"wp-block-image aligncenter size-large\"><img decoding=\"async\" width=\"70\" height=\"70\" src=\"https:\/\/obera.fr\/wp-content\/uploads\/2020\/08\/industrie-brouillard-huile.jpg\" alt=\"Przemys\u0142owy olej przeciwmgielny\" class=\"wp-image-721\"\/><figcaption class=\"wp-element-caption\">Mg\u0142a olejowa<\/figcaption><\/figure>\n<\/div>\n\n\n\n<div class=\"wp-block-column is-layout-flow wp-block-column-is-layout-flow\">\n<figure class=\"wp-block-image aligncenter size-large\"><img decoding=\"async\" width=\"70\" height=\"70\" src=\"https:\/\/obera.fr\/wp-content\/uploads\/2020\/08\/industrie-fumees.jpg\" alt=\"Dym przemys\u0142owy\" class=\"wp-image-722\"\/><figcaption class=\"wp-element-caption\">Opary<\/figcaption><\/figure>\n\n\n\n<figure class=\"wp-block-image aligncenter size-large\"><img decoding=\"async\" width=\"70\" height=\"70\" src=\"https:\/\/obera.fr\/wp-content\/uploads\/2020\/09\/cov.png\" alt=\"Cov\" class=\"wp-image-959\"\/><figcaption class=\"wp-element-caption\">VOCS<\/figcaption><\/figure>\n\n\n\n<figure class=\"wp-block-image aligncenter size-large\"><img decoding=\"async\" width=\"70\" height=\"70\" src=\"https:\/\/obera.fr\/wp-content\/uploads\/2020\/08\/polluants-copeaux-bois.jpg\" alt=\"Zanieczyszczenia Zr\u0119bki drzewne\" class=\"wp-image-674\"\/><figcaption class=\"wp-element-caption\">Chipsy<\/figcaption><\/figure>\n<\/div>\n<\/div>\n<\/div>\n\n\n\n<div class=\"wp-block-column is-layout-flow wp-block-column-is-layout-flow\">\n<h3 class=\"wp-block-heading has-text-align-center\">Bran\u017ce<\/h3>\n\n\n\n<hr class=\"wp-block-separator has-css-opacity is-style-wide\"\/>\n\n\n\n<div class=\"wp-block-columns is-layout-flex wp-container-core-columns-is-layout-28f84493 wp-block-columns-is-layout-flex\">\n<div class=\"wp-block-column is-layout-flow wp-block-column-is-layout-flow\">\n<figure class=\"wp-block-image aligncenter size-large\"><img decoding=\"async\" width=\"70\" height=\"70\" src=\"https:\/\/obera.fr\/wp-content\/uploads\/2020\/08\/industrie-metallurgie.jpg\" alt=\"Przemys\u0142 metalurgiczny\" class=\"wp-image-673\"\/><figcaption class=\"wp-element-caption\">Metalurgia<\/figcaption><\/figure>\n\n\n\n<figure class=\"wp-block-image aligncenter size-large\"><img decoding=\"async\" width=\"70\" height=\"70\" src=\"https:\/\/obera.fr\/wp-content\/uploads\/2020\/08\/industrie-chimie.jpg\" alt=\"Przemys\u0142 chemiczny\" class=\"wp-image-725\"\/><figcaption class=\"wp-element-caption\">Chemikalia\/Petrochemikalia<\/figcaption><\/figure>\n\n\n\n<figure class=\"wp-block-image aligncenter size-large\"><img decoding=\"async\" width=\"70\" height=\"70\" src=\"https:\/\/obera.fr\/wp-content\/uploads\/2020\/08\/industrie-minerai.jpg\" alt=\"Przemys\u0142 rudy\" class=\"wp-image-724\"\/><figcaption class=\"wp-element-caption\">Minera\u0142y<\/figcaption><\/figure>\n\n\n\n<figure class=\"wp-block-image aligncenter size-large\"><img decoding=\"async\" width=\"70\" height=\"70\" src=\"https:\/\/obera.fr\/wp-content\/uploads\/2020\/08\/industrie-papier-carton.jpg\" alt=\"Przemys\u0142 papierniczy i tekturowy\" class=\"wp-image-670\"\/><figcaption class=\"wp-element-caption\">Papier\/karton<\/figcaption><\/figure>\n<\/div>\n\n\n\n<div class=\"wp-block-column is-layout-flow wp-block-column-is-layout-flow\">\n<figure class=\"wp-block-image aligncenter size-large\"><img decoding=\"async\" width=\"70\" height=\"70\" src=\"https:\/\/obera.fr\/wp-content\/uploads\/2020\/08\/industrie-plastique.jpg\" alt=\"Przemys\u0142 tworzyw sztucznych\" class=\"wp-image-669\"\/><figcaption class=\"wp-element-caption\">Tworzywa sztuczne<\/figcaption><\/figure>\n\n\n\n<figure class=\"wp-block-image aligncenter size-large\"><img decoding=\"async\" width=\"70\" height=\"70\" src=\"https:\/\/obera.fr\/wp-content\/uploads\/2020\/08\/industrie-bois.jpg\" alt=\"Przemys\u0142 drzewny\" class=\"wp-image-672\"\/><figcaption class=\"wp-element-caption\">Obr\u00f3bka drewna<\/figcaption><\/figure>\n\n\n\n<figure class=\"wp-block-image aligncenter size-large\"><img decoding=\"async\" width=\"70\" height=\"70\" src=\"https:\/\/obera.fr\/wp-content\/uploads\/2020\/08\/industrie-textile.jpg\" alt=\"Przemys\u0142 w\u0142\u00f3kienniczy\" class=\"wp-image-671\"\/><figcaption class=\"wp-element-caption\">Tekstylia<\/figcaption><\/figure>\n\n\n\n<figure class=\"wp-block-image aligncenter size-large\"><img decoding=\"async\" width=\"70\" height=\"70\" src=\"https:\/\/obera.fr\/wp-content\/uploads\/2020\/08\/industrie-dechets.jpg\" alt=\"Odpady przemys\u0142owe\" class=\"wp-image-726\"\/><figcaption class=\"wp-element-caption\">Zbieranie i sortowanie odpad\u00f3w<\/figcaption><\/figure>\n<\/div>\n<\/div>\n<\/div>\n<\/div>\n\n\n\n<h2 class=\"wp-block-heading\">Opcjonalnie<\/h2>\n\n\n\n<div class=\"wp-block-columns is-layout-flex wp-container-core-columns-is-layout-28f84493 wp-block-columns-is-layout-flex\">\n<div class=\"wp-block-column is-layout-flow wp-block-column-is-layout-flow\">\n<figure class=\"wp-block-image aligncenter size-large\"><img decoding=\"async\" width=\"100\" height=\"100\" src=\"https:\/\/obera.fr\/wp-content\/uploads\/2020\/08\/logo-atex.jpg\" alt=\"Logo Atex\" class=\"wp-image-668\"\/><figcaption class=\"wp-element-caption\">ATEX<\/figcaption><\/figure>\n<\/div>\n\n\n\n<div class=\"wp-block-column is-layout-flow wp-block-column-is-layout-flow\">\n<figure class=\"wp-block-image aligncenter size-large\"><img decoding=\"async\" width=\"100\" height=\"100\" src=\"https:\/\/obera.fr\/wp-content\/uploads\/2020\/09\/lumiere-integree.jpg\" alt=\"Zintegrowane \u015bwiat\u0142o\" class=\"wp-image-973\"\/><figcaption class=\"wp-element-caption\">Zintegrowane \u015bwiat\u0142o<\/figcaption><\/figure>\n<\/div>\n\n\n\n<div class=\"wp-block-column is-layout-flow wp-block-column-is-layout-flow\"><\/div>\n\n\n\n<div class=\"wp-block-column is-layout-flow wp-block-column-is-layout-flow\"><\/div>\n<\/div>\n\n\n\n<div class=\"wp-block-buttons is-horizontal is-content-justification-center is-layout-flex wp-container-core-buttons-is-layout-03627597 wp-block-buttons-is-layout-flex\">\n<div class=\"wp-block-button has-custom-width wp-block-button__width-100\"><a class=\"wp-block-button__link wp-element-button\" href=\"https:\/\/obera.fr\/pl\/skontaktuj-sie-z-nami\/\">Dowiedz si\u0119 wi\u0119cej<\/a><\/div>\n<\/div>\n\n\n\n<hr class=\"wp-block-separator has-css-opacity is-style-dots\"\/>\n\n\n\n<h2 class=\"wp-block-heading\">Inne produkty z zakresu orurowania przemys\u0142owego<\/h2>\n\n\n\n<div class=\"wp-block-columns is-layout-flex wp-container-core-columns-is-layout-28f84493 wp-block-columns-is-layout-flex\">\n<div class=\"wp-block-column is-layout-flow wp-block-column-is-layout-flow\">\n<figure class=\"wp-block-image aligncenter size-thumbnail\"><a href=\"https:\/\/obera.fr\/produits\/tuyauteries-industrielles\/gaines-lisses-acier\/\"><img decoding=\"async\" width=\"150\" height=\"150\" src=\"https:\/\/obera.fr\/wp-content\/uploads\/2020\/11\/Gaines-lisses-150x150.jpg\" alt=\"G\u0142adkie os\u0142ony\" class=\"wp-image-1735\" srcset=\"https:\/\/obera.fr\/wp-content\/uploads\/2020\/11\/Gaines-lisses-150x150.jpg 150w, https:\/\/obera.fr\/wp-content\/uploads\/2020\/11\/Gaines-lisses-300x300.jpg 300w, https:\/\/obera.fr\/wp-content\/uploads\/2020\/11\/Gaines-lisses.jpg 433w\" sizes=\"(max-width: 150px) 100vw, 150px\" \/><\/a><figcaption class=\"wp-element-caption\">G\u0142adkie os\u0142ony<\/figcaption><\/figure>\n<\/div>\n\n\n\n<div class=\"wp-block-column is-layout-flow wp-block-column-is-layout-flow\">\n<figure class=\"wp-block-image aligncenter size-thumbnail\"><a href=\"https:\/\/obera.fr\/produits\/tuyauteries-industrielles\/basse-moyenne-haute-pression\/\"><img decoding=\"async\" width=\"150\" height=\"150\" src=\"https:\/\/obera.fr\/wp-content\/uploads\/2020\/11\/Tuyauterie-basse-moyenne-haute-pression-150x150.jpg\" alt=\"Niskie \u015arednie Wysokie Ci\u015bnienie\" class=\"wp-image-1734\"\/><\/a><figcaption class=\"wp-element-caption\">Niskie \u015arednie Wysokie Ci\u015bnienie<\/figcaption><\/figure>\n<\/div>\n<\/div>\n\n\n\n<p><\/p>\n","protected":false},"excerpt":{"rendered":"<p>Systemy ruroci\u0105g\u00f3w wychwytuj\u0105 emisje py\u0142\u00f3w i dym\u00f3w u \u017ar\u00f3d\u0142a i przekazuj\u0105 je do system\u00f3w odpylania i filtracji, zgodnie z podstawowymi zasadami aerodynamiki. OberA oferuje szerok\u0105 gam\u0119 wytrzyma\u0142ych, wysokiej jako\u015bci kana\u0142\u00f3w spiralnych, kt\u00f3re mo\u017cna precyzyjnie i elastycznie dostosowa\u0107 do konkretnych wymaga\u0144 w zakresie zasysania. Aby uzyska\u0107 maksymaln\u0105 moc ssania i zoptymalizowa\u0107 koszty energii, konieczne jest precyzyjne zwymiarowanie sieci rur. Zalety os\u0142on spiralnych Korzy\u015bci Funkcje specjalne Cechy Zastosowania Zanieczyszczenia Bran\u017ce Opcjonalnie Inne produkty z zakresu orurowania przemys\u0142owego<\/p>\n","protected":false},"author":4,"featured_media":83746,"parent":48726,"menu_order":0,"comment_status":"closed","ping_status":"closed","template":"","meta":{"_acf_changed":false,"_seopress_robots_primary_cat":"","_seopress_titles_title":"Systemy rurowe: kana\u0142y spiralne oberA","_seopress_titles_desc":"OBERA oferuje szerok\u0105 gam\u0119 wytrzyma\u0142ych, wysokiej jako\u015bci przewod\u00f3w spiralnych, spe\u0142niaj\u0105cych specyficzne wymagania w zakresie zasysania.","_seopress_robots_index":"","footnotes":""},"class_list":{"0":"post-48852","1":"page","2":"type-page","3":"status-publish","4":"has-post-thumbnail","6":"no-featured-image-padding","7":"resize-featured-image"},"acf":[],"_links":{"self":[{"href":"https:\/\/obera.fr\/pl\/wp-json\/wp\/v2\/pages\/48852","targetHints":{"allow":["GET"]}}],"collection":[{"href":"https:\/\/obera.fr\/pl\/wp-json\/wp\/v2\/pages"}],"about":[{"href":"https:\/\/obera.fr\/pl\/wp-json\/wp\/v2\/types\/page"}],"author":[{"embeddable":true,"href":"https:\/\/obera.fr\/pl\/wp-json\/wp\/v2\/users\/4"}],"replies":[{"embeddable":true,"href":"https:\/\/obera.fr\/pl\/wp-json\/wp\/v2\/comments?post=48852"}],"version-history":[{"count":6,"href":"https:\/\/obera.fr\/pl\/wp-json\/wp\/v2\/pages\/48852\/revisions"}],"predecessor-version":[{"id":108162,"href":"https:\/\/obera.fr\/pl\/wp-json\/wp\/v2\/pages\/48852\/revisions\/108162"}],"up":[{"embeddable":true,"href":"https:\/\/obera.fr\/pl\/wp-json\/wp\/v2\/pages\/48726"}],"wp:featuredmedia":[{"embeddable":true,"href":"https:\/\/obera.fr\/pl\/wp-json\/wp\/v2\/media\/83746"}],"wp:attachment":[{"href":"https:\/\/obera.fr\/pl\/wp-json\/wp\/v2\/media?parent=48852"}],"curies":[{"name":"wp","href":"https:\/\/api.w.org\/{rel}","templated":true}]}}